{"id":26612,"date":"2026-01-09T16:13:39","date_gmt":"2026-01-09T13:13:39","guid":{"rendered":"https:\/\/www.facecorner.lv\/?post_type=product&#038;p=26612"},"modified":"2026-02-28T19:05:35","modified_gmt":"2026-02-28T16:05:35","slug":"biodance-caviar-pdrn-atjaunojosa-hidrogela-maska-ar-ikru-kompleksu-un-pdrn","status":"publish","type":"product","link":"https:\/\/www.facecorner.lv\/lv\/shop\/biodance-caviar-pdrn-atjaunojosa-hidrogela-maska-ar-ikru-kompleksu-un-pdrn\/","title":{"rendered":"BIODANCE Caviar PDRN atjaunojo\u0161a hidrog\u0113la maska ar ikru kompleksu un PDRN"},"content":{"rendered":"<p>Atkl\u0101jiet greznu kop\u0161anu ar BIODANCE Caviar PDRN \u2014 masku, kas apvieno ikru sp\u0113ku un inovat\u012bvo PDRN komponentu, lai dzi\u013ci atjaunotu \u0101du un nodro\u0161in\u0101tu izteiktu liftinga efektu.<\/p>\n<p>\u0160\u012b hidrog\u0113la maska ir bag\u0101ta ar barojo\u0161\u0101m viel\u0101m un prote\u012bniem no ikriem, kas stiprina \u0101das barjeru, padara \u0101du elast\u012bg\u0101ku un mirdzo\u0161\u0101ku.<\/p>\n<p>Kombin\u0101cij\u0101 ar PDRN (polideoksiribonukleot\u012bdu), kas ir paz\u012bstams ar to, ka atbalsta dabisko \u0101das atjauno\u0161anos un stiprina dzi\u013co strukt\u016bru iztur\u012bbu, maska pal\u012bdz atjaunot \u0101das vitalit\u0101ti un uzlabot t\u0101s tekst\u016bru.<\/p>\n<ul>\n<li>\u00a0Divk\u0101r\u0161s efekts: baro un stiprina \u0101das virsmu + dzi\u013ci atjauno strukt\u016bru<\/li>\n<li><span style=\"font-size: 16px;\">Intens\u012bva mitrin\u0101\u0161ana: pateicoties koncentr\u0113tajai formulai un prec\u012bzam hidro\u0123ela kontaktam ar \u0101du<\/span><\/li>\n<li>Sp\u012bdums un elast\u012bba: \u0101da k\u013c\u016bst glud\u0101ka, sp\u012bd\u012bg\u0101ka un vizu\u0101li nostiepta<\/li>\n<li>Nostiprina aizsargbarjeru: pal\u012bdz \u0101dai palikt vesel\u012bgai un iztur\u012bgai pret \u0101r\u0113jiem faktoriem<\/li>\n<li>Hipoaler\u0123iska formula: bez agres\u012bviem komponentiem, piem\u0113rota liel\u0101kajai da\u013cai \u0101das tipu, tostarp jut\u012bgai \u0101dai*<\/li>\n<\/ul>\n<p><strong>Lieto\u0161ana:<\/strong> Uzkl\u0101jiet masku uz att\u012br\u012btas \u0101das p\u0113c toniz\u0113\u0161anas vai seruma uzkl\u0101\u0161anas. Atst\u0101jiet uz 3\u20134 stund\u0101m vai uz nakti, lai akt\u012bv\u0101s sast\u0101vda\u013cas maksim\u0101li ies\u016bktos. Maska pak\u0101peniski k\u013c\u016bst caursp\u012bd\u012bga \u2014 tas ir sign\u0101ls, ka akt\u012bv\u0101s sast\u0101vda\u013cas ir ies\u016bku\u0161\u0101s dzi\u013ci \u0101d\u0101.<\/p>\n<p><strong>Sast\u0101vs:<\/strong> Caviar Water, Water, Glycerin, Dipropylene Glycol, Cetyl Ethylhexanoate, 1,2\u2011Hexanediol, Niacinamide, Propylene Glycol Dibenzoate, Chondrus Crispus Extract, Ceratonia Siliqua (Carob) Gum, Butyrospermum Parkii (Shea) Butter, Hydroxyacetophenone, Polyglyceryl\u20113 Methylglucose Distearate, Potassium Chloride, Algin, Chondrus Crispus Powder, Polyacrylate\u201113, Allantoin, Glyceryl Stearate, Cellulose Gum, Glucomannan, Xanthan Gum, Ethylhexyl Olivate, Eclipta Prostrata Extract, Sucrose, Ethylhexylglycerin, Hydrogenated Polyisobutene, Sodium Acrylates Copolymer, Sodium Polyacryloyldimethyl Taurate, Adenosine, Melia Azadirachta Leaf Extract, Sodium Phytate, Polyglyceryl\u20114 Oleate, Polyglyceryl\u201110 Laurate, Ethylhexyl Palmitate, Melia Azadirachta Flower Extract, Pyrus Communis (Pear) Fruit Extract, Sorbitan Isostearate, Rosa Damascena Flower Water, Sodium Polyacrylate, Coccinia Indica Fruit Extract, Caviar Extract, Salmon Egg Extract, Iris Florentina Root Extract, Cucumis Melo (Melon) Fruit Extract, Moringa Oleifera Seed Oil, Hedera Helix (Ivy) Leaf\/Stem Extract, Solanum Melongena (Eggplant) Fruit Extract, Aloe Barbadensis Flower Extract, Simmondsia Chinensis (Jojoba) Seed Oil, Ocimum Sanctum Leaf Extract, Curcuma Longa (Turmeric) Root Extract, Corallina Officinalis Extract, Tocopherol, Sodium DNA<\/p>\n","protected":false},"excerpt":{"rendered":"<p>Atkl\u0101jiet greznu kop\u0161anu ar BIODANCE Caviar PDRN \u2014 masku, kas apvieno ikru sp\u0113ku un inovat\u012bvo PDRN komponentu, lai dzi\u013ci atjaunotu \u0101du un nodro\u0161in\u0101tu izteiktu liftinga efektu.<\/p>\n","protected":false},"featured_media":26613,"comment_status":"open","ping_status":"closed","template":"","meta":{"site-sidebar-layout":"default","site-content-layout":"","ast-site-content-layout":"default","site-content-style":"default","site-sidebar-style":"default","ast-global-header-display":"","ast-banner-title-visibility":"","ast-main-header-display":"","ast-hfb-above-header-display":"","ast-hfb-below-header-display":"","ast-hfb-mobile-header-display":"","site-post-title":"","ast-breadcrumbs-content":"","ast-featured-img":"","footer-sml-layout":"","theme-transparent-header-meta":"default","adv-header-id-meta":"","stick-header-meta":"","header-above-stick-meta":"","header-main-stick-meta":"","header-below-stick-meta":"","astra-migrate-meta-layouts":"set","ast-page-background-enabled":"default","ast-page-background-meta":{"desktop":{"background-color":"var(--ast-global-color-4)","background-image":"","background-repeat":"repeat","background-position":"center center","background-size":"auto","background-attachment":"scroll","background-type":"","background-media":"","overlay-type":"","overlay-color":"","overlay-opacity":"","overlay-gradient":""},"tablet":{"background-color":"","background-image":"","background-repeat":"repeat","background-position":"center center","background-size":"auto","background-attachment":"scroll","background-type":"","background-media":"","overlay-type":"","overlay-color":"","overlay-opacity":"","overlay-gradient":""},"mobile":{"background-color":"","background-image":"","background-repeat":"repeat","background-position":"center center","background-size":"auto","background-attachment":"scroll","background-type":"","background-media":"","overlay-type":"","overlay-color":"","overlay-opacity":"","overlay-gradient":""}},"ast-content-background-meta":{"desktop":{"background-color":"var(--ast-global-color-5)","background-image":"","background-repeat":"repeat","background-position":"center center","background-size":"auto","background-attachment":"scroll","background-type":"","background-media":"","overlay-type":"","overlay-color":"","overlay-opacity":"","overlay-gradient":""},"tablet":{"background-color":"var(--ast-global-color-5)","background-image":"","background-repeat":"repeat","background-position":"center center","background-size":"auto","background-attachment":"scroll","background-type":"","background-media":"","overlay-type":"","overlay-color":"","overlay-opacity":"","overlay-gradient":""},"mobile":{"background-color":"var(--ast-global-color-5)","background-image":"","background-repeat":"repeat","background-position":"center center","background-size":"auto","background-attachment":"scroll","background-type":"","background-media":"","overlay-type":"","overlay-color":"","overlay-opacity":"","overlay-gradient":""}}},"product_brand":[],"product_cat":[325,315,322,652],"product_tag":[],"berocket_brand":[578],"class_list":{"0":"post-26612","1":"product","2":"type-product","3":"status-publish","4":"has-post-thumbnail","6":"product_cat-hidrogela","7":"product_cat-maskas","8":"product_cat-nakts","9":"product_cat-pdrn","10":"berocket_brand-biodance","11":"desktop-align-left","12":"tablet-align-left","13":"mobile-align-left","15":"first","16":"instock","17":"taxable","18":"shipping-taxable","19":"purchasable","20":"product-type-simple","21":"add-to-wishlist-before_image"},"yoast_head":"<!-- This site is optimized with the Yoast SEO plugin v27.3 - https:\/\/yoast.com\/product\/yoast-seo-wordpress\/ -->\n<title>BIODANCE Caviar PDRN atjaunojo\u0161a hidrog\u0113la maska ar ikru kompleksu un PDRN - FACECORNER<\/title>\n<meta name=\"description\" content=\"Atkl\u0101jiet greznu kop\u0161anu ar BIODANCE Caviar PDRN \u2014 masku, kas apvieno ikru sp\u0113ku un inovat\u012bvo PDRN komponentu, lai dzi\u013ci atjaunotu \u0101du un nodro\u0161in\u0101tu izteiktu liftinga efektu.\" \/>\n<meta name=\"robots\" content=\"index, follow, max-snippet:-1, max-image-preview:large, max-video-preview:-1\" \/>\n<link rel=\"canonical\" href=\"https:\/\/www.facecorner.lv\/lv\/shop\/biodance-caviar-pdrn-atjaunojosa-hidrogela-maska-ar-ikru-kompleksu-un-pdrn\/\" \/>\n<meta property=\"og:locale\" content=\"lv_LV\" \/>\n<meta property=\"og:type\" content=\"article\" \/>\n<meta property=\"og:title\" content=\"BIODANCE Caviar PDRN atjaunojo\u0161a hidrog\u0113la maska ar ikru kompleksu un PDRN - FACECORNER\" \/>\n<meta property=\"og:description\" content=\"Atkl\u0101jiet greznu kop\u0161anu ar BIODANCE Caviar PDRN \u2014 masku, kas apvieno ikru sp\u0113ku un inovat\u012bvo PDRN komponentu, lai dzi\u013ci atjaunotu \u0101du un nodro\u0161in\u0101tu izteiktu liftinga efektu.\" \/>\n<meta property=\"og:url\" content=\"https:\/\/www.facecorner.lv\/lv\/shop\/biodance-caviar-pdrn-atjaunojosa-hidrogela-maska-ar-ikru-kompleksu-un-pdrn\/\" \/>\n<meta property=\"og:site_name\" content=\"FACECORNER\" \/>\n<meta property=\"article:publisher\" content=\"https:\/\/www.facebook.com\/profile.php?id=100063824551839\" \/>\n<meta property=\"article:modified_time\" content=\"2026-02-28T16:05:35+00:00\" \/>\n<meta property=\"og:image\" content=\"https:\/\/www.facecorner.lv\/wp-content\/uploads\/2026\/01\/14668a130d5f8.webp\" \/>\n\t<meta property=\"og:image:width\" content=\"405\" \/>\n\t<meta property=\"og:image:height\" content=\"405\" \/>\n\t<meta property=\"og:image:type\" content=\"image\/webp\" \/>\n<meta name=\"twitter:card\" content=\"summary_large_image\" \/>\n<meta name=\"twitter:label1\" content=\"Price\" \/>\n\t<meta name=\"twitter:data1\" content=\"&euro;12.00\" \/>\n\t<meta name=\"twitter:label2\" content=\"Availability\" \/>\n\t<meta name=\"twitter:data2\" content=\"In stock\" \/>\n<script type=\"application\/ld+json\" class=\"yoast-schema-graph\">{\"@context\":\"https:\\\/\\\/schema.org\",\"@graph\":[{\"@type\":\"WebPage\",\"@id\":\"https:\\\/\\\/www.facecorner.lv\\\/shop\\\/biodance-caviar-pdrn-atjaunojosa-hidrogela-maska-ar-ikru-kompleksu-un-pdrn\\\/\",\"url\":\"https:\\\/\\\/www.facecorner.lv\\\/shop\\\/biodance-caviar-pdrn-atjaunojosa-hidrogela-maska-ar-ikru-kompleksu-un-pdrn\\\/\",\"name\":\"BIODANCE Caviar PDRN atjaunojo\u0161a hidrog\u0113la maska ar ikru kompleksu un PDRN - FACECORNER\",\"isPartOf\":{\"@id\":\"https:\\\/\\\/www.facecorner.lv\\\/#website\"},\"primaryImageOfPage\":{\"@id\":\"https:\\\/\\\/www.facecorner.lv\\\/shop\\\/biodance-caviar-pdrn-atjaunojosa-hidrogela-maska-ar-ikru-kompleksu-un-pdrn\\\/#primaryimage\"},\"image\":{\"@id\":\"https:\\\/\\\/www.facecorner.lv\\\/shop\\\/biodance-caviar-pdrn-atjaunojosa-hidrogela-maska-ar-ikru-kompleksu-un-pdrn\\\/#primaryimage\"},\"thumbnailUrl\":\"https:\\\/\\\/www.facecorner.lv\\\/wp-content\\\/uploads\\\/2026\\\/01\\\/14668a130d5f8.webp\",\"datePublished\":\"2026-01-09T13:13:39+00:00\",\"dateModified\":\"2026-02-28T16:05:35+00:00\",\"description\":\"Atkl\u0101jiet greznu kop\u0161anu ar BIODANCE Caviar PDRN \u2014 masku, kas apvieno ikru sp\u0113ku un inovat\u012bvo PDRN komponentu, lai dzi\u013ci atjaunotu \u0101du un nodro\u0161in\u0101tu izteiktu liftinga efektu.\",\"breadcrumb\":{\"@id\":\"https:\\\/\\\/www.facecorner.lv\\\/shop\\\/biodance-caviar-pdrn-atjaunojosa-hidrogela-maska-ar-ikru-kompleksu-un-pdrn\\\/#breadcrumb\"},\"inLanguage\":\"lv-LV\",\"potentialAction\":[{\"@type\":\"ReadAction\",\"target\":[\"https:\\\/\\\/www.facecorner.lv\\\/shop\\\/biodance-caviar-pdrn-atjaunojosa-hidrogela-maska-ar-ikru-kompleksu-un-pdrn\\\/\"]}]},{\"@type\":\"ImageObject\",\"inLanguage\":\"lv-LV\",\"@id\":\"https:\\\/\\\/www.facecorner.lv\\\/shop\\\/biodance-caviar-pdrn-atjaunojosa-hidrogela-maska-ar-ikru-kompleksu-un-pdrn\\\/#primaryimage\",\"url\":\"https:\\\/\\\/www.facecorner.lv\\\/wp-content\\\/uploads\\\/2026\\\/01\\\/14668a130d5f8.webp\",\"contentUrl\":\"https:\\\/\\\/www.facecorner.lv\\\/wp-content\\\/uploads\\\/2026\\\/01\\\/14668a130d5f8.webp\",\"width\":405,\"height\":405,\"caption\":\"BIODANCE Caviar PDRN\"},{\"@type\":\"BreadcrumbList\",\"@id\":\"https:\\\/\\\/www.facecorner.lv\\\/shop\\\/biodance-caviar-pdrn-atjaunojosa-hidrogela-maska-ar-ikru-kompleksu-un-pdrn\\\/#breadcrumb\",\"itemListElement\":[{\"@type\":\"ListItem\",\"position\":1,\"name\":\"Home\",\"item\":\"https:\\\/\\\/www.facecorner.lv\\\/\"},{\"@type\":\"ListItem\",\"position\":2,\"name\":\"Veikals\",\"item\":\"https:\\\/\\\/www.facecorner.lv\\\/shop\\\/\"},{\"@type\":\"ListItem\",\"position\":3,\"name\":\"BIODANCE Caviar PDRN atjaunojo\u0161a hidrog\u0113la maska ar ikru kompleksu un PDRN\"}]},{\"@type\":\"WebSite\",\"@id\":\"https:\\\/\\\/www.facecorner.lv\\\/#website\",\"url\":\"https:\\\/\\\/www.facecorner.lv\\\/\",\"name\":\"Facecorner\",\"description\":\"\",\"publisher\":{\"@id\":\"https:\\\/\\\/www.facecorner.lv\\\/#organization\"},\"potentialAction\":[{\"@type\":\"SearchAction\",\"target\":{\"@type\":\"EntryPoint\",\"urlTemplate\":\"https:\\\/\\\/www.facecorner.lv\\\/?s={search_term_string}\"},\"query-input\":{\"@type\":\"PropertyValueSpecification\",\"valueRequired\":true,\"valueName\":\"search_term_string\"}}],\"inLanguage\":\"lv-LV\"},{\"@type\":\"Organization\",\"@id\":\"https:\\\/\\\/www.facecorner.lv\\\/#organization\",\"name\":\"Facecorner\",\"url\":\"https:\\\/\\\/www.facecorner.lv\\\/\",\"logo\":{\"@type\":\"ImageObject\",\"inLanguage\":\"lv-LV\",\"@id\":\"https:\\\/\\\/www.facecorner.lv\\\/#\\\/schema\\\/logo\\\/image\\\/\",\"url\":\"https:\\\/\\\/www.facecorner.lv\\\/wp-content\\\/uploads\\\/2024\\\/04\\\/fc-logo.jpg\",\"contentUrl\":\"https:\\\/\\\/www.facecorner.lv\\\/wp-content\\\/uploads\\\/2024\\\/04\\\/fc-logo.jpg\",\"width\":174,\"height\":28,\"caption\":\"Facecorner\"},\"image\":{\"@id\":\"https:\\\/\\\/www.facecorner.lv\\\/#\\\/schema\\\/logo\\\/image\\\/\"},\"sameAs\":[\"https:\\\/\\\/www.facebook.com\\\/profile.php?id=100063824551839\",\"https:\\\/\\\/www.instagram.com\\\/facecorner_shop\\\/\"]}]}<\/script>\n<meta property=\"product:price:amount\" content=\"12.00\" \/>\n<meta property=\"product:price:currency\" content=\"EUR\" \/>\n<meta property=\"og:availability\" content=\"instock\" \/>\n<meta property=\"product:availability\" content=\"instock\" \/>\n<meta property=\"product:condition\" content=\"new\" \/>\n<!-- \/ Yoast SEO plugin. -->","yoast_head_json":{"title":"BIODANCE Caviar PDRN atjaunojo\u0161a hidrog\u0113la maska ar ikru kompleksu un PDRN - FACECORNER","description":"Atkl\u0101jiet greznu kop\u0161anu ar BIODANCE Caviar PDRN \u2014 masku, kas apvieno ikru sp\u0113ku un inovat\u012bvo PDRN komponentu, lai dzi\u013ci atjaunotu \u0101du un nodro\u0161in\u0101tu izteiktu liftinga efektu.","robots":{"index":"index","follow":"follow","max-snippet":"max-snippet:-1","max-image-preview":"max-image-preview:large","max-video-preview":"max-video-preview:-1"},"canonical":"https:\/\/www.facecorner.lv\/lv\/shop\/biodance-caviar-pdrn-atjaunojosa-hidrogela-maska-ar-ikru-kompleksu-un-pdrn\/","og_locale":"lv_LV","og_type":"article","og_title":"BIODANCE Caviar PDRN atjaunojo\u0161a hidrog\u0113la maska ar ikru kompleksu un PDRN - FACECORNER","og_description":"Atkl\u0101jiet greznu kop\u0161anu ar BIODANCE Caviar PDRN \u2014 masku, kas apvieno ikru sp\u0113ku un inovat\u012bvo PDRN komponentu, lai dzi\u013ci atjaunotu \u0101du un nodro\u0161in\u0101tu izteiktu liftinga efektu.","og_url":"https:\/\/www.facecorner.lv\/lv\/shop\/biodance-caviar-pdrn-atjaunojosa-hidrogela-maska-ar-ikru-kompleksu-un-pdrn\/","og_site_name":"FACECORNER","article_publisher":"https:\/\/www.facebook.com\/profile.php?id=100063824551839","article_modified_time":"2026-02-28T16:05:35+00:00","og_image":[{"width":405,"height":405,"url":"https:\/\/www.facecorner.lv\/wp-content\/uploads\/2026\/01\/14668a130d5f8.webp","type":"image\/webp"}],"twitter_card":"summary_large_image","twitter_misc":{"Price":"&euro;12.00","Availability":"In stock"},"schema":{"@context":"https:\/\/schema.org","@graph":[{"@type":"WebPage","@id":"https:\/\/www.facecorner.lv\/shop\/biodance-caviar-pdrn-atjaunojosa-hidrogela-maska-ar-ikru-kompleksu-un-pdrn\/","url":"https:\/\/www.facecorner.lv\/shop\/biodance-caviar-pdrn-atjaunojosa-hidrogela-maska-ar-ikru-kompleksu-un-pdrn\/","name":"BIODANCE Caviar PDRN atjaunojo\u0161a hidrog\u0113la maska ar ikru kompleksu un PDRN - FACECORNER","isPartOf":{"@id":"https:\/\/www.facecorner.lv\/#website"},"primaryImageOfPage":{"@id":"https:\/\/www.facecorner.lv\/shop\/biodance-caviar-pdrn-atjaunojosa-hidrogela-maska-ar-ikru-kompleksu-un-pdrn\/#primaryimage"},"image":{"@id":"https:\/\/www.facecorner.lv\/shop\/biodance-caviar-pdrn-atjaunojosa-hidrogela-maska-ar-ikru-kompleksu-un-pdrn\/#primaryimage"},"thumbnailUrl":"https:\/\/www.facecorner.lv\/wp-content\/uploads\/2026\/01\/14668a130d5f8.webp","datePublished":"2026-01-09T13:13:39+00:00","dateModified":"2026-02-28T16:05:35+00:00","description":"Atkl\u0101jiet greznu kop\u0161anu ar BIODANCE Caviar PDRN \u2014 masku, kas apvieno ikru sp\u0113ku un inovat\u012bvo PDRN komponentu, lai dzi\u013ci atjaunotu \u0101du un nodro\u0161in\u0101tu izteiktu liftinga efektu.","breadcrumb":{"@id":"https:\/\/www.facecorner.lv\/shop\/biodance-caviar-pdrn-atjaunojosa-hidrogela-maska-ar-ikru-kompleksu-un-pdrn\/#breadcrumb"},"inLanguage":"lv-LV","potentialAction":[{"@type":"ReadAction","target":["https:\/\/www.facecorner.lv\/shop\/biodance-caviar-pdrn-atjaunojosa-hidrogela-maska-ar-ikru-kompleksu-un-pdrn\/"]}]},{"@type":"ImageObject","inLanguage":"lv-LV","@id":"https:\/\/www.facecorner.lv\/shop\/biodance-caviar-pdrn-atjaunojosa-hidrogela-maska-ar-ikru-kompleksu-un-pdrn\/#primaryimage","url":"https:\/\/www.facecorner.lv\/wp-content\/uploads\/2026\/01\/14668a130d5f8.webp","contentUrl":"https:\/\/www.facecorner.lv\/wp-content\/uploads\/2026\/01\/14668a130d5f8.webp","width":405,"height":405,"caption":"BIODANCE Caviar PDRN"},{"@type":"BreadcrumbList","@id":"https:\/\/www.facecorner.lv\/shop\/biodance-caviar-pdrn-atjaunojosa-hidrogela-maska-ar-ikru-kompleksu-un-pdrn\/#breadcrumb","itemListElement":[{"@type":"ListItem","position":1,"name":"Home","item":"https:\/\/www.facecorner.lv\/"},{"@type":"ListItem","position":2,"name":"Veikals","item":"https:\/\/www.facecorner.lv\/shop\/"},{"@type":"ListItem","position":3,"name":"BIODANCE Caviar PDRN atjaunojo\u0161a hidrog\u0113la maska ar ikru kompleksu un PDRN"}]},{"@type":"WebSite","@id":"https:\/\/www.facecorner.lv\/#website","url":"https:\/\/www.facecorner.lv\/","name":"Facecorner","description":"","publisher":{"@id":"https:\/\/www.facecorner.lv\/#organization"},"potentialAction":[{"@type":"SearchAction","target":{"@type":"EntryPoint","urlTemplate":"https:\/\/www.facecorner.lv\/?s={search_term_string}"},"query-input":{"@type":"PropertyValueSpecification","valueRequired":true,"valueName":"search_term_string"}}],"inLanguage":"lv-LV"},{"@type":"Organization","@id":"https:\/\/www.facecorner.lv\/#organization","name":"Facecorner","url":"https:\/\/www.facecorner.lv\/","logo":{"@type":"ImageObject","inLanguage":"lv-LV","@id":"https:\/\/www.facecorner.lv\/#\/schema\/logo\/image\/","url":"https:\/\/www.facecorner.lv\/wp-content\/uploads\/2024\/04\/fc-logo.jpg","contentUrl":"https:\/\/www.facecorner.lv\/wp-content\/uploads\/2024\/04\/fc-logo.jpg","width":174,"height":28,"caption":"Facecorner"},"image":{"@id":"https:\/\/www.facecorner.lv\/#\/schema\/logo\/image\/"},"sameAs":["https:\/\/www.facebook.com\/profile.php?id=100063824551839","https:\/\/www.instagram.com\/facecorner_shop\/"]}]},"product_price_amount":"12.00","product_price_currency":"EUR","og_availability":"instock","product_availability":"instock","product_condition":"new"},"_links":{"self":[{"href":"https:\/\/www.facecorner.lv\/lv\/wp-json\/wp\/v2\/product\/26612","targetHints":{"allow":["GET"]}}],"collection":[{"href":"https:\/\/www.facecorner.lv\/lv\/wp-json\/wp\/v2\/product"}],"about":[{"href":"https:\/\/www.facecorner.lv\/lv\/wp-json\/wp\/v2\/types\/product"}],"replies":[{"embeddable":true,"href":"https:\/\/www.facecorner.lv\/lv\/wp-json\/wp\/v2\/comments?post=26612"}],"wp:featuredmedia":[{"embeddable":true,"href":"https:\/\/www.facecorner.lv\/lv\/wp-json\/wp\/v2\/media\/26613"}],"wp:attachment":[{"href":"https:\/\/www.facecorner.lv\/lv\/wp-json\/wp\/v2\/media?parent=26612"}],"wp:term":[{"taxonomy":"product_brand","embeddable":true,"href":"https:\/\/www.facecorner.lv\/lv\/wp-json\/wp\/v2\/product_brand?post=26612"},{"taxonomy":"product_cat","embeddable":true,"href":"https:\/\/www.facecorner.lv\/lv\/wp-json\/wp\/v2\/product_cat?post=26612"},{"taxonomy":"product_tag","embeddable":true,"href":"https:\/\/www.facecorner.lv\/lv\/wp-json\/wp\/v2\/product_tag?post=26612"},{"taxonomy":"berocket_brand","embeddable":true,"href":"https:\/\/www.facecorner.lv\/lv\/wp-json\/wp\/v2\/berocket_brand?post=26612"}],"curies":[{"name":"wp","href":"https:\/\/api.w.org\/{rel}","templated":true}]}}