{"id":26593,"date":"2026-01-09T14:55:06","date_gmt":"2026-01-09T11:55:06","guid":{"rendered":"https:\/\/www.facecorner.lv\/?post_type=product&#038;p=26593"},"modified":"2026-01-09T15:50:07","modified_gmt":"2026-01-09T12:50:07","slug":"aprilskin-carrotene-calming-serum-pads-nomierinosas-diski-ar-burkanu-ekstraktu-80gab","status":"publish","type":"product","link":"https:\/\/www.facecorner.lv\/lv\/shop\/aprilskin-carrotene-calming-serum-pads-nomierinosas-diski-ar-burkanu-ekstraktu-80gab\/","title":{"rendered":"APRILSKIN Carrotene Calming Serum Pads nomierino\u0161as diski ar burk\u0101nu ekstraktu 80gab."},"content":{"rendered":"<p>APRILSKIN Carrotene Calming Serum Pads \u2014 nomierino\u0161as diski ar burk\u0101nu ekstraktu jut\u012bgai \u0101dai.<\/p>\n<p>Nomierino\u0161\u0101s diskas, kas pies\u0101tin\u0101tas ar koncentr\u0113tu serumu, pal\u012bdz \u0101tri no\u0146emt aps\u0101rtumu, mitrina \u0101du un atjauno t\u0101s aizsargbarjeru. Formula ar burk\u0101nu ekstraktu, kas bag\u0101ts ar \u03b2-karot\u012bnu, maigi kopj \u0101du, padarot to glud\u0101ku, svaig\u0101ku un komfortabl\u0101ku bez lip\u012bguma saj\u016btas.<\/p>\n<h6>Galven\u0101s priek\u0161roc\u012bbas:<\/h6>\n<ul>\n<li>uzreiz nomierina kairin\u0101tu un jut\u012bgu \u0101du<\/li>\n<li>samazina aps\u0101rtumu un saspringuma saj\u016btu<\/li>\n<li>intens\u012bvi mitrina un uztur \u0101das barjeru<\/li>\n<li>piem\u0113roti ikdienas lieto\u0161anai<\/li>\n<li>var izmantot k\u0101 \u0101trdarb\u012bgu masku lok\u0101lai \u0101das kop\u0161anai<\/li>\n<\/ul>\n<h6>Galven\u0101s sast\u0101vda\u013cas:<\/h6>\n<ul>\n<li>Burk\u0101nu ekstrakts (\u03b2-karot\u012bns) \u2014 antioksidantu aizsardz\u012bba, nomierino\u0161a iedarb\u012bba<\/li>\n<li>Centella Asiatica \u2014 samazina kairin\u0101jumu, veicina \u0101das atjauno\u0161anos<\/li>\n<li>Mitrino\u0161as sast\u0101vda\u013cas \u2014 uztur optim\u0101lu mitruma l\u012bmeni<\/li>\n<\/ul>\n<p><strong>Lieto\u0161anas<\/strong>: P\u0113c att\u012br\u012b\u0161anas uzman\u012bgi nosusiniet \u0101du ar vienu padi\u0146u pa mas\u0101\u017eas l\u012bnij\u0101m, izvairoties no zonas ap ac\u012bm.<br \/>\nLai pan\u0101ktu intens\u012bvu nomierino\u0161u efektu, uzkl\u0101jiet padi\u0146as uz problem\u0101tiskaj\u0101m zon\u0101m uz 3\u20135 min\u016bt\u0113m, p\u0113c tam turpiniet kop\u0161anu ar kr\u0113mu vai serumu.<\/p>\n<p><strong>S\u0101stavs:<\/strong> Water, Daucus Carota Sativa (Carrot) Root Extract, Glycerin, Butylene Glycol, Beta-Carotene, Centella Asiatica Extract, Allantoin, Panthenol, Hydroxyethylcellulose, Polyglyceryl-10 Laurate, Polyglyceryl-10 Myristate, 1,2-Hexanediol, Caprylyl Glycol, Ethylhexylglycerin, Disodium EDTA<\/p>\n<blockquote data-start=\"323\" data-end=\"480\">\n<p data-start=\"325\" data-end=\"480\">\n<\/blockquote>\n","protected":false},"excerpt":{"rendered":"<p>APRILSKIN Carrotene Calming Serum Pads \u2014 nomierino\u0161as diski ar burk\u0101nu ekstraktu jut\u012bgai \u0101dai.<\/p>\n","protected":false},"featured_media":26594,"comment_status":"open","ping_status":"closed","template":"","meta":{"site-sidebar-layout":"default","site-content-layout":"","ast-site-content-layout":"default","site-content-style":"default","site-sidebar-style":"default","ast-global-header-display":"","ast-banner-title-visibility":"","ast-main-header-display":"","ast-hfb-above-header-display":"","ast-hfb-below-header-display":"","ast-hfb-mobile-header-display":"","site-post-title":"","ast-breadcrumbs-content":"","ast-featured-img":"","footer-sml-layout":"","theme-transparent-header-meta":"default","adv-header-id-meta":"","stick-header-meta":"","header-above-stick-meta":"","header-main-stick-meta":"","header-below-stick-meta":"","astra-migrate-meta-layouts":"set","ast-page-background-enabled":"default","ast-page-background-meta":{"desktop":{"background-color":"var(--ast-global-color-4)","background-image":"","background-repeat":"repeat","background-position":"center center","background-size":"auto","background-attachment":"scroll","background-type":"","background-media":"","overlay-type":"","overlay-color":"","overlay-opacity":"","overlay-gradient":""},"tablet":{"background-color":"","background-image":"","background-repeat":"repeat","background-position":"center center","background-size":"auto","background-attachment":"scroll","background-type":"","background-media":"","overlay-type":"","overlay-color":"","overlay-opacity":"","overlay-gradient":""},"mobile":{"background-color":"","background-image":"","background-repeat":"repeat","background-position":"center center","background-size":"auto","background-attachment":"scroll","background-type":"","background-media":"","overlay-type":"","overlay-color":"","overlay-opacity":"","overlay-gradient":""}},"ast-content-background-meta":{"desktop":{"background-color":"var(--ast-global-color-5)","background-image":"","background-repeat":"repeat","background-position":"center center","background-size":"auto","background-attachment":"scroll","background-type":"","background-media":"","overlay-type":"","overlay-color":"","overlay-opacity":"","overlay-gradient":""},"tablet":{"background-color":"var(--ast-global-color-5)","background-image":"","background-repeat":"repeat","background-position":"center center","background-size":"auto","background-attachment":"scroll","background-type":"","background-media":"","overlay-type":"","overlay-color":"","overlay-opacity":"","overlay-gradient":""},"mobile":{"background-color":"var(--ast-global-color-5)","background-image":"","background-repeat":"repeat","background-position":"center center","background-size":"auto","background-attachment":"scroll","background-type":"","background-media":"","overlay-type":"","overlay-color":"","overlay-opacity":"","overlay-gradient":""}}},"product_brand":[677],"product_cat":[670,328],"product_tag":[],"berocket_brand":[678],"class_list":{"0":"post-26593","1":"product","2":"type-product","3":"status-publish","4":"has-post-thumbnail","6":"product_brand-aprilskin","7":"product_cat-pilinga-diski","8":"product_cat-pilingi-un-skrubji","9":"berocket_brand-aprilskin","10":"desktop-align-left","11":"tablet-align-left","12":"mobile-align-left","14":"first","15":"instock","16":"taxable","17":"shipping-taxable","18":"purchasable","19":"product-type-simple","20":"add-to-wishlist-before_image"},"yoast_head":"<!-- This site is optimized with the Yoast SEO plugin v27.3 - https:\/\/yoast.com\/product\/yoast-seo-wordpress\/ -->\n<title>APRILSKIN Carrotene Calming Serum Pads nomierino\u0161as diski ar burk\u0101nu ekstraktu 80gab. - FACECORNER<\/title>\n<meta name=\"description\" content=\"APRILSKIN Carrotene Calming Serum Pads \u2014 nomierino\u0161as diski ar burk\u0101nu ekstraktu jut\u012bgai \u0101dai.\" \/>\n<meta name=\"robots\" content=\"index, follow, max-snippet:-1, max-image-preview:large, max-video-preview:-1\" \/>\n<link rel=\"canonical\" href=\"https:\/\/www.facecorner.lv\/lv\/shop\/aprilskin-carrotene-calming-serum-pads-nomierinosas-diski-ar-burkanu-ekstraktu-80gab\/\" \/>\n<meta property=\"og:locale\" content=\"lv_LV\" \/>\n<meta property=\"og:type\" content=\"article\" \/>\n<meta property=\"og:title\" content=\"APRILSKIN Carrotene Calming Serum Pads nomierino\u0161as diski ar burk\u0101nu ekstraktu 80gab. - FACECORNER\" \/>\n<meta property=\"og:description\" content=\"APRILSKIN Carrotene Calming Serum Pads \u2014 nomierino\u0161as diski ar burk\u0101nu ekstraktu jut\u012bgai \u0101dai.\" \/>\n<meta property=\"og:url\" content=\"https:\/\/www.facecorner.lv\/lv\/shop\/aprilskin-carrotene-calming-serum-pads-nomierinosas-diski-ar-burkanu-ekstraktu-80gab\/\" \/>\n<meta property=\"og:site_name\" content=\"FACECORNER\" \/>\n<meta property=\"article:publisher\" content=\"https:\/\/www.facebook.com\/profile.php?id=100063824551839\" \/>\n<meta property=\"article:modified_time\" content=\"2026-01-09T12:50:07+00:00\" \/>\n<meta property=\"og:image\" content=\"https:\/\/www.facecorner.lv\/wp-content\/uploads\/2026\/01\/AP_Amazon_Carrotene-Serum-Pads_0.webp\" \/>\n\t<meta property=\"og:image:width\" content=\"1500\" \/>\n\t<meta property=\"og:image:height\" content=\"1500\" \/>\n\t<meta property=\"og:image:type\" content=\"image\/webp\" \/>\n<meta name=\"twitter:card\" content=\"summary_large_image\" \/>\n<meta name=\"twitter:label1\" content=\"Price\" \/>\n\t<meta name=\"twitter:data1\" content=\"&euro;29.90\" \/>\n\t<meta name=\"twitter:label2\" content=\"Availability\" \/>\n\t<meta name=\"twitter:data2\" content=\"In stock\" \/>\n<script type=\"application\/ld+json\" class=\"yoast-schema-graph\">{\"@context\":\"https:\\\/\\\/schema.org\",\"@graph\":[{\"@type\":\"WebPage\",\"@id\":\"https:\\\/\\\/www.facecorner.lv\\\/shop\\\/aprilskin-carrotene-calming-serum-pads-nomierinosas-diski-ar-burkanu-ekstraktu-80gab\\\/\",\"url\":\"https:\\\/\\\/www.facecorner.lv\\\/shop\\\/aprilskin-carrotene-calming-serum-pads-nomierinosas-diski-ar-burkanu-ekstraktu-80gab\\\/\",\"name\":\"APRILSKIN Carrotene Calming Serum Pads nomierino\u0161as diski ar burk\u0101nu ekstraktu 80gab. - FACECORNER\",\"isPartOf\":{\"@id\":\"https:\\\/\\\/www.facecorner.lv\\\/#website\"},\"primaryImageOfPage\":{\"@id\":\"https:\\\/\\\/www.facecorner.lv\\\/shop\\\/aprilskin-carrotene-calming-serum-pads-nomierinosas-diski-ar-burkanu-ekstraktu-80gab\\\/#primaryimage\"},\"image\":{\"@id\":\"https:\\\/\\\/www.facecorner.lv\\\/shop\\\/aprilskin-carrotene-calming-serum-pads-nomierinosas-diski-ar-burkanu-ekstraktu-80gab\\\/#primaryimage\"},\"thumbnailUrl\":\"https:\\\/\\\/www.facecorner.lv\\\/wp-content\\\/uploads\\\/2026\\\/01\\\/AP_Amazon_Carrotene-Serum-Pads_0.webp\",\"datePublished\":\"2026-01-09T11:55:06+00:00\",\"dateModified\":\"2026-01-09T12:50:07+00:00\",\"description\":\"APRILSKIN Carrotene Calming Serum Pads \u2014 nomierino\u0161as diski ar burk\u0101nu ekstraktu jut\u012bgai \u0101dai.\",\"breadcrumb\":{\"@id\":\"https:\\\/\\\/www.facecorner.lv\\\/shop\\\/aprilskin-carrotene-calming-serum-pads-nomierinosas-diski-ar-burkanu-ekstraktu-80gab\\\/#breadcrumb\"},\"inLanguage\":\"lv-LV\",\"potentialAction\":[{\"@type\":\"ReadAction\",\"target\":[\"https:\\\/\\\/www.facecorner.lv\\\/shop\\\/aprilskin-carrotene-calming-serum-pads-nomierinosas-diski-ar-burkanu-ekstraktu-80gab\\\/\"]}]},{\"@type\":\"ImageObject\",\"inLanguage\":\"lv-LV\",\"@id\":\"https:\\\/\\\/www.facecorner.lv\\\/shop\\\/aprilskin-carrotene-calming-serum-pads-nomierinosas-diski-ar-burkanu-ekstraktu-80gab\\\/#primaryimage\",\"url\":\"https:\\\/\\\/www.facecorner.lv\\\/wp-content\\\/uploads\\\/2026\\\/01\\\/AP_Amazon_Carrotene-Serum-Pads_0.webp\",\"contentUrl\":\"https:\\\/\\\/www.facecorner.lv\\\/wp-content\\\/uploads\\\/2026\\\/01\\\/AP_Amazon_Carrotene-Serum-Pads_0.webp\",\"width\":1500,\"height\":1500,\"caption\":\"APRILSKIN Carrotene Calming Serum Pads\"},{\"@type\":\"BreadcrumbList\",\"@id\":\"https:\\\/\\\/www.facecorner.lv\\\/shop\\\/aprilskin-carrotene-calming-serum-pads-nomierinosas-diski-ar-burkanu-ekstraktu-80gab\\\/#breadcrumb\",\"itemListElement\":[{\"@type\":\"ListItem\",\"position\":1,\"name\":\"Home\",\"item\":\"https:\\\/\\\/www.facecorner.lv\\\/\"},{\"@type\":\"ListItem\",\"position\":2,\"name\":\"Veikals\",\"item\":\"https:\\\/\\\/www.facecorner.lv\\\/shop\\\/\"},{\"@type\":\"ListItem\",\"position\":3,\"name\":\"APRILSKIN Carrotene Calming Serum Pads nomierino\u0161as diski ar burk\u0101nu ekstraktu 80gab.\"}]},{\"@type\":\"WebSite\",\"@id\":\"https:\\\/\\\/www.facecorner.lv\\\/#website\",\"url\":\"https:\\\/\\\/www.facecorner.lv\\\/\",\"name\":\"Facecorner\",\"description\":\"\",\"publisher\":{\"@id\":\"https:\\\/\\\/www.facecorner.lv\\\/#organization\"},\"potentialAction\":[{\"@type\":\"SearchAction\",\"target\":{\"@type\":\"EntryPoint\",\"urlTemplate\":\"https:\\\/\\\/www.facecorner.lv\\\/?s={search_term_string}\"},\"query-input\":{\"@type\":\"PropertyValueSpecification\",\"valueRequired\":true,\"valueName\":\"search_term_string\"}}],\"inLanguage\":\"lv-LV\"},{\"@type\":\"Organization\",\"@id\":\"https:\\\/\\\/www.facecorner.lv\\\/#organization\",\"name\":\"Facecorner\",\"url\":\"https:\\\/\\\/www.facecorner.lv\\\/\",\"logo\":{\"@type\":\"ImageObject\",\"inLanguage\":\"lv-LV\",\"@id\":\"https:\\\/\\\/www.facecorner.lv\\\/#\\\/schema\\\/logo\\\/image\\\/\",\"url\":\"https:\\\/\\\/www.facecorner.lv\\\/wp-content\\\/uploads\\\/2024\\\/04\\\/fc-logo.jpg\",\"contentUrl\":\"https:\\\/\\\/www.facecorner.lv\\\/wp-content\\\/uploads\\\/2024\\\/04\\\/fc-logo.jpg\",\"width\":174,\"height\":28,\"caption\":\"Facecorner\"},\"image\":{\"@id\":\"https:\\\/\\\/www.facecorner.lv\\\/#\\\/schema\\\/logo\\\/image\\\/\"},\"sameAs\":[\"https:\\\/\\\/www.facebook.com\\\/profile.php?id=100063824551839\",\"https:\\\/\\\/www.instagram.com\\\/facecorner_shop\\\/\"]}]}<\/script>\n<meta property=\"product:brand\" content=\"Aprilskin\" \/>\n<meta property=\"product:price:amount\" content=\"29.90\" \/>\n<meta property=\"product:price:currency\" content=\"EUR\" \/>\n<meta property=\"og:availability\" content=\"instock\" \/>\n<meta property=\"product:availability\" content=\"instock\" \/>\n<meta property=\"product:condition\" content=\"new\" \/>\n<!-- \/ Yoast SEO plugin. -->","yoast_head_json":{"title":"APRILSKIN Carrotene Calming Serum Pads nomierino\u0161as diski ar burk\u0101nu ekstraktu 80gab. - FACECORNER","description":"APRILSKIN Carrotene Calming Serum Pads \u2014 nomierino\u0161as diski ar burk\u0101nu ekstraktu jut\u012bgai \u0101dai.","robots":{"index":"index","follow":"follow","max-snippet":"max-snippet:-1","max-image-preview":"max-image-preview:large","max-video-preview":"max-video-preview:-1"},"canonical":"https:\/\/www.facecorner.lv\/lv\/shop\/aprilskin-carrotene-calming-serum-pads-nomierinosas-diski-ar-burkanu-ekstraktu-80gab\/","og_locale":"lv_LV","og_type":"article","og_title":"APRILSKIN Carrotene Calming Serum Pads nomierino\u0161as diski ar burk\u0101nu ekstraktu 80gab. - FACECORNER","og_description":"APRILSKIN Carrotene Calming Serum Pads \u2014 nomierino\u0161as diski ar burk\u0101nu ekstraktu jut\u012bgai \u0101dai.","og_url":"https:\/\/www.facecorner.lv\/lv\/shop\/aprilskin-carrotene-calming-serum-pads-nomierinosas-diski-ar-burkanu-ekstraktu-80gab\/","og_site_name":"FACECORNER","article_publisher":"https:\/\/www.facebook.com\/profile.php?id=100063824551839","article_modified_time":"2026-01-09T12:50:07+00:00","og_image":[{"width":1500,"height":1500,"url":"https:\/\/www.facecorner.lv\/wp-content\/uploads\/2026\/01\/AP_Amazon_Carrotene-Serum-Pads_0.webp","type":"image\/webp"}],"twitter_card":"summary_large_image","twitter_misc":{"Price":"&euro;29.90","Availability":"In stock"},"schema":{"@context":"https:\/\/schema.org","@graph":[{"@type":"WebPage","@id":"https:\/\/www.facecorner.lv\/shop\/aprilskin-carrotene-calming-serum-pads-nomierinosas-diski-ar-burkanu-ekstraktu-80gab\/","url":"https:\/\/www.facecorner.lv\/shop\/aprilskin-carrotene-calming-serum-pads-nomierinosas-diski-ar-burkanu-ekstraktu-80gab\/","name":"APRILSKIN Carrotene Calming Serum Pads nomierino\u0161as diski ar burk\u0101nu ekstraktu 80gab. - FACECORNER","isPartOf":{"@id":"https:\/\/www.facecorner.lv\/#website"},"primaryImageOfPage":{"@id":"https:\/\/www.facecorner.lv\/shop\/aprilskin-carrotene-calming-serum-pads-nomierinosas-diski-ar-burkanu-ekstraktu-80gab\/#primaryimage"},"image":{"@id":"https:\/\/www.facecorner.lv\/shop\/aprilskin-carrotene-calming-serum-pads-nomierinosas-diski-ar-burkanu-ekstraktu-80gab\/#primaryimage"},"thumbnailUrl":"https:\/\/www.facecorner.lv\/wp-content\/uploads\/2026\/01\/AP_Amazon_Carrotene-Serum-Pads_0.webp","datePublished":"2026-01-09T11:55:06+00:00","dateModified":"2026-01-09T12:50:07+00:00","description":"APRILSKIN Carrotene Calming Serum Pads \u2014 nomierino\u0161as diski ar burk\u0101nu ekstraktu jut\u012bgai \u0101dai.","breadcrumb":{"@id":"https:\/\/www.facecorner.lv\/shop\/aprilskin-carrotene-calming-serum-pads-nomierinosas-diski-ar-burkanu-ekstraktu-80gab\/#breadcrumb"},"inLanguage":"lv-LV","potentialAction":[{"@type":"ReadAction","target":["https:\/\/www.facecorner.lv\/shop\/aprilskin-carrotene-calming-serum-pads-nomierinosas-diski-ar-burkanu-ekstraktu-80gab\/"]}]},{"@type":"ImageObject","inLanguage":"lv-LV","@id":"https:\/\/www.facecorner.lv\/shop\/aprilskin-carrotene-calming-serum-pads-nomierinosas-diski-ar-burkanu-ekstraktu-80gab\/#primaryimage","url":"https:\/\/www.facecorner.lv\/wp-content\/uploads\/2026\/01\/AP_Amazon_Carrotene-Serum-Pads_0.webp","contentUrl":"https:\/\/www.facecorner.lv\/wp-content\/uploads\/2026\/01\/AP_Amazon_Carrotene-Serum-Pads_0.webp","width":1500,"height":1500,"caption":"APRILSKIN Carrotene Calming Serum Pads"},{"@type":"BreadcrumbList","@id":"https:\/\/www.facecorner.lv\/shop\/aprilskin-carrotene-calming-serum-pads-nomierinosas-diski-ar-burkanu-ekstraktu-80gab\/#breadcrumb","itemListElement":[{"@type":"ListItem","position":1,"name":"Home","item":"https:\/\/www.facecorner.lv\/"},{"@type":"ListItem","position":2,"name":"Veikals","item":"https:\/\/www.facecorner.lv\/shop\/"},{"@type":"ListItem","position":3,"name":"APRILSKIN Carrotene Calming Serum Pads nomierino\u0161as diski ar burk\u0101nu ekstraktu 80gab."}]},{"@type":"WebSite","@id":"https:\/\/www.facecorner.lv\/#website","url":"https:\/\/www.facecorner.lv\/","name":"Facecorner","description":"","publisher":{"@id":"https:\/\/www.facecorner.lv\/#organization"},"potentialAction":[{"@type":"SearchAction","target":{"@type":"EntryPoint","urlTemplate":"https:\/\/www.facecorner.lv\/?s={search_term_string}"},"query-input":{"@type":"PropertyValueSpecification","valueRequired":true,"valueName":"search_term_string"}}],"inLanguage":"lv-LV"},{"@type":"Organization","@id":"https:\/\/www.facecorner.lv\/#organization","name":"Facecorner","url":"https:\/\/www.facecorner.lv\/","logo":{"@type":"ImageObject","inLanguage":"lv-LV","@id":"https:\/\/www.facecorner.lv\/#\/schema\/logo\/image\/","url":"https:\/\/www.facecorner.lv\/wp-content\/uploads\/2024\/04\/fc-logo.jpg","contentUrl":"https:\/\/www.facecorner.lv\/wp-content\/uploads\/2024\/04\/fc-logo.jpg","width":174,"height":28,"caption":"Facecorner"},"image":{"@id":"https:\/\/www.facecorner.lv\/#\/schema\/logo\/image\/"},"sameAs":["https:\/\/www.facebook.com\/profile.php?id=100063824551839","https:\/\/www.instagram.com\/facecorner_shop\/"]}]},"product_brand":"Aprilskin","product_price_amount":"29.90","product_price_currency":"EUR","og_availability":"instock","product_availability":"instock","product_condition":"new"},"_links":{"self":[{"href":"https:\/\/www.facecorner.lv\/lv\/wp-json\/wp\/v2\/product\/26593","targetHints":{"allow":["GET"]}}],"collection":[{"href":"https:\/\/www.facecorner.lv\/lv\/wp-json\/wp\/v2\/product"}],"about":[{"href":"https:\/\/www.facecorner.lv\/lv\/wp-json\/wp\/v2\/types\/product"}],"replies":[{"embeddable":true,"href":"https:\/\/www.facecorner.lv\/lv\/wp-json\/wp\/v2\/comments?post=26593"}],"wp:featuredmedia":[{"embeddable":true,"href":"https:\/\/www.facecorner.lv\/lv\/wp-json\/wp\/v2\/media\/26594"}],"wp:attachment":[{"href":"https:\/\/www.facecorner.lv\/lv\/wp-json\/wp\/v2\/media?parent=26593"}],"wp:term":[{"taxonomy":"product_brand","embeddable":true,"href":"https:\/\/www.facecorner.lv\/lv\/wp-json\/wp\/v2\/product_brand?post=26593"},{"taxonomy":"product_cat","embeddable":true,"href":"https:\/\/www.facecorner.lv\/lv\/wp-json\/wp\/v2\/product_cat?post=26593"},{"taxonomy":"product_tag","embeddable":true,"href":"https:\/\/www.facecorner.lv\/lv\/wp-json\/wp\/v2\/product_tag?post=26593"},{"taxonomy":"berocket_brand","embeddable":true,"href":"https:\/\/www.facecorner.lv\/lv\/wp-json\/wp\/v2\/berocket_brand?post=26593"}],"curies":[{"name":"wp","href":"https:\/\/api.w.org\/{rel}","templated":true}]}}