{"id":26559,"date":"2026-01-07T15:56:57","date_gmt":"2026-01-07T12:56:57","guid":{"rendered":"https:\/\/www.facecorner.lv\/?post_type=product&#038;p=26559"},"modified":"2026-02-02T14:14:32","modified_gmt":"2026-02-02T11:14:32","slug":"vt-cosmetics-retinol-collagen-pink-micro-bubble-serum-pretnovecosanas-serums-ar-retinolu-un-kolagenu-70ml","status":"publish","type":"product","link":"https:\/\/www.facecorner.lv\/lv\/shop\/vt-cosmetics-retinol-collagen-pink-micro-bubble-serum-pretnovecosanas-serums-ar-retinolu-un-kolagenu-70ml\/","title":{"rendered":"VT COSMETICS Retinol Collagen Pink Micro Bubble Serum pretnoveco\u0161an\u0101s serums ar retinolu un kolag\u0113nu 70ml"},"content":{"rendered":"<p>VT COSMETICS Retinol Collagen Pink Micro Bubble Serum inovat\u012bva pretnoveco\u0161an\u0101s seruma ar retinolu un kolag\u0113nu roz\u0101 mikroburbu\u013cu form\u0101t\u0101, kas aktiviz\u0113jas uzkl\u0101jot un nodro\u0161ina akt\u012bvo sast\u0101vda\u013cu dzi\u013c\u0101ku un efekt\u012bv\u0101ku ies\u016bk\u0161anos.<\/p>\n<p>Serums ir paredz\u0113ts grumbu izl\u012bdzin\u0101\u0161anai, \u0101das elast\u012bbas palielin\u0101\u0161anai un t\u0101s tekst\u016bras uzlabo\u0161anai, padarot \u0101du glud\u0101ku, bl\u012bv\u0101ku un mirdzo\u0161\u0101ku.<\/p>\n<h6>Galven\u0101s priek\u0161roc\u012bbas<\/h6>\n<ul>\n<li>\u00a0Retinols \u2014 stimul\u0113 \u0161\u016bnu atjauno\u0161anos, pal\u012bdz samazin\u0101t grumbu veido\u0161anos un izl\u012bdzina \u0101das toni.<\/li>\n<li>Kolag\u0113ns \u2014 palielina elast\u012bbu un stingr\u012bbu, vizu\u0101li sabiezina \u0101du.<\/li>\n<li>Micro Bubble tehnolo\u0123ija \u2014 mikroburbuli\u0146as uzlabo akt\u012bvo vielu uzs\u016bk\u0161anos un pieg\u0101di.<\/li>\n<li>Ro\u017eain\u0101 formula \u2014 pie\u0161\u0137ir \u0101dai svaigumu un vesel\u012bgu mirdzumu.<\/li>\n<li>Mitrino\u0161ais komplekss \u2014 nov\u0113r\u0161 sausumu un uztur \u0101das komfortu.<\/li>\n<li>Uztur \u0101das barjeru un samazina saspringuma saj\u016btu.<\/li>\n<\/ul>\n<h6>Lieto\u0161anas efekts:<\/h6>\n<ul>\n<li>Glud\u0101ka un vienm\u0113r\u012bg\u0101ka \u0101da<\/li>\n<li>S\u012bko un mimisko grumbu samazin\u0101\u0161an\u0101s<\/li>\n<li>Elast\u012bbas un tonusa uzlabo\u0161an\u0101s<\/li>\n<\/ul>\n<p><strong>Lieto\u0161ana:<\/strong> Vakar\u0101 uzkl\u0101jiet nelielu daudzumu seruma uz att\u012br\u012btas un sausas sejas \u0101das, maigi izl\u012bdzinot l\u012bdz piln\u012bgai uzs\u016bk\u0161anai.<br \/>\nS\u0101ciet ar 2\u20133 reiz\u0113m ned\u0113\u013c\u0101.Dien\u0101 oblig\u0101ti lietojiet SPF 30+.<\/p>\n<p><strong>Sast\u0101vs:<\/strong> Collagen Water (68%), Glycerin, Purified Water, Sorbitol, Glycereth-26, Methyl Gluceth-20, Niacinamide, 1,2-Hexanediol, C12-14 Alketh-12, Hydroxyacetophenone, Lecithin, Polysorbate 20, Hydrolyzed Collagen (500 ppm), Polyglyceryl-10 Myristate, Adenosine, Polyglyceryl-10 Laurate, Methylpropanediol, Dextrin, Citric Acid, Disodium EDTA, Retinol (500 IU\/g), Sugar Beet Root Extract, Ascorbic Acid, Panthenol, Copper Tripeptide-1, Acetyl Hexapeptide-8, Palmitoyl Pentapeptide-4.<\/p>\n","protected":false},"excerpt":{"rendered":"<p>VT COSMETICS Retinol Collagen Pink Micro Bubble Serum inovat\u012bva pretnoveco\u0161an\u0101s seruma ar retinolu un kolag\u0113nu roz\u0101 mikroburbu\u013cu form\u0101t\u0101, kas aktiviz\u0113jas uzkl\u0101jot un nodro\u0161ina akt\u012bvo sast\u0101vda\u013cu dzi\u013c\u0101ku un efekt\u012bv\u0101ku ies\u016bk\u0161anos.<\/p>\n","protected":false},"featured_media":26560,"comment_status":"open","ping_status":"closed","template":"","meta":{"site-sidebar-layout":"default","site-content-layout":"","ast-site-content-layout":"default","site-content-style":"default","site-sidebar-style":"default","ast-global-header-display":"","ast-banner-title-visibility":"","ast-main-header-display":"","ast-hfb-above-header-display":"","ast-hfb-below-header-display":"","ast-hfb-mobile-header-display":"","site-post-title":"","ast-breadcrumbs-content":"","ast-featured-img":"","footer-sml-layout":"","theme-transparent-header-meta":"default","adv-header-id-meta":"","stick-header-meta":"","header-above-stick-meta":"","header-main-stick-meta":"","header-below-stick-meta":"","astra-migrate-meta-layouts":"set","ast-page-background-enabled":"default","ast-page-background-meta":{"desktop":{"background-color":"var(--ast-global-color-4)","background-image":"","background-repeat":"repeat","background-position":"center center","background-size":"auto","background-attachment":"scroll","background-type":"","background-media":"","overlay-type":"","overlay-color":"","overlay-opacity":"","overlay-gradient":""},"tablet":{"background-color":"","background-image":"","background-repeat":"repeat","background-position":"center center","background-size":"auto","background-attachment":"scroll","background-type":"","background-media":"","overlay-type":"","overlay-color":"","overlay-opacity":"","overlay-gradient":""},"mobile":{"background-color":"","background-image":"","background-repeat":"repeat","background-position":"center center","background-size":"auto","background-attachment":"scroll","background-type":"","background-media":"","overlay-type":"","overlay-color":"","overlay-opacity":"","overlay-gradient":""}},"ast-content-background-meta":{"desktop":{"background-color":"var(--ast-global-color-5)","background-image":"","background-repeat":"repeat","background-position":"center center","background-size":"auto","background-attachment":"scroll","background-type":"","background-media":"","overlay-type":"","overlay-color":"","overlay-opacity":"","overlay-gradient":""},"tablet":{"background-color":"var(--ast-global-color-5)","background-image":"","background-repeat":"repeat","background-position":"center center","background-size":"auto","background-attachment":"scroll","background-type":"","background-media":"","overlay-type":"","overlay-color":"","overlay-opacity":"","overlay-gradient":""},"mobile":{"background-color":"var(--ast-global-color-5)","background-image":"","background-repeat":"repeat","background-position":"center center","background-size":"auto","background-attachment":"scroll","background-type":"","background-media":"","overlay-type":"","overlay-color":"","overlay-opacity":"","overlay-gradient":""}}},"product_brand":[],"product_cat":[370,371,363],"product_tag":[],"berocket_brand":[582],"class_list":{"0":"post-26559","1":"product","2":"type-product","3":"status-publish","4":"has-post-thumbnail","6":"product_cat-adas-mirdzumam","7":"product_cat-anti-age","8":"product_cat-serumi","9":"berocket_brand-vt","10":"desktop-align-left","11":"tablet-align-left","12":"mobile-align-left","14":"first","15":"instock","16":"taxable","17":"shipping-taxable","18":"purchasable","19":"product-type-simple","20":"add-to-wishlist-before_image"},"yoast_head":"<!-- This site is optimized with the Yoast SEO plugin v27.4 - https:\/\/yoast.com\/product\/yoast-seo-wordpress\/ -->\n<title>VT COSMETICS Retinol Collagen Pink Micro Bubble Serum pretnoveco\u0161an\u0101s serums ar retinolu un kolag\u0113nu 70ml - FACECORNER<\/title>\n<meta name=\"description\" content=\"VT COSMETICS Retinol Collagen Pink Micro Bubble Serum inovat\u012bva pretnoveco\u0161an\u0101s seruma ar retinolu un kolag\u0113nu roz\u0101 mikroburbu\u013cu form\u0101t\u0101, kas aktiviz\u0113jas uzkl\u0101jot un nodro\u0161ina akt\u012bvo sast\u0101vda\u013cu dzi\u013c\u0101ku un efekt\u012bv\u0101ku ies\u016bk\u0161anos.\" \/>\n<meta name=\"robots\" content=\"index, follow, max-snippet:-1, max-image-preview:large, max-video-preview:-1\" \/>\n<link rel=\"canonical\" href=\"https:\/\/www.facecorner.lv\/lv\/shop\/vt-cosmetics-retinol-collagen-pink-micro-bubble-serum-pretnovecosanas-serums-ar-retinolu-un-kolagenu-70ml\/\" \/>\n<meta property=\"og:locale\" content=\"lv_LV\" \/>\n<meta property=\"og:type\" content=\"article\" \/>\n<meta property=\"og:title\" content=\"VT COSMETICS Retinol Collagen Pink Micro Bubble Serum pretnoveco\u0161an\u0101s serums ar retinolu un kolag\u0113nu 70ml - FACECORNER\" \/>\n<meta property=\"og:description\" content=\"VT COSMETICS Retinol Collagen Pink Micro Bubble Serum inovat\u012bva pretnoveco\u0161an\u0101s seruma ar retinolu un kolag\u0113nu roz\u0101 mikroburbu\u013cu form\u0101t\u0101, kas aktiviz\u0113jas uzkl\u0101jot un nodro\u0161ina akt\u012bvo sast\u0101vda\u013cu dzi\u013c\u0101ku un efekt\u012bv\u0101ku ies\u016bk\u0161anos.\" \/>\n<meta property=\"og:url\" content=\"https:\/\/www.facecorner.lv\/lv\/shop\/vt-cosmetics-retinol-collagen-pink-micro-bubble-serum-pretnovecosanas-serums-ar-retinolu-un-kolagenu-70ml\/\" \/>\n<meta property=\"og:site_name\" content=\"FACECORNER\" \/>\n<meta property=\"article:publisher\" content=\"https:\/\/www.facebook.com\/profile.php?id=100063824551839\" \/>\n<meta property=\"article:modified_time\" content=\"2026-02-02T11:14:32+00:00\" \/>\n<meta property=\"og:image\" content=\"https:\/\/www.facecorner.lv\/wp-content\/uploads\/2026\/01\/pink1758182754336937847af5c80.jpg\" \/>\n\t<meta property=\"og:image:width\" content=\"1500\" \/>\n\t<meta property=\"og:image:height\" content=\"1500\" \/>\n\t<meta property=\"og:image:type\" content=\"image\/jpeg\" \/>\n<meta name=\"twitter:card\" content=\"summary_large_image\" \/>\n<meta name=\"twitter:label1\" content=\"Price\" \/>\n\t<meta name=\"twitter:data1\" content=\"&euro;27.50\" \/>\n\t<meta name=\"twitter:label2\" content=\"Availability\" \/>\n\t<meta name=\"twitter:data2\" content=\"In stock\" \/>\n<script type=\"application\/ld+json\" class=\"yoast-schema-graph\">{\"@context\":\"https:\\\/\\\/schema.org\",\"@graph\":[{\"@type\":\"WebPage\",\"@id\":\"https:\\\/\\\/www.facecorner.lv\\\/shop\\\/vt-cosmetics-retinol-collagen-pink-micro-bubble-serum-pretnovecosanas-serums-ar-retinolu-un-kolagenu-70ml\\\/\",\"url\":\"https:\\\/\\\/www.facecorner.lv\\\/shop\\\/vt-cosmetics-retinol-collagen-pink-micro-bubble-serum-pretnovecosanas-serums-ar-retinolu-un-kolagenu-70ml\\\/\",\"name\":\"VT COSMETICS Retinol Collagen Pink Micro Bubble Serum pretnoveco\u0161an\u0101s serums ar retinolu un kolag\u0113nu 70ml - FACECORNER\",\"isPartOf\":{\"@id\":\"https:\\\/\\\/www.facecorner.lv\\\/#website\"},\"primaryImageOfPage\":{\"@id\":\"https:\\\/\\\/www.facecorner.lv\\\/shop\\\/vt-cosmetics-retinol-collagen-pink-micro-bubble-serum-pretnovecosanas-serums-ar-retinolu-un-kolagenu-70ml\\\/#primaryimage\"},\"image\":{\"@id\":\"https:\\\/\\\/www.facecorner.lv\\\/shop\\\/vt-cosmetics-retinol-collagen-pink-micro-bubble-serum-pretnovecosanas-serums-ar-retinolu-un-kolagenu-70ml\\\/#primaryimage\"},\"thumbnailUrl\":\"https:\\\/\\\/www.facecorner.lv\\\/wp-content\\\/uploads\\\/2026\\\/01\\\/pink1758182754336937847af5c80.jpg\",\"datePublished\":\"2026-01-07T12:56:57+00:00\",\"dateModified\":\"2026-02-02T11:14:32+00:00\",\"description\":\"VT COSMETICS Retinol Collagen Pink Micro Bubble Serum inovat\u012bva pretnoveco\u0161an\u0101s seruma ar retinolu un kolag\u0113nu roz\u0101 mikroburbu\u013cu form\u0101t\u0101, kas aktiviz\u0113jas uzkl\u0101jot un nodro\u0161ina akt\u012bvo sast\u0101vda\u013cu dzi\u013c\u0101ku un efekt\u012bv\u0101ku ies\u016bk\u0161anos.\",\"breadcrumb\":{\"@id\":\"https:\\\/\\\/www.facecorner.lv\\\/shop\\\/vt-cosmetics-retinol-collagen-pink-micro-bubble-serum-pretnovecosanas-serums-ar-retinolu-un-kolagenu-70ml\\\/#breadcrumb\"},\"inLanguage\":\"lv-LV\",\"potentialAction\":[{\"@type\":\"ReadAction\",\"target\":[\"https:\\\/\\\/www.facecorner.lv\\\/shop\\\/vt-cosmetics-retinol-collagen-pink-micro-bubble-serum-pretnovecosanas-serums-ar-retinolu-un-kolagenu-70ml\\\/\"]}]},{\"@type\":\"ImageObject\",\"inLanguage\":\"lv-LV\",\"@id\":\"https:\\\/\\\/www.facecorner.lv\\\/shop\\\/vt-cosmetics-retinol-collagen-pink-micro-bubble-serum-pretnovecosanas-serums-ar-retinolu-un-kolagenu-70ml\\\/#primaryimage\",\"url\":\"https:\\\/\\\/www.facecorner.lv\\\/wp-content\\\/uploads\\\/2026\\\/01\\\/pink1758182754336937847af5c80.jpg\",\"contentUrl\":\"https:\\\/\\\/www.facecorner.lv\\\/wp-content\\\/uploads\\\/2026\\\/01\\\/pink1758182754336937847af5c80.jpg\",\"width\":1500,\"height\":1500,\"caption\":\"VT COSMETICS Retinol Collagen Pink Micro Bubble Serum\"},{\"@type\":\"BreadcrumbList\",\"@id\":\"https:\\\/\\\/www.facecorner.lv\\\/shop\\\/vt-cosmetics-retinol-collagen-pink-micro-bubble-serum-pretnovecosanas-serums-ar-retinolu-un-kolagenu-70ml\\\/#breadcrumb\",\"itemListElement\":[{\"@type\":\"ListItem\",\"position\":1,\"name\":\"Home\",\"item\":\"https:\\\/\\\/www.facecorner.lv\\\/\"},{\"@type\":\"ListItem\",\"position\":2,\"name\":\"Veikals\",\"item\":\"https:\\\/\\\/www.facecorner.lv\\\/shop\\\/\"},{\"@type\":\"ListItem\",\"position\":3,\"name\":\"VT COSMETICS Retinol Collagen Pink Micro Bubble Serum pretnoveco\u0161an\u0101s serums ar retinolu un kolag\u0113nu 70ml\"}]},{\"@type\":\"WebSite\",\"@id\":\"https:\\\/\\\/www.facecorner.lv\\\/#website\",\"url\":\"https:\\\/\\\/www.facecorner.lv\\\/\",\"name\":\"Facecorner\",\"description\":\"\",\"publisher\":{\"@id\":\"https:\\\/\\\/www.facecorner.lv\\\/#organization\"},\"potentialAction\":[{\"@type\":\"SearchAction\",\"target\":{\"@type\":\"EntryPoint\",\"urlTemplate\":\"https:\\\/\\\/www.facecorner.lv\\\/?s={search_term_string}\"},\"query-input\":{\"@type\":\"PropertyValueSpecification\",\"valueRequired\":true,\"valueName\":\"search_term_string\"}}],\"inLanguage\":\"lv-LV\"},{\"@type\":\"Organization\",\"@id\":\"https:\\\/\\\/www.facecorner.lv\\\/#organization\",\"name\":\"Facecorner\",\"url\":\"https:\\\/\\\/www.facecorner.lv\\\/\",\"logo\":{\"@type\":\"ImageObject\",\"inLanguage\":\"lv-LV\",\"@id\":\"https:\\\/\\\/www.facecorner.lv\\\/#\\\/schema\\\/logo\\\/image\\\/\",\"url\":\"https:\\\/\\\/www.facecorner.lv\\\/wp-content\\\/uploads\\\/2024\\\/04\\\/fc-logo.jpg\",\"contentUrl\":\"https:\\\/\\\/www.facecorner.lv\\\/wp-content\\\/uploads\\\/2024\\\/04\\\/fc-logo.jpg\",\"width\":174,\"height\":28,\"caption\":\"Facecorner\"},\"image\":{\"@id\":\"https:\\\/\\\/www.facecorner.lv\\\/#\\\/schema\\\/logo\\\/image\\\/\"},\"sameAs\":[\"https:\\\/\\\/www.facebook.com\\\/profile.php?id=100063824551839\",\"https:\\\/\\\/www.instagram.com\\\/facecorner_shop\\\/\"]}]}<\/script>\n<meta property=\"product:price:amount\" content=\"27.50\" \/>\n<meta property=\"product:price:currency\" content=\"EUR\" \/>\n<meta property=\"og:availability\" content=\"instock\" \/>\n<meta property=\"product:availability\" content=\"instock\" \/>\n<meta property=\"product:condition\" content=\"new\" \/>\n<!-- \/ Yoast SEO plugin. -->","yoast_head_json":{"title":"VT COSMETICS Retinol Collagen Pink Micro Bubble Serum pretnoveco\u0161an\u0101s serums ar retinolu un kolag\u0113nu 70ml - FACECORNER","description":"VT COSMETICS Retinol Collagen Pink Micro Bubble Serum inovat\u012bva pretnoveco\u0161an\u0101s seruma ar retinolu un kolag\u0113nu roz\u0101 mikroburbu\u013cu form\u0101t\u0101, kas aktiviz\u0113jas uzkl\u0101jot un nodro\u0161ina akt\u012bvo sast\u0101vda\u013cu dzi\u013c\u0101ku un efekt\u012bv\u0101ku ies\u016bk\u0161anos.","robots":{"index":"index","follow":"follow","max-snippet":"max-snippet:-1","max-image-preview":"max-image-preview:large","max-video-preview":"max-video-preview:-1"},"canonical":"https:\/\/www.facecorner.lv\/lv\/shop\/vt-cosmetics-retinol-collagen-pink-micro-bubble-serum-pretnovecosanas-serums-ar-retinolu-un-kolagenu-70ml\/","og_locale":"lv_LV","og_type":"article","og_title":"VT COSMETICS Retinol Collagen Pink Micro Bubble Serum pretnoveco\u0161an\u0101s serums ar retinolu un kolag\u0113nu 70ml - FACECORNER","og_description":"VT COSMETICS Retinol Collagen Pink Micro Bubble Serum inovat\u012bva pretnoveco\u0161an\u0101s seruma ar retinolu un kolag\u0113nu roz\u0101 mikroburbu\u013cu form\u0101t\u0101, kas aktiviz\u0113jas uzkl\u0101jot un nodro\u0161ina akt\u012bvo sast\u0101vda\u013cu dzi\u013c\u0101ku un efekt\u012bv\u0101ku ies\u016bk\u0161anos.","og_url":"https:\/\/www.facecorner.lv\/lv\/shop\/vt-cosmetics-retinol-collagen-pink-micro-bubble-serum-pretnovecosanas-serums-ar-retinolu-un-kolagenu-70ml\/","og_site_name":"FACECORNER","article_publisher":"https:\/\/www.facebook.com\/profile.php?id=100063824551839","article_modified_time":"2026-02-02T11:14:32+00:00","og_image":[{"width":1500,"height":1500,"url":"https:\/\/www.facecorner.lv\/wp-content\/uploads\/2026\/01\/pink1758182754336937847af5c80.jpg","type":"image\/jpeg"}],"twitter_card":"summary_large_image","twitter_misc":{"Price":"&euro;27.50","Availability":"In stock"},"schema":{"@context":"https:\/\/schema.org","@graph":[{"@type":"WebPage","@id":"https:\/\/www.facecorner.lv\/shop\/vt-cosmetics-retinol-collagen-pink-micro-bubble-serum-pretnovecosanas-serums-ar-retinolu-un-kolagenu-70ml\/","url":"https:\/\/www.facecorner.lv\/shop\/vt-cosmetics-retinol-collagen-pink-micro-bubble-serum-pretnovecosanas-serums-ar-retinolu-un-kolagenu-70ml\/","name":"VT COSMETICS Retinol Collagen Pink Micro Bubble Serum pretnoveco\u0161an\u0101s serums ar retinolu un kolag\u0113nu 70ml - FACECORNER","isPartOf":{"@id":"https:\/\/www.facecorner.lv\/#website"},"primaryImageOfPage":{"@id":"https:\/\/www.facecorner.lv\/shop\/vt-cosmetics-retinol-collagen-pink-micro-bubble-serum-pretnovecosanas-serums-ar-retinolu-un-kolagenu-70ml\/#primaryimage"},"image":{"@id":"https:\/\/www.facecorner.lv\/shop\/vt-cosmetics-retinol-collagen-pink-micro-bubble-serum-pretnovecosanas-serums-ar-retinolu-un-kolagenu-70ml\/#primaryimage"},"thumbnailUrl":"https:\/\/www.facecorner.lv\/wp-content\/uploads\/2026\/01\/pink1758182754336937847af5c80.jpg","datePublished":"2026-01-07T12:56:57+00:00","dateModified":"2026-02-02T11:14:32+00:00","description":"VT COSMETICS Retinol Collagen Pink Micro Bubble Serum inovat\u012bva pretnoveco\u0161an\u0101s seruma ar retinolu un kolag\u0113nu roz\u0101 mikroburbu\u013cu form\u0101t\u0101, kas aktiviz\u0113jas uzkl\u0101jot un nodro\u0161ina akt\u012bvo sast\u0101vda\u013cu dzi\u013c\u0101ku un efekt\u012bv\u0101ku ies\u016bk\u0161anos.","breadcrumb":{"@id":"https:\/\/www.facecorner.lv\/shop\/vt-cosmetics-retinol-collagen-pink-micro-bubble-serum-pretnovecosanas-serums-ar-retinolu-un-kolagenu-70ml\/#breadcrumb"},"inLanguage":"lv-LV","potentialAction":[{"@type":"ReadAction","target":["https:\/\/www.facecorner.lv\/shop\/vt-cosmetics-retinol-collagen-pink-micro-bubble-serum-pretnovecosanas-serums-ar-retinolu-un-kolagenu-70ml\/"]}]},{"@type":"ImageObject","inLanguage":"lv-LV","@id":"https:\/\/www.facecorner.lv\/shop\/vt-cosmetics-retinol-collagen-pink-micro-bubble-serum-pretnovecosanas-serums-ar-retinolu-un-kolagenu-70ml\/#primaryimage","url":"https:\/\/www.facecorner.lv\/wp-content\/uploads\/2026\/01\/pink1758182754336937847af5c80.jpg","contentUrl":"https:\/\/www.facecorner.lv\/wp-content\/uploads\/2026\/01\/pink1758182754336937847af5c80.jpg","width":1500,"height":1500,"caption":"VT COSMETICS Retinol Collagen Pink Micro Bubble Serum"},{"@type":"BreadcrumbList","@id":"https:\/\/www.facecorner.lv\/shop\/vt-cosmetics-retinol-collagen-pink-micro-bubble-serum-pretnovecosanas-serums-ar-retinolu-un-kolagenu-70ml\/#breadcrumb","itemListElement":[{"@type":"ListItem","position":1,"name":"Home","item":"https:\/\/www.facecorner.lv\/"},{"@type":"ListItem","position":2,"name":"Veikals","item":"https:\/\/www.facecorner.lv\/shop\/"},{"@type":"ListItem","position":3,"name":"VT COSMETICS Retinol Collagen Pink Micro Bubble Serum pretnoveco\u0161an\u0101s serums ar retinolu un kolag\u0113nu 70ml"}]},{"@type":"WebSite","@id":"https:\/\/www.facecorner.lv\/#website","url":"https:\/\/www.facecorner.lv\/","name":"Facecorner","description":"","publisher":{"@id":"https:\/\/www.facecorner.lv\/#organization"},"potentialAction":[{"@type":"SearchAction","target":{"@type":"EntryPoint","urlTemplate":"https:\/\/www.facecorner.lv\/?s={search_term_string}"},"query-input":{"@type":"PropertyValueSpecification","valueRequired":true,"valueName":"search_term_string"}}],"inLanguage":"lv-LV"},{"@type":"Organization","@id":"https:\/\/www.facecorner.lv\/#organization","name":"Facecorner","url":"https:\/\/www.facecorner.lv\/","logo":{"@type":"ImageObject","inLanguage":"lv-LV","@id":"https:\/\/www.facecorner.lv\/#\/schema\/logo\/image\/","url":"https:\/\/www.facecorner.lv\/wp-content\/uploads\/2024\/04\/fc-logo.jpg","contentUrl":"https:\/\/www.facecorner.lv\/wp-content\/uploads\/2024\/04\/fc-logo.jpg","width":174,"height":28,"caption":"Facecorner"},"image":{"@id":"https:\/\/www.facecorner.lv\/#\/schema\/logo\/image\/"},"sameAs":["https:\/\/www.facebook.com\/profile.php?id=100063824551839","https:\/\/www.instagram.com\/facecorner_shop\/"]}]},"product_price_amount":"27.50","product_price_currency":"EUR","og_availability":"instock","product_availability":"instock","product_condition":"new"},"_links":{"self":[{"href":"https:\/\/www.facecorner.lv\/lv\/wp-json\/wp\/v2\/product\/26559","targetHints":{"allow":["GET"]}}],"collection":[{"href":"https:\/\/www.facecorner.lv\/lv\/wp-json\/wp\/v2\/product"}],"about":[{"href":"https:\/\/www.facecorner.lv\/lv\/wp-json\/wp\/v2\/types\/product"}],"replies":[{"embeddable":true,"href":"https:\/\/www.facecorner.lv\/lv\/wp-json\/wp\/v2\/comments?post=26559"}],"wp:featuredmedia":[{"embeddable":true,"href":"https:\/\/www.facecorner.lv\/lv\/wp-json\/wp\/v2\/media\/26560"}],"wp:attachment":[{"href":"https:\/\/www.facecorner.lv\/lv\/wp-json\/wp\/v2\/media?parent=26559"}],"wp:term":[{"taxonomy":"product_brand","embeddable":true,"href":"https:\/\/www.facecorner.lv\/lv\/wp-json\/wp\/v2\/product_brand?post=26559"},{"taxonomy":"product_cat","embeddable":true,"href":"https:\/\/www.facecorner.lv\/lv\/wp-json\/wp\/v2\/product_cat?post=26559"},{"taxonomy":"product_tag","embeddable":true,"href":"https:\/\/www.facecorner.lv\/lv\/wp-json\/wp\/v2\/product_tag?post=26559"},{"taxonomy":"berocket_brand","embeddable":true,"href":"https:\/\/www.facecorner.lv\/lv\/wp-json\/wp\/v2\/berocket_brand?post=26559"}],"curies":[{"name":"wp","href":"https:\/\/api.w.org\/{rel}","templated":true}]}}