{"id":26440,"date":"2025-12-18T16:08:00","date_gmt":"2025-12-18T13:08:00","guid":{"rendered":"https:\/\/www.facecorner.lv\/?post_type=product&#038;p=26440"},"modified":"2025-12-18T16:08:00","modified_gmt":"2025-12-18T13:08:00","slug":"by-wishtrend-mandelic-acid-dark-spot-correcting-serum-serums-pret-pinnes-ar-mandelinskabi-30ml","status":"publish","type":"product","link":"https:\/\/www.facecorner.lv\/lv\/shop\/by-wishtrend-mandelic-acid-dark-spot-correcting-serum-serums-pret-pinnes-ar-mandelinskabi-30ml\/","title":{"rendered":"By Wishtrend Mandelic Acid Dark Spot Correcting Serum serums pret pinnes ar mandel\u012bnsk\u0101bi  30ml"},"content":{"rendered":"<p>By Wishtrend Mandelic Acid Dark Spot Correcting Serum serums ar mandel\u012bnsk\u0101bi maigi izgaismo pigmentu plankumus un nov\u0113r\u0161 bl\u0101vumu. Maigi eksfoli\u0113, izl\u012bdzina \u0101das tekst\u016bru un m\u012bkstina raupjas vietas.<\/p>\n<p>Aizkav\u0113 melan\u012bna sint\u0113zi un nov\u0113r\u0161 p\u0113capdeguma pigment\u0101cijas veido\u0161anos. Pa\u0101trina re\u0123ener\u0101ciju, uztur \u0101das elast\u012bbu un stingr\u012bbu.<\/p>\n<h6>Galven\u0101s akt\u012bv\u0101s sast\u0101vda\u013cas:<\/h6>\n<ul>\n<li>AHA (mande\u013cu sk\u0101be, 0,05%) no\u0146em atmiru\u0161\u0101s \u0161\u016bnas, stimul\u0113 epidermas atjauno\u0161anos, izl\u012bdzina mikroreljefu un izgaismo.<\/li>\n<li>Glutationam ir atjaunojo\u0161a iedarb\u012bba, tas izl\u012bdzina grumbu un nov\u0113r\u0161 noguruma paz\u012bmes. Izl\u012bdzina \u0101das toni, iedarbojoties uz vecuma pigment\u0101ciju un p\u0113capnikas p\u0113das.<\/li>\n<li>Vitam\u012bns C (Ascorbyl Tetraisopalmitate) stabil\u0101 form\u0101 delik\u0101ti izgaismo pigmentu plankumus, stimul\u0113 kolag\u0113na sint\u0113zi, aizsarg\u0101 no fotonoveco\u0161an\u0101s, nov\u0113r\u0161 pirm\u0101s vecuma izmai\u0146u paz\u012bmes.<\/li>\n<li>Kurkumas saknes ekstrakts piem\u012bt augsta antioksidantu aktivit\u0101te, tas c\u012bn\u0101s ar oksidat\u012bvo stresu, regul\u0113 sebuma izdal\u012b\u0161anos, izl\u012bdzina \u0101das toni.<\/li>\n<li>Bisabolols tiek ieg\u016bts no kumel\u012b\u0161u \u0113terisk\u0101s e\u013c\u013cas, tas samazina kairin\u0101juma zonu un no\u0146em aps\u0101rtumu, uzs\u0101k re\u0123ener\u0101ciju un atjauno elast\u012bbu.<\/li>\n<\/ul>\n<p><strong>Lieto\u0161ana<\/strong>: p\u0113c sejas att\u012br\u012b\u0161anas un toniz\u0113\u0161anas uzkl\u0101jiet l\u012bdzekli uz sejas, izl\u012bdziniet pa \u0101du. Pabeidziet kop\u0161anu, uzkl\u0101jot kr\u0113mu. Dien\u0101 lietojiet saules aizsargl\u012bdzekli SPF50 PA++++.<\/p>\n<p><strong>Sast\u0101vs:<\/strong> <span style=\"font-size: 16px;\">Water, Caprylic\/Capric Triglyceride, Glycerin, 1,2-Hexanediol, Niacinamide, Castor Oil\/IPDI Copolymer, Carbomer, Eclipta Prostrata Extract, Coccinia Indica Fruit Extract,Acrylates\/C10-30 Alkyl Acrylate Crosspolymer, Xanthan Gum, Tocopherol, Tromethamine, Mandelic Acid, Sodium Phytate, Adenosine, Ascorbyl Tetraisopalmitate, Hyaluronic Acid, Bisabolol, Melia Azadirachta Flower Extract, Ocimum Sanctum Leaf Extract, Melia Azadirachta Leaf Extract, Butylene Glycol, Curcuma Longa (Turmeric) Root Extract, Corallina Officinalis Extract, Glutathione, Ethylhexylglycerin, Hydrogenated Lecithin, Cynanchum Atratum Extract<\/span><\/p>\n<div class=\"product__components\"><\/div>\n<p>&nbsp;<\/p>\n","protected":false},"excerpt":{"rendered":"<p>By Wishtrend Mandelic Acid Dark Spot Correcting Serum serums ar mandel\u012bnsk\u0101bi maigi izgaismo pigmentu plankumus un nov\u0113r\u0161 bl\u0101vumu. Maigi eksfoli\u0113, izl\u012bdzina \u0101das tekst\u016bru un m\u012bkstina raupjas vietas.<\/p>\n","protected":false},"featured_media":26441,"comment_status":"open","ping_status":"closed","template":"","meta":{"site-sidebar-layout":"default","site-content-layout":"","ast-site-content-layout":"default","site-content-style":"default","site-sidebar-style":"default","ast-global-header-display":"","ast-banner-title-visibility":"","ast-main-header-display":"","ast-hfb-above-header-display":"","ast-hfb-below-header-display":"","ast-hfb-mobile-header-display":"","site-post-title":"","ast-breadcrumbs-content":"","ast-featured-img":"","footer-sml-layout":"","theme-transparent-header-meta":"default","adv-header-id-meta":"","stick-header-meta":"","header-above-stick-meta":"","header-main-stick-meta":"","header-below-stick-meta":"","astra-migrate-meta-layouts":"set","ast-page-background-enabled":"default","ast-page-background-meta":{"desktop":{"background-color":"var(--ast-global-color-4)","background-image":"","background-repeat":"repeat","background-position":"center center","background-size":"auto","background-attachment":"scroll","background-type":"","background-media":"","overlay-type":"","overlay-color":"","overlay-opacity":"","overlay-gradient":""},"tablet":{"background-color":"","background-image":"","background-repeat":"repeat","background-position":"center center","background-size":"auto","background-attachment":"scroll","background-type":"","background-media":"","overlay-type":"","overlay-color":"","overlay-opacity":"","overlay-gradient":""},"mobile":{"background-color":"","background-image":"","background-repeat":"repeat","background-position":"center center","background-size":"auto","background-attachment":"scroll","background-type":"","background-media":"","overlay-type":"","overlay-color":"","overlay-opacity":"","overlay-gradient":""}},"ast-content-background-meta":{"desktop":{"background-color":"var(--ast-global-color-5)","background-image":"","background-repeat":"repeat","background-position":"center center","background-size":"auto","background-attachment":"scroll","background-type":"","background-media":"","overlay-type":"","overlay-color":"","overlay-opacity":"","overlay-gradient":""},"tablet":{"background-color":"var(--ast-global-color-5)","background-image":"","background-repeat":"repeat","background-position":"center center","background-size":"auto","background-attachment":"scroll","background-type":"","background-media":"","overlay-type":"","overlay-color":"","overlay-opacity":"","overlay-gradient":""},"mobile":{"background-color":"var(--ast-global-color-5)","background-image":"","background-repeat":"repeat","background-position":"center center","background-size":"auto","background-attachment":"scroll","background-type":"","background-media":"","overlay-type":"","overlay-color":"","overlay-opacity":"","overlay-gradient":""}}},"product_brand":[],"product_cat":[373,374,363],"product_tag":[],"berocket_brand":[603],"class_list":{"0":"post-26440","1":"product","2":"type-product","3":"status-publish","4":"has-post-thumbnail","6":"product_cat-poras-sasaurinoss","7":"product_cat-pret-pinnem","8":"product_cat-serumi","9":"berocket_brand-bywishtrend","10":"desktop-align-left","11":"tablet-align-left","12":"mobile-align-left","14":"first","15":"instock","16":"taxable","17":"shipping-taxable","18":"purchasable","19":"product-type-simple","20":"add-to-wishlist-before_image"},"yoast_head":"<!-- This site is optimized with the Yoast SEO plugin v27.4 - https:\/\/yoast.com\/product\/yoast-seo-wordpress\/ -->\n<title>By Wishtrend Mandelic Acid Dark Spot Correcting Serum serums pret pinnes ar mandel\u012bnsk\u0101bi 30ml - FACECORNER<\/title>\n<meta name=\"description\" content=\"By Wishtrend Mandelic Acid Dark Spot Correcting Serum serums ar mandel\u012bnsk\u0101bi maigi izgaismo pigmentu plankumus un nov\u0113r\u0161 bl\u0101vumu. Maigi eksfoli\u0113, izl\u012bdzina \u0101das tekst\u016bru un m\u012bkstina raupjas vietas.\" \/>\n<meta name=\"robots\" content=\"index, follow, max-snippet:-1, max-image-preview:large, max-video-preview:-1\" \/>\n<link rel=\"canonical\" href=\"https:\/\/www.facecorner.lv\/lv\/shop\/by-wishtrend-mandelic-acid-dark-spot-correcting-serum-serums-pret-pinnes-ar-mandelinskabi-30ml\/\" \/>\n<meta property=\"og:locale\" content=\"lv_LV\" \/>\n<meta property=\"og:type\" content=\"article\" \/>\n<meta property=\"og:title\" content=\"By Wishtrend Mandelic Acid Dark Spot Correcting Serum serums pret pinnes ar mandel\u012bnsk\u0101bi 30ml - FACECORNER\" \/>\n<meta property=\"og:description\" content=\"By Wishtrend Mandelic Acid Dark Spot Correcting Serum serums ar mandel\u012bnsk\u0101bi maigi izgaismo pigmentu plankumus un nov\u0113r\u0161 bl\u0101vumu. Maigi eksfoli\u0113, izl\u012bdzina \u0101das tekst\u016bru un m\u012bkstina raupjas vietas.\" \/>\n<meta property=\"og:url\" content=\"https:\/\/www.facecorner.lv\/lv\/shop\/by-wishtrend-mandelic-acid-dark-spot-correcting-serum-serums-pret-pinnes-ar-mandelinskabi-30ml\/\" \/>\n<meta property=\"og:site_name\" content=\"FACECORNER\" \/>\n<meta property=\"article:publisher\" content=\"https:\/\/www.facebook.com\/profile.php?id=100063824551839\" \/>\n<meta property=\"og:image\" content=\"https:\/\/www.facecorner.lv\/wp-content\/uploads\/2025\/12\/1_1c83b850-4e24-496b-8318-8638d3da1bba.webp\" \/>\n\t<meta property=\"og:image:width\" content=\"1000\" \/>\n\t<meta property=\"og:image:height\" content=\"1000\" \/>\n\t<meta property=\"og:image:type\" content=\"image\/webp\" \/>\n<meta name=\"twitter:card\" content=\"summary_large_image\" \/>\n<meta name=\"twitter:label1\" content=\"Price\" \/>\n\t<meta name=\"twitter:data1\" content=\"&euro;29.95\" \/>\n\t<meta name=\"twitter:label2\" content=\"Availability\" \/>\n\t<meta name=\"twitter:data2\" content=\"In stock\" \/>\n<script type=\"application\/ld+json\" class=\"yoast-schema-graph\">{\"@context\":\"https:\\\/\\\/schema.org\",\"@graph\":[{\"@type\":\"WebPage\",\"@id\":\"https:\\\/\\\/www.facecorner.lv\\\/shop\\\/by-wishtrend-mandelic-acid-dark-spot-correcting-serum-serums-pret-pinnes-ar-mandelinskabi-30ml\\\/\",\"url\":\"https:\\\/\\\/www.facecorner.lv\\\/shop\\\/by-wishtrend-mandelic-acid-dark-spot-correcting-serum-serums-pret-pinnes-ar-mandelinskabi-30ml\\\/\",\"name\":\"By Wishtrend Mandelic Acid Dark Spot Correcting Serum serums pret pinnes ar mandel\u012bnsk\u0101bi 30ml - FACECORNER\",\"isPartOf\":{\"@id\":\"https:\\\/\\\/www.facecorner.lv\\\/#website\"},\"primaryImageOfPage\":{\"@id\":\"https:\\\/\\\/www.facecorner.lv\\\/shop\\\/by-wishtrend-mandelic-acid-dark-spot-correcting-serum-serums-pret-pinnes-ar-mandelinskabi-30ml\\\/#primaryimage\"},\"image\":{\"@id\":\"https:\\\/\\\/www.facecorner.lv\\\/shop\\\/by-wishtrend-mandelic-acid-dark-spot-correcting-serum-serums-pret-pinnes-ar-mandelinskabi-30ml\\\/#primaryimage\"},\"thumbnailUrl\":\"https:\\\/\\\/www.facecorner.lv\\\/wp-content\\\/uploads\\\/2025\\\/12\\\/1_1c83b850-4e24-496b-8318-8638d3da1bba.webp\",\"datePublished\":\"2025-12-18T13:08:00+00:00\",\"description\":\"By Wishtrend Mandelic Acid Dark Spot Correcting Serum serums ar mandel\u012bnsk\u0101bi maigi izgaismo pigmentu plankumus un nov\u0113r\u0161 bl\u0101vumu. Maigi eksfoli\u0113, izl\u012bdzina \u0101das tekst\u016bru un m\u012bkstina raupjas vietas.\",\"breadcrumb\":{\"@id\":\"https:\\\/\\\/www.facecorner.lv\\\/shop\\\/by-wishtrend-mandelic-acid-dark-spot-correcting-serum-serums-pret-pinnes-ar-mandelinskabi-30ml\\\/#breadcrumb\"},\"inLanguage\":\"lv-LV\",\"potentialAction\":[{\"@type\":\"ReadAction\",\"target\":[\"https:\\\/\\\/www.facecorner.lv\\\/shop\\\/by-wishtrend-mandelic-acid-dark-spot-correcting-serum-serums-pret-pinnes-ar-mandelinskabi-30ml\\\/\"]}]},{\"@type\":\"ImageObject\",\"inLanguage\":\"lv-LV\",\"@id\":\"https:\\\/\\\/www.facecorner.lv\\\/shop\\\/by-wishtrend-mandelic-acid-dark-spot-correcting-serum-serums-pret-pinnes-ar-mandelinskabi-30ml\\\/#primaryimage\",\"url\":\"https:\\\/\\\/www.facecorner.lv\\\/wp-content\\\/uploads\\\/2025\\\/12\\\/1_1c83b850-4e24-496b-8318-8638d3da1bba.webp\",\"contentUrl\":\"https:\\\/\\\/www.facecorner.lv\\\/wp-content\\\/uploads\\\/2025\\\/12\\\/1_1c83b850-4e24-496b-8318-8638d3da1bba.webp\",\"width\":1000,\"height\":1000,\"caption\":\"By Wishtrend Mandelic Acid Dark Spot Correcting Serum\"},{\"@type\":\"BreadcrumbList\",\"@id\":\"https:\\\/\\\/www.facecorner.lv\\\/shop\\\/by-wishtrend-mandelic-acid-dark-spot-correcting-serum-serums-pret-pinnes-ar-mandelinskabi-30ml\\\/#breadcrumb\",\"itemListElement\":[{\"@type\":\"ListItem\",\"position\":1,\"name\":\"Home\",\"item\":\"https:\\\/\\\/www.facecorner.lv\\\/\"},{\"@type\":\"ListItem\",\"position\":2,\"name\":\"Veikals\",\"item\":\"https:\\\/\\\/www.facecorner.lv\\\/shop\\\/\"},{\"@type\":\"ListItem\",\"position\":3,\"name\":\"By Wishtrend Mandelic Acid Dark Spot Correcting Serum serums pret pinnes ar mandel\u012bnsk\u0101bi 30ml\"}]},{\"@type\":\"WebSite\",\"@id\":\"https:\\\/\\\/www.facecorner.lv\\\/#website\",\"url\":\"https:\\\/\\\/www.facecorner.lv\\\/\",\"name\":\"Facecorner\",\"description\":\"\",\"publisher\":{\"@id\":\"https:\\\/\\\/www.facecorner.lv\\\/#organization\"},\"potentialAction\":[{\"@type\":\"SearchAction\",\"target\":{\"@type\":\"EntryPoint\",\"urlTemplate\":\"https:\\\/\\\/www.facecorner.lv\\\/?s={search_term_string}\"},\"query-input\":{\"@type\":\"PropertyValueSpecification\",\"valueRequired\":true,\"valueName\":\"search_term_string\"}}],\"inLanguage\":\"lv-LV\"},{\"@type\":\"Organization\",\"@id\":\"https:\\\/\\\/www.facecorner.lv\\\/#organization\",\"name\":\"Facecorner\",\"url\":\"https:\\\/\\\/www.facecorner.lv\\\/\",\"logo\":{\"@type\":\"ImageObject\",\"inLanguage\":\"lv-LV\",\"@id\":\"https:\\\/\\\/www.facecorner.lv\\\/#\\\/schema\\\/logo\\\/image\\\/\",\"url\":\"https:\\\/\\\/www.facecorner.lv\\\/wp-content\\\/uploads\\\/2024\\\/04\\\/fc-logo.jpg\",\"contentUrl\":\"https:\\\/\\\/www.facecorner.lv\\\/wp-content\\\/uploads\\\/2024\\\/04\\\/fc-logo.jpg\",\"width\":174,\"height\":28,\"caption\":\"Facecorner\"},\"image\":{\"@id\":\"https:\\\/\\\/www.facecorner.lv\\\/#\\\/schema\\\/logo\\\/image\\\/\"},\"sameAs\":[\"https:\\\/\\\/www.facebook.com\\\/profile.php?id=100063824551839\",\"https:\\\/\\\/www.instagram.com\\\/facecorner_shop\\\/\"]}]}<\/script>\n<meta property=\"product:price:amount\" content=\"29.95\" \/>\n<meta property=\"product:price:currency\" content=\"EUR\" \/>\n<meta property=\"og:availability\" content=\"instock\" \/>\n<meta property=\"product:availability\" content=\"instock\" \/>\n<meta property=\"product:condition\" content=\"new\" \/>\n<!-- \/ Yoast SEO plugin. -->","yoast_head_json":{"title":"By Wishtrend Mandelic Acid Dark Spot Correcting Serum serums pret pinnes ar mandel\u012bnsk\u0101bi 30ml - FACECORNER","description":"By Wishtrend Mandelic Acid Dark Spot Correcting Serum serums ar mandel\u012bnsk\u0101bi maigi izgaismo pigmentu plankumus un nov\u0113r\u0161 bl\u0101vumu. Maigi eksfoli\u0113, izl\u012bdzina \u0101das tekst\u016bru un m\u012bkstina raupjas vietas.","robots":{"index":"index","follow":"follow","max-snippet":"max-snippet:-1","max-image-preview":"max-image-preview:large","max-video-preview":"max-video-preview:-1"},"canonical":"https:\/\/www.facecorner.lv\/lv\/shop\/by-wishtrend-mandelic-acid-dark-spot-correcting-serum-serums-pret-pinnes-ar-mandelinskabi-30ml\/","og_locale":"lv_LV","og_type":"article","og_title":"By Wishtrend Mandelic Acid Dark Spot Correcting Serum serums pret pinnes ar mandel\u012bnsk\u0101bi 30ml - FACECORNER","og_description":"By Wishtrend Mandelic Acid Dark Spot Correcting Serum serums ar mandel\u012bnsk\u0101bi maigi izgaismo pigmentu plankumus un nov\u0113r\u0161 bl\u0101vumu. Maigi eksfoli\u0113, izl\u012bdzina \u0101das tekst\u016bru un m\u012bkstina raupjas vietas.","og_url":"https:\/\/www.facecorner.lv\/lv\/shop\/by-wishtrend-mandelic-acid-dark-spot-correcting-serum-serums-pret-pinnes-ar-mandelinskabi-30ml\/","og_site_name":"FACECORNER","article_publisher":"https:\/\/www.facebook.com\/profile.php?id=100063824551839","og_image":[{"width":1000,"height":1000,"url":"https:\/\/www.facecorner.lv\/wp-content\/uploads\/2025\/12\/1_1c83b850-4e24-496b-8318-8638d3da1bba.webp","type":"image\/webp"}],"twitter_card":"summary_large_image","twitter_misc":{"Price":"&euro;29.95","Availability":"In stock"},"schema":{"@context":"https:\/\/schema.org","@graph":[{"@type":"WebPage","@id":"https:\/\/www.facecorner.lv\/shop\/by-wishtrend-mandelic-acid-dark-spot-correcting-serum-serums-pret-pinnes-ar-mandelinskabi-30ml\/","url":"https:\/\/www.facecorner.lv\/shop\/by-wishtrend-mandelic-acid-dark-spot-correcting-serum-serums-pret-pinnes-ar-mandelinskabi-30ml\/","name":"By Wishtrend Mandelic Acid Dark Spot Correcting Serum serums pret pinnes ar mandel\u012bnsk\u0101bi 30ml - FACECORNER","isPartOf":{"@id":"https:\/\/www.facecorner.lv\/#website"},"primaryImageOfPage":{"@id":"https:\/\/www.facecorner.lv\/shop\/by-wishtrend-mandelic-acid-dark-spot-correcting-serum-serums-pret-pinnes-ar-mandelinskabi-30ml\/#primaryimage"},"image":{"@id":"https:\/\/www.facecorner.lv\/shop\/by-wishtrend-mandelic-acid-dark-spot-correcting-serum-serums-pret-pinnes-ar-mandelinskabi-30ml\/#primaryimage"},"thumbnailUrl":"https:\/\/www.facecorner.lv\/wp-content\/uploads\/2025\/12\/1_1c83b850-4e24-496b-8318-8638d3da1bba.webp","datePublished":"2025-12-18T13:08:00+00:00","description":"By Wishtrend Mandelic Acid Dark Spot Correcting Serum serums ar mandel\u012bnsk\u0101bi maigi izgaismo pigmentu plankumus un nov\u0113r\u0161 bl\u0101vumu. Maigi eksfoli\u0113, izl\u012bdzina \u0101das tekst\u016bru un m\u012bkstina raupjas vietas.","breadcrumb":{"@id":"https:\/\/www.facecorner.lv\/shop\/by-wishtrend-mandelic-acid-dark-spot-correcting-serum-serums-pret-pinnes-ar-mandelinskabi-30ml\/#breadcrumb"},"inLanguage":"lv-LV","potentialAction":[{"@type":"ReadAction","target":["https:\/\/www.facecorner.lv\/shop\/by-wishtrend-mandelic-acid-dark-spot-correcting-serum-serums-pret-pinnes-ar-mandelinskabi-30ml\/"]}]},{"@type":"ImageObject","inLanguage":"lv-LV","@id":"https:\/\/www.facecorner.lv\/shop\/by-wishtrend-mandelic-acid-dark-spot-correcting-serum-serums-pret-pinnes-ar-mandelinskabi-30ml\/#primaryimage","url":"https:\/\/www.facecorner.lv\/wp-content\/uploads\/2025\/12\/1_1c83b850-4e24-496b-8318-8638d3da1bba.webp","contentUrl":"https:\/\/www.facecorner.lv\/wp-content\/uploads\/2025\/12\/1_1c83b850-4e24-496b-8318-8638d3da1bba.webp","width":1000,"height":1000,"caption":"By Wishtrend Mandelic Acid Dark Spot Correcting Serum"},{"@type":"BreadcrumbList","@id":"https:\/\/www.facecorner.lv\/shop\/by-wishtrend-mandelic-acid-dark-spot-correcting-serum-serums-pret-pinnes-ar-mandelinskabi-30ml\/#breadcrumb","itemListElement":[{"@type":"ListItem","position":1,"name":"Home","item":"https:\/\/www.facecorner.lv\/"},{"@type":"ListItem","position":2,"name":"Veikals","item":"https:\/\/www.facecorner.lv\/shop\/"},{"@type":"ListItem","position":3,"name":"By Wishtrend Mandelic Acid Dark Spot Correcting Serum serums pret pinnes ar mandel\u012bnsk\u0101bi 30ml"}]},{"@type":"WebSite","@id":"https:\/\/www.facecorner.lv\/#website","url":"https:\/\/www.facecorner.lv\/","name":"Facecorner","description":"","publisher":{"@id":"https:\/\/www.facecorner.lv\/#organization"},"potentialAction":[{"@type":"SearchAction","target":{"@type":"EntryPoint","urlTemplate":"https:\/\/www.facecorner.lv\/?s={search_term_string}"},"query-input":{"@type":"PropertyValueSpecification","valueRequired":true,"valueName":"search_term_string"}}],"inLanguage":"lv-LV"},{"@type":"Organization","@id":"https:\/\/www.facecorner.lv\/#organization","name":"Facecorner","url":"https:\/\/www.facecorner.lv\/","logo":{"@type":"ImageObject","inLanguage":"lv-LV","@id":"https:\/\/www.facecorner.lv\/#\/schema\/logo\/image\/","url":"https:\/\/www.facecorner.lv\/wp-content\/uploads\/2024\/04\/fc-logo.jpg","contentUrl":"https:\/\/www.facecorner.lv\/wp-content\/uploads\/2024\/04\/fc-logo.jpg","width":174,"height":28,"caption":"Facecorner"},"image":{"@id":"https:\/\/www.facecorner.lv\/#\/schema\/logo\/image\/"},"sameAs":["https:\/\/www.facebook.com\/profile.php?id=100063824551839","https:\/\/www.instagram.com\/facecorner_shop\/"]}]},"product_price_amount":"29.95","product_price_currency":"EUR","og_availability":"instock","product_availability":"instock","product_condition":"new"},"_links":{"self":[{"href":"https:\/\/www.facecorner.lv\/lv\/wp-json\/wp\/v2\/product\/26440","targetHints":{"allow":["GET"]}}],"collection":[{"href":"https:\/\/www.facecorner.lv\/lv\/wp-json\/wp\/v2\/product"}],"about":[{"href":"https:\/\/www.facecorner.lv\/lv\/wp-json\/wp\/v2\/types\/product"}],"replies":[{"embeddable":true,"href":"https:\/\/www.facecorner.lv\/lv\/wp-json\/wp\/v2\/comments?post=26440"}],"wp:featuredmedia":[{"embeddable":true,"href":"https:\/\/www.facecorner.lv\/lv\/wp-json\/wp\/v2\/media\/26441"}],"wp:attachment":[{"href":"https:\/\/www.facecorner.lv\/lv\/wp-json\/wp\/v2\/media?parent=26440"}],"wp:term":[{"taxonomy":"product_brand","embeddable":true,"href":"https:\/\/www.facecorner.lv\/lv\/wp-json\/wp\/v2\/product_brand?post=26440"},{"taxonomy":"product_cat","embeddable":true,"href":"https:\/\/www.facecorner.lv\/lv\/wp-json\/wp\/v2\/product_cat?post=26440"},{"taxonomy":"product_tag","embeddable":true,"href":"https:\/\/www.facecorner.lv\/lv\/wp-json\/wp\/v2\/product_tag?post=26440"},{"taxonomy":"berocket_brand","embeddable":true,"href":"https:\/\/www.facecorner.lv\/lv\/wp-json\/wp\/v2\/berocket_brand?post=26440"}],"curies":[{"name":"wp","href":"https:\/\/api.w.org\/{rel}","templated":true}]}}