{"id":26437,"date":"2025-12-18T15:56:19","date_gmt":"2025-12-18T12:56:19","guid":{"rendered":"https:\/\/www.facecorner.lv\/?post_type=product&#038;p=26437"},"modified":"2026-02-25T16:24:57","modified_gmt":"2026-02-25T13:24:57","slug":"centellian24-madeca-derma-mask-iii-intensive-formula","status":"publish","type":"product","link":"https:\/\/www.facecorner.lv\/lv\/shop\/centellian24-madeca-derma-mask-iii-intensive-formula\/","title":{"rendered":"Centellian24 Madeca Derma Mask III Intensive Formula"},"content":{"rendered":"<p>Centellian24 Madeca Derma Mask III Intensive Formula maska ar patent\u0113tu TECA kompleksu (\u0100zijas centellas ekstrakts) ir paredz\u0113ta boj\u0101tas \u0101das barjeras atjauno\u0161anai, elast\u012bbas palielin\u0101\u0161anai un \u0101das visp\u0101r\u0113j\u0101 st\u0101vok\u013ca uzlabo\u0161anai.<\/p>\n<p>Intens\u012bv\u0101 formula pal\u012bdz nomierin\u0101t kairin\u0101jumu, samazin\u0101t aps\u0101rtumu un nodro\u0161ina ilgsto\u0161u mitrin\u0101\u0161anu.<\/p>\n<p>M\u012bksta auduma pamatne cie\u0161i piek\u013caujas \u0101dai, veicinot akt\u012bvo sast\u0101vda\u013cu efekt\u012bvu ies\u016bk\u0161anos un nodro\u0161inot redzamus rezult\u0101tus jau p\u0113c pirm\u0101s lieto\u0161anas reizes.<\/p>\n<p><strong>Lieto\u0161ana<\/strong>: Uzkl\u0101jiet produktu uz sejas 10\u201320 min\u016btes, p\u0113c tam no\u0146emiet masku un viegli ieklopojiet atliku\u0161o esenci \u0101d\u0101.<\/p>\n<p><strong>Sast\u0101vs:\u00a0<\/strong>Glycerin, Honey Extract, Niacinamide, Rosa Damascena Flower Oil, Dimethiconol, Disodium EDTA, Dipropylene Glycol, Lavandula Angustifolia (Lavender) Oil, Madecassic Acid, Citrus Aurantium Bergamia (Bergamot) Fruit Oil, Alcohol Denat., Butylene Glycol, Cyclopentasiloxane, Cyclohexasiloxane, Cetearyl Alcohol, Pelargonium Graveolens Flower Oil, Artemisia Absinthium Extract, Adenosine, Asiaticoside, Asiatic Acid, Cedrus Atlantica Bark Oil, Plukenetia Volubilis Seed Oil, Allantoin, Ethylhexylglycerin, Citrus Aurantium Dulcis (Orange) Oil, Olea Europaea (Olive) Fruit Oil, Citrus Grandis (Grapefruit) Peel Oil, Agave Americana Stem Extract, Cananga Odorata Flower Oil, Xanthan Gum, Rose Flower Oil, Jasminum Officinale (Jasmine) Oil, Althaea Rosea Flower Extract, Water, Caffeine, Caprylic\/Capric Triglyceride, Caprylyl Glycol, Copaifera Officinalis (Balsam Copaiba) Resin, Tromethamine, Phenoxyethanol, Propolis Extract, Helianthus Annuus (Sunflower) Seed Oil, 1,2-Hexanediol, rh-Oligopeptide-1, Ferula Galbaniflua (Galbanum) Resin Oil, Tuber Aestivum Extract, Glyceryl Stearate, Thuja Occidentalis Leaf Oil, Hydroxyacetophenone, Acrylates\/C10-30 Alkyl Acrylate Crosspolymer<\/p>\n<p>&nbsp;<\/p>\n","protected":false},"excerpt":{"rendered":"<p>Centellian24 Madeca Derma Mask III Intensive Formula maska ar patent\u0113tu TECA kompleksu (\u0100zijas centellas ekstrakts) ir paredz\u0113ta boj\u0101tas \u0101das barjeras atjauno\u0161anai, elast\u012bbas palielin\u0101\u0161anai un \u0101das visp\u0101r\u0113j\u0101 st\u0101vok\u013ca uzlabo\u0161anai.<\/p>\n","protected":false},"featured_media":26438,"comment_status":"open","ping_status":"closed","template":"","meta":{"site-sidebar-layout":"default","site-content-layout":"","ast-site-content-layout":"default","site-content-style":"default","site-sidebar-style":"default","ast-global-header-display":"","ast-banner-title-visibility":"","ast-main-header-display":"","ast-hfb-above-header-display":"","ast-hfb-below-header-display":"","ast-hfb-mobile-header-display":"","site-post-title":"","ast-breadcrumbs-content":"","ast-featured-img":"","footer-sml-layout":"","theme-transparent-header-meta":"default","adv-header-id-meta":"","stick-header-meta":"","header-above-stick-meta":"","header-main-stick-meta":"","header-below-stick-meta":"","astra-migrate-meta-layouts":"set","ast-page-background-enabled":"default","ast-page-background-meta":{"desktop":{"background-color":"var(--ast-global-color-4)","background-image":"","background-repeat":"repeat","background-position":"center center","background-size":"auto","background-attachment":"scroll","background-type":"","background-media":"","overlay-type":"","overlay-color":"","overlay-opacity":"","overlay-gradient":""},"tablet":{"background-color":"","background-image":"","background-repeat":"repeat","background-position":"center center","background-size":"auto","background-attachment":"scroll","background-type":"","background-media":"","overlay-type":"","overlay-color":"","overlay-opacity":"","overlay-gradient":""},"mobile":{"background-color":"","background-image":"","background-repeat":"repeat","background-position":"center center","background-size":"auto","background-attachment":"scroll","background-type":"","background-media":"","overlay-type":"","overlay-color":"","overlay-opacity":"","overlay-gradient":""}},"ast-content-background-meta":{"desktop":{"background-color":"var(--ast-global-color-5)","background-image":"","background-repeat":"repeat","background-position":"center center","background-size":"auto","background-attachment":"scroll","background-type":"","background-media":"","overlay-type":"","overlay-color":"","overlay-opacity":"","overlay-gradient":""},"tablet":{"background-color":"var(--ast-global-color-5)","background-image":"","background-repeat":"repeat","background-position":"center center","background-size":"auto","background-attachment":"scroll","background-type":"","background-media":"","overlay-type":"","overlay-color":"","overlay-opacity":"","overlay-gradient":""},"mobile":{"background-color":"var(--ast-global-color-5)","background-image":"","background-repeat":"repeat","background-position":"center center","background-size":"auto","background-attachment":"scroll","background-type":"","background-media":"","overlay-type":"","overlay-color":"","overlay-opacity":"","overlay-gradient":""}}},"product_brand":[],"product_cat":[324,315],"product_tag":[],"berocket_brand":[682],"class_list":{"0":"post-26437","1":"product","2":"type-product","3":"status-publish","4":"has-post-thumbnail","6":"product_cat-auduma","7":"product_cat-maskas","8":"berocket_brand-centellian24","9":"desktop-align-left","10":"tablet-align-left","11":"mobile-align-left","13":"first","14":"outofstock","15":"taxable","16":"shipping-taxable","17":"purchasable","18":"product-type-simple","19":"add-to-wishlist-before_image"},"yoast_head":"<!-- This site is optimized with the Yoast SEO plugin v27.4 - https:\/\/yoast.com\/product\/yoast-seo-wordpress\/ -->\n<title>Centellian24 Madeca Derma Mask III Intensive Formula - FACECORNER<\/title>\n<meta name=\"description\" content=\"Centellian24 Madeca Derma Mask III Intensive Formula maska ar patent\u0113tu TECA kompleksu (\u0100zijas centellas ekstrakts) ir paredz\u0113ta boj\u0101tas \u0101das barjeras atjauno\u0161anai, elast\u012bbas palielin\u0101\u0161anai un \u0101das visp\u0101r\u0113j\u0101 st\u0101vok\u013ca uzlabo\u0161anai.\" \/>\n<meta name=\"robots\" content=\"index, follow, max-snippet:-1, max-image-preview:large, max-video-preview:-1\" \/>\n<link rel=\"canonical\" href=\"https:\/\/www.facecorner.lv\/lv\/shop\/centellian24-madeca-derma-mask-iii-intensive-formula\/\" \/>\n<meta property=\"og:locale\" content=\"lv_LV\" \/>\n<meta property=\"og:type\" content=\"article\" \/>\n<meta property=\"og:title\" content=\"Centellian24 Madeca Derma Mask III Intensive Formula - FACECORNER\" \/>\n<meta property=\"og:description\" content=\"Centellian24 Madeca Derma Mask III Intensive Formula maska ar patent\u0113tu TECA kompleksu (\u0100zijas centellas ekstrakts) ir paredz\u0113ta boj\u0101tas \u0101das barjeras atjauno\u0161anai, elast\u012bbas palielin\u0101\u0161anai un \u0101das visp\u0101r\u0113j\u0101 st\u0101vok\u013ca uzlabo\u0161anai.\" \/>\n<meta property=\"og:url\" content=\"https:\/\/www.facecorner.lv\/lv\/shop\/centellian24-madeca-derma-mask-iii-intensive-formula\/\" \/>\n<meta property=\"og:site_name\" content=\"FACECORNER\" \/>\n<meta property=\"article:publisher\" content=\"https:\/\/www.facebook.com\/profile.php?id=100063824551839\" \/>\n<meta property=\"article:modified_time\" content=\"2026-02-25T13:24:57+00:00\" \/>\n<meta property=\"og:image\" content=\"https:\/\/www.facecorner.lv\/wp-content\/uploads\/2025\/12\/8806109191241-2_600x600.webp\" \/>\n\t<meta property=\"og:image:width\" content=\"600\" \/>\n\t<meta property=\"og:image:height\" content=\"600\" \/>\n\t<meta property=\"og:image:type\" content=\"image\/webp\" \/>\n<meta name=\"twitter:card\" content=\"summary_large_image\" \/>\n<meta name=\"twitter:label1\" content=\"Price\" \/>\n\t<meta name=\"twitter:data1\" content=\"&euro;2.50\" \/>\n\t<meta name=\"twitter:label2\" content=\"Availability\" \/>\n\t<meta name=\"twitter:data2\" content=\"Out of stock\" \/>\n<script type=\"application\/ld+json\" class=\"yoast-schema-graph\">{\"@context\":\"https:\\\/\\\/schema.org\",\"@graph\":[{\"@type\":\"WebPage\",\"@id\":\"https:\\\/\\\/www.facecorner.lv\\\/shop\\\/centellian24-madeca-derma-mask-iii-intensive-formula\\\/\",\"url\":\"https:\\\/\\\/www.facecorner.lv\\\/shop\\\/centellian24-madeca-derma-mask-iii-intensive-formula\\\/\",\"name\":\"Centellian24 Madeca Derma Mask III Intensive Formula - FACECORNER\",\"isPartOf\":{\"@id\":\"https:\\\/\\\/www.facecorner.lv\\\/#website\"},\"primaryImageOfPage\":{\"@id\":\"https:\\\/\\\/www.facecorner.lv\\\/shop\\\/centellian24-madeca-derma-mask-iii-intensive-formula\\\/#primaryimage\"},\"image\":{\"@id\":\"https:\\\/\\\/www.facecorner.lv\\\/shop\\\/centellian24-madeca-derma-mask-iii-intensive-formula\\\/#primaryimage\"},\"thumbnailUrl\":\"https:\\\/\\\/www.facecorner.lv\\\/wp-content\\\/uploads\\\/2025\\\/12\\\/8806109191241-2_600x600.webp\",\"datePublished\":\"2025-12-18T12:56:19+00:00\",\"dateModified\":\"2026-02-25T13:24:57+00:00\",\"description\":\"Centellian24 Madeca Derma Mask III Intensive Formula maska ar patent\u0113tu TECA kompleksu (\u0100zijas centellas ekstrakts) ir paredz\u0113ta boj\u0101tas \u0101das barjeras atjauno\u0161anai, elast\u012bbas palielin\u0101\u0161anai un \u0101das visp\u0101r\u0113j\u0101 st\u0101vok\u013ca uzlabo\u0161anai.\",\"breadcrumb\":{\"@id\":\"https:\\\/\\\/www.facecorner.lv\\\/shop\\\/centellian24-madeca-derma-mask-iii-intensive-formula\\\/#breadcrumb\"},\"inLanguage\":\"lv-LV\",\"potentialAction\":[{\"@type\":\"ReadAction\",\"target\":[\"https:\\\/\\\/www.facecorner.lv\\\/shop\\\/centellian24-madeca-derma-mask-iii-intensive-formula\\\/\"]}]},{\"@type\":\"ImageObject\",\"inLanguage\":\"lv-LV\",\"@id\":\"https:\\\/\\\/www.facecorner.lv\\\/shop\\\/centellian24-madeca-derma-mask-iii-intensive-formula\\\/#primaryimage\",\"url\":\"https:\\\/\\\/www.facecorner.lv\\\/wp-content\\\/uploads\\\/2025\\\/12\\\/8806109191241-2_600x600.webp\",\"contentUrl\":\"https:\\\/\\\/www.facecorner.lv\\\/wp-content\\\/uploads\\\/2025\\\/12\\\/8806109191241-2_600x600.webp\",\"width\":600,\"height\":600,\"caption\":\"Centellian24 Madeca Derma Mask III Intensive Formula\"},{\"@type\":\"BreadcrumbList\",\"@id\":\"https:\\\/\\\/www.facecorner.lv\\\/shop\\\/centellian24-madeca-derma-mask-iii-intensive-formula\\\/#breadcrumb\",\"itemListElement\":[{\"@type\":\"ListItem\",\"position\":1,\"name\":\"Home\",\"item\":\"https:\\\/\\\/www.facecorner.lv\\\/\"},{\"@type\":\"ListItem\",\"position\":2,\"name\":\"Veikals\",\"item\":\"https:\\\/\\\/www.facecorner.lv\\\/shop\\\/\"},{\"@type\":\"ListItem\",\"position\":3,\"name\":\"Centellian24 Madeca Derma Mask III Intensive Formula\"}]},{\"@type\":\"WebSite\",\"@id\":\"https:\\\/\\\/www.facecorner.lv\\\/#website\",\"url\":\"https:\\\/\\\/www.facecorner.lv\\\/\",\"name\":\"Facecorner\",\"description\":\"\",\"publisher\":{\"@id\":\"https:\\\/\\\/www.facecorner.lv\\\/#organization\"},\"potentialAction\":[{\"@type\":\"SearchAction\",\"target\":{\"@type\":\"EntryPoint\",\"urlTemplate\":\"https:\\\/\\\/www.facecorner.lv\\\/?s={search_term_string}\"},\"query-input\":{\"@type\":\"PropertyValueSpecification\",\"valueRequired\":true,\"valueName\":\"search_term_string\"}}],\"inLanguage\":\"lv-LV\"},{\"@type\":\"Organization\",\"@id\":\"https:\\\/\\\/www.facecorner.lv\\\/#organization\",\"name\":\"Facecorner\",\"url\":\"https:\\\/\\\/www.facecorner.lv\\\/\",\"logo\":{\"@type\":\"ImageObject\",\"inLanguage\":\"lv-LV\",\"@id\":\"https:\\\/\\\/www.facecorner.lv\\\/#\\\/schema\\\/logo\\\/image\\\/\",\"url\":\"https:\\\/\\\/www.facecorner.lv\\\/wp-content\\\/uploads\\\/2024\\\/04\\\/fc-logo.jpg\",\"contentUrl\":\"https:\\\/\\\/www.facecorner.lv\\\/wp-content\\\/uploads\\\/2024\\\/04\\\/fc-logo.jpg\",\"width\":174,\"height\":28,\"caption\":\"Facecorner\"},\"image\":{\"@id\":\"https:\\\/\\\/www.facecorner.lv\\\/#\\\/schema\\\/logo\\\/image\\\/\"},\"sameAs\":[\"https:\\\/\\\/www.facebook.com\\\/profile.php?id=100063824551839\",\"https:\\\/\\\/www.instagram.com\\\/facecorner_shop\\\/\"]}]}<\/script>\n<meta property=\"product:price:amount\" content=\"2.50\" \/>\n<meta property=\"product:price:currency\" content=\"EUR\" \/>\n<meta property=\"og:availability\" content=\"out of stock\" \/>\n<meta property=\"product:availability\" content=\"out of stock\" \/>\n<meta property=\"product:condition\" content=\"new\" \/>\n<!-- \/ Yoast SEO plugin. -->","yoast_head_json":{"title":"Centellian24 Madeca Derma Mask III Intensive Formula - FACECORNER","description":"Centellian24 Madeca Derma Mask III Intensive Formula maska ar patent\u0113tu TECA kompleksu (\u0100zijas centellas ekstrakts) ir paredz\u0113ta boj\u0101tas \u0101das barjeras atjauno\u0161anai, elast\u012bbas palielin\u0101\u0161anai un \u0101das visp\u0101r\u0113j\u0101 st\u0101vok\u013ca uzlabo\u0161anai.","robots":{"index":"index","follow":"follow","max-snippet":"max-snippet:-1","max-image-preview":"max-image-preview:large","max-video-preview":"max-video-preview:-1"},"canonical":"https:\/\/www.facecorner.lv\/lv\/shop\/centellian24-madeca-derma-mask-iii-intensive-formula\/","og_locale":"lv_LV","og_type":"article","og_title":"Centellian24 Madeca Derma Mask III Intensive Formula - FACECORNER","og_description":"Centellian24 Madeca Derma Mask III Intensive Formula maska ar patent\u0113tu TECA kompleksu (\u0100zijas centellas ekstrakts) ir paredz\u0113ta boj\u0101tas \u0101das barjeras atjauno\u0161anai, elast\u012bbas palielin\u0101\u0161anai un \u0101das visp\u0101r\u0113j\u0101 st\u0101vok\u013ca uzlabo\u0161anai.","og_url":"https:\/\/www.facecorner.lv\/lv\/shop\/centellian24-madeca-derma-mask-iii-intensive-formula\/","og_site_name":"FACECORNER","article_publisher":"https:\/\/www.facebook.com\/profile.php?id=100063824551839","article_modified_time":"2026-02-25T13:24:57+00:00","og_image":[{"width":600,"height":600,"url":"https:\/\/www.facecorner.lv\/wp-content\/uploads\/2025\/12\/8806109191241-2_600x600.webp","type":"image\/webp"}],"twitter_card":"summary_large_image","twitter_misc":{"Price":"&euro;2.50","Availability":"Out of stock"},"schema":{"@context":"https:\/\/schema.org","@graph":[{"@type":"WebPage","@id":"https:\/\/www.facecorner.lv\/shop\/centellian24-madeca-derma-mask-iii-intensive-formula\/","url":"https:\/\/www.facecorner.lv\/shop\/centellian24-madeca-derma-mask-iii-intensive-formula\/","name":"Centellian24 Madeca Derma Mask III Intensive Formula - FACECORNER","isPartOf":{"@id":"https:\/\/www.facecorner.lv\/#website"},"primaryImageOfPage":{"@id":"https:\/\/www.facecorner.lv\/shop\/centellian24-madeca-derma-mask-iii-intensive-formula\/#primaryimage"},"image":{"@id":"https:\/\/www.facecorner.lv\/shop\/centellian24-madeca-derma-mask-iii-intensive-formula\/#primaryimage"},"thumbnailUrl":"https:\/\/www.facecorner.lv\/wp-content\/uploads\/2025\/12\/8806109191241-2_600x600.webp","datePublished":"2025-12-18T12:56:19+00:00","dateModified":"2026-02-25T13:24:57+00:00","description":"Centellian24 Madeca Derma Mask III Intensive Formula maska ar patent\u0113tu TECA kompleksu (\u0100zijas centellas ekstrakts) ir paredz\u0113ta boj\u0101tas \u0101das barjeras atjauno\u0161anai, elast\u012bbas palielin\u0101\u0161anai un \u0101das visp\u0101r\u0113j\u0101 st\u0101vok\u013ca uzlabo\u0161anai.","breadcrumb":{"@id":"https:\/\/www.facecorner.lv\/shop\/centellian24-madeca-derma-mask-iii-intensive-formula\/#breadcrumb"},"inLanguage":"lv-LV","potentialAction":[{"@type":"ReadAction","target":["https:\/\/www.facecorner.lv\/shop\/centellian24-madeca-derma-mask-iii-intensive-formula\/"]}]},{"@type":"ImageObject","inLanguage":"lv-LV","@id":"https:\/\/www.facecorner.lv\/shop\/centellian24-madeca-derma-mask-iii-intensive-formula\/#primaryimage","url":"https:\/\/www.facecorner.lv\/wp-content\/uploads\/2025\/12\/8806109191241-2_600x600.webp","contentUrl":"https:\/\/www.facecorner.lv\/wp-content\/uploads\/2025\/12\/8806109191241-2_600x600.webp","width":600,"height":600,"caption":"Centellian24 Madeca Derma Mask III Intensive Formula"},{"@type":"BreadcrumbList","@id":"https:\/\/www.facecorner.lv\/shop\/centellian24-madeca-derma-mask-iii-intensive-formula\/#breadcrumb","itemListElement":[{"@type":"ListItem","position":1,"name":"Home","item":"https:\/\/www.facecorner.lv\/"},{"@type":"ListItem","position":2,"name":"Veikals","item":"https:\/\/www.facecorner.lv\/shop\/"},{"@type":"ListItem","position":3,"name":"Centellian24 Madeca Derma Mask III Intensive Formula"}]},{"@type":"WebSite","@id":"https:\/\/www.facecorner.lv\/#website","url":"https:\/\/www.facecorner.lv\/","name":"Facecorner","description":"","publisher":{"@id":"https:\/\/www.facecorner.lv\/#organization"},"potentialAction":[{"@type":"SearchAction","target":{"@type":"EntryPoint","urlTemplate":"https:\/\/www.facecorner.lv\/?s={search_term_string}"},"query-input":{"@type":"PropertyValueSpecification","valueRequired":true,"valueName":"search_term_string"}}],"inLanguage":"lv-LV"},{"@type":"Organization","@id":"https:\/\/www.facecorner.lv\/#organization","name":"Facecorner","url":"https:\/\/www.facecorner.lv\/","logo":{"@type":"ImageObject","inLanguage":"lv-LV","@id":"https:\/\/www.facecorner.lv\/#\/schema\/logo\/image\/","url":"https:\/\/www.facecorner.lv\/wp-content\/uploads\/2024\/04\/fc-logo.jpg","contentUrl":"https:\/\/www.facecorner.lv\/wp-content\/uploads\/2024\/04\/fc-logo.jpg","width":174,"height":28,"caption":"Facecorner"},"image":{"@id":"https:\/\/www.facecorner.lv\/#\/schema\/logo\/image\/"},"sameAs":["https:\/\/www.facebook.com\/profile.php?id=100063824551839","https:\/\/www.instagram.com\/facecorner_shop\/"]}]},"product_price_amount":"2.50","product_price_currency":"EUR","og_availability":"out of stock","product_availability":"out of stock","product_condition":"new"},"_links":{"self":[{"href":"https:\/\/www.facecorner.lv\/lv\/wp-json\/wp\/v2\/product\/26437","targetHints":{"allow":["GET"]}}],"collection":[{"href":"https:\/\/www.facecorner.lv\/lv\/wp-json\/wp\/v2\/product"}],"about":[{"href":"https:\/\/www.facecorner.lv\/lv\/wp-json\/wp\/v2\/types\/product"}],"replies":[{"embeddable":true,"href":"https:\/\/www.facecorner.lv\/lv\/wp-json\/wp\/v2\/comments?post=26437"}],"wp:featuredmedia":[{"embeddable":true,"href":"https:\/\/www.facecorner.lv\/lv\/wp-json\/wp\/v2\/media\/26438"}],"wp:attachment":[{"href":"https:\/\/www.facecorner.lv\/lv\/wp-json\/wp\/v2\/media?parent=26437"}],"wp:term":[{"taxonomy":"product_brand","embeddable":true,"href":"https:\/\/www.facecorner.lv\/lv\/wp-json\/wp\/v2\/product_brand?post=26437"},{"taxonomy":"product_cat","embeddable":true,"href":"https:\/\/www.facecorner.lv\/lv\/wp-json\/wp\/v2\/product_cat?post=26437"},{"taxonomy":"product_tag","embeddable":true,"href":"https:\/\/www.facecorner.lv\/lv\/wp-json\/wp\/v2\/product_tag?post=26437"},{"taxonomy":"berocket_brand","embeddable":true,"href":"https:\/\/www.facecorner.lv\/lv\/wp-json\/wp\/v2\/berocket_brand?post=26437"}],"curies":[{"name":"wp","href":"https:\/\/api.w.org\/{rel}","templated":true}]}}