{"id":26408,"date":"2025-12-16T15:21:53","date_gmt":"2025-12-16T12:21:53","guid":{"rendered":"https:\/\/www.facecorner.lv\/?post_type=product&#038;p=26408"},"modified":"2026-04-24T07:19:14","modified_gmt":"2026-04-24T04:19:14","slug":"centellian24-madeca-cream-time-reverse-season-7-stiprinoss-krems-ar-centellu-50ml","status":"publish","type":"product","link":"https:\/\/www.facecorner.lv\/lv\/shop\/centellian24-madeca-cream-time-reverse-season-7-stiprinoss-krems-ar-centellu-50ml\/","title":{"rendered":"Centellian24 Madeca Cream Time Reverse Season 7 stiprino\u0161s kr\u0113ms ar centellu 50ml"},"content":{"rendered":"<p>Centellian24 Madeca Cream Time Reverse Season 7 nostiprino\u0161ais kr\u0113ms aktiviz\u0113 pa\u0161a kolag\u0113na un elast\u012bna \u0161\u0137iedru sint\u0113zi, kas uzlabo \u0101das elast\u012bbu.<\/p>\n<p>Aizkav\u0113 noveco\u0161an\u0101s procesus, atjauno lip\u012bdu barjeru un nomierina kairin\u0101jumu. Satur ACTIVE-TECA\u2122 kompleksu, Aquaxyl, ekto\u012bnu, sofoli\u0101nu un retinolu.<\/p>\n<h6>Papildu akt\u012bv\u0101s sast\u0101vda\u013cas:<\/h6>\n<ul>\n<li>PDRN \u2014 polinukleot\u012bdi ar zemu molekulmasu, tiem ir augsta penetr\u0101cijas sp\u0113ja, tie iedarbina epidermas atjauno\u0161an\u0101s procesus un jaunu kolag\u0113na un elast\u012bna \u0161\u0137iedru sint\u0113zi, atjauno \u0101das boj\u0101jumus, kas radu\u0161ies priek\u0161laic\u012bgas noveco\u0161an\u0101s, p\u0101rm\u0113r\u012bgu saules iedarb\u012bbu un agres\u012bvu citu vides faktoru ietekmi.<\/li>\n<li>Aquaxyl \u2014 patent\u0113ts mitrino\u0161s glikozes un ksil\u012bta komplekss. Mitrina un atjauno, nov\u0113r\u0161 transderm\u0101lu mitruma zudumu, nov\u0113r\u0161 dehidrat\u0101ciju, c\u012bn\u0101s ar \u0101das lob\u012b\u0161anos, m\u012bkstina un izl\u012bdzina.<\/li>\n<li>Ectoine \u2014 organisk\u0101 aminosk\u0101be, kas aizsarg\u0101 no \u0101r\u0113jo faktoru un UV staru ietekmes, piem\u012bt pretiekaisuma iedarb\u012bba. Nomierina un m\u012bkstina, samazina aps\u0101rtumu.<\/li>\n<li>Sofoljans (Candida Bombicola ferments) ir antibakteri\u0101la iedarb\u012bba un nov\u0113r\u0161 specifisku bakt\u0113riju, kas izraisa pinnes, vairo\u0161anos. Ferments iev\u0113rojami samazina \u0101das tauku izdal\u012b\u0161anos, samazina papulu un pustulu skaitu uz \u0101das. No\u0146em kairin\u0101jumu un neizjauc mikrofloru.<\/li>\n<li>Retinols (vitam\u012bns A) stimul\u0113 \u0161\u016bnu dal\u012b\u0161anos un veicina \u0101das atjauno\u0161anos, t\u0101d\u0113j\u0101di izl\u012bdzinot, uzlabojot tekst\u016bru, izgaismojot pigment\u0101ciju un normaliz\u0113jot p\u0101rm\u0113r\u012bgu taukain\u012bbu.<\/li>\n<\/ul>\n<p><strong>Lieto\u0161ana:\u00a0<\/strong> uzkl\u0101jiet nepiecie\u0161amo kr\u0113ma daudzumu k\u0101 p\u0113d\u0113jo kop\u0161anas posmu.<\/p>\n<p><strong>Sast\u0101vs:<\/strong> <span style=\"font-size: 16px;\">Water, Dipropylene Glycol, Hydrogenated Polydecene, Caprylic\/Capric Triglyceride, Glycerin, Glyceryl Stearate, Pentaerythrityl Tetraethylhexanoate, Niacinamide, Cyclohexasiloxane, Cetyl Alcohol, Polyglyceryl-6 Distearate, Dicaprylyl Ether, Vinyl Dimethicone, Centella Asiatica Protein Extract, Asiaticoside, Asiatic Acid, Madecassic Acid (4,800 ppm), Centella Asiatica Oil, Centella Asiatica Amino Acid, Madecassoside, Ascorbyl Asiatate, Centella Asiatica Polypeptide, Hydrolyzed Hyaluronic Acid, Hydrolyzed Centella Asiatica Extract, Centella Asiatica Extract, Centella Asiatica Leaf Extract, Cimicifuga Racemosa Root Extract, Silybum Marianum Extract, Lepidium Meyenii Root Extract, Macadamia Ternifolia Seed Oil, Glycine Soja (Soybean) Oil, Hydrogenated Lecithin, Sodium Hyaluronate, Polyglyceryl-10 Laurate, Stearyl Alcohol, Beeswax, Sodium Stearoyl Glutamate, Panthenol, Xylitylglucoside, Hydroxyethyl Acrylate\/Sodium Acryloyldimethyl Taurate Copolymer, Jojoba Esters, Anhydroxylitol, Butylene Glycol, Polyglyceryl-3 Beeswax, 1,2-Hexanediol, Hydroxyacetophenone, Xylitol, Methylpropanediol, Allantoin, Propanediol, Candida Bombicola\/Glucose\/Methyl Rapeseedate Ferment, Xanthan Gum, Ethoxydiglycol, Disodium EDTA, Glucose, Adenosine, Sorbitan Isostearate, Ethylhexylglycerin, Sodium Laurate, Cyclodextrin*, Lauric Acid, Sodium Polyacrylate, PVM\/MA Copolymer, Octyldodecanol, Glycolipids, Caffeine, C12-13 Pareth-9, Collagen Amino Acids, Ceramide NP, Resveratrol, Arginine, Glycogen, Ectoin, Taurine, Hydrolyzed Elastin, Retinol, Maltodextrin, Phytosphingosine, Sucrose Distearate, Sodium DNA, Cyanocobalamin, Glycine, Glutamic Acid, Helianthus Annuus (Sunflower) Seed Wax, Polyglycerin-3, Tocopherol, Artemisia Absinthium Extract, Vanilla Planifolia Fruit Extract, Olea Europaea (Olive) Fruit Oil, Citrus Aurantium Dulcis (Orange) Oil, Citrus Nobilis (Mandarin Orange) Peel Oil, Lavandula Angustifolia (Lavender) Oil, Citrus Aurantium Bergamia (Bergamot) Fruit Oil, Rosmarinus Officinalis (Rosemary) Leaf Oil, Citrus Aurantium Dulcis (Orange) Peel Oil, Litsea Cubeba Fruit Oil, Juniperus Virginiana Oil, Citrus Grandis (Grapefruit) Peel Oil, Cedrus Atlantica Bark Oil, Pelargonium Graveolens Flower Oil, Jasminum Officinale (Jasmine) Flower Water, Myrtus Communis Oil, Rose Flower Oil, Ferula Galbaniflua (Galbanum) Resin Oil, Copaifera Officinalis (Balsam Copaiba) Resin, Limonene, Linalool, Citral<\/span><\/p>\n<div class=\"product__components\"><\/div>\n","protected":false},"excerpt":{"rendered":"<p>Centellian24 Madeca Cream Time Reverse Season 7 nostiprino\u0161ais kr\u0113ms aktiviz\u0113 pa\u0161a kolag\u0113na un elast\u012bna \u0161\u0137iedru sint\u0113zi, kas uzlabo \u0101das elast\u012bbu.<\/p>\n","protected":false},"featured_media":26409,"comment_status":"open","ping_status":"closed","template":"","meta":{"site-sidebar-layout":"default","site-content-layout":"","ast-site-content-layout":"default","site-content-style":"default","site-sidebar-style":"default","ast-global-header-display":"","ast-banner-title-visibility":"","ast-main-header-display":"","ast-hfb-above-header-display":"","ast-hfb-below-header-display":"","ast-hfb-mobile-header-display":"","site-post-title":"","ast-breadcrumbs-content":"","ast-featured-img":"","footer-sml-layout":"","theme-transparent-header-meta":"default","adv-header-id-meta":"","stick-header-meta":"","header-above-stick-meta":"","header-main-stick-meta":"","header-below-stick-meta":"","astra-migrate-meta-layouts":"set","ast-page-background-enabled":"default","ast-page-background-meta":{"desktop":{"background-color":"var(--ast-global-color-4)","background-image":"","background-repeat":"repeat","background-position":"center center","background-size":"auto","background-attachment":"scroll","background-type":"","background-media":"","overlay-type":"","overlay-color":"","overlay-opacity":"","overlay-gradient":""},"tablet":{"background-color":"","background-image":"","background-repeat":"repeat","background-position":"center center","background-size":"auto","background-attachment":"scroll","background-type":"","background-media":"","overlay-type":"","overlay-color":"","overlay-opacity":"","overlay-gradient":""},"mobile":{"background-color":"","background-image":"","background-repeat":"repeat","background-position":"center center","background-size":"auto","background-attachment":"scroll","background-type":"","background-media":"","overlay-type":"","overlay-color":"","overlay-opacity":"","overlay-gradient":""}},"ast-content-background-meta":{"desktop":{"background-color":"var(--ast-global-color-5)","background-image":"","background-repeat":"repeat","background-position":"center center","background-size":"auto","background-attachment":"scroll","background-type":"","background-media":"","overlay-type":"","overlay-color":"","overlay-opacity":"","overlay-gradient":""},"tablet":{"background-color":"var(--ast-global-color-5)","background-image":"","background-repeat":"repeat","background-position":"center center","background-size":"auto","background-attachment":"scroll","background-type":"","background-media":"","overlay-type":"","overlay-color":"","overlay-opacity":"","overlay-gradient":""},"mobile":{"background-color":"var(--ast-global-color-5)","background-image":"","background-repeat":"repeat","background-position":"center center","background-size":"auto","background-attachment":"scroll","background-type":"","background-media":"","overlay-type":"","overlay-color":"","overlay-opacity":"","overlay-gradient":""}}},"product_brand":[676],"product_cat":[366,367,652,369,362],"product_tag":[],"berocket_brand":[682],"class_list":{"0":"post-26408","1":"product","2":"type-product","3":"status-publish","4":"has-post-thumbnail","6":"product_brand-centellian24","7":"product_cat-mitrinoss","8":"product_cat-nomierinoss","9":"product_cat-pdrn","10":"product_cat-problematiskai-adai-sejas-krems","11":"product_cat-sejas-krems","12":"berocket_brand-centellian24","13":"desktop-align-left","14":"tablet-align-left","15":"mobile-align-left","17":"first","18":"instock","19":"taxable","20":"shipping-taxable","21":"purchasable","22":"product-type-simple","23":"add-to-wishlist-before_image"},"yoast_head":"<!-- This site is optimized with the Yoast SEO plugin v27.4 - https:\/\/yoast.com\/product\/yoast-seo-wordpress\/ -->\n<title>Centellian24 Madeca Cream Time Reverse Season 7 stiprino\u0161s kr\u0113ms ar centellu 50ml - FACECORNER<\/title>\n<meta name=\"description\" content=\"Centellian24 Madeca Cream Time Reverse Season 7 nostiprino\u0161ais kr\u0113ms aktiviz\u0113 pa\u0161a kolag\u0113na un elast\u012bna \u0161\u0137iedru sint\u0113zi, kas uzlabo \u0101das elast\u012bbu.\" \/>\n<meta name=\"robots\" content=\"index, follow, max-snippet:-1, max-image-preview:large, max-video-preview:-1\" \/>\n<link rel=\"canonical\" href=\"https:\/\/www.facecorner.lv\/lv\/shop\/centellian24-madeca-cream-time-reverse-season-7-stiprinoss-krems-ar-centellu-50ml\/\" \/>\n<meta property=\"og:locale\" content=\"lv_LV\" \/>\n<meta property=\"og:type\" content=\"article\" \/>\n<meta property=\"og:title\" content=\"Centellian24 Madeca Cream Time Reverse Season 7 stiprino\u0161s kr\u0113ms ar centellu 50ml - FACECORNER\" \/>\n<meta property=\"og:description\" content=\"Centellian24 Madeca Cream Time Reverse Season 7 nostiprino\u0161ais kr\u0113ms aktiviz\u0113 pa\u0161a kolag\u0113na un elast\u012bna \u0161\u0137iedru sint\u0113zi, kas uzlabo \u0101das elast\u012bbu.\" \/>\n<meta property=\"og:url\" content=\"https:\/\/www.facecorner.lv\/lv\/shop\/centellian24-madeca-cream-time-reverse-season-7-stiprinoss-krems-ar-centellu-50ml\/\" \/>\n<meta property=\"og:site_name\" content=\"FACECORNER\" \/>\n<meta property=\"article:publisher\" content=\"https:\/\/www.facebook.com\/profile.php?id=100063824551839\" \/>\n<meta property=\"article:modified_time\" content=\"2026-04-24T04:19:14+00:00\" \/>\n<meta property=\"og:image\" content=\"https:\/\/www.facecorner.lv\/wp-content\/uploads\/2025\/12\/cd2ab46836c19746a2b933f6b53d61800284c666_original.jpeg\" \/>\n\t<meta property=\"og:image:width\" content=\"743\" \/>\n\t<meta property=\"og:image:height\" content=\"723\" \/>\n\t<meta property=\"og:image:type\" content=\"image\/jpeg\" \/>\n<meta name=\"twitter:card\" content=\"summary_large_image\" \/>\n<meta name=\"twitter:label1\" content=\"Price\" \/>\n\t<meta name=\"twitter:data1\" content=\"&euro;19.95\" \/>\n\t<meta name=\"twitter:label2\" content=\"Availability\" \/>\n\t<meta name=\"twitter:data2\" content=\"In stock\" \/>\n<script type=\"application\/ld+json\" class=\"yoast-schema-graph\">{\"@context\":\"https:\\\/\\\/schema.org\",\"@graph\":[{\"@type\":\"WebPage\",\"@id\":\"https:\\\/\\\/www.facecorner.lv\\\/shop\\\/centellian24-madeca-cream-time-reverse-season-7-stiprinoss-krems-ar-centellu-50ml\\\/\",\"url\":\"https:\\\/\\\/www.facecorner.lv\\\/shop\\\/centellian24-madeca-cream-time-reverse-season-7-stiprinoss-krems-ar-centellu-50ml\\\/\",\"name\":\"Centellian24 Madeca Cream Time Reverse Season 7 stiprino\u0161s kr\u0113ms ar centellu 50ml - FACECORNER\",\"isPartOf\":{\"@id\":\"https:\\\/\\\/www.facecorner.lv\\\/#website\"},\"primaryImageOfPage\":{\"@id\":\"https:\\\/\\\/www.facecorner.lv\\\/shop\\\/centellian24-madeca-cream-time-reverse-season-7-stiprinoss-krems-ar-centellu-50ml\\\/#primaryimage\"},\"image\":{\"@id\":\"https:\\\/\\\/www.facecorner.lv\\\/shop\\\/centellian24-madeca-cream-time-reverse-season-7-stiprinoss-krems-ar-centellu-50ml\\\/#primaryimage\"},\"thumbnailUrl\":\"https:\\\/\\\/www.facecorner.lv\\\/wp-content\\\/uploads\\\/2025\\\/12\\\/cd2ab46836c19746a2b933f6b53d61800284c666_original.jpeg\",\"datePublished\":\"2025-12-16T12:21:53+00:00\",\"dateModified\":\"2026-04-24T04:19:14+00:00\",\"description\":\"Centellian24 Madeca Cream Time Reverse Season 7 nostiprino\u0161ais kr\u0113ms aktiviz\u0113 pa\u0161a kolag\u0113na un elast\u012bna \u0161\u0137iedru sint\u0113zi, kas uzlabo \u0101das elast\u012bbu.\",\"breadcrumb\":{\"@id\":\"https:\\\/\\\/www.facecorner.lv\\\/shop\\\/centellian24-madeca-cream-time-reverse-season-7-stiprinoss-krems-ar-centellu-50ml\\\/#breadcrumb\"},\"inLanguage\":\"lv-LV\",\"potentialAction\":[{\"@type\":\"ReadAction\",\"target\":[\"https:\\\/\\\/www.facecorner.lv\\\/shop\\\/centellian24-madeca-cream-time-reverse-season-7-stiprinoss-krems-ar-centellu-50ml\\\/\"]}]},{\"@type\":\"ImageObject\",\"inLanguage\":\"lv-LV\",\"@id\":\"https:\\\/\\\/www.facecorner.lv\\\/shop\\\/centellian24-madeca-cream-time-reverse-season-7-stiprinoss-krems-ar-centellu-50ml\\\/#primaryimage\",\"url\":\"https:\\\/\\\/www.facecorner.lv\\\/wp-content\\\/uploads\\\/2025\\\/12\\\/cd2ab46836c19746a2b933f6b53d61800284c666_original.jpeg\",\"contentUrl\":\"https:\\\/\\\/www.facecorner.lv\\\/wp-content\\\/uploads\\\/2025\\\/12\\\/cd2ab46836c19746a2b933f6b53d61800284c666_original.jpeg\",\"width\":743,\"height\":723,\"caption\":\"Centellian24 Madeca Cream Time Reverse Season 7\"},{\"@type\":\"BreadcrumbList\",\"@id\":\"https:\\\/\\\/www.facecorner.lv\\\/shop\\\/centellian24-madeca-cream-time-reverse-season-7-stiprinoss-krems-ar-centellu-50ml\\\/#breadcrumb\",\"itemListElement\":[{\"@type\":\"ListItem\",\"position\":1,\"name\":\"Home\",\"item\":\"https:\\\/\\\/www.facecorner.lv\\\/\"},{\"@type\":\"ListItem\",\"position\":2,\"name\":\"Veikals\",\"item\":\"https:\\\/\\\/www.facecorner.lv\\\/shop\\\/\"},{\"@type\":\"ListItem\",\"position\":3,\"name\":\"Centellian24 Madeca Cream Time Reverse Season 7 stiprino\u0161s kr\u0113ms ar centellu 50ml\"}]},{\"@type\":\"WebSite\",\"@id\":\"https:\\\/\\\/www.facecorner.lv\\\/#website\",\"url\":\"https:\\\/\\\/www.facecorner.lv\\\/\",\"name\":\"Facecorner\",\"description\":\"\",\"publisher\":{\"@id\":\"https:\\\/\\\/www.facecorner.lv\\\/#organization\"},\"potentialAction\":[{\"@type\":\"SearchAction\",\"target\":{\"@type\":\"EntryPoint\",\"urlTemplate\":\"https:\\\/\\\/www.facecorner.lv\\\/?s={search_term_string}\"},\"query-input\":{\"@type\":\"PropertyValueSpecification\",\"valueRequired\":true,\"valueName\":\"search_term_string\"}}],\"inLanguage\":\"lv-LV\"},{\"@type\":\"Organization\",\"@id\":\"https:\\\/\\\/www.facecorner.lv\\\/#organization\",\"name\":\"Facecorner\",\"url\":\"https:\\\/\\\/www.facecorner.lv\\\/\",\"logo\":{\"@type\":\"ImageObject\",\"inLanguage\":\"lv-LV\",\"@id\":\"https:\\\/\\\/www.facecorner.lv\\\/#\\\/schema\\\/logo\\\/image\\\/\",\"url\":\"https:\\\/\\\/www.facecorner.lv\\\/wp-content\\\/uploads\\\/2024\\\/04\\\/fc-logo.jpg\",\"contentUrl\":\"https:\\\/\\\/www.facecorner.lv\\\/wp-content\\\/uploads\\\/2024\\\/04\\\/fc-logo.jpg\",\"width\":174,\"height\":28,\"caption\":\"Facecorner\"},\"image\":{\"@id\":\"https:\\\/\\\/www.facecorner.lv\\\/#\\\/schema\\\/logo\\\/image\\\/\"},\"sameAs\":[\"https:\\\/\\\/www.facebook.com\\\/profile.php?id=100063824551839\",\"https:\\\/\\\/www.instagram.com\\\/facecorner_shop\\\/\"]}]}<\/script>\n<meta property=\"product:brand\" content=\"Centellian24\" \/>\n<meta property=\"product:price:amount\" content=\"19.95\" \/>\n<meta property=\"product:price:currency\" content=\"EUR\" \/>\n<meta property=\"og:availability\" content=\"instock\" \/>\n<meta property=\"product:availability\" content=\"instock\" \/>\n<meta property=\"product:condition\" content=\"new\" \/>\n<!-- \/ Yoast SEO plugin. -->","yoast_head_json":{"title":"Centellian24 Madeca Cream Time Reverse Season 7 stiprino\u0161s kr\u0113ms ar centellu 50ml - FACECORNER","description":"Centellian24 Madeca Cream Time Reverse Season 7 nostiprino\u0161ais kr\u0113ms aktiviz\u0113 pa\u0161a kolag\u0113na un elast\u012bna \u0161\u0137iedru sint\u0113zi, kas uzlabo \u0101das elast\u012bbu.","robots":{"index":"index","follow":"follow","max-snippet":"max-snippet:-1","max-image-preview":"max-image-preview:large","max-video-preview":"max-video-preview:-1"},"canonical":"https:\/\/www.facecorner.lv\/lv\/shop\/centellian24-madeca-cream-time-reverse-season-7-stiprinoss-krems-ar-centellu-50ml\/","og_locale":"lv_LV","og_type":"article","og_title":"Centellian24 Madeca Cream Time Reverse Season 7 stiprino\u0161s kr\u0113ms ar centellu 50ml - FACECORNER","og_description":"Centellian24 Madeca Cream Time Reverse Season 7 nostiprino\u0161ais kr\u0113ms aktiviz\u0113 pa\u0161a kolag\u0113na un elast\u012bna \u0161\u0137iedru sint\u0113zi, kas uzlabo \u0101das elast\u012bbu.","og_url":"https:\/\/www.facecorner.lv\/lv\/shop\/centellian24-madeca-cream-time-reverse-season-7-stiprinoss-krems-ar-centellu-50ml\/","og_site_name":"FACECORNER","article_publisher":"https:\/\/www.facebook.com\/profile.php?id=100063824551839","article_modified_time":"2026-04-24T04:19:14+00:00","og_image":[{"width":743,"height":723,"url":"https:\/\/www.facecorner.lv\/wp-content\/uploads\/2025\/12\/cd2ab46836c19746a2b933f6b53d61800284c666_original.jpeg","type":"image\/jpeg"}],"twitter_card":"summary_large_image","twitter_misc":{"Price":"&euro;19.95","Availability":"In stock"},"schema":{"@context":"https:\/\/schema.org","@graph":[{"@type":"WebPage","@id":"https:\/\/www.facecorner.lv\/shop\/centellian24-madeca-cream-time-reverse-season-7-stiprinoss-krems-ar-centellu-50ml\/","url":"https:\/\/www.facecorner.lv\/shop\/centellian24-madeca-cream-time-reverse-season-7-stiprinoss-krems-ar-centellu-50ml\/","name":"Centellian24 Madeca Cream Time Reverse Season 7 stiprino\u0161s kr\u0113ms ar centellu 50ml - FACECORNER","isPartOf":{"@id":"https:\/\/www.facecorner.lv\/#website"},"primaryImageOfPage":{"@id":"https:\/\/www.facecorner.lv\/shop\/centellian24-madeca-cream-time-reverse-season-7-stiprinoss-krems-ar-centellu-50ml\/#primaryimage"},"image":{"@id":"https:\/\/www.facecorner.lv\/shop\/centellian24-madeca-cream-time-reverse-season-7-stiprinoss-krems-ar-centellu-50ml\/#primaryimage"},"thumbnailUrl":"https:\/\/www.facecorner.lv\/wp-content\/uploads\/2025\/12\/cd2ab46836c19746a2b933f6b53d61800284c666_original.jpeg","datePublished":"2025-12-16T12:21:53+00:00","dateModified":"2026-04-24T04:19:14+00:00","description":"Centellian24 Madeca Cream Time Reverse Season 7 nostiprino\u0161ais kr\u0113ms aktiviz\u0113 pa\u0161a kolag\u0113na un elast\u012bna \u0161\u0137iedru sint\u0113zi, kas uzlabo \u0101das elast\u012bbu.","breadcrumb":{"@id":"https:\/\/www.facecorner.lv\/shop\/centellian24-madeca-cream-time-reverse-season-7-stiprinoss-krems-ar-centellu-50ml\/#breadcrumb"},"inLanguage":"lv-LV","potentialAction":[{"@type":"ReadAction","target":["https:\/\/www.facecorner.lv\/shop\/centellian24-madeca-cream-time-reverse-season-7-stiprinoss-krems-ar-centellu-50ml\/"]}]},{"@type":"ImageObject","inLanguage":"lv-LV","@id":"https:\/\/www.facecorner.lv\/shop\/centellian24-madeca-cream-time-reverse-season-7-stiprinoss-krems-ar-centellu-50ml\/#primaryimage","url":"https:\/\/www.facecorner.lv\/wp-content\/uploads\/2025\/12\/cd2ab46836c19746a2b933f6b53d61800284c666_original.jpeg","contentUrl":"https:\/\/www.facecorner.lv\/wp-content\/uploads\/2025\/12\/cd2ab46836c19746a2b933f6b53d61800284c666_original.jpeg","width":743,"height":723,"caption":"Centellian24 Madeca Cream Time Reverse Season 7"},{"@type":"BreadcrumbList","@id":"https:\/\/www.facecorner.lv\/shop\/centellian24-madeca-cream-time-reverse-season-7-stiprinoss-krems-ar-centellu-50ml\/#breadcrumb","itemListElement":[{"@type":"ListItem","position":1,"name":"Home","item":"https:\/\/www.facecorner.lv\/"},{"@type":"ListItem","position":2,"name":"Veikals","item":"https:\/\/www.facecorner.lv\/shop\/"},{"@type":"ListItem","position":3,"name":"Centellian24 Madeca Cream Time Reverse Season 7 stiprino\u0161s kr\u0113ms ar centellu 50ml"}]},{"@type":"WebSite","@id":"https:\/\/www.facecorner.lv\/#website","url":"https:\/\/www.facecorner.lv\/","name":"Facecorner","description":"","publisher":{"@id":"https:\/\/www.facecorner.lv\/#organization"},"potentialAction":[{"@type":"SearchAction","target":{"@type":"EntryPoint","urlTemplate":"https:\/\/www.facecorner.lv\/?s={search_term_string}"},"query-input":{"@type":"PropertyValueSpecification","valueRequired":true,"valueName":"search_term_string"}}],"inLanguage":"lv-LV"},{"@type":"Organization","@id":"https:\/\/www.facecorner.lv\/#organization","name":"Facecorner","url":"https:\/\/www.facecorner.lv\/","logo":{"@type":"ImageObject","inLanguage":"lv-LV","@id":"https:\/\/www.facecorner.lv\/#\/schema\/logo\/image\/","url":"https:\/\/www.facecorner.lv\/wp-content\/uploads\/2024\/04\/fc-logo.jpg","contentUrl":"https:\/\/www.facecorner.lv\/wp-content\/uploads\/2024\/04\/fc-logo.jpg","width":174,"height":28,"caption":"Facecorner"},"image":{"@id":"https:\/\/www.facecorner.lv\/#\/schema\/logo\/image\/"},"sameAs":["https:\/\/www.facebook.com\/profile.php?id=100063824551839","https:\/\/www.instagram.com\/facecorner_shop\/"]}]},"product_brand":"Centellian24","product_price_amount":"19.95","product_price_currency":"EUR","og_availability":"instock","product_availability":"instock","product_condition":"new"},"_links":{"self":[{"href":"https:\/\/www.facecorner.lv\/lv\/wp-json\/wp\/v2\/product\/26408","targetHints":{"allow":["GET"]}}],"collection":[{"href":"https:\/\/www.facecorner.lv\/lv\/wp-json\/wp\/v2\/product"}],"about":[{"href":"https:\/\/www.facecorner.lv\/lv\/wp-json\/wp\/v2\/types\/product"}],"replies":[{"embeddable":true,"href":"https:\/\/www.facecorner.lv\/lv\/wp-json\/wp\/v2\/comments?post=26408"}],"wp:featuredmedia":[{"embeddable":true,"href":"https:\/\/www.facecorner.lv\/lv\/wp-json\/wp\/v2\/media\/26409"}],"wp:attachment":[{"href":"https:\/\/www.facecorner.lv\/lv\/wp-json\/wp\/v2\/media?parent=26408"}],"wp:term":[{"taxonomy":"product_brand","embeddable":true,"href":"https:\/\/www.facecorner.lv\/lv\/wp-json\/wp\/v2\/product_brand?post=26408"},{"taxonomy":"product_cat","embeddable":true,"href":"https:\/\/www.facecorner.lv\/lv\/wp-json\/wp\/v2\/product_cat?post=26408"},{"taxonomy":"product_tag","embeddable":true,"href":"https:\/\/www.facecorner.lv\/lv\/wp-json\/wp\/v2\/product_tag?post=26408"},{"taxonomy":"berocket_brand","embeddable":true,"href":"https:\/\/www.facecorner.lv\/lv\/wp-json\/wp\/v2\/berocket_brand?post=26408"}],"curies":[{"name":"wp","href":"https:\/\/api.w.org\/{rel}","templated":true}]}}