{"id":26388,"date":"2025-12-12T13:37:42","date_gmt":"2025-12-12T10:37:42","guid":{"rendered":"https:\/\/www.facecorner.lv\/?post_type=product&#038;p=26388"},"modified":"2026-04-20T14:12:32","modified_gmt":"2026-04-20T11:12:32","slug":"rejuran-healer-dual-effect-ampoule-30ml","status":"publish","type":"product","link":"https:\/\/www.facecorner.lv\/lv\/shop\/rejuran-healer-dual-effect-ampoule-30ml\/","title":{"rendered":"Rejuran Healer Dual Effect Ampoule 30ml"},"content":{"rendered":"<p>Rejuran Healer Dual Effect Ampoule ir serums-ampula sejai ar dubultu atjaunojo\u0161u un re\u0123ener\u0113jo\u0161u efektu.<\/p>\n<p>T\u0101 ir izstr\u0101d\u0101ta Korejas z\u012bmola Rejuran un satur inovat\u012bvu kompleksu, kura pamat\u0101 ir c-PDRN (polideoksiribonukleot\u012bdi) \u2014 DNS fragmenti, kas paz\u012bstami ar sav\u0101m re\u0123ener\u0113jo\u0161aj\u0101m \u012bpa\u0161\u012bb\u0101m.<\/p>\n<h6>Galven\u0101s darb\u012bbas:<\/h6>\n<ul>\n<li>Stimul\u0113 \u0101das re\u0123ener\u0101ciju \u2014 c-PDRN var veicin\u0101t \u0161\u016bnu atjauno\u0161anos un \u0101das virs\u0113jo sl\u0101\u0146u atjauno\u0161anos.<\/li>\n<li>Uzlabo elast\u012bbu un elast\u012bgumu \u2014 pal\u012bdz \u0101dai izskat\u012bties stingr\u0101ka un jaun\u0101ka.<\/li>\n<li>Samazina redzam\u0101s noveco\u0161an\u0101s paz\u012bmes, tostarp s\u012bk\u0101s grumbi\u0146as un nevienm\u0113r\u012bgu tekst\u016bru.<\/li>\n<li>Izgaismo \u0101das toni un uzlabo t\u0101s mirdzumu \u2014 niacinam\u012bds un augu ekstrakti veicina vienm\u0113r\u012bg\u0101ku toni un vesel\u012bg\u0101ku izskatu.<\/li>\n<li>Dzi\u013ci mitrina un stiprina \u0101das barjeru \u2014 skval\u0101ns, ceram\u012bdi un n\u0101trija hialuron\u0101ts pies\u0101tina \u0101du ar mitrumu un uztur aizsargsl\u0101ni.<\/li>\n<\/ul>\n<h6>Galven\u0101s sast\u0101vda\u013cas:<\/h6>\n<ul>\n<li>c-PDRN (hidroliz\u0113ta DNS) \u2014 galven\u0101 akt\u012bv\u0101 viela, kas rad\u012bta \u0101das re\u0123ener\u0101cijai un atjauno\u0161anai.<\/li>\n<li>Niac\u012bnam\u012bds (B3 vitam\u012bns) \u2014 izl\u012bdzina \u0101das toni, samazina pigment\u0101ciju un kontrol\u0113 sebuma izdal\u012b\u0161anos.<\/li>\n<li>Ceram\u012bdi \u2014 nostiprina \u0101das barjeru un samazina mitruma zudumu.<\/li>\n<li>Squalane \u2014 mitrina \u0101du, aizsarg\u0101 pret \u0101r\u0113jiem stresiem.<\/li>\n<\/ul>\n<p><strong>Lieto\u0161ana<\/strong>: Uzkl\u0101jiet da\u017eus pilienus seruma uz sejas un kakla.Viegli iemas\u0113jiet, l\u012bdz serums piln\u012bb\u0101 ies\u016bcies.Pabeidziet kop\u0161anu ar kr\u0113mu. Lai pan\u0101ktu maksim\u0101lu efektu, ieteicams lietot no r\u012bta un vakar\u0101.<\/p>\n<p><strong>Sast\u0101vs:<\/strong>\u00a0 Water, PEG-6, Glycerin, <em data-start=\"362\" data-end=\"380\">Rubus Fruticosus<\/em> (Blackberry) Leaf Extract, Dipropylene Glycol, Butylene Glycol, Niacinamide, 1,2-Hexanediol, <em data-start=\"474\" data-end=\"499\">Vaccinium Angustifolium<\/em> (Blueberry) Fruit Extract, <em data-start=\"527\" data-end=\"545\">Aloe Barbadensis<\/em> Leaf Juice, <em data-start=\"558\" data-end=\"581\" data-is-only-node=\"\">Calendula Officinalis<\/em> Flower Extract, <em data-start=\"598\" data-end=\"611\">Morus Nigra<\/em> Fruit Extract, <em data-start=\"627\" data-end=\"647\">Glycyrrhiza Glabra<\/em> (Licorice) Root Extract, Squalane, Hydrolyzed DNA (PDRN), Xanthan Gum, Hydrogenated Lecithin, Sodium Hyaluronate, Caprylyl Glycol, Ethylhexylglycerin, Polysorbate 20, Hexylene Glycol, Ceramide NP, Adenosine, Oleic Acid, Trehalose, Urea, Inulin Lauryl Carbamate, Tocopheryl Acetate (\u0432\u0438\u0442\u0430\u043c\u0438\u043d E), Bisabolol, Cholesterol, Serine, Glyceryl Polyacrylate, Algin, Pullulan, Disodium Phosphate, Potassium Phosphate.<\/p>\n","protected":false},"excerpt":{"rendered":"<p>Rejuran Healer Dual Effect Ampoule ir serums-ampula sejai ar dubultu atjaunojo\u0161u un re\u0123ener\u0113jo\u0161u efektu.<\/p>\n","protected":false},"featured_media":26389,"comment_status":"open","ping_status":"closed","template":"","meta":{"site-sidebar-layout":"default","site-content-layout":"","ast-site-content-layout":"default","site-content-style":"default","site-sidebar-style":"default","ast-global-header-display":"","ast-banner-title-visibility":"","ast-main-header-display":"","ast-hfb-above-header-display":"","ast-hfb-below-header-display":"","ast-hfb-mobile-header-display":"","site-post-title":"","ast-breadcrumbs-content":"","ast-featured-img":"","footer-sml-layout":"","theme-transparent-header-meta":"default","adv-header-id-meta":"","stick-header-meta":"","header-above-stick-meta":"","header-main-stick-meta":"","header-below-stick-meta":"","astra-migrate-meta-layouts":"set","ast-page-background-enabled":"default","ast-page-background-meta":{"desktop":{"background-color":"var(--ast-global-color-4)","background-image":"","background-repeat":"repeat","background-position":"center center","background-size":"auto","background-attachment":"scroll","background-type":"","background-media":"","overlay-type":"","overlay-color":"","overlay-opacity":"","overlay-gradient":""},"tablet":{"background-color":"","background-image":"","background-repeat":"repeat","background-position":"center center","background-size":"auto","background-attachment":"scroll","background-type":"","background-media":"","overlay-type":"","overlay-color":"","overlay-opacity":"","overlay-gradient":""},"mobile":{"background-color":"","background-image":"","background-repeat":"repeat","background-position":"center center","background-size":"auto","background-attachment":"scroll","background-type":"","background-media":"","overlay-type":"","overlay-color":"","overlay-opacity":"","overlay-gradient":""}},"ast-content-background-meta":{"desktop":{"background-color":"var(--ast-global-color-5)","background-image":"","background-repeat":"repeat","background-position":"center center","background-size":"auto","background-attachment":"scroll","background-type":"","background-media":"","overlay-type":"","overlay-color":"","overlay-opacity":"","overlay-gradient":""},"tablet":{"background-color":"var(--ast-global-color-5)","background-image":"","background-repeat":"repeat","background-position":"center center","background-size":"auto","background-attachment":"scroll","background-type":"","background-media":"","overlay-type":"","overlay-color":"","overlay-opacity":"","overlay-gradient":""},"mobile":{"background-color":"var(--ast-global-color-5)","background-image":"","background-repeat":"repeat","background-position":"center center","background-size":"auto","background-attachment":"scroll","background-type":"","background-media":"","overlay-type":"","overlay-color":"","overlay-opacity":"","overlay-gradient":""}}},"product_brand":[],"product_cat":[370,371,652,363],"product_tag":[],"berocket_brand":[639],"class_list":{"0":"post-26388","1":"product","2":"type-product","3":"status-publish","4":"has-post-thumbnail","6":"product_cat-adas-mirdzumam","7":"product_cat-anti-age","8":"product_cat-pdrn","9":"product_cat-serumi","10":"berocket_brand-rejuran","11":"desktop-align-left","12":"tablet-align-left","13":"mobile-align-left","15":"first","16":"outofstock","17":"taxable","18":"shipping-taxable","19":"purchasable","20":"product-type-simple","21":"add-to-wishlist-before_image"},"yoast_head":"<!-- This site is optimized with the Yoast SEO plugin v27.4 - https:\/\/yoast.com\/product\/yoast-seo-wordpress\/ -->\n<title>Rejuran Healer Dual Effect Ampoule 30ml - FACECORNER<\/title>\n<meta name=\"description\" content=\"Rejuran Healer Dual Effect Ampoule ir serums-ampula sejai ar dubultu atjaunojo\u0161u un re\u0123ener\u0113jo\u0161u efektu.\" \/>\n<meta name=\"robots\" content=\"index, follow, max-snippet:-1, max-image-preview:large, max-video-preview:-1\" \/>\n<link rel=\"canonical\" href=\"https:\/\/www.facecorner.lv\/lv\/shop\/rejuran-healer-dual-effect-ampoule-30ml\/\" \/>\n<meta property=\"og:locale\" content=\"lv_LV\" \/>\n<meta property=\"og:type\" content=\"article\" \/>\n<meta property=\"og:title\" content=\"Rejuran Healer Dual Effect Ampoule 30ml - FACECORNER\" \/>\n<meta property=\"og:description\" content=\"Rejuran Healer Dual Effect Ampoule ir serums-ampula sejai ar dubultu atjaunojo\u0161u un re\u0123ener\u0113jo\u0161u efektu.\" \/>\n<meta property=\"og:url\" content=\"https:\/\/www.facecorner.lv\/lv\/shop\/rejuran-healer-dual-effect-ampoule-30ml\/\" \/>\n<meta property=\"og:site_name\" content=\"FACECORNER\" \/>\n<meta property=\"article:publisher\" content=\"https:\/\/www.facebook.com\/profile.php?id=100063824551839\" \/>\n<meta property=\"article:modified_time\" content=\"2026-04-20T11:12:32+00:00\" \/>\n<meta property=\"og:image\" content=\"https:\/\/www.facecorner.lv\/wp-content\/uploads\/2025\/12\/D_anm_i-44_08a9930e-3ee8-4cfe-9877-61c1b84805ca_800x.webp\" \/>\n\t<meta property=\"og:image:width\" content=\"800\" \/>\n\t<meta property=\"og:image:height\" content=\"800\" \/>\n\t<meta property=\"og:image:type\" content=\"image\/webp\" \/>\n<meta name=\"twitter:card\" content=\"summary_large_image\" \/>\n<meta name=\"twitter:label1\" content=\"Price\" \/>\n\t<meta name=\"twitter:data1\" content=\"&euro;55.00\" \/>\n\t<meta name=\"twitter:label2\" content=\"Availability\" \/>\n\t<meta name=\"twitter:data2\" content=\"Out of stock\" \/>\n<script type=\"application\/ld+json\" class=\"yoast-schema-graph\">{\"@context\":\"https:\\\/\\\/schema.org\",\"@graph\":[{\"@type\":\"WebPage\",\"@id\":\"https:\\\/\\\/www.facecorner.lv\\\/shop\\\/rejuran-healer-dual-effect-ampoule-30ml\\\/\",\"url\":\"https:\\\/\\\/www.facecorner.lv\\\/shop\\\/rejuran-healer-dual-effect-ampoule-30ml\\\/\",\"name\":\"Rejuran Healer Dual Effect Ampoule 30ml - FACECORNER\",\"isPartOf\":{\"@id\":\"https:\\\/\\\/www.facecorner.lv\\\/#website\"},\"primaryImageOfPage\":{\"@id\":\"https:\\\/\\\/www.facecorner.lv\\\/shop\\\/rejuran-healer-dual-effect-ampoule-30ml\\\/#primaryimage\"},\"image\":{\"@id\":\"https:\\\/\\\/www.facecorner.lv\\\/shop\\\/rejuran-healer-dual-effect-ampoule-30ml\\\/#primaryimage\"},\"thumbnailUrl\":\"https:\\\/\\\/www.facecorner.lv\\\/wp-content\\\/uploads\\\/2025\\\/12\\\/D_anm_i-44_08a9930e-3ee8-4cfe-9877-61c1b84805ca_800x.webp\",\"datePublished\":\"2025-12-12T10:37:42+00:00\",\"dateModified\":\"2026-04-20T11:12:32+00:00\",\"description\":\"Rejuran Healer Dual Effect Ampoule ir serums-ampula sejai ar dubultu atjaunojo\u0161u un re\u0123ener\u0113jo\u0161u efektu.\",\"breadcrumb\":{\"@id\":\"https:\\\/\\\/www.facecorner.lv\\\/shop\\\/rejuran-healer-dual-effect-ampoule-30ml\\\/#breadcrumb\"},\"inLanguage\":\"lv-LV\",\"potentialAction\":[{\"@type\":\"ReadAction\",\"target\":[\"https:\\\/\\\/www.facecorner.lv\\\/shop\\\/rejuran-healer-dual-effect-ampoule-30ml\\\/\"]}]},{\"@type\":\"ImageObject\",\"inLanguage\":\"lv-LV\",\"@id\":\"https:\\\/\\\/www.facecorner.lv\\\/shop\\\/rejuran-healer-dual-effect-ampoule-30ml\\\/#primaryimage\",\"url\":\"https:\\\/\\\/www.facecorner.lv\\\/wp-content\\\/uploads\\\/2025\\\/12\\\/D_anm_i-44_08a9930e-3ee8-4cfe-9877-61c1b84805ca_800x.webp\",\"contentUrl\":\"https:\\\/\\\/www.facecorner.lv\\\/wp-content\\\/uploads\\\/2025\\\/12\\\/D_anm_i-44_08a9930e-3ee8-4cfe-9877-61c1b84805ca_800x.webp\",\"width\":800,\"height\":800,\"caption\":\"Rejuran Healer Dual Effect Ampoule\"},{\"@type\":\"BreadcrumbList\",\"@id\":\"https:\\\/\\\/www.facecorner.lv\\\/shop\\\/rejuran-healer-dual-effect-ampoule-30ml\\\/#breadcrumb\",\"itemListElement\":[{\"@type\":\"ListItem\",\"position\":1,\"name\":\"Home\",\"item\":\"https:\\\/\\\/www.facecorner.lv\\\/\"},{\"@type\":\"ListItem\",\"position\":2,\"name\":\"Veikals\",\"item\":\"https:\\\/\\\/www.facecorner.lv\\\/shop\\\/\"},{\"@type\":\"ListItem\",\"position\":3,\"name\":\"Rejuran Healer Dual Effect Ampoule 30ml\"}]},{\"@type\":\"WebSite\",\"@id\":\"https:\\\/\\\/www.facecorner.lv\\\/#website\",\"url\":\"https:\\\/\\\/www.facecorner.lv\\\/\",\"name\":\"Facecorner\",\"description\":\"\",\"publisher\":{\"@id\":\"https:\\\/\\\/www.facecorner.lv\\\/#organization\"},\"potentialAction\":[{\"@type\":\"SearchAction\",\"target\":{\"@type\":\"EntryPoint\",\"urlTemplate\":\"https:\\\/\\\/www.facecorner.lv\\\/?s={search_term_string}\"},\"query-input\":{\"@type\":\"PropertyValueSpecification\",\"valueRequired\":true,\"valueName\":\"search_term_string\"}}],\"inLanguage\":\"lv-LV\"},{\"@type\":\"Organization\",\"@id\":\"https:\\\/\\\/www.facecorner.lv\\\/#organization\",\"name\":\"Facecorner\",\"url\":\"https:\\\/\\\/www.facecorner.lv\\\/\",\"logo\":{\"@type\":\"ImageObject\",\"inLanguage\":\"lv-LV\",\"@id\":\"https:\\\/\\\/www.facecorner.lv\\\/#\\\/schema\\\/logo\\\/image\\\/\",\"url\":\"https:\\\/\\\/www.facecorner.lv\\\/wp-content\\\/uploads\\\/2024\\\/04\\\/fc-logo.jpg\",\"contentUrl\":\"https:\\\/\\\/www.facecorner.lv\\\/wp-content\\\/uploads\\\/2024\\\/04\\\/fc-logo.jpg\",\"width\":174,\"height\":28,\"caption\":\"Facecorner\"},\"image\":{\"@id\":\"https:\\\/\\\/www.facecorner.lv\\\/#\\\/schema\\\/logo\\\/image\\\/\"},\"sameAs\":[\"https:\\\/\\\/www.facebook.com\\\/profile.php?id=100063824551839\",\"https:\\\/\\\/www.instagram.com\\\/facecorner_shop\\\/\"]}]}<\/script>\n<meta property=\"product:price:amount\" content=\"55.00\" \/>\n<meta property=\"product:price:currency\" content=\"EUR\" \/>\n<meta property=\"og:availability\" content=\"out of stock\" \/>\n<meta property=\"product:availability\" content=\"out of stock\" \/>\n<meta property=\"product:condition\" content=\"new\" \/>\n<!-- \/ Yoast SEO plugin. -->","yoast_head_json":{"title":"Rejuran Healer Dual Effect Ampoule 30ml - FACECORNER","description":"Rejuran Healer Dual Effect Ampoule ir serums-ampula sejai ar dubultu atjaunojo\u0161u un re\u0123ener\u0113jo\u0161u efektu.","robots":{"index":"index","follow":"follow","max-snippet":"max-snippet:-1","max-image-preview":"max-image-preview:large","max-video-preview":"max-video-preview:-1"},"canonical":"https:\/\/www.facecorner.lv\/lv\/shop\/rejuran-healer-dual-effect-ampoule-30ml\/","og_locale":"lv_LV","og_type":"article","og_title":"Rejuran Healer Dual Effect Ampoule 30ml - FACECORNER","og_description":"Rejuran Healer Dual Effect Ampoule ir serums-ampula sejai ar dubultu atjaunojo\u0161u un re\u0123ener\u0113jo\u0161u efektu.","og_url":"https:\/\/www.facecorner.lv\/lv\/shop\/rejuran-healer-dual-effect-ampoule-30ml\/","og_site_name":"FACECORNER","article_publisher":"https:\/\/www.facebook.com\/profile.php?id=100063824551839","article_modified_time":"2026-04-20T11:12:32+00:00","og_image":[{"width":800,"height":800,"url":"https:\/\/www.facecorner.lv\/wp-content\/uploads\/2025\/12\/D_anm_i-44_08a9930e-3ee8-4cfe-9877-61c1b84805ca_800x.webp","type":"image\/webp"}],"twitter_card":"summary_large_image","twitter_misc":{"Price":"&euro;55.00","Availability":"Out of stock"},"schema":{"@context":"https:\/\/schema.org","@graph":[{"@type":"WebPage","@id":"https:\/\/www.facecorner.lv\/shop\/rejuran-healer-dual-effect-ampoule-30ml\/","url":"https:\/\/www.facecorner.lv\/shop\/rejuran-healer-dual-effect-ampoule-30ml\/","name":"Rejuran Healer Dual Effect Ampoule 30ml - FACECORNER","isPartOf":{"@id":"https:\/\/www.facecorner.lv\/#website"},"primaryImageOfPage":{"@id":"https:\/\/www.facecorner.lv\/shop\/rejuran-healer-dual-effect-ampoule-30ml\/#primaryimage"},"image":{"@id":"https:\/\/www.facecorner.lv\/shop\/rejuran-healer-dual-effect-ampoule-30ml\/#primaryimage"},"thumbnailUrl":"https:\/\/www.facecorner.lv\/wp-content\/uploads\/2025\/12\/D_anm_i-44_08a9930e-3ee8-4cfe-9877-61c1b84805ca_800x.webp","datePublished":"2025-12-12T10:37:42+00:00","dateModified":"2026-04-20T11:12:32+00:00","description":"Rejuran Healer Dual Effect Ampoule ir serums-ampula sejai ar dubultu atjaunojo\u0161u un re\u0123ener\u0113jo\u0161u efektu.","breadcrumb":{"@id":"https:\/\/www.facecorner.lv\/shop\/rejuran-healer-dual-effect-ampoule-30ml\/#breadcrumb"},"inLanguage":"lv-LV","potentialAction":[{"@type":"ReadAction","target":["https:\/\/www.facecorner.lv\/shop\/rejuran-healer-dual-effect-ampoule-30ml\/"]}]},{"@type":"ImageObject","inLanguage":"lv-LV","@id":"https:\/\/www.facecorner.lv\/shop\/rejuran-healer-dual-effect-ampoule-30ml\/#primaryimage","url":"https:\/\/www.facecorner.lv\/wp-content\/uploads\/2025\/12\/D_anm_i-44_08a9930e-3ee8-4cfe-9877-61c1b84805ca_800x.webp","contentUrl":"https:\/\/www.facecorner.lv\/wp-content\/uploads\/2025\/12\/D_anm_i-44_08a9930e-3ee8-4cfe-9877-61c1b84805ca_800x.webp","width":800,"height":800,"caption":"Rejuran Healer Dual Effect Ampoule"},{"@type":"BreadcrumbList","@id":"https:\/\/www.facecorner.lv\/shop\/rejuran-healer-dual-effect-ampoule-30ml\/#breadcrumb","itemListElement":[{"@type":"ListItem","position":1,"name":"Home","item":"https:\/\/www.facecorner.lv\/"},{"@type":"ListItem","position":2,"name":"Veikals","item":"https:\/\/www.facecorner.lv\/shop\/"},{"@type":"ListItem","position":3,"name":"Rejuran Healer Dual Effect Ampoule 30ml"}]},{"@type":"WebSite","@id":"https:\/\/www.facecorner.lv\/#website","url":"https:\/\/www.facecorner.lv\/","name":"Facecorner","description":"","publisher":{"@id":"https:\/\/www.facecorner.lv\/#organization"},"potentialAction":[{"@type":"SearchAction","target":{"@type":"EntryPoint","urlTemplate":"https:\/\/www.facecorner.lv\/?s={search_term_string}"},"query-input":{"@type":"PropertyValueSpecification","valueRequired":true,"valueName":"search_term_string"}}],"inLanguage":"lv-LV"},{"@type":"Organization","@id":"https:\/\/www.facecorner.lv\/#organization","name":"Facecorner","url":"https:\/\/www.facecorner.lv\/","logo":{"@type":"ImageObject","inLanguage":"lv-LV","@id":"https:\/\/www.facecorner.lv\/#\/schema\/logo\/image\/","url":"https:\/\/www.facecorner.lv\/wp-content\/uploads\/2024\/04\/fc-logo.jpg","contentUrl":"https:\/\/www.facecorner.lv\/wp-content\/uploads\/2024\/04\/fc-logo.jpg","width":174,"height":28,"caption":"Facecorner"},"image":{"@id":"https:\/\/www.facecorner.lv\/#\/schema\/logo\/image\/"},"sameAs":["https:\/\/www.facebook.com\/profile.php?id=100063824551839","https:\/\/www.instagram.com\/facecorner_shop\/"]}]},"product_price_amount":"55.00","product_price_currency":"EUR","og_availability":"out of stock","product_availability":"out of stock","product_condition":"new"},"_links":{"self":[{"href":"https:\/\/www.facecorner.lv\/lv\/wp-json\/wp\/v2\/product\/26388","targetHints":{"allow":["GET"]}}],"collection":[{"href":"https:\/\/www.facecorner.lv\/lv\/wp-json\/wp\/v2\/product"}],"about":[{"href":"https:\/\/www.facecorner.lv\/lv\/wp-json\/wp\/v2\/types\/product"}],"replies":[{"embeddable":true,"href":"https:\/\/www.facecorner.lv\/lv\/wp-json\/wp\/v2\/comments?post=26388"}],"wp:featuredmedia":[{"embeddable":true,"href":"https:\/\/www.facecorner.lv\/lv\/wp-json\/wp\/v2\/media\/26389"}],"wp:attachment":[{"href":"https:\/\/www.facecorner.lv\/lv\/wp-json\/wp\/v2\/media?parent=26388"}],"wp:term":[{"taxonomy":"product_brand","embeddable":true,"href":"https:\/\/www.facecorner.lv\/lv\/wp-json\/wp\/v2\/product_brand?post=26388"},{"taxonomy":"product_cat","embeddable":true,"href":"https:\/\/www.facecorner.lv\/lv\/wp-json\/wp\/v2\/product_cat?post=26388"},{"taxonomy":"product_tag","embeddable":true,"href":"https:\/\/www.facecorner.lv\/lv\/wp-json\/wp\/v2\/product_tag?post=26388"},{"taxonomy":"berocket_brand","embeddable":true,"href":"https:\/\/www.facecorner.lv\/lv\/wp-json\/wp\/v2\/berocket_brand?post=26388"}],"curies":[{"name":"wp","href":"https:\/\/api.w.org\/{rel}","templated":true}]}}