{"id":26370,"date":"2025-12-10T15:51:54","date_gmt":"2025-12-10T12:51:54","guid":{"rendered":"https:\/\/www.facecorner.lv\/?post_type=product&#038;p=26370"},"modified":"2026-01-21T14:45:00","modified_gmt":"2026-01-21T11:45:00","slug":"dr-althea-retinol-01-atjaunojoss-serums-ar-retinolu-30ml","status":"publish","type":"product","link":"https:\/\/www.facecorner.lv\/lv\/shop\/dr-althea-retinol-01-atjaunojoss-serums-ar-retinolu-30ml\/","title":{"rendered":"Dr. Althea Retinol 0,1% atjaunojo\u0161s serums ar retinolu 30ml"},"content":{"rendered":"<p>Dr. Althea Retinol 0,1% serums ir efekt\u012bvs pretnoveco\u0161an\u0101s l\u012bdzeklis \u0101das atjauno\u0161anai, t\u0101s tekst\u016bras uzlabo\u0161anai un nepiln\u012bbu nov\u0113r\u0161anai.<\/p>\n<p>Pateicoties optim\u0101lai retinola koncentr\u0101cijai 0,1%, l\u012bdzeklis pal\u012bdz uzs\u0101kt \u0161\u016bnu atjauno\u0161an\u0101s procesus, samazinot grumbu, pigment\u0101cijas un pinnes p\u0113du izteikt\u012bbu.<\/p>\n<h6>Galven\u0101s priek\u0161roc\u012bbas:<\/h6>\n<ul>\n<li>Stimul\u0113 \u0101das atjauno\u0161anos un kolag\u0113na veido\u0161anos.<\/li>\n<li>Izl\u012bdzina s\u012bk\u0101s grumbi\u0146as un uzlabo \u0101das elast\u012bbu.<\/li>\n<li>Izl\u012bdzina \u0101das toni un reljefu.<\/li>\n<li>Pal\u012bdz c\u012bn\u012bties pret pinnes un p\u0113cpinnes.<\/li>\n<li>Uzlabo \u0101das visp\u0101r\u0113jo st\u0101vokli un izskatu.<\/li>\n<\/ul>\n<h6>Akt\u012bv\u0101s sast\u0101vda\u013cas:<\/h6>\n<ul>\n<li>Retinols 0,1% \u2014 pa\u0101trina \u0161\u016bnu atjauno\u0161anos, samazina noveco\u0161an\u0101s paz\u012bmes.<\/li>\n<li>Nomierino\u0161as un mitrino\u0161as sast\u0101vda\u013cas \u2014 pal\u012bdz samazin\u0101t kairin\u0101juma un sausuma risku.<\/li>\n<li>Antioksidanti \u2014 aizsarg\u0101 \u0101du no negat\u012bv\u0101s vides ietekmes.<\/li>\n<\/ul>\n<p><strong>Lieto\u0161ana<\/strong>: Lietot vakar\u0101, uzkl\u0101jot nelielu daudzumu seruma uz sausas \u0101das p\u0113c att\u012br\u012b\u0161anas un tonika lieto\u0161anas. S\u0101kt ar 2\u20133 reiz\u0113m ned\u0113\u013c\u0101, pak\u0101peniski palielinot lieto\u0161anas bie\u017eumu. Dien\u0101 oblig\u0101ti lietot saules aizsargkr\u0113mu ar SPF.<\/p>\n<p><strong>Sast\u0101vs:<\/strong> <span style=\"font-size: 16px;\">Water, glycerin, butylene, glycol, dibutyl adipate, 1,2-hexanediol, panthenol, glycine soja (soybean) oil, hydrogenated lecithin, caprylic\/capric triglyceride,polyglyceryl-3 methyl glucose distearate, sodium polyacrylate,hydroxyethyl acrylate\/sodium acryloyldimethyl taurate copolymer, sodium acrylate\/sodium acryloyldimethyl taurate copolymer, betula alba juice,retinol,bakuchiol,polyisobutene,ethylhexylglycerin,allantoin,glyceryl acrylate\/acrylic acid copolymer,disodium edta,sorbitan isostearate,pvm\/ma copolymer,sorbitan oleate, caprylyl\/capryl glucoside,hyacinthus orientalis (hyacinth) extract, borago officinalis extract,chamomilla recutita (matricaria) flower extract,centaurea cyanus flower extract,salvia sclarea (clary) extract,lavandula angustifolia (lavender) flower extract,tocopherol.<\/span><\/p>\n<div class=\"accordeon__item\"><\/div>\n","protected":false},"excerpt":{"rendered":"<p>Dr. Althea Retinol 0,1% serums ir efekt\u012bvs pretnoveco\u0161an\u0101s l\u012bdzeklis \u0101das atjauno\u0161anai, t\u0101s tekst\u016bras uzlabo\u0161anai un nepiln\u012bbu nov\u0113r\u0161anai.<\/p>\n","protected":false},"featured_media":26371,"comment_status":"open","ping_status":"closed","template":"","meta":{"site-sidebar-layout":"default","site-content-layout":"","ast-site-content-layout":"default","site-content-style":"default","site-sidebar-style":"default","ast-global-header-display":"","ast-banner-title-visibility":"","ast-main-header-display":"","ast-hfb-above-header-display":"","ast-hfb-below-header-display":"","ast-hfb-mobile-header-display":"","site-post-title":"","ast-breadcrumbs-content":"","ast-featured-img":"","footer-sml-layout":"","theme-transparent-header-meta":"default","adv-header-id-meta":"","stick-header-meta":"","header-above-stick-meta":"","header-main-stick-meta":"","header-below-stick-meta":"","astra-migrate-meta-layouts":"set","ast-page-background-enabled":"default","ast-page-background-meta":{"desktop":{"background-color":"var(--ast-global-color-4)","background-image":"","background-repeat":"repeat","background-position":"center center","background-size":"auto","background-attachment":"scroll","background-type":"","background-media":"","overlay-type":"","overlay-color":"","overlay-opacity":"","overlay-gradient":""},"tablet":{"background-color":"","background-image":"","background-repeat":"repeat","background-position":"center center","background-size":"auto","background-attachment":"scroll","background-type":"","background-media":"","overlay-type":"","overlay-color":"","overlay-opacity":"","overlay-gradient":""},"mobile":{"background-color":"","background-image":"","background-repeat":"repeat","background-position":"center center","background-size":"auto","background-attachment":"scroll","background-type":"","background-media":"","overlay-type":"","overlay-color":"","overlay-opacity":"","overlay-gradient":""}},"ast-content-background-meta":{"desktop":{"background-color":"var(--ast-global-color-5)","background-image":"","background-repeat":"repeat","background-position":"center center","background-size":"auto","background-attachment":"scroll","background-type":"","background-media":"","overlay-type":"","overlay-color":"","overlay-opacity":"","overlay-gradient":""},"tablet":{"background-color":"var(--ast-global-color-5)","background-image":"","background-repeat":"repeat","background-position":"center center","background-size":"auto","background-attachment":"scroll","background-type":"","background-media":"","overlay-type":"","overlay-color":"","overlay-opacity":"","overlay-gradient":""},"mobile":{"background-color":"var(--ast-global-color-5)","background-image":"","background-repeat":"repeat","background-position":"center center","background-size":"auto","background-attachment":"scroll","background-type":"","background-media":"","overlay-type":"","overlay-color":"","overlay-opacity":"","overlay-gradient":""}}},"product_brand":[],"product_cat":[371,373,363],"product_tag":[],"berocket_brand":[597],"class_list":{"0":"post-26370","1":"product","2":"type-product","3":"status-publish","4":"has-post-thumbnail","6":"product_cat-anti-age","7":"product_cat-poras-sasaurinoss","8":"product_cat-serumi","9":"berocket_brand-dr-althea","10":"desktop-align-left","11":"tablet-align-left","12":"mobile-align-left","14":"first","15":"outofstock","16":"taxable","17":"shipping-taxable","18":"purchasable","19":"product-type-simple","20":"add-to-wishlist-before_image"},"yoast_head":"<!-- This site is optimized with the Yoast SEO plugin v27.4 - https:\/\/yoast.com\/product\/yoast-seo-wordpress\/ -->\n<title>Dr. Althea Retinol 0,1% atjaunojo\u0161s serums ar retinolu 30ml - FACECORNER<\/title>\n<meta name=\"description\" content=\"Dr. Althea Retinol 0,1% serums ir efekt\u012bvs pretnoveco\u0161an\u0101s l\u012bdzeklis \u0101das atjauno\u0161anai, t\u0101s tekst\u016bras uzlabo\u0161anai un nepiln\u012bbu nov\u0113r\u0161anai.\" \/>\n<meta name=\"robots\" content=\"index, follow, max-snippet:-1, max-image-preview:large, max-video-preview:-1\" \/>\n<link rel=\"canonical\" href=\"https:\/\/www.facecorner.lv\/lv\/shop\/dr-althea-retinol-01-atjaunojoss-serums-ar-retinolu-30ml\/\" \/>\n<meta property=\"og:locale\" content=\"lv_LV\" \/>\n<meta property=\"og:type\" content=\"article\" \/>\n<meta property=\"og:title\" content=\"Dr. Althea Retinol 0,1% atjaunojo\u0161s serums ar retinolu 30ml - FACECORNER\" \/>\n<meta property=\"og:description\" content=\"Dr. Althea Retinol 0,1% serums ir efekt\u012bvs pretnoveco\u0161an\u0101s l\u012bdzeklis \u0101das atjauno\u0161anai, t\u0101s tekst\u016bras uzlabo\u0161anai un nepiln\u012bbu nov\u0113r\u0161anai.\" \/>\n<meta property=\"og:url\" content=\"https:\/\/www.facecorner.lv\/lv\/shop\/dr-althea-retinol-01-atjaunojoss-serums-ar-retinolu-30ml\/\" \/>\n<meta property=\"og:site_name\" content=\"FACECORNER\" \/>\n<meta property=\"article:publisher\" content=\"https:\/\/www.facebook.com\/profile.php?id=100063824551839\" \/>\n<meta property=\"article:modified_time\" content=\"2026-01-21T11:45:00+00:00\" \/>\n<meta property=\"og:image\" content=\"https:\/\/www.facecorner.lv\/wp-content\/uploads\/2025\/12\/Dr.-Althea-Gentle-Retinol-Serum_.jpg\" \/>\n\t<meta property=\"og:image:width\" content=\"1000\" \/>\n\t<meta property=\"og:image:height\" content=\"1000\" \/>\n\t<meta property=\"og:image:type\" content=\"image\/jpeg\" \/>\n<meta name=\"twitter:card\" content=\"summary_large_image\" \/>\n<meta name=\"twitter:label1\" content=\"Price\" \/>\n\t<meta name=\"twitter:data1\" content=\"&euro;21.90\" \/>\n\t<meta name=\"twitter:label2\" content=\"Availability\" \/>\n\t<meta name=\"twitter:data2\" content=\"Out of stock\" \/>\n<script type=\"application\/ld+json\" class=\"yoast-schema-graph\">{\"@context\":\"https:\\\/\\\/schema.org\",\"@graph\":[{\"@type\":\"WebPage\",\"@id\":\"https:\\\/\\\/www.facecorner.lv\\\/shop\\\/dr-althea-retinol-01-atjaunojoss-serums-ar-retinolu-30ml\\\/\",\"url\":\"https:\\\/\\\/www.facecorner.lv\\\/shop\\\/dr-althea-retinol-01-atjaunojoss-serums-ar-retinolu-30ml\\\/\",\"name\":\"Dr. Althea Retinol 0,1% atjaunojo\u0161s serums ar retinolu 30ml - FACECORNER\",\"isPartOf\":{\"@id\":\"https:\\\/\\\/www.facecorner.lv\\\/#website\"},\"primaryImageOfPage\":{\"@id\":\"https:\\\/\\\/www.facecorner.lv\\\/shop\\\/dr-althea-retinol-01-atjaunojoss-serums-ar-retinolu-30ml\\\/#primaryimage\"},\"image\":{\"@id\":\"https:\\\/\\\/www.facecorner.lv\\\/shop\\\/dr-althea-retinol-01-atjaunojoss-serums-ar-retinolu-30ml\\\/#primaryimage\"},\"thumbnailUrl\":\"https:\\\/\\\/www.facecorner.lv\\\/wp-content\\\/uploads\\\/2025\\\/12\\\/Dr.-Althea-Gentle-Retinol-Serum_.jpg\",\"datePublished\":\"2025-12-10T12:51:54+00:00\",\"dateModified\":\"2026-01-21T11:45:00+00:00\",\"description\":\"Dr. Althea Retinol 0,1% serums ir efekt\u012bvs pretnoveco\u0161an\u0101s l\u012bdzeklis \u0101das atjauno\u0161anai, t\u0101s tekst\u016bras uzlabo\u0161anai un nepiln\u012bbu nov\u0113r\u0161anai.\",\"breadcrumb\":{\"@id\":\"https:\\\/\\\/www.facecorner.lv\\\/shop\\\/dr-althea-retinol-01-atjaunojoss-serums-ar-retinolu-30ml\\\/#breadcrumb\"},\"inLanguage\":\"lv-LV\",\"potentialAction\":[{\"@type\":\"ReadAction\",\"target\":[\"https:\\\/\\\/www.facecorner.lv\\\/shop\\\/dr-althea-retinol-01-atjaunojoss-serums-ar-retinolu-30ml\\\/\"]}]},{\"@type\":\"ImageObject\",\"inLanguage\":\"lv-LV\",\"@id\":\"https:\\\/\\\/www.facecorner.lv\\\/shop\\\/dr-althea-retinol-01-atjaunojoss-serums-ar-retinolu-30ml\\\/#primaryimage\",\"url\":\"https:\\\/\\\/www.facecorner.lv\\\/wp-content\\\/uploads\\\/2025\\\/12\\\/Dr.-Althea-Gentle-Retinol-Serum_.jpg\",\"contentUrl\":\"https:\\\/\\\/www.facecorner.lv\\\/wp-content\\\/uploads\\\/2025\\\/12\\\/Dr.-Althea-Gentle-Retinol-Serum_.jpg\",\"width\":1000,\"height\":1000,\"caption\":\"Dr. Althea Retinol 0,1%\"},{\"@type\":\"BreadcrumbList\",\"@id\":\"https:\\\/\\\/www.facecorner.lv\\\/shop\\\/dr-althea-retinol-01-atjaunojoss-serums-ar-retinolu-30ml\\\/#breadcrumb\",\"itemListElement\":[{\"@type\":\"ListItem\",\"position\":1,\"name\":\"Home\",\"item\":\"https:\\\/\\\/www.facecorner.lv\\\/\"},{\"@type\":\"ListItem\",\"position\":2,\"name\":\"Veikals\",\"item\":\"https:\\\/\\\/www.facecorner.lv\\\/shop\\\/\"},{\"@type\":\"ListItem\",\"position\":3,\"name\":\"Dr. Althea Retinol 0,1% atjaunojo\u0161s serums ar retinolu 30ml\"}]},{\"@type\":\"WebSite\",\"@id\":\"https:\\\/\\\/www.facecorner.lv\\\/#website\",\"url\":\"https:\\\/\\\/www.facecorner.lv\\\/\",\"name\":\"Facecorner\",\"description\":\"\",\"publisher\":{\"@id\":\"https:\\\/\\\/www.facecorner.lv\\\/#organization\"},\"potentialAction\":[{\"@type\":\"SearchAction\",\"target\":{\"@type\":\"EntryPoint\",\"urlTemplate\":\"https:\\\/\\\/www.facecorner.lv\\\/?s={search_term_string}\"},\"query-input\":{\"@type\":\"PropertyValueSpecification\",\"valueRequired\":true,\"valueName\":\"search_term_string\"}}],\"inLanguage\":\"lv-LV\"},{\"@type\":\"Organization\",\"@id\":\"https:\\\/\\\/www.facecorner.lv\\\/#organization\",\"name\":\"Facecorner\",\"url\":\"https:\\\/\\\/www.facecorner.lv\\\/\",\"logo\":{\"@type\":\"ImageObject\",\"inLanguage\":\"lv-LV\",\"@id\":\"https:\\\/\\\/www.facecorner.lv\\\/#\\\/schema\\\/logo\\\/image\\\/\",\"url\":\"https:\\\/\\\/www.facecorner.lv\\\/wp-content\\\/uploads\\\/2024\\\/04\\\/fc-logo.jpg\",\"contentUrl\":\"https:\\\/\\\/www.facecorner.lv\\\/wp-content\\\/uploads\\\/2024\\\/04\\\/fc-logo.jpg\",\"width\":174,\"height\":28,\"caption\":\"Facecorner\"},\"image\":{\"@id\":\"https:\\\/\\\/www.facecorner.lv\\\/#\\\/schema\\\/logo\\\/image\\\/\"},\"sameAs\":[\"https:\\\/\\\/www.facebook.com\\\/profile.php?id=100063824551839\",\"https:\\\/\\\/www.instagram.com\\\/facecorner_shop\\\/\"]}]}<\/script>\n<meta property=\"product:price:amount\" content=\"21.90\" \/>\n<meta property=\"product:price:currency\" content=\"EUR\" \/>\n<meta property=\"og:availability\" content=\"out of stock\" \/>\n<meta property=\"product:availability\" content=\"out of stock\" \/>\n<meta property=\"product:condition\" content=\"new\" \/>\n<!-- \/ Yoast SEO plugin. -->","yoast_head_json":{"title":"Dr. Althea Retinol 0,1% atjaunojo\u0161s serums ar retinolu 30ml - FACECORNER","description":"Dr. Althea Retinol 0,1% serums ir efekt\u012bvs pretnoveco\u0161an\u0101s l\u012bdzeklis \u0101das atjauno\u0161anai, t\u0101s tekst\u016bras uzlabo\u0161anai un nepiln\u012bbu nov\u0113r\u0161anai.","robots":{"index":"index","follow":"follow","max-snippet":"max-snippet:-1","max-image-preview":"max-image-preview:large","max-video-preview":"max-video-preview:-1"},"canonical":"https:\/\/www.facecorner.lv\/lv\/shop\/dr-althea-retinol-01-atjaunojoss-serums-ar-retinolu-30ml\/","og_locale":"lv_LV","og_type":"article","og_title":"Dr. Althea Retinol 0,1% atjaunojo\u0161s serums ar retinolu 30ml - FACECORNER","og_description":"Dr. Althea Retinol 0,1% serums ir efekt\u012bvs pretnoveco\u0161an\u0101s l\u012bdzeklis \u0101das atjauno\u0161anai, t\u0101s tekst\u016bras uzlabo\u0161anai un nepiln\u012bbu nov\u0113r\u0161anai.","og_url":"https:\/\/www.facecorner.lv\/lv\/shop\/dr-althea-retinol-01-atjaunojoss-serums-ar-retinolu-30ml\/","og_site_name":"FACECORNER","article_publisher":"https:\/\/www.facebook.com\/profile.php?id=100063824551839","article_modified_time":"2026-01-21T11:45:00+00:00","og_image":[{"width":1000,"height":1000,"url":"https:\/\/www.facecorner.lv\/wp-content\/uploads\/2025\/12\/Dr.-Althea-Gentle-Retinol-Serum_.jpg","type":"image\/jpeg"}],"twitter_card":"summary_large_image","twitter_misc":{"Price":"&euro;21.90","Availability":"Out of stock"},"schema":{"@context":"https:\/\/schema.org","@graph":[{"@type":"WebPage","@id":"https:\/\/www.facecorner.lv\/shop\/dr-althea-retinol-01-atjaunojoss-serums-ar-retinolu-30ml\/","url":"https:\/\/www.facecorner.lv\/shop\/dr-althea-retinol-01-atjaunojoss-serums-ar-retinolu-30ml\/","name":"Dr. Althea Retinol 0,1% atjaunojo\u0161s serums ar retinolu 30ml - FACECORNER","isPartOf":{"@id":"https:\/\/www.facecorner.lv\/#website"},"primaryImageOfPage":{"@id":"https:\/\/www.facecorner.lv\/shop\/dr-althea-retinol-01-atjaunojoss-serums-ar-retinolu-30ml\/#primaryimage"},"image":{"@id":"https:\/\/www.facecorner.lv\/shop\/dr-althea-retinol-01-atjaunojoss-serums-ar-retinolu-30ml\/#primaryimage"},"thumbnailUrl":"https:\/\/www.facecorner.lv\/wp-content\/uploads\/2025\/12\/Dr.-Althea-Gentle-Retinol-Serum_.jpg","datePublished":"2025-12-10T12:51:54+00:00","dateModified":"2026-01-21T11:45:00+00:00","description":"Dr. Althea Retinol 0,1% serums ir efekt\u012bvs pretnoveco\u0161an\u0101s l\u012bdzeklis \u0101das atjauno\u0161anai, t\u0101s tekst\u016bras uzlabo\u0161anai un nepiln\u012bbu nov\u0113r\u0161anai.","breadcrumb":{"@id":"https:\/\/www.facecorner.lv\/shop\/dr-althea-retinol-01-atjaunojoss-serums-ar-retinolu-30ml\/#breadcrumb"},"inLanguage":"lv-LV","potentialAction":[{"@type":"ReadAction","target":["https:\/\/www.facecorner.lv\/shop\/dr-althea-retinol-01-atjaunojoss-serums-ar-retinolu-30ml\/"]}]},{"@type":"ImageObject","inLanguage":"lv-LV","@id":"https:\/\/www.facecorner.lv\/shop\/dr-althea-retinol-01-atjaunojoss-serums-ar-retinolu-30ml\/#primaryimage","url":"https:\/\/www.facecorner.lv\/wp-content\/uploads\/2025\/12\/Dr.-Althea-Gentle-Retinol-Serum_.jpg","contentUrl":"https:\/\/www.facecorner.lv\/wp-content\/uploads\/2025\/12\/Dr.-Althea-Gentle-Retinol-Serum_.jpg","width":1000,"height":1000,"caption":"Dr. Althea Retinol 0,1%"},{"@type":"BreadcrumbList","@id":"https:\/\/www.facecorner.lv\/shop\/dr-althea-retinol-01-atjaunojoss-serums-ar-retinolu-30ml\/#breadcrumb","itemListElement":[{"@type":"ListItem","position":1,"name":"Home","item":"https:\/\/www.facecorner.lv\/"},{"@type":"ListItem","position":2,"name":"Veikals","item":"https:\/\/www.facecorner.lv\/shop\/"},{"@type":"ListItem","position":3,"name":"Dr. Althea Retinol 0,1% atjaunojo\u0161s serums ar retinolu 30ml"}]},{"@type":"WebSite","@id":"https:\/\/www.facecorner.lv\/#website","url":"https:\/\/www.facecorner.lv\/","name":"Facecorner","description":"","publisher":{"@id":"https:\/\/www.facecorner.lv\/#organization"},"potentialAction":[{"@type":"SearchAction","target":{"@type":"EntryPoint","urlTemplate":"https:\/\/www.facecorner.lv\/?s={search_term_string}"},"query-input":{"@type":"PropertyValueSpecification","valueRequired":true,"valueName":"search_term_string"}}],"inLanguage":"lv-LV"},{"@type":"Organization","@id":"https:\/\/www.facecorner.lv\/#organization","name":"Facecorner","url":"https:\/\/www.facecorner.lv\/","logo":{"@type":"ImageObject","inLanguage":"lv-LV","@id":"https:\/\/www.facecorner.lv\/#\/schema\/logo\/image\/","url":"https:\/\/www.facecorner.lv\/wp-content\/uploads\/2024\/04\/fc-logo.jpg","contentUrl":"https:\/\/www.facecorner.lv\/wp-content\/uploads\/2024\/04\/fc-logo.jpg","width":174,"height":28,"caption":"Facecorner"},"image":{"@id":"https:\/\/www.facecorner.lv\/#\/schema\/logo\/image\/"},"sameAs":["https:\/\/www.facebook.com\/profile.php?id=100063824551839","https:\/\/www.instagram.com\/facecorner_shop\/"]}]},"product_price_amount":"21.90","product_price_currency":"EUR","og_availability":"out of stock","product_availability":"out of stock","product_condition":"new"},"_links":{"self":[{"href":"https:\/\/www.facecorner.lv\/lv\/wp-json\/wp\/v2\/product\/26370","targetHints":{"allow":["GET"]}}],"collection":[{"href":"https:\/\/www.facecorner.lv\/lv\/wp-json\/wp\/v2\/product"}],"about":[{"href":"https:\/\/www.facecorner.lv\/lv\/wp-json\/wp\/v2\/types\/product"}],"replies":[{"embeddable":true,"href":"https:\/\/www.facecorner.lv\/lv\/wp-json\/wp\/v2\/comments?post=26370"}],"wp:featuredmedia":[{"embeddable":true,"href":"https:\/\/www.facecorner.lv\/lv\/wp-json\/wp\/v2\/media\/26371"}],"wp:attachment":[{"href":"https:\/\/www.facecorner.lv\/lv\/wp-json\/wp\/v2\/media?parent=26370"}],"wp:term":[{"taxonomy":"product_brand","embeddable":true,"href":"https:\/\/www.facecorner.lv\/lv\/wp-json\/wp\/v2\/product_brand?post=26370"},{"taxonomy":"product_cat","embeddable":true,"href":"https:\/\/www.facecorner.lv\/lv\/wp-json\/wp\/v2\/product_cat?post=26370"},{"taxonomy":"product_tag","embeddable":true,"href":"https:\/\/www.facecorner.lv\/lv\/wp-json\/wp\/v2\/product_tag?post=26370"},{"taxonomy":"berocket_brand","embeddable":true,"href":"https:\/\/www.facecorner.lv\/lv\/wp-json\/wp\/v2\/berocket_brand?post=26370"}],"curies":[{"name":"wp","href":"https:\/\/api.w.org\/{rel}","templated":true}]}}