{"id":26352,"date":"2025-12-09T14:46:52","date_gmt":"2025-12-09T11:46:52","guid":{"rendered":"https:\/\/www.facecorner.lv\/?post_type=product&#038;p=26352"},"modified":"2026-04-02T09:23:01","modified_gmt":"2026-04-02T06:23:01","slug":"lion-pair-acne-cream","status":"publish","type":"product","link":"https:\/\/www.facecorner.lv\/lv\/shop\/lion-pair-acne-cream\/","title":{"rendered":"LION Pair Acne Cream W 24g"},"content":{"rendered":"<p>LION Pair Acne Cream W \u2014 jap\u0101\u0146u \u0101rstniecisks kr\u0113ms pret pinnes un iekaisu\u0161iem p\u016bt\u012bt\u0113m.<\/p>\n<p>Tas ir izstr\u0101d\u0101ts k\u0101 efekt\u012bvs l\u012bdzeklis lok\u0101lai lieto\u0161anai: samazina aps\u0101rtumu, iekaisumu, darbojas antibakteri\u0101li un pal\u012bdz pa\u0101trin\u0101t izsitumu sadz\u012b\u0161anu bez stipras sausuma saj\u016btas. Kr\u0113ms \u0101tri ies\u016bcas un k\u013c\u016bst caursp\u012bd\u012bgs uz \u0101das, t\u0101p\u0113c to ir \u0113rti lietot pat dien\u0101 zem grima.<\/p>\n<h6>Galven\u0101s iedarb\u012bbas:<\/h6>\n<ul>\n<li>\u00a0Pretiekaisuma iedarb\u012bba \u2014 samazina aps\u0101rtumu, piet\u016bkumu un s\u0101pes akt\u012bvu pinnes gad\u012bjum\u0101.<\/li>\n<li>Antibakteri\u0101la iedarb\u012bba \u2014 c\u012bn\u0101s ar bakt\u0113rij\u0101m, kas veicina pinnes veido\u0161anos.<\/li>\n<li>Viegla tekst\u016bra \u2014 \u0101tri uzs\u016bcas, neatst\u0101j taukainu pl\u0113vi un k\u013c\u016bst caursp\u012bd\u012bga uz \u0101das.<\/li>\n<li>Maigs pret \u0101du \u2014 l\u012bdzsvarots pH l\u012bmenis, piem\u0113rots jut\u012bgai un problem\u0101tiskai \u0101dai.<\/li>\n<\/ul>\n<p><strong>Lieto\u0161ana:<\/strong> \u0145emiet nelielu daudzumu kr\u0113ma un uzkl\u0101jiet to uz iekaisu\u0161\u0101 p\u016bt\u012btes vai aknes skart\u0101s vietas.Ar viegliem kust\u012bb\u0101m iemas\u0113jiet, l\u012bdz kr\u0113ms ies\u016bcies.Vajadz\u012bbas gad\u012bjum\u0101 var lietot vair\u0101kas reizes dien\u0101, bet izvairieties no uzkl\u0101\u0161anas uz visa sejas, uzkl\u0101jiet tikai uz problem\u0101tiskaj\u0101m zon\u0101m.<\/p>\n<p><strong>Sast\u0101vs:<\/strong> Ibuprofen Piconol (3 %), Isopropyl Methylphenol (0.3 %), Stearyl Alcohol, Polysorbate 60, Disodium Edetate, Paraben, Diisopropanolamine, Octyldodecanol, 1,3-Butylene Glycol, Carboxyvinyl Polymer, Fragrance.<\/p>\n","protected":false},"excerpt":{"rendered":"<p>LION Pair Acne Cream W \u2014 jap\u0101\u0146u \u0101rstniecisks kr\u0113ms pret pinnes un iekaisu\u0161iem p\u016bt\u012bt\u0113m.<\/p>\n","protected":false},"featured_media":26353,"comment_status":"open","ping_status":"closed","template":"","meta":{"site-sidebar-layout":"default","site-content-layout":"","ast-site-content-layout":"default","site-content-style":"default","site-sidebar-style":"default","ast-global-header-display":"","ast-banner-title-visibility":"","ast-main-header-display":"","ast-hfb-above-header-display":"","ast-hfb-below-header-display":"","ast-hfb-mobile-header-display":"","site-post-title":"","ast-breadcrumbs-content":"","ast-featured-img":"","footer-sml-layout":"","theme-transparent-header-meta":"default","adv-header-id-meta":"","stick-header-meta":"","header-above-stick-meta":"","header-main-stick-meta":"","header-below-stick-meta":"","astra-migrate-meta-layouts":"set","ast-page-background-enabled":"default","ast-page-background-meta":{"desktop":{"background-color":"var(--ast-global-color-4)","background-image":"","background-repeat":"repeat","background-position":"center center","background-size":"auto","background-attachment":"scroll","background-type":"","background-media":"","overlay-type":"","overlay-color":"","overlay-opacity":"","overlay-gradient":""},"tablet":{"background-color":"","background-image":"","background-repeat":"repeat","background-position":"center center","background-size":"auto","background-attachment":"scroll","background-type":"","background-media":"","overlay-type":"","overlay-color":"","overlay-opacity":"","overlay-gradient":""},"mobile":{"background-color":"","background-image":"","background-repeat":"repeat","background-position":"center center","background-size":"auto","background-attachment":"scroll","background-type":"","background-media":"","overlay-type":"","overlay-color":"","overlay-opacity":"","overlay-gradient":""}},"ast-content-background-meta":{"desktop":{"background-color":"var(--ast-global-color-5)","background-image":"","background-repeat":"repeat","background-position":"center center","background-size":"auto","background-attachment":"scroll","background-type":"","background-media":"","overlay-type":"","overlay-color":"","overlay-opacity":"","overlay-gradient":""},"tablet":{"background-color":"var(--ast-global-color-5)","background-image":"","background-repeat":"repeat","background-position":"center center","background-size":"auto","background-attachment":"scroll","background-type":"","background-media":"","overlay-type":"","overlay-color":"","overlay-opacity":"","overlay-gradient":""},"mobile":{"background-color":"var(--ast-global-color-5)","background-image":"","background-repeat":"repeat","background-position":"center center","background-size":"auto","background-attachment":"scroll","background-type":"","background-media":"","overlay-type":"","overlay-color":"","overlay-opacity":"","overlay-gradient":""}}},"product_brand":[],"product_cat":[435],"product_tag":[],"berocket_brand":[],"class_list":{"0":"post-26352","1":"product","2":"type-product","3":"status-publish","4":"has-post-thumbnail","6":"product_cat-jaunumi","7":"desktop-align-left","8":"tablet-align-left","9":"mobile-align-left","11":"first","12":"outofstock","13":"taxable","14":"shipping-taxable","15":"purchasable","16":"product-type-simple","17":"add-to-wishlist-before_image"},"yoast_head":"<!-- This site is optimized with the Yoast SEO plugin v27.4 - https:\/\/yoast.com\/product\/yoast-seo-wordpress\/ -->\n<title>LION Pair Acne Cream W 24g - FACECORNER<\/title>\n<meta name=\"description\" content=\"LION Pair Acne Cream W \u2014 jap\u0101\u0146u \u0101rstniecisks kr\u0113ms pret pinnes un iekaisu\u0161iem p\u016bt\u012bt\u0113m.\" \/>\n<meta name=\"robots\" content=\"index, follow, max-snippet:-1, max-image-preview:large, max-video-preview:-1\" \/>\n<link rel=\"canonical\" href=\"https:\/\/www.facecorner.lv\/lv\/shop\/lion-pair-acne-cream\/\" \/>\n<meta property=\"og:locale\" content=\"lv_LV\" \/>\n<meta property=\"og:type\" content=\"article\" \/>\n<meta property=\"og:title\" content=\"LION Pair Acne Cream W 24g - FACECORNER\" \/>\n<meta property=\"og:description\" content=\"LION Pair Acne Cream W \u2014 jap\u0101\u0146u \u0101rstniecisks kr\u0113ms pret pinnes un iekaisu\u0161iem p\u016bt\u012bt\u0113m.\" \/>\n<meta property=\"og:url\" content=\"https:\/\/www.facecorner.lv\/lv\/shop\/lion-pair-acne-cream\/\" \/>\n<meta property=\"og:site_name\" content=\"FACECORNER\" \/>\n<meta property=\"article:publisher\" content=\"https:\/\/www.facebook.com\/profile.php?id=100063824551839\" \/>\n<meta property=\"article:modified_time\" content=\"2026-04-02T06:23:01+00:00\" \/>\n<meta name=\"twitter:card\" content=\"summary_large_image\" \/>\n<meta name=\"twitter:label1\" content=\"Price\" \/>\n\t<meta name=\"twitter:data1\" content=\"&euro;21.00\" \/>\n\t<meta name=\"twitter:label2\" content=\"Availability\" \/>\n\t<meta name=\"twitter:data2\" content=\"Out of stock\" \/>\n<script type=\"application\/ld+json\" class=\"yoast-schema-graph\">{\"@context\":\"https:\\\/\\\/schema.org\",\"@graph\":[{\"@type\":\"WebPage\",\"@id\":\"https:\\\/\\\/www.facecorner.lv\\\/shop\\\/lion-pair-acne-cream\\\/\",\"url\":\"https:\\\/\\\/www.facecorner.lv\\\/shop\\\/lion-pair-acne-cream\\\/\",\"name\":\"LION Pair Acne Cream W 24g - FACECORNER\",\"isPartOf\":{\"@id\":\"https:\\\/\\\/www.facecorner.lv\\\/#website\"},\"primaryImageOfPage\":{\"@id\":\"https:\\\/\\\/www.facecorner.lv\\\/shop\\\/lion-pair-acne-cream\\\/#primaryimage\"},\"image\":{\"@id\":\"https:\\\/\\\/www.facecorner.lv\\\/shop\\\/lion-pair-acne-cream\\\/#primaryimage\"},\"thumbnailUrl\":\"https:\\\/\\\/www.facecorner.lv\\\/wp-content\\\/uploads\\\/2025\\\/12\\\/Lion-Pair-Acne-Cream-24g_4bf1ecae-f2d1-4c9b-b33c-4adf3f463799_1.f8be7889716c908d6f7ba32f6277d422.avif\",\"datePublished\":\"2025-12-09T11:46:52+00:00\",\"dateModified\":\"2026-04-02T06:23:01+00:00\",\"description\":\"LION Pair Acne Cream W \u2014 jap\u0101\u0146u \u0101rstniecisks kr\u0113ms pret pinnes un iekaisu\u0161iem p\u016bt\u012bt\u0113m.\",\"breadcrumb\":{\"@id\":\"https:\\\/\\\/www.facecorner.lv\\\/shop\\\/lion-pair-acne-cream\\\/#breadcrumb\"},\"inLanguage\":\"lv-LV\",\"potentialAction\":[{\"@type\":\"ReadAction\",\"target\":[\"https:\\\/\\\/www.facecorner.lv\\\/shop\\\/lion-pair-acne-cream\\\/\"]}]},{\"@type\":\"ImageObject\",\"inLanguage\":\"lv-LV\",\"@id\":\"https:\\\/\\\/www.facecorner.lv\\\/shop\\\/lion-pair-acne-cream\\\/#primaryimage\",\"url\":\"https:\\\/\\\/www.facecorner.lv\\\/wp-content\\\/uploads\\\/2025\\\/12\\\/Lion-Pair-Acne-Cream-24g_4bf1ecae-f2d1-4c9b-b33c-4adf3f463799_1.f8be7889716c908d6f7ba32f6277d422.avif\",\"contentUrl\":\"https:\\\/\\\/www.facecorner.lv\\\/wp-content\\\/uploads\\\/2025\\\/12\\\/Lion-Pair-Acne-Cream-24g_4bf1ecae-f2d1-4c9b-b33c-4adf3f463799_1.f8be7889716c908d6f7ba32f6277d422.avif\",\"width\":1000,\"height\":1000,\"caption\":\"Lion Pair Acne Cream\"},{\"@type\":\"BreadcrumbList\",\"@id\":\"https:\\\/\\\/www.facecorner.lv\\\/shop\\\/lion-pair-acne-cream\\\/#breadcrumb\",\"itemListElement\":[{\"@type\":\"ListItem\",\"position\":1,\"name\":\"Home\",\"item\":\"https:\\\/\\\/www.facecorner.lv\\\/\"},{\"@type\":\"ListItem\",\"position\":2,\"name\":\"Veikals\",\"item\":\"https:\\\/\\\/www.facecorner.lv\\\/shop\\\/\"},{\"@type\":\"ListItem\",\"position\":3,\"name\":\"LION Pair Acne Cream W 24g\"}]},{\"@type\":\"WebSite\",\"@id\":\"https:\\\/\\\/www.facecorner.lv\\\/#website\",\"url\":\"https:\\\/\\\/www.facecorner.lv\\\/\",\"name\":\"Facecorner\",\"description\":\"\",\"publisher\":{\"@id\":\"https:\\\/\\\/www.facecorner.lv\\\/#organization\"},\"potentialAction\":[{\"@type\":\"SearchAction\",\"target\":{\"@type\":\"EntryPoint\",\"urlTemplate\":\"https:\\\/\\\/www.facecorner.lv\\\/?s={search_term_string}\"},\"query-input\":{\"@type\":\"PropertyValueSpecification\",\"valueRequired\":true,\"valueName\":\"search_term_string\"}}],\"inLanguage\":\"lv-LV\"},{\"@type\":\"Organization\",\"@id\":\"https:\\\/\\\/www.facecorner.lv\\\/#organization\",\"name\":\"Facecorner\",\"url\":\"https:\\\/\\\/www.facecorner.lv\\\/\",\"logo\":{\"@type\":\"ImageObject\",\"inLanguage\":\"lv-LV\",\"@id\":\"https:\\\/\\\/www.facecorner.lv\\\/#\\\/schema\\\/logo\\\/image\\\/\",\"url\":\"https:\\\/\\\/www.facecorner.lv\\\/wp-content\\\/uploads\\\/2024\\\/04\\\/fc-logo.jpg\",\"contentUrl\":\"https:\\\/\\\/www.facecorner.lv\\\/wp-content\\\/uploads\\\/2024\\\/04\\\/fc-logo.jpg\",\"width\":174,\"height\":28,\"caption\":\"Facecorner\"},\"image\":{\"@id\":\"https:\\\/\\\/www.facecorner.lv\\\/#\\\/schema\\\/logo\\\/image\\\/\"},\"sameAs\":[\"https:\\\/\\\/www.facebook.com\\\/profile.php?id=100063824551839\",\"https:\\\/\\\/www.instagram.com\\\/facecorner_shop\\\/\"]}]}<\/script>\n<meta property=\"product:price:amount\" content=\"21.00\" \/>\n<meta property=\"product:price:currency\" content=\"EUR\" \/>\n<meta property=\"og:availability\" content=\"out of stock\" \/>\n<meta property=\"product:availability\" content=\"out of stock\" \/>\n<meta property=\"product:condition\" content=\"new\" \/>\n<!-- \/ Yoast SEO plugin. -->","yoast_head_json":{"title":"LION Pair Acne Cream W 24g - FACECORNER","description":"LION Pair Acne Cream W \u2014 jap\u0101\u0146u \u0101rstniecisks kr\u0113ms pret pinnes un iekaisu\u0161iem p\u016bt\u012bt\u0113m.","robots":{"index":"index","follow":"follow","max-snippet":"max-snippet:-1","max-image-preview":"max-image-preview:large","max-video-preview":"max-video-preview:-1"},"canonical":"https:\/\/www.facecorner.lv\/lv\/shop\/lion-pair-acne-cream\/","og_locale":"lv_LV","og_type":"article","og_title":"LION Pair Acne Cream W 24g - FACECORNER","og_description":"LION Pair Acne Cream W \u2014 jap\u0101\u0146u \u0101rstniecisks kr\u0113ms pret pinnes un iekaisu\u0161iem p\u016bt\u012bt\u0113m.","og_url":"https:\/\/www.facecorner.lv\/lv\/shop\/lion-pair-acne-cream\/","og_site_name":"FACECORNER","article_publisher":"https:\/\/www.facebook.com\/profile.php?id=100063824551839","article_modified_time":"2026-04-02T06:23:01+00:00","twitter_card":"summary_large_image","twitter_misc":{"Price":"&euro;21.00","Availability":"Out of stock"},"schema":{"@context":"https:\/\/schema.org","@graph":[{"@type":"WebPage","@id":"https:\/\/www.facecorner.lv\/shop\/lion-pair-acne-cream\/","url":"https:\/\/www.facecorner.lv\/shop\/lion-pair-acne-cream\/","name":"LION Pair Acne Cream W 24g - FACECORNER","isPartOf":{"@id":"https:\/\/www.facecorner.lv\/#website"},"primaryImageOfPage":{"@id":"https:\/\/www.facecorner.lv\/shop\/lion-pair-acne-cream\/#primaryimage"},"image":{"@id":"https:\/\/www.facecorner.lv\/shop\/lion-pair-acne-cream\/#primaryimage"},"thumbnailUrl":"https:\/\/www.facecorner.lv\/wp-content\/uploads\/2025\/12\/Lion-Pair-Acne-Cream-24g_4bf1ecae-f2d1-4c9b-b33c-4adf3f463799_1.f8be7889716c908d6f7ba32f6277d422.avif","datePublished":"2025-12-09T11:46:52+00:00","dateModified":"2026-04-02T06:23:01+00:00","description":"LION Pair Acne Cream W \u2014 jap\u0101\u0146u \u0101rstniecisks kr\u0113ms pret pinnes un iekaisu\u0161iem p\u016bt\u012bt\u0113m.","breadcrumb":{"@id":"https:\/\/www.facecorner.lv\/shop\/lion-pair-acne-cream\/#breadcrumb"},"inLanguage":"lv-LV","potentialAction":[{"@type":"ReadAction","target":["https:\/\/www.facecorner.lv\/shop\/lion-pair-acne-cream\/"]}]},{"@type":"ImageObject","inLanguage":"lv-LV","@id":"https:\/\/www.facecorner.lv\/shop\/lion-pair-acne-cream\/#primaryimage","url":"https:\/\/www.facecorner.lv\/wp-content\/uploads\/2025\/12\/Lion-Pair-Acne-Cream-24g_4bf1ecae-f2d1-4c9b-b33c-4adf3f463799_1.f8be7889716c908d6f7ba32f6277d422.avif","contentUrl":"https:\/\/www.facecorner.lv\/wp-content\/uploads\/2025\/12\/Lion-Pair-Acne-Cream-24g_4bf1ecae-f2d1-4c9b-b33c-4adf3f463799_1.f8be7889716c908d6f7ba32f6277d422.avif","width":1000,"height":1000,"caption":"Lion Pair Acne Cream"},{"@type":"BreadcrumbList","@id":"https:\/\/www.facecorner.lv\/shop\/lion-pair-acne-cream\/#breadcrumb","itemListElement":[{"@type":"ListItem","position":1,"name":"Home","item":"https:\/\/www.facecorner.lv\/"},{"@type":"ListItem","position":2,"name":"Veikals","item":"https:\/\/www.facecorner.lv\/shop\/"},{"@type":"ListItem","position":3,"name":"LION Pair Acne Cream W 24g"}]},{"@type":"WebSite","@id":"https:\/\/www.facecorner.lv\/#website","url":"https:\/\/www.facecorner.lv\/","name":"Facecorner","description":"","publisher":{"@id":"https:\/\/www.facecorner.lv\/#organization"},"potentialAction":[{"@type":"SearchAction","target":{"@type":"EntryPoint","urlTemplate":"https:\/\/www.facecorner.lv\/?s={search_term_string}"},"query-input":{"@type":"PropertyValueSpecification","valueRequired":true,"valueName":"search_term_string"}}],"inLanguage":"lv-LV"},{"@type":"Organization","@id":"https:\/\/www.facecorner.lv\/#organization","name":"Facecorner","url":"https:\/\/www.facecorner.lv\/","logo":{"@type":"ImageObject","inLanguage":"lv-LV","@id":"https:\/\/www.facecorner.lv\/#\/schema\/logo\/image\/","url":"https:\/\/www.facecorner.lv\/wp-content\/uploads\/2024\/04\/fc-logo.jpg","contentUrl":"https:\/\/www.facecorner.lv\/wp-content\/uploads\/2024\/04\/fc-logo.jpg","width":174,"height":28,"caption":"Facecorner"},"image":{"@id":"https:\/\/www.facecorner.lv\/#\/schema\/logo\/image\/"},"sameAs":["https:\/\/www.facebook.com\/profile.php?id=100063824551839","https:\/\/www.instagram.com\/facecorner_shop\/"]}]},"product_price_amount":"21.00","product_price_currency":"EUR","og_availability":"out of stock","product_availability":"out of stock","product_condition":"new"},"_links":{"self":[{"href":"https:\/\/www.facecorner.lv\/lv\/wp-json\/wp\/v2\/product\/26352","targetHints":{"allow":["GET"]}}],"collection":[{"href":"https:\/\/www.facecorner.lv\/lv\/wp-json\/wp\/v2\/product"}],"about":[{"href":"https:\/\/www.facecorner.lv\/lv\/wp-json\/wp\/v2\/types\/product"}],"replies":[{"embeddable":true,"href":"https:\/\/www.facecorner.lv\/lv\/wp-json\/wp\/v2\/comments?post=26352"}],"wp:featuredmedia":[{"embeddable":true,"href":"https:\/\/www.facecorner.lv\/lv\/wp-json\/wp\/v2\/media\/26353"}],"wp:attachment":[{"href":"https:\/\/www.facecorner.lv\/lv\/wp-json\/wp\/v2\/media?parent=26352"}],"wp:term":[{"taxonomy":"product_brand","embeddable":true,"href":"https:\/\/www.facecorner.lv\/lv\/wp-json\/wp\/v2\/product_brand?post=26352"},{"taxonomy":"product_cat","embeddable":true,"href":"https:\/\/www.facecorner.lv\/lv\/wp-json\/wp\/v2\/product_cat?post=26352"},{"taxonomy":"product_tag","embeddable":true,"href":"https:\/\/www.facecorner.lv\/lv\/wp-json\/wp\/v2\/product_tag?post=26352"},{"taxonomy":"berocket_brand","embeddable":true,"href":"https:\/\/www.facecorner.lv\/lv\/wp-json\/wp\/v2\/berocket_brand?post=26352"}],"curies":[{"name":"wp","href":"https:\/\/api.w.org\/{rel}","templated":true}]}}