{"id":26325,"date":"2025-12-08T15:01:04","date_gmt":"2025-12-08T12:01:04","guid":{"rendered":"https:\/\/www.facecorner.lv\/?post_type=product&#038;p=26325"},"modified":"2026-04-26T00:11:08","modified_gmt":"2026-04-25T21:11:08","slug":"ksecret-seoul-1988-capsule-cream-niacinamide-5-yuja-kapsulu-krems-ar-niacinamidu-un-yuzu-50ml","status":"publish","type":"product","link":"https:\/\/www.facecorner.lv\/lv\/shop\/ksecret-seoul-1988-capsule-cream-niacinamide-5-yuja-kapsulu-krems-ar-niacinamidu-un-yuzu-50ml\/","title":{"rendered":"KSECRET &#8211; SEOUL 1988 Capsule Cream Niacinamide 5% + Yuja kapsulu kr\u0113ms ar niac\u012bnam\u012bdu un yuzu 50ml"},"content":{"rendered":"<p>KSECRET &#8211; SEOUL 1988 Capsule Cream Niacinamide 5% + Yuja tas ir daudzfunkcion\u0101ls kr\u0113ms ar niac\u012bnam\u012bdu kapsul\u0101s, kas izstr\u0101d\u0101ts, lai izl\u012bdzin\u0101tu \u0101das toni, uzlabotu t\u0101s tekst\u016bru un nostiprin\u0101tu aizsargbarjeru.<\/p>\n<p>Kr\u0113ms satur mikrokapsulas ar niac\u012bnam\u012bdu, kas aktiviz\u0113jas uzkl\u0101jot un nodro\u0161ina dzi\u013c\u0101ku un efekt\u012bv\u0101ku iedarb\u012bbu. Formula pal\u012bdz izgaismot pigment\u0101ciju un p\u0113capnikas, samazin\u0101t aps\u0101rtumu, sa\u0161aurin\u0101t poras un kontrol\u0113t sebuma izdal\u012b\u0161anos, pie\u0161\u0137irot \u0101dai vesel\u012bgu mirdzumu.<\/p>\n<p>Viegla tekst\u016bra \u0101tri ies\u016bcas, neatst\u0101jot lip\u012bgumu un taukainu sp\u012bdumu, piem\u0113rota ikdienas kop\u0161anai no r\u012bta un vakar\u0101. Kr\u0113ms lieliski darbojas gan k\u0101 atsevi\u0161\u0137s l\u012bdzeklis, gan k\u0101 p\u0113d\u0113jais posms kop\u0161anas proced\u016br\u0101 pirms grima uzkl\u0101\u0161anas.<\/p>\n<h6>Priek\u0161roc\u012bbas:<\/h6>\n<ul>\n<li>izl\u012bdzina \u0101das toni un uzlabo sejas kr\u0101su<\/li>\n<li>samazina pigment\u0101ciju un pinnes p\u0113das<\/li>\n<li>nostiprina \u0101das barjeru un palielina elast\u012bbu<\/li>\n<li>mitrina, neradot smaguma saj\u016btu<\/li>\n<li>piem\u0113rots visiem \u0101das tipiem, ieskaitot jut\u012bgu \u0101du<\/li>\n<\/ul>\n<p><strong>Lieto\u0161ana:<\/strong> P\u0113c tonika un seruma uzkl\u0101jiet nelielu daudzumu kr\u0113ma uz att\u012br\u012btas sejas un kakla \u0101das, maigi izl\u012bdzinot l\u012bdz piln\u012bgai uzs\u016bk\u0161anai.<\/p>\n<p><strong>Sast\u0101vs<\/strong>: Hippophae Rhamnoides Water, Water, Glycerin, Niacinamide, Caprylic\/Capric Triglyceride, Dipropylene Glycol, 1,2-Hexanediol, Butyrospermum Parkii (Shea) Butter, Butylene Glycol, Squalane, Dimethicone, Glyceryl Glucoside, Carbomer, Tromethamine, Polyglyceryl-10 Laurate, Propanediol, Polyglyceryl-2 Stearate, Arachidyl Alcohol, Simmondsia Chinensis (Jojoba) Seed Oil, Glyceryl Stearate, Ammonium Acryloyldimethyltaurate\/VP Copolymer, Cetearyl Alcohol, Stearyl Alcohol, Behenyl Alcohol, Ethylhexylglycerin, C12-16 Alcohols, Arachidyl Glucoside, Adenosine, Pentaerythrityl Tetra-di-t-butyl Hydroxyhydrocinnamate, Palmitic Acid, Hydrogenated Lecithin, Xanthan Gum, Sodium Hyaluronate, Magnesium Ascorbyl Phosphate, Citrus Junos Fruit Oil, Collagen Water, Rosmarinus Officinalis (Rosemary) Leaf Extract, Glucose, Beta-Carotene, Olea Europaea (Olive) Fruit Oil, Hydrolyzed Hyaluronic Acid, Hyaluronic Acid, Hydrolyzed Sodium Hyaluronate, Potassium Hyaluronate, Sodium Hyaluronate Crosspolymer, Hydroxypropyltrimonium Hyaluronate, Sodium Acetylated Hyaluronate, Limonene, Linalool<\/p>\n","protected":false},"excerpt":{"rendered":"<p>KSECRET &#8211; SEOUL 1988 Capsule Cream Niacinamide 5% + Yuja tas ir daudzfunkcion\u0101ls kr\u0113ms ar niac\u012bnam\u012bdu kapsul\u0101s, kas izstr\u0101d\u0101ts, lai izl\u012bdzin\u0101tu \u0101das toni, uzlabotu t\u0101s tekst\u016bru un nostiprin\u0101tu aizsargbarjeru.<\/p>\n","protected":false},"featured_media":26326,"comment_status":"open","ping_status":"closed","template":"","meta":{"site-sidebar-layout":"default","site-content-layout":"","ast-site-content-layout":"default","site-content-style":"default","site-sidebar-style":"default","ast-global-header-display":"","ast-banner-title-visibility":"","ast-main-header-display":"","ast-hfb-above-header-display":"","ast-hfb-below-header-display":"","ast-hfb-mobile-header-display":"","site-post-title":"","ast-breadcrumbs-content":"","ast-featured-img":"","footer-sml-layout":"","theme-transparent-header-meta":"default","adv-header-id-meta":"","stick-header-meta":"","header-above-stick-meta":"","header-main-stick-meta":"","header-below-stick-meta":"","astra-migrate-meta-layouts":"set","ast-page-background-enabled":"default","ast-page-background-meta":{"desktop":{"background-color":"var(--ast-global-color-4)","background-image":"","background-repeat":"repeat","background-position":"center center","background-size":"auto","background-attachment":"scroll","background-type":"","background-media":"","overlay-type":"","overlay-color":"","overlay-opacity":"","overlay-gradient":""},"tablet":{"background-color":"","background-image":"","background-repeat":"repeat","background-position":"center center","background-size":"auto","background-attachment":"scroll","background-type":"","background-media":"","overlay-type":"","overlay-color":"","overlay-opacity":"","overlay-gradient":""},"mobile":{"background-color":"","background-image":"","background-repeat":"repeat","background-position":"center center","background-size":"auto","background-attachment":"scroll","background-type":"","background-media":"","overlay-type":"","overlay-color":"","overlay-opacity":"","overlay-gradient":""}},"ast-content-background-meta":{"desktop":{"background-color":"var(--ast-global-color-5)","background-image":"","background-repeat":"repeat","background-position":"center center","background-size":"auto","background-attachment":"scroll","background-type":"","background-media":"","overlay-type":"","overlay-color":"","overlay-opacity":"","overlay-gradient":""},"tablet":{"background-color":"var(--ast-global-color-5)","background-image":"","background-repeat":"repeat","background-position":"center center","background-size":"auto","background-attachment":"scroll","background-type":"","background-media":"","overlay-type":"","overlay-color":"","overlay-opacity":"","overlay-gradient":""},"mobile":{"background-color":"var(--ast-global-color-5)","background-image":"","background-repeat":"repeat","background-position":"center center","background-size":"auto","background-attachment":"scroll","background-type":"","background-media":"","overlay-type":"","overlay-color":"","overlay-opacity":"","overlay-gradient":""}}},"product_brand":[],"product_cat":[366,368,362],"product_tag":[],"berocket_brand":[628],"class_list":{"0":"post-26325","1":"product","2":"type-product","3":"status-publish","4":"has-post-thumbnail","6":"product_cat-mitrinoss","7":"product_cat-pret-grumbam","8":"product_cat-sejas-krems","9":"berocket_brand-k-secret","10":"desktop-align-left","11":"tablet-align-left","12":"mobile-align-left","14":"first","15":"outofstock","16":"taxable","17":"shipping-taxable","18":"purchasable","19":"product-type-simple","20":"add-to-wishlist-before_image"},"yoast_head":"<!-- This site is optimized with the Yoast SEO plugin v27.4 - https:\/\/yoast.com\/product\/yoast-seo-wordpress\/ -->\n<title>KSECRET - SEOUL 1988 Capsule Cream Niacinamide 5% + Yuja kapsulu kr\u0113ms ar niac\u012bnam\u012bdu un yuzu 50ml - FACECORNER<\/title>\n<meta name=\"description\" content=\"KSECRET - SEOUL 1988 Capsule Cream Niacinamide 5% + Yuja tas ir daudzfunkcion\u0101ls kr\u0113ms ar niac\u012bnam\u012bdu kapsul\u0101s, kas izstr\u0101d\u0101ts, lai izl\u012bdzin\u0101tu \u0101das toni, uzlabotu t\u0101s tekst\u016bru un nostiprin\u0101tu aizsargbarjeru.\" \/>\n<meta name=\"robots\" content=\"index, follow, max-snippet:-1, max-image-preview:large, max-video-preview:-1\" \/>\n<link rel=\"canonical\" href=\"https:\/\/www.facecorner.lv\/lv\/shop\/ksecret-seoul-1988-capsule-cream-niacinamide-5-yuja-kapsulu-krems-ar-niacinamidu-un-yuzu-50ml\/\" \/>\n<meta property=\"og:locale\" content=\"lv_LV\" \/>\n<meta property=\"og:type\" content=\"article\" \/>\n<meta property=\"og:title\" content=\"KSECRET - SEOUL 1988 Capsule Cream Niacinamide 5% + Yuja kapsulu kr\u0113ms ar niac\u012bnam\u012bdu un yuzu 50ml - FACECORNER\" \/>\n<meta property=\"og:description\" content=\"KSECRET - SEOUL 1988 Capsule Cream Niacinamide 5% + Yuja tas ir daudzfunkcion\u0101ls kr\u0113ms ar niac\u012bnam\u012bdu kapsul\u0101s, kas izstr\u0101d\u0101ts, lai izl\u012bdzin\u0101tu \u0101das toni, uzlabotu t\u0101s tekst\u016bru un nostiprin\u0101tu aizsargbarjeru.\" \/>\n<meta property=\"og:url\" content=\"https:\/\/www.facecorner.lv\/lv\/shop\/ksecret-seoul-1988-capsule-cream-niacinamide-5-yuja-kapsulu-krems-ar-niacinamidu-un-yuzu-50ml\/\" \/>\n<meta property=\"og:site_name\" content=\"FACECORNER\" \/>\n<meta property=\"article:publisher\" content=\"https:\/\/www.facebook.com\/profile.php?id=100063824551839\" \/>\n<meta property=\"article:modified_time\" content=\"2026-04-25T21:11:08+00:00\" \/>\n<meta property=\"og:image\" content=\"https:\/\/www.facecorner.lv\/wp-content\/uploads\/2025\/12\/SEOUL_1988_CAPSULE_CREAM_NIACINAMIDE_5_YUJA_3.webp\" \/>\n\t<meta property=\"og:image:width\" content=\"900\" \/>\n\t<meta property=\"og:image:height\" content=\"900\" \/>\n\t<meta property=\"og:image:type\" content=\"image\/webp\" \/>\n<meta name=\"twitter:card\" content=\"summary_large_image\" \/>\n<meta name=\"twitter:label1\" content=\"Price\" \/>\n\t<meta name=\"twitter:data1\" content=\"&euro;19.95\" \/>\n\t<meta name=\"twitter:label2\" content=\"Availability\" \/>\n\t<meta name=\"twitter:data2\" content=\"Out of stock\" \/>\n<script type=\"application\/ld+json\" class=\"yoast-schema-graph\">{\"@context\":\"https:\\\/\\\/schema.org\",\"@graph\":[{\"@type\":\"WebPage\",\"@id\":\"https:\\\/\\\/www.facecorner.lv\\\/shop\\\/ksecret-seoul-1988-capsule-cream-niacinamide-5-yuja-kapsulu-krems-ar-niacinamidu-un-yuzu-50ml\\\/\",\"url\":\"https:\\\/\\\/www.facecorner.lv\\\/shop\\\/ksecret-seoul-1988-capsule-cream-niacinamide-5-yuja-kapsulu-krems-ar-niacinamidu-un-yuzu-50ml\\\/\",\"name\":\"KSECRET - SEOUL 1988 Capsule Cream Niacinamide 5% + Yuja kapsulu kr\u0113ms ar niac\u012bnam\u012bdu un yuzu 50ml - FACECORNER\",\"isPartOf\":{\"@id\":\"https:\\\/\\\/www.facecorner.lv\\\/#website\"},\"primaryImageOfPage\":{\"@id\":\"https:\\\/\\\/www.facecorner.lv\\\/shop\\\/ksecret-seoul-1988-capsule-cream-niacinamide-5-yuja-kapsulu-krems-ar-niacinamidu-un-yuzu-50ml\\\/#primaryimage\"},\"image\":{\"@id\":\"https:\\\/\\\/www.facecorner.lv\\\/shop\\\/ksecret-seoul-1988-capsule-cream-niacinamide-5-yuja-kapsulu-krems-ar-niacinamidu-un-yuzu-50ml\\\/#primaryimage\"},\"thumbnailUrl\":\"https:\\\/\\\/www.facecorner.lv\\\/wp-content\\\/uploads\\\/2025\\\/12\\\/SEOUL_1988_CAPSULE_CREAM_NIACINAMIDE_5_YUJA_3.webp\",\"datePublished\":\"2025-12-08T12:01:04+00:00\",\"dateModified\":\"2026-04-25T21:11:08+00:00\",\"description\":\"KSECRET - SEOUL 1988 Capsule Cream Niacinamide 5% + Yuja tas ir daudzfunkcion\u0101ls kr\u0113ms ar niac\u012bnam\u012bdu kapsul\u0101s, kas izstr\u0101d\u0101ts, lai izl\u012bdzin\u0101tu \u0101das toni, uzlabotu t\u0101s tekst\u016bru un nostiprin\u0101tu aizsargbarjeru.\",\"breadcrumb\":{\"@id\":\"https:\\\/\\\/www.facecorner.lv\\\/shop\\\/ksecret-seoul-1988-capsule-cream-niacinamide-5-yuja-kapsulu-krems-ar-niacinamidu-un-yuzu-50ml\\\/#breadcrumb\"},\"inLanguage\":\"lv-LV\",\"potentialAction\":[{\"@type\":\"ReadAction\",\"target\":[\"https:\\\/\\\/www.facecorner.lv\\\/shop\\\/ksecret-seoul-1988-capsule-cream-niacinamide-5-yuja-kapsulu-krems-ar-niacinamidu-un-yuzu-50ml\\\/\"]}]},{\"@type\":\"ImageObject\",\"inLanguage\":\"lv-LV\",\"@id\":\"https:\\\/\\\/www.facecorner.lv\\\/shop\\\/ksecret-seoul-1988-capsule-cream-niacinamide-5-yuja-kapsulu-krems-ar-niacinamidu-un-yuzu-50ml\\\/#primaryimage\",\"url\":\"https:\\\/\\\/www.facecorner.lv\\\/wp-content\\\/uploads\\\/2025\\\/12\\\/SEOUL_1988_CAPSULE_CREAM_NIACINAMIDE_5_YUJA_3.webp\",\"contentUrl\":\"https:\\\/\\\/www.facecorner.lv\\\/wp-content\\\/uploads\\\/2025\\\/12\\\/SEOUL_1988_CAPSULE_CREAM_NIACINAMIDE_5_YUJA_3.webp\",\"width\":900,\"height\":900,\"caption\":\"KSECRET - SEOUL 1988 Capsule Cream Niacinamide 5% + Yuja\"},{\"@type\":\"BreadcrumbList\",\"@id\":\"https:\\\/\\\/www.facecorner.lv\\\/shop\\\/ksecret-seoul-1988-capsule-cream-niacinamide-5-yuja-kapsulu-krems-ar-niacinamidu-un-yuzu-50ml\\\/#breadcrumb\",\"itemListElement\":[{\"@type\":\"ListItem\",\"position\":1,\"name\":\"Home\",\"item\":\"https:\\\/\\\/www.facecorner.lv\\\/\"},{\"@type\":\"ListItem\",\"position\":2,\"name\":\"Veikals\",\"item\":\"https:\\\/\\\/www.facecorner.lv\\\/shop\\\/\"},{\"@type\":\"ListItem\",\"position\":3,\"name\":\"KSECRET &#8212; SEOUL 1988 Capsule Cream Niacinamide 5% + Yuja kapsulu kr\u0113ms ar niac\u012bnam\u012bdu un yuzu 50ml\"}]},{\"@type\":\"WebSite\",\"@id\":\"https:\\\/\\\/www.facecorner.lv\\\/#website\",\"url\":\"https:\\\/\\\/www.facecorner.lv\\\/\",\"name\":\"Facecorner\",\"description\":\"\",\"publisher\":{\"@id\":\"https:\\\/\\\/www.facecorner.lv\\\/#organization\"},\"potentialAction\":[{\"@type\":\"SearchAction\",\"target\":{\"@type\":\"EntryPoint\",\"urlTemplate\":\"https:\\\/\\\/www.facecorner.lv\\\/?s={search_term_string}\"},\"query-input\":{\"@type\":\"PropertyValueSpecification\",\"valueRequired\":true,\"valueName\":\"search_term_string\"}}],\"inLanguage\":\"lv-LV\"},{\"@type\":\"Organization\",\"@id\":\"https:\\\/\\\/www.facecorner.lv\\\/#organization\",\"name\":\"Facecorner\",\"url\":\"https:\\\/\\\/www.facecorner.lv\\\/\",\"logo\":{\"@type\":\"ImageObject\",\"inLanguage\":\"lv-LV\",\"@id\":\"https:\\\/\\\/www.facecorner.lv\\\/#\\\/schema\\\/logo\\\/image\\\/\",\"url\":\"https:\\\/\\\/www.facecorner.lv\\\/wp-content\\\/uploads\\\/2024\\\/04\\\/fc-logo.jpg\",\"contentUrl\":\"https:\\\/\\\/www.facecorner.lv\\\/wp-content\\\/uploads\\\/2024\\\/04\\\/fc-logo.jpg\",\"width\":174,\"height\":28,\"caption\":\"Facecorner\"},\"image\":{\"@id\":\"https:\\\/\\\/www.facecorner.lv\\\/#\\\/schema\\\/logo\\\/image\\\/\"},\"sameAs\":[\"https:\\\/\\\/www.facebook.com\\\/profile.php?id=100063824551839\",\"https:\\\/\\\/www.instagram.com\\\/facecorner_shop\\\/\"]}]}<\/script>\n<meta property=\"product:price:amount\" content=\"19.95\" \/>\n<meta property=\"product:price:currency\" content=\"EUR\" \/>\n<meta property=\"og:availability\" content=\"out of stock\" \/>\n<meta property=\"product:availability\" content=\"out of stock\" \/>\n<meta property=\"product:condition\" content=\"new\" \/>\n<!-- \/ Yoast SEO plugin. -->","yoast_head_json":{"title":"KSECRET - SEOUL 1988 Capsule Cream Niacinamide 5% + Yuja kapsulu kr\u0113ms ar niac\u012bnam\u012bdu un yuzu 50ml - FACECORNER","description":"KSECRET - SEOUL 1988 Capsule Cream Niacinamide 5% + Yuja tas ir daudzfunkcion\u0101ls kr\u0113ms ar niac\u012bnam\u012bdu kapsul\u0101s, kas izstr\u0101d\u0101ts, lai izl\u012bdzin\u0101tu \u0101das toni, uzlabotu t\u0101s tekst\u016bru un nostiprin\u0101tu aizsargbarjeru.","robots":{"index":"index","follow":"follow","max-snippet":"max-snippet:-1","max-image-preview":"max-image-preview:large","max-video-preview":"max-video-preview:-1"},"canonical":"https:\/\/www.facecorner.lv\/lv\/shop\/ksecret-seoul-1988-capsule-cream-niacinamide-5-yuja-kapsulu-krems-ar-niacinamidu-un-yuzu-50ml\/","og_locale":"lv_LV","og_type":"article","og_title":"KSECRET - SEOUL 1988 Capsule Cream Niacinamide 5% + Yuja kapsulu kr\u0113ms ar niac\u012bnam\u012bdu un yuzu 50ml - FACECORNER","og_description":"KSECRET - SEOUL 1988 Capsule Cream Niacinamide 5% + Yuja tas ir daudzfunkcion\u0101ls kr\u0113ms ar niac\u012bnam\u012bdu kapsul\u0101s, kas izstr\u0101d\u0101ts, lai izl\u012bdzin\u0101tu \u0101das toni, uzlabotu t\u0101s tekst\u016bru un nostiprin\u0101tu aizsargbarjeru.","og_url":"https:\/\/www.facecorner.lv\/lv\/shop\/ksecret-seoul-1988-capsule-cream-niacinamide-5-yuja-kapsulu-krems-ar-niacinamidu-un-yuzu-50ml\/","og_site_name":"FACECORNER","article_publisher":"https:\/\/www.facebook.com\/profile.php?id=100063824551839","article_modified_time":"2026-04-25T21:11:08+00:00","og_image":[{"width":900,"height":900,"url":"https:\/\/www.facecorner.lv\/wp-content\/uploads\/2025\/12\/SEOUL_1988_CAPSULE_CREAM_NIACINAMIDE_5_YUJA_3.webp","type":"image\/webp"}],"twitter_card":"summary_large_image","twitter_misc":{"Price":"&euro;19.95","Availability":"Out of stock"},"schema":{"@context":"https:\/\/schema.org","@graph":[{"@type":"WebPage","@id":"https:\/\/www.facecorner.lv\/shop\/ksecret-seoul-1988-capsule-cream-niacinamide-5-yuja-kapsulu-krems-ar-niacinamidu-un-yuzu-50ml\/","url":"https:\/\/www.facecorner.lv\/shop\/ksecret-seoul-1988-capsule-cream-niacinamide-5-yuja-kapsulu-krems-ar-niacinamidu-un-yuzu-50ml\/","name":"KSECRET - SEOUL 1988 Capsule Cream Niacinamide 5% + Yuja kapsulu kr\u0113ms ar niac\u012bnam\u012bdu un yuzu 50ml - FACECORNER","isPartOf":{"@id":"https:\/\/www.facecorner.lv\/#website"},"primaryImageOfPage":{"@id":"https:\/\/www.facecorner.lv\/shop\/ksecret-seoul-1988-capsule-cream-niacinamide-5-yuja-kapsulu-krems-ar-niacinamidu-un-yuzu-50ml\/#primaryimage"},"image":{"@id":"https:\/\/www.facecorner.lv\/shop\/ksecret-seoul-1988-capsule-cream-niacinamide-5-yuja-kapsulu-krems-ar-niacinamidu-un-yuzu-50ml\/#primaryimage"},"thumbnailUrl":"https:\/\/www.facecorner.lv\/wp-content\/uploads\/2025\/12\/SEOUL_1988_CAPSULE_CREAM_NIACINAMIDE_5_YUJA_3.webp","datePublished":"2025-12-08T12:01:04+00:00","dateModified":"2026-04-25T21:11:08+00:00","description":"KSECRET - SEOUL 1988 Capsule Cream Niacinamide 5% + Yuja tas ir daudzfunkcion\u0101ls kr\u0113ms ar niac\u012bnam\u012bdu kapsul\u0101s, kas izstr\u0101d\u0101ts, lai izl\u012bdzin\u0101tu \u0101das toni, uzlabotu t\u0101s tekst\u016bru un nostiprin\u0101tu aizsargbarjeru.","breadcrumb":{"@id":"https:\/\/www.facecorner.lv\/shop\/ksecret-seoul-1988-capsule-cream-niacinamide-5-yuja-kapsulu-krems-ar-niacinamidu-un-yuzu-50ml\/#breadcrumb"},"inLanguage":"lv-LV","potentialAction":[{"@type":"ReadAction","target":["https:\/\/www.facecorner.lv\/shop\/ksecret-seoul-1988-capsule-cream-niacinamide-5-yuja-kapsulu-krems-ar-niacinamidu-un-yuzu-50ml\/"]}]},{"@type":"ImageObject","inLanguage":"lv-LV","@id":"https:\/\/www.facecorner.lv\/shop\/ksecret-seoul-1988-capsule-cream-niacinamide-5-yuja-kapsulu-krems-ar-niacinamidu-un-yuzu-50ml\/#primaryimage","url":"https:\/\/www.facecorner.lv\/wp-content\/uploads\/2025\/12\/SEOUL_1988_CAPSULE_CREAM_NIACINAMIDE_5_YUJA_3.webp","contentUrl":"https:\/\/www.facecorner.lv\/wp-content\/uploads\/2025\/12\/SEOUL_1988_CAPSULE_CREAM_NIACINAMIDE_5_YUJA_3.webp","width":900,"height":900,"caption":"KSECRET - SEOUL 1988 Capsule Cream Niacinamide 5% + Yuja"},{"@type":"BreadcrumbList","@id":"https:\/\/www.facecorner.lv\/shop\/ksecret-seoul-1988-capsule-cream-niacinamide-5-yuja-kapsulu-krems-ar-niacinamidu-un-yuzu-50ml\/#breadcrumb","itemListElement":[{"@type":"ListItem","position":1,"name":"Home","item":"https:\/\/www.facecorner.lv\/"},{"@type":"ListItem","position":2,"name":"Veikals","item":"https:\/\/www.facecorner.lv\/shop\/"},{"@type":"ListItem","position":3,"name":"KSECRET &#8212; SEOUL 1988 Capsule Cream Niacinamide 5% + Yuja kapsulu kr\u0113ms ar niac\u012bnam\u012bdu un yuzu 50ml"}]},{"@type":"WebSite","@id":"https:\/\/www.facecorner.lv\/#website","url":"https:\/\/www.facecorner.lv\/","name":"Facecorner","description":"","publisher":{"@id":"https:\/\/www.facecorner.lv\/#organization"},"potentialAction":[{"@type":"SearchAction","target":{"@type":"EntryPoint","urlTemplate":"https:\/\/www.facecorner.lv\/?s={search_term_string}"},"query-input":{"@type":"PropertyValueSpecification","valueRequired":true,"valueName":"search_term_string"}}],"inLanguage":"lv-LV"},{"@type":"Organization","@id":"https:\/\/www.facecorner.lv\/#organization","name":"Facecorner","url":"https:\/\/www.facecorner.lv\/","logo":{"@type":"ImageObject","inLanguage":"lv-LV","@id":"https:\/\/www.facecorner.lv\/#\/schema\/logo\/image\/","url":"https:\/\/www.facecorner.lv\/wp-content\/uploads\/2024\/04\/fc-logo.jpg","contentUrl":"https:\/\/www.facecorner.lv\/wp-content\/uploads\/2024\/04\/fc-logo.jpg","width":174,"height":28,"caption":"Facecorner"},"image":{"@id":"https:\/\/www.facecorner.lv\/#\/schema\/logo\/image\/"},"sameAs":["https:\/\/www.facebook.com\/profile.php?id=100063824551839","https:\/\/www.instagram.com\/facecorner_shop\/"]}]},"product_price_amount":"19.95","product_price_currency":"EUR","og_availability":"out of stock","product_availability":"out of stock","product_condition":"new"},"_links":{"self":[{"href":"https:\/\/www.facecorner.lv\/lv\/wp-json\/wp\/v2\/product\/26325","targetHints":{"allow":["GET"]}}],"collection":[{"href":"https:\/\/www.facecorner.lv\/lv\/wp-json\/wp\/v2\/product"}],"about":[{"href":"https:\/\/www.facecorner.lv\/lv\/wp-json\/wp\/v2\/types\/product"}],"replies":[{"embeddable":true,"href":"https:\/\/www.facecorner.lv\/lv\/wp-json\/wp\/v2\/comments?post=26325"}],"wp:featuredmedia":[{"embeddable":true,"href":"https:\/\/www.facecorner.lv\/lv\/wp-json\/wp\/v2\/media\/26326"}],"wp:attachment":[{"href":"https:\/\/www.facecorner.lv\/lv\/wp-json\/wp\/v2\/media?parent=26325"}],"wp:term":[{"taxonomy":"product_brand","embeddable":true,"href":"https:\/\/www.facecorner.lv\/lv\/wp-json\/wp\/v2\/product_brand?post=26325"},{"taxonomy":"product_cat","embeddable":true,"href":"https:\/\/www.facecorner.lv\/lv\/wp-json\/wp\/v2\/product_cat?post=26325"},{"taxonomy":"product_tag","embeddable":true,"href":"https:\/\/www.facecorner.lv\/lv\/wp-json\/wp\/v2\/product_tag?post=26325"},{"taxonomy":"berocket_brand","embeddable":true,"href":"https:\/\/www.facecorner.lv\/lv\/wp-json\/wp\/v2\/berocket_brand?post=26325"}],"curies":[{"name":"wp","href":"https:\/\/api.w.org\/{rel}","templated":true}]}}