{"id":26249,"date":"2025-12-01T16:04:08","date_gmt":"2025-12-01T13:04:08","guid":{"rendered":"https:\/\/www.facecorner.lv\/?post_type=product&#038;p=26249"},"modified":"2026-04-16T14:51:18","modified_gmt":"2026-04-16T11:51:18","slug":"medipeel-phyto-exosome-pdrn-lifting-shot-drop-gel-cream-krems-ar-peptidiem-pdrn-un-mikroadatinam-130g","status":"publish","type":"product","link":"https:\/\/www.facecorner.lv\/lv\/shop\/medipeel-phyto-exosome-pdrn-lifting-shot-drop-gel-cream-krems-ar-peptidiem-pdrn-un-mikroadatinam-130g\/","title":{"rendered":"MEDIPEEL Phyto Exosome PDRN Lifting Shot Drop Gel Cream kr\u0113ms ar pept\u012bdiem, PDRN un mikroadati\u0146\u0101m 130g"},"content":{"rendered":"<p>MEDIPEEL Phyto Exosome PDRN Lifting Shot Drop Gel Cream\u00a0 augsti koncentr\u0113ts liftinga kr\u0113ms ar fitoekzosom\u0101m un PDRN, kas rad\u012bts intens\u012bvai atjauno\u0161anai, elast\u012bbas palielin\u0101\u0161anai un redzamai \u0101das izl\u012bdzin\u0101\u0161anai.<\/p>\n<p>Viegla g\u0113la tekst\u016bra \u0101tri ies\u016bcas, dzi\u013ci mitrina un uzreiz atsvaidzina \u0101du, neatst\u0101jot lip\u012bgumu.<\/p>\n<h6>Galven\u0101 iedarb\u012bba:<\/h6>\n<ul>\n<li>Pievelk sejas kont\u016bras un palielina \u0101das elast\u012bbu.<\/li>\n<li>Izgludina grumbu un kav\u0113 to veido\u0161anos.<\/li>\n<li>Nostiprina \u0101das barjeru un atjauno boj\u0101tos audus.<\/li>\n<li>Nodro\u0161ina ilgsto\u0161u mitrin\u0101\u0161anu bez smagas pl\u0113ves.<\/li>\n<li>Izl\u012bdzina \u0101das toni un uzlabo \u0101das tekst\u016bru.<\/li>\n<\/ul>\n<h6>Galven\u0101s sast\u0101vda\u013cas:<\/h6>\n<ul>\n<li>Fitoekzosomas \u2014 nog\u0101d\u0101 akt\u012bv\u0101s vielas dzi\u013ci \u0101d\u0101, pa\u0101trina re\u0123ener\u0101ciju<\/li>\n<li>PDRN (polideoksiribonukleot\u012bds) \u2014 sp\u0113c\u012bga atjaunojo\u0161a sast\u0101vda\u013ca, palielina \u0101das bl\u012bvumu un uzs\u0101k atjauno\u0161an\u0101s procesus<\/li>\n<li>Pept\u012bdu kompleksi \u2014 stimul\u0113 kolag\u0113na ra\u017eo\u0161anu un uzlabo elast\u012bbu<\/li>\n<li>Hialuronsk\u0101be \u2014 nodro\u0161ina intens\u012bvu mitrin\u0101\u0161anu un gludumu<\/li>\n<li>Augu ekstrakti \u2014 nomierina \u0101du un mazina kairin\u0101jumu<\/li>\n<\/ul>\n<p><strong>Lieto\u0161ana:<\/strong> Uzkl\u0101jiet nelielu daudzumu kr\u0113ma uz t\u012bras, sausas \u0101das.R\u016bp\u012bgi izl\u012bdziniet uz sejas un kakla.Lietojiet no r\u012bta un vakar\u0101, lai pan\u0101ktu maksim\u0101lu liftinga efektu.<\/p>\n<p><strong>Sast\u0101vs:<\/strong> <span style=\"font-size: 16px;\">Water, Propanediol, Tripropylene Glycol, Glycerin, Butylene Glycol, Niacinamide, 1,2-Hexanediol, Nelumbo Nucifera (Lotus) Flower Water (10,670 ppm), Caprylic\/Capric Triglyceride, Caprylic\/Capric\/Succinic Triglyceride, Methyl Trimethicone, Cetearyl Olivate, Arginine, Cetearyl Alcohol, Carbomer, Sorbitan Olivate, Acrylates\/C10-30 Alkyl Acrylate Crosspolymer, C12-14 Alkyls, Glyceryl Stearate, Calcium Aluminum Borosilicate, Ammonium Acryloyldimethyltaurate\/VP Copolymer, Tromethamine, Ethylhexylglycerin, Adenosine, Xanthan Gum, Palmitic Acid, Stearic Acid, Disodium EDTA, Panthenol, Glutathione, Arbutin, Hydrogenated Lecithin, Lecithin, Polysorbate 20, Polyglyceryl-10 Laurate, Nelumbo Nucifera (Lotus) Leaf Extract (51 ppb), Caprylyl Glycol, Sodium Ascorbyl Phosphate, Apple Cell Culture Extract (5.1 ppb), Glucose, Sodium Hyaluronate, Copper Tripeptide-1, Irish Moss Extract, Sodium DNA (0.51 ppb), Biotin, Pyridoxine, Folic Acid, Hydroxypropyltrimonium Hyaluronate, Cyanocobalamin, Tocopherol, Tripeptide-1, Hydrolyzed Hyaluronic Acid, Sodium Acetylated Hyaluronate, Palmitoyl Tripeptide-1, Tripeptide-2, Hexapeptide-11, Acetyl Hexapeptide-8, Palmitoyl Tetrapeptide-7, Palmitoyl Pentapeptide-4, Hyaluronic Acid, Hexapeptide-9, Nonapeptide-1, Riboflavin, Thiamine HCl, Linoleic Acid, Beta-Carotene, Sodium Hyaluronate Crosspolymer, Hydrolyzed Sodium Hyaluronate, Potassium Hyaluronate, Fragrance, Red 40, Red 227<\/span><\/p>\n<div class=\"product__components\"><\/div>\n","protected":false},"excerpt":{"rendered":"<p>MEDIPEEL Phyto Exosome PDRN Lifting Shot Drop Gel Cream\u00a0 augsti koncentr\u0113ts liftinga kr\u0113ms ar fitoekzosom\u0101m un PDRN, kas rad\u012bts intens\u012bvai atjauno\u0161anai, elast\u012bbas palielin\u0101\u0161anai un redzamai \u0101das izl\u012bdzin\u0101\u0161anai.<\/p>\n","protected":false},"featured_media":26250,"comment_status":"open","ping_status":"closed","template":"","meta":{"site-sidebar-layout":"default","site-content-layout":"","ast-site-content-layout":"default","site-content-style":"default","site-sidebar-style":"default","ast-global-header-display":"","ast-banner-title-visibility":"","ast-main-header-display":"","ast-hfb-above-header-display":"","ast-hfb-below-header-display":"","ast-hfb-mobile-header-display":"","site-post-title":"","ast-breadcrumbs-content":"","ast-featured-img":"","footer-sml-layout":"","theme-transparent-header-meta":"default","adv-header-id-meta":"","stick-header-meta":"","header-above-stick-meta":"","header-main-stick-meta":"","header-below-stick-meta":"","astra-migrate-meta-layouts":"set","ast-page-background-enabled":"default","ast-page-background-meta":{"desktop":{"background-color":"var(--ast-global-color-4)","background-image":"","background-repeat":"repeat","background-position":"center center","background-size":"auto","background-attachment":"scroll","background-type":"","background-media":"","overlay-type":"","overlay-color":"","overlay-opacity":"","overlay-gradient":""},"tablet":{"background-color":"","background-image":"","background-repeat":"repeat","background-position":"center center","background-size":"auto","background-attachment":"scroll","background-type":"","background-media":"","overlay-type":"","overlay-color":"","overlay-opacity":"","overlay-gradient":""},"mobile":{"background-color":"","background-image":"","background-repeat":"repeat","background-position":"center center","background-size":"auto","background-attachment":"scroll","background-type":"","background-media":"","overlay-type":"","overlay-color":"","overlay-opacity":"","overlay-gradient":""}},"ast-content-background-meta":{"desktop":{"background-color":"var(--ast-global-color-5)","background-image":"","background-repeat":"repeat","background-position":"center center","background-size":"auto","background-attachment":"scroll","background-type":"","background-media":"","overlay-type":"","overlay-color":"","overlay-opacity":"","overlay-gradient":""},"tablet":{"background-color":"var(--ast-global-color-5)","background-image":"","background-repeat":"repeat","background-position":"center center","background-size":"auto","background-attachment":"scroll","background-type":"","background-media":"","overlay-type":"","overlay-color":"","overlay-opacity":"","overlay-gradient":""},"mobile":{"background-color":"var(--ast-global-color-5)","background-image":"","background-repeat":"repeat","background-position":"center center","background-size":"auto","background-attachment":"scroll","background-type":"","background-media":"","overlay-type":"","overlay-color":"","overlay-opacity":"","overlay-gradient":""}}},"product_brand":[],"product_cat":[366,652,368,362],"product_tag":[],"berocket_brand":[583],"class_list":{"0":"post-26249","1":"product","2":"type-product","3":"status-publish","4":"has-post-thumbnail","6":"product_cat-mitrinoss","7":"product_cat-pdrn","8":"product_cat-pret-grumbam","9":"product_cat-sejas-krems","10":"berocket_brand-medi-peel","11":"desktop-align-left","12":"tablet-align-left","13":"mobile-align-left","15":"first","16":"outofstock","17":"taxable","18":"shipping-taxable","19":"purchasable","20":"product-type-simple","21":"add-to-wishlist-before_image"},"yoast_head":"<!-- This site is optimized with the Yoast SEO plugin v27.4 - https:\/\/yoast.com\/product\/yoast-seo-wordpress\/ -->\n<title>MEDIPEEL Phyto Exosome PDRN Lifting Shot Drop Gel Cream kr\u0113ms ar pept\u012bdiem, PDRN un mikroadati\u0146\u0101m 130g - FACECORNER<\/title>\n<meta name=\"description\" content=\"MEDIPEEL Phyto Exosome PDRN Lifting Shot Drop Gel Cream\u00a0 augsti koncentr\u0113ts liftinga kr\u0113ms ar fitoekzosom\u0101m un PDRN, kas rad\u012bts intens\u012bvai atjauno\u0161anai, elast\u012bbas palielin\u0101\u0161anai un redzamai \u0101das izl\u012bdzin\u0101\u0161anai.\" \/>\n<meta name=\"robots\" content=\"index, follow, max-snippet:-1, max-image-preview:large, max-video-preview:-1\" \/>\n<link rel=\"canonical\" href=\"https:\/\/www.facecorner.lv\/lv\/shop\/medipeel-phyto-exosome-pdrn-lifting-shot-drop-gel-cream-krems-ar-peptidiem-pdrn-un-mikroadatinam-130g\/\" \/>\n<meta property=\"og:locale\" content=\"lv_LV\" \/>\n<meta property=\"og:type\" content=\"article\" \/>\n<meta property=\"og:title\" content=\"MEDIPEEL Phyto Exosome PDRN Lifting Shot Drop Gel Cream kr\u0113ms ar pept\u012bdiem, PDRN un mikroadati\u0146\u0101m 130g - FACECORNER\" \/>\n<meta property=\"og:description\" content=\"MEDIPEEL Phyto Exosome PDRN Lifting Shot Drop Gel Cream\u00a0 augsti koncentr\u0113ts liftinga kr\u0113ms ar fitoekzosom\u0101m un PDRN, kas rad\u012bts intens\u012bvai atjauno\u0161anai, elast\u012bbas palielin\u0101\u0161anai un redzamai \u0101das izl\u012bdzin\u0101\u0161anai.\" \/>\n<meta property=\"og:url\" content=\"https:\/\/www.facecorner.lv\/lv\/shop\/medipeel-phyto-exosome-pdrn-lifting-shot-drop-gel-cream-krems-ar-peptidiem-pdrn-un-mikroadatinam-130g\/\" \/>\n<meta property=\"og:site_name\" content=\"FACECORNER\" \/>\n<meta property=\"article:publisher\" content=\"https:\/\/www.facebook.com\/profile.php?id=100063824551839\" \/>\n<meta property=\"article:modified_time\" content=\"2026-04-16T11:51:18+00:00\" \/>\n<meta property=\"og:image\" content=\"https:\/\/www.facecorner.lv\/wp-content\/uploads\/2025\/12\/MEDIPEEL_Phyto_Ex_PDRN_Lifting_Shot_Drop_Gel_Cream__1_.webp\" \/>\n\t<meta property=\"og:image:width\" content=\"800\" \/>\n\t<meta property=\"og:image:height\" content=\"800\" \/>\n\t<meta property=\"og:image:type\" content=\"image\/webp\" \/>\n<meta name=\"twitter:card\" content=\"summary_large_image\" \/>\n<meta name=\"twitter:label1\" content=\"Price\" \/>\n\t<meta name=\"twitter:data1\" content=\"&euro;31.00\" \/>\n\t<meta name=\"twitter:label2\" content=\"Availability\" \/>\n\t<meta name=\"twitter:data2\" content=\"Out of stock\" \/>\n<script type=\"application\/ld+json\" class=\"yoast-schema-graph\">{\"@context\":\"https:\\\/\\\/schema.org\",\"@graph\":[{\"@type\":\"WebPage\",\"@id\":\"https:\\\/\\\/www.facecorner.lv\\\/shop\\\/medipeel-phyto-exosome-pdrn-lifting-shot-drop-gel-cream-krems-ar-peptidiem-pdrn-un-mikroadatinam-130g\\\/\",\"url\":\"https:\\\/\\\/www.facecorner.lv\\\/shop\\\/medipeel-phyto-exosome-pdrn-lifting-shot-drop-gel-cream-krems-ar-peptidiem-pdrn-un-mikroadatinam-130g\\\/\",\"name\":\"MEDIPEEL Phyto Exosome PDRN Lifting Shot Drop Gel Cream kr\u0113ms ar pept\u012bdiem, PDRN un mikroadati\u0146\u0101m 130g - FACECORNER\",\"isPartOf\":{\"@id\":\"https:\\\/\\\/www.facecorner.lv\\\/#website\"},\"primaryImageOfPage\":{\"@id\":\"https:\\\/\\\/www.facecorner.lv\\\/shop\\\/medipeel-phyto-exosome-pdrn-lifting-shot-drop-gel-cream-krems-ar-peptidiem-pdrn-un-mikroadatinam-130g\\\/#primaryimage\"},\"image\":{\"@id\":\"https:\\\/\\\/www.facecorner.lv\\\/shop\\\/medipeel-phyto-exosome-pdrn-lifting-shot-drop-gel-cream-krems-ar-peptidiem-pdrn-un-mikroadatinam-130g\\\/#primaryimage\"},\"thumbnailUrl\":\"https:\\\/\\\/www.facecorner.lv\\\/wp-content\\\/uploads\\\/2025\\\/12\\\/MEDIPEEL_Phyto_Ex_PDRN_Lifting_Shot_Drop_Gel_Cream__1_.webp\",\"datePublished\":\"2025-12-01T13:04:08+00:00\",\"dateModified\":\"2026-04-16T11:51:18+00:00\",\"description\":\"MEDIPEEL Phyto Exosome PDRN Lifting Shot Drop Gel Cream\u00a0 augsti koncentr\u0113ts liftinga kr\u0113ms ar fitoekzosom\u0101m un PDRN, kas rad\u012bts intens\u012bvai atjauno\u0161anai, elast\u012bbas palielin\u0101\u0161anai un redzamai \u0101das izl\u012bdzin\u0101\u0161anai.\",\"breadcrumb\":{\"@id\":\"https:\\\/\\\/www.facecorner.lv\\\/shop\\\/medipeel-phyto-exosome-pdrn-lifting-shot-drop-gel-cream-krems-ar-peptidiem-pdrn-un-mikroadatinam-130g\\\/#breadcrumb\"},\"inLanguage\":\"lv-LV\",\"potentialAction\":[{\"@type\":\"ReadAction\",\"target\":[\"https:\\\/\\\/www.facecorner.lv\\\/shop\\\/medipeel-phyto-exosome-pdrn-lifting-shot-drop-gel-cream-krems-ar-peptidiem-pdrn-un-mikroadatinam-130g\\\/\"]}]},{\"@type\":\"ImageObject\",\"inLanguage\":\"lv-LV\",\"@id\":\"https:\\\/\\\/www.facecorner.lv\\\/shop\\\/medipeel-phyto-exosome-pdrn-lifting-shot-drop-gel-cream-krems-ar-peptidiem-pdrn-un-mikroadatinam-130g\\\/#primaryimage\",\"url\":\"https:\\\/\\\/www.facecorner.lv\\\/wp-content\\\/uploads\\\/2025\\\/12\\\/MEDIPEEL_Phyto_Ex_PDRN_Lifting_Shot_Drop_Gel_Cream__1_.webp\",\"contentUrl\":\"https:\\\/\\\/www.facecorner.lv\\\/wp-content\\\/uploads\\\/2025\\\/12\\\/MEDIPEEL_Phyto_Ex_PDRN_Lifting_Shot_Drop_Gel_Cream__1_.webp\",\"width\":800,\"height\":800,\"caption\":\"MEDIPEEL Phyto Exosome PDRN Lifting Shot Drop Gel Cream\"},{\"@type\":\"BreadcrumbList\",\"@id\":\"https:\\\/\\\/www.facecorner.lv\\\/shop\\\/medipeel-phyto-exosome-pdrn-lifting-shot-drop-gel-cream-krems-ar-peptidiem-pdrn-un-mikroadatinam-130g\\\/#breadcrumb\",\"itemListElement\":[{\"@type\":\"ListItem\",\"position\":1,\"name\":\"Home\",\"item\":\"https:\\\/\\\/www.facecorner.lv\\\/\"},{\"@type\":\"ListItem\",\"position\":2,\"name\":\"Veikals\",\"item\":\"https:\\\/\\\/www.facecorner.lv\\\/shop\\\/\"},{\"@type\":\"ListItem\",\"position\":3,\"name\":\"MEDIPEEL Phyto Exosome PDRN Lifting Shot Drop Gel Cream kr\u0113ms ar pept\u012bdiem, PDRN un mikroadati\u0146\u0101m 130g\"}]},{\"@type\":\"WebSite\",\"@id\":\"https:\\\/\\\/www.facecorner.lv\\\/#website\",\"url\":\"https:\\\/\\\/www.facecorner.lv\\\/\",\"name\":\"Facecorner\",\"description\":\"\",\"publisher\":{\"@id\":\"https:\\\/\\\/www.facecorner.lv\\\/#organization\"},\"potentialAction\":[{\"@type\":\"SearchAction\",\"target\":{\"@type\":\"EntryPoint\",\"urlTemplate\":\"https:\\\/\\\/www.facecorner.lv\\\/?s={search_term_string}\"},\"query-input\":{\"@type\":\"PropertyValueSpecification\",\"valueRequired\":true,\"valueName\":\"search_term_string\"}}],\"inLanguage\":\"lv-LV\"},{\"@type\":\"Organization\",\"@id\":\"https:\\\/\\\/www.facecorner.lv\\\/#organization\",\"name\":\"Facecorner\",\"url\":\"https:\\\/\\\/www.facecorner.lv\\\/\",\"logo\":{\"@type\":\"ImageObject\",\"inLanguage\":\"lv-LV\",\"@id\":\"https:\\\/\\\/www.facecorner.lv\\\/#\\\/schema\\\/logo\\\/image\\\/\",\"url\":\"https:\\\/\\\/www.facecorner.lv\\\/wp-content\\\/uploads\\\/2024\\\/04\\\/fc-logo.jpg\",\"contentUrl\":\"https:\\\/\\\/www.facecorner.lv\\\/wp-content\\\/uploads\\\/2024\\\/04\\\/fc-logo.jpg\",\"width\":174,\"height\":28,\"caption\":\"Facecorner\"},\"image\":{\"@id\":\"https:\\\/\\\/www.facecorner.lv\\\/#\\\/schema\\\/logo\\\/image\\\/\"},\"sameAs\":[\"https:\\\/\\\/www.facebook.com\\\/profile.php?id=100063824551839\",\"https:\\\/\\\/www.instagram.com\\\/facecorner_shop\\\/\"]}]}<\/script>\n<meta property=\"product:price:amount\" content=\"31.00\" \/>\n<meta property=\"product:price:currency\" content=\"EUR\" \/>\n<meta property=\"og:availability\" content=\"out of stock\" \/>\n<meta property=\"product:availability\" content=\"out of stock\" \/>\n<meta property=\"product:condition\" content=\"new\" \/>\n<!-- \/ Yoast SEO plugin. -->","yoast_head_json":{"title":"MEDIPEEL Phyto Exosome PDRN Lifting Shot Drop Gel Cream kr\u0113ms ar pept\u012bdiem, PDRN un mikroadati\u0146\u0101m 130g - FACECORNER","description":"MEDIPEEL Phyto Exosome PDRN Lifting Shot Drop Gel Cream\u00a0 augsti koncentr\u0113ts liftinga kr\u0113ms ar fitoekzosom\u0101m un PDRN, kas rad\u012bts intens\u012bvai atjauno\u0161anai, elast\u012bbas palielin\u0101\u0161anai un redzamai \u0101das izl\u012bdzin\u0101\u0161anai.","robots":{"index":"index","follow":"follow","max-snippet":"max-snippet:-1","max-image-preview":"max-image-preview:large","max-video-preview":"max-video-preview:-1"},"canonical":"https:\/\/www.facecorner.lv\/lv\/shop\/medipeel-phyto-exosome-pdrn-lifting-shot-drop-gel-cream-krems-ar-peptidiem-pdrn-un-mikroadatinam-130g\/","og_locale":"lv_LV","og_type":"article","og_title":"MEDIPEEL Phyto Exosome PDRN Lifting Shot Drop Gel Cream kr\u0113ms ar pept\u012bdiem, PDRN un mikroadati\u0146\u0101m 130g - FACECORNER","og_description":"MEDIPEEL Phyto Exosome PDRN Lifting Shot Drop Gel Cream\u00a0 augsti koncentr\u0113ts liftinga kr\u0113ms ar fitoekzosom\u0101m un PDRN, kas rad\u012bts intens\u012bvai atjauno\u0161anai, elast\u012bbas palielin\u0101\u0161anai un redzamai \u0101das izl\u012bdzin\u0101\u0161anai.","og_url":"https:\/\/www.facecorner.lv\/lv\/shop\/medipeel-phyto-exosome-pdrn-lifting-shot-drop-gel-cream-krems-ar-peptidiem-pdrn-un-mikroadatinam-130g\/","og_site_name":"FACECORNER","article_publisher":"https:\/\/www.facebook.com\/profile.php?id=100063824551839","article_modified_time":"2026-04-16T11:51:18+00:00","og_image":[{"width":800,"height":800,"url":"https:\/\/www.facecorner.lv\/wp-content\/uploads\/2025\/12\/MEDIPEEL_Phyto_Ex_PDRN_Lifting_Shot_Drop_Gel_Cream__1_.webp","type":"image\/webp"}],"twitter_card":"summary_large_image","twitter_misc":{"Price":"&euro;31.00","Availability":"Out of stock"},"schema":{"@context":"https:\/\/schema.org","@graph":[{"@type":"WebPage","@id":"https:\/\/www.facecorner.lv\/shop\/medipeel-phyto-exosome-pdrn-lifting-shot-drop-gel-cream-krems-ar-peptidiem-pdrn-un-mikroadatinam-130g\/","url":"https:\/\/www.facecorner.lv\/shop\/medipeel-phyto-exosome-pdrn-lifting-shot-drop-gel-cream-krems-ar-peptidiem-pdrn-un-mikroadatinam-130g\/","name":"MEDIPEEL Phyto Exosome PDRN Lifting Shot Drop Gel Cream kr\u0113ms ar pept\u012bdiem, PDRN un mikroadati\u0146\u0101m 130g - FACECORNER","isPartOf":{"@id":"https:\/\/www.facecorner.lv\/#website"},"primaryImageOfPage":{"@id":"https:\/\/www.facecorner.lv\/shop\/medipeel-phyto-exosome-pdrn-lifting-shot-drop-gel-cream-krems-ar-peptidiem-pdrn-un-mikroadatinam-130g\/#primaryimage"},"image":{"@id":"https:\/\/www.facecorner.lv\/shop\/medipeel-phyto-exosome-pdrn-lifting-shot-drop-gel-cream-krems-ar-peptidiem-pdrn-un-mikroadatinam-130g\/#primaryimage"},"thumbnailUrl":"https:\/\/www.facecorner.lv\/wp-content\/uploads\/2025\/12\/MEDIPEEL_Phyto_Ex_PDRN_Lifting_Shot_Drop_Gel_Cream__1_.webp","datePublished":"2025-12-01T13:04:08+00:00","dateModified":"2026-04-16T11:51:18+00:00","description":"MEDIPEEL Phyto Exosome PDRN Lifting Shot Drop Gel Cream\u00a0 augsti koncentr\u0113ts liftinga kr\u0113ms ar fitoekzosom\u0101m un PDRN, kas rad\u012bts intens\u012bvai atjauno\u0161anai, elast\u012bbas palielin\u0101\u0161anai un redzamai \u0101das izl\u012bdzin\u0101\u0161anai.","breadcrumb":{"@id":"https:\/\/www.facecorner.lv\/shop\/medipeel-phyto-exosome-pdrn-lifting-shot-drop-gel-cream-krems-ar-peptidiem-pdrn-un-mikroadatinam-130g\/#breadcrumb"},"inLanguage":"lv-LV","potentialAction":[{"@type":"ReadAction","target":["https:\/\/www.facecorner.lv\/shop\/medipeel-phyto-exosome-pdrn-lifting-shot-drop-gel-cream-krems-ar-peptidiem-pdrn-un-mikroadatinam-130g\/"]}]},{"@type":"ImageObject","inLanguage":"lv-LV","@id":"https:\/\/www.facecorner.lv\/shop\/medipeel-phyto-exosome-pdrn-lifting-shot-drop-gel-cream-krems-ar-peptidiem-pdrn-un-mikroadatinam-130g\/#primaryimage","url":"https:\/\/www.facecorner.lv\/wp-content\/uploads\/2025\/12\/MEDIPEEL_Phyto_Ex_PDRN_Lifting_Shot_Drop_Gel_Cream__1_.webp","contentUrl":"https:\/\/www.facecorner.lv\/wp-content\/uploads\/2025\/12\/MEDIPEEL_Phyto_Ex_PDRN_Lifting_Shot_Drop_Gel_Cream__1_.webp","width":800,"height":800,"caption":"MEDIPEEL Phyto Exosome PDRN Lifting Shot Drop Gel Cream"},{"@type":"BreadcrumbList","@id":"https:\/\/www.facecorner.lv\/shop\/medipeel-phyto-exosome-pdrn-lifting-shot-drop-gel-cream-krems-ar-peptidiem-pdrn-un-mikroadatinam-130g\/#breadcrumb","itemListElement":[{"@type":"ListItem","position":1,"name":"Home","item":"https:\/\/www.facecorner.lv\/"},{"@type":"ListItem","position":2,"name":"Veikals","item":"https:\/\/www.facecorner.lv\/shop\/"},{"@type":"ListItem","position":3,"name":"MEDIPEEL Phyto Exosome PDRN Lifting Shot Drop Gel Cream kr\u0113ms ar pept\u012bdiem, PDRN un mikroadati\u0146\u0101m 130g"}]},{"@type":"WebSite","@id":"https:\/\/www.facecorner.lv\/#website","url":"https:\/\/www.facecorner.lv\/","name":"Facecorner","description":"","publisher":{"@id":"https:\/\/www.facecorner.lv\/#organization"},"potentialAction":[{"@type":"SearchAction","target":{"@type":"EntryPoint","urlTemplate":"https:\/\/www.facecorner.lv\/?s={search_term_string}"},"query-input":{"@type":"PropertyValueSpecification","valueRequired":true,"valueName":"search_term_string"}}],"inLanguage":"lv-LV"},{"@type":"Organization","@id":"https:\/\/www.facecorner.lv\/#organization","name":"Facecorner","url":"https:\/\/www.facecorner.lv\/","logo":{"@type":"ImageObject","inLanguage":"lv-LV","@id":"https:\/\/www.facecorner.lv\/#\/schema\/logo\/image\/","url":"https:\/\/www.facecorner.lv\/wp-content\/uploads\/2024\/04\/fc-logo.jpg","contentUrl":"https:\/\/www.facecorner.lv\/wp-content\/uploads\/2024\/04\/fc-logo.jpg","width":174,"height":28,"caption":"Facecorner"},"image":{"@id":"https:\/\/www.facecorner.lv\/#\/schema\/logo\/image\/"},"sameAs":["https:\/\/www.facebook.com\/profile.php?id=100063824551839","https:\/\/www.instagram.com\/facecorner_shop\/"]}]},"product_price_amount":"31.00","product_price_currency":"EUR","og_availability":"out of stock","product_availability":"out of stock","product_condition":"new"},"_links":{"self":[{"href":"https:\/\/www.facecorner.lv\/lv\/wp-json\/wp\/v2\/product\/26249","targetHints":{"allow":["GET"]}}],"collection":[{"href":"https:\/\/www.facecorner.lv\/lv\/wp-json\/wp\/v2\/product"}],"about":[{"href":"https:\/\/www.facecorner.lv\/lv\/wp-json\/wp\/v2\/types\/product"}],"replies":[{"embeddable":true,"href":"https:\/\/www.facecorner.lv\/lv\/wp-json\/wp\/v2\/comments?post=26249"}],"wp:featuredmedia":[{"embeddable":true,"href":"https:\/\/www.facecorner.lv\/lv\/wp-json\/wp\/v2\/media\/26250"}],"wp:attachment":[{"href":"https:\/\/www.facecorner.lv\/lv\/wp-json\/wp\/v2\/media?parent=26249"}],"wp:term":[{"taxonomy":"product_brand","embeddable":true,"href":"https:\/\/www.facecorner.lv\/lv\/wp-json\/wp\/v2\/product_brand?post=26249"},{"taxonomy":"product_cat","embeddable":true,"href":"https:\/\/www.facecorner.lv\/lv\/wp-json\/wp\/v2\/product_cat?post=26249"},{"taxonomy":"product_tag","embeddable":true,"href":"https:\/\/www.facecorner.lv\/lv\/wp-json\/wp\/v2\/product_tag?post=26249"},{"taxonomy":"berocket_brand","embeddable":true,"href":"https:\/\/www.facecorner.lv\/lv\/wp-json\/wp\/v2\/berocket_brand?post=26249"}],"curies":[{"name":"wp","href":"https:\/\/api.w.org\/{rel}","templated":true}]}}