{"id":26205,"date":"2025-11-28T13:42:35","date_gmt":"2025-11-28T10:42:35","guid":{"rendered":"https:\/\/www.facecorner.lv\/?post_type=product&#038;p=26205"},"modified":"2026-02-10T15:51:24","modified_gmt":"2026-02-10T12:51:24","slug":"abib-glutathiosome-dark-spot-pad-vita-touch-izgaismojosi-tonizejosi-pads-60pads","status":"publish","type":"product","link":"https:\/\/www.facecorner.lv\/lv\/shop\/abib-glutathiosome-dark-spot-pad-vita-touch-izgaismojosi-tonizejosi-pads-60pads\/","title":{"rendered":"Abib Glutathiosome Dark Spot Pad Vita Touch izgaismojo\u0161i toniz\u0113jo\u0161i pads 60pads"},"content":{"rendered":"<p>Abib Glutathiosome Dark Spot Pad Vita Touch ir izgaismojo\u0161i toniz\u0113jo\u0161i pads, kas pies\u0101tin\u0101ti ar sp\u0113c\u012bgu kompleksu pigment\u0101cijas, bl\u0101vuma un nevienm\u0113r\u012bga \u0101das to\u0146a nov\u0113r\u0161anai.<\/p>\n<p>Tie pal\u012bdz samazin\u0101t tum\u0161os plankumus, izl\u012bdzin\u0101t sejas kr\u0101su un pie\u0161\u0137irt \u0101dai mirdzumu, padarot to svaig\u0101ku un kopto.<\/p>\n<h6>Galven\u0101s iedarb\u012bbas:<\/h6>\n<ul>\n<li>Samazina tum\u0161os plankumus un p\u0113capnikas.<\/li>\n<li>Izl\u012bdzina \u0101das toni un tekst\u016bru.<\/li>\n<li>Pie\u0161\u0137ir mirdzumu un svaigumu.<\/li>\n<li>Dzi\u013ci mitrina un stiprina \u0101das barjeru.<\/li>\n<li>Viegla, maiga p\u012blinga iedarb\u012bba \u0101das virsmas atjauno\u0161anai.<\/li>\n<\/ul>\n<h6>Galven\u0101s akt\u012bv\u0101s sast\u0101vda\u013cas:<\/h6>\n<ul>\n<li>Niac\u012bnam\u012bds veicina kolag\u0113na sint\u0113zi un uzlabo \u0101das aizsargfunkcijas, pal\u012bdz samazin\u0101t transderm\u0101lo mitruma zudumu no epidermas un nov\u0113rst pigment\u0101ciju, mitrina, sa\u0161aurina poras, nomierina, izgaismo.<\/li>\n<li>Askorb\u012bnsk\u0101be ir visjaud\u012bg\u0101k\u0101, ta\u010du nestabil\u0101k\u0101 C vitam\u012bna forma, kas stimul\u0113 kolag\u0113na sint\u0113zi, palielinot \u0101das elast\u012bbu, k\u0101 ar\u012b izgaismo pigment\u0101ciju un aizsarg\u0101 \u0161\u016bnas no br\u012bvajiem radik\u0101\u013ciem.<\/li>\n<li>Glutationa balina pigment\u0101ciju un no\u0146em aps\u0101rtumu, stimul\u0113 atjauno\u0161anos, dzied\u0113 mikroboj\u0101jumus, pal\u0113nina noveco\u0161an\u0101s izmai\u0146as.<\/li>\n<li>Hitoz\u0101ns ir lielisks mitrino\u0161s l\u012bdzeklis, pateicoties savai sader\u012bbai ar \u0101das strukt\u016bru. Veido mitrumu aizturo\u0161u barjeru un veicina atjauno\u0161anos, uzlabo citu akt\u012bvo vielu ies\u016bk\u0161anos.<\/li>\n<li>Cinanchuma ekstrakts nomierina un uzlabo epidermas barjerfunkcijas: tas c\u012bn\u0101s ar iekaisumu, m\u012bkstina un stimul\u0113 sadz\u012b\u0161anu.<\/li>\n<\/ul>\n<p><strong>Lieto\u0161ana<\/strong>: P\u0113c \u0101das att\u012br\u012b\u0161anas pa\u0146emiet vienu padi\u0146u.Noslaukiet seju, piev\u0113r\u0161ot uzman\u012bbu pigment\u0101cijas vai nevienm\u0113r\u012bgas kr\u0101sas zon\u0101m.Var atst\u0101t uz 5\u201310 min\u016bt\u0113m k\u0101 mini masku.Esences atlikumus viegli iemas\u0113jiet ar pirkstu galiem, p\u0113c tam uzkl\u0101jiet serumu un kr\u0113mu.Lietojot dien\u0101, oblig\u0101ti izmantojiet SPF.<\/p>\n<p><strong>Sast\u0101vs:<\/strong> <span style=\"font-size: 16px;\">Water, Dipropylene Glycol, Glycerin, Butylene Glycol, Propanediol, Methylpropanediol, Niacinamide, Cynanchum Atratum Extract, Phellinus Linteus Extract, Althaea Rosea Flower Extract, Chitosan, Malus Domestica Fruit Cell Culture Extract, Hydroxyacetophenone, Betaine, Allantoin, Panthenol, Caprylyl Glycol, Polyglyceryl-10 Isostearate, Ethylhexylglycerin, Adenosine, 1,2-Hexanediol, Polyglyceryl-10 Oleate, Sodium Phytate, Glutathione, Beta-Glucan, Pentylene Glycol, Glucosylrutin, Hydrogenated Lecithin, Cholesterol, Ascorbic Acid, 3-O-Ethyl Ascorbic Acid, Ascorbyl Glucoside, Ceramide NP, Capryloyl Salicylic Acid, Ferulic Acid, Madecassoside, Tocopherol, Lactic Acid, Dipotassium Phosphate, Acetyl Glutamine, Cellulose Gum, Caffeine, Xanthan Gum<\/span><\/p>\n<div class=\"product__components\"><\/div>\n","protected":false},"excerpt":{"rendered":"<p>Abib Glutathiosome Dark Spot Pad Vita Touch ir izgaismojo\u0161i toniz\u0113jo\u0161i pads, kas pies\u0101tin\u0101ti ar sp\u0113c\u012bgu kompleksu pigment\u0101cijas, bl\u0101vuma un nevienm\u0113r\u012bga \u0101das to\u0146a nov\u0113r\u0161anai.<\/p>\n","protected":false},"featured_media":26206,"comment_status":"open","ping_status":"closed","template":"","meta":{"site-sidebar-layout":"default","site-content-layout":"","ast-site-content-layout":"default","site-content-style":"default","site-sidebar-style":"default","ast-global-header-display":"","ast-banner-title-visibility":"","ast-main-header-display":"","ast-hfb-above-header-display":"","ast-hfb-below-header-display":"","ast-hfb-mobile-header-display":"","site-post-title":"","ast-breadcrumbs-content":"","ast-featured-img":"","footer-sml-layout":"","theme-transparent-header-meta":"default","adv-header-id-meta":"","stick-header-meta":"","header-above-stick-meta":"","header-main-stick-meta":"","header-below-stick-meta":"","astra-migrate-meta-layouts":"set","ast-page-background-enabled":"default","ast-page-background-meta":{"desktop":{"background-color":"var(--ast-global-color-4)","background-image":"","background-repeat":"repeat","background-position":"center center","background-size":"auto","background-attachment":"scroll","background-type":"","background-media":"","overlay-type":"","overlay-color":"","overlay-opacity":"","overlay-gradient":""},"tablet":{"background-color":"","background-image":"","background-repeat":"repeat","background-position":"center center","background-size":"auto","background-attachment":"scroll","background-type":"","background-media":"","overlay-type":"","overlay-color":"","overlay-opacity":"","overlay-gradient":""},"mobile":{"background-color":"","background-image":"","background-repeat":"repeat","background-position":"center center","background-size":"auto","background-attachment":"scroll","background-type":"","background-media":"","overlay-type":"","overlay-color":"","overlay-opacity":"","overlay-gradient":""}},"ast-content-background-meta":{"desktop":{"background-color":"var(--ast-global-color-5)","background-image":"","background-repeat":"repeat","background-position":"center center","background-size":"auto","background-attachment":"scroll","background-type":"","background-media":"","overlay-type":"","overlay-color":"","overlay-opacity":"","overlay-gradient":""},"tablet":{"background-color":"var(--ast-global-color-5)","background-image":"","background-repeat":"repeat","background-position":"center center","background-size":"auto","background-attachment":"scroll","background-type":"","background-media":"","overlay-type":"","overlay-color":"","overlay-opacity":"","overlay-gradient":""},"mobile":{"background-color":"var(--ast-global-color-5)","background-image":"","background-repeat":"repeat","background-position":"center center","background-size":"auto","background-attachment":"scroll","background-type":"","background-media":"","overlay-type":"","overlay-color":"","overlay-opacity":"","overlay-gradient":""}}},"product_brand":[],"product_cat":[375,670,377,378,364,376],"product_tag":[],"berocket_brand":[627],"class_list":{"0":"post-26205","1":"product","2":"type-product","3":"status-publish","4":"has-post-thumbnail","6":"product_cat-jutigai-adai-toneri","7":"product_cat-pilinga-diski","8":"product_cat-problematiskai-adai-toneri","9":"product_cat-sausai-adai-toneri","10":"product_cat-toneri","11":"product_cat-kombinetai-adai-toneri","12":"berocket_brand-abib","13":"desktop-align-left","14":"tablet-align-left","15":"mobile-align-left","17":"first","18":"instock","19":"taxable","20":"shipping-taxable","21":"purchasable","22":"product-type-simple","23":"add-to-wishlist-before_image"},"yoast_head":"<!-- This site is optimized with the Yoast SEO plugin v27.3 - https:\/\/yoast.com\/product\/yoast-seo-wordpress\/ -->\n<title>Abib Glutathiosome Dark Spot Pad Vita Touch izgaismojo\u0161i toniz\u0113jo\u0161i pads 60pads - FACECORNER<\/title>\n<meta name=\"description\" content=\"Abib Glutathiosome Dark Spot Pad Vita Touch ir izgaismojo\u0161i toniz\u0113jo\u0161i pads, kas pies\u0101tin\u0101ti ar sp\u0113c\u012bgu kompleksu pigment\u0101cijas, bl\u0101vuma un nevienm\u0113r\u012bga \u0101das to\u0146a nov\u0113r\u0161anai.\" \/>\n<meta name=\"robots\" content=\"index, follow, max-snippet:-1, max-image-preview:large, max-video-preview:-1\" \/>\n<link rel=\"canonical\" href=\"https:\/\/www.facecorner.lv\/lv\/shop\/abib-glutathiosome-dark-spot-pad-vita-touch-izgaismojosi-tonizejosi-pads-60pads\/\" \/>\n<meta property=\"og:locale\" content=\"lv_LV\" \/>\n<meta property=\"og:type\" content=\"article\" \/>\n<meta property=\"og:title\" content=\"Abib Glutathiosome Dark Spot Pad Vita Touch izgaismojo\u0161i toniz\u0113jo\u0161i pads 60pads - FACECORNER\" \/>\n<meta property=\"og:description\" content=\"Abib Glutathiosome Dark Spot Pad Vita Touch ir izgaismojo\u0161i toniz\u0113jo\u0161i pads, kas pies\u0101tin\u0101ti ar sp\u0113c\u012bgu kompleksu pigment\u0101cijas, bl\u0101vuma un nevienm\u0113r\u012bga \u0101das to\u0146a nov\u0113r\u0161anai.\" \/>\n<meta property=\"og:url\" content=\"https:\/\/www.facecorner.lv\/lv\/shop\/abib-glutathiosome-dark-spot-pad-vita-touch-izgaismojosi-tonizejosi-pads-60pads\/\" \/>\n<meta property=\"og:site_name\" content=\"FACECORNER\" \/>\n<meta property=\"article:publisher\" content=\"https:\/\/www.facebook.com\/profile.php?id=100063824551839\" \/>\n<meta property=\"article:modified_time\" content=\"2026-02-10T12:51:24+00:00\" \/>\n<meta property=\"og:image\" content=\"https:\/\/www.facecorner.lv\/wp-content\/uploads\/2025\/11\/3-aa37a7c07f3ec01abc1551ef762f98cd.jpg\" \/>\n\t<meta property=\"og:image:width\" content=\"1000\" \/>\n\t<meta property=\"og:image:height\" content=\"1000\" \/>\n\t<meta property=\"og:image:type\" content=\"image\/jpeg\" \/>\n<meta name=\"twitter:card\" content=\"summary_large_image\" \/>\n<meta name=\"twitter:label1\" content=\"Price\" \/>\n\t<meta name=\"twitter:data1\" content=\"&euro;18.60\" \/>\n\t<meta name=\"twitter:label2\" content=\"Availability\" \/>\n\t<meta name=\"twitter:data2\" content=\"In stock\" \/>\n<script type=\"application\/ld+json\" class=\"yoast-schema-graph\">{\"@context\":\"https:\\\/\\\/schema.org\",\"@graph\":[{\"@type\":\"WebPage\",\"@id\":\"https:\\\/\\\/www.facecorner.lv\\\/shop\\\/abib-glutathiosome-dark-spot-pad-vita-touch-izgaismojosi-tonizejosi-pads-60pads\\\/\",\"url\":\"https:\\\/\\\/www.facecorner.lv\\\/shop\\\/abib-glutathiosome-dark-spot-pad-vita-touch-izgaismojosi-tonizejosi-pads-60pads\\\/\",\"name\":\"Abib Glutathiosome Dark Spot Pad Vita Touch izgaismojo\u0161i toniz\u0113jo\u0161i pads 60pads - FACECORNER\",\"isPartOf\":{\"@id\":\"https:\\\/\\\/www.facecorner.lv\\\/#website\"},\"primaryImageOfPage\":{\"@id\":\"https:\\\/\\\/www.facecorner.lv\\\/shop\\\/abib-glutathiosome-dark-spot-pad-vita-touch-izgaismojosi-tonizejosi-pads-60pads\\\/#primaryimage\"},\"image\":{\"@id\":\"https:\\\/\\\/www.facecorner.lv\\\/shop\\\/abib-glutathiosome-dark-spot-pad-vita-touch-izgaismojosi-tonizejosi-pads-60pads\\\/#primaryimage\"},\"thumbnailUrl\":\"https:\\\/\\\/www.facecorner.lv\\\/wp-content\\\/uploads\\\/2025\\\/11\\\/3-aa37a7c07f3ec01abc1551ef762f98cd.jpg\",\"datePublished\":\"2025-11-28T10:42:35+00:00\",\"dateModified\":\"2026-02-10T12:51:24+00:00\",\"description\":\"Abib Glutathiosome Dark Spot Pad Vita Touch ir izgaismojo\u0161i toniz\u0113jo\u0161i pads, kas pies\u0101tin\u0101ti ar sp\u0113c\u012bgu kompleksu pigment\u0101cijas, bl\u0101vuma un nevienm\u0113r\u012bga \u0101das to\u0146a nov\u0113r\u0161anai.\",\"breadcrumb\":{\"@id\":\"https:\\\/\\\/www.facecorner.lv\\\/shop\\\/abib-glutathiosome-dark-spot-pad-vita-touch-izgaismojosi-tonizejosi-pads-60pads\\\/#breadcrumb\"},\"inLanguage\":\"lv-LV\",\"potentialAction\":[{\"@type\":\"ReadAction\",\"target\":[\"https:\\\/\\\/www.facecorner.lv\\\/shop\\\/abib-glutathiosome-dark-spot-pad-vita-touch-izgaismojosi-tonizejosi-pads-60pads\\\/\"]}]},{\"@type\":\"ImageObject\",\"inLanguage\":\"lv-LV\",\"@id\":\"https:\\\/\\\/www.facecorner.lv\\\/shop\\\/abib-glutathiosome-dark-spot-pad-vita-touch-izgaismojosi-tonizejosi-pads-60pads\\\/#primaryimage\",\"url\":\"https:\\\/\\\/www.facecorner.lv\\\/wp-content\\\/uploads\\\/2025\\\/11\\\/3-aa37a7c07f3ec01abc1551ef762f98cd.jpg\",\"contentUrl\":\"https:\\\/\\\/www.facecorner.lv\\\/wp-content\\\/uploads\\\/2025\\\/11\\\/3-aa37a7c07f3ec01abc1551ef762f98cd.jpg\",\"width\":1000,\"height\":1000,\"caption\":\"Abib Glutathiosome Dark Spot Pad Vita Touch\"},{\"@type\":\"BreadcrumbList\",\"@id\":\"https:\\\/\\\/www.facecorner.lv\\\/shop\\\/abib-glutathiosome-dark-spot-pad-vita-touch-izgaismojosi-tonizejosi-pads-60pads\\\/#breadcrumb\",\"itemListElement\":[{\"@type\":\"ListItem\",\"position\":1,\"name\":\"Home\",\"item\":\"https:\\\/\\\/www.facecorner.lv\\\/\"},{\"@type\":\"ListItem\",\"position\":2,\"name\":\"Veikals\",\"item\":\"https:\\\/\\\/www.facecorner.lv\\\/shop\\\/\"},{\"@type\":\"ListItem\",\"position\":3,\"name\":\"Abib Glutathiosome Dark Spot Pad Vita Touch izgaismojo\u0161i toniz\u0113jo\u0161i pads 60pads\"}]},{\"@type\":\"WebSite\",\"@id\":\"https:\\\/\\\/www.facecorner.lv\\\/#website\",\"url\":\"https:\\\/\\\/www.facecorner.lv\\\/\",\"name\":\"Facecorner\",\"description\":\"\",\"publisher\":{\"@id\":\"https:\\\/\\\/www.facecorner.lv\\\/#organization\"},\"potentialAction\":[{\"@type\":\"SearchAction\",\"target\":{\"@type\":\"EntryPoint\",\"urlTemplate\":\"https:\\\/\\\/www.facecorner.lv\\\/?s={search_term_string}\"},\"query-input\":{\"@type\":\"PropertyValueSpecification\",\"valueRequired\":true,\"valueName\":\"search_term_string\"}}],\"inLanguage\":\"lv-LV\"},{\"@type\":\"Organization\",\"@id\":\"https:\\\/\\\/www.facecorner.lv\\\/#organization\",\"name\":\"Facecorner\",\"url\":\"https:\\\/\\\/www.facecorner.lv\\\/\",\"logo\":{\"@type\":\"ImageObject\",\"inLanguage\":\"lv-LV\",\"@id\":\"https:\\\/\\\/www.facecorner.lv\\\/#\\\/schema\\\/logo\\\/image\\\/\",\"url\":\"https:\\\/\\\/www.facecorner.lv\\\/wp-content\\\/uploads\\\/2024\\\/04\\\/fc-logo.jpg\",\"contentUrl\":\"https:\\\/\\\/www.facecorner.lv\\\/wp-content\\\/uploads\\\/2024\\\/04\\\/fc-logo.jpg\",\"width\":174,\"height\":28,\"caption\":\"Facecorner\"},\"image\":{\"@id\":\"https:\\\/\\\/www.facecorner.lv\\\/#\\\/schema\\\/logo\\\/image\\\/\"},\"sameAs\":[\"https:\\\/\\\/www.facebook.com\\\/profile.php?id=100063824551839\",\"https:\\\/\\\/www.instagram.com\\\/facecorner_shop\\\/\"]}]}<\/script>\n<meta property=\"product:price:amount\" content=\"18.60\" \/>\n<meta property=\"product:price:currency\" content=\"EUR\" \/>\n<meta property=\"og:availability\" content=\"instock\" \/>\n<meta property=\"product:availability\" content=\"instock\" \/>\n<meta property=\"product:condition\" content=\"new\" \/>\n<!-- \/ Yoast SEO plugin. -->","yoast_head_json":{"title":"Abib Glutathiosome Dark Spot Pad Vita Touch izgaismojo\u0161i toniz\u0113jo\u0161i pads 60pads - FACECORNER","description":"Abib Glutathiosome Dark Spot Pad Vita Touch ir izgaismojo\u0161i toniz\u0113jo\u0161i pads, kas pies\u0101tin\u0101ti ar sp\u0113c\u012bgu kompleksu pigment\u0101cijas, bl\u0101vuma un nevienm\u0113r\u012bga \u0101das to\u0146a nov\u0113r\u0161anai.","robots":{"index":"index","follow":"follow","max-snippet":"max-snippet:-1","max-image-preview":"max-image-preview:large","max-video-preview":"max-video-preview:-1"},"canonical":"https:\/\/www.facecorner.lv\/lv\/shop\/abib-glutathiosome-dark-spot-pad-vita-touch-izgaismojosi-tonizejosi-pads-60pads\/","og_locale":"lv_LV","og_type":"article","og_title":"Abib Glutathiosome Dark Spot Pad Vita Touch izgaismojo\u0161i toniz\u0113jo\u0161i pads 60pads - FACECORNER","og_description":"Abib Glutathiosome Dark Spot Pad Vita Touch ir izgaismojo\u0161i toniz\u0113jo\u0161i pads, kas pies\u0101tin\u0101ti ar sp\u0113c\u012bgu kompleksu pigment\u0101cijas, bl\u0101vuma un nevienm\u0113r\u012bga \u0101das to\u0146a nov\u0113r\u0161anai.","og_url":"https:\/\/www.facecorner.lv\/lv\/shop\/abib-glutathiosome-dark-spot-pad-vita-touch-izgaismojosi-tonizejosi-pads-60pads\/","og_site_name":"FACECORNER","article_publisher":"https:\/\/www.facebook.com\/profile.php?id=100063824551839","article_modified_time":"2026-02-10T12:51:24+00:00","og_image":[{"width":1000,"height":1000,"url":"https:\/\/www.facecorner.lv\/wp-content\/uploads\/2025\/11\/3-aa37a7c07f3ec01abc1551ef762f98cd.jpg","type":"image\/jpeg"}],"twitter_card":"summary_large_image","twitter_misc":{"Price":"&euro;18.60","Availability":"In stock"},"schema":{"@context":"https:\/\/schema.org","@graph":[{"@type":"WebPage","@id":"https:\/\/www.facecorner.lv\/shop\/abib-glutathiosome-dark-spot-pad-vita-touch-izgaismojosi-tonizejosi-pads-60pads\/","url":"https:\/\/www.facecorner.lv\/shop\/abib-glutathiosome-dark-spot-pad-vita-touch-izgaismojosi-tonizejosi-pads-60pads\/","name":"Abib Glutathiosome Dark Spot Pad Vita Touch izgaismojo\u0161i toniz\u0113jo\u0161i pads 60pads - FACECORNER","isPartOf":{"@id":"https:\/\/www.facecorner.lv\/#website"},"primaryImageOfPage":{"@id":"https:\/\/www.facecorner.lv\/shop\/abib-glutathiosome-dark-spot-pad-vita-touch-izgaismojosi-tonizejosi-pads-60pads\/#primaryimage"},"image":{"@id":"https:\/\/www.facecorner.lv\/shop\/abib-glutathiosome-dark-spot-pad-vita-touch-izgaismojosi-tonizejosi-pads-60pads\/#primaryimage"},"thumbnailUrl":"https:\/\/www.facecorner.lv\/wp-content\/uploads\/2025\/11\/3-aa37a7c07f3ec01abc1551ef762f98cd.jpg","datePublished":"2025-11-28T10:42:35+00:00","dateModified":"2026-02-10T12:51:24+00:00","description":"Abib Glutathiosome Dark Spot Pad Vita Touch ir izgaismojo\u0161i toniz\u0113jo\u0161i pads, kas pies\u0101tin\u0101ti ar sp\u0113c\u012bgu kompleksu pigment\u0101cijas, bl\u0101vuma un nevienm\u0113r\u012bga \u0101das to\u0146a nov\u0113r\u0161anai.","breadcrumb":{"@id":"https:\/\/www.facecorner.lv\/shop\/abib-glutathiosome-dark-spot-pad-vita-touch-izgaismojosi-tonizejosi-pads-60pads\/#breadcrumb"},"inLanguage":"lv-LV","potentialAction":[{"@type":"ReadAction","target":["https:\/\/www.facecorner.lv\/shop\/abib-glutathiosome-dark-spot-pad-vita-touch-izgaismojosi-tonizejosi-pads-60pads\/"]}]},{"@type":"ImageObject","inLanguage":"lv-LV","@id":"https:\/\/www.facecorner.lv\/shop\/abib-glutathiosome-dark-spot-pad-vita-touch-izgaismojosi-tonizejosi-pads-60pads\/#primaryimage","url":"https:\/\/www.facecorner.lv\/wp-content\/uploads\/2025\/11\/3-aa37a7c07f3ec01abc1551ef762f98cd.jpg","contentUrl":"https:\/\/www.facecorner.lv\/wp-content\/uploads\/2025\/11\/3-aa37a7c07f3ec01abc1551ef762f98cd.jpg","width":1000,"height":1000,"caption":"Abib Glutathiosome Dark Spot Pad Vita Touch"},{"@type":"BreadcrumbList","@id":"https:\/\/www.facecorner.lv\/shop\/abib-glutathiosome-dark-spot-pad-vita-touch-izgaismojosi-tonizejosi-pads-60pads\/#breadcrumb","itemListElement":[{"@type":"ListItem","position":1,"name":"Home","item":"https:\/\/www.facecorner.lv\/"},{"@type":"ListItem","position":2,"name":"Veikals","item":"https:\/\/www.facecorner.lv\/shop\/"},{"@type":"ListItem","position":3,"name":"Abib Glutathiosome Dark Spot Pad Vita Touch izgaismojo\u0161i toniz\u0113jo\u0161i pads 60pads"}]},{"@type":"WebSite","@id":"https:\/\/www.facecorner.lv\/#website","url":"https:\/\/www.facecorner.lv\/","name":"Facecorner","description":"","publisher":{"@id":"https:\/\/www.facecorner.lv\/#organization"},"potentialAction":[{"@type":"SearchAction","target":{"@type":"EntryPoint","urlTemplate":"https:\/\/www.facecorner.lv\/?s={search_term_string}"},"query-input":{"@type":"PropertyValueSpecification","valueRequired":true,"valueName":"search_term_string"}}],"inLanguage":"lv-LV"},{"@type":"Organization","@id":"https:\/\/www.facecorner.lv\/#organization","name":"Facecorner","url":"https:\/\/www.facecorner.lv\/","logo":{"@type":"ImageObject","inLanguage":"lv-LV","@id":"https:\/\/www.facecorner.lv\/#\/schema\/logo\/image\/","url":"https:\/\/www.facecorner.lv\/wp-content\/uploads\/2024\/04\/fc-logo.jpg","contentUrl":"https:\/\/www.facecorner.lv\/wp-content\/uploads\/2024\/04\/fc-logo.jpg","width":174,"height":28,"caption":"Facecorner"},"image":{"@id":"https:\/\/www.facecorner.lv\/#\/schema\/logo\/image\/"},"sameAs":["https:\/\/www.facebook.com\/profile.php?id=100063824551839","https:\/\/www.instagram.com\/facecorner_shop\/"]}]},"product_price_amount":"18.60","product_price_currency":"EUR","og_availability":"instock","product_availability":"instock","product_condition":"new"},"_links":{"self":[{"href":"https:\/\/www.facecorner.lv\/lv\/wp-json\/wp\/v2\/product\/26205","targetHints":{"allow":["GET"]}}],"collection":[{"href":"https:\/\/www.facecorner.lv\/lv\/wp-json\/wp\/v2\/product"}],"about":[{"href":"https:\/\/www.facecorner.lv\/lv\/wp-json\/wp\/v2\/types\/product"}],"replies":[{"embeddable":true,"href":"https:\/\/www.facecorner.lv\/lv\/wp-json\/wp\/v2\/comments?post=26205"}],"wp:featuredmedia":[{"embeddable":true,"href":"https:\/\/www.facecorner.lv\/lv\/wp-json\/wp\/v2\/media\/26206"}],"wp:attachment":[{"href":"https:\/\/www.facecorner.lv\/lv\/wp-json\/wp\/v2\/media?parent=26205"}],"wp:term":[{"taxonomy":"product_brand","embeddable":true,"href":"https:\/\/www.facecorner.lv\/lv\/wp-json\/wp\/v2\/product_brand?post=26205"},{"taxonomy":"product_cat","embeddable":true,"href":"https:\/\/www.facecorner.lv\/lv\/wp-json\/wp\/v2\/product_cat?post=26205"},{"taxonomy":"product_tag","embeddable":true,"href":"https:\/\/www.facecorner.lv\/lv\/wp-json\/wp\/v2\/product_tag?post=26205"},{"taxonomy":"berocket_brand","embeddable":true,"href":"https:\/\/www.facecorner.lv\/lv\/wp-json\/wp\/v2\/berocket_brand?post=26205"}],"curies":[{"name":"wp","href":"https:\/\/api.w.org\/{rel}","templated":true}]}}