{"id":26201,"date":"2025-11-28T13:25:02","date_gmt":"2025-11-28T10:25:02","guid":{"rendered":"https:\/\/www.facecorner.lv\/?post_type=product&#038;p=26201"},"modified":"2026-03-31T07:31:05","modified_gmt":"2026-03-31T04:31:05","slug":"abib-jericho-rose-collagen-pad-firming-touch-nostiprinosi-kolagena-pads-adas-elastibai-un-gludumam-60-pads","status":"publish","type":"product","link":"https:\/\/www.facecorner.lv\/lv\/shop\/abib-jericho-rose-collagen-pad-firming-touch-nostiprinosi-kolagena-pads-adas-elastibai-un-gludumam-60-pads\/","title":{"rendered":"Abib Jericho Rose Collagen Pad Firming Touch nostiprino\u0161i kolag\u0113na pads \u0101das elast\u012bbai un gludumam 60 pads"},"content":{"rendered":"<p>Abib Jericho Rose Collagen Pad Firming Touch \u2013 nostiprino\u0161i kolag\u0113na pads \u0101das elast\u012bbai un gludumam.<\/p>\n<p>Pads ir pies\u0101tin\u0101ti ar koncentr\u0113tu esenci, kas satur augu kolag\u0113nu, Jeriko rozes ekstraktu un niac\u012bnam\u012bdu. Formula akt\u012bvi nostiepina \u0101du, uzlabo t\u0101s bl\u012bvumu, mitrina un atjauno dabisko mirdzumu.<\/p>\n<h6>Galven\u0101s iedarb\u012bbas:<\/h6>\n<ul>\n<li>palielina \u0101das elast\u012bbu un stingr\u012bbu;<\/li>\n<li>samazina s\u012bko grumbu izteikt\u012bbu;<\/li>\n<li>dzi\u013ci mitrina un m\u012bkstina;<\/li>\n<li>izl\u012bdzina \u0101das toni un tekst\u016bru;<\/li>\n<li>ir nomierino\u0161a un antioksidanta iedarb\u012bba.<\/li>\n<\/ul>\n<h6>\u012apa\u0161\u012bbas:<\/h6>\n<ul>\n<li>biezas kokvilnas p\u0101rsegi labi piel\u0101gojas un ir piem\u0113roti punktveida lieto\u0161anai (uz pieres, vaigiem, zod\u0101, kakl\u0101);<\/li>\n<li>var izmantot k\u0101 \u0101trdarb\u012bgu masku;<\/li>\n<li>piem\u0113roti visiem \u0101das tipiem, ieskaitot jut\u012bgu \u0101du.<\/li>\n<\/ul>\n<p><strong>Lieto\u0161ana:<\/strong> P\u0113c att\u012br\u012b\u0161anas uzlieciet p\u0101rs\u0113\u017eus uz vajadz\u012bgaj\u0101m zon\u0101m uz 5\u201310 min\u016bt\u0113m vai noslaukiet ar tiem \u0101du k\u0101 toniku. Atliku\u0161o esenci viegli iemas\u0113jiet ar pirkstu galiem.<\/p>\n<p><strong>Sast\u0101vs:<\/strong> Water, Butylene Glycol, Dipropylene Glycol, Niacinamide, Propanediol, Glycerin, Collagen Extract, Anastatica Hierochuntica Extract, 1,2-Hexanediol, Erythritol, Polyglyceryl-10 Laurate, Hydroxyacetophenone, Adenosine, Acrylates\/C10-30 Alkyl Acrylate Crosspolymer, Dipotassium Glycyrrhizate, Xanthan Gum, Ethylhexylglycerin, Allantoin, Butyrospermum Parkii (Shea) Butter, Caprylic\/Capric Triglyceride, Disodium EDTA, Olea Europaea (Olive) Fruit Oil, Hydrogenated Lecithin, Squalane, Arginine, Panthenol, Trehalose, Bifida Ferment Lysate, Glyceryl Acrylate\/Acrylic Acid Copolymer, Cichorium Intybus (Chicory) Root Extract, Taraxacum Officinale (Dandelion) Rhizome\/Root Extract, Ceramide NP, Cholesterol, Sodium Hyaluronate, Phytosphingosine, Hydroxypropyltrimonium Hyaluronate, Acetyl Hexapeptide-8, Hydrolyzed Hyaluronic Acid, Hexapeptide-9, Nonapeptide-1, Palmitoyl Pentapeptide-4, Palmitoyl Tripeptide-1, Palmitoyl Tetrapeptide-7, Sodium Acetylated Hyaluronate, Hyaluronic Acid, Hydrolyzed Sodium Hyaluronate, Sodium Hyaluronate Crosspolymer, Potassium Hyaluronate<\/p>\n","protected":false},"excerpt":{"rendered":"<p>Abib Jericho Rose Collagen Pad Firming Touch \u2013 nostiprino\u0161i kolag\u0113na pads \u0101das elast\u012bbai un gludumam.<\/p>\n","protected":false},"featured_media":26202,"comment_status":"open","ping_status":"closed","template":"","meta":{"site-sidebar-layout":"default","site-content-layout":"","ast-site-content-layout":"default","site-content-style":"default","site-sidebar-style":"default","ast-global-header-display":"","ast-banner-title-visibility":"","ast-main-header-display":"","ast-hfb-above-header-display":"","ast-hfb-below-header-display":"","ast-hfb-mobile-header-display":"","site-post-title":"","ast-breadcrumbs-content":"","ast-featured-img":"","footer-sml-layout":"","theme-transparent-header-meta":"default","adv-header-id-meta":"","stick-header-meta":"","header-above-stick-meta":"","header-main-stick-meta":"","header-below-stick-meta":"","astra-migrate-meta-layouts":"set","ast-page-background-enabled":"default","ast-page-background-meta":{"desktop":{"background-color":"var(--ast-global-color-4)","background-image":"","background-repeat":"repeat","background-position":"center center","background-size":"auto","background-attachment":"scroll","background-type":"","background-media":"","overlay-type":"","overlay-color":"","overlay-opacity":"","overlay-gradient":""},"tablet":{"background-color":"","background-image":"","background-repeat":"repeat","background-position":"center center","background-size":"auto","background-attachment":"scroll","background-type":"","background-media":"","overlay-type":"","overlay-color":"","overlay-opacity":"","overlay-gradient":""},"mobile":{"background-color":"","background-image":"","background-repeat":"repeat","background-position":"center center","background-size":"auto","background-attachment":"scroll","background-type":"","background-media":"","overlay-type":"","overlay-color":"","overlay-opacity":"","overlay-gradient":""}},"ast-content-background-meta":{"desktop":{"background-color":"var(--ast-global-color-5)","background-image":"","background-repeat":"repeat","background-position":"center center","background-size":"auto","background-attachment":"scroll","background-type":"","background-media":"","overlay-type":"","overlay-color":"","overlay-opacity":"","overlay-gradient":""},"tablet":{"background-color":"var(--ast-global-color-5)","background-image":"","background-repeat":"repeat","background-position":"center center","background-size":"auto","background-attachment":"scroll","background-type":"","background-media":"","overlay-type":"","overlay-color":"","overlay-opacity":"","overlay-gradient":""},"mobile":{"background-color":"var(--ast-global-color-5)","background-image":"","background-repeat":"repeat","background-position":"center center","background-size":"auto","background-attachment":"scroll","background-type":"","background-media":"","overlay-type":"","overlay-color":"","overlay-opacity":"","overlay-gradient":""}}},"product_brand":[],"product_cat":[375,670,377,378,364,376],"product_tag":[],"berocket_brand":[627],"class_list":{"0":"post-26201","1":"product","2":"type-product","3":"status-publish","4":"has-post-thumbnail","6":"product_cat-jutigai-adai-toneri","7":"product_cat-pilinga-diski","8":"product_cat-problematiskai-adai-toneri","9":"product_cat-sausai-adai-toneri","10":"product_cat-toneri","11":"product_cat-kombinetai-adai-toneri","12":"berocket_brand-abib","13":"desktop-align-left","14":"tablet-align-left","15":"mobile-align-left","17":"first","18":"instock","19":"taxable","20":"shipping-taxable","21":"purchasable","22":"product-type-simple","23":"add-to-wishlist-before_image"},"yoast_head":"<!-- This site is optimized with the Yoast SEO plugin v27.3 - https:\/\/yoast.com\/product\/yoast-seo-wordpress\/ -->\n<title>Abib Jericho Rose Collagen Pad Firming Touch nostiprino\u0161i kolag\u0113na pads \u0101das elast\u012bbai un gludumam 60 pads - FACECORNER<\/title>\n<meta name=\"description\" content=\"Abib Jericho Rose Collagen Pad Firming Touch \u2013 nostiprino\u0161i kolag\u0113na pads \u0101das elast\u012bbai un gludumam.\" \/>\n<meta name=\"robots\" content=\"index, follow, max-snippet:-1, max-image-preview:large, max-video-preview:-1\" \/>\n<link rel=\"canonical\" href=\"https:\/\/www.facecorner.lv\/lv\/shop\/abib-jericho-rose-collagen-pad-firming-touch-nostiprinosi-kolagena-pads-adas-elastibai-un-gludumam-60-pads\/\" \/>\n<meta property=\"og:locale\" content=\"lv_LV\" \/>\n<meta property=\"og:type\" content=\"article\" \/>\n<meta property=\"og:title\" content=\"Abib Jericho Rose Collagen Pad Firming Touch nostiprino\u0161i kolag\u0113na pads \u0101das elast\u012bbai un gludumam 60 pads - FACECORNER\" \/>\n<meta property=\"og:description\" content=\"Abib Jericho Rose Collagen Pad Firming Touch \u2013 nostiprino\u0161i kolag\u0113na pads \u0101das elast\u012bbai un gludumam.\" \/>\n<meta property=\"og:url\" content=\"https:\/\/www.facecorner.lv\/lv\/shop\/abib-jericho-rose-collagen-pad-firming-touch-nostiprinosi-kolagena-pads-adas-elastibai-un-gludumam-60-pads\/\" \/>\n<meta property=\"og:site_name\" content=\"FACECORNER\" \/>\n<meta property=\"article:publisher\" content=\"https:\/\/www.facebook.com\/profile.php?id=100063824551839\" \/>\n<meta property=\"article:modified_time\" content=\"2026-03-31T04:31:05+00:00\" \/>\n<meta property=\"og:image\" content=\"https:\/\/www.facecorner.lv\/wp-content\/uploads\/2025\/11\/61XjnOfLGL.jpg\" \/>\n\t<meta property=\"og:image:width\" content=\"1500\" \/>\n\t<meta property=\"og:image:height\" content=\"1500\" \/>\n\t<meta property=\"og:image:type\" content=\"image\/jpeg\" \/>\n<meta name=\"twitter:card\" content=\"summary_large_image\" \/>\n<meta name=\"twitter:label1\" content=\"Price\" \/>\n\t<meta name=\"twitter:data1\" content=\"&euro;18.60\" \/>\n\t<meta name=\"twitter:label2\" content=\"Availability\" \/>\n\t<meta name=\"twitter:data2\" content=\"In stock\" \/>\n<script type=\"application\/ld+json\" class=\"yoast-schema-graph\">{\"@context\":\"https:\\\/\\\/schema.org\",\"@graph\":[{\"@type\":\"WebPage\",\"@id\":\"https:\\\/\\\/www.facecorner.lv\\\/shop\\\/abib-jericho-rose-collagen-pad-firming-touch-nostiprinosi-kolagena-pads-adas-elastibai-un-gludumam-60-pads\\\/\",\"url\":\"https:\\\/\\\/www.facecorner.lv\\\/shop\\\/abib-jericho-rose-collagen-pad-firming-touch-nostiprinosi-kolagena-pads-adas-elastibai-un-gludumam-60-pads\\\/\",\"name\":\"Abib Jericho Rose Collagen Pad Firming Touch nostiprino\u0161i kolag\u0113na pads \u0101das elast\u012bbai un gludumam 60 pads - FACECORNER\",\"isPartOf\":{\"@id\":\"https:\\\/\\\/www.facecorner.lv\\\/#website\"},\"primaryImageOfPage\":{\"@id\":\"https:\\\/\\\/www.facecorner.lv\\\/shop\\\/abib-jericho-rose-collagen-pad-firming-touch-nostiprinosi-kolagena-pads-adas-elastibai-un-gludumam-60-pads\\\/#primaryimage\"},\"image\":{\"@id\":\"https:\\\/\\\/www.facecorner.lv\\\/shop\\\/abib-jericho-rose-collagen-pad-firming-touch-nostiprinosi-kolagena-pads-adas-elastibai-un-gludumam-60-pads\\\/#primaryimage\"},\"thumbnailUrl\":\"https:\\\/\\\/www.facecorner.lv\\\/wp-content\\\/uploads\\\/2025\\\/11\\\/61XjnOfLGL.jpg\",\"datePublished\":\"2025-11-28T10:25:02+00:00\",\"dateModified\":\"2026-03-31T04:31:05+00:00\",\"description\":\"Abib Jericho Rose Collagen Pad Firming Touch \u2013 nostiprino\u0161i kolag\u0113na pads \u0101das elast\u012bbai un gludumam.\",\"breadcrumb\":{\"@id\":\"https:\\\/\\\/www.facecorner.lv\\\/shop\\\/abib-jericho-rose-collagen-pad-firming-touch-nostiprinosi-kolagena-pads-adas-elastibai-un-gludumam-60-pads\\\/#breadcrumb\"},\"inLanguage\":\"lv-LV\",\"potentialAction\":[{\"@type\":\"ReadAction\",\"target\":[\"https:\\\/\\\/www.facecorner.lv\\\/shop\\\/abib-jericho-rose-collagen-pad-firming-touch-nostiprinosi-kolagena-pads-adas-elastibai-un-gludumam-60-pads\\\/\"]}]},{\"@type\":\"ImageObject\",\"inLanguage\":\"lv-LV\",\"@id\":\"https:\\\/\\\/www.facecorner.lv\\\/shop\\\/abib-jericho-rose-collagen-pad-firming-touch-nostiprinosi-kolagena-pads-adas-elastibai-un-gludumam-60-pads\\\/#primaryimage\",\"url\":\"https:\\\/\\\/www.facecorner.lv\\\/wp-content\\\/uploads\\\/2025\\\/11\\\/61XjnOfLGL.jpg\",\"contentUrl\":\"https:\\\/\\\/www.facecorner.lv\\\/wp-content\\\/uploads\\\/2025\\\/11\\\/61XjnOfLGL.jpg\",\"width\":1500,\"height\":1500,\"caption\":\"Abib Jericho Rose Collagen Pad Firming Touch\"},{\"@type\":\"BreadcrumbList\",\"@id\":\"https:\\\/\\\/www.facecorner.lv\\\/shop\\\/abib-jericho-rose-collagen-pad-firming-touch-nostiprinosi-kolagena-pads-adas-elastibai-un-gludumam-60-pads\\\/#breadcrumb\",\"itemListElement\":[{\"@type\":\"ListItem\",\"position\":1,\"name\":\"Home\",\"item\":\"https:\\\/\\\/www.facecorner.lv\\\/\"},{\"@type\":\"ListItem\",\"position\":2,\"name\":\"Veikals\",\"item\":\"https:\\\/\\\/www.facecorner.lv\\\/shop\\\/\"},{\"@type\":\"ListItem\",\"position\":3,\"name\":\"Abib Jericho Rose Collagen Pad Firming Touch nostiprino\u0161i kolag\u0113na pads \u0101das elast\u012bbai un gludumam 60 pads\"}]},{\"@type\":\"WebSite\",\"@id\":\"https:\\\/\\\/www.facecorner.lv\\\/#website\",\"url\":\"https:\\\/\\\/www.facecorner.lv\\\/\",\"name\":\"Facecorner\",\"description\":\"\",\"publisher\":{\"@id\":\"https:\\\/\\\/www.facecorner.lv\\\/#organization\"},\"potentialAction\":[{\"@type\":\"SearchAction\",\"target\":{\"@type\":\"EntryPoint\",\"urlTemplate\":\"https:\\\/\\\/www.facecorner.lv\\\/?s={search_term_string}\"},\"query-input\":{\"@type\":\"PropertyValueSpecification\",\"valueRequired\":true,\"valueName\":\"search_term_string\"}}],\"inLanguage\":\"lv-LV\"},{\"@type\":\"Organization\",\"@id\":\"https:\\\/\\\/www.facecorner.lv\\\/#organization\",\"name\":\"Facecorner\",\"url\":\"https:\\\/\\\/www.facecorner.lv\\\/\",\"logo\":{\"@type\":\"ImageObject\",\"inLanguage\":\"lv-LV\",\"@id\":\"https:\\\/\\\/www.facecorner.lv\\\/#\\\/schema\\\/logo\\\/image\\\/\",\"url\":\"https:\\\/\\\/www.facecorner.lv\\\/wp-content\\\/uploads\\\/2024\\\/04\\\/fc-logo.jpg\",\"contentUrl\":\"https:\\\/\\\/www.facecorner.lv\\\/wp-content\\\/uploads\\\/2024\\\/04\\\/fc-logo.jpg\",\"width\":174,\"height\":28,\"caption\":\"Facecorner\"},\"image\":{\"@id\":\"https:\\\/\\\/www.facecorner.lv\\\/#\\\/schema\\\/logo\\\/image\\\/\"},\"sameAs\":[\"https:\\\/\\\/www.facebook.com\\\/profile.php?id=100063824551839\",\"https:\\\/\\\/www.instagram.com\\\/facecorner_shop\\\/\"]}]}<\/script>\n<meta property=\"product:price:amount\" content=\"18.60\" \/>\n<meta property=\"product:price:currency\" content=\"EUR\" \/>\n<meta property=\"og:availability\" content=\"instock\" \/>\n<meta property=\"product:availability\" content=\"instock\" \/>\n<meta property=\"product:condition\" content=\"new\" \/>\n<!-- \/ Yoast SEO plugin. -->","yoast_head_json":{"title":"Abib Jericho Rose Collagen Pad Firming Touch nostiprino\u0161i kolag\u0113na pads \u0101das elast\u012bbai un gludumam 60 pads - FACECORNER","description":"Abib Jericho Rose Collagen Pad Firming Touch \u2013 nostiprino\u0161i kolag\u0113na pads \u0101das elast\u012bbai un gludumam.","robots":{"index":"index","follow":"follow","max-snippet":"max-snippet:-1","max-image-preview":"max-image-preview:large","max-video-preview":"max-video-preview:-1"},"canonical":"https:\/\/www.facecorner.lv\/lv\/shop\/abib-jericho-rose-collagen-pad-firming-touch-nostiprinosi-kolagena-pads-adas-elastibai-un-gludumam-60-pads\/","og_locale":"lv_LV","og_type":"article","og_title":"Abib Jericho Rose Collagen Pad Firming Touch nostiprino\u0161i kolag\u0113na pads \u0101das elast\u012bbai un gludumam 60 pads - FACECORNER","og_description":"Abib Jericho Rose Collagen Pad Firming Touch \u2013 nostiprino\u0161i kolag\u0113na pads \u0101das elast\u012bbai un gludumam.","og_url":"https:\/\/www.facecorner.lv\/lv\/shop\/abib-jericho-rose-collagen-pad-firming-touch-nostiprinosi-kolagena-pads-adas-elastibai-un-gludumam-60-pads\/","og_site_name":"FACECORNER","article_publisher":"https:\/\/www.facebook.com\/profile.php?id=100063824551839","article_modified_time":"2026-03-31T04:31:05+00:00","og_image":[{"width":1500,"height":1500,"url":"https:\/\/www.facecorner.lv\/wp-content\/uploads\/2025\/11\/61XjnOfLGL.jpg","type":"image\/jpeg"}],"twitter_card":"summary_large_image","twitter_misc":{"Price":"&euro;18.60","Availability":"In stock"},"schema":{"@context":"https:\/\/schema.org","@graph":[{"@type":"WebPage","@id":"https:\/\/www.facecorner.lv\/shop\/abib-jericho-rose-collagen-pad-firming-touch-nostiprinosi-kolagena-pads-adas-elastibai-un-gludumam-60-pads\/","url":"https:\/\/www.facecorner.lv\/shop\/abib-jericho-rose-collagen-pad-firming-touch-nostiprinosi-kolagena-pads-adas-elastibai-un-gludumam-60-pads\/","name":"Abib Jericho Rose Collagen Pad Firming Touch nostiprino\u0161i kolag\u0113na pads \u0101das elast\u012bbai un gludumam 60 pads - FACECORNER","isPartOf":{"@id":"https:\/\/www.facecorner.lv\/#website"},"primaryImageOfPage":{"@id":"https:\/\/www.facecorner.lv\/shop\/abib-jericho-rose-collagen-pad-firming-touch-nostiprinosi-kolagena-pads-adas-elastibai-un-gludumam-60-pads\/#primaryimage"},"image":{"@id":"https:\/\/www.facecorner.lv\/shop\/abib-jericho-rose-collagen-pad-firming-touch-nostiprinosi-kolagena-pads-adas-elastibai-un-gludumam-60-pads\/#primaryimage"},"thumbnailUrl":"https:\/\/www.facecorner.lv\/wp-content\/uploads\/2025\/11\/61XjnOfLGL.jpg","datePublished":"2025-11-28T10:25:02+00:00","dateModified":"2026-03-31T04:31:05+00:00","description":"Abib Jericho Rose Collagen Pad Firming Touch \u2013 nostiprino\u0161i kolag\u0113na pads \u0101das elast\u012bbai un gludumam.","breadcrumb":{"@id":"https:\/\/www.facecorner.lv\/shop\/abib-jericho-rose-collagen-pad-firming-touch-nostiprinosi-kolagena-pads-adas-elastibai-un-gludumam-60-pads\/#breadcrumb"},"inLanguage":"lv-LV","potentialAction":[{"@type":"ReadAction","target":["https:\/\/www.facecorner.lv\/shop\/abib-jericho-rose-collagen-pad-firming-touch-nostiprinosi-kolagena-pads-adas-elastibai-un-gludumam-60-pads\/"]}]},{"@type":"ImageObject","inLanguage":"lv-LV","@id":"https:\/\/www.facecorner.lv\/shop\/abib-jericho-rose-collagen-pad-firming-touch-nostiprinosi-kolagena-pads-adas-elastibai-un-gludumam-60-pads\/#primaryimage","url":"https:\/\/www.facecorner.lv\/wp-content\/uploads\/2025\/11\/61XjnOfLGL.jpg","contentUrl":"https:\/\/www.facecorner.lv\/wp-content\/uploads\/2025\/11\/61XjnOfLGL.jpg","width":1500,"height":1500,"caption":"Abib Jericho Rose Collagen Pad Firming Touch"},{"@type":"BreadcrumbList","@id":"https:\/\/www.facecorner.lv\/shop\/abib-jericho-rose-collagen-pad-firming-touch-nostiprinosi-kolagena-pads-adas-elastibai-un-gludumam-60-pads\/#breadcrumb","itemListElement":[{"@type":"ListItem","position":1,"name":"Home","item":"https:\/\/www.facecorner.lv\/"},{"@type":"ListItem","position":2,"name":"Veikals","item":"https:\/\/www.facecorner.lv\/shop\/"},{"@type":"ListItem","position":3,"name":"Abib Jericho Rose Collagen Pad Firming Touch nostiprino\u0161i kolag\u0113na pads \u0101das elast\u012bbai un gludumam 60 pads"}]},{"@type":"WebSite","@id":"https:\/\/www.facecorner.lv\/#website","url":"https:\/\/www.facecorner.lv\/","name":"Facecorner","description":"","publisher":{"@id":"https:\/\/www.facecorner.lv\/#organization"},"potentialAction":[{"@type":"SearchAction","target":{"@type":"EntryPoint","urlTemplate":"https:\/\/www.facecorner.lv\/?s={search_term_string}"},"query-input":{"@type":"PropertyValueSpecification","valueRequired":true,"valueName":"search_term_string"}}],"inLanguage":"lv-LV"},{"@type":"Organization","@id":"https:\/\/www.facecorner.lv\/#organization","name":"Facecorner","url":"https:\/\/www.facecorner.lv\/","logo":{"@type":"ImageObject","inLanguage":"lv-LV","@id":"https:\/\/www.facecorner.lv\/#\/schema\/logo\/image\/","url":"https:\/\/www.facecorner.lv\/wp-content\/uploads\/2024\/04\/fc-logo.jpg","contentUrl":"https:\/\/www.facecorner.lv\/wp-content\/uploads\/2024\/04\/fc-logo.jpg","width":174,"height":28,"caption":"Facecorner"},"image":{"@id":"https:\/\/www.facecorner.lv\/#\/schema\/logo\/image\/"},"sameAs":["https:\/\/www.facebook.com\/profile.php?id=100063824551839","https:\/\/www.instagram.com\/facecorner_shop\/"]}]},"product_price_amount":"18.60","product_price_currency":"EUR","og_availability":"instock","product_availability":"instock","product_condition":"new"},"_links":{"self":[{"href":"https:\/\/www.facecorner.lv\/lv\/wp-json\/wp\/v2\/product\/26201","targetHints":{"allow":["GET"]}}],"collection":[{"href":"https:\/\/www.facecorner.lv\/lv\/wp-json\/wp\/v2\/product"}],"about":[{"href":"https:\/\/www.facecorner.lv\/lv\/wp-json\/wp\/v2\/types\/product"}],"replies":[{"embeddable":true,"href":"https:\/\/www.facecorner.lv\/lv\/wp-json\/wp\/v2\/comments?post=26201"}],"wp:featuredmedia":[{"embeddable":true,"href":"https:\/\/www.facecorner.lv\/lv\/wp-json\/wp\/v2\/media\/26202"}],"wp:attachment":[{"href":"https:\/\/www.facecorner.lv\/lv\/wp-json\/wp\/v2\/media?parent=26201"}],"wp:term":[{"taxonomy":"product_brand","embeddable":true,"href":"https:\/\/www.facecorner.lv\/lv\/wp-json\/wp\/v2\/product_brand?post=26201"},{"taxonomy":"product_cat","embeddable":true,"href":"https:\/\/www.facecorner.lv\/lv\/wp-json\/wp\/v2\/product_cat?post=26201"},{"taxonomy":"product_tag","embeddable":true,"href":"https:\/\/www.facecorner.lv\/lv\/wp-json\/wp\/v2\/product_tag?post=26201"},{"taxonomy":"berocket_brand","embeddable":true,"href":"https:\/\/www.facecorner.lv\/lv\/wp-json\/wp\/v2\/berocket_brand?post=26201"}],"curies":[{"name":"wp","href":"https:\/\/api.w.org\/{rel}","templated":true}]}}