{"id":26176,"date":"2025-11-25T16:52:06","date_gmt":"2025-11-25T13:52:06","guid":{"rendered":"https:\/\/www.facecorner.lv\/?post_type=product&#038;p=26176"},"modified":"2026-02-13T14:27:31","modified_gmt":"2026-02-13T11:27:31","slug":"sungboon-editor-enzyme-powder-wash-maigs-pulverveida-tirisanas-lidzeklis-ar-fermentiem-50g","status":"publish","type":"product","link":"https:\/\/www.facecorner.lv\/lv\/shop\/sungboon-editor-enzyme-powder-wash-maigs-pulverveida-tirisanas-lidzeklis-ar-fermentiem-50g\/","title":{"rendered":"SUNGBOON EDITOR Enzyme Powder Wash maigs pulverveida t\u012br\u012b\u0161anas l\u012bdzeklis ar fermentiem 50g"},"content":{"rendered":"<p>SUNGBOON EDITOR Enzyme Powder Wash ir maiga att\u012bro\u0161a p\u016bdera ar papa\u012bna un bromel\u012bna fermentiem un za\u013co tom\u0101tu ekstraktu, kas efekt\u012bvi iz\u0161\u0137\u012bdina net\u012brumus, sebumu un kosm\u0113tikas paliekas, atbr\u012bvo no atmiru\u0161aj\u0101m \u0101das \u0161\u016bn\u0101m un sa\u0161aurina poras.<\/p>\n<p>Ide\u0101li piem\u0113rots ikdienas kop\u0161anai visiem \u0101das tipiem, ieskaitot jut\u012bgu \u0101du.<\/p>\n<h6>Priek\u0161roc\u012bbas:<\/h6>\n<ul>\n<li>Dzi\u013ci att\u012bra poras \u2014 fermenti iz\u0161\u0137\u012bdina net\u012brumus un lieko sebumu.<\/li>\n<li>Maigi eksfoli\u0113 \u2014 papaina un bromelaina maigi no\u0146em atmiru\u0161\u0101s \u0101das \u0161\u016bnas.<\/li>\n<li>Sa\u0161aurina poras un kontrol\u0113 taukain\u012bbu \u2014 za\u013co tom\u0101tu ekstrakts izl\u012bdzina \u0101das tekst\u016bru.<\/li>\n<li>Mitrin\u0101\u0161ana un barjeras atjauno\u0161ana \u2014 5 veidu hialuronsk\u0101be, ceram\u012bds NP un pantenoils stiprina \u0101das aizsargsl\u0101ni.<\/li>\n<li>Antioksidantu aizsardz\u012bba un nomierino\u0161s efekts \u2014 za\u013c\u0101s t\u0113jas ekstrakts un alanto\u012bns samazina iekaisumu un aps\u0101rtumu.<\/li>\n<li>Dro\u0161a formula \u2014 EWG \u00abza\u013c\u0101\u00bb dro\u0161\u012bbas pak\u0101pe, minim\u0101ls kairin\u0101juma risks.<\/li>\n<li>\u0112rts form\u0101ts \u2014 pulveris nesatur \u016bdeni, ir kompakts un ide\u0101li piem\u0113rots ce\u013cojumiem.<\/li>\n<\/ul>\n<p><strong>Lieto\u0161an<\/strong>a: Ielieciet nelielu daudzumu p\u016bdera plaukst\u0101.Pievienojiet nedaudz \u016bdens un uzputiniet l\u012bdz kr\u0113mveida konsistencei.Mas\u0113jiet seju ar maig\u0101m ap\u013cveida kust\u012bb\u0101m, \u012bpa\u0161i T-zon\u0101.Noskalojiet ar siltu \u016bdeni.Lietojiet katru dienu vai 2\u20133 reizes ned\u0113\u013c\u0101 atkar\u012bb\u0101 no \u0101das tipa.<\/p>\n<p><strong>Sast\u0101vs:<\/strong> Water, Glycerin, Stearic Acid, Myristic Acid, Potassium Hydroxide, Lauric Acid, Papain, Bromelain, Camellia Sinensis Leaf Extract, Solanum Lycopersicum (Green Tomato) Fruit Extract, Sodium Cocoyl Glutamate, Sodium Lauroyl Glutamate, Gluconolactone, Hydrolyzed Hyaluronic Acid, Sodium Hyaluronate, Panthenol, Ceramide NP, Allantoin, Sodium Chloride, Disodium EDTA, Phenoxyethanol, Ethylhexylglycerin, Fragrance.<\/p>\n<p data-start=\"499\" data-end=\"681\" data-is-last-node=\"\" data-is-only-node=\"\">\n","protected":false},"excerpt":{"rendered":"<p>SUNGBOON EDITOR Enzyme Powder Wash ir maiga att\u012bro\u0161a p\u016bdera ar papa\u012bna un bromel\u012bna fermentiem un za\u013co tom\u0101tu ekstraktu, kas efekt\u012bvi iz\u0161\u0137\u012bdina net\u012brumus, sebumu un kosm\u0113tikas paliekas, atbr\u012bvo no atmiru\u0161aj\u0101m \u0101das \u0161\u016bn\u0101m un sa\u0161aurina poras.<\/p>\n","protected":false},"featured_media":26177,"comment_status":"open","ping_status":"closed","template":"","meta":{"site-sidebar-layout":"default","site-content-layout":"","ast-site-content-layout":"default","site-content-style":"default","site-sidebar-style":"default","ast-global-header-display":"","ast-banner-title-visibility":"","ast-main-header-display":"","ast-hfb-above-header-display":"","ast-hfb-below-header-display":"","ast-hfb-mobile-header-display":"","site-post-title":"","ast-breadcrumbs-content":"","ast-featured-img":"","footer-sml-layout":"","theme-transparent-header-meta":"default","adv-header-id-meta":"","stick-header-meta":"","header-above-stick-meta":"","header-main-stick-meta":"","header-below-stick-meta":"","astra-migrate-meta-layouts":"set","ast-page-background-enabled":"default","ast-page-background-meta":{"desktop":{"background-color":"var(--ast-global-color-4)","background-image":"","background-repeat":"repeat","background-position":"center center","background-size":"auto","background-attachment":"scroll","background-type":"","background-media":"","overlay-type":"","overlay-color":"","overlay-opacity":"","overlay-gradient":""},"tablet":{"background-color":"","background-image":"","background-repeat":"repeat","background-position":"center center","background-size":"auto","background-attachment":"scroll","background-type":"","background-media":"","overlay-type":"","overlay-color":"","overlay-opacity":"","overlay-gradient":""},"mobile":{"background-color":"","background-image":"","background-repeat":"repeat","background-position":"center center","background-size":"auto","background-attachment":"scroll","background-type":"","background-media":"","overlay-type":"","overlay-color":"","overlay-opacity":"","overlay-gradient":""}},"ast-content-background-meta":{"desktop":{"background-color":"var(--ast-global-color-5)","background-image":"","background-repeat":"repeat","background-position":"center center","background-size":"auto","background-attachment":"scroll","background-type":"","background-media":"","overlay-type":"","overlay-color":"","overlay-opacity":"","overlay-gradient":""},"tablet":{"background-color":"var(--ast-global-color-5)","background-image":"","background-repeat":"repeat","background-position":"center center","background-size":"auto","background-attachment":"scroll","background-type":"","background-media":"","overlay-type":"","overlay-color":"","overlay-opacity":"","overlay-gradient":""},"mobile":{"background-color":"var(--ast-global-color-5)","background-image":"","background-repeat":"repeat","background-position":"center center","background-size":"auto","background-attachment":"scroll","background-type":"","background-media":"","overlay-type":"","overlay-color":"","overlay-opacity":"","overlay-gradient":""}}},"product_brand":[],"product_cat":[640],"product_tag":[],"berocket_brand":[651],"class_list":{"0":"post-26176","1":"product","2":"type-product","3":"status-publish","4":"has-post-thumbnail","6":"product_cat-enzima-puderis","7":"berocket_brand-sungboon-editor","8":"desktop-align-left","9":"tablet-align-left","10":"mobile-align-left","12":"first","13":"outofstock","14":"taxable","15":"shipping-taxable","16":"purchasable","17":"product-type-simple","18":"add-to-wishlist-before_image"},"yoast_head":"<!-- This site is optimized with the Yoast SEO plugin v27.4 - https:\/\/yoast.com\/product\/yoast-seo-wordpress\/ -->\n<title>SUNGBOON EDITOR Enzyme Powder Wash maigs pulverveida t\u012br\u012b\u0161anas l\u012bdzeklis ar fermentiem 50g - FACECORNER<\/title>\n<meta name=\"description\" content=\"SUNGBOON EDITOR Enzyme Powder Wash ir maiga att\u012bro\u0161a p\u016bdera ar papa\u012bna un bromel\u012bna fermentiem un za\u013co tom\u0101tu ekstraktu, kas efekt\u012bvi iz\u0161\u0137\u012bdina net\u012brumus, sebumu un kosm\u0113tikas paliekas, atbr\u012bvo no atmiru\u0161aj\u0101m \u0101das \u0161\u016bn\u0101m un sa\u0161aurina poras.\" \/>\n<meta name=\"robots\" content=\"index, follow, max-snippet:-1, max-image-preview:large, max-video-preview:-1\" \/>\n<link rel=\"canonical\" href=\"https:\/\/www.facecorner.lv\/lv\/shop\/sungboon-editor-enzyme-powder-wash-maigs-pulverveida-tirisanas-lidzeklis-ar-fermentiem-50g\/\" \/>\n<meta property=\"og:locale\" content=\"lv_LV\" \/>\n<meta property=\"og:type\" content=\"article\" \/>\n<meta property=\"og:title\" content=\"SUNGBOON EDITOR Enzyme Powder Wash maigs pulverveida t\u012br\u012b\u0161anas l\u012bdzeklis ar fermentiem 50g - FACECORNER\" \/>\n<meta property=\"og:description\" content=\"SUNGBOON EDITOR Enzyme Powder Wash ir maiga att\u012bro\u0161a p\u016bdera ar papa\u012bna un bromel\u012bna fermentiem un za\u013co tom\u0101tu ekstraktu, kas efekt\u012bvi iz\u0161\u0137\u012bdina net\u012brumus, sebumu un kosm\u0113tikas paliekas, atbr\u012bvo no atmiru\u0161aj\u0101m \u0101das \u0161\u016bn\u0101m un sa\u0161aurina poras.\" \/>\n<meta property=\"og:url\" content=\"https:\/\/www.facecorner.lv\/lv\/shop\/sungboon-editor-enzyme-powder-wash-maigs-pulverveida-tirisanas-lidzeklis-ar-fermentiem-50g\/\" \/>\n<meta property=\"og:site_name\" content=\"FACECORNER\" \/>\n<meta property=\"article:publisher\" content=\"https:\/\/www.facebook.com\/profile.php?id=100063824551839\" \/>\n<meta property=\"article:modified_time\" content=\"2026-02-13T11:27:31+00:00\" \/>\n<meta property=\"og:image\" content=\"https:\/\/www.facecorner.lv\/wp-content\/uploads\/2025\/11\/59b8euyd4ou4cwc689wooq6t7mkvc9f4.png\" \/>\n\t<meta property=\"og:image:width\" content=\"1170\" \/>\n\t<meta property=\"og:image:height\" content=\"1200\" \/>\n\t<meta property=\"og:image:type\" content=\"image\/png\" \/>\n<meta name=\"twitter:card\" content=\"summary_large_image\" \/>\n<meta name=\"twitter:label1\" content=\"Price\" \/>\n\t<meta name=\"twitter:data1\" content=\"&euro;22.00\" \/>\n\t<meta name=\"twitter:label2\" content=\"Availability\" \/>\n\t<meta name=\"twitter:data2\" content=\"Out of stock\" \/>\n<script type=\"application\/ld+json\" class=\"yoast-schema-graph\">{\"@context\":\"https:\\\/\\\/schema.org\",\"@graph\":[{\"@type\":\"WebPage\",\"@id\":\"https:\\\/\\\/www.facecorner.lv\\\/shop\\\/sungboon-editor-enzyme-powder-wash-maigs-pulverveida-tirisanas-lidzeklis-ar-fermentiem-50g\\\/\",\"url\":\"https:\\\/\\\/www.facecorner.lv\\\/shop\\\/sungboon-editor-enzyme-powder-wash-maigs-pulverveida-tirisanas-lidzeklis-ar-fermentiem-50g\\\/\",\"name\":\"SUNGBOON EDITOR Enzyme Powder Wash maigs pulverveida t\u012br\u012b\u0161anas l\u012bdzeklis ar fermentiem 50g - FACECORNER\",\"isPartOf\":{\"@id\":\"https:\\\/\\\/www.facecorner.lv\\\/#website\"},\"primaryImageOfPage\":{\"@id\":\"https:\\\/\\\/www.facecorner.lv\\\/shop\\\/sungboon-editor-enzyme-powder-wash-maigs-pulverveida-tirisanas-lidzeklis-ar-fermentiem-50g\\\/#primaryimage\"},\"image\":{\"@id\":\"https:\\\/\\\/www.facecorner.lv\\\/shop\\\/sungboon-editor-enzyme-powder-wash-maigs-pulverveida-tirisanas-lidzeklis-ar-fermentiem-50g\\\/#primaryimage\"},\"thumbnailUrl\":\"https:\\\/\\\/www.facecorner.lv\\\/wp-content\\\/uploads\\\/2025\\\/11\\\/59b8euyd4ou4cwc689wooq6t7mkvc9f4.png\",\"datePublished\":\"2025-11-25T13:52:06+00:00\",\"dateModified\":\"2026-02-13T11:27:31+00:00\",\"description\":\"SUNGBOON EDITOR Enzyme Powder Wash ir maiga att\u012bro\u0161a p\u016bdera ar papa\u012bna un bromel\u012bna fermentiem un za\u013co tom\u0101tu ekstraktu, kas efekt\u012bvi iz\u0161\u0137\u012bdina net\u012brumus, sebumu un kosm\u0113tikas paliekas, atbr\u012bvo no atmiru\u0161aj\u0101m \u0101das \u0161\u016bn\u0101m un sa\u0161aurina poras.\",\"breadcrumb\":{\"@id\":\"https:\\\/\\\/www.facecorner.lv\\\/shop\\\/sungboon-editor-enzyme-powder-wash-maigs-pulverveida-tirisanas-lidzeklis-ar-fermentiem-50g\\\/#breadcrumb\"},\"inLanguage\":\"lv-LV\",\"potentialAction\":[{\"@type\":\"ReadAction\",\"target\":[\"https:\\\/\\\/www.facecorner.lv\\\/shop\\\/sungboon-editor-enzyme-powder-wash-maigs-pulverveida-tirisanas-lidzeklis-ar-fermentiem-50g\\\/\"]}]},{\"@type\":\"ImageObject\",\"inLanguage\":\"lv-LV\",\"@id\":\"https:\\\/\\\/www.facecorner.lv\\\/shop\\\/sungboon-editor-enzyme-powder-wash-maigs-pulverveida-tirisanas-lidzeklis-ar-fermentiem-50g\\\/#primaryimage\",\"url\":\"https:\\\/\\\/www.facecorner.lv\\\/wp-content\\\/uploads\\\/2025\\\/11\\\/59b8euyd4ou4cwc689wooq6t7mkvc9f4.png\",\"contentUrl\":\"https:\\\/\\\/www.facecorner.lv\\\/wp-content\\\/uploads\\\/2025\\\/11\\\/59b8euyd4ou4cwc689wooq6t7mkvc9f4.png\",\"width\":1170,\"height\":1200,\"caption\":\"SUNGBOON EDITOR Enzyme Powder Wash\"},{\"@type\":\"BreadcrumbList\",\"@id\":\"https:\\\/\\\/www.facecorner.lv\\\/shop\\\/sungboon-editor-enzyme-powder-wash-maigs-pulverveida-tirisanas-lidzeklis-ar-fermentiem-50g\\\/#breadcrumb\",\"itemListElement\":[{\"@type\":\"ListItem\",\"position\":1,\"name\":\"Home\",\"item\":\"https:\\\/\\\/www.facecorner.lv\\\/\"},{\"@type\":\"ListItem\",\"position\":2,\"name\":\"Veikals\",\"item\":\"https:\\\/\\\/www.facecorner.lv\\\/shop\\\/\"},{\"@type\":\"ListItem\",\"position\":3,\"name\":\"SUNGBOON EDITOR Enzyme Powder Wash maigs pulverveida t\u012br\u012b\u0161anas l\u012bdzeklis ar fermentiem 50g\"}]},{\"@type\":\"WebSite\",\"@id\":\"https:\\\/\\\/www.facecorner.lv\\\/#website\",\"url\":\"https:\\\/\\\/www.facecorner.lv\\\/\",\"name\":\"Facecorner\",\"description\":\"\",\"publisher\":{\"@id\":\"https:\\\/\\\/www.facecorner.lv\\\/#organization\"},\"potentialAction\":[{\"@type\":\"SearchAction\",\"target\":{\"@type\":\"EntryPoint\",\"urlTemplate\":\"https:\\\/\\\/www.facecorner.lv\\\/?s={search_term_string}\"},\"query-input\":{\"@type\":\"PropertyValueSpecification\",\"valueRequired\":true,\"valueName\":\"search_term_string\"}}],\"inLanguage\":\"lv-LV\"},{\"@type\":\"Organization\",\"@id\":\"https:\\\/\\\/www.facecorner.lv\\\/#organization\",\"name\":\"Facecorner\",\"url\":\"https:\\\/\\\/www.facecorner.lv\\\/\",\"logo\":{\"@type\":\"ImageObject\",\"inLanguage\":\"lv-LV\",\"@id\":\"https:\\\/\\\/www.facecorner.lv\\\/#\\\/schema\\\/logo\\\/image\\\/\",\"url\":\"https:\\\/\\\/www.facecorner.lv\\\/wp-content\\\/uploads\\\/2024\\\/04\\\/fc-logo.jpg\",\"contentUrl\":\"https:\\\/\\\/www.facecorner.lv\\\/wp-content\\\/uploads\\\/2024\\\/04\\\/fc-logo.jpg\",\"width\":174,\"height\":28,\"caption\":\"Facecorner\"},\"image\":{\"@id\":\"https:\\\/\\\/www.facecorner.lv\\\/#\\\/schema\\\/logo\\\/image\\\/\"},\"sameAs\":[\"https:\\\/\\\/www.facebook.com\\\/profile.php?id=100063824551839\",\"https:\\\/\\\/www.instagram.com\\\/facecorner_shop\\\/\"]}]}<\/script>\n<meta property=\"product:price:amount\" content=\"22.00\" \/>\n<meta property=\"product:price:currency\" content=\"EUR\" \/>\n<meta property=\"og:availability\" content=\"out of stock\" \/>\n<meta property=\"product:availability\" content=\"out of stock\" \/>\n<meta property=\"product:condition\" content=\"new\" \/>\n<!-- \/ Yoast SEO plugin. -->","yoast_head_json":{"title":"SUNGBOON EDITOR Enzyme Powder Wash maigs pulverveida t\u012br\u012b\u0161anas l\u012bdzeklis ar fermentiem 50g - FACECORNER","description":"SUNGBOON EDITOR Enzyme Powder Wash ir maiga att\u012bro\u0161a p\u016bdera ar papa\u012bna un bromel\u012bna fermentiem un za\u013co tom\u0101tu ekstraktu, kas efekt\u012bvi iz\u0161\u0137\u012bdina net\u012brumus, sebumu un kosm\u0113tikas paliekas, atbr\u012bvo no atmiru\u0161aj\u0101m \u0101das \u0161\u016bn\u0101m un sa\u0161aurina poras.","robots":{"index":"index","follow":"follow","max-snippet":"max-snippet:-1","max-image-preview":"max-image-preview:large","max-video-preview":"max-video-preview:-1"},"canonical":"https:\/\/www.facecorner.lv\/lv\/shop\/sungboon-editor-enzyme-powder-wash-maigs-pulverveida-tirisanas-lidzeklis-ar-fermentiem-50g\/","og_locale":"lv_LV","og_type":"article","og_title":"SUNGBOON EDITOR Enzyme Powder Wash maigs pulverveida t\u012br\u012b\u0161anas l\u012bdzeklis ar fermentiem 50g - FACECORNER","og_description":"SUNGBOON EDITOR Enzyme Powder Wash ir maiga att\u012bro\u0161a p\u016bdera ar papa\u012bna un bromel\u012bna fermentiem un za\u013co tom\u0101tu ekstraktu, kas efekt\u012bvi iz\u0161\u0137\u012bdina net\u012brumus, sebumu un kosm\u0113tikas paliekas, atbr\u012bvo no atmiru\u0161aj\u0101m \u0101das \u0161\u016bn\u0101m un sa\u0161aurina poras.","og_url":"https:\/\/www.facecorner.lv\/lv\/shop\/sungboon-editor-enzyme-powder-wash-maigs-pulverveida-tirisanas-lidzeklis-ar-fermentiem-50g\/","og_site_name":"FACECORNER","article_publisher":"https:\/\/www.facebook.com\/profile.php?id=100063824551839","article_modified_time":"2026-02-13T11:27:31+00:00","og_image":[{"width":1170,"height":1200,"url":"https:\/\/www.facecorner.lv\/wp-content\/uploads\/2025\/11\/59b8euyd4ou4cwc689wooq6t7mkvc9f4.png","type":"image\/png"}],"twitter_card":"summary_large_image","twitter_misc":{"Price":"&euro;22.00","Availability":"Out of stock"},"schema":{"@context":"https:\/\/schema.org","@graph":[{"@type":"WebPage","@id":"https:\/\/www.facecorner.lv\/shop\/sungboon-editor-enzyme-powder-wash-maigs-pulverveida-tirisanas-lidzeklis-ar-fermentiem-50g\/","url":"https:\/\/www.facecorner.lv\/shop\/sungboon-editor-enzyme-powder-wash-maigs-pulverveida-tirisanas-lidzeklis-ar-fermentiem-50g\/","name":"SUNGBOON EDITOR Enzyme Powder Wash maigs pulverveida t\u012br\u012b\u0161anas l\u012bdzeklis ar fermentiem 50g - FACECORNER","isPartOf":{"@id":"https:\/\/www.facecorner.lv\/#website"},"primaryImageOfPage":{"@id":"https:\/\/www.facecorner.lv\/shop\/sungboon-editor-enzyme-powder-wash-maigs-pulverveida-tirisanas-lidzeklis-ar-fermentiem-50g\/#primaryimage"},"image":{"@id":"https:\/\/www.facecorner.lv\/shop\/sungboon-editor-enzyme-powder-wash-maigs-pulverveida-tirisanas-lidzeklis-ar-fermentiem-50g\/#primaryimage"},"thumbnailUrl":"https:\/\/www.facecorner.lv\/wp-content\/uploads\/2025\/11\/59b8euyd4ou4cwc689wooq6t7mkvc9f4.png","datePublished":"2025-11-25T13:52:06+00:00","dateModified":"2026-02-13T11:27:31+00:00","description":"SUNGBOON EDITOR Enzyme Powder Wash ir maiga att\u012bro\u0161a p\u016bdera ar papa\u012bna un bromel\u012bna fermentiem un za\u013co tom\u0101tu ekstraktu, kas efekt\u012bvi iz\u0161\u0137\u012bdina net\u012brumus, sebumu un kosm\u0113tikas paliekas, atbr\u012bvo no atmiru\u0161aj\u0101m \u0101das \u0161\u016bn\u0101m un sa\u0161aurina poras.","breadcrumb":{"@id":"https:\/\/www.facecorner.lv\/shop\/sungboon-editor-enzyme-powder-wash-maigs-pulverveida-tirisanas-lidzeklis-ar-fermentiem-50g\/#breadcrumb"},"inLanguage":"lv-LV","potentialAction":[{"@type":"ReadAction","target":["https:\/\/www.facecorner.lv\/shop\/sungboon-editor-enzyme-powder-wash-maigs-pulverveida-tirisanas-lidzeklis-ar-fermentiem-50g\/"]}]},{"@type":"ImageObject","inLanguage":"lv-LV","@id":"https:\/\/www.facecorner.lv\/shop\/sungboon-editor-enzyme-powder-wash-maigs-pulverveida-tirisanas-lidzeklis-ar-fermentiem-50g\/#primaryimage","url":"https:\/\/www.facecorner.lv\/wp-content\/uploads\/2025\/11\/59b8euyd4ou4cwc689wooq6t7mkvc9f4.png","contentUrl":"https:\/\/www.facecorner.lv\/wp-content\/uploads\/2025\/11\/59b8euyd4ou4cwc689wooq6t7mkvc9f4.png","width":1170,"height":1200,"caption":"SUNGBOON EDITOR Enzyme Powder Wash"},{"@type":"BreadcrumbList","@id":"https:\/\/www.facecorner.lv\/shop\/sungboon-editor-enzyme-powder-wash-maigs-pulverveida-tirisanas-lidzeklis-ar-fermentiem-50g\/#breadcrumb","itemListElement":[{"@type":"ListItem","position":1,"name":"Home","item":"https:\/\/www.facecorner.lv\/"},{"@type":"ListItem","position":2,"name":"Veikals","item":"https:\/\/www.facecorner.lv\/shop\/"},{"@type":"ListItem","position":3,"name":"SUNGBOON EDITOR Enzyme Powder Wash maigs pulverveida t\u012br\u012b\u0161anas l\u012bdzeklis ar fermentiem 50g"}]},{"@type":"WebSite","@id":"https:\/\/www.facecorner.lv\/#website","url":"https:\/\/www.facecorner.lv\/","name":"Facecorner","description":"","publisher":{"@id":"https:\/\/www.facecorner.lv\/#organization"},"potentialAction":[{"@type":"SearchAction","target":{"@type":"EntryPoint","urlTemplate":"https:\/\/www.facecorner.lv\/?s={search_term_string}"},"query-input":{"@type":"PropertyValueSpecification","valueRequired":true,"valueName":"search_term_string"}}],"inLanguage":"lv-LV"},{"@type":"Organization","@id":"https:\/\/www.facecorner.lv\/#organization","name":"Facecorner","url":"https:\/\/www.facecorner.lv\/","logo":{"@type":"ImageObject","inLanguage":"lv-LV","@id":"https:\/\/www.facecorner.lv\/#\/schema\/logo\/image\/","url":"https:\/\/www.facecorner.lv\/wp-content\/uploads\/2024\/04\/fc-logo.jpg","contentUrl":"https:\/\/www.facecorner.lv\/wp-content\/uploads\/2024\/04\/fc-logo.jpg","width":174,"height":28,"caption":"Facecorner"},"image":{"@id":"https:\/\/www.facecorner.lv\/#\/schema\/logo\/image\/"},"sameAs":["https:\/\/www.facebook.com\/profile.php?id=100063824551839","https:\/\/www.instagram.com\/facecorner_shop\/"]}]},"product_price_amount":"22.00","product_price_currency":"EUR","og_availability":"out of stock","product_availability":"out of stock","product_condition":"new"},"_links":{"self":[{"href":"https:\/\/www.facecorner.lv\/lv\/wp-json\/wp\/v2\/product\/26176","targetHints":{"allow":["GET"]}}],"collection":[{"href":"https:\/\/www.facecorner.lv\/lv\/wp-json\/wp\/v2\/product"}],"about":[{"href":"https:\/\/www.facecorner.lv\/lv\/wp-json\/wp\/v2\/types\/product"}],"replies":[{"embeddable":true,"href":"https:\/\/www.facecorner.lv\/lv\/wp-json\/wp\/v2\/comments?post=26176"}],"wp:featuredmedia":[{"embeddable":true,"href":"https:\/\/www.facecorner.lv\/lv\/wp-json\/wp\/v2\/media\/26177"}],"wp:attachment":[{"href":"https:\/\/www.facecorner.lv\/lv\/wp-json\/wp\/v2\/media?parent=26176"}],"wp:term":[{"taxonomy":"product_brand","embeddable":true,"href":"https:\/\/www.facecorner.lv\/lv\/wp-json\/wp\/v2\/product_brand?post=26176"},{"taxonomy":"product_cat","embeddable":true,"href":"https:\/\/www.facecorner.lv\/lv\/wp-json\/wp\/v2\/product_cat?post=26176"},{"taxonomy":"product_tag","embeddable":true,"href":"https:\/\/www.facecorner.lv\/lv\/wp-json\/wp\/v2\/product_tag?post=26176"},{"taxonomy":"berocket_brand","embeddable":true,"href":"https:\/\/www.facecorner.lv\/lv\/wp-json\/wp\/v2\/berocket_brand?post=26176"}],"curies":[{"name":"wp","href":"https:\/\/api.w.org\/{rel}","templated":true}]}}