{"id":26170,"date":"2025-11-25T16:29:02","date_gmt":"2025-11-25T13:29:02","guid":{"rendered":"https:\/\/www.facecorner.lv\/?post_type=product&#038;p=26170"},"modified":"2025-12-24T21:33:13","modified_gmt":"2025-12-24T18:33:13","slug":"needly-daily-toner-mask-ikdienas-sejas-maskas30gab","status":"publish","type":"product","link":"https:\/\/www.facecorner.lv\/lv\/shop\/needly-daily-toner-mask-ikdienas-sejas-maskas30gab\/","title":{"rendered":"Needly Daily Toner Mask ikdienas sejas maskas30gab"},"content":{"rendered":"<p>Needly Daily Toner Mask \u2014 ikdienas auduma maskas ar BHA un PHA, kas maigi eksfoli\u0113, mitrina un toniz\u0113 \u0101du. Nomierina, sa\u0161aurina poras un atsvaidzina \u0101du 60 sekund\u0113s.<\/p>\n<h6>Priek\u0161roc\u012bbas:<\/h6>\n<ul>\n<li>Maigs ikdienas p\u012blings \u2014 BHA un PHA atjauno \u0101du, nesaboj\u0101jot barjeru.<\/li>\n<li>Poru sa\u0161aurin\u0101\u0161ana un c\u012b\u0146a ar melnajiem punkti\u0146iem \u2014 salicilsk\u0101be att\u012bra poras un nov\u0113r\u0161 izsitumus.<\/li>\n<li>Nomierino\u0161a kop\u0161ana \u2014 Centella asiatica un t\u0113jas koka ekstrakti samazina iekaisumu un aps\u0101rtumu.<\/li>\n<li>Intens\u012bva mitrin\u0101\u0161ana \u2014 n\u0101trija hialuron\u0101ts uztur hidrobari\u0113ru un saglab\u0101 mitrumu.<\/li>\n<li>\u0100tra iedarb\u012bba \u2014 maska iedarbojas tikai 60 sekund\u0113s, pie\u0161\u0137irot \u0101dai mirdzumu un svaigumu.<\/li>\n<li>\u0112rta iepakojums \u2014 30 maskas dispenser\u0101, liocella audums ir m\u012bksts un hipoaler\u0123isks.<\/li>\n<\/ul>\n<p><strong>Lieto\u0161ana:<\/strong> Not\u012briet sejas \u0101du un iz\u0146emiet masku no iepakojuma.Iztaisnojiet masku, lai t\u0101 cie\u0161i piegul\u0113tu \u0101dai.Atst\u0101jiet uz 1\u20135 min\u016bt\u0113m.No\u0146emiet masku un ar pirkstu galiem iemas\u0113jiet atliku\u0161o esenci \u0101d\u0101.<\/p>\n<p><strong>Sast\u0101vs:<\/strong> Water, Glycerin, Dipropylene Glycol, 1,2\u2011Hexanediol, Glyceryl Glucoside, Allantoin, Butylene Glycol, Betaine, Carbomer, Artemisia Princeps Leaf Water, Centella Asiatica Extract, Melaleuca Alternifolia Leaf Extract, Ethylhexylglycerin, Caprylyl Glycol, Tromethamine, Sodium Hyaluronate, Gluconolactone (PHA), Salicylic Acid (BHA), C12\u201114 Pareth\u201112, Glucose, Pogostemon Cablin Oil.<\/p>\n","protected":false},"excerpt":{"rendered":"<p>Needly Daily Toner Mask \u2014 ikdienas auduma maskas ar BHA un PHA, kas maigi eksfoli\u0113, mitrina un toniz\u0113 \u0101du. Nomierina, sa\u0161aurina poras un atsvaidzina \u0101du 60 sekund\u0113s.<\/p>\n","protected":false},"featured_media":26171,"comment_status":"open","ping_status":"closed","template":"","meta":{"site-sidebar-layout":"default","site-content-layout":"","ast-site-content-layout":"default","site-content-style":"default","site-sidebar-style":"default","ast-global-header-display":"","ast-banner-title-visibility":"","ast-main-header-display":"","ast-hfb-above-header-display":"","ast-hfb-below-header-display":"","ast-hfb-mobile-header-display":"","site-post-title":"","ast-breadcrumbs-content":"","ast-featured-img":"","footer-sml-layout":"","theme-transparent-header-meta":"default","adv-header-id-meta":"","stick-header-meta":"","header-above-stick-meta":"","header-main-stick-meta":"","header-below-stick-meta":"","astra-migrate-meta-layouts":"set","ast-page-background-enabled":"default","ast-page-background-meta":{"desktop":{"background-color":"var(--ast-global-color-4)","background-image":"","background-repeat":"repeat","background-position":"center center","background-size":"auto","background-attachment":"scroll","background-type":"","background-media":"","overlay-type":"","overlay-color":"","overlay-opacity":"","overlay-gradient":""},"tablet":{"background-color":"","background-image":"","background-repeat":"repeat","background-position":"center center","background-size":"auto","background-attachment":"scroll","background-type":"","background-media":"","overlay-type":"","overlay-color":"","overlay-opacity":"","overlay-gradient":""},"mobile":{"background-color":"","background-image":"","background-repeat":"repeat","background-position":"center center","background-size":"auto","background-attachment":"scroll","background-type":"","background-media":"","overlay-type":"","overlay-color":"","overlay-opacity":"","overlay-gradient":""}},"ast-content-background-meta":{"desktop":{"background-color":"var(--ast-global-color-5)","background-image":"","background-repeat":"repeat","background-position":"center center","background-size":"auto","background-attachment":"scroll","background-type":"","background-media":"","overlay-type":"","overlay-color":"","overlay-opacity":"","overlay-gradient":""},"tablet":{"background-color":"var(--ast-global-color-5)","background-image":"","background-repeat":"repeat","background-position":"center center","background-size":"auto","background-attachment":"scroll","background-type":"","background-media":"","overlay-type":"","overlay-color":"","overlay-opacity":"","overlay-gradient":""},"mobile":{"background-color":"var(--ast-global-color-5)","background-image":"","background-repeat":"repeat","background-position":"center center","background-size":"auto","background-attachment":"scroll","background-type":"","background-media":"","overlay-type":"","overlay-color":"","overlay-opacity":"","overlay-gradient":""}}},"product_brand":[],"product_cat":[324,315,326],"product_tag":[],"berocket_brand":[669],"class_list":{"0":"post-26170","1":"product","2":"type-product","3":"status-publish","4":"has-post-thumbnail","6":"product_cat-auduma","7":"product_cat-maskas","8":"product_cat-mitrinosas","9":"berocket_brand-needly","10":"desktop-align-left","11":"tablet-align-left","12":"mobile-align-left","14":"first","15":"outofstock","16":"taxable","17":"shipping-taxable","18":"purchasable","19":"product-type-simple","20":"add-to-wishlist-before_image"},"yoast_head":"<!-- This site is optimized with the Yoast SEO plugin v27.3 - https:\/\/yoast.com\/product\/yoast-seo-wordpress\/ -->\n<title>Needly Daily Toner Mask ikdienas sejas maskas30gab - FACECORNER<\/title>\n<meta name=\"description\" content=\"Needly Daily Toner Mask \u2014 ikdienas auduma maskas ar BHA un PHA, kas maigi eksfoli\u0113, mitrina un toniz\u0113 \u0101du. Nomierina, sa\u0161aurina poras un atsvaidzina \u0101du 60 sekund\u0113s.\" \/>\n<meta name=\"robots\" content=\"index, follow, max-snippet:-1, max-image-preview:large, max-video-preview:-1\" \/>\n<link rel=\"canonical\" href=\"https:\/\/www.facecorner.lv\/lv\/shop\/needly-daily-toner-mask-ikdienas-sejas-maskas30gab\/\" \/>\n<meta property=\"og:locale\" content=\"lv_LV\" \/>\n<meta property=\"og:type\" content=\"article\" \/>\n<meta property=\"og:title\" content=\"Needly Daily Toner Mask ikdienas sejas maskas30gab - FACECORNER\" \/>\n<meta property=\"og:description\" content=\"Needly Daily Toner Mask \u2014 ikdienas auduma maskas ar BHA un PHA, kas maigi eksfoli\u0113, mitrina un toniz\u0113 \u0101du. Nomierina, sa\u0161aurina poras un atsvaidzina \u0101du 60 sekund\u0113s.\" \/>\n<meta property=\"og:url\" content=\"https:\/\/www.facecorner.lv\/lv\/shop\/needly-daily-toner-mask-ikdienas-sejas-maskas30gab\/\" \/>\n<meta property=\"og:site_name\" content=\"FACECORNER\" \/>\n<meta property=\"article:publisher\" content=\"https:\/\/www.facebook.com\/profile.php?id=100063824551839\" \/>\n<meta property=\"article:modified_time\" content=\"2025-12-24T18:33:13+00:00\" \/>\n<meta property=\"og:image\" content=\"https:\/\/www.facecorner.lv\/wp-content\/uploads\/2025\/11\/D_anm_i-205_77f1388c-8e16-4240-ba29-d49ede57d8f8_800x.webp\" \/>\n\t<meta property=\"og:image:width\" content=\"800\" \/>\n\t<meta property=\"og:image:height\" content=\"800\" \/>\n\t<meta property=\"og:image:type\" content=\"image\/webp\" \/>\n<meta name=\"twitter:card\" content=\"summary_large_image\" \/>\n<meta name=\"twitter:label1\" content=\"Price\" \/>\n\t<meta name=\"twitter:data1\" content=\"&euro;24.90\" \/>\n\t<meta name=\"twitter:label2\" content=\"Availability\" \/>\n\t<meta name=\"twitter:data2\" content=\"Out of stock\" \/>\n<script type=\"application\/ld+json\" class=\"yoast-schema-graph\">{\"@context\":\"https:\\\/\\\/schema.org\",\"@graph\":[{\"@type\":\"WebPage\",\"@id\":\"https:\\\/\\\/www.facecorner.lv\\\/shop\\\/needly-daily-toner-mask-ikdienas-sejas-maskas30gab\\\/\",\"url\":\"https:\\\/\\\/www.facecorner.lv\\\/shop\\\/needly-daily-toner-mask-ikdienas-sejas-maskas30gab\\\/\",\"name\":\"Needly Daily Toner Mask ikdienas sejas maskas30gab - FACECORNER\",\"isPartOf\":{\"@id\":\"https:\\\/\\\/www.facecorner.lv\\\/#website\"},\"primaryImageOfPage\":{\"@id\":\"https:\\\/\\\/www.facecorner.lv\\\/shop\\\/needly-daily-toner-mask-ikdienas-sejas-maskas30gab\\\/#primaryimage\"},\"image\":{\"@id\":\"https:\\\/\\\/www.facecorner.lv\\\/shop\\\/needly-daily-toner-mask-ikdienas-sejas-maskas30gab\\\/#primaryimage\"},\"thumbnailUrl\":\"https:\\\/\\\/www.facecorner.lv\\\/wp-content\\\/uploads\\\/2025\\\/11\\\/D_anm_i-205_77f1388c-8e16-4240-ba29-d49ede57d8f8_800x.webp\",\"datePublished\":\"2025-11-25T13:29:02+00:00\",\"dateModified\":\"2025-12-24T18:33:13+00:00\",\"description\":\"Needly Daily Toner Mask \u2014 ikdienas auduma maskas ar BHA un PHA, kas maigi eksfoli\u0113, mitrina un toniz\u0113 \u0101du. Nomierina, sa\u0161aurina poras un atsvaidzina \u0101du 60 sekund\u0113s.\",\"breadcrumb\":{\"@id\":\"https:\\\/\\\/www.facecorner.lv\\\/shop\\\/needly-daily-toner-mask-ikdienas-sejas-maskas30gab\\\/#breadcrumb\"},\"inLanguage\":\"lv-LV\",\"potentialAction\":[{\"@type\":\"ReadAction\",\"target\":[\"https:\\\/\\\/www.facecorner.lv\\\/shop\\\/needly-daily-toner-mask-ikdienas-sejas-maskas30gab\\\/\"]}]},{\"@type\":\"ImageObject\",\"inLanguage\":\"lv-LV\",\"@id\":\"https:\\\/\\\/www.facecorner.lv\\\/shop\\\/needly-daily-toner-mask-ikdienas-sejas-maskas30gab\\\/#primaryimage\",\"url\":\"https:\\\/\\\/www.facecorner.lv\\\/wp-content\\\/uploads\\\/2025\\\/11\\\/D_anm_i-205_77f1388c-8e16-4240-ba29-d49ede57d8f8_800x.webp\",\"contentUrl\":\"https:\\\/\\\/www.facecorner.lv\\\/wp-content\\\/uploads\\\/2025\\\/11\\\/D_anm_i-205_77f1388c-8e16-4240-ba29-d49ede57d8f8_800x.webp\",\"width\":800,\"height\":800,\"caption\":\"Needly Daily Toner Mask\"},{\"@type\":\"BreadcrumbList\",\"@id\":\"https:\\\/\\\/www.facecorner.lv\\\/shop\\\/needly-daily-toner-mask-ikdienas-sejas-maskas30gab\\\/#breadcrumb\",\"itemListElement\":[{\"@type\":\"ListItem\",\"position\":1,\"name\":\"Home\",\"item\":\"https:\\\/\\\/www.facecorner.lv\\\/\"},{\"@type\":\"ListItem\",\"position\":2,\"name\":\"Veikals\",\"item\":\"https:\\\/\\\/www.facecorner.lv\\\/shop\\\/\"},{\"@type\":\"ListItem\",\"position\":3,\"name\":\"Needly Daily Toner Mask ikdienas sejas maskas30gab\"}]},{\"@type\":\"WebSite\",\"@id\":\"https:\\\/\\\/www.facecorner.lv\\\/#website\",\"url\":\"https:\\\/\\\/www.facecorner.lv\\\/\",\"name\":\"Facecorner\",\"description\":\"\",\"publisher\":{\"@id\":\"https:\\\/\\\/www.facecorner.lv\\\/#organization\"},\"potentialAction\":[{\"@type\":\"SearchAction\",\"target\":{\"@type\":\"EntryPoint\",\"urlTemplate\":\"https:\\\/\\\/www.facecorner.lv\\\/?s={search_term_string}\"},\"query-input\":{\"@type\":\"PropertyValueSpecification\",\"valueRequired\":true,\"valueName\":\"search_term_string\"}}],\"inLanguage\":\"lv-LV\"},{\"@type\":\"Organization\",\"@id\":\"https:\\\/\\\/www.facecorner.lv\\\/#organization\",\"name\":\"Facecorner\",\"url\":\"https:\\\/\\\/www.facecorner.lv\\\/\",\"logo\":{\"@type\":\"ImageObject\",\"inLanguage\":\"lv-LV\",\"@id\":\"https:\\\/\\\/www.facecorner.lv\\\/#\\\/schema\\\/logo\\\/image\\\/\",\"url\":\"https:\\\/\\\/www.facecorner.lv\\\/wp-content\\\/uploads\\\/2024\\\/04\\\/fc-logo.jpg\",\"contentUrl\":\"https:\\\/\\\/www.facecorner.lv\\\/wp-content\\\/uploads\\\/2024\\\/04\\\/fc-logo.jpg\",\"width\":174,\"height\":28,\"caption\":\"Facecorner\"},\"image\":{\"@id\":\"https:\\\/\\\/www.facecorner.lv\\\/#\\\/schema\\\/logo\\\/image\\\/\"},\"sameAs\":[\"https:\\\/\\\/www.facebook.com\\\/profile.php?id=100063824551839\",\"https:\\\/\\\/www.instagram.com\\\/facecorner_shop\\\/\"]}]}<\/script>\n<meta property=\"product:price:amount\" content=\"24.90\" \/>\n<meta property=\"product:price:currency\" content=\"EUR\" \/>\n<meta property=\"og:availability\" content=\"out of stock\" \/>\n<meta property=\"product:availability\" content=\"out of stock\" \/>\n<meta property=\"product:condition\" content=\"new\" \/>\n<!-- \/ Yoast SEO plugin. -->","yoast_head_json":{"title":"Needly Daily Toner Mask ikdienas sejas maskas30gab - FACECORNER","description":"Needly Daily Toner Mask \u2014 ikdienas auduma maskas ar BHA un PHA, kas maigi eksfoli\u0113, mitrina un toniz\u0113 \u0101du. Nomierina, sa\u0161aurina poras un atsvaidzina \u0101du 60 sekund\u0113s.","robots":{"index":"index","follow":"follow","max-snippet":"max-snippet:-1","max-image-preview":"max-image-preview:large","max-video-preview":"max-video-preview:-1"},"canonical":"https:\/\/www.facecorner.lv\/lv\/shop\/needly-daily-toner-mask-ikdienas-sejas-maskas30gab\/","og_locale":"lv_LV","og_type":"article","og_title":"Needly Daily Toner Mask ikdienas sejas maskas30gab - FACECORNER","og_description":"Needly Daily Toner Mask \u2014 ikdienas auduma maskas ar BHA un PHA, kas maigi eksfoli\u0113, mitrina un toniz\u0113 \u0101du. Nomierina, sa\u0161aurina poras un atsvaidzina \u0101du 60 sekund\u0113s.","og_url":"https:\/\/www.facecorner.lv\/lv\/shop\/needly-daily-toner-mask-ikdienas-sejas-maskas30gab\/","og_site_name":"FACECORNER","article_publisher":"https:\/\/www.facebook.com\/profile.php?id=100063824551839","article_modified_time":"2025-12-24T18:33:13+00:00","og_image":[{"width":800,"height":800,"url":"https:\/\/www.facecorner.lv\/wp-content\/uploads\/2025\/11\/D_anm_i-205_77f1388c-8e16-4240-ba29-d49ede57d8f8_800x.webp","type":"image\/webp"}],"twitter_card":"summary_large_image","twitter_misc":{"Price":"&euro;24.90","Availability":"Out of stock"},"schema":{"@context":"https:\/\/schema.org","@graph":[{"@type":"WebPage","@id":"https:\/\/www.facecorner.lv\/shop\/needly-daily-toner-mask-ikdienas-sejas-maskas30gab\/","url":"https:\/\/www.facecorner.lv\/shop\/needly-daily-toner-mask-ikdienas-sejas-maskas30gab\/","name":"Needly Daily Toner Mask ikdienas sejas maskas30gab - FACECORNER","isPartOf":{"@id":"https:\/\/www.facecorner.lv\/#website"},"primaryImageOfPage":{"@id":"https:\/\/www.facecorner.lv\/shop\/needly-daily-toner-mask-ikdienas-sejas-maskas30gab\/#primaryimage"},"image":{"@id":"https:\/\/www.facecorner.lv\/shop\/needly-daily-toner-mask-ikdienas-sejas-maskas30gab\/#primaryimage"},"thumbnailUrl":"https:\/\/www.facecorner.lv\/wp-content\/uploads\/2025\/11\/D_anm_i-205_77f1388c-8e16-4240-ba29-d49ede57d8f8_800x.webp","datePublished":"2025-11-25T13:29:02+00:00","dateModified":"2025-12-24T18:33:13+00:00","description":"Needly Daily Toner Mask \u2014 ikdienas auduma maskas ar BHA un PHA, kas maigi eksfoli\u0113, mitrina un toniz\u0113 \u0101du. Nomierina, sa\u0161aurina poras un atsvaidzina \u0101du 60 sekund\u0113s.","breadcrumb":{"@id":"https:\/\/www.facecorner.lv\/shop\/needly-daily-toner-mask-ikdienas-sejas-maskas30gab\/#breadcrumb"},"inLanguage":"lv-LV","potentialAction":[{"@type":"ReadAction","target":["https:\/\/www.facecorner.lv\/shop\/needly-daily-toner-mask-ikdienas-sejas-maskas30gab\/"]}]},{"@type":"ImageObject","inLanguage":"lv-LV","@id":"https:\/\/www.facecorner.lv\/shop\/needly-daily-toner-mask-ikdienas-sejas-maskas30gab\/#primaryimage","url":"https:\/\/www.facecorner.lv\/wp-content\/uploads\/2025\/11\/D_anm_i-205_77f1388c-8e16-4240-ba29-d49ede57d8f8_800x.webp","contentUrl":"https:\/\/www.facecorner.lv\/wp-content\/uploads\/2025\/11\/D_anm_i-205_77f1388c-8e16-4240-ba29-d49ede57d8f8_800x.webp","width":800,"height":800,"caption":"Needly Daily Toner Mask"},{"@type":"BreadcrumbList","@id":"https:\/\/www.facecorner.lv\/shop\/needly-daily-toner-mask-ikdienas-sejas-maskas30gab\/#breadcrumb","itemListElement":[{"@type":"ListItem","position":1,"name":"Home","item":"https:\/\/www.facecorner.lv\/"},{"@type":"ListItem","position":2,"name":"Veikals","item":"https:\/\/www.facecorner.lv\/shop\/"},{"@type":"ListItem","position":3,"name":"Needly Daily Toner Mask ikdienas sejas maskas30gab"}]},{"@type":"WebSite","@id":"https:\/\/www.facecorner.lv\/#website","url":"https:\/\/www.facecorner.lv\/","name":"Facecorner","description":"","publisher":{"@id":"https:\/\/www.facecorner.lv\/#organization"},"potentialAction":[{"@type":"SearchAction","target":{"@type":"EntryPoint","urlTemplate":"https:\/\/www.facecorner.lv\/?s={search_term_string}"},"query-input":{"@type":"PropertyValueSpecification","valueRequired":true,"valueName":"search_term_string"}}],"inLanguage":"lv-LV"},{"@type":"Organization","@id":"https:\/\/www.facecorner.lv\/#organization","name":"Facecorner","url":"https:\/\/www.facecorner.lv\/","logo":{"@type":"ImageObject","inLanguage":"lv-LV","@id":"https:\/\/www.facecorner.lv\/#\/schema\/logo\/image\/","url":"https:\/\/www.facecorner.lv\/wp-content\/uploads\/2024\/04\/fc-logo.jpg","contentUrl":"https:\/\/www.facecorner.lv\/wp-content\/uploads\/2024\/04\/fc-logo.jpg","width":174,"height":28,"caption":"Facecorner"},"image":{"@id":"https:\/\/www.facecorner.lv\/#\/schema\/logo\/image\/"},"sameAs":["https:\/\/www.facebook.com\/profile.php?id=100063824551839","https:\/\/www.instagram.com\/facecorner_shop\/"]}]},"product_price_amount":"24.90","product_price_currency":"EUR","og_availability":"out of stock","product_availability":"out of stock","product_condition":"new"},"_links":{"self":[{"href":"https:\/\/www.facecorner.lv\/lv\/wp-json\/wp\/v2\/product\/26170","targetHints":{"allow":["GET"]}}],"collection":[{"href":"https:\/\/www.facecorner.lv\/lv\/wp-json\/wp\/v2\/product"}],"about":[{"href":"https:\/\/www.facecorner.lv\/lv\/wp-json\/wp\/v2\/types\/product"}],"replies":[{"embeddable":true,"href":"https:\/\/www.facecorner.lv\/lv\/wp-json\/wp\/v2\/comments?post=26170"}],"wp:featuredmedia":[{"embeddable":true,"href":"https:\/\/www.facecorner.lv\/lv\/wp-json\/wp\/v2\/media\/26171"}],"wp:attachment":[{"href":"https:\/\/www.facecorner.lv\/lv\/wp-json\/wp\/v2\/media?parent=26170"}],"wp:term":[{"taxonomy":"product_brand","embeddable":true,"href":"https:\/\/www.facecorner.lv\/lv\/wp-json\/wp\/v2\/product_brand?post=26170"},{"taxonomy":"product_cat","embeddable":true,"href":"https:\/\/www.facecorner.lv\/lv\/wp-json\/wp\/v2\/product_cat?post=26170"},{"taxonomy":"product_tag","embeddable":true,"href":"https:\/\/www.facecorner.lv\/lv\/wp-json\/wp\/v2\/product_tag?post=26170"},{"taxonomy":"berocket_brand","embeddable":true,"href":"https:\/\/www.facecorner.lv\/lv\/wp-json\/wp\/v2\/berocket_brand?post=26170"}],"curies":[{"name":"wp","href":"https:\/\/api.w.org\/{rel}","templated":true}]}}