{"id":26166,"date":"2025-11-25T16:19:47","date_gmt":"2025-11-25T13:19:47","guid":{"rendered":"https:\/\/www.facecorner.lv\/?post_type=product&#038;p=26166"},"modified":"2026-04-01T18:16:54","modified_gmt":"2026-04-01T15:16:54","slug":"needly-daily-toner-pad-ikdienas-tonizejosas-sejas-plaksnites-ar-bha-un-pha-60gab","status":"publish","type":"product","link":"https:\/\/www.facecorner.lv\/lv\/shop\/needly-daily-toner-pad-ikdienas-tonizejosas-sejas-plaksnites-ar-bha-un-pha-60gab\/","title":{"rendered":"Needly Daily Toner Pad ikdienas toniz\u0113jo\u0161as sejas pl\u0101ksn\u012btes ar BHA un PHA 60gab"},"content":{"rendered":"<p>Needly Daily Toner Pad ir maigi un \u0113rti lietojami tonika pl\u0101ksn\u012btes , kas pies\u016bcin\u0101ti ar BHA (salicilsk\u0101bi) un PHA (laktobionsk\u0101bi) esenci, paredz\u0113ti ikdienas \u0101das kop\u0161anai.<\/p>\n<p>Pads efekt\u012bvi no\u0146em atmiru\u0161\u0101s \u0161\u016bnas, izl\u012bdzina \u0101das tekst\u016bru, sa\u0161aurina poras un c\u012bn\u0101s ar melnajiem punkti\u0146iem, vienlaikus atst\u0101jot \u0101du mitrin\u0101tu un mirdzo\u0161u.<\/p>\n<h6>Priek\u0161roc\u012bbas:<\/h6>\n<ul>\n<li>Ikdienas maiga eksfoliaccija \u2014 BHA un PHA atjauno \u0101du, neradot kairin\u0101jumu.<\/li>\n<li>Poru sa\u0161aurin\u0101\u0161ana un att\u012br\u012b\u0161ana \u2014 salicilsk\u0101be pal\u012bdz nov\u0113rst izsitumus un melnos punkti\u0146us.<\/li>\n<li>Nomierino\u0161s efekts \u2014 Centella asiatica un t\u0113jas koka ekstrakts samazina aps\u0101rtumu un kairin\u0101jumu.<\/li>\n<li>Intens\u012bva mitrin\u0101\u0161ana \u2014 n\u0101trija hialuron\u0101ts uztur \u0101das hidrobarjeru un saglab\u0101 mitrumu.<\/li>\n<li>Divk\u0101r\u0161a p\u0113das tekst\u016bra \u2014 reljef\u0101 puse eksfoliacijai, gluda \u2014 \u0101das toniz\u0113\u0161anai.<\/li>\n<li>Piem\u0113rots visiem \u0101das tipiem, ieskaitot jut\u012bgu un problem\u0101tisku \u0101du.<\/li>\n<\/ul>\n<p><strong>Lieto\u0161ana<\/strong>: P\u0113c \u0101das att\u012br\u012b\u0161anas pa\u0146emiet p\u0101rsegu un noslaukiet seju ar reljef\u0101 izveidoto pusi.Apgrieziet padi\u0146u ar gludo pusi un toniz\u0113jiet \u0101du.Esences atlikumus var viegli iemas\u0113t ar pirkstu galiem, lai tie lab\u0101k ies\u016bktos.Lietojiet katru dienu no r\u012bta un vakar\u0101, p\u0113c lieto\u0161anas aizverot burci\u0146u, lai padi\u0146as neiz\u017e\u016btu.<\/p>\n<p><strong>Sast\u0101vs<\/strong>: Water, Glycerin, Dipropylene Glycol, Glyceryl Glucoside, 1,2\u2011Hexanediol, Allantoin, Ethylhexylglycerin, C12\u201114 Pareth\u201112, Betaine, Caprylyl Glycol, Artemisia Princeps Leaf Water, Butylene Glycol, Centella Asiatica Extract, Melaleuca Alternifolia (Tea Tree) Leaf Extract, Carbomer, Sodium Citrate, Disodium EDTA, Gluconolactone (PHA), Salicylic Acid (BHA), Tromethamine, Glucose, Aniba Rosodora (Rosewood) Wood Oil, Sodium Hyaluronate.<\/p>\n","protected":false},"excerpt":{"rendered":"<p>Needly Daily Toner Pad ir maigi un \u0113rti lietojami tonika pl\u0101ksn\u012btes , kas pies\u016bcin\u0101ti ar BHA (salicilsk\u0101bi) un PHA (laktobionsk\u0101bi) esenci, paredz\u0113ti ikdienas \u0101das kop\u0161anai.<\/p>\n","protected":false},"featured_media":26167,"comment_status":"open","ping_status":"closed","template":"","meta":{"site-sidebar-layout":"default","site-content-layout":"","ast-site-content-layout":"default","site-content-style":"default","site-sidebar-style":"default","ast-global-header-display":"","ast-banner-title-visibility":"","ast-main-header-display":"","ast-hfb-above-header-display":"","ast-hfb-below-header-display":"","ast-hfb-mobile-header-display":"","site-post-title":"","ast-breadcrumbs-content":"","ast-featured-img":"","footer-sml-layout":"","theme-transparent-header-meta":"default","adv-header-id-meta":"","stick-header-meta":"","header-above-stick-meta":"","header-main-stick-meta":"","header-below-stick-meta":"","astra-migrate-meta-layouts":"set","ast-page-background-enabled":"default","ast-page-background-meta":{"desktop":{"background-color":"var(--ast-global-color-4)","background-image":"","background-repeat":"repeat","background-position":"center center","background-size":"auto","background-attachment":"scroll","background-type":"","background-media":"","overlay-type":"","overlay-color":"","overlay-opacity":"","overlay-gradient":""},"tablet":{"background-color":"","background-image":"","background-repeat":"repeat","background-position":"center center","background-size":"auto","background-attachment":"scroll","background-type":"","background-media":"","overlay-type":"","overlay-color":"","overlay-opacity":"","overlay-gradient":""},"mobile":{"background-color":"","background-image":"","background-repeat":"repeat","background-position":"center center","background-size":"auto","background-attachment":"scroll","background-type":"","background-media":"","overlay-type":"","overlay-color":"","overlay-opacity":"","overlay-gradient":""}},"ast-content-background-meta":{"desktop":{"background-color":"var(--ast-global-color-5)","background-image":"","background-repeat":"repeat","background-position":"center center","background-size":"auto","background-attachment":"scroll","background-type":"","background-media":"","overlay-type":"","overlay-color":"","overlay-opacity":"","overlay-gradient":""},"tablet":{"background-color":"var(--ast-global-color-5)","background-image":"","background-repeat":"repeat","background-position":"center center","background-size":"auto","background-attachment":"scroll","background-type":"","background-media":"","overlay-type":"","overlay-color":"","overlay-opacity":"","overlay-gradient":""},"mobile":{"background-color":"var(--ast-global-color-5)","background-image":"","background-repeat":"repeat","background-position":"center center","background-size":"auto","background-attachment":"scroll","background-type":"","background-media":"","overlay-type":"","overlay-color":"","overlay-opacity":"","overlay-gradient":""}}},"product_brand":[],"product_cat":[375,670,328,377,378,364],"product_tag":[],"berocket_brand":[669],"class_list":{"0":"post-26166","1":"product","2":"type-product","3":"status-publish","4":"has-post-thumbnail","6":"product_cat-jutigai-adai-toneri","7":"product_cat-pilinga-diski","8":"product_cat-pilingi-un-skrubji","9":"product_cat-problematiskai-adai-toneri","10":"product_cat-sausai-adai-toneri","11":"product_cat-toneri","12":"berocket_brand-needly","13":"desktop-align-left","14":"tablet-align-left","15":"mobile-align-left","17":"first","18":"outofstock","19":"sale","20":"taxable","21":"shipping-taxable","22":"purchasable","23":"product-type-simple","24":"add-to-wishlist-before_image"},"yoast_head":"<!-- This site is optimized with the Yoast SEO plugin v27.3 - https:\/\/yoast.com\/product\/yoast-seo-wordpress\/ -->\n<title>Needly Daily Toner Pad ikdienas toniz\u0113jo\u0161as sejas pl\u0101ksn\u012btes ar BHA un PHA 60gab - FACECORNER<\/title>\n<meta name=\"description\" content=\"Needly Daily Toner Pad ir maigi un \u0113rti lietojami tonika pl\u0101ksn\u012btes , kas pies\u016bcin\u0101ti ar BHA (salicilsk\u0101bi) un PHA (laktobionsk\u0101bi) esenci, paredz\u0113ti ikdienas \u0101das kop\u0161anai.\" \/>\n<meta name=\"robots\" content=\"index, follow, max-snippet:-1, max-image-preview:large, max-video-preview:-1\" \/>\n<link rel=\"canonical\" href=\"https:\/\/www.facecorner.lv\/lv\/shop\/needly-daily-toner-pad-ikdienas-tonizejosas-sejas-plaksnites-ar-bha-un-pha-60gab\/\" \/>\n<meta property=\"og:locale\" content=\"lv_LV\" \/>\n<meta property=\"og:type\" content=\"article\" \/>\n<meta property=\"og:title\" content=\"Needly Daily Toner Pad ikdienas toniz\u0113jo\u0161as sejas pl\u0101ksn\u012btes ar BHA un PHA 60gab - FACECORNER\" \/>\n<meta property=\"og:description\" content=\"Needly Daily Toner Pad ir maigi un \u0113rti lietojami tonika pl\u0101ksn\u012btes , kas pies\u016bcin\u0101ti ar BHA (salicilsk\u0101bi) un PHA (laktobionsk\u0101bi) esenci, paredz\u0113ti ikdienas \u0101das kop\u0161anai.\" \/>\n<meta property=\"og:url\" content=\"https:\/\/www.facecorner.lv\/lv\/shop\/needly-daily-toner-pad-ikdienas-tonizejosas-sejas-plaksnites-ar-bha-un-pha-60gab\/\" \/>\n<meta property=\"og:site_name\" content=\"FACECORNER\" \/>\n<meta property=\"article:publisher\" content=\"https:\/\/www.facebook.com\/profile.php?id=100063824551839\" \/>\n<meta property=\"article:modified_time\" content=\"2026-04-01T15:16:54+00:00\" \/>\n<meta property=\"og:image\" content=\"https:\/\/www.facecorner.lv\/wp-content\/uploads\/2025\/11\/Needly-Daily-Toner-Pad.webp\" \/>\n\t<meta property=\"og:image:width\" content=\"1400\" \/>\n\t<meta property=\"og:image:height\" content=\"1750\" \/>\n\t<meta property=\"og:image:type\" content=\"image\/webp\" \/>\n<meta name=\"twitter:card\" content=\"summary_large_image\" \/>\n<meta name=\"twitter:label1\" content=\"Price\" \/>\n\t<meta name=\"twitter:data1\" content=\"&euro;18.90\" \/>\n\t<meta name=\"twitter:label2\" content=\"Availability\" \/>\n\t<meta name=\"twitter:data2\" content=\"Out of stock\" \/>\n<script type=\"application\/ld+json\" class=\"yoast-schema-graph\">{\"@context\":\"https:\\\/\\\/schema.org\",\"@graph\":[{\"@type\":\"WebPage\",\"@id\":\"https:\\\/\\\/www.facecorner.lv\\\/shop\\\/needly-daily-toner-pad-ikdienas-tonizejosas-sejas-plaksnites-ar-bha-un-pha-60gab\\\/\",\"url\":\"https:\\\/\\\/www.facecorner.lv\\\/shop\\\/needly-daily-toner-pad-ikdienas-tonizejosas-sejas-plaksnites-ar-bha-un-pha-60gab\\\/\",\"name\":\"Needly Daily Toner Pad ikdienas toniz\u0113jo\u0161as sejas pl\u0101ksn\u012btes ar BHA un PHA 60gab - FACECORNER\",\"isPartOf\":{\"@id\":\"https:\\\/\\\/www.facecorner.lv\\\/#website\"},\"primaryImageOfPage\":{\"@id\":\"https:\\\/\\\/www.facecorner.lv\\\/shop\\\/needly-daily-toner-pad-ikdienas-tonizejosas-sejas-plaksnites-ar-bha-un-pha-60gab\\\/#primaryimage\"},\"image\":{\"@id\":\"https:\\\/\\\/www.facecorner.lv\\\/shop\\\/needly-daily-toner-pad-ikdienas-tonizejosas-sejas-plaksnites-ar-bha-un-pha-60gab\\\/#primaryimage\"},\"thumbnailUrl\":\"https:\\\/\\\/www.facecorner.lv\\\/wp-content\\\/uploads\\\/2025\\\/11\\\/Needly-Daily-Toner-Pad.webp\",\"datePublished\":\"2025-11-25T13:19:47+00:00\",\"dateModified\":\"2026-04-01T15:16:54+00:00\",\"description\":\"Needly Daily Toner Pad ir maigi un \u0113rti lietojami tonika pl\u0101ksn\u012btes , kas pies\u016bcin\u0101ti ar BHA (salicilsk\u0101bi) un PHA (laktobionsk\u0101bi) esenci, paredz\u0113ti ikdienas \u0101das kop\u0161anai.\",\"breadcrumb\":{\"@id\":\"https:\\\/\\\/www.facecorner.lv\\\/shop\\\/needly-daily-toner-pad-ikdienas-tonizejosas-sejas-plaksnites-ar-bha-un-pha-60gab\\\/#breadcrumb\"},\"inLanguage\":\"lv-LV\",\"potentialAction\":[{\"@type\":\"ReadAction\",\"target\":[\"https:\\\/\\\/www.facecorner.lv\\\/shop\\\/needly-daily-toner-pad-ikdienas-tonizejosas-sejas-plaksnites-ar-bha-un-pha-60gab\\\/\"]}]},{\"@type\":\"ImageObject\",\"inLanguage\":\"lv-LV\",\"@id\":\"https:\\\/\\\/www.facecorner.lv\\\/shop\\\/needly-daily-toner-pad-ikdienas-tonizejosas-sejas-plaksnites-ar-bha-un-pha-60gab\\\/#primaryimage\",\"url\":\"https:\\\/\\\/www.facecorner.lv\\\/wp-content\\\/uploads\\\/2025\\\/11\\\/Needly-Daily-Toner-Pad.webp\",\"contentUrl\":\"https:\\\/\\\/www.facecorner.lv\\\/wp-content\\\/uploads\\\/2025\\\/11\\\/Needly-Daily-Toner-Pad.webp\",\"width\":1400,\"height\":1750,\"caption\":\"Needly Daily Toner Pad\"},{\"@type\":\"BreadcrumbList\",\"@id\":\"https:\\\/\\\/www.facecorner.lv\\\/shop\\\/needly-daily-toner-pad-ikdienas-tonizejosas-sejas-plaksnites-ar-bha-un-pha-60gab\\\/#breadcrumb\",\"itemListElement\":[{\"@type\":\"ListItem\",\"position\":1,\"name\":\"Home\",\"item\":\"https:\\\/\\\/www.facecorner.lv\\\/\"},{\"@type\":\"ListItem\",\"position\":2,\"name\":\"Veikals\",\"item\":\"https:\\\/\\\/www.facecorner.lv\\\/shop\\\/\"},{\"@type\":\"ListItem\",\"position\":3,\"name\":\"Needly Daily Toner Pad ikdienas toniz\u0113jo\u0161as sejas pl\u0101ksn\u012btes ar BHA un PHA 60gab\"}]},{\"@type\":\"WebSite\",\"@id\":\"https:\\\/\\\/www.facecorner.lv\\\/#website\",\"url\":\"https:\\\/\\\/www.facecorner.lv\\\/\",\"name\":\"Facecorner\",\"description\":\"\",\"publisher\":{\"@id\":\"https:\\\/\\\/www.facecorner.lv\\\/#organization\"},\"potentialAction\":[{\"@type\":\"SearchAction\",\"target\":{\"@type\":\"EntryPoint\",\"urlTemplate\":\"https:\\\/\\\/www.facecorner.lv\\\/?s={search_term_string}\"},\"query-input\":{\"@type\":\"PropertyValueSpecification\",\"valueRequired\":true,\"valueName\":\"search_term_string\"}}],\"inLanguage\":\"lv-LV\"},{\"@type\":\"Organization\",\"@id\":\"https:\\\/\\\/www.facecorner.lv\\\/#organization\",\"name\":\"Facecorner\",\"url\":\"https:\\\/\\\/www.facecorner.lv\\\/\",\"logo\":{\"@type\":\"ImageObject\",\"inLanguage\":\"lv-LV\",\"@id\":\"https:\\\/\\\/www.facecorner.lv\\\/#\\\/schema\\\/logo\\\/image\\\/\",\"url\":\"https:\\\/\\\/www.facecorner.lv\\\/wp-content\\\/uploads\\\/2024\\\/04\\\/fc-logo.jpg\",\"contentUrl\":\"https:\\\/\\\/www.facecorner.lv\\\/wp-content\\\/uploads\\\/2024\\\/04\\\/fc-logo.jpg\",\"width\":174,\"height\":28,\"caption\":\"Facecorner\"},\"image\":{\"@id\":\"https:\\\/\\\/www.facecorner.lv\\\/#\\\/schema\\\/logo\\\/image\\\/\"},\"sameAs\":[\"https:\\\/\\\/www.facebook.com\\\/profile.php?id=100063824551839\",\"https:\\\/\\\/www.instagram.com\\\/facecorner_shop\\\/\"]}]}<\/script>\n<meta property=\"product:price:amount\" content=\"18.90\" \/>\n<meta property=\"product:price:currency\" content=\"EUR\" \/>\n<meta property=\"og:availability\" content=\"out of stock\" \/>\n<meta property=\"product:availability\" content=\"out of stock\" \/>\n<meta property=\"product:condition\" content=\"new\" \/>\n<!-- \/ Yoast SEO plugin. -->","yoast_head_json":{"title":"Needly Daily Toner Pad ikdienas toniz\u0113jo\u0161as sejas pl\u0101ksn\u012btes ar BHA un PHA 60gab - FACECORNER","description":"Needly Daily Toner Pad ir maigi un \u0113rti lietojami tonika pl\u0101ksn\u012btes , kas pies\u016bcin\u0101ti ar BHA (salicilsk\u0101bi) un PHA (laktobionsk\u0101bi) esenci, paredz\u0113ti ikdienas \u0101das kop\u0161anai.","robots":{"index":"index","follow":"follow","max-snippet":"max-snippet:-1","max-image-preview":"max-image-preview:large","max-video-preview":"max-video-preview:-1"},"canonical":"https:\/\/www.facecorner.lv\/lv\/shop\/needly-daily-toner-pad-ikdienas-tonizejosas-sejas-plaksnites-ar-bha-un-pha-60gab\/","og_locale":"lv_LV","og_type":"article","og_title":"Needly Daily Toner Pad ikdienas toniz\u0113jo\u0161as sejas pl\u0101ksn\u012btes ar BHA un PHA 60gab - FACECORNER","og_description":"Needly Daily Toner Pad ir maigi un \u0113rti lietojami tonika pl\u0101ksn\u012btes , kas pies\u016bcin\u0101ti ar BHA (salicilsk\u0101bi) un PHA (laktobionsk\u0101bi) esenci, paredz\u0113ti ikdienas \u0101das kop\u0161anai.","og_url":"https:\/\/www.facecorner.lv\/lv\/shop\/needly-daily-toner-pad-ikdienas-tonizejosas-sejas-plaksnites-ar-bha-un-pha-60gab\/","og_site_name":"FACECORNER","article_publisher":"https:\/\/www.facebook.com\/profile.php?id=100063824551839","article_modified_time":"2026-04-01T15:16:54+00:00","og_image":[{"width":1400,"height":1750,"url":"https:\/\/www.facecorner.lv\/wp-content\/uploads\/2025\/11\/Needly-Daily-Toner-Pad.webp","type":"image\/webp"}],"twitter_card":"summary_large_image","twitter_misc":{"Price":"&euro;18.90","Availability":"Out of stock"},"schema":{"@context":"https:\/\/schema.org","@graph":[{"@type":"WebPage","@id":"https:\/\/www.facecorner.lv\/shop\/needly-daily-toner-pad-ikdienas-tonizejosas-sejas-plaksnites-ar-bha-un-pha-60gab\/","url":"https:\/\/www.facecorner.lv\/shop\/needly-daily-toner-pad-ikdienas-tonizejosas-sejas-plaksnites-ar-bha-un-pha-60gab\/","name":"Needly Daily Toner Pad ikdienas toniz\u0113jo\u0161as sejas pl\u0101ksn\u012btes ar BHA un PHA 60gab - FACECORNER","isPartOf":{"@id":"https:\/\/www.facecorner.lv\/#website"},"primaryImageOfPage":{"@id":"https:\/\/www.facecorner.lv\/shop\/needly-daily-toner-pad-ikdienas-tonizejosas-sejas-plaksnites-ar-bha-un-pha-60gab\/#primaryimage"},"image":{"@id":"https:\/\/www.facecorner.lv\/shop\/needly-daily-toner-pad-ikdienas-tonizejosas-sejas-plaksnites-ar-bha-un-pha-60gab\/#primaryimage"},"thumbnailUrl":"https:\/\/www.facecorner.lv\/wp-content\/uploads\/2025\/11\/Needly-Daily-Toner-Pad.webp","datePublished":"2025-11-25T13:19:47+00:00","dateModified":"2026-04-01T15:16:54+00:00","description":"Needly Daily Toner Pad ir maigi un \u0113rti lietojami tonika pl\u0101ksn\u012btes , kas pies\u016bcin\u0101ti ar BHA (salicilsk\u0101bi) un PHA (laktobionsk\u0101bi) esenci, paredz\u0113ti ikdienas \u0101das kop\u0161anai.","breadcrumb":{"@id":"https:\/\/www.facecorner.lv\/shop\/needly-daily-toner-pad-ikdienas-tonizejosas-sejas-plaksnites-ar-bha-un-pha-60gab\/#breadcrumb"},"inLanguage":"lv-LV","potentialAction":[{"@type":"ReadAction","target":["https:\/\/www.facecorner.lv\/shop\/needly-daily-toner-pad-ikdienas-tonizejosas-sejas-plaksnites-ar-bha-un-pha-60gab\/"]}]},{"@type":"ImageObject","inLanguage":"lv-LV","@id":"https:\/\/www.facecorner.lv\/shop\/needly-daily-toner-pad-ikdienas-tonizejosas-sejas-plaksnites-ar-bha-un-pha-60gab\/#primaryimage","url":"https:\/\/www.facecorner.lv\/wp-content\/uploads\/2025\/11\/Needly-Daily-Toner-Pad.webp","contentUrl":"https:\/\/www.facecorner.lv\/wp-content\/uploads\/2025\/11\/Needly-Daily-Toner-Pad.webp","width":1400,"height":1750,"caption":"Needly Daily Toner Pad"},{"@type":"BreadcrumbList","@id":"https:\/\/www.facecorner.lv\/shop\/needly-daily-toner-pad-ikdienas-tonizejosas-sejas-plaksnites-ar-bha-un-pha-60gab\/#breadcrumb","itemListElement":[{"@type":"ListItem","position":1,"name":"Home","item":"https:\/\/www.facecorner.lv\/"},{"@type":"ListItem","position":2,"name":"Veikals","item":"https:\/\/www.facecorner.lv\/shop\/"},{"@type":"ListItem","position":3,"name":"Needly Daily Toner Pad ikdienas toniz\u0113jo\u0161as sejas pl\u0101ksn\u012btes ar BHA un PHA 60gab"}]},{"@type":"WebSite","@id":"https:\/\/www.facecorner.lv\/#website","url":"https:\/\/www.facecorner.lv\/","name":"Facecorner","description":"","publisher":{"@id":"https:\/\/www.facecorner.lv\/#organization"},"potentialAction":[{"@type":"SearchAction","target":{"@type":"EntryPoint","urlTemplate":"https:\/\/www.facecorner.lv\/?s={search_term_string}"},"query-input":{"@type":"PropertyValueSpecification","valueRequired":true,"valueName":"search_term_string"}}],"inLanguage":"lv-LV"},{"@type":"Organization","@id":"https:\/\/www.facecorner.lv\/#organization","name":"Facecorner","url":"https:\/\/www.facecorner.lv\/","logo":{"@type":"ImageObject","inLanguage":"lv-LV","@id":"https:\/\/www.facecorner.lv\/#\/schema\/logo\/image\/","url":"https:\/\/www.facecorner.lv\/wp-content\/uploads\/2024\/04\/fc-logo.jpg","contentUrl":"https:\/\/www.facecorner.lv\/wp-content\/uploads\/2024\/04\/fc-logo.jpg","width":174,"height":28,"caption":"Facecorner"},"image":{"@id":"https:\/\/www.facecorner.lv\/#\/schema\/logo\/image\/"},"sameAs":["https:\/\/www.facebook.com\/profile.php?id=100063824551839","https:\/\/www.instagram.com\/facecorner_shop\/"]}]},"product_price_amount":"18.90","product_price_currency":"EUR","og_availability":"out of stock","product_availability":"out of stock","product_condition":"new"},"_links":{"self":[{"href":"https:\/\/www.facecorner.lv\/lv\/wp-json\/wp\/v2\/product\/26166","targetHints":{"allow":["GET"]}}],"collection":[{"href":"https:\/\/www.facecorner.lv\/lv\/wp-json\/wp\/v2\/product"}],"about":[{"href":"https:\/\/www.facecorner.lv\/lv\/wp-json\/wp\/v2\/types\/product"}],"replies":[{"embeddable":true,"href":"https:\/\/www.facecorner.lv\/lv\/wp-json\/wp\/v2\/comments?post=26166"}],"wp:featuredmedia":[{"embeddable":true,"href":"https:\/\/www.facecorner.lv\/lv\/wp-json\/wp\/v2\/media\/26167"}],"wp:attachment":[{"href":"https:\/\/www.facecorner.lv\/lv\/wp-json\/wp\/v2\/media?parent=26166"}],"wp:term":[{"taxonomy":"product_brand","embeddable":true,"href":"https:\/\/www.facecorner.lv\/lv\/wp-json\/wp\/v2\/product_brand?post=26166"},{"taxonomy":"product_cat","embeddable":true,"href":"https:\/\/www.facecorner.lv\/lv\/wp-json\/wp\/v2\/product_cat?post=26166"},{"taxonomy":"product_tag","embeddable":true,"href":"https:\/\/www.facecorner.lv\/lv\/wp-json\/wp\/v2\/product_tag?post=26166"},{"taxonomy":"berocket_brand","embeddable":true,"href":"https:\/\/www.facecorner.lv\/lv\/wp-json\/wp\/v2\/berocket_brand?post=26166"}],"curies":[{"name":"wp","href":"https:\/\/api.w.org\/{rel}","templated":true}]}}