{"id":26163,"date":"2025-11-25T16:01:24","date_gmt":"2025-11-25T13:01:24","guid":{"rendered":"https:\/\/www.facecorner.lv\/?post_type=product&#038;p=26163"},"modified":"2025-12-03T22:50:08","modified_gmt":"2025-12-03T19:50:08","slug":"medipeel-red-lacto-collagen-3000-shot-serum-pretnovecosanas-serums-ar-kolagenu-un-peptidiem-50ml","status":"publish","type":"product","link":"https:\/\/www.facecorner.lv\/lv\/shop\/medipeel-red-lacto-collagen-3000-shot-serum-pretnovecosanas-serums-ar-kolagenu-un-peptidiem-50ml\/","title":{"rendered":"Medipeel Red Lacto Collagen 3000 Shot Serum pretnoveco\u0161an\u0101s serums ar kolag\u0113nu un pept\u012bdiem 50ml"},"content":{"rendered":"<p>Medipeel Red Lacto Collagen 3000 Shot Serum \u2014 augsti efekt\u012bva Korejas seruma ar hidroliz\u0113tu kolag\u0113nu un pept\u012bdiem sejai.<\/p>\n<p>L\u012bdzeklis c\u012bn\u0101s ar grumbu veido\u0161anos, palielina \u0101das elast\u012bbu, uzlabo turgoru un pie\u0161\u0137ir dabisku mirdzumu. Phyto Cica-Nol Nanopin\u2122 tehnolo\u0123ija \u013cauj akt\u012bvaj\u0101m sast\u0101vda\u013c\u0101m ies\u016bkties dzi\u013ci \u0101d\u0101, stimul\u0113jot atjauno\u0161anos un re\u0123ener\u0101ciju.<\/p>\n<h6>Priek\u0161roc\u012bbas:<\/h6>\n<ul>\n<li>Intens\u012bva atjauno\u0161an\u0101s \u2014 stimul\u0113 kolag\u0113na sint\u0113zi un uztur \u0101das elast\u012bbu.<\/li>\n<li>Rievu un \u0101das elast\u012bbas samazin\u0101\u0161an\u0101s \u2014 6 veidu pept\u012bdi izl\u012bdzina s\u012bk\u0101s grumbi\u0146as un nostiprina sejas kont\u016bras.<\/li>\n<li>Dzi\u013ci mitrina \u2014 Aquaxyl un hialuronsk\u0101be saglab\u0101 mitrumu un nov\u0113r\u0161 sausumu.<\/li>\n<li>Antioksidantu aizsardz\u012bba \u2014 hesperid\u012bns un Centella asiatica neitraliz\u0113 br\u012bvos radik\u0101\u013cus un nomierina \u0101du.<\/li>\n<li>Delik\u0101ta atjauno\u0161ana \u2014 mikrosf\u012bkas maigi stimul\u0113 \u0101das re\u0123ener\u0101ciju, neradot kairin\u0101jumu.<\/li>\n<li>Mikrobiomas l\u012bdzsvars un barjeras stiprin\u0101\u0161ana \u2014 uztur \u0101das vesel\u012bbu un aizsarg\u0101 no \u0101r\u0113jiem faktoriem.<\/li>\n<\/ul>\n<h6>Galven\u0101s sast\u0101vda\u013cas:<\/h6>\n<ul>\n<li>Hidroliz\u0113ts kolag\u0113ns \u2014 uzlabo elast\u012bbu, izl\u012bdzina s\u012bk\u0101s grumbi\u0146as.<\/li>\n<li>Pept\u012bdi (6 veidi) \u2014 stimul\u0113 kolag\u0113nu un elast\u012bnu, pa\u0101trina \u0101das re\u0123ener\u0101ciju.<\/li>\n<li>Centella Asiatica ekstrakts \u2014 nomierina, pa\u0101trina \u0101das atjauno\u0161anos.<\/li>\n<li>Pantenols \u2014 mitrina un m\u012bkstina \u0101du.<\/li>\n<li>Aquaxyl (glikoze + ksil\u012bts) \u2014 saglab\u0101 mitrumu, nostiprina hidrobarjeru.<\/li>\n<li>Gesperid\u012bns \u2014 antioksidants, uzlabo mikrocirkul\u0101ciju.<\/li>\n<li>Phyto Cica-Nol Nanopin\u2122 \u2014 mikrospeikulu tehnolo\u0123ija akt\u012bvo komponentu dzi\u013cai ies\u016bk\u0161anai.<\/li>\n<\/ul>\n<p><strong>Lieto\u0161ana:<\/strong> Uzkl\u0101jiet serumu uz t\u012bras, sausas sejas \u0101das.Viegli iemas\u0113jiet, l\u012bdz serums piln\u012bb\u0101 ies\u016bcies.Ja nepiecie\u0161ams, pabeidziet kop\u0161anu ar kr\u0113mu vai emulsiju.Lietojiet no r\u012bta un vakar\u0101, dienas laik\u0101 uzkl\u0101jiet SPF.<\/p>\n<p><strong>Sast\u0101vs:\u00a0<\/strong>Aqua, Glycerin, Dipropylene Glycol, Niacinamide, Butylene Glycol, Propanediol, 1,2\u2011Hexanediol, Carbomer, Tromethamine, Hydroxyacetophenone, Hydrolyzed Sponge (\u043c\u0438\u043a\u0440\u043e\u0441\u043f\u0456\u043a\u0443\u043b\u0438), Glycereth\u201125 PCA Isostearate, Ethylhexylglycerin, Adenosine, Hydrolyzed Gardenia Florida Extract, Hydrolyzed Malt Extract, Hydrolyzed Viola Tricolor Extract, Xanthan Gum, Disodium EDTA, Hyaluronic Acid, Hydrolyzed Hyaluronic Acid, Sodium Hyaluronate, Xylitylglucoside, Anhydroxylitol, Xylitol, Colloidal Sulfur, Pentylene Glycol, Punica Granatum (Pomegranate) Fruit Extract, Pyrus Malus (Apple) Fruit Extract, Carica Papaya (Papaya) Fruit Extract, Ficus Carica (Fig) Fruit Extract, Ginkgo Biloba Leaf Extract, Morus Alba (Mulberry) Fruit Extract, Prunus Mume Fruit Extract, Vitis Vinifera (Grape) Fruit Extract, Centella Asiatica Extract, Madecassoside, Decyl Glucoside, Caprylyl Glycol, Citric Acid, Salicylic Acid, Hesperidin, Succinic Acid, Polyglyceryl\u201110 Laurate, Hydrogenated Lecithin, Panthenol, Phosphatidylcholine, Lactobacillus Ferment, SH\u2011Polypeptide\u2011121, Asiatic Acid, Asiaticoside, Madecassic Acid, Glycine, Borago Officinalis (Borage) Extract, Echinacea Purpurea Extract, Hydroxyproline, Proline, Sodium Ascorbyl Phosphate, Fragaria Vesca (Strawberry) Fruit Extract, Rubus Idaeus (Raspberry) Fruit Extract, Soluble Collagen, Vaccinium Angustifolium (Blueberry) Fruit Extract, Euterpe Oleracea (Acai) Fruit Extract, Rubus Fruticosus (Blackberry) Fruit Extract, Solanum Lycopersicum (Tomato) Fruit Extract, Ursolic Acid, Sambucus Nigra (Elderberry) Fruit Extract, Vaccinium Macrocarpon (Cranberry) Fruit Extract, Acetyl Hexapeptide\u20118, Biotin, Copper Tripeptide\u20111, Folic Acid, Pyridoxine, Oligopeptide\u201129, Oligopeptide\u201132, Cyanocobalamin, Palmitoyl Pentapeptide\u20114, Tocopherol, Beta\u2011Carotene, Riboflavin, Thiamine HCl, Parfum.<\/p>\n","protected":false},"excerpt":{"rendered":"<p>Medipeel Red Lacto Collagen 3000 Shot Serum \u2014 augsti efekt\u012bva Korejas seruma ar hidroliz\u0113tu kolag\u0113nu un pept\u012bdiem sejai.<\/p>\n","protected":false},"featured_media":26164,"comment_status":"open","ping_status":"closed","template":"","meta":{"site-sidebar-layout":"default","site-content-layout":"","ast-site-content-layout":"default","site-content-style":"default","site-sidebar-style":"default","ast-global-header-display":"","ast-banner-title-visibility":"","ast-main-header-display":"","ast-hfb-above-header-display":"","ast-hfb-below-header-display":"","ast-hfb-mobile-header-display":"","site-post-title":"","ast-breadcrumbs-content":"","ast-featured-img":"","footer-sml-layout":"","theme-transparent-header-meta":"default","adv-header-id-meta":"","stick-header-meta":"","header-above-stick-meta":"","header-main-stick-meta":"","header-below-stick-meta":"","astra-migrate-meta-layouts":"set","ast-page-background-enabled":"default","ast-page-background-meta":{"desktop":{"background-color":"var(--ast-global-color-4)","background-image":"","background-repeat":"repeat","background-position":"center center","background-size":"auto","background-attachment":"scroll","background-type":"","background-media":"","overlay-type":"","overlay-color":"","overlay-opacity":"","overlay-gradient":""},"tablet":{"background-color":"","background-image":"","background-repeat":"repeat","background-position":"center center","background-size":"auto","background-attachment":"scroll","background-type":"","background-media":"","overlay-type":"","overlay-color":"","overlay-opacity":"","overlay-gradient":""},"mobile":{"background-color":"","background-image":"","background-repeat":"repeat","background-position":"center center","background-size":"auto","background-attachment":"scroll","background-type":"","background-media":"","overlay-type":"","overlay-color":"","overlay-opacity":"","overlay-gradient":""}},"ast-content-background-meta":{"desktop":{"background-color":"var(--ast-global-color-5)","background-image":"","background-repeat":"repeat","background-position":"center center","background-size":"auto","background-attachment":"scroll","background-type":"","background-media":"","overlay-type":"","overlay-color":"","overlay-opacity":"","overlay-gradient":""},"tablet":{"background-color":"var(--ast-global-color-5)","background-image":"","background-repeat":"repeat","background-position":"center center","background-size":"auto","background-attachment":"scroll","background-type":"","background-media":"","overlay-type":"","overlay-color":"","overlay-opacity":"","overlay-gradient":""},"mobile":{"background-color":"var(--ast-global-color-5)","background-image":"","background-repeat":"repeat","background-position":"center center","background-size":"auto","background-attachment":"scroll","background-type":"","background-media":"","overlay-type":"","overlay-color":"","overlay-opacity":"","overlay-gradient":""}}},"product_brand":[],"product_cat":[370,371,363],"product_tag":[],"berocket_brand":[583],"class_list":{"0":"post-26163","1":"product","2":"type-product","3":"status-publish","4":"has-post-thumbnail","6":"product_cat-adas-mirdzumam","7":"product_cat-anti-age","8":"product_cat-serumi","9":"berocket_brand-medi-peel","10":"desktop-align-left","11":"tablet-align-left","12":"mobile-align-left","14":"first","15":"instock","16":"taxable","17":"shipping-taxable","18":"purchasable","19":"product-type-simple","20":"add-to-wishlist-before_image"},"yoast_head":"<!-- This site is optimized with the Yoast SEO plugin v27.4 - https:\/\/yoast.com\/product\/yoast-seo-wordpress\/ -->\n<title>Medipeel Red Lacto Collagen 3000 Shot Serum pretnoveco\u0161an\u0101s serums ar kolag\u0113nu un pept\u012bdiem 50ml - FACECORNER<\/title>\n<meta name=\"description\" content=\"Medipeel Red Lacto Collagen 3000 Shot Serum \u2014 augsti efekt\u012bva Korejas seruma ar hidroliz\u0113tu kolag\u0113nu un pept\u012bdiem sejai.\" \/>\n<meta name=\"robots\" content=\"index, follow, max-snippet:-1, max-image-preview:large, max-video-preview:-1\" \/>\n<link rel=\"canonical\" href=\"https:\/\/www.facecorner.lv\/lv\/shop\/medipeel-red-lacto-collagen-3000-shot-serum-pretnovecosanas-serums-ar-kolagenu-un-peptidiem-50ml\/\" \/>\n<meta property=\"og:locale\" content=\"lv_LV\" \/>\n<meta property=\"og:type\" content=\"article\" \/>\n<meta property=\"og:title\" content=\"Medipeel Red Lacto Collagen 3000 Shot Serum pretnoveco\u0161an\u0101s serums ar kolag\u0113nu un pept\u012bdiem 50ml - FACECORNER\" \/>\n<meta property=\"og:description\" content=\"Medipeel Red Lacto Collagen 3000 Shot Serum \u2014 augsti efekt\u012bva Korejas seruma ar hidroliz\u0113tu kolag\u0113nu un pept\u012bdiem sejai.\" \/>\n<meta property=\"og:url\" content=\"https:\/\/www.facecorner.lv\/lv\/shop\/medipeel-red-lacto-collagen-3000-shot-serum-pretnovecosanas-serums-ar-kolagenu-un-peptidiem-50ml\/\" \/>\n<meta property=\"og:site_name\" content=\"FACECORNER\" \/>\n<meta property=\"article:publisher\" content=\"https:\/\/www.facebook.com\/profile.php?id=100063824551839\" \/>\n<meta property=\"article:modified_time\" content=\"2025-12-03T19:50:08+00:00\" \/>\n<meta property=\"og:image\" content=\"https:\/\/www.facecorner.lv\/wp-content\/uploads\/2025\/11\/wlizivbcaxvcm8vrdv9dd46z3yixnr3l-1.png\" \/>\n\t<meta property=\"og:image:width\" content=\"600\" \/>\n\t<meta property=\"og:image:height\" content=\"600\" \/>\n\t<meta property=\"og:image:type\" content=\"image\/png\" \/>\n<meta name=\"twitter:card\" content=\"summary_large_image\" \/>\n<meta name=\"twitter:label1\" content=\"Price\" \/>\n\t<meta name=\"twitter:data1\" content=\"&euro;37.90\" \/>\n\t<meta name=\"twitter:label2\" content=\"Availability\" \/>\n\t<meta name=\"twitter:data2\" content=\"In stock\" \/>\n<script type=\"application\/ld+json\" class=\"yoast-schema-graph\">{\"@context\":\"https:\\\/\\\/schema.org\",\"@graph\":[{\"@type\":\"WebPage\",\"@id\":\"https:\\\/\\\/www.facecorner.lv\\\/shop\\\/medipeel-red-lacto-collagen-3000-shot-serum-pretnovecosanas-serums-ar-kolagenu-un-peptidiem-50ml\\\/\",\"url\":\"https:\\\/\\\/www.facecorner.lv\\\/shop\\\/medipeel-red-lacto-collagen-3000-shot-serum-pretnovecosanas-serums-ar-kolagenu-un-peptidiem-50ml\\\/\",\"name\":\"Medipeel Red Lacto Collagen 3000 Shot Serum pretnoveco\u0161an\u0101s serums ar kolag\u0113nu un pept\u012bdiem 50ml - FACECORNER\",\"isPartOf\":{\"@id\":\"https:\\\/\\\/www.facecorner.lv\\\/#website\"},\"primaryImageOfPage\":{\"@id\":\"https:\\\/\\\/www.facecorner.lv\\\/shop\\\/medipeel-red-lacto-collagen-3000-shot-serum-pretnovecosanas-serums-ar-kolagenu-un-peptidiem-50ml\\\/#primaryimage\"},\"image\":{\"@id\":\"https:\\\/\\\/www.facecorner.lv\\\/shop\\\/medipeel-red-lacto-collagen-3000-shot-serum-pretnovecosanas-serums-ar-kolagenu-un-peptidiem-50ml\\\/#primaryimage\"},\"thumbnailUrl\":\"https:\\\/\\\/www.facecorner.lv\\\/wp-content\\\/uploads\\\/2025\\\/11\\\/wlizivbcaxvcm8vrdv9dd46z3yixnr3l-1.png\",\"datePublished\":\"2025-11-25T13:01:24+00:00\",\"dateModified\":\"2025-12-03T19:50:08+00:00\",\"description\":\"Medipeel Red Lacto Collagen 3000 Shot Serum \u2014 augsti efekt\u012bva Korejas seruma ar hidroliz\u0113tu kolag\u0113nu un pept\u012bdiem sejai.\",\"breadcrumb\":{\"@id\":\"https:\\\/\\\/www.facecorner.lv\\\/shop\\\/medipeel-red-lacto-collagen-3000-shot-serum-pretnovecosanas-serums-ar-kolagenu-un-peptidiem-50ml\\\/#breadcrumb\"},\"inLanguage\":\"lv-LV\",\"potentialAction\":[{\"@type\":\"ReadAction\",\"target\":[\"https:\\\/\\\/www.facecorner.lv\\\/shop\\\/medipeel-red-lacto-collagen-3000-shot-serum-pretnovecosanas-serums-ar-kolagenu-un-peptidiem-50ml\\\/\"]}]},{\"@type\":\"ImageObject\",\"inLanguage\":\"lv-LV\",\"@id\":\"https:\\\/\\\/www.facecorner.lv\\\/shop\\\/medipeel-red-lacto-collagen-3000-shot-serum-pretnovecosanas-serums-ar-kolagenu-un-peptidiem-50ml\\\/#primaryimage\",\"url\":\"https:\\\/\\\/www.facecorner.lv\\\/wp-content\\\/uploads\\\/2025\\\/11\\\/wlizivbcaxvcm8vrdv9dd46z3yixnr3l-1.png\",\"contentUrl\":\"https:\\\/\\\/www.facecorner.lv\\\/wp-content\\\/uploads\\\/2025\\\/11\\\/wlizivbcaxvcm8vrdv9dd46z3yixnr3l-1.png\",\"width\":600,\"height\":600,\"caption\":\"Medipeel Red Lacto Collagen 3000 Shot Serum\"},{\"@type\":\"BreadcrumbList\",\"@id\":\"https:\\\/\\\/www.facecorner.lv\\\/shop\\\/medipeel-red-lacto-collagen-3000-shot-serum-pretnovecosanas-serums-ar-kolagenu-un-peptidiem-50ml\\\/#breadcrumb\",\"itemListElement\":[{\"@type\":\"ListItem\",\"position\":1,\"name\":\"Home\",\"item\":\"https:\\\/\\\/www.facecorner.lv\\\/\"},{\"@type\":\"ListItem\",\"position\":2,\"name\":\"Veikals\",\"item\":\"https:\\\/\\\/www.facecorner.lv\\\/shop\\\/\"},{\"@type\":\"ListItem\",\"position\":3,\"name\":\"Medipeel Red Lacto Collagen 3000 Shot Serum pretnoveco\u0161an\u0101s serums ar kolag\u0113nu un pept\u012bdiem 50ml\"}]},{\"@type\":\"WebSite\",\"@id\":\"https:\\\/\\\/www.facecorner.lv\\\/#website\",\"url\":\"https:\\\/\\\/www.facecorner.lv\\\/\",\"name\":\"Facecorner\",\"description\":\"\",\"publisher\":{\"@id\":\"https:\\\/\\\/www.facecorner.lv\\\/#organization\"},\"potentialAction\":[{\"@type\":\"SearchAction\",\"target\":{\"@type\":\"EntryPoint\",\"urlTemplate\":\"https:\\\/\\\/www.facecorner.lv\\\/?s={search_term_string}\"},\"query-input\":{\"@type\":\"PropertyValueSpecification\",\"valueRequired\":true,\"valueName\":\"search_term_string\"}}],\"inLanguage\":\"lv-LV\"},{\"@type\":\"Organization\",\"@id\":\"https:\\\/\\\/www.facecorner.lv\\\/#organization\",\"name\":\"Facecorner\",\"url\":\"https:\\\/\\\/www.facecorner.lv\\\/\",\"logo\":{\"@type\":\"ImageObject\",\"inLanguage\":\"lv-LV\",\"@id\":\"https:\\\/\\\/www.facecorner.lv\\\/#\\\/schema\\\/logo\\\/image\\\/\",\"url\":\"https:\\\/\\\/www.facecorner.lv\\\/wp-content\\\/uploads\\\/2024\\\/04\\\/fc-logo.jpg\",\"contentUrl\":\"https:\\\/\\\/www.facecorner.lv\\\/wp-content\\\/uploads\\\/2024\\\/04\\\/fc-logo.jpg\",\"width\":174,\"height\":28,\"caption\":\"Facecorner\"},\"image\":{\"@id\":\"https:\\\/\\\/www.facecorner.lv\\\/#\\\/schema\\\/logo\\\/image\\\/\"},\"sameAs\":[\"https:\\\/\\\/www.facebook.com\\\/profile.php?id=100063824551839\",\"https:\\\/\\\/www.instagram.com\\\/facecorner_shop\\\/\"]}]}<\/script>\n<meta property=\"product:price:amount\" content=\"37.90\" \/>\n<meta property=\"product:price:currency\" content=\"EUR\" \/>\n<meta property=\"og:availability\" content=\"instock\" \/>\n<meta property=\"product:availability\" content=\"instock\" \/>\n<meta property=\"product:condition\" content=\"new\" \/>\n<!-- \/ Yoast SEO plugin. -->","yoast_head_json":{"title":"Medipeel Red Lacto Collagen 3000 Shot Serum pretnoveco\u0161an\u0101s serums ar kolag\u0113nu un pept\u012bdiem 50ml - FACECORNER","description":"Medipeel Red Lacto Collagen 3000 Shot Serum \u2014 augsti efekt\u012bva Korejas seruma ar hidroliz\u0113tu kolag\u0113nu un pept\u012bdiem sejai.","robots":{"index":"index","follow":"follow","max-snippet":"max-snippet:-1","max-image-preview":"max-image-preview:large","max-video-preview":"max-video-preview:-1"},"canonical":"https:\/\/www.facecorner.lv\/lv\/shop\/medipeel-red-lacto-collagen-3000-shot-serum-pretnovecosanas-serums-ar-kolagenu-un-peptidiem-50ml\/","og_locale":"lv_LV","og_type":"article","og_title":"Medipeel Red Lacto Collagen 3000 Shot Serum pretnoveco\u0161an\u0101s serums ar kolag\u0113nu un pept\u012bdiem 50ml - FACECORNER","og_description":"Medipeel Red Lacto Collagen 3000 Shot Serum \u2014 augsti efekt\u012bva Korejas seruma ar hidroliz\u0113tu kolag\u0113nu un pept\u012bdiem sejai.","og_url":"https:\/\/www.facecorner.lv\/lv\/shop\/medipeel-red-lacto-collagen-3000-shot-serum-pretnovecosanas-serums-ar-kolagenu-un-peptidiem-50ml\/","og_site_name":"FACECORNER","article_publisher":"https:\/\/www.facebook.com\/profile.php?id=100063824551839","article_modified_time":"2025-12-03T19:50:08+00:00","og_image":[{"width":600,"height":600,"url":"https:\/\/www.facecorner.lv\/wp-content\/uploads\/2025\/11\/wlizivbcaxvcm8vrdv9dd46z3yixnr3l-1.png","type":"image\/png"}],"twitter_card":"summary_large_image","twitter_misc":{"Price":"&euro;37.90","Availability":"In stock"},"schema":{"@context":"https:\/\/schema.org","@graph":[{"@type":"WebPage","@id":"https:\/\/www.facecorner.lv\/shop\/medipeel-red-lacto-collagen-3000-shot-serum-pretnovecosanas-serums-ar-kolagenu-un-peptidiem-50ml\/","url":"https:\/\/www.facecorner.lv\/shop\/medipeel-red-lacto-collagen-3000-shot-serum-pretnovecosanas-serums-ar-kolagenu-un-peptidiem-50ml\/","name":"Medipeel Red Lacto Collagen 3000 Shot Serum pretnoveco\u0161an\u0101s serums ar kolag\u0113nu un pept\u012bdiem 50ml - FACECORNER","isPartOf":{"@id":"https:\/\/www.facecorner.lv\/#website"},"primaryImageOfPage":{"@id":"https:\/\/www.facecorner.lv\/shop\/medipeel-red-lacto-collagen-3000-shot-serum-pretnovecosanas-serums-ar-kolagenu-un-peptidiem-50ml\/#primaryimage"},"image":{"@id":"https:\/\/www.facecorner.lv\/shop\/medipeel-red-lacto-collagen-3000-shot-serum-pretnovecosanas-serums-ar-kolagenu-un-peptidiem-50ml\/#primaryimage"},"thumbnailUrl":"https:\/\/www.facecorner.lv\/wp-content\/uploads\/2025\/11\/wlizivbcaxvcm8vrdv9dd46z3yixnr3l-1.png","datePublished":"2025-11-25T13:01:24+00:00","dateModified":"2025-12-03T19:50:08+00:00","description":"Medipeel Red Lacto Collagen 3000 Shot Serum \u2014 augsti efekt\u012bva Korejas seruma ar hidroliz\u0113tu kolag\u0113nu un pept\u012bdiem sejai.","breadcrumb":{"@id":"https:\/\/www.facecorner.lv\/shop\/medipeel-red-lacto-collagen-3000-shot-serum-pretnovecosanas-serums-ar-kolagenu-un-peptidiem-50ml\/#breadcrumb"},"inLanguage":"lv-LV","potentialAction":[{"@type":"ReadAction","target":["https:\/\/www.facecorner.lv\/shop\/medipeel-red-lacto-collagen-3000-shot-serum-pretnovecosanas-serums-ar-kolagenu-un-peptidiem-50ml\/"]}]},{"@type":"ImageObject","inLanguage":"lv-LV","@id":"https:\/\/www.facecorner.lv\/shop\/medipeel-red-lacto-collagen-3000-shot-serum-pretnovecosanas-serums-ar-kolagenu-un-peptidiem-50ml\/#primaryimage","url":"https:\/\/www.facecorner.lv\/wp-content\/uploads\/2025\/11\/wlizivbcaxvcm8vrdv9dd46z3yixnr3l-1.png","contentUrl":"https:\/\/www.facecorner.lv\/wp-content\/uploads\/2025\/11\/wlizivbcaxvcm8vrdv9dd46z3yixnr3l-1.png","width":600,"height":600,"caption":"Medipeel Red Lacto Collagen 3000 Shot Serum"},{"@type":"BreadcrumbList","@id":"https:\/\/www.facecorner.lv\/shop\/medipeel-red-lacto-collagen-3000-shot-serum-pretnovecosanas-serums-ar-kolagenu-un-peptidiem-50ml\/#breadcrumb","itemListElement":[{"@type":"ListItem","position":1,"name":"Home","item":"https:\/\/www.facecorner.lv\/"},{"@type":"ListItem","position":2,"name":"Veikals","item":"https:\/\/www.facecorner.lv\/shop\/"},{"@type":"ListItem","position":3,"name":"Medipeel Red Lacto Collagen 3000 Shot Serum pretnoveco\u0161an\u0101s serums ar kolag\u0113nu un pept\u012bdiem 50ml"}]},{"@type":"WebSite","@id":"https:\/\/www.facecorner.lv\/#website","url":"https:\/\/www.facecorner.lv\/","name":"Facecorner","description":"","publisher":{"@id":"https:\/\/www.facecorner.lv\/#organization"},"potentialAction":[{"@type":"SearchAction","target":{"@type":"EntryPoint","urlTemplate":"https:\/\/www.facecorner.lv\/?s={search_term_string}"},"query-input":{"@type":"PropertyValueSpecification","valueRequired":true,"valueName":"search_term_string"}}],"inLanguage":"lv-LV"},{"@type":"Organization","@id":"https:\/\/www.facecorner.lv\/#organization","name":"Facecorner","url":"https:\/\/www.facecorner.lv\/","logo":{"@type":"ImageObject","inLanguage":"lv-LV","@id":"https:\/\/www.facecorner.lv\/#\/schema\/logo\/image\/","url":"https:\/\/www.facecorner.lv\/wp-content\/uploads\/2024\/04\/fc-logo.jpg","contentUrl":"https:\/\/www.facecorner.lv\/wp-content\/uploads\/2024\/04\/fc-logo.jpg","width":174,"height":28,"caption":"Facecorner"},"image":{"@id":"https:\/\/www.facecorner.lv\/#\/schema\/logo\/image\/"},"sameAs":["https:\/\/www.facebook.com\/profile.php?id=100063824551839","https:\/\/www.instagram.com\/facecorner_shop\/"]}]},"product_price_amount":"37.90","product_price_currency":"EUR","og_availability":"instock","product_availability":"instock","product_condition":"new"},"_links":{"self":[{"href":"https:\/\/www.facecorner.lv\/lv\/wp-json\/wp\/v2\/product\/26163","targetHints":{"allow":["GET"]}}],"collection":[{"href":"https:\/\/www.facecorner.lv\/lv\/wp-json\/wp\/v2\/product"}],"about":[{"href":"https:\/\/www.facecorner.lv\/lv\/wp-json\/wp\/v2\/types\/product"}],"replies":[{"embeddable":true,"href":"https:\/\/www.facecorner.lv\/lv\/wp-json\/wp\/v2\/comments?post=26163"}],"wp:featuredmedia":[{"embeddable":true,"href":"https:\/\/www.facecorner.lv\/lv\/wp-json\/wp\/v2\/media\/26164"}],"wp:attachment":[{"href":"https:\/\/www.facecorner.lv\/lv\/wp-json\/wp\/v2\/media?parent=26163"}],"wp:term":[{"taxonomy":"product_brand","embeddable":true,"href":"https:\/\/www.facecorner.lv\/lv\/wp-json\/wp\/v2\/product_brand?post=26163"},{"taxonomy":"product_cat","embeddable":true,"href":"https:\/\/www.facecorner.lv\/lv\/wp-json\/wp\/v2\/product_cat?post=26163"},{"taxonomy":"product_tag","embeddable":true,"href":"https:\/\/www.facecorner.lv\/lv\/wp-json\/wp\/v2\/product_tag?post=26163"},{"taxonomy":"berocket_brand","embeddable":true,"href":"https:\/\/www.facecorner.lv\/lv\/wp-json\/wp\/v2\/berocket_brand?post=26163"}],"curies":[{"name":"wp","href":"https:\/\/api.w.org\/{rel}","templated":true}]}}