{"id":26148,"date":"2025-11-25T15:10:33","date_gmt":"2025-11-25T12:10:33","guid":{"rendered":"https:\/\/www.facecorner.lv\/?post_type=product&#038;p=26148"},"modified":"2026-03-18T20:09:34","modified_gmt":"2026-03-18T17:09:34","slug":"celimax-pore-dark-spot-brightening-cream-mask","status":"publish","type":"product","link":"https:\/\/www.facecorner.lv\/lv\/shop\/celimax-pore-dark-spot-brightening-cream-mask\/","title":{"rendered":"Celimax Pore + Dark Spot Brightening Cream Mask"},"content":{"rendered":"<p>Celimax Pore + Dark Spot Brightening Cream Mask ir inovat\u012bva, izgaismojo\u0161a kr\u0113mveida maska, kas izstr\u0101d\u0101ta, lai c\u012bn\u012btos pret pigment\u0101ciju, p\u0113capnikas p\u016bt\u012bt\u0113m un nevienm\u0113r\u012bgu \u0101das toni.<\/p>\n<p>Pateicoties r\u016bp\u012bgi atlas\u012btiem akt\u012bvajiem komponentiem, t\u0101 ne tikai izl\u012bdzina sejas kr\u0101su, bet ar\u012b nostiprina \u0101das barjeru, padarot to iztur\u012bg\u0101ku, mitrin\u0101tu un mirdzo\u0161u.<\/p>\n<ul>\n<li>Atvieglo pigment\u0101ciju un p\u0113capnikas. Akt\u012bv\u0101s sast\u0101vda\u013cas samazina tum\u0161o plankumu intensit\u0101ti un nov\u0113r\u0161 jaunu par\u0101d\u012b\u0161anos.<\/li>\n<li>Izl\u012bdzina \u0101das toni un tekst\u016bru. \u0100da k\u013c\u016bst vienm\u0113r\u012bg\u0101ka, glud\u0101ka un mirdzo\u0161\u0101ka.<\/li>\n<li>Sa\u0161aurina poras un uzlabo sejas reljefu. Pal\u012bdz samazin\u0101t taukainu sp\u012bdumu un padara \u0101du vizu\u0101li t\u012br\u0101ku.<\/li>\n<li>Nostiprina \u0101das barjeru. Ceram\u012bdi un holester\u012bns atjauno lip\u012bdu sl\u0101ni un aizsarg\u0101 \u0101du no sausuma.<\/li>\n<li>Intens\u012bvi mitrina. Kr\u0113mveida esence dzi\u013ci mitrina \u0101du un nov\u0113r\u0161 mitruma zudumu.<\/li>\n<\/ul>\n<h6><strong>Akt\u012bv\u0101s sast\u0101vda\u013cas:<\/strong><\/h6>\n<ul>\n<li>5 % niac\u012bnam\u012bds \u2014 izgaismo tum\u0161os plankumus, samazina iekaisumu un regul\u0113 sebuma izdal\u012b\u0161anos.<\/li>\n<li>Traneksamsk\u0101be \u2014 sp\u0113c\u012bga sast\u0101vda\u013ca c\u012b\u0146ai pret hiperpigment\u0101ciju, nov\u0113r\u0161 \u0101das bl\u0101vumu un pel\u0113c\u012bgo nokr\u0101su.<\/li>\n<li>Melazero\u00ae \u2014 augu komplekss, kas samazina melan\u012bna sint\u0113zi un izl\u012bdzina \u0101das toni.<\/li>\n<li>Ceram\u012bdi un holester\u012bns \u2014 atjauno \u0101das barjeru, palielina elast\u012bbu un aizsarg\u0101 no dehidrat\u0101cijas.<\/li>\n<li>Beta-glik\u0101ns \u2014 nomierina \u0101du, pal\u012bdz \u0101tr\u0101k atjaunoties p\u0113c iekaisumiem.<\/li>\n<\/ul>\n<p><strong>Lieto\u0161ana<\/strong>: Not\u012briet \u0101du un, ja nepiecie\u0161ams, uzkl\u0101jiet toniku.Izkl\u0101jiet masku un uzman\u012bgi izl\u012bdziniet to pa seju.Atst\u0101jiet uz 15\u201320 min\u016bt\u0113m.No\u0146emiet masku un maigi iemas\u0113jiet \u0101das atliku\u0161o esenci.Lai pastiprin\u0101tu efektu, izmantojiet kr\u0113mu vai serumu ar niac\u012bnam\u012bdu\/traneksamsk\u0101bi.<\/p>\n<p><strong>Sast\u0101vs:<\/strong> Water, Niacinamide, Butylene Glycol, Methylpropanediol, Coco-Caprylate\/Caprate, Dipentaerythrityl Penta-Isononanoate, Betaine, Ammonium Acryloyldimethyltaurate\/VP Copolymer, Tranexamic Acid, 1,2-Hexanediol, Propanediol, Hydroxyacetophenone, Isostearyl Alcohol, Cetearyl Olivate, Butylene Glycol Cocoate, Sorbitan Olivate, Hydrogenated Olive Oil Unsaponifiables, Ceramide NP, Dipropylene Glycol, Glycerin, Xanthan Gum, Hydroxyethylcellulose, Adenosine, Eriobotrya Japonica Leaf Extract, Disodium EDTA, Sodium Hyaluronate, Hydrogenated Lecithin, Ethylcellulose, Glyceryl Stearate, Mentha Viridis (Spearmint) Leaf Extract, Hydrolyzed Hyaluronic Acid, Cholesterol, Ceramide AP, Ceramide NS, Ceramide AS, Beta-Glucan, Ceramide EOP.<\/p>\n","protected":false},"excerpt":{"rendered":"<p>Celimax Pore + Dark Spot Brightening Cream Mask ir inovat\u012bva, izgaismojo\u0161a kr\u0113mveida maska, kas izstr\u0101d\u0101ta, lai c\u012bn\u012btos pret pigment\u0101ciju, p\u0113capnikas p\u016bt\u012bt\u0113m un nevienm\u0113r\u012bgu \u0101das toni.<\/p>\n","protected":false},"featured_media":26149,"comment_status":"open","ping_status":"closed","template":"","meta":{"site-sidebar-layout":"default","site-content-layout":"","ast-site-content-layout":"default","site-content-style":"default","site-sidebar-style":"default","ast-global-header-display":"","ast-banner-title-visibility":"","ast-main-header-display":"","ast-hfb-above-header-display":"","ast-hfb-below-header-display":"","ast-hfb-mobile-header-display":"","site-post-title":"","ast-breadcrumbs-content":"","ast-featured-img":"","footer-sml-layout":"","theme-transparent-header-meta":"default","adv-header-id-meta":"","stick-header-meta":"","header-above-stick-meta":"","header-main-stick-meta":"","header-below-stick-meta":"","astra-migrate-meta-layouts":"set","ast-page-background-enabled":"default","ast-page-background-meta":{"desktop":{"background-color":"var(--ast-global-color-4)","background-image":"","background-repeat":"repeat","background-position":"center center","background-size":"auto","background-attachment":"scroll","background-type":"","background-media":"","overlay-type":"","overlay-color":"","overlay-opacity":"","overlay-gradient":""},"tablet":{"background-color":"","background-image":"","background-repeat":"repeat","background-position":"center center","background-size":"auto","background-attachment":"scroll","background-type":"","background-media":"","overlay-type":"","overlay-color":"","overlay-opacity":"","overlay-gradient":""},"mobile":{"background-color":"","background-image":"","background-repeat":"repeat","background-position":"center center","background-size":"auto","background-attachment":"scroll","background-type":"","background-media":"","overlay-type":"","overlay-color":"","overlay-opacity":"","overlay-gradient":""}},"ast-content-background-meta":{"desktop":{"background-color":"var(--ast-global-color-5)","background-image":"","background-repeat":"repeat","background-position":"center center","background-size":"auto","background-attachment":"scroll","background-type":"","background-media":"","overlay-type":"","overlay-color":"","overlay-opacity":"","overlay-gradient":""},"tablet":{"background-color":"var(--ast-global-color-5)","background-image":"","background-repeat":"repeat","background-position":"center center","background-size":"auto","background-attachment":"scroll","background-type":"","background-media":"","overlay-type":"","overlay-color":"","overlay-opacity":"","overlay-gradient":""},"mobile":{"background-color":"var(--ast-global-color-5)","background-image":"","background-repeat":"repeat","background-position":"center center","background-size":"auto","background-attachment":"scroll","background-type":"","background-media":"","overlay-type":"","overlay-color":"","overlay-opacity":"","overlay-gradient":""}}},"product_brand":[],"product_cat":[324,315,326],"product_tag":[],"berocket_brand":[604],"class_list":{"0":"post-26148","1":"product","2":"type-product","3":"status-publish","4":"has-post-thumbnail","6":"product_cat-auduma","7":"product_cat-maskas","8":"product_cat-mitrinosas","9":"berocket_brand-celimax","10":"desktop-align-left","11":"tablet-align-left","12":"mobile-align-left","14":"first","15":"instock","16":"taxable","17":"shipping-taxable","18":"purchasable","19":"product-type-simple","20":"add-to-wishlist-before_image"},"yoast_head":"<!-- This site is optimized with the Yoast SEO plugin v27.3 - https:\/\/yoast.com\/product\/yoast-seo-wordpress\/ -->\n<title>Celimax Pore + Dark Spot Brightening Cream Mask - FACECORNER<\/title>\n<meta name=\"description\" content=\"Celimax Pore + Dark Spot Brightening Cream Mask ir inovat\u012bva, izgaismojo\u0161a kr\u0113mveida maska, kas izstr\u0101d\u0101ta, lai c\u012bn\u012btos pret pigment\u0101ciju, p\u0113capnikas p\u016bt\u012bt\u0113m un nevienm\u0113r\u012bgu \u0101das toni.\" \/>\n<meta name=\"robots\" content=\"index, follow, max-snippet:-1, max-image-preview:large, max-video-preview:-1\" \/>\n<link rel=\"canonical\" href=\"https:\/\/www.facecorner.lv\/lv\/shop\/celimax-pore-dark-spot-brightening-cream-mask\/\" \/>\n<meta property=\"og:locale\" content=\"lv_LV\" \/>\n<meta property=\"og:type\" content=\"article\" \/>\n<meta property=\"og:title\" content=\"Celimax Pore + Dark Spot Brightening Cream Mask - FACECORNER\" \/>\n<meta property=\"og:description\" content=\"Celimax Pore + Dark Spot Brightening Cream Mask ir inovat\u012bva, izgaismojo\u0161a kr\u0113mveida maska, kas izstr\u0101d\u0101ta, lai c\u012bn\u012btos pret pigment\u0101ciju, p\u0113capnikas p\u016bt\u012bt\u0113m un nevienm\u0113r\u012bgu \u0101das toni.\" \/>\n<meta property=\"og:url\" content=\"https:\/\/www.facecorner.lv\/lv\/shop\/celimax-pore-dark-spot-brightening-cream-mask\/\" \/>\n<meta property=\"og:site_name\" content=\"FACECORNER\" \/>\n<meta property=\"article:publisher\" content=\"https:\/\/www.facebook.com\/profile.php?id=100063824551839\" \/>\n<meta property=\"article:modified_time\" content=\"2026-03-18T17:09:34+00:00\" \/>\n<meta property=\"og:image\" content=\"https:\/\/www.facecorner.lv\/wp-content\/uploads\/2025\/11\/Celimax-Pore-Dark-Spot-Brightening-Cream-Mask-c3d0fa7d.jpg\" \/>\n\t<meta property=\"og:image:width\" content=\"1000\" \/>\n\t<meta property=\"og:image:height\" content=\"1000\" \/>\n\t<meta property=\"og:image:type\" content=\"image\/jpeg\" \/>\n<meta name=\"twitter:card\" content=\"summary_large_image\" \/>\n<meta name=\"twitter:label1\" content=\"Price\" \/>\n\t<meta name=\"twitter:data1\" content=\"&euro;8.00\" \/>\n\t<meta name=\"twitter:label2\" content=\"Availability\" \/>\n\t<meta name=\"twitter:data2\" content=\"In stock\" \/>\n<script type=\"application\/ld+json\" class=\"yoast-schema-graph\">{\"@context\":\"https:\\\/\\\/schema.org\",\"@graph\":[{\"@type\":\"WebPage\",\"@id\":\"https:\\\/\\\/www.facecorner.lv\\\/shop\\\/celimax-pore-dark-spot-brightening-cream-mask\\\/\",\"url\":\"https:\\\/\\\/www.facecorner.lv\\\/shop\\\/celimax-pore-dark-spot-brightening-cream-mask\\\/\",\"name\":\"Celimax Pore + Dark Spot Brightening Cream Mask - FACECORNER\",\"isPartOf\":{\"@id\":\"https:\\\/\\\/www.facecorner.lv\\\/#website\"},\"primaryImageOfPage\":{\"@id\":\"https:\\\/\\\/www.facecorner.lv\\\/shop\\\/celimax-pore-dark-spot-brightening-cream-mask\\\/#primaryimage\"},\"image\":{\"@id\":\"https:\\\/\\\/www.facecorner.lv\\\/shop\\\/celimax-pore-dark-spot-brightening-cream-mask\\\/#primaryimage\"},\"thumbnailUrl\":\"https:\\\/\\\/www.facecorner.lv\\\/wp-content\\\/uploads\\\/2025\\\/11\\\/Celimax-Pore-Dark-Spot-Brightening-Cream-Mask-c3d0fa7d.jpg\",\"datePublished\":\"2025-11-25T12:10:33+00:00\",\"dateModified\":\"2026-03-18T17:09:34+00:00\",\"description\":\"Celimax Pore + Dark Spot Brightening Cream Mask ir inovat\u012bva, izgaismojo\u0161a kr\u0113mveida maska, kas izstr\u0101d\u0101ta, lai c\u012bn\u012btos pret pigment\u0101ciju, p\u0113capnikas p\u016bt\u012bt\u0113m un nevienm\u0113r\u012bgu \u0101das toni.\",\"breadcrumb\":{\"@id\":\"https:\\\/\\\/www.facecorner.lv\\\/shop\\\/celimax-pore-dark-spot-brightening-cream-mask\\\/#breadcrumb\"},\"inLanguage\":\"lv-LV\",\"potentialAction\":[{\"@type\":\"ReadAction\",\"target\":[\"https:\\\/\\\/www.facecorner.lv\\\/shop\\\/celimax-pore-dark-spot-brightening-cream-mask\\\/\"]}]},{\"@type\":\"ImageObject\",\"inLanguage\":\"lv-LV\",\"@id\":\"https:\\\/\\\/www.facecorner.lv\\\/shop\\\/celimax-pore-dark-spot-brightening-cream-mask\\\/#primaryimage\",\"url\":\"https:\\\/\\\/www.facecorner.lv\\\/wp-content\\\/uploads\\\/2025\\\/11\\\/Celimax-Pore-Dark-Spot-Brightening-Cream-Mask-c3d0fa7d.jpg\",\"contentUrl\":\"https:\\\/\\\/www.facecorner.lv\\\/wp-content\\\/uploads\\\/2025\\\/11\\\/Celimax-Pore-Dark-Spot-Brightening-Cream-Mask-c3d0fa7d.jpg\",\"width\":1000,\"height\":1000,\"caption\":\"Celimax Pore + Dark Spot Brightening Cream Mask\"},{\"@type\":\"BreadcrumbList\",\"@id\":\"https:\\\/\\\/www.facecorner.lv\\\/shop\\\/celimax-pore-dark-spot-brightening-cream-mask\\\/#breadcrumb\",\"itemListElement\":[{\"@type\":\"ListItem\",\"position\":1,\"name\":\"Home\",\"item\":\"https:\\\/\\\/www.facecorner.lv\\\/\"},{\"@type\":\"ListItem\",\"position\":2,\"name\":\"Veikals\",\"item\":\"https:\\\/\\\/www.facecorner.lv\\\/shop\\\/\"},{\"@type\":\"ListItem\",\"position\":3,\"name\":\"Celimax Pore + Dark Spot Brightening Cream Mask\"}]},{\"@type\":\"WebSite\",\"@id\":\"https:\\\/\\\/www.facecorner.lv\\\/#website\",\"url\":\"https:\\\/\\\/www.facecorner.lv\\\/\",\"name\":\"Facecorner\",\"description\":\"\",\"publisher\":{\"@id\":\"https:\\\/\\\/www.facecorner.lv\\\/#organization\"},\"potentialAction\":[{\"@type\":\"SearchAction\",\"target\":{\"@type\":\"EntryPoint\",\"urlTemplate\":\"https:\\\/\\\/www.facecorner.lv\\\/?s={search_term_string}\"},\"query-input\":{\"@type\":\"PropertyValueSpecification\",\"valueRequired\":true,\"valueName\":\"search_term_string\"}}],\"inLanguage\":\"lv-LV\"},{\"@type\":\"Organization\",\"@id\":\"https:\\\/\\\/www.facecorner.lv\\\/#organization\",\"name\":\"Facecorner\",\"url\":\"https:\\\/\\\/www.facecorner.lv\\\/\",\"logo\":{\"@type\":\"ImageObject\",\"inLanguage\":\"lv-LV\",\"@id\":\"https:\\\/\\\/www.facecorner.lv\\\/#\\\/schema\\\/logo\\\/image\\\/\",\"url\":\"https:\\\/\\\/www.facecorner.lv\\\/wp-content\\\/uploads\\\/2024\\\/04\\\/fc-logo.jpg\",\"contentUrl\":\"https:\\\/\\\/www.facecorner.lv\\\/wp-content\\\/uploads\\\/2024\\\/04\\\/fc-logo.jpg\",\"width\":174,\"height\":28,\"caption\":\"Facecorner\"},\"image\":{\"@id\":\"https:\\\/\\\/www.facecorner.lv\\\/#\\\/schema\\\/logo\\\/image\\\/\"},\"sameAs\":[\"https:\\\/\\\/www.facebook.com\\\/profile.php?id=100063824551839\",\"https:\\\/\\\/www.instagram.com\\\/facecorner_shop\\\/\"]}]}<\/script>\n<meta property=\"product:price:amount\" content=\"8.00\" \/>\n<meta property=\"product:price:currency\" content=\"EUR\" \/>\n<meta property=\"og:availability\" content=\"instock\" \/>\n<meta property=\"product:availability\" content=\"instock\" \/>\n<meta property=\"product:condition\" content=\"new\" \/>\n<!-- \/ Yoast SEO plugin. -->","yoast_head_json":{"title":"Celimax Pore + Dark Spot Brightening Cream Mask - FACECORNER","description":"Celimax Pore + Dark Spot Brightening Cream Mask ir inovat\u012bva, izgaismojo\u0161a kr\u0113mveida maska, kas izstr\u0101d\u0101ta, lai c\u012bn\u012btos pret pigment\u0101ciju, p\u0113capnikas p\u016bt\u012bt\u0113m un nevienm\u0113r\u012bgu \u0101das toni.","robots":{"index":"index","follow":"follow","max-snippet":"max-snippet:-1","max-image-preview":"max-image-preview:large","max-video-preview":"max-video-preview:-1"},"canonical":"https:\/\/www.facecorner.lv\/lv\/shop\/celimax-pore-dark-spot-brightening-cream-mask\/","og_locale":"lv_LV","og_type":"article","og_title":"Celimax Pore + Dark Spot Brightening Cream Mask - FACECORNER","og_description":"Celimax Pore + Dark Spot Brightening Cream Mask ir inovat\u012bva, izgaismojo\u0161a kr\u0113mveida maska, kas izstr\u0101d\u0101ta, lai c\u012bn\u012btos pret pigment\u0101ciju, p\u0113capnikas p\u016bt\u012bt\u0113m un nevienm\u0113r\u012bgu \u0101das toni.","og_url":"https:\/\/www.facecorner.lv\/lv\/shop\/celimax-pore-dark-spot-brightening-cream-mask\/","og_site_name":"FACECORNER","article_publisher":"https:\/\/www.facebook.com\/profile.php?id=100063824551839","article_modified_time":"2026-03-18T17:09:34+00:00","og_image":[{"width":1000,"height":1000,"url":"https:\/\/www.facecorner.lv\/wp-content\/uploads\/2025\/11\/Celimax-Pore-Dark-Spot-Brightening-Cream-Mask-c3d0fa7d.jpg","type":"image\/jpeg"}],"twitter_card":"summary_large_image","twitter_misc":{"Price":"&euro;8.00","Availability":"In stock"},"schema":{"@context":"https:\/\/schema.org","@graph":[{"@type":"WebPage","@id":"https:\/\/www.facecorner.lv\/shop\/celimax-pore-dark-spot-brightening-cream-mask\/","url":"https:\/\/www.facecorner.lv\/shop\/celimax-pore-dark-spot-brightening-cream-mask\/","name":"Celimax Pore + Dark Spot Brightening Cream Mask - FACECORNER","isPartOf":{"@id":"https:\/\/www.facecorner.lv\/#website"},"primaryImageOfPage":{"@id":"https:\/\/www.facecorner.lv\/shop\/celimax-pore-dark-spot-brightening-cream-mask\/#primaryimage"},"image":{"@id":"https:\/\/www.facecorner.lv\/shop\/celimax-pore-dark-spot-brightening-cream-mask\/#primaryimage"},"thumbnailUrl":"https:\/\/www.facecorner.lv\/wp-content\/uploads\/2025\/11\/Celimax-Pore-Dark-Spot-Brightening-Cream-Mask-c3d0fa7d.jpg","datePublished":"2025-11-25T12:10:33+00:00","dateModified":"2026-03-18T17:09:34+00:00","description":"Celimax Pore + Dark Spot Brightening Cream Mask ir inovat\u012bva, izgaismojo\u0161a kr\u0113mveida maska, kas izstr\u0101d\u0101ta, lai c\u012bn\u012btos pret pigment\u0101ciju, p\u0113capnikas p\u016bt\u012bt\u0113m un nevienm\u0113r\u012bgu \u0101das toni.","breadcrumb":{"@id":"https:\/\/www.facecorner.lv\/shop\/celimax-pore-dark-spot-brightening-cream-mask\/#breadcrumb"},"inLanguage":"lv-LV","potentialAction":[{"@type":"ReadAction","target":["https:\/\/www.facecorner.lv\/shop\/celimax-pore-dark-spot-brightening-cream-mask\/"]}]},{"@type":"ImageObject","inLanguage":"lv-LV","@id":"https:\/\/www.facecorner.lv\/shop\/celimax-pore-dark-spot-brightening-cream-mask\/#primaryimage","url":"https:\/\/www.facecorner.lv\/wp-content\/uploads\/2025\/11\/Celimax-Pore-Dark-Spot-Brightening-Cream-Mask-c3d0fa7d.jpg","contentUrl":"https:\/\/www.facecorner.lv\/wp-content\/uploads\/2025\/11\/Celimax-Pore-Dark-Spot-Brightening-Cream-Mask-c3d0fa7d.jpg","width":1000,"height":1000,"caption":"Celimax Pore + Dark Spot Brightening Cream Mask"},{"@type":"BreadcrumbList","@id":"https:\/\/www.facecorner.lv\/shop\/celimax-pore-dark-spot-brightening-cream-mask\/#breadcrumb","itemListElement":[{"@type":"ListItem","position":1,"name":"Home","item":"https:\/\/www.facecorner.lv\/"},{"@type":"ListItem","position":2,"name":"Veikals","item":"https:\/\/www.facecorner.lv\/shop\/"},{"@type":"ListItem","position":3,"name":"Celimax Pore + Dark Spot Brightening Cream Mask"}]},{"@type":"WebSite","@id":"https:\/\/www.facecorner.lv\/#website","url":"https:\/\/www.facecorner.lv\/","name":"Facecorner","description":"","publisher":{"@id":"https:\/\/www.facecorner.lv\/#organization"},"potentialAction":[{"@type":"SearchAction","target":{"@type":"EntryPoint","urlTemplate":"https:\/\/www.facecorner.lv\/?s={search_term_string}"},"query-input":{"@type":"PropertyValueSpecification","valueRequired":true,"valueName":"search_term_string"}}],"inLanguage":"lv-LV"},{"@type":"Organization","@id":"https:\/\/www.facecorner.lv\/#organization","name":"Facecorner","url":"https:\/\/www.facecorner.lv\/","logo":{"@type":"ImageObject","inLanguage":"lv-LV","@id":"https:\/\/www.facecorner.lv\/#\/schema\/logo\/image\/","url":"https:\/\/www.facecorner.lv\/wp-content\/uploads\/2024\/04\/fc-logo.jpg","contentUrl":"https:\/\/www.facecorner.lv\/wp-content\/uploads\/2024\/04\/fc-logo.jpg","width":174,"height":28,"caption":"Facecorner"},"image":{"@id":"https:\/\/www.facecorner.lv\/#\/schema\/logo\/image\/"},"sameAs":["https:\/\/www.facebook.com\/profile.php?id=100063824551839","https:\/\/www.instagram.com\/facecorner_shop\/"]}]},"product_price_amount":"8.00","product_price_currency":"EUR","og_availability":"instock","product_availability":"instock","product_condition":"new"},"_links":{"self":[{"href":"https:\/\/www.facecorner.lv\/lv\/wp-json\/wp\/v2\/product\/26148","targetHints":{"allow":["GET"]}}],"collection":[{"href":"https:\/\/www.facecorner.lv\/lv\/wp-json\/wp\/v2\/product"}],"about":[{"href":"https:\/\/www.facecorner.lv\/lv\/wp-json\/wp\/v2\/types\/product"}],"replies":[{"embeddable":true,"href":"https:\/\/www.facecorner.lv\/lv\/wp-json\/wp\/v2\/comments?post=26148"}],"wp:featuredmedia":[{"embeddable":true,"href":"https:\/\/www.facecorner.lv\/lv\/wp-json\/wp\/v2\/media\/26149"}],"wp:attachment":[{"href":"https:\/\/www.facecorner.lv\/lv\/wp-json\/wp\/v2\/media?parent=26148"}],"wp:term":[{"taxonomy":"product_brand","embeddable":true,"href":"https:\/\/www.facecorner.lv\/lv\/wp-json\/wp\/v2\/product_brand?post=26148"},{"taxonomy":"product_cat","embeddable":true,"href":"https:\/\/www.facecorner.lv\/lv\/wp-json\/wp\/v2\/product_cat?post=26148"},{"taxonomy":"product_tag","embeddable":true,"href":"https:\/\/www.facecorner.lv\/lv\/wp-json\/wp\/v2\/product_tag?post=26148"},{"taxonomy":"berocket_brand","embeddable":true,"href":"https:\/\/www.facecorner.lv\/lv\/wp-json\/wp\/v2\/berocket_brand?post=26148"}],"curies":[{"name":"wp","href":"https:\/\/api.w.org\/{rel}","templated":true}]}}