{"id":26096,"date":"2025-11-14T16:16:11","date_gmt":"2025-11-14T13:16:11","guid":{"rendered":"https:\/\/www.facecorner.lv\/?post_type=product&#038;p=26096"},"modified":"2026-03-30T10:44:19","modified_gmt":"2026-03-30T07:44:19","slug":"rejuran-pdrn-cream-nutritive-intensiva-adas-barosana-un-atjaunosana-ar-pdrn-50ml","status":"publish","type":"product","link":"https:\/\/www.facecorner.lv\/lv\/shop\/rejuran-pdrn-cream-nutritive-intensiva-adas-barosana-un-atjaunosana-ar-pdrn-50ml\/","title":{"rendered":"Rejuran PDRN Cream Nutritive  intens\u012bva \u0101das baro\u0161ana un atjauno\u0161ana ar PDRN 50ml"},"content":{"rendered":"<p>Rejuran PDRN Cream Nutritive ir augst\u0101k\u0101s kvalit\u0101tes barojo\u0161s kr\u0113ms, kas izstr\u0101d\u0101ts uz firmas kompleksa PDRN b\u0101zes, kas stimul\u0113 \u0161\u016bnu re\u0123ener\u0101ciju, nostiprina \u0101du un palielina t\u0101s elast\u012bbu.<\/p>\n<p>Formula ir paredz\u0113ta \u0101das dzi\u013cai baro\u0161anai, atjauno\u0161anai un atjaunin\u0101\u0161anai, padarot to bl\u012bvu, gludu un vesel\u012bgu no iek\u0161puses.<\/p>\n<p><strong>Kr\u0113ms ir ide\u0101li piem\u0113rots sausai, jut\u012bgai, pl\u0101nai un novecoju\u0161ai \u0101dai, k\u0101 ar\u012b atvese\u013co\u0161an\u0101s period\u0101 p\u0113c kosmetolo\u0123isk\u0101m proced\u016br\u0101m.<\/strong><\/p>\n<p>Bl\u012bva, bet pat\u012bkama tekst\u016bra uzreiz m\u012bkstina \u0101du un nodro\u0161ina ilgsto\u0161u barojo\u0161u efektu.<\/p>\n<h5>Rejuran priek\u0161roc\u012bbas:<\/h5>\n<ul>\n<li>intens\u012bva \u0101das baro\u0161ana un atjauno\u0161ana<\/li>\n<li>aizsargbarjeras stiprin\u0101\u0161ana<\/li>\n<li>grumbu izl\u012bdzin\u0101\u0161ana un samazin\u0101\u0161ana<\/li>\n<li>tonusa un elast\u012bbas uzlabo\u0161ana<\/li>\n<li>re\u0123ener\u0101cijas pa\u0101trin\u0101\u0161ana ar PDRN kompleksa pal\u012bdz\u012bbu<\/li>\n<li>dzi\u013ca mitrin\u0101\u0161ana un m\u012bkstin\u0101\u0161ana<\/li>\n<li>piem\u0113rots jut\u012bgai un boj\u0101tai \u0101dai<\/li>\n<\/ul>\n<p><strong>Lieto\u0161ana:<\/strong> Not\u012briet \u0101du un uzkl\u0101jiet toniku.P\u0113c v\u0113l\u0113\u0161an\u0101s izmantojiet serumu vai esenci.Uzkl\u0101jiet nelielu daudzumu kr\u0113ma uz sejas un kakla.Viegli izl\u012bdziniet, l\u012bdz kr\u0113ms piln\u012bb\u0101 ies\u016bcies.<\/p>\n<p><strong>Sast\u0101vs:<\/strong> Aloe Barbadensis Leaf Juice, Punica Granatum Seed Oil, Simmondsia Chinensis Seed Oil, Argania Spinosa Kernel Oil, Pelargonium Graveolens Flower\/Leaf\/Stem Extract, Citrus Aurantium Dulcis Peel Extract, Cucumis Sativus Fruit Extract, Borago Officinalis Seed Oil, Rosa Canina Fruit Oil, Glycerin, Butyrospermum Parkii Butter, Caprylic\/Capric Triglyceride, Squalane, Cetyl Alcohol, Glyceryl Stearate, Cetearyl Alcohol, Dimethicone, Sodium Hyaluronate, Tocopheryl Acetate, \u03b1-Bisabolol, Panthenol, Ethylhexylglycerin, Caprylyl Glycol, Phenoxyethanol, Hydrolyzed DNA (c-PDRN), Natural Fragrance, Avena Sativa Kernel Extract, Carbomer, Sodium Benzoate, Adenosine, Glycyrrhiza Glabra Root Extract<\/p>\n<p data-start=\"824\" data-end=\"954\" data-is-last-node=\"\" data-is-only-node=\"\">\n","protected":false},"excerpt":{"rendered":"<p>Rejuran PDRN Cream Nutritive ir augst\u0101k\u0101s kvalit\u0101tes barojo\u0161s kr\u0113ms, kas izstr\u0101d\u0101ts uz firmas kompleksa PDRN (polideoksiribonukleot\u012bds) b\u0101zes, kas stimul\u0113 \u0161\u016bnu re\u0123ener\u0101ciju, nostiprina \u0101du un palielina t\u0101s elast\u012bbu. Formula ir paredz\u0113ta \u0101das dzi\u013cai baro\u0161anai, atjauno\u0161anai un atjaunin\u0101\u0161anai, padarot to bl\u012bvu, gludu un vesel\u012bgu no iek\u0161puses.<\/p>\n","protected":false},"featured_media":26097,"comment_status":"open","ping_status":"closed","template":"","meta":{"site-sidebar-layout":"default","site-content-layout":"","ast-site-content-layout":"default","site-content-style":"default","site-sidebar-style":"default","ast-global-header-display":"","ast-banner-title-visibility":"","ast-main-header-display":"","ast-hfb-above-header-display":"","ast-hfb-below-header-display":"","ast-hfb-mobile-header-display":"","site-post-title":"","ast-breadcrumbs-content":"","ast-featured-img":"","footer-sml-layout":"","theme-transparent-header-meta":"default","adv-header-id-meta":"","stick-header-meta":"","header-above-stick-meta":"","header-main-stick-meta":"","header-below-stick-meta":"","astra-migrate-meta-layouts":"set","ast-page-background-enabled":"default","ast-page-background-meta":{"desktop":{"background-color":"var(--ast-global-color-4)","background-image":"","background-repeat":"repeat","background-position":"center center","background-size":"auto","background-attachment":"scroll","background-type":"","background-media":"","overlay-type":"","overlay-color":"","overlay-opacity":"","overlay-gradient":""},"tablet":{"background-color":"","background-image":"","background-repeat":"repeat","background-position":"center center","background-size":"auto","background-attachment":"scroll","background-type":"","background-media":"","overlay-type":"","overlay-color":"","overlay-opacity":"","overlay-gradient":""},"mobile":{"background-color":"","background-image":"","background-repeat":"repeat","background-position":"center center","background-size":"auto","background-attachment":"scroll","background-type":"","background-media":"","overlay-type":"","overlay-color":"","overlay-opacity":"","overlay-gradient":""}},"ast-content-background-meta":{"desktop":{"background-color":"var(--ast-global-color-5)","background-image":"","background-repeat":"repeat","background-position":"center center","background-size":"auto","background-attachment":"scroll","background-type":"","background-media":"","overlay-type":"","overlay-color":"","overlay-opacity":"","overlay-gradient":""},"tablet":{"background-color":"var(--ast-global-color-5)","background-image":"","background-repeat":"repeat","background-position":"center center","background-size":"auto","background-attachment":"scroll","background-type":"","background-media":"","overlay-type":"","overlay-color":"","overlay-opacity":"","overlay-gradient":""},"mobile":{"background-color":"var(--ast-global-color-5)","background-image":"","background-repeat":"repeat","background-position":"center center","background-size":"auto","background-attachment":"scroll","background-type":"","background-media":"","overlay-type":"","overlay-color":"","overlay-opacity":"","overlay-gradient":""}}},"product_brand":[],"product_cat":[365,652,368,362],"product_tag":[],"berocket_brand":[639],"class_list":{"0":"post-26096","1":"product","2":"type-product","3":"status-publish","4":"has-post-thumbnail","6":"product_cat-barojoss","7":"product_cat-pdrn","8":"product_cat-pret-grumbam","9":"product_cat-sejas-krems","10":"berocket_brand-rejuran","11":"desktop-align-left","12":"tablet-align-left","13":"mobile-align-left","15":"first","16":"outofstock","17":"taxable","18":"shipping-taxable","19":"purchasable","20":"product-type-simple","21":"add-to-wishlist-before_image"},"yoast_head":"<!-- This site is optimized with the Yoast SEO plugin v27.3 - https:\/\/yoast.com\/product\/yoast-seo-wordpress\/ -->\n<title>Rejuran PDRN Cream Nutritive intens\u012bva \u0101das baro\u0161ana un atjauno\u0161ana ar PDRN 50ml - FACECORNER<\/title>\n<meta name=\"description\" content=\"Rejuran PDRN Cream Nutritive ir augst\u0101k\u0101s kvalit\u0101tes barojo\u0161s kr\u0113ms, kas izstr\u0101d\u0101ts uz firmas kompleksa PDRN b\u0101zes, kas stimul\u0113 \u0161\u016bnu re\u0123ener\u0101ciju, nostiprina \u0101du un palielina t\u0101s elast\u012bbu.\" \/>\n<meta name=\"robots\" content=\"index, follow, max-snippet:-1, max-image-preview:large, max-video-preview:-1\" \/>\n<link rel=\"canonical\" href=\"https:\/\/www.facecorner.lv\/lv\/shop\/rejuran-pdrn-cream-nutritive-intensiva-adas-barosana-un-atjaunosana-ar-pdrn-50ml\/\" \/>\n<meta property=\"og:locale\" content=\"lv_LV\" \/>\n<meta property=\"og:type\" content=\"article\" \/>\n<meta property=\"og:title\" content=\"Rejuran PDRN Cream Nutritive intens\u012bva \u0101das baro\u0161ana un atjauno\u0161ana ar PDRN 50ml - FACECORNER\" \/>\n<meta property=\"og:description\" content=\"Rejuran PDRN Cream Nutritive ir augst\u0101k\u0101s kvalit\u0101tes barojo\u0161s kr\u0113ms, kas izstr\u0101d\u0101ts uz firmas kompleksa PDRN b\u0101zes, kas stimul\u0113 \u0161\u016bnu re\u0123ener\u0101ciju, nostiprina \u0101du un palielina t\u0101s elast\u012bbu.\" \/>\n<meta property=\"og:url\" content=\"https:\/\/www.facecorner.lv\/lv\/shop\/rejuran-pdrn-cream-nutritive-intensiva-adas-barosana-un-atjaunosana-ar-pdrn-50ml\/\" \/>\n<meta property=\"og:site_name\" content=\"FACECORNER\" \/>\n<meta property=\"article:publisher\" content=\"https:\/\/www.facebook.com\/profile.php?id=100063824551839\" \/>\n<meta property=\"article:modified_time\" content=\"2026-03-30T07:44:19+00:00\" \/>\n<meta property=\"og:image\" content=\"https:\/\/www.facecorner.lv\/wp-content\/uploads\/2025\/11\/nutritive-1.jpg\" \/>\n\t<meta property=\"og:image:width\" content=\"1000\" \/>\n\t<meta property=\"og:image:height\" content=\"1000\" \/>\n\t<meta property=\"og:image:type\" content=\"image\/jpeg\" \/>\n<meta name=\"twitter:card\" content=\"summary_large_image\" \/>\n<meta name=\"twitter:label1\" content=\"Price\" \/>\n\t<meta name=\"twitter:data1\" content=\"&euro;49.90\" \/>\n\t<meta name=\"twitter:label2\" content=\"Availability\" \/>\n\t<meta name=\"twitter:data2\" content=\"Out of stock\" \/>\n<script type=\"application\/ld+json\" class=\"yoast-schema-graph\">{\"@context\":\"https:\\\/\\\/schema.org\",\"@graph\":[{\"@type\":\"WebPage\",\"@id\":\"https:\\\/\\\/www.facecorner.lv\\\/shop\\\/rejuran-pdrn-cream-nutritive-intensiva-adas-barosana-un-atjaunosana-ar-pdrn-50ml\\\/\",\"url\":\"https:\\\/\\\/www.facecorner.lv\\\/shop\\\/rejuran-pdrn-cream-nutritive-intensiva-adas-barosana-un-atjaunosana-ar-pdrn-50ml\\\/\",\"name\":\"Rejuran PDRN Cream Nutritive intens\u012bva \u0101das baro\u0161ana un atjauno\u0161ana ar PDRN 50ml - FACECORNER\",\"isPartOf\":{\"@id\":\"https:\\\/\\\/www.facecorner.lv\\\/#website\"},\"primaryImageOfPage\":{\"@id\":\"https:\\\/\\\/www.facecorner.lv\\\/shop\\\/rejuran-pdrn-cream-nutritive-intensiva-adas-barosana-un-atjaunosana-ar-pdrn-50ml\\\/#primaryimage\"},\"image\":{\"@id\":\"https:\\\/\\\/www.facecorner.lv\\\/shop\\\/rejuran-pdrn-cream-nutritive-intensiva-adas-barosana-un-atjaunosana-ar-pdrn-50ml\\\/#primaryimage\"},\"thumbnailUrl\":\"https:\\\/\\\/www.facecorner.lv\\\/wp-content\\\/uploads\\\/2025\\\/11\\\/nutritive-1.jpg\",\"datePublished\":\"2025-11-14T13:16:11+00:00\",\"dateModified\":\"2026-03-30T07:44:19+00:00\",\"description\":\"Rejuran PDRN Cream Nutritive ir augst\u0101k\u0101s kvalit\u0101tes barojo\u0161s kr\u0113ms, kas izstr\u0101d\u0101ts uz firmas kompleksa PDRN b\u0101zes, kas stimul\u0113 \u0161\u016bnu re\u0123ener\u0101ciju, nostiprina \u0101du un palielina t\u0101s elast\u012bbu.\",\"breadcrumb\":{\"@id\":\"https:\\\/\\\/www.facecorner.lv\\\/shop\\\/rejuran-pdrn-cream-nutritive-intensiva-adas-barosana-un-atjaunosana-ar-pdrn-50ml\\\/#breadcrumb\"},\"inLanguage\":\"lv-LV\",\"potentialAction\":[{\"@type\":\"ReadAction\",\"target\":[\"https:\\\/\\\/www.facecorner.lv\\\/shop\\\/rejuran-pdrn-cream-nutritive-intensiva-adas-barosana-un-atjaunosana-ar-pdrn-50ml\\\/\"]}]},{\"@type\":\"ImageObject\",\"inLanguage\":\"lv-LV\",\"@id\":\"https:\\\/\\\/www.facecorner.lv\\\/shop\\\/rejuran-pdrn-cream-nutritive-intensiva-adas-barosana-un-atjaunosana-ar-pdrn-50ml\\\/#primaryimage\",\"url\":\"https:\\\/\\\/www.facecorner.lv\\\/wp-content\\\/uploads\\\/2025\\\/11\\\/nutritive-1.jpg\",\"contentUrl\":\"https:\\\/\\\/www.facecorner.lv\\\/wp-content\\\/uploads\\\/2025\\\/11\\\/nutritive-1.jpg\",\"width\":1000,\"height\":1000,\"caption\":\"Rejuran PDRN Cream Nutritive\"},{\"@type\":\"BreadcrumbList\",\"@id\":\"https:\\\/\\\/www.facecorner.lv\\\/shop\\\/rejuran-pdrn-cream-nutritive-intensiva-adas-barosana-un-atjaunosana-ar-pdrn-50ml\\\/#breadcrumb\",\"itemListElement\":[{\"@type\":\"ListItem\",\"position\":1,\"name\":\"Home\",\"item\":\"https:\\\/\\\/www.facecorner.lv\\\/\"},{\"@type\":\"ListItem\",\"position\":2,\"name\":\"Veikals\",\"item\":\"https:\\\/\\\/www.facecorner.lv\\\/shop\\\/\"},{\"@type\":\"ListItem\",\"position\":3,\"name\":\"Rejuran PDRN Cream Nutritive intens\u012bva \u0101das baro\u0161ana un atjauno\u0161ana ar PDRN 50ml\"}]},{\"@type\":\"WebSite\",\"@id\":\"https:\\\/\\\/www.facecorner.lv\\\/#website\",\"url\":\"https:\\\/\\\/www.facecorner.lv\\\/\",\"name\":\"Facecorner\",\"description\":\"\",\"publisher\":{\"@id\":\"https:\\\/\\\/www.facecorner.lv\\\/#organization\"},\"potentialAction\":[{\"@type\":\"SearchAction\",\"target\":{\"@type\":\"EntryPoint\",\"urlTemplate\":\"https:\\\/\\\/www.facecorner.lv\\\/?s={search_term_string}\"},\"query-input\":{\"@type\":\"PropertyValueSpecification\",\"valueRequired\":true,\"valueName\":\"search_term_string\"}}],\"inLanguage\":\"lv-LV\"},{\"@type\":\"Organization\",\"@id\":\"https:\\\/\\\/www.facecorner.lv\\\/#organization\",\"name\":\"Facecorner\",\"url\":\"https:\\\/\\\/www.facecorner.lv\\\/\",\"logo\":{\"@type\":\"ImageObject\",\"inLanguage\":\"lv-LV\",\"@id\":\"https:\\\/\\\/www.facecorner.lv\\\/#\\\/schema\\\/logo\\\/image\\\/\",\"url\":\"https:\\\/\\\/www.facecorner.lv\\\/wp-content\\\/uploads\\\/2024\\\/04\\\/fc-logo.jpg\",\"contentUrl\":\"https:\\\/\\\/www.facecorner.lv\\\/wp-content\\\/uploads\\\/2024\\\/04\\\/fc-logo.jpg\",\"width\":174,\"height\":28,\"caption\":\"Facecorner\"},\"image\":{\"@id\":\"https:\\\/\\\/www.facecorner.lv\\\/#\\\/schema\\\/logo\\\/image\\\/\"},\"sameAs\":[\"https:\\\/\\\/www.facebook.com\\\/profile.php?id=100063824551839\",\"https:\\\/\\\/www.instagram.com\\\/facecorner_shop\\\/\"]}]}<\/script>\n<meta property=\"product:price:amount\" content=\"49.90\" \/>\n<meta property=\"product:price:currency\" content=\"EUR\" \/>\n<meta property=\"og:availability\" content=\"out of stock\" \/>\n<meta property=\"product:availability\" content=\"out of stock\" \/>\n<meta property=\"product:condition\" content=\"new\" \/>\n<!-- \/ Yoast SEO plugin. -->","yoast_head_json":{"title":"Rejuran PDRN Cream Nutritive intens\u012bva \u0101das baro\u0161ana un atjauno\u0161ana ar PDRN 50ml - FACECORNER","description":"Rejuran PDRN Cream Nutritive ir augst\u0101k\u0101s kvalit\u0101tes barojo\u0161s kr\u0113ms, kas izstr\u0101d\u0101ts uz firmas kompleksa PDRN b\u0101zes, kas stimul\u0113 \u0161\u016bnu re\u0123ener\u0101ciju, nostiprina \u0101du un palielina t\u0101s elast\u012bbu.","robots":{"index":"index","follow":"follow","max-snippet":"max-snippet:-1","max-image-preview":"max-image-preview:large","max-video-preview":"max-video-preview:-1"},"canonical":"https:\/\/www.facecorner.lv\/lv\/shop\/rejuran-pdrn-cream-nutritive-intensiva-adas-barosana-un-atjaunosana-ar-pdrn-50ml\/","og_locale":"lv_LV","og_type":"article","og_title":"Rejuran PDRN Cream Nutritive intens\u012bva \u0101das baro\u0161ana un atjauno\u0161ana ar PDRN 50ml - FACECORNER","og_description":"Rejuran PDRN Cream Nutritive ir augst\u0101k\u0101s kvalit\u0101tes barojo\u0161s kr\u0113ms, kas izstr\u0101d\u0101ts uz firmas kompleksa PDRN b\u0101zes, kas stimul\u0113 \u0161\u016bnu re\u0123ener\u0101ciju, nostiprina \u0101du un palielina t\u0101s elast\u012bbu.","og_url":"https:\/\/www.facecorner.lv\/lv\/shop\/rejuran-pdrn-cream-nutritive-intensiva-adas-barosana-un-atjaunosana-ar-pdrn-50ml\/","og_site_name":"FACECORNER","article_publisher":"https:\/\/www.facebook.com\/profile.php?id=100063824551839","article_modified_time":"2026-03-30T07:44:19+00:00","og_image":[{"width":1000,"height":1000,"url":"https:\/\/www.facecorner.lv\/wp-content\/uploads\/2025\/11\/nutritive-1.jpg","type":"image\/jpeg"}],"twitter_card":"summary_large_image","twitter_misc":{"Price":"&euro;49.90","Availability":"Out of stock"},"schema":{"@context":"https:\/\/schema.org","@graph":[{"@type":"WebPage","@id":"https:\/\/www.facecorner.lv\/shop\/rejuran-pdrn-cream-nutritive-intensiva-adas-barosana-un-atjaunosana-ar-pdrn-50ml\/","url":"https:\/\/www.facecorner.lv\/shop\/rejuran-pdrn-cream-nutritive-intensiva-adas-barosana-un-atjaunosana-ar-pdrn-50ml\/","name":"Rejuran PDRN Cream Nutritive intens\u012bva \u0101das baro\u0161ana un atjauno\u0161ana ar PDRN 50ml - FACECORNER","isPartOf":{"@id":"https:\/\/www.facecorner.lv\/#website"},"primaryImageOfPage":{"@id":"https:\/\/www.facecorner.lv\/shop\/rejuran-pdrn-cream-nutritive-intensiva-adas-barosana-un-atjaunosana-ar-pdrn-50ml\/#primaryimage"},"image":{"@id":"https:\/\/www.facecorner.lv\/shop\/rejuran-pdrn-cream-nutritive-intensiva-adas-barosana-un-atjaunosana-ar-pdrn-50ml\/#primaryimage"},"thumbnailUrl":"https:\/\/www.facecorner.lv\/wp-content\/uploads\/2025\/11\/nutritive-1.jpg","datePublished":"2025-11-14T13:16:11+00:00","dateModified":"2026-03-30T07:44:19+00:00","description":"Rejuran PDRN Cream Nutritive ir augst\u0101k\u0101s kvalit\u0101tes barojo\u0161s kr\u0113ms, kas izstr\u0101d\u0101ts uz firmas kompleksa PDRN b\u0101zes, kas stimul\u0113 \u0161\u016bnu re\u0123ener\u0101ciju, nostiprina \u0101du un palielina t\u0101s elast\u012bbu.","breadcrumb":{"@id":"https:\/\/www.facecorner.lv\/shop\/rejuran-pdrn-cream-nutritive-intensiva-adas-barosana-un-atjaunosana-ar-pdrn-50ml\/#breadcrumb"},"inLanguage":"lv-LV","potentialAction":[{"@type":"ReadAction","target":["https:\/\/www.facecorner.lv\/shop\/rejuran-pdrn-cream-nutritive-intensiva-adas-barosana-un-atjaunosana-ar-pdrn-50ml\/"]}]},{"@type":"ImageObject","inLanguage":"lv-LV","@id":"https:\/\/www.facecorner.lv\/shop\/rejuran-pdrn-cream-nutritive-intensiva-adas-barosana-un-atjaunosana-ar-pdrn-50ml\/#primaryimage","url":"https:\/\/www.facecorner.lv\/wp-content\/uploads\/2025\/11\/nutritive-1.jpg","contentUrl":"https:\/\/www.facecorner.lv\/wp-content\/uploads\/2025\/11\/nutritive-1.jpg","width":1000,"height":1000,"caption":"Rejuran PDRN Cream Nutritive"},{"@type":"BreadcrumbList","@id":"https:\/\/www.facecorner.lv\/shop\/rejuran-pdrn-cream-nutritive-intensiva-adas-barosana-un-atjaunosana-ar-pdrn-50ml\/#breadcrumb","itemListElement":[{"@type":"ListItem","position":1,"name":"Home","item":"https:\/\/www.facecorner.lv\/"},{"@type":"ListItem","position":2,"name":"Veikals","item":"https:\/\/www.facecorner.lv\/shop\/"},{"@type":"ListItem","position":3,"name":"Rejuran PDRN Cream Nutritive intens\u012bva \u0101das baro\u0161ana un atjauno\u0161ana ar PDRN 50ml"}]},{"@type":"WebSite","@id":"https:\/\/www.facecorner.lv\/#website","url":"https:\/\/www.facecorner.lv\/","name":"Facecorner","description":"","publisher":{"@id":"https:\/\/www.facecorner.lv\/#organization"},"potentialAction":[{"@type":"SearchAction","target":{"@type":"EntryPoint","urlTemplate":"https:\/\/www.facecorner.lv\/?s={search_term_string}"},"query-input":{"@type":"PropertyValueSpecification","valueRequired":true,"valueName":"search_term_string"}}],"inLanguage":"lv-LV"},{"@type":"Organization","@id":"https:\/\/www.facecorner.lv\/#organization","name":"Facecorner","url":"https:\/\/www.facecorner.lv\/","logo":{"@type":"ImageObject","inLanguage":"lv-LV","@id":"https:\/\/www.facecorner.lv\/#\/schema\/logo\/image\/","url":"https:\/\/www.facecorner.lv\/wp-content\/uploads\/2024\/04\/fc-logo.jpg","contentUrl":"https:\/\/www.facecorner.lv\/wp-content\/uploads\/2024\/04\/fc-logo.jpg","width":174,"height":28,"caption":"Facecorner"},"image":{"@id":"https:\/\/www.facecorner.lv\/#\/schema\/logo\/image\/"},"sameAs":["https:\/\/www.facebook.com\/profile.php?id=100063824551839","https:\/\/www.instagram.com\/facecorner_shop\/"]}]},"product_price_amount":"49.90","product_price_currency":"EUR","og_availability":"out of stock","product_availability":"out of stock","product_condition":"new"},"_links":{"self":[{"href":"https:\/\/www.facecorner.lv\/lv\/wp-json\/wp\/v2\/product\/26096","targetHints":{"allow":["GET"]}}],"collection":[{"href":"https:\/\/www.facecorner.lv\/lv\/wp-json\/wp\/v2\/product"}],"about":[{"href":"https:\/\/www.facecorner.lv\/lv\/wp-json\/wp\/v2\/types\/product"}],"replies":[{"embeddable":true,"href":"https:\/\/www.facecorner.lv\/lv\/wp-json\/wp\/v2\/comments?post=26096"}],"wp:featuredmedia":[{"embeddable":true,"href":"https:\/\/www.facecorner.lv\/lv\/wp-json\/wp\/v2\/media\/26097"}],"wp:attachment":[{"href":"https:\/\/www.facecorner.lv\/lv\/wp-json\/wp\/v2\/media?parent=26096"}],"wp:term":[{"taxonomy":"product_brand","embeddable":true,"href":"https:\/\/www.facecorner.lv\/lv\/wp-json\/wp\/v2\/product_brand?post=26096"},{"taxonomy":"product_cat","embeddable":true,"href":"https:\/\/www.facecorner.lv\/lv\/wp-json\/wp\/v2\/product_cat?post=26096"},{"taxonomy":"product_tag","embeddable":true,"href":"https:\/\/www.facecorner.lv\/lv\/wp-json\/wp\/v2\/product_tag?post=26096"},{"taxonomy":"berocket_brand","embeddable":true,"href":"https:\/\/www.facecorner.lv\/lv\/wp-json\/wp\/v2\/berocket_brand?post=26096"}],"curies":[{"name":"wp","href":"https:\/\/api.w.org\/{rel}","templated":true}]}}