{"id":26093,"date":"2025-11-14T15:40:36","date_gmt":"2025-11-14T12:40:36","guid":{"rendered":"https:\/\/www.facecorner.lv\/?post_type=product&#038;p=26093"},"modified":"2026-03-10T14:47:59","modified_gmt":"2026-03-10T11:47:59","slug":"vt-cosmetics-pdrn-cream-adas-atjaunosana-ar-specigu-regenerejosu-efektu-50ml","status":"publish","type":"product","link":"https:\/\/www.facecorner.lv\/lv\/shop\/vt-cosmetics-pdrn-cream-adas-atjaunosana-ar-specigu-regenerejosu-efektu-50ml\/","title":{"rendered":"VT Cosmetics PDRN Cream \u0101das atjauno\u0161ana ar sp\u0113c\u012bgu re\u0123ener\u0113jo\u0161u efektu 50ml"},"content":{"rendered":"<p>VT Cosmetics PDRN Cream kr\u0113ms ar polideoksiribonukleot\u012bdu (PDRN), kas izstr\u0101d\u0101ts intens\u012bvai \u0101das re\u0123ener\u0101cijai, aizsargbarjeras stiprin\u0101\u0161anai un elast\u012bbas uzlabo\u0161anai.<\/p>\n<p>Kr\u0113ma formula dzi\u013ci mitrina, uzlabo \u0101das tekst\u016bru un pal\u012bdz samazin\u0101t grumbu redzam\u012bbu, padarot \u0101du glud\u0101ku un mirdzo\u0161\u0101ku.<\/p>\n<p><strong>Kr\u0113ms ir lieliski piem\u0113rots jut\u012bgai, kairin\u0101tai, dehidr\u0113tai un novecojo\u0161ai \u0101dai.<\/strong><\/p>\n<p>T\u0101 vieglais, bet barojo\u0161ais sast\u0101vs \u0101tri ies\u016bcas, neatst\u0101jot taukainu pl\u0113vi, un nodro\u0161ina ilgsto\u0161u mitrin\u0101\u0161anu.<\/p>\n<h5><strong>VT Cosmetics PDRN kr\u0113ma priek\u0161roc\u012bbas:<\/strong><\/h5>\n<ul>\n<li>pa\u0101trina \u0161\u016bnu atjauno\u0161anos un uzlabo \u0101das elast\u012bbu pateicoties PDRN<\/li>\n<li>samazina aps\u0101rtumu un kairin\u0101jumu<\/li>\n<li>dzi\u013ci mitrina un saglab\u0101 mitrumu<\/li>\n<li>izl\u012bdzina \u0101das toni un uzlabo tekst\u016bru<\/li>\n<li>piem\u0113rots jut\u012bgai \u0101dai<\/li>\n<li>nostiprina \u0101das aizsargbarjeru<\/li>\n<\/ul>\n<p><strong>Kam tas piem\u0113rots:<\/strong><\/p>\n<ul>\n<li>sausai, saspringtai un lob\u012btai \u0101dai<\/li>\n<li>\u0101dai ar noveco\u0161an\u0101s paz\u012bm\u0113m<\/li>\n<li>p\u0113c agres\u012bv\u0101m proced\u016br\u0101m (pilingi, l\u0101zeri)<\/li>\n<li>boj\u0101tas vai iekaisu\u0161as \u0101das atjauno\u0161anai<\/li>\n<\/ul>\n<p><strong>Lieto\u0161ana:<\/strong> R\u016bp\u012bgi att\u012briet \u0101du un uzkl\u0101jiet toniku.Ja nepiecie\u0161ams, izmantojiet serumu vai esenci.Uzkl\u0101jiet nelielu daudzumu kr\u0113ma uz sejas un uzman\u012bgi izl\u012bdziniet pa mas\u0101\u017eas l\u012bnij\u0101m.\u013baujiet kr\u0113mam piln\u012bb\u0101 ies\u016bkties.<\/p>\n<p><strong>Sast\u0101vs:<\/strong> Water, Glycerin, Butylene Glycol, Hyaluronic Acid, Methyl Hydrogenated Rosinate, C12-15 Alkyl Benzoate, Polyglycerin-3, Caprylic\/Capric Triglyceride, 1,2-Hexanediol, Niacinamide, Caprylic\/Capric\/Myristic\/Stearic Triglyceride, C14-22 Alcohols, Bis-Diglyceryl Polyacyladipate-2, Vinyl Dimethicone, Macadamia Ternifolia Seed Oil, Hydrogenated Vegetable Oil, Panax Ginseng Root Extract, Solanum Melongena (Eggplant) Fruit Extract, Eclipta Prostrata Extract, Ocimum Sanctum Leaf Extract, Corallina Officinalis Extract, Simmondsia Chinensis (Jojoba) Seed Oil, Curcuma Longa (Turmeric) Root Extract, Amber Powder, Cetearyl Alcohol, Palmitic Acid, Hydrolyzed Sodium Hyaluronate, Hydroxypropyltrimonium Hyaluronate, Hydrolyzed Hyaluronic Acid, Potassium Hyaluronate, Hyaluronic Acid, Moringa Oleifera Seed Oil, Ceramide NP, Melia Azadirachta Leaf Extract, Melia Azadirachta Flower Extract, Glucose, Coccinia Indica Fruit Extract, Sodium Hyaluronate, Pentylene Glycol, Sodium DNA (0.5ppm), Sodium Hyaluronate Crosspolymer, Ceramide NS, Sodium Acetylated Hyaluronate, Cholesterol, Phytosphingosine, Ceramide AS, Ceramide AP, Sodium Guaiazulene Sulfonate, Ceramide EOP, Panthenol, Betaine, Glyceryl Stearate, Polyacrylate-13, Stearic Acid, C12-20 Alkyl Glucoside, Cetearyl Glucoside, Hydrogenated Polyisobutene, Glyceryl Acrylate\/Acrylic Acid Copolymer, Polyglyceryl-10 Laurate, Ethylhexyl Palmitate, Sorbitan Isostearate, Cyamopsis Tetragonoloba (Guar) Gum, Agar, Hydrogenated Lecithin, Carbomer, Tromethamine, Xanthan Gum, Allantoin, Adenosine, Disodium EDTA, Ethylhexylglycerin.<\/p>\n","protected":false},"excerpt":{"rendered":"<p>VT Cosmetics PDRN Cream kr\u0113ms ar polideoksiribonukleot\u012bdu (PDRN), kas izstr\u0101d\u0101ts intens\u012bvai \u0101das re\u0123ener\u0101cijai, aizsargbarjeras stiprin\u0101\u0161anai un elast\u012bbas uzlabo\u0161anai.<\/p>\n","protected":false},"featured_media":26094,"comment_status":"open","ping_status":"closed","template":"","meta":{"site-sidebar-layout":"default","site-content-layout":"","ast-site-content-layout":"default","site-content-style":"default","site-sidebar-style":"default","ast-global-header-display":"","ast-banner-title-visibility":"","ast-main-header-display":"","ast-hfb-above-header-display":"","ast-hfb-below-header-display":"","ast-hfb-mobile-header-display":"","site-post-title":"","ast-breadcrumbs-content":"","ast-featured-img":"","footer-sml-layout":"","theme-transparent-header-meta":"default","adv-header-id-meta":"","stick-header-meta":"","header-above-stick-meta":"","header-main-stick-meta":"","header-below-stick-meta":"","astra-migrate-meta-layouts":"set","ast-page-background-enabled":"default","ast-page-background-meta":{"desktop":{"background-color":"var(--ast-global-color-4)","background-image":"","background-repeat":"repeat","background-position":"center center","background-size":"auto","background-attachment":"scroll","background-type":"","background-media":"","overlay-type":"","overlay-color":"","overlay-opacity":"","overlay-gradient":""},"tablet":{"background-color":"","background-image":"","background-repeat":"repeat","background-position":"center center","background-size":"auto","background-attachment":"scroll","background-type":"","background-media":"","overlay-type":"","overlay-color":"","overlay-opacity":"","overlay-gradient":""},"mobile":{"background-color":"","background-image":"","background-repeat":"repeat","background-position":"center center","background-size":"auto","background-attachment":"scroll","background-type":"","background-media":"","overlay-type":"","overlay-color":"","overlay-opacity":"","overlay-gradient":""}},"ast-content-background-meta":{"desktop":{"background-color":"var(--ast-global-color-5)","background-image":"","background-repeat":"repeat","background-position":"center center","background-size":"auto","background-attachment":"scroll","background-type":"","background-media":"","overlay-type":"","overlay-color":"","overlay-opacity":"","overlay-gradient":""},"tablet":{"background-color":"var(--ast-global-color-5)","background-image":"","background-repeat":"repeat","background-position":"center center","background-size":"auto","background-attachment":"scroll","background-type":"","background-media":"","overlay-type":"","overlay-color":"","overlay-opacity":"","overlay-gradient":""},"mobile":{"background-color":"var(--ast-global-color-5)","background-image":"","background-repeat":"repeat","background-position":"center center","background-size":"auto","background-attachment":"scroll","background-type":"","background-media":"","overlay-type":"","overlay-color":"","overlay-opacity":"","overlay-gradient":""}}},"product_brand":[],"product_cat":[652,362,366,367,368],"product_tag":[],"berocket_brand":[582],"class_list":{"0":"post-26093","1":"product","2":"type-product","3":"status-publish","4":"has-post-thumbnail","6":"product_cat-pdrn","7":"product_cat-sejas-krems","8":"product_cat-mitrinoss","9":"product_cat-nomierinoss","10":"product_cat-pret-grumbam","11":"berocket_brand-vt","12":"desktop-align-left","13":"tablet-align-left","14":"mobile-align-left","16":"first","17":"instock","18":"taxable","19":"shipping-taxable","20":"purchasable","21":"product-type-simple","22":"add-to-wishlist-before_image"},"yoast_head":"<!-- This site is optimized with the Yoast SEO plugin v27.1.1 - https:\/\/yoast.com\/product\/yoast-seo-wordpress\/ -->\n<title>VT Cosmetics PDRN Cream \u0101das atjauno\u0161ana ar sp\u0113c\u012bgu re\u0123ener\u0113jo\u0161u efektu 50ml - FACECORNER<\/title>\n<meta name=\"description\" content=\"VT Cosmetics PDRN Cream kr\u0113ms ar polideoksiribonukleot\u012bdu (PDRN), kas izstr\u0101d\u0101ts intens\u012bvai \u0101das re\u0123ener\u0101cijai, aizsargbarjeras stiprin\u0101\u0161anai un elast\u012bbas uzlabo\u0161anai.\" \/>\n<meta name=\"robots\" content=\"index, follow, max-snippet:-1, max-image-preview:large, max-video-preview:-1\" \/>\n<link rel=\"canonical\" href=\"https:\/\/www.facecorner.lv\/lv\/shop\/vt-cosmetics-pdrn-cream-adas-atjaunosana-ar-specigu-regenerejosu-efektu-50ml\/\" \/>\n<meta property=\"og:locale\" content=\"lv_LV\" \/>\n<meta property=\"og:type\" content=\"article\" \/>\n<meta property=\"og:title\" content=\"VT Cosmetics PDRN Cream \u0101das atjauno\u0161ana ar sp\u0113c\u012bgu re\u0123ener\u0113jo\u0161u efektu 50ml - FACECORNER\" \/>\n<meta property=\"og:description\" content=\"VT Cosmetics PDRN Cream kr\u0113ms ar polideoksiribonukleot\u012bdu (PDRN), kas izstr\u0101d\u0101ts intens\u012bvai \u0101das re\u0123ener\u0101cijai, aizsargbarjeras stiprin\u0101\u0161anai un elast\u012bbas uzlabo\u0161anai.\" \/>\n<meta property=\"og:url\" content=\"https:\/\/www.facecorner.lv\/lv\/shop\/vt-cosmetics-pdrn-cream-adas-atjaunosana-ar-specigu-regenerejosu-efektu-50ml\/\" \/>\n<meta property=\"og:site_name\" content=\"FACECORNER\" \/>\n<meta property=\"article:publisher\" content=\"https:\/\/www.facebook.com\/profile.php?id=100063824551839\" \/>\n<meta property=\"article:modified_time\" content=\"2026-03-10T11:47:59+00:00\" \/>\n<meta property=\"og:image\" content=\"https:\/\/www.facecorner.lv\/wp-content\/uploads\/2025\/11\/pdrn-cream-100-r-scaled.webp\" \/>\n\t<meta property=\"og:image:width\" content=\"2560\" \/>\n\t<meta property=\"og:image:height\" content=\"2560\" \/>\n\t<meta property=\"og:image:type\" content=\"image\/webp\" \/>\n<meta name=\"twitter:card\" content=\"summary_large_image\" \/>\n<meta name=\"twitter:label1\" content=\"Price\" \/>\n\t<meta name=\"twitter:data1\" content=\"&euro;39.90\" \/>\n\t<meta name=\"twitter:label2\" content=\"Availability\" \/>\n\t<meta name=\"twitter:data2\" content=\"In stock\" \/>\n<script type=\"application\/ld+json\" class=\"yoast-schema-graph\">{\"@context\":\"https:\/\/schema.org\",\"@graph\":[{\"@type\":\"WebPage\",\"@id\":\"https:\/\/www.facecorner.lv\/shop\/vt-cosmetics-pdrn-cream-adas-atjaunosana-ar-specigu-regenerejosu-efektu-50ml\/\",\"url\":\"https:\/\/www.facecorner.lv\/shop\/vt-cosmetics-pdrn-cream-adas-atjaunosana-ar-specigu-regenerejosu-efektu-50ml\/\",\"name\":\"VT Cosmetics PDRN Cream \u0101das atjauno\u0161ana ar sp\u0113c\u012bgu re\u0123ener\u0113jo\u0161u efektu 50ml - FACECORNER\",\"isPartOf\":{\"@id\":\"https:\/\/www.facecorner.lv\/#website\"},\"primaryImageOfPage\":{\"@id\":\"https:\/\/www.facecorner.lv\/shop\/vt-cosmetics-pdrn-cream-adas-atjaunosana-ar-specigu-regenerejosu-efektu-50ml\/#primaryimage\"},\"image\":{\"@id\":\"https:\/\/www.facecorner.lv\/shop\/vt-cosmetics-pdrn-cream-adas-atjaunosana-ar-specigu-regenerejosu-efektu-50ml\/#primaryimage\"},\"thumbnailUrl\":\"https:\/\/www.facecorner.lv\/wp-content\/uploads\/2025\/11\/pdrn-cream-100-r-scaled.webp\",\"datePublished\":\"2025-11-14T12:40:36+00:00\",\"dateModified\":\"2026-03-10T11:47:59+00:00\",\"description\":\"VT Cosmetics PDRN Cream kr\u0113ms ar polideoksiribonukleot\u012bdu (PDRN), kas izstr\u0101d\u0101ts intens\u012bvai \u0101das re\u0123ener\u0101cijai, aizsargbarjeras stiprin\u0101\u0161anai un elast\u012bbas uzlabo\u0161anai.\",\"breadcrumb\":{\"@id\":\"https:\/\/www.facecorner.lv\/shop\/vt-cosmetics-pdrn-cream-adas-atjaunosana-ar-specigu-regenerejosu-efektu-50ml\/#breadcrumb\"},\"inLanguage\":\"lv-LV\",\"potentialAction\":[{\"@type\":\"ReadAction\",\"target\":[\"https:\/\/www.facecorner.lv\/shop\/vt-cosmetics-pdrn-cream-adas-atjaunosana-ar-specigu-regenerejosu-efektu-50ml\/\"]}]},{\"@type\":\"ImageObject\",\"inLanguage\":\"lv-LV\",\"@id\":\"https:\/\/www.facecorner.lv\/shop\/vt-cosmetics-pdrn-cream-adas-atjaunosana-ar-specigu-regenerejosu-efektu-50ml\/#primaryimage\",\"url\":\"https:\/\/www.facecorner.lv\/wp-content\/uploads\/2025\/11\/pdrn-cream-100-r-scaled.webp\",\"contentUrl\":\"https:\/\/www.facecorner.lv\/wp-content\/uploads\/2025\/11\/pdrn-cream-100-r-scaled.webp\",\"width\":2560,\"height\":2560,\"caption\":\"VT Cosmetics PDRN Cream\"},{\"@type\":\"BreadcrumbList\",\"@id\":\"https:\/\/www.facecorner.lv\/shop\/vt-cosmetics-pdrn-cream-adas-atjaunosana-ar-specigu-regenerejosu-efektu-50ml\/#breadcrumb\",\"itemListElement\":[{\"@type\":\"ListItem\",\"position\":1,\"name\":\"Home\",\"item\":\"https:\/\/www.facecorner.lv\/\"},{\"@type\":\"ListItem\",\"position\":2,\"name\":\"Veikals\",\"item\":\"https:\/\/www.facecorner.lv\/shop\/\"},{\"@type\":\"ListItem\",\"position\":3,\"name\":\"VT Cosmetics PDRN Cream \u0101das atjauno\u0161ana ar sp\u0113c\u012bgu re\u0123ener\u0113jo\u0161u efektu 50ml\"}]},{\"@type\":\"WebSite\",\"@id\":\"https:\/\/www.facecorner.lv\/#website\",\"url\":\"https:\/\/www.facecorner.lv\/\",\"name\":\"Facecorner\",\"description\":\"\",\"publisher\":{\"@id\":\"https:\/\/www.facecorner.lv\/#organization\"},\"potentialAction\":[{\"@type\":\"SearchAction\",\"target\":{\"@type\":\"EntryPoint\",\"urlTemplate\":\"https:\/\/www.facecorner.lv\/?s={search_term_string}\"},\"query-input\":{\"@type\":\"PropertyValueSpecification\",\"valueRequired\":true,\"valueName\":\"search_term_string\"}}],\"inLanguage\":\"lv-LV\"},{\"@type\":\"Organization\",\"@id\":\"https:\/\/www.facecorner.lv\/#organization\",\"name\":\"Facecorner\",\"url\":\"https:\/\/www.facecorner.lv\/\",\"logo\":{\"@type\":\"ImageObject\",\"inLanguage\":\"lv-LV\",\"@id\":\"https:\/\/www.facecorner.lv\/#\/schema\/logo\/image\/\",\"url\":\"https:\/\/www.facecorner.lv\/wp-content\/uploads\/2024\/04\/fc-logo.jpg\",\"contentUrl\":\"https:\/\/www.facecorner.lv\/wp-content\/uploads\/2024\/04\/fc-logo.jpg\",\"width\":174,\"height\":28,\"caption\":\"Facecorner\"},\"image\":{\"@id\":\"https:\/\/www.facecorner.lv\/#\/schema\/logo\/image\/\"},\"sameAs\":[\"https:\/\/www.facebook.com\/profile.php?id=100063824551839\",\"https:\/\/www.instagram.com\/facecorner_shop\/\"]}]}<\/script>\n<meta property=\"product:price:amount\" content=\"39.90\" \/>\n<meta property=\"product:price:currency\" content=\"EUR\" \/>\n<meta property=\"og:availability\" content=\"instock\" \/>\n<meta property=\"product:availability\" content=\"instock\" \/>\n<meta property=\"product:condition\" content=\"new\" \/>\n<!-- \/ Yoast SEO plugin. -->","yoast_head_json":{"title":"VT Cosmetics PDRN Cream \u0101das atjauno\u0161ana ar sp\u0113c\u012bgu re\u0123ener\u0113jo\u0161u efektu 50ml - FACECORNER","description":"VT Cosmetics PDRN Cream kr\u0113ms ar polideoksiribonukleot\u012bdu (PDRN), kas izstr\u0101d\u0101ts intens\u012bvai \u0101das re\u0123ener\u0101cijai, aizsargbarjeras stiprin\u0101\u0161anai un elast\u012bbas uzlabo\u0161anai.","robots":{"index":"index","follow":"follow","max-snippet":"max-snippet:-1","max-image-preview":"max-image-preview:large","max-video-preview":"max-video-preview:-1"},"canonical":"https:\/\/www.facecorner.lv\/lv\/shop\/vt-cosmetics-pdrn-cream-adas-atjaunosana-ar-specigu-regenerejosu-efektu-50ml\/","og_locale":"lv_LV","og_type":"article","og_title":"VT Cosmetics PDRN Cream \u0101das atjauno\u0161ana ar sp\u0113c\u012bgu re\u0123ener\u0113jo\u0161u efektu 50ml - FACECORNER","og_description":"VT Cosmetics PDRN Cream kr\u0113ms ar polideoksiribonukleot\u012bdu (PDRN), kas izstr\u0101d\u0101ts intens\u012bvai \u0101das re\u0123ener\u0101cijai, aizsargbarjeras stiprin\u0101\u0161anai un elast\u012bbas uzlabo\u0161anai.","og_url":"https:\/\/www.facecorner.lv\/lv\/shop\/vt-cosmetics-pdrn-cream-adas-atjaunosana-ar-specigu-regenerejosu-efektu-50ml\/","og_site_name":"FACECORNER","article_publisher":"https:\/\/www.facebook.com\/profile.php?id=100063824551839","article_modified_time":"2026-03-10T11:47:59+00:00","og_image":[{"width":2560,"height":2560,"url":"https:\/\/www.facecorner.lv\/wp-content\/uploads\/2025\/11\/pdrn-cream-100-r-scaled.webp","type":"image\/webp"}],"twitter_card":"summary_large_image","twitter_misc":{"Price":"&euro;39.90","Availability":"In stock"},"schema":{"@context":"https:\/\/schema.org","@graph":[{"@type":"WebPage","@id":"https:\/\/www.facecorner.lv\/shop\/vt-cosmetics-pdrn-cream-adas-atjaunosana-ar-specigu-regenerejosu-efektu-50ml\/","url":"https:\/\/www.facecorner.lv\/shop\/vt-cosmetics-pdrn-cream-adas-atjaunosana-ar-specigu-regenerejosu-efektu-50ml\/","name":"VT Cosmetics PDRN Cream \u0101das atjauno\u0161ana ar sp\u0113c\u012bgu re\u0123ener\u0113jo\u0161u efektu 50ml - FACECORNER","isPartOf":{"@id":"https:\/\/www.facecorner.lv\/#website"},"primaryImageOfPage":{"@id":"https:\/\/www.facecorner.lv\/shop\/vt-cosmetics-pdrn-cream-adas-atjaunosana-ar-specigu-regenerejosu-efektu-50ml\/#primaryimage"},"image":{"@id":"https:\/\/www.facecorner.lv\/shop\/vt-cosmetics-pdrn-cream-adas-atjaunosana-ar-specigu-regenerejosu-efektu-50ml\/#primaryimage"},"thumbnailUrl":"https:\/\/www.facecorner.lv\/wp-content\/uploads\/2025\/11\/pdrn-cream-100-r-scaled.webp","datePublished":"2025-11-14T12:40:36+00:00","dateModified":"2026-03-10T11:47:59+00:00","description":"VT Cosmetics PDRN Cream kr\u0113ms ar polideoksiribonukleot\u012bdu (PDRN), kas izstr\u0101d\u0101ts intens\u012bvai \u0101das re\u0123ener\u0101cijai, aizsargbarjeras stiprin\u0101\u0161anai un elast\u012bbas uzlabo\u0161anai.","breadcrumb":{"@id":"https:\/\/www.facecorner.lv\/shop\/vt-cosmetics-pdrn-cream-adas-atjaunosana-ar-specigu-regenerejosu-efektu-50ml\/#breadcrumb"},"inLanguage":"lv-LV","potentialAction":[{"@type":"ReadAction","target":["https:\/\/www.facecorner.lv\/shop\/vt-cosmetics-pdrn-cream-adas-atjaunosana-ar-specigu-regenerejosu-efektu-50ml\/"]}]},{"@type":"ImageObject","inLanguage":"lv-LV","@id":"https:\/\/www.facecorner.lv\/shop\/vt-cosmetics-pdrn-cream-adas-atjaunosana-ar-specigu-regenerejosu-efektu-50ml\/#primaryimage","url":"https:\/\/www.facecorner.lv\/wp-content\/uploads\/2025\/11\/pdrn-cream-100-r-scaled.webp","contentUrl":"https:\/\/www.facecorner.lv\/wp-content\/uploads\/2025\/11\/pdrn-cream-100-r-scaled.webp","width":2560,"height":2560,"caption":"VT Cosmetics PDRN Cream"},{"@type":"BreadcrumbList","@id":"https:\/\/www.facecorner.lv\/shop\/vt-cosmetics-pdrn-cream-adas-atjaunosana-ar-specigu-regenerejosu-efektu-50ml\/#breadcrumb","itemListElement":[{"@type":"ListItem","position":1,"name":"Home","item":"https:\/\/www.facecorner.lv\/"},{"@type":"ListItem","position":2,"name":"Veikals","item":"https:\/\/www.facecorner.lv\/shop\/"},{"@type":"ListItem","position":3,"name":"VT Cosmetics PDRN Cream \u0101das atjauno\u0161ana ar sp\u0113c\u012bgu re\u0123ener\u0113jo\u0161u efektu 50ml"}]},{"@type":"WebSite","@id":"https:\/\/www.facecorner.lv\/#website","url":"https:\/\/www.facecorner.lv\/","name":"Facecorner","description":"","publisher":{"@id":"https:\/\/www.facecorner.lv\/#organization"},"potentialAction":[{"@type":"SearchAction","target":{"@type":"EntryPoint","urlTemplate":"https:\/\/www.facecorner.lv\/?s={search_term_string}"},"query-input":{"@type":"PropertyValueSpecification","valueRequired":true,"valueName":"search_term_string"}}],"inLanguage":"lv-LV"},{"@type":"Organization","@id":"https:\/\/www.facecorner.lv\/#organization","name":"Facecorner","url":"https:\/\/www.facecorner.lv\/","logo":{"@type":"ImageObject","inLanguage":"lv-LV","@id":"https:\/\/www.facecorner.lv\/#\/schema\/logo\/image\/","url":"https:\/\/www.facecorner.lv\/wp-content\/uploads\/2024\/04\/fc-logo.jpg","contentUrl":"https:\/\/www.facecorner.lv\/wp-content\/uploads\/2024\/04\/fc-logo.jpg","width":174,"height":28,"caption":"Facecorner"},"image":{"@id":"https:\/\/www.facecorner.lv\/#\/schema\/logo\/image\/"},"sameAs":["https:\/\/www.facebook.com\/profile.php?id=100063824551839","https:\/\/www.instagram.com\/facecorner_shop\/"]}]},"product_price_amount":"39.90","product_price_currency":"EUR","og_availability":"instock","product_availability":"instock","product_condition":"new"},"_links":{"self":[{"href":"https:\/\/www.facecorner.lv\/lv\/wp-json\/wp\/v2\/product\/26093","targetHints":{"allow":["GET"]}}],"collection":[{"href":"https:\/\/www.facecorner.lv\/lv\/wp-json\/wp\/v2\/product"}],"about":[{"href":"https:\/\/www.facecorner.lv\/lv\/wp-json\/wp\/v2\/types\/product"}],"replies":[{"embeddable":true,"href":"https:\/\/www.facecorner.lv\/lv\/wp-json\/wp\/v2\/comments?post=26093"}],"wp:featuredmedia":[{"embeddable":true,"href":"https:\/\/www.facecorner.lv\/lv\/wp-json\/wp\/v2\/media\/26094"}],"wp:attachment":[{"href":"https:\/\/www.facecorner.lv\/lv\/wp-json\/wp\/v2\/media?parent=26093"}],"wp:term":[{"taxonomy":"product_brand","embeddable":true,"href":"https:\/\/www.facecorner.lv\/lv\/wp-json\/wp\/v2\/product_brand?post=26093"},{"taxonomy":"product_cat","embeddable":true,"href":"https:\/\/www.facecorner.lv\/lv\/wp-json\/wp\/v2\/product_cat?post=26093"},{"taxonomy":"product_tag","embeddable":true,"href":"https:\/\/www.facecorner.lv\/lv\/wp-json\/wp\/v2\/product_tag?post=26093"},{"taxonomy":"berocket_brand","embeddable":true,"href":"https:\/\/www.facecorner.lv\/lv\/wp-json\/wp\/v2\/berocket_brand?post=26093"}],"curies":[{"name":"wp","href":"https:\/\/api.w.org\/{rel}","templated":true}]}}