{"id":26070,"date":"2025-11-11T15:12:08","date_gmt":"2025-11-11T12:12:08","guid":{"rendered":"https:\/\/www.facecorner.lv\/?post_type=product&#038;p=26070"},"modified":"2025-12-17T11:20:18","modified_gmt":"2025-12-17T08:20:18","slug":"dr-althea-multi-action-infusion-serum-serums-adas-dzilai-mitrinasanai-un-mirdzumam-30ml","status":"publish","type":"product","link":"https:\/\/www.facecorner.lv\/lv\/shop\/dr-althea-multi-action-infusion-serum-serums-adas-dzilai-mitrinasanai-un-mirdzumam-30ml\/","title":{"rendered":"Dr. Althea Multi-Action Infusion Serum serums \u0101das dzi\u013cai mitrin\u0101\u0161anai un mirdzumam 30ml"},"content":{"rendered":"<p>Dr. Althea Multi-Action Infusion Serum serums \u0101das dzi\u013cai mitrin\u0101\u0161anai un mirdzumam ir viegla, bet sp\u0113c\u012bga seruma, kas rad\u012bta kompleksai sejas \u0101das kop\u0161anai.<\/p>\n<p>Formula ar niac\u012bnam\u012bdu, pantenolu, adenoz\u012bnu un hialuronsk\u0101bi akt\u012bvi mitrina, stiprina \u0101das barjeru un pie\u0161\u0137ir vesel\u012bgu mirdzumu.<\/p>\n<p><strong> L\u012bdzeklis pal\u012bdz izl\u012bdzin\u0101t \u0101das toni, samazin\u0101t poras un nov\u0113rst grumbu veido\u0161anos, padarot \u0101du gludu un elast\u012bgu.<\/strong><\/p>\n<p>Pateicoties Centella asiatica un za\u013c\u0101s t\u0113jas ekstraktiem, serums efekt\u012bvi nomierina kairin\u0101jumu un aizsarg\u0101 no \u0101r\u0113jiem faktoriem. Piem\u0113rots visiem \u0101das tipiem, ieskaitot jut\u012bgu \u0101du.<\/p>\n<p><strong>Galven\u0101s priek\u0161roc\u012bbas:<\/strong><\/p>\n<ul>\n<li>Intens\u012bva mitrin\u0101\u0161ana un baro\u0161ana<\/li>\n<li>Tona izl\u012bdzin\u0101\u0161ana un pigment\u0101cijas izgaismo\u0161ana<\/li>\n<li>\u0100das barjerfunkciju stiprin\u0101\u0161ana<\/li>\n<li>Elast\u012bbas un stingr\u012bbas saglab\u0101\u0161ana<\/li>\n<li>Piem\u0113rots ikdienas kop\u0161anai<\/li>\n<\/ul>\n<p>Lietojiet Dr. Althea Multi-Action Infusion Serum no r\u012bta un vakar\u0101 pirms kr\u0113ma uzkl\u0101\u0161anas \u2014 jau p\u0113c da\u017e\u0101m lieto\u0161anas reiz\u0113m \u0101da k\u013c\u016bs svaig\u0101ka, glud\u0101ka un mirdzo\u0161\u0101ka.<\/p>\n<p><strong>Lieto\u0161ana:<\/strong> Uzkl\u0101jiet 2\u20133 pilienus uz att\u012br\u012btas un toniz\u0113tas \u0101das.R\u016bp\u012bgi izl\u012bdziniet uz sejas un kakla.Lietojiet no r\u012bta un vakar\u0101 pirms kr\u0113ma uzkl\u0101\u0161anas.<\/p>\n<p><strong>Sast\u0101vs:<\/strong> Water, Butylene Glycol, 1,2-Hexanediol, Niacinamide, Pentylene Glycol, Methylpropanediol, Glycerin, Betaine, Arginine, Fructan, Hydroxyethyl Cellulose, Dextrin, Carbomer, Polyglyceryl-10 Laurate, Hydroxyethyl Acrylate\/Sodium Acryloyldimethyl Taurate Copolymer, Sorbitan Isostearate, Polysorbate 60, Propanediol, Caprylyl Glycol, Disodium EDTA.<\/p>\n<p data-start=\"503\" data-end=\"548\">\n","protected":false},"excerpt":{"rendered":"<p>Dr. Althea Multi-Action Infusion Serum serums \u0101das dzi\u013cai mitrin\u0101\u0161anai un mirdzumam ir viegla, bet sp\u0113c\u012bga seruma, kas rad\u012bta kompleksai sejas \u0101das kop\u0161anai.<\/p>\n","protected":false},"featured_media":26071,"comment_status":"open","ping_status":"closed","template":"","meta":{"site-sidebar-layout":"default","site-content-layout":"","ast-site-content-layout":"default","site-content-style":"default","site-sidebar-style":"default","ast-global-header-display":"","ast-banner-title-visibility":"","ast-main-header-display":"","ast-hfb-above-header-display":"","ast-hfb-below-header-display":"","ast-hfb-mobile-header-display":"","site-post-title":"","ast-breadcrumbs-content":"","ast-featured-img":"","footer-sml-layout":"","theme-transparent-header-meta":"default","adv-header-id-meta":"","stick-header-meta":"","header-above-stick-meta":"","header-main-stick-meta":"","header-below-stick-meta":"","astra-migrate-meta-layouts":"set","ast-page-background-enabled":"default","ast-page-background-meta":{"desktop":{"background-color":"var(--ast-global-color-4)","background-image":"","background-repeat":"repeat","background-position":"center center","background-size":"auto","background-attachment":"scroll","background-type":"","background-media":"","overlay-type":"","overlay-color":"","overlay-opacity":"","overlay-gradient":""},"tablet":{"background-color":"","background-image":"","background-repeat":"repeat","background-position":"center center","background-size":"auto","background-attachment":"scroll","background-type":"","background-media":"","overlay-type":"","overlay-color":"","overlay-opacity":"","overlay-gradient":""},"mobile":{"background-color":"","background-image":"","background-repeat":"repeat","background-position":"center center","background-size":"auto","background-attachment":"scroll","background-type":"","background-media":"","overlay-type":"","overlay-color":"","overlay-opacity":"","overlay-gradient":""}},"ast-content-background-meta":{"desktop":{"background-color":"var(--ast-global-color-5)","background-image":"","background-repeat":"repeat","background-position":"center center","background-size":"auto","background-attachment":"scroll","background-type":"","background-media":"","overlay-type":"","overlay-color":"","overlay-opacity":"","overlay-gradient":""},"tablet":{"background-color":"var(--ast-global-color-5)","background-image":"","background-repeat":"repeat","background-position":"center center","background-size":"auto","background-attachment":"scroll","background-type":"","background-media":"","overlay-type":"","overlay-color":"","overlay-opacity":"","overlay-gradient":""},"mobile":{"background-color":"var(--ast-global-color-5)","background-image":"","background-repeat":"repeat","background-position":"center center","background-size":"auto","background-attachment":"scroll","background-type":"","background-media":"","overlay-type":"","overlay-color":"","overlay-opacity":"","overlay-gradient":""}}},"product_brand":[],"product_cat":[370,371,363],"product_tag":[],"berocket_brand":[597],"class_list":{"0":"post-26070","1":"product","2":"type-product","3":"status-publish","4":"has-post-thumbnail","6":"product_cat-adas-mirdzumam","7":"product_cat-anti-age","8":"product_cat-serumi","9":"berocket_brand-dr-althea","10":"desktop-align-left","11":"tablet-align-left","12":"mobile-align-left","14":"first","15":"outofstock","16":"taxable","17":"shipping-taxable","18":"purchasable","19":"product-type-simple","20":"add-to-wishlist-before_image"},"yoast_head":"<!-- This site is optimized with the Yoast SEO plugin v27.4 - https:\/\/yoast.com\/product\/yoast-seo-wordpress\/ -->\n<title>Dr. Althea Multi-Action Infusion Serum serums \u0101das dzi\u013cai mitrin\u0101\u0161anai un mirdzumam 30ml - FACECORNER<\/title>\n<meta name=\"description\" content=\"Dr. Althea Multi-Action Infusion Serum serums \u0101das dzi\u013cai mitrin\u0101\u0161anai un mirdzumam ir viegla, bet sp\u0113c\u012bga seruma, kas rad\u012bta kompleksai sejas \u0101das kop\u0161anai.\" \/>\n<meta name=\"robots\" content=\"index, follow, max-snippet:-1, max-image-preview:large, max-video-preview:-1\" \/>\n<link rel=\"canonical\" href=\"https:\/\/www.facecorner.lv\/lv\/shop\/dr-althea-multi-action-infusion-serum-serums-adas-dzilai-mitrinasanai-un-mirdzumam-30ml\/\" \/>\n<meta property=\"og:locale\" content=\"lv_LV\" \/>\n<meta property=\"og:type\" content=\"article\" \/>\n<meta property=\"og:title\" content=\"Dr. Althea Multi-Action Infusion Serum serums \u0101das dzi\u013cai mitrin\u0101\u0161anai un mirdzumam 30ml - FACECORNER\" \/>\n<meta property=\"og:description\" content=\"Dr. Althea Multi-Action Infusion Serum serums \u0101das dzi\u013cai mitrin\u0101\u0161anai un mirdzumam ir viegla, bet sp\u0113c\u012bga seruma, kas rad\u012bta kompleksai sejas \u0101das kop\u0161anai.\" \/>\n<meta property=\"og:url\" content=\"https:\/\/www.facecorner.lv\/lv\/shop\/dr-althea-multi-action-infusion-serum-serums-adas-dzilai-mitrinasanai-un-mirdzumam-30ml\/\" \/>\n<meta property=\"og:site_name\" content=\"FACECORNER\" \/>\n<meta property=\"article:publisher\" content=\"https:\/\/www.facebook.com\/profile.php?id=100063824551839\" \/>\n<meta property=\"article:modified_time\" content=\"2025-12-17T08:20:18+00:00\" \/>\n<meta property=\"og:image\" content=\"https:\/\/www.facecorner.lv\/wp-content\/uploads\/2025\/11\/raminamasis-serumas-dr-althea-skin-relief-essence1-800x800_0.webp\" \/>\n\t<meta property=\"og:image:width\" content=\"800\" \/>\n\t<meta property=\"og:image:height\" content=\"800\" \/>\n\t<meta property=\"og:image:type\" content=\"image\/webp\" \/>\n<meta name=\"twitter:card\" content=\"summary_large_image\" \/>\n<meta name=\"twitter:label1\" content=\"Price\" \/>\n\t<meta name=\"twitter:data1\" content=\"&euro;15.99\" \/>\n\t<meta name=\"twitter:label2\" content=\"Availability\" \/>\n\t<meta name=\"twitter:data2\" content=\"Out of stock\" \/>\n<script type=\"application\/ld+json\" class=\"yoast-schema-graph\">{\"@context\":\"https:\\\/\\\/schema.org\",\"@graph\":[{\"@type\":\"WebPage\",\"@id\":\"https:\\\/\\\/www.facecorner.lv\\\/shop\\\/dr-althea-multi-action-infusion-serum-serums-adas-dzilai-mitrinasanai-un-mirdzumam-30ml\\\/\",\"url\":\"https:\\\/\\\/www.facecorner.lv\\\/shop\\\/dr-althea-multi-action-infusion-serum-serums-adas-dzilai-mitrinasanai-un-mirdzumam-30ml\\\/\",\"name\":\"Dr. Althea Multi-Action Infusion Serum serums \u0101das dzi\u013cai mitrin\u0101\u0161anai un mirdzumam 30ml - FACECORNER\",\"isPartOf\":{\"@id\":\"https:\\\/\\\/www.facecorner.lv\\\/#website\"},\"primaryImageOfPage\":{\"@id\":\"https:\\\/\\\/www.facecorner.lv\\\/shop\\\/dr-althea-multi-action-infusion-serum-serums-adas-dzilai-mitrinasanai-un-mirdzumam-30ml\\\/#primaryimage\"},\"image\":{\"@id\":\"https:\\\/\\\/www.facecorner.lv\\\/shop\\\/dr-althea-multi-action-infusion-serum-serums-adas-dzilai-mitrinasanai-un-mirdzumam-30ml\\\/#primaryimage\"},\"thumbnailUrl\":\"https:\\\/\\\/www.facecorner.lv\\\/wp-content\\\/uploads\\\/2025\\\/11\\\/raminamasis-serumas-dr-althea-skin-relief-essence1-800x800_0.webp\",\"datePublished\":\"2025-11-11T12:12:08+00:00\",\"dateModified\":\"2025-12-17T08:20:18+00:00\",\"description\":\"Dr. Althea Multi-Action Infusion Serum serums \u0101das dzi\u013cai mitrin\u0101\u0161anai un mirdzumam ir viegla, bet sp\u0113c\u012bga seruma, kas rad\u012bta kompleksai sejas \u0101das kop\u0161anai.\",\"breadcrumb\":{\"@id\":\"https:\\\/\\\/www.facecorner.lv\\\/shop\\\/dr-althea-multi-action-infusion-serum-serums-adas-dzilai-mitrinasanai-un-mirdzumam-30ml\\\/#breadcrumb\"},\"inLanguage\":\"lv-LV\",\"potentialAction\":[{\"@type\":\"ReadAction\",\"target\":[\"https:\\\/\\\/www.facecorner.lv\\\/shop\\\/dr-althea-multi-action-infusion-serum-serums-adas-dzilai-mitrinasanai-un-mirdzumam-30ml\\\/\"]}]},{\"@type\":\"ImageObject\",\"inLanguage\":\"lv-LV\",\"@id\":\"https:\\\/\\\/www.facecorner.lv\\\/shop\\\/dr-althea-multi-action-infusion-serum-serums-adas-dzilai-mitrinasanai-un-mirdzumam-30ml\\\/#primaryimage\",\"url\":\"https:\\\/\\\/www.facecorner.lv\\\/wp-content\\\/uploads\\\/2025\\\/11\\\/raminamasis-serumas-dr-althea-skin-relief-essence1-800x800_0.webp\",\"contentUrl\":\"https:\\\/\\\/www.facecorner.lv\\\/wp-content\\\/uploads\\\/2025\\\/11\\\/raminamasis-serumas-dr-althea-skin-relief-essence1-800x800_0.webp\",\"width\":800,\"height\":800,\"caption\":\"Dr. Althea Multi-Action Infusion Serum\"},{\"@type\":\"BreadcrumbList\",\"@id\":\"https:\\\/\\\/www.facecorner.lv\\\/shop\\\/dr-althea-multi-action-infusion-serum-serums-adas-dzilai-mitrinasanai-un-mirdzumam-30ml\\\/#breadcrumb\",\"itemListElement\":[{\"@type\":\"ListItem\",\"position\":1,\"name\":\"Home\",\"item\":\"https:\\\/\\\/www.facecorner.lv\\\/\"},{\"@type\":\"ListItem\",\"position\":2,\"name\":\"Veikals\",\"item\":\"https:\\\/\\\/www.facecorner.lv\\\/shop\\\/\"},{\"@type\":\"ListItem\",\"position\":3,\"name\":\"Dr. Althea Multi-Action Infusion Serum serums \u0101das dzi\u013cai mitrin\u0101\u0161anai un mirdzumam 30ml\"}]},{\"@type\":\"WebSite\",\"@id\":\"https:\\\/\\\/www.facecorner.lv\\\/#website\",\"url\":\"https:\\\/\\\/www.facecorner.lv\\\/\",\"name\":\"Facecorner\",\"description\":\"\",\"publisher\":{\"@id\":\"https:\\\/\\\/www.facecorner.lv\\\/#organization\"},\"potentialAction\":[{\"@type\":\"SearchAction\",\"target\":{\"@type\":\"EntryPoint\",\"urlTemplate\":\"https:\\\/\\\/www.facecorner.lv\\\/?s={search_term_string}\"},\"query-input\":{\"@type\":\"PropertyValueSpecification\",\"valueRequired\":true,\"valueName\":\"search_term_string\"}}],\"inLanguage\":\"lv-LV\"},{\"@type\":\"Organization\",\"@id\":\"https:\\\/\\\/www.facecorner.lv\\\/#organization\",\"name\":\"Facecorner\",\"url\":\"https:\\\/\\\/www.facecorner.lv\\\/\",\"logo\":{\"@type\":\"ImageObject\",\"inLanguage\":\"lv-LV\",\"@id\":\"https:\\\/\\\/www.facecorner.lv\\\/#\\\/schema\\\/logo\\\/image\\\/\",\"url\":\"https:\\\/\\\/www.facecorner.lv\\\/wp-content\\\/uploads\\\/2024\\\/04\\\/fc-logo.jpg\",\"contentUrl\":\"https:\\\/\\\/www.facecorner.lv\\\/wp-content\\\/uploads\\\/2024\\\/04\\\/fc-logo.jpg\",\"width\":174,\"height\":28,\"caption\":\"Facecorner\"},\"image\":{\"@id\":\"https:\\\/\\\/www.facecorner.lv\\\/#\\\/schema\\\/logo\\\/image\\\/\"},\"sameAs\":[\"https:\\\/\\\/www.facebook.com\\\/profile.php?id=100063824551839\",\"https:\\\/\\\/www.instagram.com\\\/facecorner_shop\\\/\"]}]}<\/script>\n<meta property=\"product:price:amount\" content=\"15.99\" \/>\n<meta property=\"product:price:currency\" content=\"EUR\" \/>\n<meta property=\"og:availability\" content=\"out of stock\" \/>\n<meta property=\"product:availability\" content=\"out of stock\" \/>\n<meta property=\"product:condition\" content=\"new\" \/>\n<!-- \/ Yoast SEO plugin. -->","yoast_head_json":{"title":"Dr. Althea Multi-Action Infusion Serum serums \u0101das dzi\u013cai mitrin\u0101\u0161anai un mirdzumam 30ml - FACECORNER","description":"Dr. Althea Multi-Action Infusion Serum serums \u0101das dzi\u013cai mitrin\u0101\u0161anai un mirdzumam ir viegla, bet sp\u0113c\u012bga seruma, kas rad\u012bta kompleksai sejas \u0101das kop\u0161anai.","robots":{"index":"index","follow":"follow","max-snippet":"max-snippet:-1","max-image-preview":"max-image-preview:large","max-video-preview":"max-video-preview:-1"},"canonical":"https:\/\/www.facecorner.lv\/lv\/shop\/dr-althea-multi-action-infusion-serum-serums-adas-dzilai-mitrinasanai-un-mirdzumam-30ml\/","og_locale":"lv_LV","og_type":"article","og_title":"Dr. Althea Multi-Action Infusion Serum serums \u0101das dzi\u013cai mitrin\u0101\u0161anai un mirdzumam 30ml - FACECORNER","og_description":"Dr. Althea Multi-Action Infusion Serum serums \u0101das dzi\u013cai mitrin\u0101\u0161anai un mirdzumam ir viegla, bet sp\u0113c\u012bga seruma, kas rad\u012bta kompleksai sejas \u0101das kop\u0161anai.","og_url":"https:\/\/www.facecorner.lv\/lv\/shop\/dr-althea-multi-action-infusion-serum-serums-adas-dzilai-mitrinasanai-un-mirdzumam-30ml\/","og_site_name":"FACECORNER","article_publisher":"https:\/\/www.facebook.com\/profile.php?id=100063824551839","article_modified_time":"2025-12-17T08:20:18+00:00","og_image":[{"width":800,"height":800,"url":"https:\/\/www.facecorner.lv\/wp-content\/uploads\/2025\/11\/raminamasis-serumas-dr-althea-skin-relief-essence1-800x800_0.webp","type":"image\/webp"}],"twitter_card":"summary_large_image","twitter_misc":{"Price":"&euro;15.99","Availability":"Out of stock"},"schema":{"@context":"https:\/\/schema.org","@graph":[{"@type":"WebPage","@id":"https:\/\/www.facecorner.lv\/shop\/dr-althea-multi-action-infusion-serum-serums-adas-dzilai-mitrinasanai-un-mirdzumam-30ml\/","url":"https:\/\/www.facecorner.lv\/shop\/dr-althea-multi-action-infusion-serum-serums-adas-dzilai-mitrinasanai-un-mirdzumam-30ml\/","name":"Dr. Althea Multi-Action Infusion Serum serums \u0101das dzi\u013cai mitrin\u0101\u0161anai un mirdzumam 30ml - FACECORNER","isPartOf":{"@id":"https:\/\/www.facecorner.lv\/#website"},"primaryImageOfPage":{"@id":"https:\/\/www.facecorner.lv\/shop\/dr-althea-multi-action-infusion-serum-serums-adas-dzilai-mitrinasanai-un-mirdzumam-30ml\/#primaryimage"},"image":{"@id":"https:\/\/www.facecorner.lv\/shop\/dr-althea-multi-action-infusion-serum-serums-adas-dzilai-mitrinasanai-un-mirdzumam-30ml\/#primaryimage"},"thumbnailUrl":"https:\/\/www.facecorner.lv\/wp-content\/uploads\/2025\/11\/raminamasis-serumas-dr-althea-skin-relief-essence1-800x800_0.webp","datePublished":"2025-11-11T12:12:08+00:00","dateModified":"2025-12-17T08:20:18+00:00","description":"Dr. Althea Multi-Action Infusion Serum serums \u0101das dzi\u013cai mitrin\u0101\u0161anai un mirdzumam ir viegla, bet sp\u0113c\u012bga seruma, kas rad\u012bta kompleksai sejas \u0101das kop\u0161anai.","breadcrumb":{"@id":"https:\/\/www.facecorner.lv\/shop\/dr-althea-multi-action-infusion-serum-serums-adas-dzilai-mitrinasanai-un-mirdzumam-30ml\/#breadcrumb"},"inLanguage":"lv-LV","potentialAction":[{"@type":"ReadAction","target":["https:\/\/www.facecorner.lv\/shop\/dr-althea-multi-action-infusion-serum-serums-adas-dzilai-mitrinasanai-un-mirdzumam-30ml\/"]}]},{"@type":"ImageObject","inLanguage":"lv-LV","@id":"https:\/\/www.facecorner.lv\/shop\/dr-althea-multi-action-infusion-serum-serums-adas-dzilai-mitrinasanai-un-mirdzumam-30ml\/#primaryimage","url":"https:\/\/www.facecorner.lv\/wp-content\/uploads\/2025\/11\/raminamasis-serumas-dr-althea-skin-relief-essence1-800x800_0.webp","contentUrl":"https:\/\/www.facecorner.lv\/wp-content\/uploads\/2025\/11\/raminamasis-serumas-dr-althea-skin-relief-essence1-800x800_0.webp","width":800,"height":800,"caption":"Dr. Althea Multi-Action Infusion Serum"},{"@type":"BreadcrumbList","@id":"https:\/\/www.facecorner.lv\/shop\/dr-althea-multi-action-infusion-serum-serums-adas-dzilai-mitrinasanai-un-mirdzumam-30ml\/#breadcrumb","itemListElement":[{"@type":"ListItem","position":1,"name":"Home","item":"https:\/\/www.facecorner.lv\/"},{"@type":"ListItem","position":2,"name":"Veikals","item":"https:\/\/www.facecorner.lv\/shop\/"},{"@type":"ListItem","position":3,"name":"Dr. Althea Multi-Action Infusion Serum serums \u0101das dzi\u013cai mitrin\u0101\u0161anai un mirdzumam 30ml"}]},{"@type":"WebSite","@id":"https:\/\/www.facecorner.lv\/#website","url":"https:\/\/www.facecorner.lv\/","name":"Facecorner","description":"","publisher":{"@id":"https:\/\/www.facecorner.lv\/#organization"},"potentialAction":[{"@type":"SearchAction","target":{"@type":"EntryPoint","urlTemplate":"https:\/\/www.facecorner.lv\/?s={search_term_string}"},"query-input":{"@type":"PropertyValueSpecification","valueRequired":true,"valueName":"search_term_string"}}],"inLanguage":"lv-LV"},{"@type":"Organization","@id":"https:\/\/www.facecorner.lv\/#organization","name":"Facecorner","url":"https:\/\/www.facecorner.lv\/","logo":{"@type":"ImageObject","inLanguage":"lv-LV","@id":"https:\/\/www.facecorner.lv\/#\/schema\/logo\/image\/","url":"https:\/\/www.facecorner.lv\/wp-content\/uploads\/2024\/04\/fc-logo.jpg","contentUrl":"https:\/\/www.facecorner.lv\/wp-content\/uploads\/2024\/04\/fc-logo.jpg","width":174,"height":28,"caption":"Facecorner"},"image":{"@id":"https:\/\/www.facecorner.lv\/#\/schema\/logo\/image\/"},"sameAs":["https:\/\/www.facebook.com\/profile.php?id=100063824551839","https:\/\/www.instagram.com\/facecorner_shop\/"]}]},"product_price_amount":"15.99","product_price_currency":"EUR","og_availability":"out of stock","product_availability":"out of stock","product_condition":"new"},"_links":{"self":[{"href":"https:\/\/www.facecorner.lv\/lv\/wp-json\/wp\/v2\/product\/26070","targetHints":{"allow":["GET"]}}],"collection":[{"href":"https:\/\/www.facecorner.lv\/lv\/wp-json\/wp\/v2\/product"}],"about":[{"href":"https:\/\/www.facecorner.lv\/lv\/wp-json\/wp\/v2\/types\/product"}],"replies":[{"embeddable":true,"href":"https:\/\/www.facecorner.lv\/lv\/wp-json\/wp\/v2\/comments?post=26070"}],"wp:featuredmedia":[{"embeddable":true,"href":"https:\/\/www.facecorner.lv\/lv\/wp-json\/wp\/v2\/media\/26071"}],"wp:attachment":[{"href":"https:\/\/www.facecorner.lv\/lv\/wp-json\/wp\/v2\/media?parent=26070"}],"wp:term":[{"taxonomy":"product_brand","embeddable":true,"href":"https:\/\/www.facecorner.lv\/lv\/wp-json\/wp\/v2\/product_brand?post=26070"},{"taxonomy":"product_cat","embeddable":true,"href":"https:\/\/www.facecorner.lv\/lv\/wp-json\/wp\/v2\/product_cat?post=26070"},{"taxonomy":"product_tag","embeddable":true,"href":"https:\/\/www.facecorner.lv\/lv\/wp-json\/wp\/v2\/product_tag?post=26070"},{"taxonomy":"berocket_brand","embeddable":true,"href":"https:\/\/www.facecorner.lv\/lv\/wp-json\/wp\/v2\/berocket_brand?post=26070"}],"curies":[{"name":"wp","href":"https:\/\/api.w.org\/{rel}","templated":true}]}}