{"id":26060,"date":"2025-11-10T16:20:56","date_gmt":"2025-11-10T13:20:56","guid":{"rendered":"https:\/\/www.facecorner.lv\/?post_type=product&#038;p=26060"},"modified":"2026-01-24T15:08:23","modified_gmt":"2026-01-24T12:08:23","slug":"krems-adas-elastibai-ar-pdrn-un-mikroadatinam-vt-cosmetics-pdrn-reedle-shot-cream-50ml","status":"publish","type":"product","link":"https:\/\/www.facecorner.lv\/lv\/shop\/krems-adas-elastibai-ar-pdrn-un-mikroadatinam-vt-cosmetics-pdrn-reedle-shot-cream-50ml\/","title":{"rendered":"Kr\u0113ms \u0101das elast\u012bbai ar PDRN un mikroadati\u0146\u0101m VT Cosmetics PDRN Reedle Shot Cream 50ml"},"content":{"rendered":"<p>Kr\u0113ms \u0101das elast\u012bbai ar PDRN un mikroadati\u0146\u0101m VT Cosmetics PDRN Reedle Shot Cream baro un m\u012bkstina, atjauno mitruma tr\u016bkumu, nomierina kairin\u0101jumu un uzlabo elast\u012bbu. Padara \u0101du gludu, elast\u012bgu un bl\u012bvu.<\/p>\n<p>Produkts samazina grumbu dzi\u013cumu, izl\u012bdzina \u0101das toni un pie\u0161\u0137ir vesel\u012bgu mirdzumu. Nomierina iekaisumu un aps\u0101rtumu, k\u0101 ar\u012b stimul\u0113 \u0161\u016bnu atjauno\u0161anos, t\u0101d\u0113j\u0101di izl\u012bdzinot \u0101das reljefu.<\/p>\n<p>Darb\u012bba ir \u0101tra un efekt\u012bva, pateicoties akt\u012bvo vielu pieg\u0101des tehnolo\u0123ijai Cica Reedle\u2122.<\/p>\n<p><strong>Galven\u0101s akt\u012bv\u0101s sast\u0101vda\u013cas:<\/strong><\/p>\n<ul>\n<li>Cica Reedle\u2122 \u2014 mikroadatas, kas nodro\u0161ina akt\u012bvo sast\u0101vda\u013cu transport\u0113\u0161anu dzi\u013ci \u0101d\u0101. Sast\u0101v no sil\u012bcija. Iek\u013c\u016bst por\u0101s, stimul\u0113 \u0161\u016bnu atjauno\u0161anos, nomierina iekaisumu.<\/li>\n<li>Cicahyalon\u2122 \u2014 sast\u0101vda\u013ca, kas sast\u0101v no za\u013c\u0101 propolisa ekstrakta, centellas kompleksa (madekassos\u012bds, madekassosk\u0101be, aziatikos\u012bds un aziat\u012bnsk\u0101be) un hialuronsk\u0101bes. Nomierina kairin\u0101jumu un aps\u0101rtumu, mitrina, uztur elast\u012bbu.<\/li>\n<li>Phyto PDRN\u00ae Panax \u2014 PDRN (polinukleot\u012bds), kas ieg\u016bts no \u017een\u0161e\u0146a sak\u0146u ekstrakta. Stimul\u0113 \u0161\u016bnu atjauno\u0161anos, t\u0101d\u0113j\u0101di dzied\u0113, kav\u0113 grumbu veido\u0161anos, uztur \u0101das elast\u012bbu un bl\u012bvumu.<\/li>\n<li>5 pept\u012bdiem ir pretnoveco\u0161an\u0101s iedarb\u012bba: stimul\u0113 re\u0123ener\u0101ciju, samazina grumbu dzi\u013cumu, izl\u012bdzina un nostiepina. Botul\u012bnam l\u012bdz\u012bgais pept\u012bds argirel\u012bns veicina sejas musku\u013cu atsl\u0101bumu, t\u0101d\u0113j\u0101di nov\u0113r\u0161ot mimikas grumbu veido\u0161anos.<\/li>\n<\/ul>\n<p><strong>Lieto\u0161anas veids:<\/strong> p\u0113c sejas mazg\u0101\u0161anas, toniz\u0113\u0161anas un seruma uzkl\u0101\u0161anas uzkl\u0101jiet kr\u0113mu uz sejas, izl\u012bdziniet pa \u0101du. Piem\u0113rots ikdienas lieto\u0161anai.<\/p>\n<p><strong>Uzman\u012bbu!<\/strong> Produkts p\u0113c uzkl\u0101\u0161anas var izrais\u012bt niezo\u0161u saj\u016btu. Nav ieteicams lietot p\u0113c dermatolo\u0123isk\u0101m proced\u016br\u0101m, kas traum\u0113 epidermas raga sl\u0101ni: p\u012blingiem, aparat\u016bras kosmetolo\u0123ijas proced\u016br\u0101m, injekcij\u0101m.<\/p>\n<p><strong>Sast\u0101vs:<\/strong> <span style=\"font-size: 16px;\">Water, Glycerin, Caprylic\/Capric Triglyceride, Hydrogenated Polyisobutene, Polyglycerin-3, Dipropylene Glycol, Niacinamide, 1,2-Hexanediol, Cetearyl Alcohol, Cetearyl Olivate, C10-18 Triglycerides, Sorbitan Olivate, Acrylates\/C10-30 Alkyl Acrylate Crosspolymer, Tromethamine, Ethylhexylglycerin, Sodium Acrylate\/Sodium Acryloyldimethyl Taurate Copolymer, Polyisobutene, Xanthan Gum, Adenosine, Butylene Glycol, Sodium Phytate, Centella Asiatica Extract, Allantoin, Panthenol, Caprylyl\/Capryl Glucoside, Sorbitan Oleate, Simmondsia Chinensis (Jojoba) Seed Oil, Hydrogenated Lecithin, Centella Asiatica Callus Extracellular Vesicles, Hexyl Laurate, Polyglyceryl-10 Laurate, Tocopherol, Silica, Panax Ginseng Root Extract, Sodium Hyaluronate, Ceramide NP, Stearic Acid, Glycosphingolipids, Sucrose, Sodium DNA (0.05ppm), Disodium EDTA, Copper Tripeptide-1, Acetyl Hexapeptide-8, Hexapeptide-9, Mineral Salts, Palmitoyl Pentapeptide-4, Tripeptide-1, Propolis Extract, Madecassic Acid, Madecassoside, Asiaticoside, Asiatic Acid<\/span><\/p>\n<div class=\"product__components\"><\/div>\n","protected":false},"excerpt":{"rendered":"<p>Kr\u0113ms \u0101das elast\u012bbai ar PDRN un mikroadati\u0146\u0101m VT Cosmetics PDRN Reedle Shot Cream baro un m\u012bkstina, atjauno mitruma tr\u016bkumu, nomierina kairin\u0101jumu un uzlabo elast\u012bbu. Padara \u0101du gludu, elast\u012bgu un bl\u012bvu.<\/p>\n","protected":false},"featured_media":26061,"comment_status":"open","ping_status":"closed","template":"","meta":{"site-sidebar-layout":"default","site-content-layout":"","ast-site-content-layout":"default","site-content-style":"default","site-sidebar-style":"default","ast-global-header-display":"","ast-banner-title-visibility":"","ast-main-header-display":"","ast-hfb-above-header-display":"","ast-hfb-below-header-display":"","ast-hfb-mobile-header-display":"","site-post-title":"","ast-breadcrumbs-content":"","ast-featured-img":"","footer-sml-layout":"","theme-transparent-header-meta":"default","adv-header-id-meta":"","stick-header-meta":"","header-above-stick-meta":"","header-main-stick-meta":"","header-below-stick-meta":"","astra-migrate-meta-layouts":"set","ast-page-background-enabled":"default","ast-page-background-meta":{"desktop":{"background-color":"var(--ast-global-color-4)","background-image":"","background-repeat":"repeat","background-position":"center center","background-size":"auto","background-attachment":"scroll","background-type":"","background-media":"","overlay-type":"","overlay-color":"","overlay-opacity":"","overlay-gradient":""},"tablet":{"background-color":"","background-image":"","background-repeat":"repeat","background-position":"center center","background-size":"auto","background-attachment":"scroll","background-type":"","background-media":"","overlay-type":"","overlay-color":"","overlay-opacity":"","overlay-gradient":""},"mobile":{"background-color":"","background-image":"","background-repeat":"repeat","background-position":"center center","background-size":"auto","background-attachment":"scroll","background-type":"","background-media":"","overlay-type":"","overlay-color":"","overlay-opacity":"","overlay-gradient":""}},"ast-content-background-meta":{"desktop":{"background-color":"var(--ast-global-color-5)","background-image":"","background-repeat":"repeat","background-position":"center center","background-size":"auto","background-attachment":"scroll","background-type":"","background-media":"","overlay-type":"","overlay-color":"","overlay-opacity":"","overlay-gradient":""},"tablet":{"background-color":"var(--ast-global-color-5)","background-image":"","background-repeat":"repeat","background-position":"center center","background-size":"auto","background-attachment":"scroll","background-type":"","background-media":"","overlay-type":"","overlay-color":"","overlay-opacity":"","overlay-gradient":""},"mobile":{"background-color":"var(--ast-global-color-5)","background-image":"","background-repeat":"repeat","background-position":"center center","background-size":"auto","background-attachment":"scroll","background-type":"","background-media":"","overlay-type":"","overlay-color":"","overlay-opacity":"","overlay-gradient":""}}},"product_brand":[],"product_cat":[366,652,368,362],"product_tag":[],"berocket_brand":[582],"class_list":{"0":"post-26060","1":"product","2":"type-product","3":"status-publish","4":"has-post-thumbnail","6":"product_cat-mitrinoss","7":"product_cat-pdrn","8":"product_cat-pret-grumbam","9":"product_cat-sejas-krems","10":"berocket_brand-vt","11":"desktop-align-left","12":"tablet-align-left","13":"mobile-align-left","15":"first","16":"instock","17":"taxable","18":"shipping-taxable","19":"purchasable","20":"product-type-simple","21":"add-to-wishlist-before_image"},"yoast_head":"<!-- This site is optimized with the Yoast SEO plugin v27.3 - https:\/\/yoast.com\/product\/yoast-seo-wordpress\/ -->\n<title>Kr\u0113ms \u0101das elast\u012bbai ar PDRN un mikroadati\u0146\u0101m VT Cosmetics PDRN Reedle Shot Cream 50ml - FACECORNER<\/title>\n<meta name=\"description\" content=\"Kr\u0113ms \u0101das elast\u012bbai ar PDRN un mikroadati\u0146\u0101m VT Cosmetics PDRN Reedle Shot Cream baro un m\u012bkstina, atjauno mitruma tr\u016bkumu, nomierina kairin\u0101jumu un uzlabo elast\u012bbu. Padara \u0101du gludu, elast\u012bgu un bl\u012bvu.\" \/>\n<meta name=\"robots\" content=\"index, follow, max-snippet:-1, max-image-preview:large, max-video-preview:-1\" \/>\n<link rel=\"canonical\" href=\"https:\/\/www.facecorner.lv\/lv\/shop\/krems-adas-elastibai-ar-pdrn-un-mikroadatinam-vt-cosmetics-pdrn-reedle-shot-cream-50ml\/\" \/>\n<meta property=\"og:locale\" content=\"lv_LV\" \/>\n<meta property=\"og:type\" content=\"article\" \/>\n<meta property=\"og:title\" content=\"Kr\u0113ms \u0101das elast\u012bbai ar PDRN un mikroadati\u0146\u0101m VT Cosmetics PDRN Reedle Shot Cream 50ml - FACECORNER\" \/>\n<meta property=\"og:description\" content=\"Kr\u0113ms \u0101das elast\u012bbai ar PDRN un mikroadati\u0146\u0101m VT Cosmetics PDRN Reedle Shot Cream baro un m\u012bkstina, atjauno mitruma tr\u016bkumu, nomierina kairin\u0101jumu un uzlabo elast\u012bbu. Padara \u0101du gludu, elast\u012bgu un bl\u012bvu.\" \/>\n<meta property=\"og:url\" content=\"https:\/\/www.facecorner.lv\/lv\/shop\/krems-adas-elastibai-ar-pdrn-un-mikroadatinam-vt-cosmetics-pdrn-reedle-shot-cream-50ml\/\" \/>\n<meta property=\"og:site_name\" content=\"FACECORNER\" \/>\n<meta property=\"article:publisher\" content=\"https:\/\/www.facebook.com\/profile.php?id=100063824551839\" \/>\n<meta property=\"article:modified_time\" content=\"2026-01-24T12:08:23+00:00\" \/>\n<meta property=\"og:image\" content=\"https:\/\/www.facecorner.lv\/wp-content\/uploads\/2025\/11\/49cdaebc2dc75cbc81ab209479731cee10bdf429_original.jpeg\" \/>\n\t<meta property=\"og:image:width\" content=\"640\" \/>\n\t<meta property=\"og:image:height\" content=\"640\" \/>\n\t<meta property=\"og:image:type\" content=\"image\/jpeg\" \/>\n<meta name=\"twitter:card\" content=\"summary_large_image\" \/>\n<meta name=\"twitter:label1\" content=\"Price\" \/>\n\t<meta name=\"twitter:data1\" content=\"&euro;48.90\" \/>\n\t<meta name=\"twitter:label2\" content=\"Availability\" \/>\n\t<meta name=\"twitter:data2\" content=\"In stock\" \/>\n<script type=\"application\/ld+json\" class=\"yoast-schema-graph\">{\"@context\":\"https:\\\/\\\/schema.org\",\"@graph\":[{\"@type\":\"WebPage\",\"@id\":\"https:\\\/\\\/www.facecorner.lv\\\/shop\\\/krems-adas-elastibai-ar-pdrn-un-mikroadatinam-vt-cosmetics-pdrn-reedle-shot-cream-50ml\\\/\",\"url\":\"https:\\\/\\\/www.facecorner.lv\\\/shop\\\/krems-adas-elastibai-ar-pdrn-un-mikroadatinam-vt-cosmetics-pdrn-reedle-shot-cream-50ml\\\/\",\"name\":\"Kr\u0113ms \u0101das elast\u012bbai ar PDRN un mikroadati\u0146\u0101m VT Cosmetics PDRN Reedle Shot Cream 50ml - FACECORNER\",\"isPartOf\":{\"@id\":\"https:\\\/\\\/www.facecorner.lv\\\/#website\"},\"primaryImageOfPage\":{\"@id\":\"https:\\\/\\\/www.facecorner.lv\\\/shop\\\/krems-adas-elastibai-ar-pdrn-un-mikroadatinam-vt-cosmetics-pdrn-reedle-shot-cream-50ml\\\/#primaryimage\"},\"image\":{\"@id\":\"https:\\\/\\\/www.facecorner.lv\\\/shop\\\/krems-adas-elastibai-ar-pdrn-un-mikroadatinam-vt-cosmetics-pdrn-reedle-shot-cream-50ml\\\/#primaryimage\"},\"thumbnailUrl\":\"https:\\\/\\\/www.facecorner.lv\\\/wp-content\\\/uploads\\\/2025\\\/11\\\/49cdaebc2dc75cbc81ab209479731cee10bdf429_original.jpeg\",\"datePublished\":\"2025-11-10T13:20:56+00:00\",\"dateModified\":\"2026-01-24T12:08:23+00:00\",\"description\":\"Kr\u0113ms \u0101das elast\u012bbai ar PDRN un mikroadati\u0146\u0101m VT Cosmetics PDRN Reedle Shot Cream baro un m\u012bkstina, atjauno mitruma tr\u016bkumu, nomierina kairin\u0101jumu un uzlabo elast\u012bbu. Padara \u0101du gludu, elast\u012bgu un bl\u012bvu.\",\"breadcrumb\":{\"@id\":\"https:\\\/\\\/www.facecorner.lv\\\/shop\\\/krems-adas-elastibai-ar-pdrn-un-mikroadatinam-vt-cosmetics-pdrn-reedle-shot-cream-50ml\\\/#breadcrumb\"},\"inLanguage\":\"lv-LV\",\"potentialAction\":[{\"@type\":\"ReadAction\",\"target\":[\"https:\\\/\\\/www.facecorner.lv\\\/shop\\\/krems-adas-elastibai-ar-pdrn-un-mikroadatinam-vt-cosmetics-pdrn-reedle-shot-cream-50ml\\\/\"]}]},{\"@type\":\"ImageObject\",\"inLanguage\":\"lv-LV\",\"@id\":\"https:\\\/\\\/www.facecorner.lv\\\/shop\\\/krems-adas-elastibai-ar-pdrn-un-mikroadatinam-vt-cosmetics-pdrn-reedle-shot-cream-50ml\\\/#primaryimage\",\"url\":\"https:\\\/\\\/www.facecorner.lv\\\/wp-content\\\/uploads\\\/2025\\\/11\\\/49cdaebc2dc75cbc81ab209479731cee10bdf429_original.jpeg\",\"contentUrl\":\"https:\\\/\\\/www.facecorner.lv\\\/wp-content\\\/uploads\\\/2025\\\/11\\\/49cdaebc2dc75cbc81ab209479731cee10bdf429_original.jpeg\",\"width\":640,\"height\":640,\"caption\":\"VT Cosmetics PDRN Reedle Shot Cream\"},{\"@type\":\"BreadcrumbList\",\"@id\":\"https:\\\/\\\/www.facecorner.lv\\\/shop\\\/krems-adas-elastibai-ar-pdrn-un-mikroadatinam-vt-cosmetics-pdrn-reedle-shot-cream-50ml\\\/#breadcrumb\",\"itemListElement\":[{\"@type\":\"ListItem\",\"position\":1,\"name\":\"Home\",\"item\":\"https:\\\/\\\/www.facecorner.lv\\\/\"},{\"@type\":\"ListItem\",\"position\":2,\"name\":\"Veikals\",\"item\":\"https:\\\/\\\/www.facecorner.lv\\\/shop\\\/\"},{\"@type\":\"ListItem\",\"position\":3,\"name\":\"Kr\u0113ms \u0101das elast\u012bbai ar PDRN un mikroadati\u0146\u0101m VT Cosmetics PDRN Reedle Shot Cream 50ml\"}]},{\"@type\":\"WebSite\",\"@id\":\"https:\\\/\\\/www.facecorner.lv\\\/#website\",\"url\":\"https:\\\/\\\/www.facecorner.lv\\\/\",\"name\":\"Facecorner\",\"description\":\"\",\"publisher\":{\"@id\":\"https:\\\/\\\/www.facecorner.lv\\\/#organization\"},\"potentialAction\":[{\"@type\":\"SearchAction\",\"target\":{\"@type\":\"EntryPoint\",\"urlTemplate\":\"https:\\\/\\\/www.facecorner.lv\\\/?s={search_term_string}\"},\"query-input\":{\"@type\":\"PropertyValueSpecification\",\"valueRequired\":true,\"valueName\":\"search_term_string\"}}],\"inLanguage\":\"lv-LV\"},{\"@type\":\"Organization\",\"@id\":\"https:\\\/\\\/www.facecorner.lv\\\/#organization\",\"name\":\"Facecorner\",\"url\":\"https:\\\/\\\/www.facecorner.lv\\\/\",\"logo\":{\"@type\":\"ImageObject\",\"inLanguage\":\"lv-LV\",\"@id\":\"https:\\\/\\\/www.facecorner.lv\\\/#\\\/schema\\\/logo\\\/image\\\/\",\"url\":\"https:\\\/\\\/www.facecorner.lv\\\/wp-content\\\/uploads\\\/2024\\\/04\\\/fc-logo.jpg\",\"contentUrl\":\"https:\\\/\\\/www.facecorner.lv\\\/wp-content\\\/uploads\\\/2024\\\/04\\\/fc-logo.jpg\",\"width\":174,\"height\":28,\"caption\":\"Facecorner\"},\"image\":{\"@id\":\"https:\\\/\\\/www.facecorner.lv\\\/#\\\/schema\\\/logo\\\/image\\\/\"},\"sameAs\":[\"https:\\\/\\\/www.facebook.com\\\/profile.php?id=100063824551839\",\"https:\\\/\\\/www.instagram.com\\\/facecorner_shop\\\/\"]}]}<\/script>\n<meta property=\"product:price:amount\" content=\"48.90\" \/>\n<meta property=\"product:price:currency\" content=\"EUR\" \/>\n<meta property=\"og:availability\" content=\"instock\" \/>\n<meta property=\"product:availability\" content=\"instock\" \/>\n<meta property=\"product:condition\" content=\"new\" \/>\n<!-- \/ Yoast SEO plugin. -->","yoast_head_json":{"title":"Kr\u0113ms \u0101das elast\u012bbai ar PDRN un mikroadati\u0146\u0101m VT Cosmetics PDRN Reedle Shot Cream 50ml - FACECORNER","description":"Kr\u0113ms \u0101das elast\u012bbai ar PDRN un mikroadati\u0146\u0101m VT Cosmetics PDRN Reedle Shot Cream baro un m\u012bkstina, atjauno mitruma tr\u016bkumu, nomierina kairin\u0101jumu un uzlabo elast\u012bbu. Padara \u0101du gludu, elast\u012bgu un bl\u012bvu.","robots":{"index":"index","follow":"follow","max-snippet":"max-snippet:-1","max-image-preview":"max-image-preview:large","max-video-preview":"max-video-preview:-1"},"canonical":"https:\/\/www.facecorner.lv\/lv\/shop\/krems-adas-elastibai-ar-pdrn-un-mikroadatinam-vt-cosmetics-pdrn-reedle-shot-cream-50ml\/","og_locale":"lv_LV","og_type":"article","og_title":"Kr\u0113ms \u0101das elast\u012bbai ar PDRN un mikroadati\u0146\u0101m VT Cosmetics PDRN Reedle Shot Cream 50ml - FACECORNER","og_description":"Kr\u0113ms \u0101das elast\u012bbai ar PDRN un mikroadati\u0146\u0101m VT Cosmetics PDRN Reedle Shot Cream baro un m\u012bkstina, atjauno mitruma tr\u016bkumu, nomierina kairin\u0101jumu un uzlabo elast\u012bbu. Padara \u0101du gludu, elast\u012bgu un bl\u012bvu.","og_url":"https:\/\/www.facecorner.lv\/lv\/shop\/krems-adas-elastibai-ar-pdrn-un-mikroadatinam-vt-cosmetics-pdrn-reedle-shot-cream-50ml\/","og_site_name":"FACECORNER","article_publisher":"https:\/\/www.facebook.com\/profile.php?id=100063824551839","article_modified_time":"2026-01-24T12:08:23+00:00","og_image":[{"width":640,"height":640,"url":"https:\/\/www.facecorner.lv\/wp-content\/uploads\/2025\/11\/49cdaebc2dc75cbc81ab209479731cee10bdf429_original.jpeg","type":"image\/jpeg"}],"twitter_card":"summary_large_image","twitter_misc":{"Price":"&euro;48.90","Availability":"In stock"},"schema":{"@context":"https:\/\/schema.org","@graph":[{"@type":"WebPage","@id":"https:\/\/www.facecorner.lv\/shop\/krems-adas-elastibai-ar-pdrn-un-mikroadatinam-vt-cosmetics-pdrn-reedle-shot-cream-50ml\/","url":"https:\/\/www.facecorner.lv\/shop\/krems-adas-elastibai-ar-pdrn-un-mikroadatinam-vt-cosmetics-pdrn-reedle-shot-cream-50ml\/","name":"Kr\u0113ms \u0101das elast\u012bbai ar PDRN un mikroadati\u0146\u0101m VT Cosmetics PDRN Reedle Shot Cream 50ml - FACECORNER","isPartOf":{"@id":"https:\/\/www.facecorner.lv\/#website"},"primaryImageOfPage":{"@id":"https:\/\/www.facecorner.lv\/shop\/krems-adas-elastibai-ar-pdrn-un-mikroadatinam-vt-cosmetics-pdrn-reedle-shot-cream-50ml\/#primaryimage"},"image":{"@id":"https:\/\/www.facecorner.lv\/shop\/krems-adas-elastibai-ar-pdrn-un-mikroadatinam-vt-cosmetics-pdrn-reedle-shot-cream-50ml\/#primaryimage"},"thumbnailUrl":"https:\/\/www.facecorner.lv\/wp-content\/uploads\/2025\/11\/49cdaebc2dc75cbc81ab209479731cee10bdf429_original.jpeg","datePublished":"2025-11-10T13:20:56+00:00","dateModified":"2026-01-24T12:08:23+00:00","description":"Kr\u0113ms \u0101das elast\u012bbai ar PDRN un mikroadati\u0146\u0101m VT Cosmetics PDRN Reedle Shot Cream baro un m\u012bkstina, atjauno mitruma tr\u016bkumu, nomierina kairin\u0101jumu un uzlabo elast\u012bbu. Padara \u0101du gludu, elast\u012bgu un bl\u012bvu.","breadcrumb":{"@id":"https:\/\/www.facecorner.lv\/shop\/krems-adas-elastibai-ar-pdrn-un-mikroadatinam-vt-cosmetics-pdrn-reedle-shot-cream-50ml\/#breadcrumb"},"inLanguage":"lv-LV","potentialAction":[{"@type":"ReadAction","target":["https:\/\/www.facecorner.lv\/shop\/krems-adas-elastibai-ar-pdrn-un-mikroadatinam-vt-cosmetics-pdrn-reedle-shot-cream-50ml\/"]}]},{"@type":"ImageObject","inLanguage":"lv-LV","@id":"https:\/\/www.facecorner.lv\/shop\/krems-adas-elastibai-ar-pdrn-un-mikroadatinam-vt-cosmetics-pdrn-reedle-shot-cream-50ml\/#primaryimage","url":"https:\/\/www.facecorner.lv\/wp-content\/uploads\/2025\/11\/49cdaebc2dc75cbc81ab209479731cee10bdf429_original.jpeg","contentUrl":"https:\/\/www.facecorner.lv\/wp-content\/uploads\/2025\/11\/49cdaebc2dc75cbc81ab209479731cee10bdf429_original.jpeg","width":640,"height":640,"caption":"VT Cosmetics PDRN Reedle Shot Cream"},{"@type":"BreadcrumbList","@id":"https:\/\/www.facecorner.lv\/shop\/krems-adas-elastibai-ar-pdrn-un-mikroadatinam-vt-cosmetics-pdrn-reedle-shot-cream-50ml\/#breadcrumb","itemListElement":[{"@type":"ListItem","position":1,"name":"Home","item":"https:\/\/www.facecorner.lv\/"},{"@type":"ListItem","position":2,"name":"Veikals","item":"https:\/\/www.facecorner.lv\/shop\/"},{"@type":"ListItem","position":3,"name":"Kr\u0113ms \u0101das elast\u012bbai ar PDRN un mikroadati\u0146\u0101m VT Cosmetics PDRN Reedle Shot Cream 50ml"}]},{"@type":"WebSite","@id":"https:\/\/www.facecorner.lv\/#website","url":"https:\/\/www.facecorner.lv\/","name":"Facecorner","description":"","publisher":{"@id":"https:\/\/www.facecorner.lv\/#organization"},"potentialAction":[{"@type":"SearchAction","target":{"@type":"EntryPoint","urlTemplate":"https:\/\/www.facecorner.lv\/?s={search_term_string}"},"query-input":{"@type":"PropertyValueSpecification","valueRequired":true,"valueName":"search_term_string"}}],"inLanguage":"lv-LV"},{"@type":"Organization","@id":"https:\/\/www.facecorner.lv\/#organization","name":"Facecorner","url":"https:\/\/www.facecorner.lv\/","logo":{"@type":"ImageObject","inLanguage":"lv-LV","@id":"https:\/\/www.facecorner.lv\/#\/schema\/logo\/image\/","url":"https:\/\/www.facecorner.lv\/wp-content\/uploads\/2024\/04\/fc-logo.jpg","contentUrl":"https:\/\/www.facecorner.lv\/wp-content\/uploads\/2024\/04\/fc-logo.jpg","width":174,"height":28,"caption":"Facecorner"},"image":{"@id":"https:\/\/www.facecorner.lv\/#\/schema\/logo\/image\/"},"sameAs":["https:\/\/www.facebook.com\/profile.php?id=100063824551839","https:\/\/www.instagram.com\/facecorner_shop\/"]}]},"product_price_amount":"48.90","product_price_currency":"EUR","og_availability":"instock","product_availability":"instock","product_condition":"new"},"_links":{"self":[{"href":"https:\/\/www.facecorner.lv\/lv\/wp-json\/wp\/v2\/product\/26060","targetHints":{"allow":["GET"]}}],"collection":[{"href":"https:\/\/www.facecorner.lv\/lv\/wp-json\/wp\/v2\/product"}],"about":[{"href":"https:\/\/www.facecorner.lv\/lv\/wp-json\/wp\/v2\/types\/product"}],"replies":[{"embeddable":true,"href":"https:\/\/www.facecorner.lv\/lv\/wp-json\/wp\/v2\/comments?post=26060"}],"wp:featuredmedia":[{"embeddable":true,"href":"https:\/\/www.facecorner.lv\/lv\/wp-json\/wp\/v2\/media\/26061"}],"wp:attachment":[{"href":"https:\/\/www.facecorner.lv\/lv\/wp-json\/wp\/v2\/media?parent=26060"}],"wp:term":[{"taxonomy":"product_brand","embeddable":true,"href":"https:\/\/www.facecorner.lv\/lv\/wp-json\/wp\/v2\/product_brand?post=26060"},{"taxonomy":"product_cat","embeddable":true,"href":"https:\/\/www.facecorner.lv\/lv\/wp-json\/wp\/v2\/product_cat?post=26060"},{"taxonomy":"product_tag","embeddable":true,"href":"https:\/\/www.facecorner.lv\/lv\/wp-json\/wp\/v2\/product_tag?post=26060"},{"taxonomy":"berocket_brand","embeddable":true,"href":"https:\/\/www.facecorner.lv\/lv\/wp-json\/wp\/v2\/berocket_brand?post=26060"}],"curies":[{"name":"wp","href":"https:\/\/api.w.org\/{rel}","templated":true}]}}