{"id":26010,"date":"2025-11-06T15:06:03","date_gmt":"2025-11-06T12:06:03","guid":{"rendered":"https:\/\/www.facecorner.lv\/?post_type=product&#038;p=26010"},"modified":"2026-04-01T18:16:54","modified_gmt":"2026-04-01T15:16:54","slug":"k-secret-eye-cream-retinal-liposome-4-pretnovecosanas-krems-acim-ar-retinolu-un-liposomam-30ml","status":"publish","type":"product","link":"https:\/\/www.facecorner.lv\/lv\/shop\/k-secret-eye-cream-retinal-liposome-4-pretnovecosanas-krems-acim-ar-retinolu-un-liposomam-30ml\/","title":{"rendered":"K Secret Eye Cream Retinal Liposome 4% pretnoveco\u0161an\u0101s kr\u0113ms ac\u012bm ar retinolu un liposom\u0101m 30ml"},"content":{"rendered":"<p>K Secret Eye Cream Retinal Liposome 4% augst\u0101k\u0101s kvalit\u0101tes pretnoveco\u0161an\u0101s acu kop\u0161anas l\u012bdzeklis.<\/p>\n<p>Formula ar liposomu t\u012bkleni efekt\u012bvi c\u012bn\u0101s ar noveco\u0161an\u0101s paz\u012bm\u0113m, uzlabo \u0101das tekst\u016bru un tonusu, k\u0101 ar\u012b samazina grumbas un tum\u0161os lokus zem ac\u012bm. Liposomas nodro\u0161ina akt\u012bvo vielu dzi\u013cu iek\u013c\u016b\u0161anu bez kairin\u0101juma.<\/p>\n<p><strong>Ieguvumi:<\/strong><\/p>\n<ul>\n<li>Izl\u012bdzina m\u012bmikas l\u012bnijas un vecuma grumbas<\/li>\n<li>Padara gai\u0161\u0101ku \u0101du zem ac\u012bm<\/li>\n<li>Mazina piet\u016bkumu un noguruma paz\u012bmes<\/li>\n<li>Uzlabo \u0101das elast\u012bbu un tonusu<\/li>\n<li>Piem\u0113rots jut\u012bgai \u0101dai<\/li>\n<\/ul>\n<p><strong>Galven\u0101s sast\u0101vda\u013cas:<\/strong><\/p>\n<ul>\n<li>Retinal Liposome \u2013 akt\u012bva A vitam\u012bna forma m\u012bkst\u0101 kapsul\u0101<\/li>\n<li>Pept\u012bdi un niacinam\u012bds \u2013 stimul\u0113 \u0161\u016bnu atjauno\u0161anos<\/li>\n<li>Hialuronsk\u0101be \u2013 intens\u012bvi mitrina un m\u012bkstina<\/li>\n<\/ul>\n<p><strong>Lieto\u0161ana<\/strong>: Uzkl\u0101jiet nelielu daudzumu kr\u0113ma (apm\u0113ram r\u012bsa grauda lielum\u0101) . Viegli iemas\u0113jiet kr\u0113mu acu zon\u0101 un acu kakti\u0146os, izvairoties no saskares ar g\u013cot\u0101du. Lietojiet vienu reizi dien\u0101 vakar\u0101.<\/p>\n<p><strong>Sast\u0101vs:<\/strong> Water, Butylene Glycol, Glycerin, Retinal, Niacinamide, Hydrogenated Lecithin, Peptide Complex, Sodium Hyaluronate, Panthenol, Adenosine, Ceramide NP, Camellia Sinensis Leaf Extract, Tocopherol, Allantoin, Carbomer, Tromethamine, Phenoxyethanol, Ethylhexylglycerin, Fragrance.<\/p>\n","protected":false},"excerpt":{"rendered":"<p>K Secret Eye Cream Retinal Liposome 4% augst\u0101k\u0101s kvalit\u0101tes pretnoveco\u0161an\u0101s acu kop\u0161anas l\u012bdzeklis.<\/p>\n","protected":false},"featured_media":26011,"comment_status":"open","ping_status":"closed","template":"","meta":{"site-sidebar-layout":"default","site-content-layout":"","ast-site-content-layout":"default","site-content-style":"default","site-sidebar-style":"default","ast-global-header-display":"","ast-banner-title-visibility":"","ast-main-header-display":"","ast-hfb-above-header-display":"","ast-hfb-below-header-display":"","ast-hfb-mobile-header-display":"","site-post-title":"","ast-breadcrumbs-content":"","ast-featured-img":"","footer-sml-layout":"","theme-transparent-header-meta":"default","adv-header-id-meta":"","stick-header-meta":"","header-above-stick-meta":"","header-main-stick-meta":"","header-below-stick-meta":"","astra-migrate-meta-layouts":"set","ast-page-background-enabled":"default","ast-page-background-meta":{"desktop":{"background-color":"var(--ast-global-color-4)","background-image":"","background-repeat":"repeat","background-position":"center center","background-size":"auto","background-attachment":"scroll","background-type":"","background-media":"","overlay-type":"","overlay-color":"","overlay-opacity":"","overlay-gradient":""},"tablet":{"background-color":"","background-image":"","background-repeat":"repeat","background-position":"center center","background-size":"auto","background-attachment":"scroll","background-type":"","background-media":"","overlay-type":"","overlay-color":"","overlay-opacity":"","overlay-gradient":""},"mobile":{"background-color":"","background-image":"","background-repeat":"repeat","background-position":"center center","background-size":"auto","background-attachment":"scroll","background-type":"","background-media":"","overlay-type":"","overlay-color":"","overlay-opacity":"","overlay-gradient":""}},"ast-content-background-meta":{"desktop":{"background-color":"var(--ast-global-color-5)","background-image":"","background-repeat":"repeat","background-position":"center center","background-size":"auto","background-attachment":"scroll","background-type":"","background-media":"","overlay-type":"","overlay-color":"","overlay-opacity":"","overlay-gradient":""},"tablet":{"background-color":"var(--ast-global-color-5)","background-image":"","background-repeat":"repeat","background-position":"center center","background-size":"auto","background-attachment":"scroll","background-type":"","background-media":"","overlay-type":"","overlay-color":"","overlay-opacity":"","overlay-gradient":""},"mobile":{"background-color":"var(--ast-global-color-5)","background-image":"","background-repeat":"repeat","background-position":"center center","background-size":"auto","background-attachment":"scroll","background-type":"","background-media":"","overlay-type":"","overlay-color":"","overlay-opacity":"","overlay-gradient":""}}},"product_brand":[],"product_cat":[308],"product_tag":[],"berocket_brand":[628],"class_list":{"0":"post-26010","1":"product","2":"type-product","3":"status-publish","4":"has-post-thumbnail","6":"product_cat-acu-krems","7":"berocket_brand-k-secret","8":"desktop-align-left","9":"tablet-align-left","10":"mobile-align-left","12":"first","13":"outofstock","14":"taxable","15":"shipping-taxable","16":"purchasable","17":"product-type-simple","18":"add-to-wishlist-before_image"},"yoast_head":"<!-- This site is optimized with the Yoast SEO plugin v27.4 - https:\/\/yoast.com\/product\/yoast-seo-wordpress\/ -->\n<title>K Secret Eye Cream Retinal Liposome 4% pretnoveco\u0161an\u0101s kr\u0113ms ac\u012bm ar retinolu un liposom\u0101m 30ml - FACECORNER<\/title>\n<meta name=\"description\" content=\"K Secret Eye Cream Retinal Liposome 4% atjaunojo\u0161s acu kr\u0113ms, samazina grumbas, tum\u0161os lokus zem ac\u012bm un piet\u016bkumu. Retinal un liposomas dzi\u013ci atjauno \u0101du, atjaunojot t\u0101s tvirtumu un mirdzumu.\" \/>\n<meta name=\"robots\" content=\"index, follow, max-snippet:-1, max-image-preview:large, max-video-preview:-1\" \/>\n<link rel=\"canonical\" href=\"https:\/\/www.facecorner.lv\/lv\/shop\/k-secret-eye-cream-retinal-liposome-4-pretnovecosanas-krems-acim-ar-retinolu-un-liposomam-30ml\/\" \/>\n<meta property=\"og:locale\" content=\"lv_LV\" \/>\n<meta property=\"og:type\" content=\"article\" \/>\n<meta property=\"og:title\" content=\"K Secret Eye Cream Retinal Liposome 4% pretnoveco\u0161an\u0101s kr\u0113ms ac\u012bm ar retinolu un liposom\u0101m 30ml - FACECORNER\" \/>\n<meta property=\"og:description\" content=\"K Secret Eye Cream Retinal Liposome 4% atjaunojo\u0161s acu kr\u0113ms, samazina grumbas, tum\u0161os lokus zem ac\u012bm un piet\u016bkumu. Retinal un liposomas dzi\u013ci atjauno \u0101du, atjaunojot t\u0101s tvirtumu un mirdzumu.\" \/>\n<meta property=\"og:url\" content=\"https:\/\/www.facecorner.lv\/lv\/shop\/k-secret-eye-cream-retinal-liposome-4-pretnovecosanas-krems-acim-ar-retinolu-un-liposomam-30ml\/\" \/>\n<meta property=\"og:site_name\" content=\"FACECORNER\" \/>\n<meta property=\"article:publisher\" content=\"https:\/\/www.facebook.com\/profile.php?id=100063824551839\" \/>\n<meta property=\"article:modified_time\" content=\"2026-04-01T15:16:54+00:00\" \/>\n<meta property=\"og:image\" content=\"https:\/\/www.facecorner.lv\/wp-content\/uploads\/2025\/11\/41BDooujRRL._SL1000_.jpg\" \/>\n\t<meta property=\"og:image:width\" content=\"1000\" \/>\n\t<meta property=\"og:image:height\" content=\"1000\" \/>\n\t<meta property=\"og:image:type\" content=\"image\/jpeg\" \/>\n<meta name=\"twitter:card\" content=\"summary_large_image\" \/>\n<meta name=\"twitter:label1\" content=\"Price\" \/>\n\t<meta name=\"twitter:data1\" content=\"&euro;18.90\" \/>\n\t<meta name=\"twitter:label2\" content=\"Availability\" \/>\n\t<meta name=\"twitter:data2\" content=\"Out of stock\" \/>\n<script type=\"application\/ld+json\" class=\"yoast-schema-graph\">{\"@context\":\"https:\\\/\\\/schema.org\",\"@graph\":[{\"@type\":\"WebPage\",\"@id\":\"https:\\\/\\\/www.facecorner.lv\\\/shop\\\/k-secret-eye-cream-retinal-liposome-4-pretnovecosanas-krems-acim-ar-retinolu-un-liposomam-30ml\\\/\",\"url\":\"https:\\\/\\\/www.facecorner.lv\\\/shop\\\/k-secret-eye-cream-retinal-liposome-4-pretnovecosanas-krems-acim-ar-retinolu-un-liposomam-30ml\\\/\",\"name\":\"K Secret Eye Cream Retinal Liposome 4% pretnoveco\u0161an\u0101s kr\u0113ms ac\u012bm ar retinolu un liposom\u0101m 30ml - FACECORNER\",\"isPartOf\":{\"@id\":\"https:\\\/\\\/www.facecorner.lv\\\/#website\"},\"primaryImageOfPage\":{\"@id\":\"https:\\\/\\\/www.facecorner.lv\\\/shop\\\/k-secret-eye-cream-retinal-liposome-4-pretnovecosanas-krems-acim-ar-retinolu-un-liposomam-30ml\\\/#primaryimage\"},\"image\":{\"@id\":\"https:\\\/\\\/www.facecorner.lv\\\/shop\\\/k-secret-eye-cream-retinal-liposome-4-pretnovecosanas-krems-acim-ar-retinolu-un-liposomam-30ml\\\/#primaryimage\"},\"thumbnailUrl\":\"https:\\\/\\\/www.facecorner.lv\\\/wp-content\\\/uploads\\\/2025\\\/11\\\/41BDooujRRL._SL1000_.jpg\",\"datePublished\":\"2025-11-06T12:06:03+00:00\",\"dateModified\":\"2026-04-01T15:16:54+00:00\",\"description\":\"K Secret Eye Cream Retinal Liposome 4% atjaunojo\u0161s acu kr\u0113ms, samazina grumbas, tum\u0161os lokus zem ac\u012bm un piet\u016bkumu. Retinal un liposomas dzi\u013ci atjauno \u0101du, atjaunojot t\u0101s tvirtumu un mirdzumu.\",\"breadcrumb\":{\"@id\":\"https:\\\/\\\/www.facecorner.lv\\\/shop\\\/k-secret-eye-cream-retinal-liposome-4-pretnovecosanas-krems-acim-ar-retinolu-un-liposomam-30ml\\\/#breadcrumb\"},\"inLanguage\":\"lv-LV\",\"potentialAction\":[{\"@type\":\"ReadAction\",\"target\":[\"https:\\\/\\\/www.facecorner.lv\\\/shop\\\/k-secret-eye-cream-retinal-liposome-4-pretnovecosanas-krems-acim-ar-retinolu-un-liposomam-30ml\\\/\"]}]},{\"@type\":\"ImageObject\",\"inLanguage\":\"lv-LV\",\"@id\":\"https:\\\/\\\/www.facecorner.lv\\\/shop\\\/k-secret-eye-cream-retinal-liposome-4-pretnovecosanas-krems-acim-ar-retinolu-un-liposomam-30ml\\\/#primaryimage\",\"url\":\"https:\\\/\\\/www.facecorner.lv\\\/wp-content\\\/uploads\\\/2025\\\/11\\\/41BDooujRRL._SL1000_.jpg\",\"contentUrl\":\"https:\\\/\\\/www.facecorner.lv\\\/wp-content\\\/uploads\\\/2025\\\/11\\\/41BDooujRRL._SL1000_.jpg\",\"width\":1000,\"height\":1000,\"caption\":\"K Secret Eye Cream Retinal Liposome 4%\"},{\"@type\":\"BreadcrumbList\",\"@id\":\"https:\\\/\\\/www.facecorner.lv\\\/shop\\\/k-secret-eye-cream-retinal-liposome-4-pretnovecosanas-krems-acim-ar-retinolu-un-liposomam-30ml\\\/#breadcrumb\",\"itemListElement\":[{\"@type\":\"ListItem\",\"position\":1,\"name\":\"Home\",\"item\":\"https:\\\/\\\/www.facecorner.lv\\\/\"},{\"@type\":\"ListItem\",\"position\":2,\"name\":\"Veikals\",\"item\":\"https:\\\/\\\/www.facecorner.lv\\\/shop\\\/\"},{\"@type\":\"ListItem\",\"position\":3,\"name\":\"K Secret Eye Cream Retinal Liposome 4% pretnoveco\u0161an\u0101s kr\u0113ms ac\u012bm ar retinolu un liposom\u0101m 30ml\"}]},{\"@type\":\"WebSite\",\"@id\":\"https:\\\/\\\/www.facecorner.lv\\\/#website\",\"url\":\"https:\\\/\\\/www.facecorner.lv\\\/\",\"name\":\"Facecorner\",\"description\":\"\",\"publisher\":{\"@id\":\"https:\\\/\\\/www.facecorner.lv\\\/#organization\"},\"potentialAction\":[{\"@type\":\"SearchAction\",\"target\":{\"@type\":\"EntryPoint\",\"urlTemplate\":\"https:\\\/\\\/www.facecorner.lv\\\/?s={search_term_string}\"},\"query-input\":{\"@type\":\"PropertyValueSpecification\",\"valueRequired\":true,\"valueName\":\"search_term_string\"}}],\"inLanguage\":\"lv-LV\"},{\"@type\":\"Organization\",\"@id\":\"https:\\\/\\\/www.facecorner.lv\\\/#organization\",\"name\":\"Facecorner\",\"url\":\"https:\\\/\\\/www.facecorner.lv\\\/\",\"logo\":{\"@type\":\"ImageObject\",\"inLanguage\":\"lv-LV\",\"@id\":\"https:\\\/\\\/www.facecorner.lv\\\/#\\\/schema\\\/logo\\\/image\\\/\",\"url\":\"https:\\\/\\\/www.facecorner.lv\\\/wp-content\\\/uploads\\\/2024\\\/04\\\/fc-logo.jpg\",\"contentUrl\":\"https:\\\/\\\/www.facecorner.lv\\\/wp-content\\\/uploads\\\/2024\\\/04\\\/fc-logo.jpg\",\"width\":174,\"height\":28,\"caption\":\"Facecorner\"},\"image\":{\"@id\":\"https:\\\/\\\/www.facecorner.lv\\\/#\\\/schema\\\/logo\\\/image\\\/\"},\"sameAs\":[\"https:\\\/\\\/www.facebook.com\\\/profile.php?id=100063824551839\",\"https:\\\/\\\/www.instagram.com\\\/facecorner_shop\\\/\"]}]}<\/script>\n<meta property=\"product:price:amount\" content=\"18.90\" \/>\n<meta property=\"product:price:currency\" content=\"EUR\" \/>\n<meta property=\"og:availability\" content=\"out of stock\" \/>\n<meta property=\"product:availability\" content=\"out of stock\" \/>\n<meta property=\"product:condition\" content=\"new\" \/>\n<!-- \/ Yoast SEO plugin. -->","yoast_head_json":{"title":"K Secret Eye Cream Retinal Liposome 4% pretnoveco\u0161an\u0101s kr\u0113ms ac\u012bm ar retinolu un liposom\u0101m 30ml - FACECORNER","description":"K Secret Eye Cream Retinal Liposome 4% atjaunojo\u0161s acu kr\u0113ms, samazina grumbas, tum\u0161os lokus zem ac\u012bm un piet\u016bkumu. Retinal un liposomas dzi\u013ci atjauno \u0101du, atjaunojot t\u0101s tvirtumu un mirdzumu.","robots":{"index":"index","follow":"follow","max-snippet":"max-snippet:-1","max-image-preview":"max-image-preview:large","max-video-preview":"max-video-preview:-1"},"canonical":"https:\/\/www.facecorner.lv\/lv\/shop\/k-secret-eye-cream-retinal-liposome-4-pretnovecosanas-krems-acim-ar-retinolu-un-liposomam-30ml\/","og_locale":"lv_LV","og_type":"article","og_title":"K Secret Eye Cream Retinal Liposome 4% pretnoveco\u0161an\u0101s kr\u0113ms ac\u012bm ar retinolu un liposom\u0101m 30ml - FACECORNER","og_description":"K Secret Eye Cream Retinal Liposome 4% atjaunojo\u0161s acu kr\u0113ms, samazina grumbas, tum\u0161os lokus zem ac\u012bm un piet\u016bkumu. Retinal un liposomas dzi\u013ci atjauno \u0101du, atjaunojot t\u0101s tvirtumu un mirdzumu.","og_url":"https:\/\/www.facecorner.lv\/lv\/shop\/k-secret-eye-cream-retinal-liposome-4-pretnovecosanas-krems-acim-ar-retinolu-un-liposomam-30ml\/","og_site_name":"FACECORNER","article_publisher":"https:\/\/www.facebook.com\/profile.php?id=100063824551839","article_modified_time":"2026-04-01T15:16:54+00:00","og_image":[{"width":1000,"height":1000,"url":"https:\/\/www.facecorner.lv\/wp-content\/uploads\/2025\/11\/41BDooujRRL._SL1000_.jpg","type":"image\/jpeg"}],"twitter_card":"summary_large_image","twitter_misc":{"Price":"&euro;18.90","Availability":"Out of stock"},"schema":{"@context":"https:\/\/schema.org","@graph":[{"@type":"WebPage","@id":"https:\/\/www.facecorner.lv\/shop\/k-secret-eye-cream-retinal-liposome-4-pretnovecosanas-krems-acim-ar-retinolu-un-liposomam-30ml\/","url":"https:\/\/www.facecorner.lv\/shop\/k-secret-eye-cream-retinal-liposome-4-pretnovecosanas-krems-acim-ar-retinolu-un-liposomam-30ml\/","name":"K Secret Eye Cream Retinal Liposome 4% pretnoveco\u0161an\u0101s kr\u0113ms ac\u012bm ar retinolu un liposom\u0101m 30ml - FACECORNER","isPartOf":{"@id":"https:\/\/www.facecorner.lv\/#website"},"primaryImageOfPage":{"@id":"https:\/\/www.facecorner.lv\/shop\/k-secret-eye-cream-retinal-liposome-4-pretnovecosanas-krems-acim-ar-retinolu-un-liposomam-30ml\/#primaryimage"},"image":{"@id":"https:\/\/www.facecorner.lv\/shop\/k-secret-eye-cream-retinal-liposome-4-pretnovecosanas-krems-acim-ar-retinolu-un-liposomam-30ml\/#primaryimage"},"thumbnailUrl":"https:\/\/www.facecorner.lv\/wp-content\/uploads\/2025\/11\/41BDooujRRL._SL1000_.jpg","datePublished":"2025-11-06T12:06:03+00:00","dateModified":"2026-04-01T15:16:54+00:00","description":"K Secret Eye Cream Retinal Liposome 4% atjaunojo\u0161s acu kr\u0113ms, samazina grumbas, tum\u0161os lokus zem ac\u012bm un piet\u016bkumu. Retinal un liposomas dzi\u013ci atjauno \u0101du, atjaunojot t\u0101s tvirtumu un mirdzumu.","breadcrumb":{"@id":"https:\/\/www.facecorner.lv\/shop\/k-secret-eye-cream-retinal-liposome-4-pretnovecosanas-krems-acim-ar-retinolu-un-liposomam-30ml\/#breadcrumb"},"inLanguage":"lv-LV","potentialAction":[{"@type":"ReadAction","target":["https:\/\/www.facecorner.lv\/shop\/k-secret-eye-cream-retinal-liposome-4-pretnovecosanas-krems-acim-ar-retinolu-un-liposomam-30ml\/"]}]},{"@type":"ImageObject","inLanguage":"lv-LV","@id":"https:\/\/www.facecorner.lv\/shop\/k-secret-eye-cream-retinal-liposome-4-pretnovecosanas-krems-acim-ar-retinolu-un-liposomam-30ml\/#primaryimage","url":"https:\/\/www.facecorner.lv\/wp-content\/uploads\/2025\/11\/41BDooujRRL._SL1000_.jpg","contentUrl":"https:\/\/www.facecorner.lv\/wp-content\/uploads\/2025\/11\/41BDooujRRL._SL1000_.jpg","width":1000,"height":1000,"caption":"K Secret Eye Cream Retinal Liposome 4%"},{"@type":"BreadcrumbList","@id":"https:\/\/www.facecorner.lv\/shop\/k-secret-eye-cream-retinal-liposome-4-pretnovecosanas-krems-acim-ar-retinolu-un-liposomam-30ml\/#breadcrumb","itemListElement":[{"@type":"ListItem","position":1,"name":"Home","item":"https:\/\/www.facecorner.lv\/"},{"@type":"ListItem","position":2,"name":"Veikals","item":"https:\/\/www.facecorner.lv\/shop\/"},{"@type":"ListItem","position":3,"name":"K Secret Eye Cream Retinal Liposome 4% pretnoveco\u0161an\u0101s kr\u0113ms ac\u012bm ar retinolu un liposom\u0101m 30ml"}]},{"@type":"WebSite","@id":"https:\/\/www.facecorner.lv\/#website","url":"https:\/\/www.facecorner.lv\/","name":"Facecorner","description":"","publisher":{"@id":"https:\/\/www.facecorner.lv\/#organization"},"potentialAction":[{"@type":"SearchAction","target":{"@type":"EntryPoint","urlTemplate":"https:\/\/www.facecorner.lv\/?s={search_term_string}"},"query-input":{"@type":"PropertyValueSpecification","valueRequired":true,"valueName":"search_term_string"}}],"inLanguage":"lv-LV"},{"@type":"Organization","@id":"https:\/\/www.facecorner.lv\/#organization","name":"Facecorner","url":"https:\/\/www.facecorner.lv\/","logo":{"@type":"ImageObject","inLanguage":"lv-LV","@id":"https:\/\/www.facecorner.lv\/#\/schema\/logo\/image\/","url":"https:\/\/www.facecorner.lv\/wp-content\/uploads\/2024\/04\/fc-logo.jpg","contentUrl":"https:\/\/www.facecorner.lv\/wp-content\/uploads\/2024\/04\/fc-logo.jpg","width":174,"height":28,"caption":"Facecorner"},"image":{"@id":"https:\/\/www.facecorner.lv\/#\/schema\/logo\/image\/"},"sameAs":["https:\/\/www.facebook.com\/profile.php?id=100063824551839","https:\/\/www.instagram.com\/facecorner_shop\/"]}]},"product_price_amount":"18.90","product_price_currency":"EUR","og_availability":"out of stock","product_availability":"out of stock","product_condition":"new"},"_links":{"self":[{"href":"https:\/\/www.facecorner.lv\/lv\/wp-json\/wp\/v2\/product\/26010","targetHints":{"allow":["GET"]}}],"collection":[{"href":"https:\/\/www.facecorner.lv\/lv\/wp-json\/wp\/v2\/product"}],"about":[{"href":"https:\/\/www.facecorner.lv\/lv\/wp-json\/wp\/v2\/types\/product"}],"replies":[{"embeddable":true,"href":"https:\/\/www.facecorner.lv\/lv\/wp-json\/wp\/v2\/comments?post=26010"}],"wp:featuredmedia":[{"embeddable":true,"href":"https:\/\/www.facecorner.lv\/lv\/wp-json\/wp\/v2\/media\/26011"}],"wp:attachment":[{"href":"https:\/\/www.facecorner.lv\/lv\/wp-json\/wp\/v2\/media?parent=26010"}],"wp:term":[{"taxonomy":"product_brand","embeddable":true,"href":"https:\/\/www.facecorner.lv\/lv\/wp-json\/wp\/v2\/product_brand?post=26010"},{"taxonomy":"product_cat","embeddable":true,"href":"https:\/\/www.facecorner.lv\/lv\/wp-json\/wp\/v2\/product_cat?post=26010"},{"taxonomy":"product_tag","embeddable":true,"href":"https:\/\/www.facecorner.lv\/lv\/wp-json\/wp\/v2\/product_tag?post=26010"},{"taxonomy":"berocket_brand","embeddable":true,"href":"https:\/\/www.facecorner.lv\/lv\/wp-json\/wp\/v2\/berocket_brand?post=26010"}],"curies":[{"name":"wp","href":"https:\/\/api.w.org\/{rel}","templated":true}]}}