{"id":25939,"date":"2025-11-02T18:27:51","date_gmt":"2025-11-02T15:27:51","guid":{"rendered":"https:\/\/www.facecorner.lv\/?post_type=product&#038;p=25939"},"modified":"2026-02-15T21:14:18","modified_gmt":"2026-02-15T18:14:18","slug":"vt-cosmetics-pdrn-glow-lock-mask-gela-maska-adas-mitrinasanai-un-mirdzumam-100ml","status":"publish","type":"product","link":"https:\/\/www.facecorner.lv\/lv\/shop\/vt-cosmetics-pdrn-glow-lock-mask-gela-maska-adas-mitrinasanai-un-mirdzumam-100ml\/","title":{"rendered":"VT Cosmetics PDRN Glow Lock Mask g\u0113la maska \u0101das mitrin\u0101\u0161anai un mirdzumam 100ml"},"content":{"rendered":"<p>VT Cosmetics PDRN Glow Lock Mask nakts g\u0113la maska ar PDRN formulu un hialuronsk\u0101bi veido aizsarg\u0101jo\u0161u pl\u0113vi, saglab\u0101 mitrumu, atjauno \u0101du un no r\u012bta pie\u0161\u0137ir vesel\u012bgu mirdzumu. Korejie\u0161u kop\u0161anas l\u012bdzeklis visiem \u0101das tipiem.<\/p>\n<p>G\u0113la tekst\u016bra veido elast\u012bgu pl\u0113vi uz sejas, kas \u201eiesl\u0113dz\u201d mitrumu, akt\u012bv\u0101s vielas un pastiprina kop\u0161anas efektu.<\/p>\n<p><strong>Priek\u0161roc\u012bbas:<\/strong><\/p>\n<ul>\n<li>Dzi\u013ci mitrina un baro \u0101du miega laik\u0101<\/li>\n<li>Formula ar PDRN \u0101das atjauno\u0161anai un elast\u012bbas uztur\u0113\u0161anai.<\/li>\n<li>Viegla g\u0113la pl\u0113ve: nav smaga, rada pat\u012bkamu efektu.<\/li>\n<li>Piem\u0113rota visiem \u0101das tipiem, ieskaitot jut\u012bgu \u0101du: dermatolo\u0123iski test\u0113ta, bez m\u0101ksl\u012bg\u0101m smar\u017eviel\u0101m un kr\u0101sviel\u0101m.<\/li>\n<\/ul>\n<p><strong>Piem\u0113rots:<\/strong><\/p>\n<ul>\n<li>noguru\u0161ai, bl\u0101vai \u0101dai<\/li>\n<li>dehidr\u0113tai \u0101dai, kas ir pak\u013cauta mitruma zudumam<\/li>\n<li>\u00a0\u0101dai ar trauc\u0113tu barjeru<\/li>\n<li>visiem \u0101das tipiem, ieskaitot jut\u012bgu \u0101du<\/li>\n<\/ul>\n<p><strong>Lieto\u0161ana:<\/strong> P\u0113c nakts kop\u0161anas posma uzkl\u0101jiet masku vienm\u0113r\u012bg\u0101 sl\u0101n\u012b uz att\u012br\u012btas sejas \u0101das, izvairoties no acs un l\u016bpu zonas.<br \/>\nAtst\u0101jiet l\u012bdz vieglas pl\u0113ves veido\u0161an\u0101s br\u012bdim vai uz ieteicamo laiku.No r\u012bta uzman\u012bgi noskalojiet vai noslaukiet ar mitru salveti un turpiniet parasto kop\u0161anu. Lietojiet 2-3 reizes ned\u0113\u013c\u0101 vai p\u0113c nepiecie\u0161am\u012bbas.<\/p>\n<p><strong>Sast\u0101vs:<\/strong> Purified water, polyvinyl alcohol, glycerin, agave stem extract, 1,2-hexanediol, sodium hyaluronate, panthenol, polyglyceryl-10 laurate, caprylyl glycol, ethylhexylglycerin, allantoin, propanediol, polyglyceryl-10 isostearate, hydroxypropyl methylcellulose, polyglyceryl-10 oleate, butylene glycol, ammonium acryloyldimethyl taurate\/VP copolymer, linolenic acid, sodium polyacryloyldimethyl taurate, white rice flower extract, sodium chloride, hollyhock flower extract, wild ginseng extract, tocopherol, pentylene glycol, sodium bicarbonate, dimethylsilanol hyaluronate, hydrolyzed hyaluronic acid, Hydrolyzed Sodium Hyaluronate, Beta-Glucan, Calcium Chloride, Hyaluronic Acid, Potassium Chloride, Potassium Hyaluronate, Hydroxypropyltrimonium Hyaluronate, Sodium Hyaluronate Crosspolymer, Sodium DNA, Sodium Hyaluronate Dimethylsilanol, Sodium Acetylated Hyaluronate, Squalane<\/p>\n<p>&nbsp;<\/p>\n","protected":false},"excerpt":{"rendered":"<p>VT Cosmetics PDRN Glow Lock Mask ir inovat\u012bva nakts maska-gels ar augsto tehnolo\u0123iju formulu PDRN (polideoksiribonukleot\u012bds), kas atjauno \u0101du un stiprina t\u0101s barjeru.<\/p>\n","protected":false},"featured_media":25940,"comment_status":"open","ping_status":"closed","template":"","meta":{"site-sidebar-layout":"default","site-content-layout":"","ast-site-content-layout":"default","site-content-style":"default","site-sidebar-style":"default","ast-global-header-display":"","ast-banner-title-visibility":"","ast-main-header-display":"","ast-hfb-above-header-display":"","ast-hfb-below-header-display":"","ast-hfb-mobile-header-display":"","site-post-title":"","ast-breadcrumbs-content":"","ast-featured-img":"","footer-sml-layout":"","theme-transparent-header-meta":"default","adv-header-id-meta":"","stick-header-meta":"","header-above-stick-meta":"","header-main-stick-meta":"","header-below-stick-meta":"","astra-migrate-meta-layouts":"set","ast-page-background-enabled":"default","ast-page-background-meta":{"desktop":{"background-color":"var(--ast-global-color-4)","background-image":"","background-repeat":"repeat","background-position":"center center","background-size":"auto","background-attachment":"scroll","background-type":"","background-media":"","overlay-type":"","overlay-color":"","overlay-opacity":"","overlay-gradient":""},"tablet":{"background-color":"","background-image":"","background-repeat":"repeat","background-position":"center center","background-size":"auto","background-attachment":"scroll","background-type":"","background-media":"","overlay-type":"","overlay-color":"","overlay-opacity":"","overlay-gradient":""},"mobile":{"background-color":"","background-image":"","background-repeat":"repeat","background-position":"center center","background-size":"auto","background-attachment":"scroll","background-type":"","background-media":"","overlay-type":"","overlay-color":"","overlay-opacity":"","overlay-gradient":""}},"ast-content-background-meta":{"desktop":{"background-color":"var(--ast-global-color-5)","background-image":"","background-repeat":"repeat","background-position":"center center","background-size":"auto","background-attachment":"scroll","background-type":"","background-media":"","overlay-type":"","overlay-color":"","overlay-opacity":"","overlay-gradient":""},"tablet":{"background-color":"var(--ast-global-color-5)","background-image":"","background-repeat":"repeat","background-position":"center center","background-size":"auto","background-attachment":"scroll","background-type":"","background-media":"","overlay-type":"","overlay-color":"","overlay-opacity":"","overlay-gradient":""},"mobile":{"background-color":"var(--ast-global-color-5)","background-image":"","background-repeat":"repeat","background-position":"center center","background-size":"auto","background-attachment":"scroll","background-type":"","background-media":"","overlay-type":"","overlay-color":"","overlay-opacity":"","overlay-gradient":""}}},"product_brand":[],"product_cat":[435,315,326,322,652],"product_tag":[],"berocket_brand":[582],"class_list":{"0":"post-25939","1":"product","2":"type-product","3":"status-publish","4":"has-post-thumbnail","6":"product_cat-jaunumi","7":"product_cat-maskas","8":"product_cat-mitrinosas","9":"product_cat-nakts","10":"product_cat-pdrn","11":"berocket_brand-vt","12":"desktop-align-left","13":"tablet-align-left","14":"mobile-align-left","16":"first","17":"instock","18":"taxable","19":"shipping-taxable","20":"purchasable","21":"product-type-simple","22":"add-to-wishlist-before_image"},"yoast_head":"<!-- This site is optimized with the Yoast SEO plugin v27.4 - https:\/\/yoast.com\/product\/yoast-seo-wordpress\/ -->\n<title>VT Cosmetics PDRN Glow Lock Mask g\u0113la maska \u0101das mitrin\u0101\u0161anai un mirdzumam 100ml - FACECORNER<\/title>\n<meta name=\"description\" content=\"VT Cosmetics PDRN Glow Lock Mask ir inovat\u012bva nakts maska-gels ar augsto tehnolo\u0123iju formulu PDRN (polideoksiribonukleot\u012bds), kas atjauno \u0101du un stiprina t\u0101s barjeru.\" \/>\n<meta name=\"robots\" content=\"index, follow, max-snippet:-1, max-image-preview:large, max-video-preview:-1\" \/>\n<link rel=\"canonical\" href=\"https:\/\/www.facecorner.lv\/lv\/shop\/vt-cosmetics-pdrn-glow-lock-mask-gela-maska-adas-mitrinasanai-un-mirdzumam-100ml\/\" \/>\n<meta property=\"og:locale\" content=\"lv_LV\" \/>\n<meta property=\"og:type\" content=\"article\" \/>\n<meta property=\"og:title\" content=\"VT Cosmetics PDRN Glow Lock Mask g\u0113la maska \u0101das mitrin\u0101\u0161anai un mirdzumam 100ml - FACECORNER\" \/>\n<meta property=\"og:description\" content=\"VT Cosmetics PDRN Glow Lock Mask ir inovat\u012bva nakts maska-gels ar augsto tehnolo\u0123iju formulu PDRN (polideoksiribonukleot\u012bds), kas atjauno \u0101du un stiprina t\u0101s barjeru.\" \/>\n<meta property=\"og:url\" content=\"https:\/\/www.facecorner.lv\/lv\/shop\/vt-cosmetics-pdrn-glow-lock-mask-gela-maska-adas-mitrinasanai-un-mirdzumam-100ml\/\" \/>\n<meta property=\"og:site_name\" content=\"FACECORNER\" \/>\n<meta property=\"article:publisher\" content=\"https:\/\/www.facebook.com\/profile.php?id=100063824551839\" \/>\n<meta property=\"article:modified_time\" content=\"2026-02-15T18:14:18+00:00\" \/>\n<meta property=\"og:image\" content=\"https:\/\/www.facecorner.lv\/wp-content\/uploads\/2025\/11\/zvolozhuvalna-maska-plivka-z-pdrn-dlja-sjajva-shkiri-vt-cosmetics-glow-lock-mask-1.png\" \/>\n\t<meta property=\"og:image:width\" content=\"945\" \/>\n\t<meta property=\"og:image:height\" content=\"945\" \/>\n\t<meta property=\"og:image:type\" content=\"image\/png\" \/>\n<meta name=\"twitter:card\" content=\"summary_large_image\" \/>\n<meta name=\"twitter:label1\" content=\"Price\" \/>\n\t<meta name=\"twitter:data1\" content=\"&euro;33.00\" \/>\n\t<meta name=\"twitter:label2\" content=\"Availability\" \/>\n\t<meta name=\"twitter:data2\" content=\"In stock\" \/>\n<script type=\"application\/ld+json\" class=\"yoast-schema-graph\">{\"@context\":\"https:\\\/\\\/schema.org\",\"@graph\":[{\"@type\":\"WebPage\",\"@id\":\"https:\\\/\\\/www.facecorner.lv\\\/shop\\\/vt-cosmetics-pdrn-glow-lock-mask-gela-maska-adas-mitrinasanai-un-mirdzumam-100ml\\\/\",\"url\":\"https:\\\/\\\/www.facecorner.lv\\\/shop\\\/vt-cosmetics-pdrn-glow-lock-mask-gela-maska-adas-mitrinasanai-un-mirdzumam-100ml\\\/\",\"name\":\"VT Cosmetics PDRN Glow Lock Mask g\u0113la maska \u0101das mitrin\u0101\u0161anai un mirdzumam 100ml - FACECORNER\",\"isPartOf\":{\"@id\":\"https:\\\/\\\/www.facecorner.lv\\\/#website\"},\"primaryImageOfPage\":{\"@id\":\"https:\\\/\\\/www.facecorner.lv\\\/shop\\\/vt-cosmetics-pdrn-glow-lock-mask-gela-maska-adas-mitrinasanai-un-mirdzumam-100ml\\\/#primaryimage\"},\"image\":{\"@id\":\"https:\\\/\\\/www.facecorner.lv\\\/shop\\\/vt-cosmetics-pdrn-glow-lock-mask-gela-maska-adas-mitrinasanai-un-mirdzumam-100ml\\\/#primaryimage\"},\"thumbnailUrl\":\"https:\\\/\\\/www.facecorner.lv\\\/wp-content\\\/uploads\\\/2025\\\/11\\\/zvolozhuvalna-maska-plivka-z-pdrn-dlja-sjajva-shkiri-vt-cosmetics-glow-lock-mask-1.png\",\"datePublished\":\"2025-11-02T15:27:51+00:00\",\"dateModified\":\"2026-02-15T18:14:18+00:00\",\"description\":\"VT Cosmetics PDRN Glow Lock Mask ir inovat\u012bva nakts maska-gels ar augsto tehnolo\u0123iju formulu PDRN (polideoksiribonukleot\u012bds), kas atjauno \u0101du un stiprina t\u0101s barjeru.\",\"breadcrumb\":{\"@id\":\"https:\\\/\\\/www.facecorner.lv\\\/shop\\\/vt-cosmetics-pdrn-glow-lock-mask-gela-maska-adas-mitrinasanai-un-mirdzumam-100ml\\\/#breadcrumb\"},\"inLanguage\":\"lv-LV\",\"potentialAction\":[{\"@type\":\"ReadAction\",\"target\":[\"https:\\\/\\\/www.facecorner.lv\\\/shop\\\/vt-cosmetics-pdrn-glow-lock-mask-gela-maska-adas-mitrinasanai-un-mirdzumam-100ml\\\/\"]}]},{\"@type\":\"ImageObject\",\"inLanguage\":\"lv-LV\",\"@id\":\"https:\\\/\\\/www.facecorner.lv\\\/shop\\\/vt-cosmetics-pdrn-glow-lock-mask-gela-maska-adas-mitrinasanai-un-mirdzumam-100ml\\\/#primaryimage\",\"url\":\"https:\\\/\\\/www.facecorner.lv\\\/wp-content\\\/uploads\\\/2025\\\/11\\\/zvolozhuvalna-maska-plivka-z-pdrn-dlja-sjajva-shkiri-vt-cosmetics-glow-lock-mask-1.png\",\"contentUrl\":\"https:\\\/\\\/www.facecorner.lv\\\/wp-content\\\/uploads\\\/2025\\\/11\\\/zvolozhuvalna-maska-plivka-z-pdrn-dlja-sjajva-shkiri-vt-cosmetics-glow-lock-mask-1.png\",\"width\":945,\"height\":945,\"caption\":\"VT Cosmetics PDRN Glow Lock Mask\"},{\"@type\":\"BreadcrumbList\",\"@id\":\"https:\\\/\\\/www.facecorner.lv\\\/shop\\\/vt-cosmetics-pdrn-glow-lock-mask-gela-maska-adas-mitrinasanai-un-mirdzumam-100ml\\\/#breadcrumb\",\"itemListElement\":[{\"@type\":\"ListItem\",\"position\":1,\"name\":\"Home\",\"item\":\"https:\\\/\\\/www.facecorner.lv\\\/\"},{\"@type\":\"ListItem\",\"position\":2,\"name\":\"Veikals\",\"item\":\"https:\\\/\\\/www.facecorner.lv\\\/shop\\\/\"},{\"@type\":\"ListItem\",\"position\":3,\"name\":\"VT Cosmetics PDRN Glow Lock Mask g\u0113la maska \u0101das mitrin\u0101\u0161anai un mirdzumam 100ml\"}]},{\"@type\":\"WebSite\",\"@id\":\"https:\\\/\\\/www.facecorner.lv\\\/#website\",\"url\":\"https:\\\/\\\/www.facecorner.lv\\\/\",\"name\":\"Facecorner\",\"description\":\"\",\"publisher\":{\"@id\":\"https:\\\/\\\/www.facecorner.lv\\\/#organization\"},\"potentialAction\":[{\"@type\":\"SearchAction\",\"target\":{\"@type\":\"EntryPoint\",\"urlTemplate\":\"https:\\\/\\\/www.facecorner.lv\\\/?s={search_term_string}\"},\"query-input\":{\"@type\":\"PropertyValueSpecification\",\"valueRequired\":true,\"valueName\":\"search_term_string\"}}],\"inLanguage\":\"lv-LV\"},{\"@type\":\"Organization\",\"@id\":\"https:\\\/\\\/www.facecorner.lv\\\/#organization\",\"name\":\"Facecorner\",\"url\":\"https:\\\/\\\/www.facecorner.lv\\\/\",\"logo\":{\"@type\":\"ImageObject\",\"inLanguage\":\"lv-LV\",\"@id\":\"https:\\\/\\\/www.facecorner.lv\\\/#\\\/schema\\\/logo\\\/image\\\/\",\"url\":\"https:\\\/\\\/www.facecorner.lv\\\/wp-content\\\/uploads\\\/2024\\\/04\\\/fc-logo.jpg\",\"contentUrl\":\"https:\\\/\\\/www.facecorner.lv\\\/wp-content\\\/uploads\\\/2024\\\/04\\\/fc-logo.jpg\",\"width\":174,\"height\":28,\"caption\":\"Facecorner\"},\"image\":{\"@id\":\"https:\\\/\\\/www.facecorner.lv\\\/#\\\/schema\\\/logo\\\/image\\\/\"},\"sameAs\":[\"https:\\\/\\\/www.facebook.com\\\/profile.php?id=100063824551839\",\"https:\\\/\\\/www.instagram.com\\\/facecorner_shop\\\/\"]}]}<\/script>\n<meta property=\"product:price:amount\" content=\"33.00\" \/>\n<meta property=\"product:price:currency\" content=\"EUR\" \/>\n<meta property=\"og:availability\" content=\"instock\" \/>\n<meta property=\"product:availability\" content=\"instock\" \/>\n<meta property=\"product:condition\" content=\"new\" \/>\n<!-- \/ Yoast SEO plugin. -->","yoast_head_json":{"title":"VT Cosmetics PDRN Glow Lock Mask g\u0113la maska \u0101das mitrin\u0101\u0161anai un mirdzumam 100ml - FACECORNER","description":"VT Cosmetics PDRN Glow Lock Mask ir inovat\u012bva nakts maska-gels ar augsto tehnolo\u0123iju formulu PDRN (polideoksiribonukleot\u012bds), kas atjauno \u0101du un stiprina t\u0101s barjeru.","robots":{"index":"index","follow":"follow","max-snippet":"max-snippet:-1","max-image-preview":"max-image-preview:large","max-video-preview":"max-video-preview:-1"},"canonical":"https:\/\/www.facecorner.lv\/lv\/shop\/vt-cosmetics-pdrn-glow-lock-mask-gela-maska-adas-mitrinasanai-un-mirdzumam-100ml\/","og_locale":"lv_LV","og_type":"article","og_title":"VT Cosmetics PDRN Glow Lock Mask g\u0113la maska \u0101das mitrin\u0101\u0161anai un mirdzumam 100ml - FACECORNER","og_description":"VT Cosmetics PDRN Glow Lock Mask ir inovat\u012bva nakts maska-gels ar augsto tehnolo\u0123iju formulu PDRN (polideoksiribonukleot\u012bds), kas atjauno \u0101du un stiprina t\u0101s barjeru.","og_url":"https:\/\/www.facecorner.lv\/lv\/shop\/vt-cosmetics-pdrn-glow-lock-mask-gela-maska-adas-mitrinasanai-un-mirdzumam-100ml\/","og_site_name":"FACECORNER","article_publisher":"https:\/\/www.facebook.com\/profile.php?id=100063824551839","article_modified_time":"2026-02-15T18:14:18+00:00","og_image":[{"width":945,"height":945,"url":"https:\/\/www.facecorner.lv\/wp-content\/uploads\/2025\/11\/zvolozhuvalna-maska-plivka-z-pdrn-dlja-sjajva-shkiri-vt-cosmetics-glow-lock-mask-1.png","type":"image\/png"}],"twitter_card":"summary_large_image","twitter_misc":{"Price":"&euro;33.00","Availability":"In stock"},"schema":{"@context":"https:\/\/schema.org","@graph":[{"@type":"WebPage","@id":"https:\/\/www.facecorner.lv\/shop\/vt-cosmetics-pdrn-glow-lock-mask-gela-maska-adas-mitrinasanai-un-mirdzumam-100ml\/","url":"https:\/\/www.facecorner.lv\/shop\/vt-cosmetics-pdrn-glow-lock-mask-gela-maska-adas-mitrinasanai-un-mirdzumam-100ml\/","name":"VT Cosmetics PDRN Glow Lock Mask g\u0113la maska \u0101das mitrin\u0101\u0161anai un mirdzumam 100ml - FACECORNER","isPartOf":{"@id":"https:\/\/www.facecorner.lv\/#website"},"primaryImageOfPage":{"@id":"https:\/\/www.facecorner.lv\/shop\/vt-cosmetics-pdrn-glow-lock-mask-gela-maska-adas-mitrinasanai-un-mirdzumam-100ml\/#primaryimage"},"image":{"@id":"https:\/\/www.facecorner.lv\/shop\/vt-cosmetics-pdrn-glow-lock-mask-gela-maska-adas-mitrinasanai-un-mirdzumam-100ml\/#primaryimage"},"thumbnailUrl":"https:\/\/www.facecorner.lv\/wp-content\/uploads\/2025\/11\/zvolozhuvalna-maska-plivka-z-pdrn-dlja-sjajva-shkiri-vt-cosmetics-glow-lock-mask-1.png","datePublished":"2025-11-02T15:27:51+00:00","dateModified":"2026-02-15T18:14:18+00:00","description":"VT Cosmetics PDRN Glow Lock Mask ir inovat\u012bva nakts maska-gels ar augsto tehnolo\u0123iju formulu PDRN (polideoksiribonukleot\u012bds), kas atjauno \u0101du un stiprina t\u0101s barjeru.","breadcrumb":{"@id":"https:\/\/www.facecorner.lv\/shop\/vt-cosmetics-pdrn-glow-lock-mask-gela-maska-adas-mitrinasanai-un-mirdzumam-100ml\/#breadcrumb"},"inLanguage":"lv-LV","potentialAction":[{"@type":"ReadAction","target":["https:\/\/www.facecorner.lv\/shop\/vt-cosmetics-pdrn-glow-lock-mask-gela-maska-adas-mitrinasanai-un-mirdzumam-100ml\/"]}]},{"@type":"ImageObject","inLanguage":"lv-LV","@id":"https:\/\/www.facecorner.lv\/shop\/vt-cosmetics-pdrn-glow-lock-mask-gela-maska-adas-mitrinasanai-un-mirdzumam-100ml\/#primaryimage","url":"https:\/\/www.facecorner.lv\/wp-content\/uploads\/2025\/11\/zvolozhuvalna-maska-plivka-z-pdrn-dlja-sjajva-shkiri-vt-cosmetics-glow-lock-mask-1.png","contentUrl":"https:\/\/www.facecorner.lv\/wp-content\/uploads\/2025\/11\/zvolozhuvalna-maska-plivka-z-pdrn-dlja-sjajva-shkiri-vt-cosmetics-glow-lock-mask-1.png","width":945,"height":945,"caption":"VT Cosmetics PDRN Glow Lock Mask"},{"@type":"BreadcrumbList","@id":"https:\/\/www.facecorner.lv\/shop\/vt-cosmetics-pdrn-glow-lock-mask-gela-maska-adas-mitrinasanai-un-mirdzumam-100ml\/#breadcrumb","itemListElement":[{"@type":"ListItem","position":1,"name":"Home","item":"https:\/\/www.facecorner.lv\/"},{"@type":"ListItem","position":2,"name":"Veikals","item":"https:\/\/www.facecorner.lv\/shop\/"},{"@type":"ListItem","position":3,"name":"VT Cosmetics PDRN Glow Lock Mask g\u0113la maska \u0101das mitrin\u0101\u0161anai un mirdzumam 100ml"}]},{"@type":"WebSite","@id":"https:\/\/www.facecorner.lv\/#website","url":"https:\/\/www.facecorner.lv\/","name":"Facecorner","description":"","publisher":{"@id":"https:\/\/www.facecorner.lv\/#organization"},"potentialAction":[{"@type":"SearchAction","target":{"@type":"EntryPoint","urlTemplate":"https:\/\/www.facecorner.lv\/?s={search_term_string}"},"query-input":{"@type":"PropertyValueSpecification","valueRequired":true,"valueName":"search_term_string"}}],"inLanguage":"lv-LV"},{"@type":"Organization","@id":"https:\/\/www.facecorner.lv\/#organization","name":"Facecorner","url":"https:\/\/www.facecorner.lv\/","logo":{"@type":"ImageObject","inLanguage":"lv-LV","@id":"https:\/\/www.facecorner.lv\/#\/schema\/logo\/image\/","url":"https:\/\/www.facecorner.lv\/wp-content\/uploads\/2024\/04\/fc-logo.jpg","contentUrl":"https:\/\/www.facecorner.lv\/wp-content\/uploads\/2024\/04\/fc-logo.jpg","width":174,"height":28,"caption":"Facecorner"},"image":{"@id":"https:\/\/www.facecorner.lv\/#\/schema\/logo\/image\/"},"sameAs":["https:\/\/www.facebook.com\/profile.php?id=100063824551839","https:\/\/www.instagram.com\/facecorner_shop\/"]}]},"product_price_amount":"33.00","product_price_currency":"EUR","og_availability":"instock","product_availability":"instock","product_condition":"new"},"_links":{"self":[{"href":"https:\/\/www.facecorner.lv\/lv\/wp-json\/wp\/v2\/product\/25939","targetHints":{"allow":["GET"]}}],"collection":[{"href":"https:\/\/www.facecorner.lv\/lv\/wp-json\/wp\/v2\/product"}],"about":[{"href":"https:\/\/www.facecorner.lv\/lv\/wp-json\/wp\/v2\/types\/product"}],"replies":[{"embeddable":true,"href":"https:\/\/www.facecorner.lv\/lv\/wp-json\/wp\/v2\/comments?post=25939"}],"wp:featuredmedia":[{"embeddable":true,"href":"https:\/\/www.facecorner.lv\/lv\/wp-json\/wp\/v2\/media\/25940"}],"wp:attachment":[{"href":"https:\/\/www.facecorner.lv\/lv\/wp-json\/wp\/v2\/media?parent=25939"}],"wp:term":[{"taxonomy":"product_brand","embeddable":true,"href":"https:\/\/www.facecorner.lv\/lv\/wp-json\/wp\/v2\/product_brand?post=25939"},{"taxonomy":"product_cat","embeddable":true,"href":"https:\/\/www.facecorner.lv\/lv\/wp-json\/wp\/v2\/product_cat?post=25939"},{"taxonomy":"product_tag","embeddable":true,"href":"https:\/\/www.facecorner.lv\/lv\/wp-json\/wp\/v2\/product_tag?post=25939"},{"taxonomy":"berocket_brand","embeddable":true,"href":"https:\/\/www.facecorner.lv\/lv\/wp-json\/wp\/v2\/berocket_brand?post=25939"}],"curies":[{"name":"wp","href":"https:\/\/api.w.org\/{rel}","templated":true}]}}