{"id":25912,"date":"2025-10-30T20:56:39","date_gmt":"2025-10-30T17:56:39","guid":{"rendered":"https:\/\/www.facecorner.lv\/?post_type=product&#038;p=25912"},"modified":"2025-12-28T03:05:30","modified_gmt":"2025-12-28T00:05:30","slug":"daeng-gi-meo-ri-glamo-keratin-treatment-400ml","status":"publish","type":"product","link":"https:\/\/www.facecorner.lv\/lv\/shop\/daeng-gi-meo-ri-glamo-keratin-treatment-400ml\/","title":{"rendered":"Daeng Gi Meo Ri Glamo Keratin Treatment 400ml"},"content":{"rendered":"<p>Daeng Gi Meo Ri Glamo Keratin Treatment\u00a0 ir profesion\u0101ls kondicionieris-\u0101rst\u0113jo\u0161s l\u012bdzeklis matiem.<\/p>\n<p>Tas paredz\u0113ts boj\u0101tu matu atjauno\u0161anai, elast\u012bbas, sp\u012bduma un gluduma pie\u0161\u0137ir\u0161anai. Sast\u0101v\u0101 ir dab\u012bgas austrumu z\u0101les, kerat\u012bns, \u201cmeln\u0101s\u201d superp\u0101rtikas (meln\u0101s pupas, melnie sezami, a\u013c\u0123es) un \u017een\u0161e\u0146a ekstrakti.<\/p>\n<p>Daeng Gi Meo Ri Glamo Keratin Treatment balzams ar kerat\u012bnu pal\u012bdz atjaunot boj\u0101to matu kutikulu, m\u012bkstina gali\u0146us un nov\u0113r\u0161 to \u0161\u0137el\u0161anos. Baro un mitrina, nov\u0113r\u0161 l\u016b\u0161anu, pie\u0161\u0137ir maigumu un sp\u012bdumu.<\/p>\n<p>Atvieglo \u0137emm\u0113\u0161anu, padara matus gludus un z\u012bdainus. Atjauno matu strukt\u016bras mikroboj\u0101jumus. Toniz\u0113 un atsvaidzina galvas \u0101du, nomierina un nov\u0113r\u0161 niezi. No\u0146em atmiru\u0161\u0101s \u0161\u016bnas, eksfoli\u0113, pagarinot matu t\u012br\u012bbu.<\/p>\n<p><strong>Lieto\u0161anas veids<\/strong>: uzkl\u0101jiet uz t\u012briem, ar dvieli nosusin\u0101tiem matiem vis\u0101 garum\u0101, iz\u0137emm\u0113jiet, noskalojiet p\u0113c 2-3 min\u016bt\u0113m. Piem\u0113rots ikdienas lieto\u0161anai.<\/p>\n<p><strong>Sast\u0101vs:<\/strong> Water, Cetyl Ethylhexanoate, Cetearyl Alcohol, Stearyl Alcohol, Cyclopentasiloxane, Stearamidopropyl Dimethylamine, Glutamic Acid, Fragrance, Persea Gratissima (avocado) Oil , Dimethicone, Cetrimonium Chloride, Salicylic Acid, Panthenol, Niacinamide, Hydrolyzed Keratin , Disodium Edta, Butylene Glycol, Panax Ginseng Root Extract(red Ginseng), Chrysanthemum Sibiricum Extract , Panax Ginseng Berry Extract , Ganoderma Lucidum (mushroom) Extract, Biota Orientalis Leaf Extract, Morus Alba Bark Extract, Houttuynia Cordata Extract, Polygonum Multiflorum Root Extract, Cnidium Officinale Root Extract, Crinum Asiaticum Extract, Perilla Frutescens Leaf Extract, Foeniculum Vulgare (fennel) Fruit Extract, Angelica Acutiloba Root Extract, Camellia Sinensis Leaf Extract, Acorus Calamus Root Extract, Rehmannia Glutinosa Root Extract, Propylene Glycol, Phellinus Linteus Extract, Euterpe Oleracea Fruit Extract, Sesamum Indicum (sesame) Seed Extract, Glycine Max (soybean) Seed Extract , Laminaria Japonica Extract, Alcohol, Panax Ginseng Root Extract , Artemisia Vulgaris Extract, Lycium Chinense Fruit Extract , Schisandra Chinensis Fruit Extract , Gardenia Florida Fruit Extract , Paeonia Lactiflora Root Extract, Phenoxyethanol, Alpha-isomethyl Ionone, Geraniol, Coumarin, Linalool, Limonene, Citronellol<\/p>\n<p>&nbsp;<\/p>\n","protected":false},"excerpt":{"rendered":"<p>Daeng Gi Meo Ri Glamo Keratin Treatment\u00a0 ir profesion\u0101ls kondicionieris-\u0101rst\u0113jo\u0161s l\u012bdzeklis matiem.<\/p>\n","protected":false},"featured_media":25913,"comment_status":"open","ping_status":"closed","template":"","meta":{"site-sidebar-layout":"default","site-content-layout":"","ast-site-content-layout":"default","site-content-style":"default","site-sidebar-style":"default","ast-global-header-display":"","ast-banner-title-visibility":"","ast-main-header-display":"","ast-hfb-above-header-display":"","ast-hfb-below-header-display":"","ast-hfb-mobile-header-display":"","site-post-title":"","ast-breadcrumbs-content":"","ast-featured-img":"","footer-sml-layout":"","theme-transparent-header-meta":"default","adv-header-id-meta":"","stick-header-meta":"","header-above-stick-meta":"","header-main-stick-meta":"","header-below-stick-meta":"","astra-migrate-meta-layouts":"set","ast-page-background-enabled":"default","ast-page-background-meta":{"desktop":{"background-color":"var(--ast-global-color-4)","background-image":"","background-repeat":"repeat","background-position":"center center","background-size":"auto","background-attachment":"scroll","background-type":"","background-media":"","overlay-type":"","overlay-color":"","overlay-opacity":"","overlay-gradient":""},"tablet":{"background-color":"","background-image":"","background-repeat":"repeat","background-position":"center center","background-size":"auto","background-attachment":"scroll","background-type":"","background-media":"","overlay-type":"","overlay-color":"","overlay-opacity":"","overlay-gradient":""},"mobile":{"background-color":"","background-image":"","background-repeat":"repeat","background-position":"center center","background-size":"auto","background-attachment":"scroll","background-type":"","background-media":"","overlay-type":"","overlay-color":"","overlay-opacity":"","overlay-gradient":""}},"ast-content-background-meta":{"desktop":{"background-color":"var(--ast-global-color-5)","background-image":"","background-repeat":"repeat","background-position":"center center","background-size":"auto","background-attachment":"scroll","background-type":"","background-media":"","overlay-type":"","overlay-color":"","overlay-opacity":"","overlay-gradient":""},"tablet":{"background-color":"var(--ast-global-color-5)","background-image":"","background-repeat":"repeat","background-position":"center center","background-size":"auto","background-attachment":"scroll","background-type":"","background-media":"","overlay-type":"","overlay-color":"","overlay-opacity":"","overlay-gradient":""},"mobile":{"background-color":"var(--ast-global-color-5)","background-image":"","background-repeat":"repeat","background-position":"center center","background-size":"auto","background-attachment":"scroll","background-type":"","background-media":"","overlay-type":"","overlay-color":"","overlay-opacity":"","overlay-gradient":""}}},"product_brand":[],"product_cat":[356,330],"product_tag":[],"berocket_brand":[665],"class_list":{"0":"post-25912","1":"product","2":"type-product","3":"status-publish","4":"has-post-thumbnail","6":"product_cat-kondicionieri","7":"product_cat-matiem","8":"berocket_brand-daeng-gi-meo-ri","9":"desktop-align-left","10":"tablet-align-left","11":"mobile-align-left","13":"first","14":"instock","15":"taxable","16":"shipping-taxable","17":"purchasable","18":"product-type-simple","19":"add-to-wishlist-before_image"},"yoast_head":"<!-- This site is optimized with the Yoast SEO plugin v27.4 - https:\/\/yoast.com\/product\/yoast-seo-wordpress\/ -->\n<title>Daeng Gi Meo Ri Glamo Keratin Treatment 400ml - FACECORNER<\/title>\n<meta name=\"description\" content=\"Daeng Gi Meo Ri Glamo Keratin Treatment\u00a0 ir profesion\u0101ls kondicionieris-\u0101rst\u0113jo\u0161s l\u012bdzeklis matiem.\" \/>\n<meta name=\"robots\" content=\"index, follow, max-snippet:-1, max-image-preview:large, max-video-preview:-1\" \/>\n<link rel=\"canonical\" href=\"https:\/\/www.facecorner.lv\/lv\/shop\/daeng-gi-meo-ri-glamo-keratin-treatment-400ml\/\" \/>\n<meta property=\"og:locale\" content=\"lv_LV\" \/>\n<meta property=\"og:type\" content=\"article\" \/>\n<meta property=\"og:title\" content=\"Daeng Gi Meo Ri Glamo Keratin Treatment 400ml - FACECORNER\" \/>\n<meta property=\"og:description\" content=\"Daeng Gi Meo Ri Glamo Keratin Treatment\u00a0 ir profesion\u0101ls kondicionieris-\u0101rst\u0113jo\u0161s l\u012bdzeklis matiem.\" \/>\n<meta property=\"og:url\" content=\"https:\/\/www.facecorner.lv\/lv\/shop\/daeng-gi-meo-ri-glamo-keratin-treatment-400ml\/\" \/>\n<meta property=\"og:site_name\" content=\"FACECORNER\" \/>\n<meta property=\"article:publisher\" content=\"https:\/\/www.facebook.com\/profile.php?id=100063824551839\" \/>\n<meta property=\"article:modified_time\" content=\"2025-12-28T00:05:30+00:00\" \/>\n<meta property=\"og:image\" content=\"https:\/\/www.facecorner.lv\/wp-content\/uploads\/2025\/10\/Daeng_20Gi_20Meo_20Ri_20-_20Glamo_20Kreatin_20Treatment_800x.webp\" \/>\n\t<meta property=\"og:image:width\" content=\"800\" \/>\n\t<meta property=\"og:image:height\" content=\"800\" \/>\n\t<meta property=\"og:image:type\" content=\"image\/webp\" \/>\n<meta name=\"twitter:card\" content=\"summary_large_image\" \/>\n<meta name=\"twitter:label1\" content=\"Price\" \/>\n\t<meta name=\"twitter:data1\" content=\"&euro;21.90\" \/>\n\t<meta name=\"twitter:label2\" content=\"Availability\" \/>\n\t<meta name=\"twitter:data2\" content=\"In stock\" \/>\n<script type=\"application\/ld+json\" class=\"yoast-schema-graph\">{\"@context\":\"https:\\\/\\\/schema.org\",\"@graph\":[{\"@type\":\"WebPage\",\"@id\":\"https:\\\/\\\/www.facecorner.lv\\\/shop\\\/daeng-gi-meo-ri-glamo-keratin-treatment-400ml\\\/\",\"url\":\"https:\\\/\\\/www.facecorner.lv\\\/shop\\\/daeng-gi-meo-ri-glamo-keratin-treatment-400ml\\\/\",\"name\":\"Daeng Gi Meo Ri Glamo Keratin Treatment 400ml - FACECORNER\",\"isPartOf\":{\"@id\":\"https:\\\/\\\/www.facecorner.lv\\\/#website\"},\"primaryImageOfPage\":{\"@id\":\"https:\\\/\\\/www.facecorner.lv\\\/shop\\\/daeng-gi-meo-ri-glamo-keratin-treatment-400ml\\\/#primaryimage\"},\"image\":{\"@id\":\"https:\\\/\\\/www.facecorner.lv\\\/shop\\\/daeng-gi-meo-ri-glamo-keratin-treatment-400ml\\\/#primaryimage\"},\"thumbnailUrl\":\"https:\\\/\\\/www.facecorner.lv\\\/wp-content\\\/uploads\\\/2025\\\/10\\\/Daeng_20Gi_20Meo_20Ri_20-_20Glamo_20Kreatin_20Treatment_800x.webp\",\"datePublished\":\"2025-10-30T17:56:39+00:00\",\"dateModified\":\"2025-12-28T00:05:30+00:00\",\"description\":\"Daeng Gi Meo Ri Glamo Keratin Treatment\u00a0 ir profesion\u0101ls kondicionieris-\u0101rst\u0113jo\u0161s l\u012bdzeklis matiem.\",\"breadcrumb\":{\"@id\":\"https:\\\/\\\/www.facecorner.lv\\\/shop\\\/daeng-gi-meo-ri-glamo-keratin-treatment-400ml\\\/#breadcrumb\"},\"inLanguage\":\"lv-LV\",\"potentialAction\":[{\"@type\":\"ReadAction\",\"target\":[\"https:\\\/\\\/www.facecorner.lv\\\/shop\\\/daeng-gi-meo-ri-glamo-keratin-treatment-400ml\\\/\"]}]},{\"@type\":\"ImageObject\",\"inLanguage\":\"lv-LV\",\"@id\":\"https:\\\/\\\/www.facecorner.lv\\\/shop\\\/daeng-gi-meo-ri-glamo-keratin-treatment-400ml\\\/#primaryimage\",\"url\":\"https:\\\/\\\/www.facecorner.lv\\\/wp-content\\\/uploads\\\/2025\\\/10\\\/Daeng_20Gi_20Meo_20Ri_20-_20Glamo_20Kreatin_20Treatment_800x.webp\",\"contentUrl\":\"https:\\\/\\\/www.facecorner.lv\\\/wp-content\\\/uploads\\\/2025\\\/10\\\/Daeng_20Gi_20Meo_20Ri_20-_20Glamo_20Kreatin_20Treatment_800x.webp\",\"width\":800,\"height\":800,\"caption\":\"Daeng Gi Meo Ri Glamo Keratin Treatment\"},{\"@type\":\"BreadcrumbList\",\"@id\":\"https:\\\/\\\/www.facecorner.lv\\\/shop\\\/daeng-gi-meo-ri-glamo-keratin-treatment-400ml\\\/#breadcrumb\",\"itemListElement\":[{\"@type\":\"ListItem\",\"position\":1,\"name\":\"Home\",\"item\":\"https:\\\/\\\/www.facecorner.lv\\\/\"},{\"@type\":\"ListItem\",\"position\":2,\"name\":\"Veikals\",\"item\":\"https:\\\/\\\/www.facecorner.lv\\\/shop\\\/\"},{\"@type\":\"ListItem\",\"position\":3,\"name\":\"Daeng Gi Meo Ri Glamo Keratin Treatment 400ml\"}]},{\"@type\":\"WebSite\",\"@id\":\"https:\\\/\\\/www.facecorner.lv\\\/#website\",\"url\":\"https:\\\/\\\/www.facecorner.lv\\\/\",\"name\":\"Facecorner\",\"description\":\"\",\"publisher\":{\"@id\":\"https:\\\/\\\/www.facecorner.lv\\\/#organization\"},\"potentialAction\":[{\"@type\":\"SearchAction\",\"target\":{\"@type\":\"EntryPoint\",\"urlTemplate\":\"https:\\\/\\\/www.facecorner.lv\\\/?s={search_term_string}\"},\"query-input\":{\"@type\":\"PropertyValueSpecification\",\"valueRequired\":true,\"valueName\":\"search_term_string\"}}],\"inLanguage\":\"lv-LV\"},{\"@type\":\"Organization\",\"@id\":\"https:\\\/\\\/www.facecorner.lv\\\/#organization\",\"name\":\"Facecorner\",\"url\":\"https:\\\/\\\/www.facecorner.lv\\\/\",\"logo\":{\"@type\":\"ImageObject\",\"inLanguage\":\"lv-LV\",\"@id\":\"https:\\\/\\\/www.facecorner.lv\\\/#\\\/schema\\\/logo\\\/image\\\/\",\"url\":\"https:\\\/\\\/www.facecorner.lv\\\/wp-content\\\/uploads\\\/2024\\\/04\\\/fc-logo.jpg\",\"contentUrl\":\"https:\\\/\\\/www.facecorner.lv\\\/wp-content\\\/uploads\\\/2024\\\/04\\\/fc-logo.jpg\",\"width\":174,\"height\":28,\"caption\":\"Facecorner\"},\"image\":{\"@id\":\"https:\\\/\\\/www.facecorner.lv\\\/#\\\/schema\\\/logo\\\/image\\\/\"},\"sameAs\":[\"https:\\\/\\\/www.facebook.com\\\/profile.php?id=100063824551839\",\"https:\\\/\\\/www.instagram.com\\\/facecorner_shop\\\/\"]}]}<\/script>\n<meta property=\"product:price:amount\" content=\"21.90\" \/>\n<meta property=\"product:price:currency\" content=\"EUR\" \/>\n<meta property=\"og:availability\" content=\"instock\" \/>\n<meta property=\"product:availability\" content=\"instock\" \/>\n<meta property=\"product:condition\" content=\"new\" \/>\n<!-- \/ Yoast SEO plugin. -->","yoast_head_json":{"title":"Daeng Gi Meo Ri Glamo Keratin Treatment 400ml - FACECORNER","description":"Daeng Gi Meo Ri Glamo Keratin Treatment\u00a0 ir profesion\u0101ls kondicionieris-\u0101rst\u0113jo\u0161s l\u012bdzeklis matiem.","robots":{"index":"index","follow":"follow","max-snippet":"max-snippet:-1","max-image-preview":"max-image-preview:large","max-video-preview":"max-video-preview:-1"},"canonical":"https:\/\/www.facecorner.lv\/lv\/shop\/daeng-gi-meo-ri-glamo-keratin-treatment-400ml\/","og_locale":"lv_LV","og_type":"article","og_title":"Daeng Gi Meo Ri Glamo Keratin Treatment 400ml - FACECORNER","og_description":"Daeng Gi Meo Ri Glamo Keratin Treatment\u00a0 ir profesion\u0101ls kondicionieris-\u0101rst\u0113jo\u0161s l\u012bdzeklis matiem.","og_url":"https:\/\/www.facecorner.lv\/lv\/shop\/daeng-gi-meo-ri-glamo-keratin-treatment-400ml\/","og_site_name":"FACECORNER","article_publisher":"https:\/\/www.facebook.com\/profile.php?id=100063824551839","article_modified_time":"2025-12-28T00:05:30+00:00","og_image":[{"width":800,"height":800,"url":"https:\/\/www.facecorner.lv\/wp-content\/uploads\/2025\/10\/Daeng_20Gi_20Meo_20Ri_20-_20Glamo_20Kreatin_20Treatment_800x.webp","type":"image\/webp"}],"twitter_card":"summary_large_image","twitter_misc":{"Price":"&euro;21.90","Availability":"In stock"},"schema":{"@context":"https:\/\/schema.org","@graph":[{"@type":"WebPage","@id":"https:\/\/www.facecorner.lv\/shop\/daeng-gi-meo-ri-glamo-keratin-treatment-400ml\/","url":"https:\/\/www.facecorner.lv\/shop\/daeng-gi-meo-ri-glamo-keratin-treatment-400ml\/","name":"Daeng Gi Meo Ri Glamo Keratin Treatment 400ml - FACECORNER","isPartOf":{"@id":"https:\/\/www.facecorner.lv\/#website"},"primaryImageOfPage":{"@id":"https:\/\/www.facecorner.lv\/shop\/daeng-gi-meo-ri-glamo-keratin-treatment-400ml\/#primaryimage"},"image":{"@id":"https:\/\/www.facecorner.lv\/shop\/daeng-gi-meo-ri-glamo-keratin-treatment-400ml\/#primaryimage"},"thumbnailUrl":"https:\/\/www.facecorner.lv\/wp-content\/uploads\/2025\/10\/Daeng_20Gi_20Meo_20Ri_20-_20Glamo_20Kreatin_20Treatment_800x.webp","datePublished":"2025-10-30T17:56:39+00:00","dateModified":"2025-12-28T00:05:30+00:00","description":"Daeng Gi Meo Ri Glamo Keratin Treatment\u00a0 ir profesion\u0101ls kondicionieris-\u0101rst\u0113jo\u0161s l\u012bdzeklis matiem.","breadcrumb":{"@id":"https:\/\/www.facecorner.lv\/shop\/daeng-gi-meo-ri-glamo-keratin-treatment-400ml\/#breadcrumb"},"inLanguage":"lv-LV","potentialAction":[{"@type":"ReadAction","target":["https:\/\/www.facecorner.lv\/shop\/daeng-gi-meo-ri-glamo-keratin-treatment-400ml\/"]}]},{"@type":"ImageObject","inLanguage":"lv-LV","@id":"https:\/\/www.facecorner.lv\/shop\/daeng-gi-meo-ri-glamo-keratin-treatment-400ml\/#primaryimage","url":"https:\/\/www.facecorner.lv\/wp-content\/uploads\/2025\/10\/Daeng_20Gi_20Meo_20Ri_20-_20Glamo_20Kreatin_20Treatment_800x.webp","contentUrl":"https:\/\/www.facecorner.lv\/wp-content\/uploads\/2025\/10\/Daeng_20Gi_20Meo_20Ri_20-_20Glamo_20Kreatin_20Treatment_800x.webp","width":800,"height":800,"caption":"Daeng Gi Meo Ri Glamo Keratin Treatment"},{"@type":"BreadcrumbList","@id":"https:\/\/www.facecorner.lv\/shop\/daeng-gi-meo-ri-glamo-keratin-treatment-400ml\/#breadcrumb","itemListElement":[{"@type":"ListItem","position":1,"name":"Home","item":"https:\/\/www.facecorner.lv\/"},{"@type":"ListItem","position":2,"name":"Veikals","item":"https:\/\/www.facecorner.lv\/shop\/"},{"@type":"ListItem","position":3,"name":"Daeng Gi Meo Ri Glamo Keratin Treatment 400ml"}]},{"@type":"WebSite","@id":"https:\/\/www.facecorner.lv\/#website","url":"https:\/\/www.facecorner.lv\/","name":"Facecorner","description":"","publisher":{"@id":"https:\/\/www.facecorner.lv\/#organization"},"potentialAction":[{"@type":"SearchAction","target":{"@type":"EntryPoint","urlTemplate":"https:\/\/www.facecorner.lv\/?s={search_term_string}"},"query-input":{"@type":"PropertyValueSpecification","valueRequired":true,"valueName":"search_term_string"}}],"inLanguage":"lv-LV"},{"@type":"Organization","@id":"https:\/\/www.facecorner.lv\/#organization","name":"Facecorner","url":"https:\/\/www.facecorner.lv\/","logo":{"@type":"ImageObject","inLanguage":"lv-LV","@id":"https:\/\/www.facecorner.lv\/#\/schema\/logo\/image\/","url":"https:\/\/www.facecorner.lv\/wp-content\/uploads\/2024\/04\/fc-logo.jpg","contentUrl":"https:\/\/www.facecorner.lv\/wp-content\/uploads\/2024\/04\/fc-logo.jpg","width":174,"height":28,"caption":"Facecorner"},"image":{"@id":"https:\/\/www.facecorner.lv\/#\/schema\/logo\/image\/"},"sameAs":["https:\/\/www.facebook.com\/profile.php?id=100063824551839","https:\/\/www.instagram.com\/facecorner_shop\/"]}]},"product_price_amount":"21.90","product_price_currency":"EUR","og_availability":"instock","product_availability":"instock","product_condition":"new"},"_links":{"self":[{"href":"https:\/\/www.facecorner.lv\/lv\/wp-json\/wp\/v2\/product\/25912","targetHints":{"allow":["GET"]}}],"collection":[{"href":"https:\/\/www.facecorner.lv\/lv\/wp-json\/wp\/v2\/product"}],"about":[{"href":"https:\/\/www.facecorner.lv\/lv\/wp-json\/wp\/v2\/types\/product"}],"replies":[{"embeddable":true,"href":"https:\/\/www.facecorner.lv\/lv\/wp-json\/wp\/v2\/comments?post=25912"}],"wp:featuredmedia":[{"embeddable":true,"href":"https:\/\/www.facecorner.lv\/lv\/wp-json\/wp\/v2\/media\/25913"}],"wp:attachment":[{"href":"https:\/\/www.facecorner.lv\/lv\/wp-json\/wp\/v2\/media?parent=25912"}],"wp:term":[{"taxonomy":"product_brand","embeddable":true,"href":"https:\/\/www.facecorner.lv\/lv\/wp-json\/wp\/v2\/product_brand?post=25912"},{"taxonomy":"product_cat","embeddable":true,"href":"https:\/\/www.facecorner.lv\/lv\/wp-json\/wp\/v2\/product_cat?post=25912"},{"taxonomy":"product_tag","embeddable":true,"href":"https:\/\/www.facecorner.lv\/lv\/wp-json\/wp\/v2\/product_tag?post=25912"},{"taxonomy":"berocket_brand","embeddable":true,"href":"https:\/\/www.facecorner.lv\/lv\/wp-json\/wp\/v2\/berocket_brand?post=25912"}],"curies":[{"name":"wp","href":"https:\/\/api.w.org\/{rel}","templated":true}]}}