{"id":25906,"date":"2025-10-30T20:31:25","date_gmt":"2025-10-30T17:31:25","guid":{"rendered":"https:\/\/www.facecorner.lv\/?post_type=product&#038;p=25906"},"modified":"2025-11-12T15:27:46","modified_gmt":"2025-11-12T12:27:46","slug":"hidrofila-veganu-ella-attirisanai-un-kopsanai-dr-althea-pro-lab-vegan-oil-150ml","status":"publish","type":"product","link":"https:\/\/www.facecorner.lv\/lv\/shop\/hidrofila-veganu-ella-attirisanai-un-kopsanai-dr-althea-pro-lab-vegan-oil-150ml\/","title":{"rendered":"Hidrof\u012bl\u0101 veg\u0101nu e\u013c\u013ca att\u012br\u012b\u0161anai un kop\u0161anai Dr. Althea Pro Lab Vegan Oil 150ml"},"content":{"rendered":"<p>Dr. Althea Pro Lab Vegan Oil\u00a0 viegla, bet efekt\u012bva att\u012bro\u0161a e\u013c\u013ca ar piln\u012bgi veg\u0101nu formulu \u2014 \u012bpa\u0161i izstr\u0101d\u0101ta, lai maigi, bet dzi\u013ci no\u0146emtu grimu, sebumu un net\u012brumus no por\u0101m.<\/p>\n<p>Saskarei ar \u016bdeni l\u012bdzeklis p\u0101rv\u0113r\u0161as m\u012bkst\u0101 emulsij\u0101, kas neatst\u0101j taukainu pl\u0113vi, vienlaikus kopjot \u0101du. Produkts nesatur dz\u012bvnieku izcelsmes sast\u0101vda\u013cas un ir sertific\u0113ts k\u0101 veg\u0101ns.<\/p>\n<ul>\n<li>No\u0146em grimu (ieskaitot notur\u012bgo), net\u012brumus un sebumu.<\/li>\n<li>Att\u012bra poras, m\u012bkstina un mitrina \u0101du p\u0113c mazg\u0101\u0161anas.<\/li>\n<li>Formula ar augu e\u013c\u013c\u0101m un ekstraktiem: rozmar\u012bns, moringa, jojobas, inka-in\u010di, eikalipts \u2014 antioksidantu aizsardz\u012bbai, kairin\u0101juma mazin\u0101\u0161anai un \u0101das barjeras stiprin\u0101\u0161anai.<\/li>\n<li>Piem\u0113rots visiem \u0101das tipiem, ieskaitot jut\u012bgu \u0101du.<\/li>\n<\/ul>\n<p>Komplekss, kas sast\u0101v no 12 dab\u012bgiem sast\u0101vda\u013c\u0101m un 7 augu e\u013c\u013c\u0101m, pal\u012bdz saglab\u0101t mitrumu, mitrina un nomierina \u0101du. E\u013c\u013ca nesatur miner\u0101lvielas, kas var aizsprostot poras, parast\u0101s virsmakt\u012bv\u0101s vielas un m\u0101ksl\u012bg\u0101s kr\u0101svielas.<\/p>\n<p>E\u013c\u013cai zilganu nokr\u0101su pie\u0161\u0137ir t\u0101s sast\u0101v\u0101 eso\u0161ie dabiskie sast\u0101vda\u013cas.<\/p>\n<p><strong>Lieto\u0161ana:<\/strong> uzkl\u0101jiet nelielu daudzumu e\u013c\u013cas uz sausas sejas, izl\u012bdziniet ar maig\u0101m ap\u013cveida kust\u012bb\u0101m. Pievienojiet \u016bdeni, v\u0113l nedaudz iemas\u0113jiet, noskalojiet ar \u016bdeni.<\/p>\n<p><strong>Sast\u0101vs:<\/strong> Glycine Soja (Soybean) Oil, Corylus Avellana (Hazelnut) Seed Oil, Sorbeth-30 Tetraoleate, Vitis Vinifera (Grape) Seed Oil, Vegetable Oil, Olea Europaea (Olive) Fruit Oil, Caprylic\/Capric Triglyceride, Citrus Aurantium Dulcis (Orange) Peel Oil, Olea Europaea (Olive) Husk Oil, Simmondsia Chinensis (Jojoba) Seed Oil, Lavandula Angustifolia (Lavender) Oil, Vegetable Squalane, Melaleuca Alternifolia (Tea Tree) Leaf Oil, Water, Butylene Glycol, Tocopherol, Helianthus Annuus (Sunflower) Seed Oil, Oenothera Biennis (Evening Primrose) Oil, Camellia Japonica Seed Oil, Orbignya Oleifera Seed Oil, Oryza Sativa (Rice) Bran Oil, Argania Spinosa Kernel Oil, Isoamyl Laurate, Aloe Barbadensis Leaf Extract, Glycerin, Decyl Glucoside, Ginkgo Biloba Leaf Extract, Saponaria Officinalis Leaf Extract, Maltodextrin, Camellia Sinensis Leaf Extract, 1,2-Hexanediol, Rice Ferment Filtrate (Sake), Limonene, Linalool<\/p>\n","protected":false},"excerpt":{"rendered":"<p>Dr. Althea Pro Lab Vegan Oil\u00a0 viegla, bet efekt\u012bva att\u012bro\u0161a e\u013c\u013ca ar piln\u012bgi veg\u0101nu formulu \u2014 \u012bpa\u0161i izstr\u0101d\u0101ta, lai maigi, bet dzi\u013ci no\u0146emtu grimu, sebumu un net\u012brumus no por\u0101m.<\/p>\n","protected":false},"featured_media":25907,"comment_status":"open","ping_status":"closed","template":"","meta":{"site-sidebar-layout":"default","site-content-layout":"","ast-site-content-layout":"default","site-content-style":"default","site-sidebar-style":"default","ast-global-header-display":"","ast-banner-title-visibility":"","ast-main-header-display":"","ast-hfb-above-header-display":"","ast-hfb-below-header-display":"","ast-hfb-mobile-header-display":"","site-post-title":"","ast-breadcrumbs-content":"","ast-featured-img":"","footer-sml-layout":"","theme-transparent-header-meta":"default","adv-header-id-meta":"","stick-header-meta":"","header-above-stick-meta":"","header-main-stick-meta":"","header-below-stick-meta":"","astra-migrate-meta-layouts":"set","ast-page-background-enabled":"default","ast-page-background-meta":{"desktop":{"background-color":"var(--ast-global-color-4)","background-image":"","background-repeat":"repeat","background-position":"center center","background-size":"auto","background-attachment":"scroll","background-type":"","background-media":"","overlay-type":"","overlay-color":"","overlay-opacity":"","overlay-gradient":""},"tablet":{"background-color":"","background-image":"","background-repeat":"repeat","background-position":"center center","background-size":"auto","background-attachment":"scroll","background-type":"","background-media":"","overlay-type":"","overlay-color":"","overlay-opacity":"","overlay-gradient":""},"mobile":{"background-color":"","background-image":"","background-repeat":"repeat","background-position":"center center","background-size":"auto","background-attachment":"scroll","background-type":"","background-media":"","overlay-type":"","overlay-color":"","overlay-opacity":"","overlay-gradient":""}},"ast-content-background-meta":{"desktop":{"background-color":"var(--ast-global-color-5)","background-image":"","background-repeat":"repeat","background-position":"center center","background-size":"auto","background-attachment":"scroll","background-type":"","background-media":"","overlay-type":"","overlay-color":"","overlay-opacity":"","overlay-gradient":""},"tablet":{"background-color":"var(--ast-global-color-5)","background-image":"","background-repeat":"repeat","background-position":"center center","background-size":"auto","background-attachment":"scroll","background-type":"","background-media":"","overlay-type":"","overlay-color":"","overlay-opacity":"","overlay-gradient":""},"mobile":{"background-color":"var(--ast-global-color-5)","background-image":"","background-repeat":"repeat","background-position":"center center","background-size":"auto","background-attachment":"scroll","background-type":"","background-media":"","overlay-type":"","overlay-color":"","overlay-opacity":"","overlay-gradient":""}}},"product_brand":[],"product_cat":[321],"product_tag":[],"berocket_brand":[597],"class_list":{"0":"post-25906","1":"product","2":"type-product","3":"status-publish","4":"has-post-thumbnail","6":"product_cat-hidrofila-ella","7":"berocket_brand-dr-althea","8":"desktop-align-left","9":"tablet-align-left","10":"mobile-align-left","12":"first","13":"instock","14":"taxable","15":"shipping-taxable","16":"purchasable","17":"product-type-simple","18":"add-to-wishlist-before_image"},"yoast_head":"<!-- This site is optimized with the Yoast SEO plugin v27.4 - https:\/\/yoast.com\/product\/yoast-seo-wordpress\/ -->\n<title>Hidrof\u012bl\u0101 veg\u0101nu e\u013c\u013ca att\u012br\u012b\u0161anai un kop\u0161anai Dr. Althea Pro Lab Vegan Oil 150ml - FACECORNER<\/title>\n<meta name=\"description\" content=\"Dr. Althea Pro Lab Vegan Oil\u00a0 viegla, bet efekt\u012bva att\u012bro\u0161a e\u013c\u013ca ar piln\u012bgi veg\u0101nu formulu \u2014 \u012bpa\u0161i izstr\u0101d\u0101ta, lai maigi, bet dzi\u013ci no\u0146emtu grimu, sebumu un net\u012brumus no por\u0101m.\" \/>\n<meta name=\"robots\" content=\"index, follow, max-snippet:-1, max-image-preview:large, max-video-preview:-1\" \/>\n<link rel=\"canonical\" href=\"https:\/\/www.facecorner.lv\/lv\/shop\/hidrofila-veganu-ella-attirisanai-un-kopsanai-dr-althea-pro-lab-vegan-oil-150ml\/\" \/>\n<meta property=\"og:locale\" content=\"lv_LV\" \/>\n<meta property=\"og:type\" content=\"article\" \/>\n<meta property=\"og:title\" content=\"Hidrof\u012bl\u0101 veg\u0101nu e\u013c\u013ca att\u012br\u012b\u0161anai un kop\u0161anai Dr. Althea Pro Lab Vegan Oil 150ml - FACECORNER\" \/>\n<meta property=\"og:description\" content=\"Dr. Althea Pro Lab Vegan Oil\u00a0 viegla, bet efekt\u012bva att\u012bro\u0161a e\u013c\u013ca ar piln\u012bgi veg\u0101nu formulu \u2014 \u012bpa\u0161i izstr\u0101d\u0101ta, lai maigi, bet dzi\u013ci no\u0146emtu grimu, sebumu un net\u012brumus no por\u0101m.\" \/>\n<meta property=\"og:url\" content=\"https:\/\/www.facecorner.lv\/lv\/shop\/hidrofila-veganu-ella-attirisanai-un-kopsanai-dr-althea-pro-lab-vegan-oil-150ml\/\" \/>\n<meta property=\"og:site_name\" content=\"FACECORNER\" \/>\n<meta property=\"article:publisher\" content=\"https:\/\/www.facebook.com\/profile.php?id=100063824551839\" \/>\n<meta property=\"article:modified_time\" content=\"2025-11-12T12:27:46+00:00\" \/>\n<meta property=\"og:image\" content=\"https:\/\/www.facecorner.lv\/wp-content\/uploads\/2025\/10\/dr.althea-pore-vegan-cleansing-oil-150ml.jpg\" \/>\n\t<meta property=\"og:image:width\" content=\"700\" \/>\n\t<meta property=\"og:image:height\" content=\"700\" \/>\n\t<meta property=\"og:image:type\" content=\"image\/jpeg\" \/>\n<meta name=\"twitter:card\" content=\"summary_large_image\" \/>\n<meta name=\"twitter:label1\" content=\"Price\" \/>\n\t<meta name=\"twitter:data1\" content=\"&euro;22.98\" \/>\n\t<meta name=\"twitter:label2\" content=\"Availability\" \/>\n\t<meta name=\"twitter:data2\" content=\"In stock\" \/>\n<script type=\"application\/ld+json\" class=\"yoast-schema-graph\">{\"@context\":\"https:\\\/\\\/schema.org\",\"@graph\":[{\"@type\":\"WebPage\",\"@id\":\"https:\\\/\\\/www.facecorner.lv\\\/shop\\\/hidrofila-veganu-ella-attirisanai-un-kopsanai-dr-althea-pro-lab-vegan-oil-150ml\\\/\",\"url\":\"https:\\\/\\\/www.facecorner.lv\\\/shop\\\/hidrofila-veganu-ella-attirisanai-un-kopsanai-dr-althea-pro-lab-vegan-oil-150ml\\\/\",\"name\":\"Hidrof\u012bl\u0101 veg\u0101nu e\u013c\u013ca att\u012br\u012b\u0161anai un kop\u0161anai Dr. Althea Pro Lab Vegan Oil 150ml - FACECORNER\",\"isPartOf\":{\"@id\":\"https:\\\/\\\/www.facecorner.lv\\\/#website\"},\"primaryImageOfPage\":{\"@id\":\"https:\\\/\\\/www.facecorner.lv\\\/shop\\\/hidrofila-veganu-ella-attirisanai-un-kopsanai-dr-althea-pro-lab-vegan-oil-150ml\\\/#primaryimage\"},\"image\":{\"@id\":\"https:\\\/\\\/www.facecorner.lv\\\/shop\\\/hidrofila-veganu-ella-attirisanai-un-kopsanai-dr-althea-pro-lab-vegan-oil-150ml\\\/#primaryimage\"},\"thumbnailUrl\":\"https:\\\/\\\/www.facecorner.lv\\\/wp-content\\\/uploads\\\/2025\\\/10\\\/dr.althea-pore-vegan-cleansing-oil-150ml.jpg\",\"datePublished\":\"2025-10-30T17:31:25+00:00\",\"dateModified\":\"2025-11-12T12:27:46+00:00\",\"description\":\"Dr. Althea Pro Lab Vegan Oil\u00a0 viegla, bet efekt\u012bva att\u012bro\u0161a e\u013c\u013ca ar piln\u012bgi veg\u0101nu formulu \u2014 \u012bpa\u0161i izstr\u0101d\u0101ta, lai maigi, bet dzi\u013ci no\u0146emtu grimu, sebumu un net\u012brumus no por\u0101m.\",\"breadcrumb\":{\"@id\":\"https:\\\/\\\/www.facecorner.lv\\\/shop\\\/hidrofila-veganu-ella-attirisanai-un-kopsanai-dr-althea-pro-lab-vegan-oil-150ml\\\/#breadcrumb\"},\"inLanguage\":\"lv-LV\",\"potentialAction\":[{\"@type\":\"ReadAction\",\"target\":[\"https:\\\/\\\/www.facecorner.lv\\\/shop\\\/hidrofila-veganu-ella-attirisanai-un-kopsanai-dr-althea-pro-lab-vegan-oil-150ml\\\/\"]}]},{\"@type\":\"ImageObject\",\"inLanguage\":\"lv-LV\",\"@id\":\"https:\\\/\\\/www.facecorner.lv\\\/shop\\\/hidrofila-veganu-ella-attirisanai-un-kopsanai-dr-althea-pro-lab-vegan-oil-150ml\\\/#primaryimage\",\"url\":\"https:\\\/\\\/www.facecorner.lv\\\/wp-content\\\/uploads\\\/2025\\\/10\\\/dr.althea-pore-vegan-cleansing-oil-150ml.jpg\",\"contentUrl\":\"https:\\\/\\\/www.facecorner.lv\\\/wp-content\\\/uploads\\\/2025\\\/10\\\/dr.althea-pore-vegan-cleansing-oil-150ml.jpg\",\"width\":700,\"height\":700,\"caption\":\"Dr. Althea Pro Lab Vegan Oil\"},{\"@type\":\"BreadcrumbList\",\"@id\":\"https:\\\/\\\/www.facecorner.lv\\\/shop\\\/hidrofila-veganu-ella-attirisanai-un-kopsanai-dr-althea-pro-lab-vegan-oil-150ml\\\/#breadcrumb\",\"itemListElement\":[{\"@type\":\"ListItem\",\"position\":1,\"name\":\"Home\",\"item\":\"https:\\\/\\\/www.facecorner.lv\\\/\"},{\"@type\":\"ListItem\",\"position\":2,\"name\":\"Veikals\",\"item\":\"https:\\\/\\\/www.facecorner.lv\\\/shop\\\/\"},{\"@type\":\"ListItem\",\"position\":3,\"name\":\"Hidrof\u012bl\u0101 veg\u0101nu e\u013c\u013ca att\u012br\u012b\u0161anai un kop\u0161anai Dr. Althea Pro Lab Vegan Oil 150ml\"}]},{\"@type\":\"WebSite\",\"@id\":\"https:\\\/\\\/www.facecorner.lv\\\/#website\",\"url\":\"https:\\\/\\\/www.facecorner.lv\\\/\",\"name\":\"Facecorner\",\"description\":\"\",\"publisher\":{\"@id\":\"https:\\\/\\\/www.facecorner.lv\\\/#organization\"},\"potentialAction\":[{\"@type\":\"SearchAction\",\"target\":{\"@type\":\"EntryPoint\",\"urlTemplate\":\"https:\\\/\\\/www.facecorner.lv\\\/?s={search_term_string}\"},\"query-input\":{\"@type\":\"PropertyValueSpecification\",\"valueRequired\":true,\"valueName\":\"search_term_string\"}}],\"inLanguage\":\"lv-LV\"},{\"@type\":\"Organization\",\"@id\":\"https:\\\/\\\/www.facecorner.lv\\\/#organization\",\"name\":\"Facecorner\",\"url\":\"https:\\\/\\\/www.facecorner.lv\\\/\",\"logo\":{\"@type\":\"ImageObject\",\"inLanguage\":\"lv-LV\",\"@id\":\"https:\\\/\\\/www.facecorner.lv\\\/#\\\/schema\\\/logo\\\/image\\\/\",\"url\":\"https:\\\/\\\/www.facecorner.lv\\\/wp-content\\\/uploads\\\/2024\\\/04\\\/fc-logo.jpg\",\"contentUrl\":\"https:\\\/\\\/www.facecorner.lv\\\/wp-content\\\/uploads\\\/2024\\\/04\\\/fc-logo.jpg\",\"width\":174,\"height\":28,\"caption\":\"Facecorner\"},\"image\":{\"@id\":\"https:\\\/\\\/www.facecorner.lv\\\/#\\\/schema\\\/logo\\\/image\\\/\"},\"sameAs\":[\"https:\\\/\\\/www.facebook.com\\\/profile.php?id=100063824551839\",\"https:\\\/\\\/www.instagram.com\\\/facecorner_shop\\\/\"]}]}<\/script>\n<meta property=\"product:price:amount\" content=\"22.98\" \/>\n<meta property=\"product:price:currency\" content=\"EUR\" \/>\n<meta property=\"og:availability\" content=\"instock\" \/>\n<meta property=\"product:availability\" content=\"instock\" \/>\n<meta property=\"product:condition\" content=\"new\" \/>\n<!-- \/ Yoast SEO plugin. -->","yoast_head_json":{"title":"Hidrof\u012bl\u0101 veg\u0101nu e\u013c\u013ca att\u012br\u012b\u0161anai un kop\u0161anai Dr. Althea Pro Lab Vegan Oil 150ml - FACECORNER","description":"Dr. Althea Pro Lab Vegan Oil\u00a0 viegla, bet efekt\u012bva att\u012bro\u0161a e\u013c\u013ca ar piln\u012bgi veg\u0101nu formulu \u2014 \u012bpa\u0161i izstr\u0101d\u0101ta, lai maigi, bet dzi\u013ci no\u0146emtu grimu, sebumu un net\u012brumus no por\u0101m.","robots":{"index":"index","follow":"follow","max-snippet":"max-snippet:-1","max-image-preview":"max-image-preview:large","max-video-preview":"max-video-preview:-1"},"canonical":"https:\/\/www.facecorner.lv\/lv\/shop\/hidrofila-veganu-ella-attirisanai-un-kopsanai-dr-althea-pro-lab-vegan-oil-150ml\/","og_locale":"lv_LV","og_type":"article","og_title":"Hidrof\u012bl\u0101 veg\u0101nu e\u013c\u013ca att\u012br\u012b\u0161anai un kop\u0161anai Dr. Althea Pro Lab Vegan Oil 150ml - FACECORNER","og_description":"Dr. Althea Pro Lab Vegan Oil\u00a0 viegla, bet efekt\u012bva att\u012bro\u0161a e\u013c\u013ca ar piln\u012bgi veg\u0101nu formulu \u2014 \u012bpa\u0161i izstr\u0101d\u0101ta, lai maigi, bet dzi\u013ci no\u0146emtu grimu, sebumu un net\u012brumus no por\u0101m.","og_url":"https:\/\/www.facecorner.lv\/lv\/shop\/hidrofila-veganu-ella-attirisanai-un-kopsanai-dr-althea-pro-lab-vegan-oil-150ml\/","og_site_name":"FACECORNER","article_publisher":"https:\/\/www.facebook.com\/profile.php?id=100063824551839","article_modified_time":"2025-11-12T12:27:46+00:00","og_image":[{"width":700,"height":700,"url":"https:\/\/www.facecorner.lv\/wp-content\/uploads\/2025\/10\/dr.althea-pore-vegan-cleansing-oil-150ml.jpg","type":"image\/jpeg"}],"twitter_card":"summary_large_image","twitter_misc":{"Price":"&euro;22.98","Availability":"In stock"},"schema":{"@context":"https:\/\/schema.org","@graph":[{"@type":"WebPage","@id":"https:\/\/www.facecorner.lv\/shop\/hidrofila-veganu-ella-attirisanai-un-kopsanai-dr-althea-pro-lab-vegan-oil-150ml\/","url":"https:\/\/www.facecorner.lv\/shop\/hidrofila-veganu-ella-attirisanai-un-kopsanai-dr-althea-pro-lab-vegan-oil-150ml\/","name":"Hidrof\u012bl\u0101 veg\u0101nu e\u013c\u013ca att\u012br\u012b\u0161anai un kop\u0161anai Dr. Althea Pro Lab Vegan Oil 150ml - FACECORNER","isPartOf":{"@id":"https:\/\/www.facecorner.lv\/#website"},"primaryImageOfPage":{"@id":"https:\/\/www.facecorner.lv\/shop\/hidrofila-veganu-ella-attirisanai-un-kopsanai-dr-althea-pro-lab-vegan-oil-150ml\/#primaryimage"},"image":{"@id":"https:\/\/www.facecorner.lv\/shop\/hidrofila-veganu-ella-attirisanai-un-kopsanai-dr-althea-pro-lab-vegan-oil-150ml\/#primaryimage"},"thumbnailUrl":"https:\/\/www.facecorner.lv\/wp-content\/uploads\/2025\/10\/dr.althea-pore-vegan-cleansing-oil-150ml.jpg","datePublished":"2025-10-30T17:31:25+00:00","dateModified":"2025-11-12T12:27:46+00:00","description":"Dr. Althea Pro Lab Vegan Oil\u00a0 viegla, bet efekt\u012bva att\u012bro\u0161a e\u013c\u013ca ar piln\u012bgi veg\u0101nu formulu \u2014 \u012bpa\u0161i izstr\u0101d\u0101ta, lai maigi, bet dzi\u013ci no\u0146emtu grimu, sebumu un net\u012brumus no por\u0101m.","breadcrumb":{"@id":"https:\/\/www.facecorner.lv\/shop\/hidrofila-veganu-ella-attirisanai-un-kopsanai-dr-althea-pro-lab-vegan-oil-150ml\/#breadcrumb"},"inLanguage":"lv-LV","potentialAction":[{"@type":"ReadAction","target":["https:\/\/www.facecorner.lv\/shop\/hidrofila-veganu-ella-attirisanai-un-kopsanai-dr-althea-pro-lab-vegan-oil-150ml\/"]}]},{"@type":"ImageObject","inLanguage":"lv-LV","@id":"https:\/\/www.facecorner.lv\/shop\/hidrofila-veganu-ella-attirisanai-un-kopsanai-dr-althea-pro-lab-vegan-oil-150ml\/#primaryimage","url":"https:\/\/www.facecorner.lv\/wp-content\/uploads\/2025\/10\/dr.althea-pore-vegan-cleansing-oil-150ml.jpg","contentUrl":"https:\/\/www.facecorner.lv\/wp-content\/uploads\/2025\/10\/dr.althea-pore-vegan-cleansing-oil-150ml.jpg","width":700,"height":700,"caption":"Dr. Althea Pro Lab Vegan Oil"},{"@type":"BreadcrumbList","@id":"https:\/\/www.facecorner.lv\/shop\/hidrofila-veganu-ella-attirisanai-un-kopsanai-dr-althea-pro-lab-vegan-oil-150ml\/#breadcrumb","itemListElement":[{"@type":"ListItem","position":1,"name":"Home","item":"https:\/\/www.facecorner.lv\/"},{"@type":"ListItem","position":2,"name":"Veikals","item":"https:\/\/www.facecorner.lv\/shop\/"},{"@type":"ListItem","position":3,"name":"Hidrof\u012bl\u0101 veg\u0101nu e\u013c\u013ca att\u012br\u012b\u0161anai un kop\u0161anai Dr. Althea Pro Lab Vegan Oil 150ml"}]},{"@type":"WebSite","@id":"https:\/\/www.facecorner.lv\/#website","url":"https:\/\/www.facecorner.lv\/","name":"Facecorner","description":"","publisher":{"@id":"https:\/\/www.facecorner.lv\/#organization"},"potentialAction":[{"@type":"SearchAction","target":{"@type":"EntryPoint","urlTemplate":"https:\/\/www.facecorner.lv\/?s={search_term_string}"},"query-input":{"@type":"PropertyValueSpecification","valueRequired":true,"valueName":"search_term_string"}}],"inLanguage":"lv-LV"},{"@type":"Organization","@id":"https:\/\/www.facecorner.lv\/#organization","name":"Facecorner","url":"https:\/\/www.facecorner.lv\/","logo":{"@type":"ImageObject","inLanguage":"lv-LV","@id":"https:\/\/www.facecorner.lv\/#\/schema\/logo\/image\/","url":"https:\/\/www.facecorner.lv\/wp-content\/uploads\/2024\/04\/fc-logo.jpg","contentUrl":"https:\/\/www.facecorner.lv\/wp-content\/uploads\/2024\/04\/fc-logo.jpg","width":174,"height":28,"caption":"Facecorner"},"image":{"@id":"https:\/\/www.facecorner.lv\/#\/schema\/logo\/image\/"},"sameAs":["https:\/\/www.facebook.com\/profile.php?id=100063824551839","https:\/\/www.instagram.com\/facecorner_shop\/"]}]},"product_price_amount":"22.98","product_price_currency":"EUR","og_availability":"instock","product_availability":"instock","product_condition":"new"},"_links":{"self":[{"href":"https:\/\/www.facecorner.lv\/lv\/wp-json\/wp\/v2\/product\/25906","targetHints":{"allow":["GET"]}}],"collection":[{"href":"https:\/\/www.facecorner.lv\/lv\/wp-json\/wp\/v2\/product"}],"about":[{"href":"https:\/\/www.facecorner.lv\/lv\/wp-json\/wp\/v2\/types\/product"}],"replies":[{"embeddable":true,"href":"https:\/\/www.facecorner.lv\/lv\/wp-json\/wp\/v2\/comments?post=25906"}],"wp:featuredmedia":[{"embeddable":true,"href":"https:\/\/www.facecorner.lv\/lv\/wp-json\/wp\/v2\/media\/25907"}],"wp:attachment":[{"href":"https:\/\/www.facecorner.lv\/lv\/wp-json\/wp\/v2\/media?parent=25906"}],"wp:term":[{"taxonomy":"product_brand","embeddable":true,"href":"https:\/\/www.facecorner.lv\/lv\/wp-json\/wp\/v2\/product_brand?post=25906"},{"taxonomy":"product_cat","embeddable":true,"href":"https:\/\/www.facecorner.lv\/lv\/wp-json\/wp\/v2\/product_cat?post=25906"},{"taxonomy":"product_tag","embeddable":true,"href":"https:\/\/www.facecorner.lv\/lv\/wp-json\/wp\/v2\/product_tag?post=25906"},{"taxonomy":"berocket_brand","embeddable":true,"href":"https:\/\/www.facecorner.lv\/lv\/wp-json\/wp\/v2\/berocket_brand?post=25906"}],"curies":[{"name":"wp","href":"https:\/\/api.w.org\/{rel}","templated":true}]}}