{"id":25895,"date":"2025-10-30T15:04:44","date_gmt":"2025-10-30T12:04:44","guid":{"rendered":"https:\/\/www.facecorner.lv\/?post_type=product&#038;p=25895"},"modified":"2025-12-12T14:43:33","modified_gmt":"2025-12-12T11:43:33","slug":"vt-vita-light-reedle-shot-100-seruma-pastiprinatajs-50ml","status":"publish","type":"product","link":"https:\/\/www.facecorner.lv\/lv\/shop\/vt-vita-light-reedle-shot-100-seruma-pastiprinatajs-50ml\/","title":{"rendered":"VT Vita-light reedle shot 100 seruma pastiprin\u0101t\u0101js 50ml"},"content":{"rendered":"<p>VT Vita-light reedle shot 100 seruma pastiprin\u0101t\u0101js\u00a0 , ko rad\u012bjis Korejas z\u012bmols VT Cosmetics. Tas ir izstr\u0101d\u0101ts, lai izl\u012bdzin\u0101tu \u0101das toni, izgaismotu plankumus, pie\u0161\u0137irtu mirdzumu un gludumu.<\/p>\n<ul>\n<li>C\u012bn\u0101s ar pigment\u0101ciju, pinnes p\u0113d\u0101m un vasaras raibumiem.<\/li>\n<li>Izl\u012bdzina sejas kr\u0101su, nov\u0113r\u0161 bl\u0101vumu un pie\u0161\u0137ir \u0101dai svaigu, vienm\u0113r\u012bgu izskatu.<\/li>\n<li>Izgludina \u0101das mikroreljefu un samazina poru redzam\u012bbu.<\/li>\n<li>Nodro\u0161ina mitrino\u0161u efektu un uztur elast\u012bbu.<\/li>\n<\/ul>\n<p><strong>Galven\u0101s sast\u0101vda\u013cas:<\/strong><\/p>\n<ul>\n<li>Cica Hyalon\u2122 \u2013 Centella Asiatica ekstrakta un tr\u012bsk\u0101r\u0161\u0101s hialuronsk\u0101bes kombin\u0101cija, kas nomierina un mitrina<\/li>\n<li>Vitam\u012bns C \u2013 pie\u0161\u0137ir mirdzumu un uzlabo \u0101das tekst\u016bru<\/li>\n<li>Vitam\u012bni B3 (niacinam\u012bds) un E \u2013 stiprina epidermas barjeru un nodro\u0161ina antioksidantu aizsardz\u012bbu<\/li>\n<li>Glutation \u2013 sp\u0113c\u012bgs antioksidants, pastiprina \u0101das dabisko mirdzumu<\/li>\n<li>17 aminosk\u0101bju komplekss \u2013 nodro\u0161ina dzi\u013cu mitrin\u0101\u0161anu un stiprina \u0101das barjeras funkciju<\/li>\n<li>Za\u013c\u0101 propolisa ekstrakts \u2013 paz\u012bstams ar sav\u0101m nomierino\u0161aj\u0101m un mitrino\u0161aj\u0101m \u012bpa\u0161\u012bb\u0101m<\/li>\n<\/ul>\n<p><strong>Lieto\u0161ana:<\/strong> Lai izmantotu produktu p\u0113c att\u012br\u012b\u0161anas, uzkl\u0101jiet 1\u20133 devas uz sejas. Vienm\u0113r\u012bgi izl\u012bdziniet un viegli ieklopojiet, l\u012bdz produkts piln\u012bb\u0101 ies\u016bcies. Turpiniet ar mitrino\u0161u l\u012bdzekli, bet no r\u012bta \u2013 ar saules aizsargkr\u0113mu.<\/p>\n<p><strong>Sast\u0101vs:<\/strong>Water, Butylene Glycol, Niacinamide, Glycerin, 1,2-Hexanediol, Silica, Melazero (V2)(Lycopus Lucidus Extract, Melia Azadirachta Leaf Extract, Melia Azadirachta Flower Extract, Curcuma Longa Root Extract, Ocimum Sanctum Leaf Extract, Corallina Officinalis Extract, Coccinia Indica Fruit Extract, Solanum Melongena Fruit Extract, Aloe Barbadensis Leaf Extract, Tinospora Cordifolia Extract, Momordica Charantia Fruit Extract),<br data-start=\"646\" data-end=\"649\" \/>Centella Asiatica Extract, Madecassoside, Asiatic Acid, Asiaticoside, Hydrolyzed Hyaluronic Acid, Sodium Hyaluronate, Propolis Extract, Glutathione, Tocopherol (Vitamin E), Ascorbic Acid (Vitamin C), Astaxanthin, Retinyl Palmitate, Betaine, Panthenol, Allantoin, Adenosine, Dipotassium Glycyrrhizate, Caprylyl Glycol, Ethylhexylglycerin, Carbomer, Tromethamine, Fragrance.<\/p>\n","protected":false},"excerpt":{"rendered":"<p>VT Vita-light reedle shot 100 seruma pastiprin\u0101t\u0101js\u00a0 , ko rad\u012bjis Korejas z\u012bmols VT Cosmetics. Tas ir izstr\u0101d\u0101ts, lai izl\u012bdzin\u0101tu \u0101das toni, izgaismotu plankumus, pie\u0161\u0137irtu mirdzumu un gludumu.<\/p>\n","protected":false},"featured_media":25896,"comment_status":"open","ping_status":"closed","template":"","meta":{"site-sidebar-layout":"default","site-content-layout":"","ast-site-content-layout":"default","site-content-style":"default","site-sidebar-style":"default","ast-global-header-display":"","ast-banner-title-visibility":"","ast-main-header-display":"","ast-hfb-above-header-display":"","ast-hfb-below-header-display":"","ast-hfb-mobile-header-display":"","site-post-title":"","ast-breadcrumbs-content":"","ast-featured-img":"","footer-sml-layout":"","theme-transparent-header-meta":"default","adv-header-id-meta":"","stick-header-meta":"","header-above-stick-meta":"","header-main-stick-meta":"","header-below-stick-meta":"","astra-migrate-meta-layouts":"set","ast-page-background-enabled":"default","ast-page-background-meta":{"desktop":{"background-color":"var(--ast-global-color-4)","background-image":"","background-repeat":"repeat","background-position":"center center","background-size":"auto","background-attachment":"scroll","background-type":"","background-media":"","overlay-type":"","overlay-color":"","overlay-opacity":"","overlay-gradient":""},"tablet":{"background-color":"","background-image":"","background-repeat":"repeat","background-position":"center center","background-size":"auto","background-attachment":"scroll","background-type":"","background-media":"","overlay-type":"","overlay-color":"","overlay-opacity":"","overlay-gradient":""},"mobile":{"background-color":"","background-image":"","background-repeat":"repeat","background-position":"center center","background-size":"auto","background-attachment":"scroll","background-type":"","background-media":"","overlay-type":"","overlay-color":"","overlay-opacity":"","overlay-gradient":""}},"ast-content-background-meta":{"desktop":{"background-color":"var(--ast-global-color-5)","background-image":"","background-repeat":"repeat","background-position":"center center","background-size":"auto","background-attachment":"scroll","background-type":"","background-media":"","overlay-type":"","overlay-color":"","overlay-opacity":"","overlay-gradient":""},"tablet":{"background-color":"var(--ast-global-color-5)","background-image":"","background-repeat":"repeat","background-position":"center center","background-size":"auto","background-attachment":"scroll","background-type":"","background-media":"","overlay-type":"","overlay-color":"","overlay-opacity":"","overlay-gradient":""},"mobile":{"background-color":"var(--ast-global-color-5)","background-image":"","background-repeat":"repeat","background-position":"center center","background-size":"auto","background-attachment":"scroll","background-type":"","background-media":"","overlay-type":"","overlay-color":"","overlay-opacity":"","overlay-gradient":""}}},"product_brand":[],"product_cat":[370,373,363],"product_tag":[],"berocket_brand":[582],"class_list":{"0":"post-25895","1":"product","2":"type-product","3":"status-publish","4":"has-post-thumbnail","6":"product_cat-adas-mirdzumam","7":"product_cat-poras-sasaurinoss","8":"product_cat-serumi","9":"berocket_brand-vt","10":"desktop-align-left","11":"tablet-align-left","12":"mobile-align-left","14":"first","15":"outofstock","16":"taxable","17":"shipping-taxable","18":"purchasable","19":"product-type-simple","20":"add-to-wishlist-before_image"},"yoast_head":"<!-- This site is optimized with the Yoast SEO plugin v27.4 - https:\/\/yoast.com\/product\/yoast-seo-wordpress\/ -->\n<title>VT Vita-light reedle shot 100 seruma pastiprin\u0101t\u0101js 50ml - FACECORNER<\/title>\n<meta name=\"description\" content=\"VT Vita-light reedle shot 100 seruma pastiprin\u0101t\u0101js\u00a0 , ko rad\u012bjis Korejas z\u012bmols VT Cosmetics. Tas ir izstr\u0101d\u0101ts, lai izl\u012bdzin\u0101tu \u0101das toni, izgaismotu plankumus, pie\u0161\u0137irtu mirdzumu un gludumu.\" \/>\n<meta name=\"robots\" content=\"index, follow, max-snippet:-1, max-image-preview:large, max-video-preview:-1\" \/>\n<link rel=\"canonical\" href=\"https:\/\/www.facecorner.lv\/lv\/shop\/vt-vita-light-reedle-shot-100-seruma-pastiprinatajs-50ml\/\" \/>\n<meta property=\"og:locale\" content=\"lv_LV\" \/>\n<meta property=\"og:type\" content=\"article\" \/>\n<meta property=\"og:title\" content=\"VT Vita-light reedle shot 100 seruma pastiprin\u0101t\u0101js 50ml - FACECORNER\" \/>\n<meta property=\"og:description\" content=\"VT Vita-light reedle shot 100 seruma pastiprin\u0101t\u0101js\u00a0 , ko rad\u012bjis Korejas z\u012bmols VT Cosmetics. Tas ir izstr\u0101d\u0101ts, lai izl\u012bdzin\u0101tu \u0101das toni, izgaismotu plankumus, pie\u0161\u0137irtu mirdzumu un gludumu.\" \/>\n<meta property=\"og:url\" content=\"https:\/\/www.facecorner.lv\/lv\/shop\/vt-vita-light-reedle-shot-100-seruma-pastiprinatajs-50ml\/\" \/>\n<meta property=\"og:site_name\" content=\"FACECORNER\" \/>\n<meta property=\"article:publisher\" content=\"https:\/\/www.facebook.com\/profile.php?id=100063824551839\" \/>\n<meta property=\"article:modified_time\" content=\"2025-12-12T11:43:33+00:00\" \/>\n<meta property=\"og:image\" content=\"https:\/\/www.facecorner.lv\/wp-content\/uploads\/2025\/10\/vita-light-reedle-shot-100-RS-r-scaled.webp\" \/>\n\t<meta property=\"og:image:width\" content=\"2560\" \/>\n\t<meta property=\"og:image:height\" content=\"2560\" \/>\n\t<meta property=\"og:image:type\" content=\"image\/webp\" \/>\n<meta name=\"twitter:card\" content=\"summary_large_image\" \/>\n<meta name=\"twitter:label1\" content=\"Price\" \/>\n\t<meta name=\"twitter:data1\" content=\"&euro;32.40\" \/>\n\t<meta name=\"twitter:label2\" content=\"Availability\" \/>\n\t<meta name=\"twitter:data2\" content=\"Out of stock\" \/>\n<script type=\"application\/ld+json\" class=\"yoast-schema-graph\">{\"@context\":\"https:\\\/\\\/schema.org\",\"@graph\":[{\"@type\":\"WebPage\",\"@id\":\"https:\\\/\\\/www.facecorner.lv\\\/shop\\\/vt-vita-light-reedle-shot-100-seruma-pastiprinatajs-50ml\\\/\",\"url\":\"https:\\\/\\\/www.facecorner.lv\\\/shop\\\/vt-vita-light-reedle-shot-100-seruma-pastiprinatajs-50ml\\\/\",\"name\":\"VT Vita-light reedle shot 100 seruma pastiprin\u0101t\u0101js 50ml - FACECORNER\",\"isPartOf\":{\"@id\":\"https:\\\/\\\/www.facecorner.lv\\\/#website\"},\"primaryImageOfPage\":{\"@id\":\"https:\\\/\\\/www.facecorner.lv\\\/shop\\\/vt-vita-light-reedle-shot-100-seruma-pastiprinatajs-50ml\\\/#primaryimage\"},\"image\":{\"@id\":\"https:\\\/\\\/www.facecorner.lv\\\/shop\\\/vt-vita-light-reedle-shot-100-seruma-pastiprinatajs-50ml\\\/#primaryimage\"},\"thumbnailUrl\":\"https:\\\/\\\/www.facecorner.lv\\\/wp-content\\\/uploads\\\/2025\\\/10\\\/vita-light-reedle-shot-100-RS-r-scaled.webp\",\"datePublished\":\"2025-10-30T12:04:44+00:00\",\"dateModified\":\"2025-12-12T11:43:33+00:00\",\"description\":\"VT Vita-light reedle shot 100 seruma pastiprin\u0101t\u0101js\u00a0 , ko rad\u012bjis Korejas z\u012bmols VT Cosmetics. Tas ir izstr\u0101d\u0101ts, lai izl\u012bdzin\u0101tu \u0101das toni, izgaismotu plankumus, pie\u0161\u0137irtu mirdzumu un gludumu.\",\"breadcrumb\":{\"@id\":\"https:\\\/\\\/www.facecorner.lv\\\/shop\\\/vt-vita-light-reedle-shot-100-seruma-pastiprinatajs-50ml\\\/#breadcrumb\"},\"inLanguage\":\"lv-LV\",\"potentialAction\":[{\"@type\":\"ReadAction\",\"target\":[\"https:\\\/\\\/www.facecorner.lv\\\/shop\\\/vt-vita-light-reedle-shot-100-seruma-pastiprinatajs-50ml\\\/\"]}]},{\"@type\":\"ImageObject\",\"inLanguage\":\"lv-LV\",\"@id\":\"https:\\\/\\\/www.facecorner.lv\\\/shop\\\/vt-vita-light-reedle-shot-100-seruma-pastiprinatajs-50ml\\\/#primaryimage\",\"url\":\"https:\\\/\\\/www.facecorner.lv\\\/wp-content\\\/uploads\\\/2025\\\/10\\\/vita-light-reedle-shot-100-RS-r-scaled.webp\",\"contentUrl\":\"https:\\\/\\\/www.facecorner.lv\\\/wp-content\\\/uploads\\\/2025\\\/10\\\/vita-light-reedle-shot-100-RS-r-scaled.webp\",\"width\":2560,\"height\":2560,\"caption\":\"VT Vita-light reedle shot 100 seruma pastiprin\u0101t\u0101js\"},{\"@type\":\"BreadcrumbList\",\"@id\":\"https:\\\/\\\/www.facecorner.lv\\\/shop\\\/vt-vita-light-reedle-shot-100-seruma-pastiprinatajs-50ml\\\/#breadcrumb\",\"itemListElement\":[{\"@type\":\"ListItem\",\"position\":1,\"name\":\"Home\",\"item\":\"https:\\\/\\\/www.facecorner.lv\\\/\"},{\"@type\":\"ListItem\",\"position\":2,\"name\":\"Veikals\",\"item\":\"https:\\\/\\\/www.facecorner.lv\\\/shop\\\/\"},{\"@type\":\"ListItem\",\"position\":3,\"name\":\"VT Vita-light reedle shot 100 seruma pastiprin\u0101t\u0101js 50ml\"}]},{\"@type\":\"WebSite\",\"@id\":\"https:\\\/\\\/www.facecorner.lv\\\/#website\",\"url\":\"https:\\\/\\\/www.facecorner.lv\\\/\",\"name\":\"Facecorner\",\"description\":\"\",\"publisher\":{\"@id\":\"https:\\\/\\\/www.facecorner.lv\\\/#organization\"},\"potentialAction\":[{\"@type\":\"SearchAction\",\"target\":{\"@type\":\"EntryPoint\",\"urlTemplate\":\"https:\\\/\\\/www.facecorner.lv\\\/?s={search_term_string}\"},\"query-input\":{\"@type\":\"PropertyValueSpecification\",\"valueRequired\":true,\"valueName\":\"search_term_string\"}}],\"inLanguage\":\"lv-LV\"},{\"@type\":\"Organization\",\"@id\":\"https:\\\/\\\/www.facecorner.lv\\\/#organization\",\"name\":\"Facecorner\",\"url\":\"https:\\\/\\\/www.facecorner.lv\\\/\",\"logo\":{\"@type\":\"ImageObject\",\"inLanguage\":\"lv-LV\",\"@id\":\"https:\\\/\\\/www.facecorner.lv\\\/#\\\/schema\\\/logo\\\/image\\\/\",\"url\":\"https:\\\/\\\/www.facecorner.lv\\\/wp-content\\\/uploads\\\/2024\\\/04\\\/fc-logo.jpg\",\"contentUrl\":\"https:\\\/\\\/www.facecorner.lv\\\/wp-content\\\/uploads\\\/2024\\\/04\\\/fc-logo.jpg\",\"width\":174,\"height\":28,\"caption\":\"Facecorner\"},\"image\":{\"@id\":\"https:\\\/\\\/www.facecorner.lv\\\/#\\\/schema\\\/logo\\\/image\\\/\"},\"sameAs\":[\"https:\\\/\\\/www.facebook.com\\\/profile.php?id=100063824551839\",\"https:\\\/\\\/www.instagram.com\\\/facecorner_shop\\\/\"]}]}<\/script>\n<meta property=\"product:price:amount\" content=\"32.40\" \/>\n<meta property=\"product:price:currency\" content=\"EUR\" \/>\n<meta property=\"og:availability\" content=\"out of stock\" \/>\n<meta property=\"product:availability\" content=\"out of stock\" \/>\n<meta property=\"product:condition\" content=\"new\" \/>\n<!-- \/ Yoast SEO plugin. -->","yoast_head_json":{"title":"VT Vita-light reedle shot 100 seruma pastiprin\u0101t\u0101js 50ml - FACECORNER","description":"VT Vita-light reedle shot 100 seruma pastiprin\u0101t\u0101js\u00a0 , ko rad\u012bjis Korejas z\u012bmols VT Cosmetics. Tas ir izstr\u0101d\u0101ts, lai izl\u012bdzin\u0101tu \u0101das toni, izgaismotu plankumus, pie\u0161\u0137irtu mirdzumu un gludumu.","robots":{"index":"index","follow":"follow","max-snippet":"max-snippet:-1","max-image-preview":"max-image-preview:large","max-video-preview":"max-video-preview:-1"},"canonical":"https:\/\/www.facecorner.lv\/lv\/shop\/vt-vita-light-reedle-shot-100-seruma-pastiprinatajs-50ml\/","og_locale":"lv_LV","og_type":"article","og_title":"VT Vita-light reedle shot 100 seruma pastiprin\u0101t\u0101js 50ml - FACECORNER","og_description":"VT Vita-light reedle shot 100 seruma pastiprin\u0101t\u0101js\u00a0 , ko rad\u012bjis Korejas z\u012bmols VT Cosmetics. Tas ir izstr\u0101d\u0101ts, lai izl\u012bdzin\u0101tu \u0101das toni, izgaismotu plankumus, pie\u0161\u0137irtu mirdzumu un gludumu.","og_url":"https:\/\/www.facecorner.lv\/lv\/shop\/vt-vita-light-reedle-shot-100-seruma-pastiprinatajs-50ml\/","og_site_name":"FACECORNER","article_publisher":"https:\/\/www.facebook.com\/profile.php?id=100063824551839","article_modified_time":"2025-12-12T11:43:33+00:00","og_image":[{"width":2560,"height":2560,"url":"https:\/\/www.facecorner.lv\/wp-content\/uploads\/2025\/10\/vita-light-reedle-shot-100-RS-r-scaled.webp","type":"image\/webp"}],"twitter_card":"summary_large_image","twitter_misc":{"Price":"&euro;32.40","Availability":"Out of stock"},"schema":{"@context":"https:\/\/schema.org","@graph":[{"@type":"WebPage","@id":"https:\/\/www.facecorner.lv\/shop\/vt-vita-light-reedle-shot-100-seruma-pastiprinatajs-50ml\/","url":"https:\/\/www.facecorner.lv\/shop\/vt-vita-light-reedle-shot-100-seruma-pastiprinatajs-50ml\/","name":"VT Vita-light reedle shot 100 seruma pastiprin\u0101t\u0101js 50ml - FACECORNER","isPartOf":{"@id":"https:\/\/www.facecorner.lv\/#website"},"primaryImageOfPage":{"@id":"https:\/\/www.facecorner.lv\/shop\/vt-vita-light-reedle-shot-100-seruma-pastiprinatajs-50ml\/#primaryimage"},"image":{"@id":"https:\/\/www.facecorner.lv\/shop\/vt-vita-light-reedle-shot-100-seruma-pastiprinatajs-50ml\/#primaryimage"},"thumbnailUrl":"https:\/\/www.facecorner.lv\/wp-content\/uploads\/2025\/10\/vita-light-reedle-shot-100-RS-r-scaled.webp","datePublished":"2025-10-30T12:04:44+00:00","dateModified":"2025-12-12T11:43:33+00:00","description":"VT Vita-light reedle shot 100 seruma pastiprin\u0101t\u0101js\u00a0 , ko rad\u012bjis Korejas z\u012bmols VT Cosmetics. Tas ir izstr\u0101d\u0101ts, lai izl\u012bdzin\u0101tu \u0101das toni, izgaismotu plankumus, pie\u0161\u0137irtu mirdzumu un gludumu.","breadcrumb":{"@id":"https:\/\/www.facecorner.lv\/shop\/vt-vita-light-reedle-shot-100-seruma-pastiprinatajs-50ml\/#breadcrumb"},"inLanguage":"lv-LV","potentialAction":[{"@type":"ReadAction","target":["https:\/\/www.facecorner.lv\/shop\/vt-vita-light-reedle-shot-100-seruma-pastiprinatajs-50ml\/"]}]},{"@type":"ImageObject","inLanguage":"lv-LV","@id":"https:\/\/www.facecorner.lv\/shop\/vt-vita-light-reedle-shot-100-seruma-pastiprinatajs-50ml\/#primaryimage","url":"https:\/\/www.facecorner.lv\/wp-content\/uploads\/2025\/10\/vita-light-reedle-shot-100-RS-r-scaled.webp","contentUrl":"https:\/\/www.facecorner.lv\/wp-content\/uploads\/2025\/10\/vita-light-reedle-shot-100-RS-r-scaled.webp","width":2560,"height":2560,"caption":"VT Vita-light reedle shot 100 seruma pastiprin\u0101t\u0101js"},{"@type":"BreadcrumbList","@id":"https:\/\/www.facecorner.lv\/shop\/vt-vita-light-reedle-shot-100-seruma-pastiprinatajs-50ml\/#breadcrumb","itemListElement":[{"@type":"ListItem","position":1,"name":"Home","item":"https:\/\/www.facecorner.lv\/"},{"@type":"ListItem","position":2,"name":"Veikals","item":"https:\/\/www.facecorner.lv\/shop\/"},{"@type":"ListItem","position":3,"name":"VT Vita-light reedle shot 100 seruma pastiprin\u0101t\u0101js 50ml"}]},{"@type":"WebSite","@id":"https:\/\/www.facecorner.lv\/#website","url":"https:\/\/www.facecorner.lv\/","name":"Facecorner","description":"","publisher":{"@id":"https:\/\/www.facecorner.lv\/#organization"},"potentialAction":[{"@type":"SearchAction","target":{"@type":"EntryPoint","urlTemplate":"https:\/\/www.facecorner.lv\/?s={search_term_string}"},"query-input":{"@type":"PropertyValueSpecification","valueRequired":true,"valueName":"search_term_string"}}],"inLanguage":"lv-LV"},{"@type":"Organization","@id":"https:\/\/www.facecorner.lv\/#organization","name":"Facecorner","url":"https:\/\/www.facecorner.lv\/","logo":{"@type":"ImageObject","inLanguage":"lv-LV","@id":"https:\/\/www.facecorner.lv\/#\/schema\/logo\/image\/","url":"https:\/\/www.facecorner.lv\/wp-content\/uploads\/2024\/04\/fc-logo.jpg","contentUrl":"https:\/\/www.facecorner.lv\/wp-content\/uploads\/2024\/04\/fc-logo.jpg","width":174,"height":28,"caption":"Facecorner"},"image":{"@id":"https:\/\/www.facecorner.lv\/#\/schema\/logo\/image\/"},"sameAs":["https:\/\/www.facebook.com\/profile.php?id=100063824551839","https:\/\/www.instagram.com\/facecorner_shop\/"]}]},"product_price_amount":"32.40","product_price_currency":"EUR","og_availability":"out of stock","product_availability":"out of stock","product_condition":"new"},"_links":{"self":[{"href":"https:\/\/www.facecorner.lv\/lv\/wp-json\/wp\/v2\/product\/25895","targetHints":{"allow":["GET"]}}],"collection":[{"href":"https:\/\/www.facecorner.lv\/lv\/wp-json\/wp\/v2\/product"}],"about":[{"href":"https:\/\/www.facecorner.lv\/lv\/wp-json\/wp\/v2\/types\/product"}],"replies":[{"embeddable":true,"href":"https:\/\/www.facecorner.lv\/lv\/wp-json\/wp\/v2\/comments?post=25895"}],"wp:featuredmedia":[{"embeddable":true,"href":"https:\/\/www.facecorner.lv\/lv\/wp-json\/wp\/v2\/media\/25896"}],"wp:attachment":[{"href":"https:\/\/www.facecorner.lv\/lv\/wp-json\/wp\/v2\/media?parent=25895"}],"wp:term":[{"taxonomy":"product_brand","embeddable":true,"href":"https:\/\/www.facecorner.lv\/lv\/wp-json\/wp\/v2\/product_brand?post=25895"},{"taxonomy":"product_cat","embeddable":true,"href":"https:\/\/www.facecorner.lv\/lv\/wp-json\/wp\/v2\/product_cat?post=25895"},{"taxonomy":"product_tag","embeddable":true,"href":"https:\/\/www.facecorner.lv\/lv\/wp-json\/wp\/v2\/product_tag?post=25895"},{"taxonomy":"berocket_brand","embeddable":true,"href":"https:\/\/www.facecorner.lv\/lv\/wp-json\/wp\/v2\/berocket_brand?post=25895"}],"curies":[{"name":"wp","href":"https:\/\/api.w.org\/{rel}","templated":true}]}}