{"id":25785,"date":"2025-10-24T15:31:27","date_gmt":"2025-10-24T12:31:27","guid":{"rendered":"https:\/\/www.facecorner.lv\/?post_type=product&#038;p=25785"},"modified":"2026-03-08T20:31:49","modified_gmt":"2026-03-08T17:31:49","slug":"nomierinoss-miglas-lidzeklis-ar-risu-hidrolatu-un-pantenolu-dr-althea-345-relief-cream-mist-100ml","status":"publish","type":"product","link":"https:\/\/www.facecorner.lv\/lv\/shop\/nomierinoss-miglas-lidzeklis-ar-risu-hidrolatu-un-pantenolu-dr-althea-345-relief-cream-mist-100ml\/","title":{"rendered":"Nomierino\u0161s miglas l\u012bdzeklis ar r\u012bsu hidrol\u0101tu un pantenolu Dr. Althea 345 Relief Cream Mist 100ml"},"content":{"rendered":"<p>&nbsp;<\/p>\n<p>Dr.Althea 345 Relief Cream Mist apvieno mitrino\u0161a tonika un viegla kr\u0113ma funkcijas. Maiga emulsijas tekst\u016bra izl\u012bdzin\u0101s k\u0101 pl\u0101ns pl\u012bvurs, mitrina, nomierina, samazina aps\u0101rtumu.<\/p>\n<p>L\u012bdzeklis nostiprina hidrolip\u012bdu mantiju, saglab\u0101 mitrumu, samazina jut\u012bgumu, pa\u0101trina atjauno\u0161an\u0101s procesus. Uztur elast\u012bbu un maigumu.<\/p>\n<p>Piem\u0113rots ikdienas lieto\u0161anai un dienas laik\u0101, kad \u0101dai nepiecie\u0161ama papildu kop\u0161ana.<\/p>\n<p>Ir Vegan\u00ae sertifik\u0101ts, kas apliecina, ka formula nesatur dz\u012bvnieku izcelsmes sast\u0101vda\u013cas.<\/p>\n<p><strong>Galven\u0101s priek\u0161roc\u012bbas:<\/strong><\/p>\n<ul>\n<li>T\u016bl\u012bt\u0113ji mitrina un atsvaidzina \u0101du, neatst\u0101jot taukainu sp\u012bdumu.<\/li>\n<li>Veido aizsargbarjeru pret \u0101r\u0113jiem kairin\u0101t\u0101jiem un sausumu.<\/li>\n<li>Pie\u0161\u0137ir maigumu un dabisku mirdzumu.<\/li>\n<li>Piem\u0113rots lieto\u0161anai dienas laik\u0101 virs grima.<\/li>\n<\/ul>\n<p><strong>Galven\u0101s sast\u0101vda\u013cas:<\/strong><\/p>\n<ul>\n<li>Ceram\u012bdi un hialuronsk\u0101be \u2014 atjauno hidrolip\u012bdu l\u012bdzsvaru un nov\u0113r\u0161 mitruma zudumu.<\/li>\n<li>\u0100zijas centellas ekstrakts \u2014 nomierina un mazina kairin\u0101jumu.<\/li>\n<li>\u017dojoba e\u013c\u013ca un \u0161\u012b e\u013c\u013ca \u2014 baro \u0101du un padara to samtainu.<\/li>\n<\/ul>\n<p><strong>Lieto\u0161ana: <\/strong>Labi sakratiet flakonu, lai apvienotu \u016bdens un kr\u0113ma f\u0101zes. Izsmidziniet uz sejas no 20\u201330 cm att\u0101luma. Lietojiet no r\u012bta, dienas laik\u0101 vai pirms gul\u0113tie\u0161anas, lai uzreiz mitrin\u0101tu \u0101du.<\/p>\n<p><strong>Sast\u0101vs<\/strong>: <span style=\"font-size: 16px;\">Oryza Sativa (Rice) Bran Water, Glycerin, Triethylhexanoin, Water, Hydrogenated Poly (C6-14 Olefin), Butylene Glycol, Methylpropanediol, Pentylene Glycol, 1,2-Hexanediol, Panthenol, Streptococcus Thermophilus Ferment,\u00a0Trilaureth-4 Phosphate, Ethylhexylglycerin, Polyquaternium-5, Sodium Phytate,\u00a0Citric Acid, Pyrus Malus (Apple) Juice, Oryza Sativa (Rice) Extract, Sea Salt, Cynanchum Atratum Extract, Tocopherol, Aspergillus Ferment, Althaea Rosea Flower Extract, Hydrolyzed Hyaluronic Acid, Hydroxypropyltrimonium\u00a0Hyaluronate, Madecassoside, Aloe Barbadensis Leaf Water, Avena Sativa (Oat) Kernel Extract, Centella Asiatica Leaf Extract, Lactobacillus Ferment, Houttuynia Cordata Extract, Hyaluronic Acid, Silanetriol, Bifida Ferment Extract, Hydrolyzed Rice Protein, Rice Amino Acids<\/span><\/p>\n<div class=\"product__components\"><\/div>\n","protected":false},"excerpt":{"rendered":"<p>Dr.Althea 345 Relief Cream Mist apvieno mitrino\u0161a tonika un viegla kr\u0113ma funkcijas. Maiga emulsijas tekst\u016bra izl\u012bdzin\u0101s k\u0101 pl\u0101ns pl\u012bvurs, mitrina, nomierina, samazina aps\u0101rtumu.<\/p>\n","protected":false},"featured_media":25786,"comment_status":"open","ping_status":"closed","template":"","meta":{"site-sidebar-layout":"default","site-content-layout":"","ast-site-content-layout":"default","site-content-style":"default","site-sidebar-style":"default","ast-global-header-display":"","ast-banner-title-visibility":"","ast-main-header-display":"","ast-hfb-above-header-display":"","ast-hfb-below-header-display":"","ast-hfb-mobile-header-display":"","site-post-title":"","ast-breadcrumbs-content":"","ast-featured-img":"","footer-sml-layout":"","theme-transparent-header-meta":"default","adv-header-id-meta":"","stick-header-meta":"","header-above-stick-meta":"","header-main-stick-meta":"","header-below-stick-meta":"","astra-migrate-meta-layouts":"set","ast-page-background-enabled":"default","ast-page-background-meta":{"desktop":{"background-color":"var(--ast-global-color-4)","background-image":"","background-repeat":"repeat","background-position":"center center","background-size":"auto","background-attachment":"scroll","background-type":"","background-media":"","overlay-type":"","overlay-color":"","overlay-opacity":"","overlay-gradient":""},"tablet":{"background-color":"","background-image":"","background-repeat":"repeat","background-position":"center center","background-size":"auto","background-attachment":"scroll","background-type":"","background-media":"","overlay-type":"","overlay-color":"","overlay-opacity":"","overlay-gradient":""},"mobile":{"background-color":"","background-image":"","background-repeat":"repeat","background-position":"center center","background-size":"auto","background-attachment":"scroll","background-type":"","background-media":"","overlay-type":"","overlay-color":"","overlay-opacity":"","overlay-gradient":""}},"ast-content-background-meta":{"desktop":{"background-color":"var(--ast-global-color-5)","background-image":"","background-repeat":"repeat","background-position":"center center","background-size":"auto","background-attachment":"scroll","background-type":"","background-media":"","overlay-type":"","overlay-color":"","overlay-opacity":"","overlay-gradient":""},"tablet":{"background-color":"var(--ast-global-color-5)","background-image":"","background-repeat":"repeat","background-position":"center center","background-size":"auto","background-attachment":"scroll","background-type":"","background-media":"","overlay-type":"","overlay-color":"","overlay-opacity":"","overlay-gradient":""},"mobile":{"background-color":"var(--ast-global-color-5)","background-image":"","background-repeat":"repeat","background-position":"center center","background-size":"auto","background-attachment":"scroll","background-type":"","background-media":"","overlay-type":"","overlay-color":"","overlay-opacity":"","overlay-gradient":""}}},"product_brand":[],"product_cat":[375,377,378,364,376],"product_tag":[],"berocket_brand":[597],"class_list":{"0":"post-25785","1":"product","2":"type-product","3":"status-publish","4":"has-post-thumbnail","6":"product_cat-jutigai-adai-toneri","7":"product_cat-problematiskai-adai-toneri","8":"product_cat-sausai-adai-toneri","9":"product_cat-toneri","10":"product_cat-kombinetai-adai-toneri","11":"berocket_brand-dr-althea","12":"desktop-align-left","13":"tablet-align-left","14":"mobile-align-left","16":"first","17":"instock","18":"taxable","19":"shipping-taxable","20":"purchasable","21":"product-type-simple","22":"add-to-wishlist-before_image"},"yoast_head":"<!-- This site is optimized with the Yoast SEO plugin v27.4 - https:\/\/yoast.com\/product\/yoast-seo-wordpress\/ -->\n<title>Nomierino\u0161s miglas l\u012bdzeklis ar r\u012bsu hidrol\u0101tu un pantenolu Dr. Althea 345 Relief Cream Mist 100ml - FACECORNER<\/title>\n<meta name=\"description\" content=\"Dr.Althea 345 Relief Cream Mist apvieno mitrino\u0161a tonika un viegla kr\u0113ma funkcijas. Maiga emulsijas tekst\u016bra izl\u012bdzin\u0101s k\u0101 pl\u0101ns pl\u012bvurs, mitrina, nomierina, samazina aps\u0101rtumu.\" \/>\n<meta name=\"robots\" content=\"index, follow, max-snippet:-1, max-image-preview:large, max-video-preview:-1\" \/>\n<link rel=\"canonical\" href=\"https:\/\/www.facecorner.lv\/lv\/shop\/nomierinoss-miglas-lidzeklis-ar-risu-hidrolatu-un-pantenolu-dr-althea-345-relief-cream-mist-100ml\/\" \/>\n<meta property=\"og:locale\" content=\"lv_LV\" \/>\n<meta property=\"og:type\" content=\"article\" \/>\n<meta property=\"og:title\" content=\"Nomierino\u0161s miglas l\u012bdzeklis ar r\u012bsu hidrol\u0101tu un pantenolu Dr. Althea 345 Relief Cream Mist 100ml - FACECORNER\" \/>\n<meta property=\"og:description\" content=\"Dr.Althea 345 Relief Cream Mist apvieno mitrino\u0161a tonika un viegla kr\u0113ma funkcijas. Maiga emulsijas tekst\u016bra izl\u012bdzin\u0101s k\u0101 pl\u0101ns pl\u012bvurs, mitrina, nomierina, samazina aps\u0101rtumu.\" \/>\n<meta property=\"og:url\" content=\"https:\/\/www.facecorner.lv\/lv\/shop\/nomierinoss-miglas-lidzeklis-ar-risu-hidrolatu-un-pantenolu-dr-althea-345-relief-cream-mist-100ml\/\" \/>\n<meta property=\"og:site_name\" content=\"FACECORNER\" \/>\n<meta property=\"article:publisher\" content=\"https:\/\/www.facebook.com\/profile.php?id=100063824551839\" \/>\n<meta property=\"article:modified_time\" content=\"2026-03-08T17:31:49+00:00\" \/>\n<meta property=\"og:image\" content=\"https:\/\/www.facecorner.lv\/wp-content\/uploads\/2025\/10\/345_cream_mist_1-1-scaled.webp\" \/>\n\t<meta property=\"og:image:width\" content=\"2560\" \/>\n\t<meta property=\"og:image:height\" content=\"2560\" \/>\n\t<meta property=\"og:image:type\" content=\"image\/webp\" \/>\n<meta name=\"twitter:card\" content=\"summary_large_image\" \/>\n<meta name=\"twitter:label1\" content=\"Price\" \/>\n\t<meta name=\"twitter:data1\" content=\"&euro;29.90\" \/>\n\t<meta name=\"twitter:label2\" content=\"Availability\" \/>\n\t<meta name=\"twitter:data2\" content=\"In stock\" \/>\n<script type=\"application\/ld+json\" class=\"yoast-schema-graph\">{\"@context\":\"https:\\\/\\\/schema.org\",\"@graph\":[{\"@type\":\"WebPage\",\"@id\":\"https:\\\/\\\/www.facecorner.lv\\\/shop\\\/nomierinoss-miglas-lidzeklis-ar-risu-hidrolatu-un-pantenolu-dr-althea-345-relief-cream-mist-100ml\\\/\",\"url\":\"https:\\\/\\\/www.facecorner.lv\\\/shop\\\/nomierinoss-miglas-lidzeklis-ar-risu-hidrolatu-un-pantenolu-dr-althea-345-relief-cream-mist-100ml\\\/\",\"name\":\"Nomierino\u0161s miglas l\u012bdzeklis ar r\u012bsu hidrol\u0101tu un pantenolu Dr. Althea 345 Relief Cream Mist 100ml - FACECORNER\",\"isPartOf\":{\"@id\":\"https:\\\/\\\/www.facecorner.lv\\\/#website\"},\"primaryImageOfPage\":{\"@id\":\"https:\\\/\\\/www.facecorner.lv\\\/shop\\\/nomierinoss-miglas-lidzeklis-ar-risu-hidrolatu-un-pantenolu-dr-althea-345-relief-cream-mist-100ml\\\/#primaryimage\"},\"image\":{\"@id\":\"https:\\\/\\\/www.facecorner.lv\\\/shop\\\/nomierinoss-miglas-lidzeklis-ar-risu-hidrolatu-un-pantenolu-dr-althea-345-relief-cream-mist-100ml\\\/#primaryimage\"},\"thumbnailUrl\":\"https:\\\/\\\/www.facecorner.lv\\\/wp-content\\\/uploads\\\/2025\\\/10\\\/345_cream_mist_1-1-scaled.webp\",\"datePublished\":\"2025-10-24T12:31:27+00:00\",\"dateModified\":\"2026-03-08T17:31:49+00:00\",\"description\":\"Dr.Althea 345 Relief Cream Mist apvieno mitrino\u0161a tonika un viegla kr\u0113ma funkcijas. Maiga emulsijas tekst\u016bra izl\u012bdzin\u0101s k\u0101 pl\u0101ns pl\u012bvurs, mitrina, nomierina, samazina aps\u0101rtumu.\",\"breadcrumb\":{\"@id\":\"https:\\\/\\\/www.facecorner.lv\\\/shop\\\/nomierinoss-miglas-lidzeklis-ar-risu-hidrolatu-un-pantenolu-dr-althea-345-relief-cream-mist-100ml\\\/#breadcrumb\"},\"inLanguage\":\"lv-LV\",\"potentialAction\":[{\"@type\":\"ReadAction\",\"target\":[\"https:\\\/\\\/www.facecorner.lv\\\/shop\\\/nomierinoss-miglas-lidzeklis-ar-risu-hidrolatu-un-pantenolu-dr-althea-345-relief-cream-mist-100ml\\\/\"]}]},{\"@type\":\"ImageObject\",\"inLanguage\":\"lv-LV\",\"@id\":\"https:\\\/\\\/www.facecorner.lv\\\/shop\\\/nomierinoss-miglas-lidzeklis-ar-risu-hidrolatu-un-pantenolu-dr-althea-345-relief-cream-mist-100ml\\\/#primaryimage\",\"url\":\"https:\\\/\\\/www.facecorner.lv\\\/wp-content\\\/uploads\\\/2025\\\/10\\\/345_cream_mist_1-1-scaled.webp\",\"contentUrl\":\"https:\\\/\\\/www.facecorner.lv\\\/wp-content\\\/uploads\\\/2025\\\/10\\\/345_cream_mist_1-1-scaled.webp\",\"width\":2560,\"height\":2560,\"caption\":\"Dr.Althea 345 Relief Cream Mist\"},{\"@type\":\"BreadcrumbList\",\"@id\":\"https:\\\/\\\/www.facecorner.lv\\\/shop\\\/nomierinoss-miglas-lidzeklis-ar-risu-hidrolatu-un-pantenolu-dr-althea-345-relief-cream-mist-100ml\\\/#breadcrumb\",\"itemListElement\":[{\"@type\":\"ListItem\",\"position\":1,\"name\":\"Home\",\"item\":\"https:\\\/\\\/www.facecorner.lv\\\/\"},{\"@type\":\"ListItem\",\"position\":2,\"name\":\"Veikals\",\"item\":\"https:\\\/\\\/www.facecorner.lv\\\/shop\\\/\"},{\"@type\":\"ListItem\",\"position\":3,\"name\":\"Nomierino\u0161s miglas l\u012bdzeklis ar r\u012bsu hidrol\u0101tu un pantenolu Dr. Althea 345 Relief Cream Mist 100ml\"}]},{\"@type\":\"WebSite\",\"@id\":\"https:\\\/\\\/www.facecorner.lv\\\/#website\",\"url\":\"https:\\\/\\\/www.facecorner.lv\\\/\",\"name\":\"Facecorner\",\"description\":\"\",\"publisher\":{\"@id\":\"https:\\\/\\\/www.facecorner.lv\\\/#organization\"},\"potentialAction\":[{\"@type\":\"SearchAction\",\"target\":{\"@type\":\"EntryPoint\",\"urlTemplate\":\"https:\\\/\\\/www.facecorner.lv\\\/?s={search_term_string}\"},\"query-input\":{\"@type\":\"PropertyValueSpecification\",\"valueRequired\":true,\"valueName\":\"search_term_string\"}}],\"inLanguage\":\"lv-LV\"},{\"@type\":\"Organization\",\"@id\":\"https:\\\/\\\/www.facecorner.lv\\\/#organization\",\"name\":\"Facecorner\",\"url\":\"https:\\\/\\\/www.facecorner.lv\\\/\",\"logo\":{\"@type\":\"ImageObject\",\"inLanguage\":\"lv-LV\",\"@id\":\"https:\\\/\\\/www.facecorner.lv\\\/#\\\/schema\\\/logo\\\/image\\\/\",\"url\":\"https:\\\/\\\/www.facecorner.lv\\\/wp-content\\\/uploads\\\/2024\\\/04\\\/fc-logo.jpg\",\"contentUrl\":\"https:\\\/\\\/www.facecorner.lv\\\/wp-content\\\/uploads\\\/2024\\\/04\\\/fc-logo.jpg\",\"width\":174,\"height\":28,\"caption\":\"Facecorner\"},\"image\":{\"@id\":\"https:\\\/\\\/www.facecorner.lv\\\/#\\\/schema\\\/logo\\\/image\\\/\"},\"sameAs\":[\"https:\\\/\\\/www.facebook.com\\\/profile.php?id=100063824551839\",\"https:\\\/\\\/www.instagram.com\\\/facecorner_shop\\\/\"]}]}<\/script>\n<meta property=\"product:price:amount\" content=\"29.90\" \/>\n<meta property=\"product:price:currency\" content=\"EUR\" \/>\n<meta property=\"og:availability\" content=\"instock\" \/>\n<meta property=\"product:availability\" content=\"instock\" \/>\n<meta property=\"product:condition\" content=\"new\" \/>\n<!-- \/ Yoast SEO plugin. -->","yoast_head_json":{"title":"Nomierino\u0161s miglas l\u012bdzeklis ar r\u012bsu hidrol\u0101tu un pantenolu Dr. Althea 345 Relief Cream Mist 100ml - FACECORNER","description":"Dr.Althea 345 Relief Cream Mist apvieno mitrino\u0161a tonika un viegla kr\u0113ma funkcijas. Maiga emulsijas tekst\u016bra izl\u012bdzin\u0101s k\u0101 pl\u0101ns pl\u012bvurs, mitrina, nomierina, samazina aps\u0101rtumu.","robots":{"index":"index","follow":"follow","max-snippet":"max-snippet:-1","max-image-preview":"max-image-preview:large","max-video-preview":"max-video-preview:-1"},"canonical":"https:\/\/www.facecorner.lv\/lv\/shop\/nomierinoss-miglas-lidzeklis-ar-risu-hidrolatu-un-pantenolu-dr-althea-345-relief-cream-mist-100ml\/","og_locale":"lv_LV","og_type":"article","og_title":"Nomierino\u0161s miglas l\u012bdzeklis ar r\u012bsu hidrol\u0101tu un pantenolu Dr. Althea 345 Relief Cream Mist 100ml - FACECORNER","og_description":"Dr.Althea 345 Relief Cream Mist apvieno mitrino\u0161a tonika un viegla kr\u0113ma funkcijas. Maiga emulsijas tekst\u016bra izl\u012bdzin\u0101s k\u0101 pl\u0101ns pl\u012bvurs, mitrina, nomierina, samazina aps\u0101rtumu.","og_url":"https:\/\/www.facecorner.lv\/lv\/shop\/nomierinoss-miglas-lidzeklis-ar-risu-hidrolatu-un-pantenolu-dr-althea-345-relief-cream-mist-100ml\/","og_site_name":"FACECORNER","article_publisher":"https:\/\/www.facebook.com\/profile.php?id=100063824551839","article_modified_time":"2026-03-08T17:31:49+00:00","og_image":[{"width":2560,"height":2560,"url":"https:\/\/www.facecorner.lv\/wp-content\/uploads\/2025\/10\/345_cream_mist_1-1-scaled.webp","type":"image\/webp"}],"twitter_card":"summary_large_image","twitter_misc":{"Price":"&euro;29.90","Availability":"In stock"},"schema":{"@context":"https:\/\/schema.org","@graph":[{"@type":"WebPage","@id":"https:\/\/www.facecorner.lv\/shop\/nomierinoss-miglas-lidzeklis-ar-risu-hidrolatu-un-pantenolu-dr-althea-345-relief-cream-mist-100ml\/","url":"https:\/\/www.facecorner.lv\/shop\/nomierinoss-miglas-lidzeklis-ar-risu-hidrolatu-un-pantenolu-dr-althea-345-relief-cream-mist-100ml\/","name":"Nomierino\u0161s miglas l\u012bdzeklis ar r\u012bsu hidrol\u0101tu un pantenolu Dr. Althea 345 Relief Cream Mist 100ml - FACECORNER","isPartOf":{"@id":"https:\/\/www.facecorner.lv\/#website"},"primaryImageOfPage":{"@id":"https:\/\/www.facecorner.lv\/shop\/nomierinoss-miglas-lidzeklis-ar-risu-hidrolatu-un-pantenolu-dr-althea-345-relief-cream-mist-100ml\/#primaryimage"},"image":{"@id":"https:\/\/www.facecorner.lv\/shop\/nomierinoss-miglas-lidzeklis-ar-risu-hidrolatu-un-pantenolu-dr-althea-345-relief-cream-mist-100ml\/#primaryimage"},"thumbnailUrl":"https:\/\/www.facecorner.lv\/wp-content\/uploads\/2025\/10\/345_cream_mist_1-1-scaled.webp","datePublished":"2025-10-24T12:31:27+00:00","dateModified":"2026-03-08T17:31:49+00:00","description":"Dr.Althea 345 Relief Cream Mist apvieno mitrino\u0161a tonika un viegla kr\u0113ma funkcijas. Maiga emulsijas tekst\u016bra izl\u012bdzin\u0101s k\u0101 pl\u0101ns pl\u012bvurs, mitrina, nomierina, samazina aps\u0101rtumu.","breadcrumb":{"@id":"https:\/\/www.facecorner.lv\/shop\/nomierinoss-miglas-lidzeklis-ar-risu-hidrolatu-un-pantenolu-dr-althea-345-relief-cream-mist-100ml\/#breadcrumb"},"inLanguage":"lv-LV","potentialAction":[{"@type":"ReadAction","target":["https:\/\/www.facecorner.lv\/shop\/nomierinoss-miglas-lidzeklis-ar-risu-hidrolatu-un-pantenolu-dr-althea-345-relief-cream-mist-100ml\/"]}]},{"@type":"ImageObject","inLanguage":"lv-LV","@id":"https:\/\/www.facecorner.lv\/shop\/nomierinoss-miglas-lidzeklis-ar-risu-hidrolatu-un-pantenolu-dr-althea-345-relief-cream-mist-100ml\/#primaryimage","url":"https:\/\/www.facecorner.lv\/wp-content\/uploads\/2025\/10\/345_cream_mist_1-1-scaled.webp","contentUrl":"https:\/\/www.facecorner.lv\/wp-content\/uploads\/2025\/10\/345_cream_mist_1-1-scaled.webp","width":2560,"height":2560,"caption":"Dr.Althea 345 Relief Cream Mist"},{"@type":"BreadcrumbList","@id":"https:\/\/www.facecorner.lv\/shop\/nomierinoss-miglas-lidzeklis-ar-risu-hidrolatu-un-pantenolu-dr-althea-345-relief-cream-mist-100ml\/#breadcrumb","itemListElement":[{"@type":"ListItem","position":1,"name":"Home","item":"https:\/\/www.facecorner.lv\/"},{"@type":"ListItem","position":2,"name":"Veikals","item":"https:\/\/www.facecorner.lv\/shop\/"},{"@type":"ListItem","position":3,"name":"Nomierino\u0161s miglas l\u012bdzeklis ar r\u012bsu hidrol\u0101tu un pantenolu Dr. Althea 345 Relief Cream Mist 100ml"}]},{"@type":"WebSite","@id":"https:\/\/www.facecorner.lv\/#website","url":"https:\/\/www.facecorner.lv\/","name":"Facecorner","description":"","publisher":{"@id":"https:\/\/www.facecorner.lv\/#organization"},"potentialAction":[{"@type":"SearchAction","target":{"@type":"EntryPoint","urlTemplate":"https:\/\/www.facecorner.lv\/?s={search_term_string}"},"query-input":{"@type":"PropertyValueSpecification","valueRequired":true,"valueName":"search_term_string"}}],"inLanguage":"lv-LV"},{"@type":"Organization","@id":"https:\/\/www.facecorner.lv\/#organization","name":"Facecorner","url":"https:\/\/www.facecorner.lv\/","logo":{"@type":"ImageObject","inLanguage":"lv-LV","@id":"https:\/\/www.facecorner.lv\/#\/schema\/logo\/image\/","url":"https:\/\/www.facecorner.lv\/wp-content\/uploads\/2024\/04\/fc-logo.jpg","contentUrl":"https:\/\/www.facecorner.lv\/wp-content\/uploads\/2024\/04\/fc-logo.jpg","width":174,"height":28,"caption":"Facecorner"},"image":{"@id":"https:\/\/www.facecorner.lv\/#\/schema\/logo\/image\/"},"sameAs":["https:\/\/www.facebook.com\/profile.php?id=100063824551839","https:\/\/www.instagram.com\/facecorner_shop\/"]}]},"product_price_amount":"29.90","product_price_currency":"EUR","og_availability":"instock","product_availability":"instock","product_condition":"new"},"_links":{"self":[{"href":"https:\/\/www.facecorner.lv\/lv\/wp-json\/wp\/v2\/product\/25785","targetHints":{"allow":["GET"]}}],"collection":[{"href":"https:\/\/www.facecorner.lv\/lv\/wp-json\/wp\/v2\/product"}],"about":[{"href":"https:\/\/www.facecorner.lv\/lv\/wp-json\/wp\/v2\/types\/product"}],"replies":[{"embeddable":true,"href":"https:\/\/www.facecorner.lv\/lv\/wp-json\/wp\/v2\/comments?post=25785"}],"wp:featuredmedia":[{"embeddable":true,"href":"https:\/\/www.facecorner.lv\/lv\/wp-json\/wp\/v2\/media\/25786"}],"wp:attachment":[{"href":"https:\/\/www.facecorner.lv\/lv\/wp-json\/wp\/v2\/media?parent=25785"}],"wp:term":[{"taxonomy":"product_brand","embeddable":true,"href":"https:\/\/www.facecorner.lv\/lv\/wp-json\/wp\/v2\/product_brand?post=25785"},{"taxonomy":"product_cat","embeddable":true,"href":"https:\/\/www.facecorner.lv\/lv\/wp-json\/wp\/v2\/product_cat?post=25785"},{"taxonomy":"product_tag","embeddable":true,"href":"https:\/\/www.facecorner.lv\/lv\/wp-json\/wp\/v2\/product_tag?post=25785"},{"taxonomy":"berocket_brand","embeddable":true,"href":"https:\/\/www.facecorner.lv\/lv\/wp-json\/wp\/v2\/berocket_brand?post=25785"}],"curies":[{"name":"wp","href":"https:\/\/api.w.org\/{rel}","templated":true}]}}