{"id":25707,"date":"2025-10-23T15:02:59","date_gmt":"2025-10-23T12:02:59","guid":{"rendered":"https:\/\/www.facecorner.lv\/?post_type=product&#038;p=25707"},"modified":"2026-01-30T02:36:02","modified_gmt":"2026-01-29T23:36:02","slug":"intensivs-liftinga-krems-adas-elastibas-un-atjaunosanas-nodrosinasanai-medicube-deep-lifting-age-repair-cream-30ml","status":"publish","type":"product","link":"https:\/\/www.facecorner.lv\/lv\/shop\/intensivs-liftinga-krems-adas-elastibas-un-atjaunosanas-nodrosinasanai-medicube-deep-lifting-age-repair-cream-30ml\/","title":{"rendered":"Intens\u012bvs liftinga kr\u0113ms \u0101das elast\u012bbas un atjauno\u0161anas nodro\u0161in\u0101\u0161anai Medicube Deep Lifting Age Repair Cream 30ml"},"content":{"rendered":"<p>Augst\u0101k\u0101s kvalit\u0101tes pretnoveco\u0161an\u0101s kr\u0113ms Medicube Deep Lifting Age Repair Cream , kas paredz\u0113ts dzi\u013cai atjauno\u0161anai, elast\u012bbas uzlabo\u0161anai un grumbu samazin\u0101\u0161anai.<\/p>\n<p>Unik\u0101la formula ar pept\u012bdiem, kolag\u0113nu un eksosom\u0101m stimul\u0113 \u0161\u016bnu atjauno\u0161anos, nostiprina \u0101das strukt\u016bru un pie\u0161\u0137ir sejai skaidr\u0101kas kont\u016bras.<\/p>\n<p>Kr\u0113ma tekst\u016bra ir bag\u0101t\u012bga, bet viegli uzs\u016bcas, neatst\u0101jot taukainu sp\u012bdumu.<\/p>\n<p><strong>Galven\u0101s sast\u0101vda\u013cas:<\/strong><\/p>\n<ul>\n<li>Pept\u012bdu komplekss \u2014 stimul\u0113 kolag\u0113na ra\u017eo\u0161anu, uzlabo \u0101das elast\u012bbu.<\/li>\n<li>Eksosomas \u2014 veicina \u0161\u016bnu re\u0123ener\u0101ciju un stiprina \u0101das barjeru.<\/li>\n<li>J\u016bras kolag\u0113ns \u2014 atjauno \u0101das bl\u012bvumu un samazina grumbu redzam\u012bbu.<\/li>\n<li>Niac\u012bnam\u012bds \u2014 izgaismo un izl\u012bdzina \u0101das toni.<\/li>\n<li>Adenoz\u012bns \u2014 nodro\u0161ina liftinga efektu un samazina vecuma izrais\u012bt\u0101s izmai\u0146as.<\/li>\n<\/ul>\n<p><strong>Priek\u0161roc\u012bbas:<\/strong><\/p>\n<ul>\n<li>Dzi\u013ci baro un sniedz liftinga efektu<\/li>\n<li>\u00a0Nostiprina sejas kont\u016bras<\/li>\n<li>\u00a0Piem\u0113rots nobriedu\u0161ai un sausai \u0101dai<\/li>\n<li>\u00a0Kl\u012bniski test\u0113ts, bez parab\u0113niem un m\u0101ksl\u012bg\u0101m smar\u017eviel\u0101m<\/li>\n<\/ul>\n<p><strong>Lieto\u0161ana: <\/strong>P\u0113c tonika un esences uzkl\u0101jiet nelielu daudzumu kr\u0113ma uz att\u012br\u012btas sejas un kakla \u0101das. Viegli izl\u012bdziniet un iemas\u0113jiet ar pirkstu galiem, lai kr\u0113ms lab\u0101k ies\u016bktos. Lietojiet no r\u012bta un vakar\u0101.<\/p>\n<p><strong>Sast\u0101vs:<\/strong> Water, Glycerin, Butylene Glycol, Niacinamide, Hydrolyzed Collagen, Panthenol, 1,2-Hexanediol, Exosome, Acetyl Hexapeptide-8, Palmitoyl Pentapeptide-4, Adenosine, Sodium Hyaluronate, Betaine, Allantoin, Dipotassium Glycyrrhizate, Carbomer, Arginine, Ethylhexylglycerin, Disodium EDTA.<\/p>\n<p data-start=\"1801\" data-end=\"1911\" data-is-last-node=\"\" data-is-only-node=\"\">\n","protected":false},"excerpt":{"rendered":"<p>Augst\u0101k\u0101s kvalit\u0101tes pretnoveco\u0161an\u0101s kr\u0113ms Medicube Deep Lifting Age Repair Cream , kas paredz\u0113ts dzi\u013cai atjauno\u0161anai, elast\u012bbas uzlabo\u0161anai un grumbu samazin\u0101\u0161anai.<\/p>\n","protected":false},"featured_media":25708,"comment_status":"open","ping_status":"closed","template":"","meta":{"site-sidebar-layout":"default","site-content-layout":"","ast-site-content-layout":"default","site-content-style":"default","site-sidebar-style":"default","ast-global-header-display":"","ast-banner-title-visibility":"","ast-main-header-display":"","ast-hfb-above-header-display":"","ast-hfb-below-header-display":"","ast-hfb-mobile-header-display":"","site-post-title":"","ast-breadcrumbs-content":"","ast-featured-img":"","footer-sml-layout":"","theme-transparent-header-meta":"default","adv-header-id-meta":"","stick-header-meta":"","header-above-stick-meta":"","header-main-stick-meta":"","header-below-stick-meta":"","astra-migrate-meta-layouts":"set","ast-page-background-enabled":"default","ast-page-background-meta":{"desktop":{"background-color":"var(--ast-global-color-4)","background-image":"","background-repeat":"repeat","background-position":"center center","background-size":"auto","background-attachment":"scroll","background-type":"","background-media":"","overlay-type":"","overlay-color":"","overlay-opacity":"","overlay-gradient":""},"tablet":{"background-color":"","background-image":"","background-repeat":"repeat","background-position":"center center","background-size":"auto","background-attachment":"scroll","background-type":"","background-media":"","overlay-type":"","overlay-color":"","overlay-opacity":"","overlay-gradient":""},"mobile":{"background-color":"","background-image":"","background-repeat":"repeat","background-position":"center center","background-size":"auto","background-attachment":"scroll","background-type":"","background-media":"","overlay-type":"","overlay-color":"","overlay-opacity":"","overlay-gradient":""}},"ast-content-background-meta":{"desktop":{"background-color":"var(--ast-global-color-5)","background-image":"","background-repeat":"repeat","background-position":"center center","background-size":"auto","background-attachment":"scroll","background-type":"","background-media":"","overlay-type":"","overlay-color":"","overlay-opacity":"","overlay-gradient":""},"tablet":{"background-color":"var(--ast-global-color-5)","background-image":"","background-repeat":"repeat","background-position":"center center","background-size":"auto","background-attachment":"scroll","background-type":"","background-media":"","overlay-type":"","overlay-color":"","overlay-opacity":"","overlay-gradient":""},"mobile":{"background-color":"var(--ast-global-color-5)","background-image":"","background-repeat":"repeat","background-position":"center center","background-size":"auto","background-attachment":"scroll","background-type":"","background-media":"","overlay-type":"","overlay-color":"","overlay-opacity":"","overlay-gradient":""}}},"product_brand":[],"product_cat":[365,366,368,362],"product_tag":[],"berocket_brand":[579],"class_list":{"0":"post-25707","1":"product","2":"type-product","3":"status-publish","4":"has-post-thumbnail","6":"product_cat-barojoss","7":"product_cat-mitrinoss","8":"product_cat-pret-grumbam","9":"product_cat-sejas-krems","10":"berocket_brand-medicube","11":"desktop-align-left","12":"tablet-align-left","13":"mobile-align-left","15":"first","16":"outofstock","17":"taxable","18":"shipping-taxable","19":"purchasable","20":"product-type-simple","21":"add-to-wishlist-before_image"},"yoast_head":"<!-- This site is optimized with the Yoast SEO plugin v27.4 - https:\/\/yoast.com\/product\/yoast-seo-wordpress\/ -->\n<title>Intens\u012bvs liftinga kr\u0113ms \u0101das elast\u012bbas un atjauno\u0161anas nodro\u0161in\u0101\u0161anai Medicube Deep Lifting Age Repair Cream 30ml - FACECORNER<\/title>\n<meta name=\"description\" content=\"Augst\u0101k\u0101s kvalit\u0101tes pretnoveco\u0161an\u0101s kr\u0113ms Medicube Deep Lifting Age Repair Cream , kas paredz\u0113ts dzi\u013cai atjauno\u0161anai, elast\u012bbas uzlabo\u0161anai un grumbu samazin\u0101\u0161anai.\" \/>\n<meta name=\"robots\" content=\"index, follow, max-snippet:-1, max-image-preview:large, max-video-preview:-1\" \/>\n<link rel=\"canonical\" href=\"https:\/\/www.facecorner.lv\/lv\/shop\/intensivs-liftinga-krems-adas-elastibas-un-atjaunosanas-nodrosinasanai-medicube-deep-lifting-age-repair-cream-30ml\/\" \/>\n<meta property=\"og:locale\" content=\"lv_LV\" \/>\n<meta property=\"og:type\" content=\"article\" \/>\n<meta property=\"og:title\" content=\"Intens\u012bvs liftinga kr\u0113ms \u0101das elast\u012bbas un atjauno\u0161anas nodro\u0161in\u0101\u0161anai Medicube Deep Lifting Age Repair Cream 30ml - FACECORNER\" \/>\n<meta property=\"og:description\" content=\"Augst\u0101k\u0101s kvalit\u0101tes pretnoveco\u0161an\u0101s kr\u0113ms Medicube Deep Lifting Age Repair Cream , kas paredz\u0113ts dzi\u013cai atjauno\u0161anai, elast\u012bbas uzlabo\u0161anai un grumbu samazin\u0101\u0161anai.\" \/>\n<meta property=\"og:url\" content=\"https:\/\/www.facecorner.lv\/lv\/shop\/intensivs-liftinga-krems-adas-elastibas-un-atjaunosanas-nodrosinasanai-medicube-deep-lifting-age-repair-cream-30ml\/\" \/>\n<meta property=\"og:site_name\" content=\"FACECORNER\" \/>\n<meta property=\"article:publisher\" content=\"https:\/\/www.facebook.com\/profile.php?id=100063824551839\" \/>\n<meta property=\"article:modified_time\" content=\"2026-01-29T23:36:02+00:00\" \/>\n<meta property=\"og:image\" content=\"https:\/\/www.facecorner.lv\/wp-content\/uploads\/2025\/10\/1-1.jpg\" \/>\n\t<meta property=\"og:image:width\" content=\"1000\" \/>\n\t<meta property=\"og:image:height\" content=\"1000\" \/>\n\t<meta property=\"og:image:type\" content=\"image\/jpeg\" \/>\n<meta name=\"twitter:card\" content=\"summary_large_image\" \/>\n<meta name=\"twitter:label1\" content=\"Price\" \/>\n\t<meta name=\"twitter:data1\" content=\"&euro;23.90\" \/>\n\t<meta name=\"twitter:label2\" content=\"Availability\" \/>\n\t<meta name=\"twitter:data2\" content=\"Out of stock\" \/>\n<script type=\"application\/ld+json\" class=\"yoast-schema-graph\">{\"@context\":\"https:\\\/\\\/schema.org\",\"@graph\":[{\"@type\":\"WebPage\",\"@id\":\"https:\\\/\\\/www.facecorner.lv\\\/shop\\\/intensivs-liftinga-krems-adas-elastibas-un-atjaunosanas-nodrosinasanai-medicube-deep-lifting-age-repair-cream-30ml\\\/\",\"url\":\"https:\\\/\\\/www.facecorner.lv\\\/shop\\\/intensivs-liftinga-krems-adas-elastibas-un-atjaunosanas-nodrosinasanai-medicube-deep-lifting-age-repair-cream-30ml\\\/\",\"name\":\"Intens\u012bvs liftinga kr\u0113ms \u0101das elast\u012bbas un atjauno\u0161anas nodro\u0161in\u0101\u0161anai Medicube Deep Lifting Age Repair Cream 30ml - FACECORNER\",\"isPartOf\":{\"@id\":\"https:\\\/\\\/www.facecorner.lv\\\/#website\"},\"primaryImageOfPage\":{\"@id\":\"https:\\\/\\\/www.facecorner.lv\\\/shop\\\/intensivs-liftinga-krems-adas-elastibas-un-atjaunosanas-nodrosinasanai-medicube-deep-lifting-age-repair-cream-30ml\\\/#primaryimage\"},\"image\":{\"@id\":\"https:\\\/\\\/www.facecorner.lv\\\/shop\\\/intensivs-liftinga-krems-adas-elastibas-un-atjaunosanas-nodrosinasanai-medicube-deep-lifting-age-repair-cream-30ml\\\/#primaryimage\"},\"thumbnailUrl\":\"https:\\\/\\\/www.facecorner.lv\\\/wp-content\\\/uploads\\\/2025\\\/10\\\/1-1.jpg\",\"datePublished\":\"2025-10-23T12:02:59+00:00\",\"dateModified\":\"2026-01-29T23:36:02+00:00\",\"description\":\"Augst\u0101k\u0101s kvalit\u0101tes pretnoveco\u0161an\u0101s kr\u0113ms Medicube Deep Lifting Age Repair Cream , kas paredz\u0113ts dzi\u013cai atjauno\u0161anai, elast\u012bbas uzlabo\u0161anai un grumbu samazin\u0101\u0161anai.\",\"breadcrumb\":{\"@id\":\"https:\\\/\\\/www.facecorner.lv\\\/shop\\\/intensivs-liftinga-krems-adas-elastibas-un-atjaunosanas-nodrosinasanai-medicube-deep-lifting-age-repair-cream-30ml\\\/#breadcrumb\"},\"inLanguage\":\"lv-LV\",\"potentialAction\":[{\"@type\":\"ReadAction\",\"target\":[\"https:\\\/\\\/www.facecorner.lv\\\/shop\\\/intensivs-liftinga-krems-adas-elastibas-un-atjaunosanas-nodrosinasanai-medicube-deep-lifting-age-repair-cream-30ml\\\/\"]}]},{\"@type\":\"ImageObject\",\"inLanguage\":\"lv-LV\",\"@id\":\"https:\\\/\\\/www.facecorner.lv\\\/shop\\\/intensivs-liftinga-krems-adas-elastibas-un-atjaunosanas-nodrosinasanai-medicube-deep-lifting-age-repair-cream-30ml\\\/#primaryimage\",\"url\":\"https:\\\/\\\/www.facecorner.lv\\\/wp-content\\\/uploads\\\/2025\\\/10\\\/1-1.jpg\",\"contentUrl\":\"https:\\\/\\\/www.facecorner.lv\\\/wp-content\\\/uploads\\\/2025\\\/10\\\/1-1.jpg\",\"width\":1000,\"height\":1000,\"caption\":\"Medicube Deep Lifting Age Repair Cream\"},{\"@type\":\"BreadcrumbList\",\"@id\":\"https:\\\/\\\/www.facecorner.lv\\\/shop\\\/intensivs-liftinga-krems-adas-elastibas-un-atjaunosanas-nodrosinasanai-medicube-deep-lifting-age-repair-cream-30ml\\\/#breadcrumb\",\"itemListElement\":[{\"@type\":\"ListItem\",\"position\":1,\"name\":\"Home\",\"item\":\"https:\\\/\\\/www.facecorner.lv\\\/\"},{\"@type\":\"ListItem\",\"position\":2,\"name\":\"Veikals\",\"item\":\"https:\\\/\\\/www.facecorner.lv\\\/shop\\\/\"},{\"@type\":\"ListItem\",\"position\":3,\"name\":\"Intens\u012bvs liftinga kr\u0113ms \u0101das elast\u012bbas un atjauno\u0161anas nodro\u0161in\u0101\u0161anai Medicube Deep Lifting Age Repair Cream 30ml\"}]},{\"@type\":\"WebSite\",\"@id\":\"https:\\\/\\\/www.facecorner.lv\\\/#website\",\"url\":\"https:\\\/\\\/www.facecorner.lv\\\/\",\"name\":\"Facecorner\",\"description\":\"\",\"publisher\":{\"@id\":\"https:\\\/\\\/www.facecorner.lv\\\/#organization\"},\"potentialAction\":[{\"@type\":\"SearchAction\",\"target\":{\"@type\":\"EntryPoint\",\"urlTemplate\":\"https:\\\/\\\/www.facecorner.lv\\\/?s={search_term_string}\"},\"query-input\":{\"@type\":\"PropertyValueSpecification\",\"valueRequired\":true,\"valueName\":\"search_term_string\"}}],\"inLanguage\":\"lv-LV\"},{\"@type\":\"Organization\",\"@id\":\"https:\\\/\\\/www.facecorner.lv\\\/#organization\",\"name\":\"Facecorner\",\"url\":\"https:\\\/\\\/www.facecorner.lv\\\/\",\"logo\":{\"@type\":\"ImageObject\",\"inLanguage\":\"lv-LV\",\"@id\":\"https:\\\/\\\/www.facecorner.lv\\\/#\\\/schema\\\/logo\\\/image\\\/\",\"url\":\"https:\\\/\\\/www.facecorner.lv\\\/wp-content\\\/uploads\\\/2024\\\/04\\\/fc-logo.jpg\",\"contentUrl\":\"https:\\\/\\\/www.facecorner.lv\\\/wp-content\\\/uploads\\\/2024\\\/04\\\/fc-logo.jpg\",\"width\":174,\"height\":28,\"caption\":\"Facecorner\"},\"image\":{\"@id\":\"https:\\\/\\\/www.facecorner.lv\\\/#\\\/schema\\\/logo\\\/image\\\/\"},\"sameAs\":[\"https:\\\/\\\/www.facebook.com\\\/profile.php?id=100063824551839\",\"https:\\\/\\\/www.instagram.com\\\/facecorner_shop\\\/\"]}]}<\/script>\n<meta property=\"product:price:amount\" content=\"23.90\" \/>\n<meta property=\"product:price:currency\" content=\"EUR\" \/>\n<meta property=\"og:availability\" content=\"out of stock\" \/>\n<meta property=\"product:availability\" content=\"out of stock\" \/>\n<meta property=\"product:condition\" content=\"new\" \/>\n<!-- \/ Yoast SEO plugin. -->","yoast_head_json":{"title":"Intens\u012bvs liftinga kr\u0113ms \u0101das elast\u012bbas un atjauno\u0161anas nodro\u0161in\u0101\u0161anai Medicube Deep Lifting Age Repair Cream 30ml - FACECORNER","description":"Augst\u0101k\u0101s kvalit\u0101tes pretnoveco\u0161an\u0101s kr\u0113ms Medicube Deep Lifting Age Repair Cream , kas paredz\u0113ts dzi\u013cai atjauno\u0161anai, elast\u012bbas uzlabo\u0161anai un grumbu samazin\u0101\u0161anai.","robots":{"index":"index","follow":"follow","max-snippet":"max-snippet:-1","max-image-preview":"max-image-preview:large","max-video-preview":"max-video-preview:-1"},"canonical":"https:\/\/www.facecorner.lv\/lv\/shop\/intensivs-liftinga-krems-adas-elastibas-un-atjaunosanas-nodrosinasanai-medicube-deep-lifting-age-repair-cream-30ml\/","og_locale":"lv_LV","og_type":"article","og_title":"Intens\u012bvs liftinga kr\u0113ms \u0101das elast\u012bbas un atjauno\u0161anas nodro\u0161in\u0101\u0161anai Medicube Deep Lifting Age Repair Cream 30ml - FACECORNER","og_description":"Augst\u0101k\u0101s kvalit\u0101tes pretnoveco\u0161an\u0101s kr\u0113ms Medicube Deep Lifting Age Repair Cream , kas paredz\u0113ts dzi\u013cai atjauno\u0161anai, elast\u012bbas uzlabo\u0161anai un grumbu samazin\u0101\u0161anai.","og_url":"https:\/\/www.facecorner.lv\/lv\/shop\/intensivs-liftinga-krems-adas-elastibas-un-atjaunosanas-nodrosinasanai-medicube-deep-lifting-age-repair-cream-30ml\/","og_site_name":"FACECORNER","article_publisher":"https:\/\/www.facebook.com\/profile.php?id=100063824551839","article_modified_time":"2026-01-29T23:36:02+00:00","og_image":[{"width":1000,"height":1000,"url":"https:\/\/www.facecorner.lv\/wp-content\/uploads\/2025\/10\/1-1.jpg","type":"image\/jpeg"}],"twitter_card":"summary_large_image","twitter_misc":{"Price":"&euro;23.90","Availability":"Out of stock"},"schema":{"@context":"https:\/\/schema.org","@graph":[{"@type":"WebPage","@id":"https:\/\/www.facecorner.lv\/shop\/intensivs-liftinga-krems-adas-elastibas-un-atjaunosanas-nodrosinasanai-medicube-deep-lifting-age-repair-cream-30ml\/","url":"https:\/\/www.facecorner.lv\/shop\/intensivs-liftinga-krems-adas-elastibas-un-atjaunosanas-nodrosinasanai-medicube-deep-lifting-age-repair-cream-30ml\/","name":"Intens\u012bvs liftinga kr\u0113ms \u0101das elast\u012bbas un atjauno\u0161anas nodro\u0161in\u0101\u0161anai Medicube Deep Lifting Age Repair Cream 30ml - FACECORNER","isPartOf":{"@id":"https:\/\/www.facecorner.lv\/#website"},"primaryImageOfPage":{"@id":"https:\/\/www.facecorner.lv\/shop\/intensivs-liftinga-krems-adas-elastibas-un-atjaunosanas-nodrosinasanai-medicube-deep-lifting-age-repair-cream-30ml\/#primaryimage"},"image":{"@id":"https:\/\/www.facecorner.lv\/shop\/intensivs-liftinga-krems-adas-elastibas-un-atjaunosanas-nodrosinasanai-medicube-deep-lifting-age-repair-cream-30ml\/#primaryimage"},"thumbnailUrl":"https:\/\/www.facecorner.lv\/wp-content\/uploads\/2025\/10\/1-1.jpg","datePublished":"2025-10-23T12:02:59+00:00","dateModified":"2026-01-29T23:36:02+00:00","description":"Augst\u0101k\u0101s kvalit\u0101tes pretnoveco\u0161an\u0101s kr\u0113ms Medicube Deep Lifting Age Repair Cream , kas paredz\u0113ts dzi\u013cai atjauno\u0161anai, elast\u012bbas uzlabo\u0161anai un grumbu samazin\u0101\u0161anai.","breadcrumb":{"@id":"https:\/\/www.facecorner.lv\/shop\/intensivs-liftinga-krems-adas-elastibas-un-atjaunosanas-nodrosinasanai-medicube-deep-lifting-age-repair-cream-30ml\/#breadcrumb"},"inLanguage":"lv-LV","potentialAction":[{"@type":"ReadAction","target":["https:\/\/www.facecorner.lv\/shop\/intensivs-liftinga-krems-adas-elastibas-un-atjaunosanas-nodrosinasanai-medicube-deep-lifting-age-repair-cream-30ml\/"]}]},{"@type":"ImageObject","inLanguage":"lv-LV","@id":"https:\/\/www.facecorner.lv\/shop\/intensivs-liftinga-krems-adas-elastibas-un-atjaunosanas-nodrosinasanai-medicube-deep-lifting-age-repair-cream-30ml\/#primaryimage","url":"https:\/\/www.facecorner.lv\/wp-content\/uploads\/2025\/10\/1-1.jpg","contentUrl":"https:\/\/www.facecorner.lv\/wp-content\/uploads\/2025\/10\/1-1.jpg","width":1000,"height":1000,"caption":"Medicube Deep Lifting Age Repair Cream"},{"@type":"BreadcrumbList","@id":"https:\/\/www.facecorner.lv\/shop\/intensivs-liftinga-krems-adas-elastibas-un-atjaunosanas-nodrosinasanai-medicube-deep-lifting-age-repair-cream-30ml\/#breadcrumb","itemListElement":[{"@type":"ListItem","position":1,"name":"Home","item":"https:\/\/www.facecorner.lv\/"},{"@type":"ListItem","position":2,"name":"Veikals","item":"https:\/\/www.facecorner.lv\/shop\/"},{"@type":"ListItem","position":3,"name":"Intens\u012bvs liftinga kr\u0113ms \u0101das elast\u012bbas un atjauno\u0161anas nodro\u0161in\u0101\u0161anai Medicube Deep Lifting Age Repair Cream 30ml"}]},{"@type":"WebSite","@id":"https:\/\/www.facecorner.lv\/#website","url":"https:\/\/www.facecorner.lv\/","name":"Facecorner","description":"","publisher":{"@id":"https:\/\/www.facecorner.lv\/#organization"},"potentialAction":[{"@type":"SearchAction","target":{"@type":"EntryPoint","urlTemplate":"https:\/\/www.facecorner.lv\/?s={search_term_string}"},"query-input":{"@type":"PropertyValueSpecification","valueRequired":true,"valueName":"search_term_string"}}],"inLanguage":"lv-LV"},{"@type":"Organization","@id":"https:\/\/www.facecorner.lv\/#organization","name":"Facecorner","url":"https:\/\/www.facecorner.lv\/","logo":{"@type":"ImageObject","inLanguage":"lv-LV","@id":"https:\/\/www.facecorner.lv\/#\/schema\/logo\/image\/","url":"https:\/\/www.facecorner.lv\/wp-content\/uploads\/2024\/04\/fc-logo.jpg","contentUrl":"https:\/\/www.facecorner.lv\/wp-content\/uploads\/2024\/04\/fc-logo.jpg","width":174,"height":28,"caption":"Facecorner"},"image":{"@id":"https:\/\/www.facecorner.lv\/#\/schema\/logo\/image\/"},"sameAs":["https:\/\/www.facebook.com\/profile.php?id=100063824551839","https:\/\/www.instagram.com\/facecorner_shop\/"]}]},"product_price_amount":"23.90","product_price_currency":"EUR","og_availability":"out of stock","product_availability":"out of stock","product_condition":"new"},"_links":{"self":[{"href":"https:\/\/www.facecorner.lv\/lv\/wp-json\/wp\/v2\/product\/25707","targetHints":{"allow":["GET"]}}],"collection":[{"href":"https:\/\/www.facecorner.lv\/lv\/wp-json\/wp\/v2\/product"}],"about":[{"href":"https:\/\/www.facecorner.lv\/lv\/wp-json\/wp\/v2\/types\/product"}],"replies":[{"embeddable":true,"href":"https:\/\/www.facecorner.lv\/lv\/wp-json\/wp\/v2\/comments?post=25707"}],"wp:featuredmedia":[{"embeddable":true,"href":"https:\/\/www.facecorner.lv\/lv\/wp-json\/wp\/v2\/media\/25708"}],"wp:attachment":[{"href":"https:\/\/www.facecorner.lv\/lv\/wp-json\/wp\/v2\/media?parent=25707"}],"wp:term":[{"taxonomy":"product_brand","embeddable":true,"href":"https:\/\/www.facecorner.lv\/lv\/wp-json\/wp\/v2\/product_brand?post=25707"},{"taxonomy":"product_cat","embeddable":true,"href":"https:\/\/www.facecorner.lv\/lv\/wp-json\/wp\/v2\/product_cat?post=25707"},{"taxonomy":"product_tag","embeddable":true,"href":"https:\/\/www.facecorner.lv\/lv\/wp-json\/wp\/v2\/product_tag?post=25707"},{"taxonomy":"berocket_brand","embeddable":true,"href":"https:\/\/www.facecorner.lv\/lv\/wp-json\/wp\/v2\/berocket_brand?post=25707"}],"curies":[{"name":"wp","href":"https:\/\/api.w.org\/{rel}","templated":true}]}}