{"id":25700,"date":"2025-10-23T14:29:27","date_gmt":"2025-10-23T11:29:27","guid":{"rendered":"https:\/\/www.facecorner.lv\/?post_type=product&#038;p=25700"},"modified":"2026-01-13T14:28:14","modified_gmt":"2026-01-13T11:28:14","slug":"pretiekaisuma-toner-diski-ar-centellu-medicube-exosome-pads-calming-100pcs","status":"publish","type":"product","link":"https:\/\/www.facecorner.lv\/lv\/shop\/pretiekaisuma-toner-diski-ar-centellu-medicube-exosome-pads-calming-100pcs\/","title":{"rendered":"Pretiekaisuma toner diski ar centellu Medicube Exosome Pads Calming 100pcs"},"content":{"rendered":"<p>Pretiekaisuma toner diski ar centellu Medicube Exosome Pads Calming\u00a0 kas pies\u0101tin\u0101tas ar esenci ar eksosom\u0101m un CICA kompleksu, nodro\u0161ina intens\u012bvu nomierino\u0161u un atjaunojo\u0161u iedarb\u012bbu.<\/p>\n<p>T\u0101s samazina \u0101das jut\u012bgumu, mazin\u0101 sarkanu un stiprina aizsargbarjeru.<\/p>\n<p>Ide\u0101li piem\u0113roti ikdienas kop\u0161anai vai k\u0101 \u0101trdarb\u012bga maska p\u0113c proced\u016br\u0101m un saules iedarb\u012bbas.<\/p>\n<p><strong>Galven\u0101s sast\u0101vda\u013cas:<\/strong><\/p>\n<ul>\n<li>Eksosomas \u2014 veicina \u0161\u016bnu atjauno\u0161anos un uzlabo \u0101das elast\u012bbu.<\/li>\n<li>CICA komplekss (Centella Asiatica) \u2014 nomierina, mazina iekaisumu un pa\u0101trina sadz\u012b\u0161anu.<\/li>\n<li>Pantenols un alanto\u012bns \u2014 dzi\u013ci mitrina un padara \u0101du maigu un gludu.<\/li>\n<li>Za\u013c\u0101 t\u0113ja un kam\u0113lija \u2014 nodro\u0161ina antioksidantu aizsardz\u012bbu un svaigumu.<\/li>\n<\/ul>\n<p><strong>Priek\u0161roc\u012bbas:<\/strong><\/p>\n<ul>\n<li>\u00a0Uzreiz nomierina iekaisu\u0161u \u0101du<\/li>\n<li>\u00a0Piem\u0113roti jut\u012bgai un problem\u0101tiskai \u0101dai<\/li>\n<li>\u00a0Nesatur spirtu, parab\u0113nus un m\u0101ksl\u012bgos aromatiz\u0113t\u0101jus<\/li>\n<li>\u00a0\u0112rti lietot m\u0101j\u0101s un ce\u013cojumos<\/li>\n<\/ul>\n<p><strong>Lieto\u0161ana: <\/strong>P\u0113c att\u012br\u012b\u0161anas nosusiniet \u0101du ar vienu puses p\u0101rsegu, lai maigi eksfoli\u0113tu, p\u0113c tam apgrieziet un p\u0101rbrauciet p\u0101ri sejai ar otru pusi, lai mitrin\u0101tu un nomierin\u0101tu. Var lietot k\u0101 lok\u0101lu masku jut\u012bg\u0101m zon\u0101m.<\/p>\n<p><strong>Sast\u0101vs:<\/strong> Water, Centella Asiatica Extract, Glycerin, Butylene Glycol, 1,2-Hexanediol, Exosome, Panthenol, Madecassoside, Asiaticoside, Allantoin, Camellia Sinensis Leaf Extract, Dipotassium Glycyrrhizate, Betaine, Sodium Hyaluronate, Carbomer, Arginine, Ethylhexylglycerin, Disodium EDTA.<\/p>\n","protected":false},"excerpt":{"rendered":"<p>Pretiekaisuma toner diski ar centellu Medicube Exosome Pads Calming\u00a0 kas pies\u0101tin\u0101tas ar esenci ar eksosom\u0101m un CICA kompleksu, nodro\u0161ina intens\u012bvu nomierino\u0161u un atjaunojo\u0161u iedarb\u012bbu.<\/p>\n","protected":false},"featured_media":25701,"comment_status":"open","ping_status":"closed","template":"","meta":{"site-sidebar-layout":"default","site-content-layout":"","ast-site-content-layout":"default","site-content-style":"default","site-sidebar-style":"default","ast-global-header-display":"","ast-banner-title-visibility":"","ast-main-header-display":"","ast-hfb-above-header-display":"","ast-hfb-below-header-display":"","ast-hfb-mobile-header-display":"","site-post-title":"","ast-breadcrumbs-content":"","ast-featured-img":"","footer-sml-layout":"","theme-transparent-header-meta":"default","adv-header-id-meta":"","stick-header-meta":"","header-above-stick-meta":"","header-main-stick-meta":"","header-below-stick-meta":"","astra-migrate-meta-layouts":"set","ast-page-background-enabled":"default","ast-page-background-meta":{"desktop":{"background-color":"var(--ast-global-color-4)","background-image":"","background-repeat":"repeat","background-position":"center center","background-size":"auto","background-attachment":"scroll","background-type":"","background-media":"","overlay-type":"","overlay-color":"","overlay-opacity":"","overlay-gradient":""},"tablet":{"background-color":"","background-image":"","background-repeat":"repeat","background-position":"center center","background-size":"auto","background-attachment":"scroll","background-type":"","background-media":"","overlay-type":"","overlay-color":"","overlay-opacity":"","overlay-gradient":""},"mobile":{"background-color":"","background-image":"","background-repeat":"repeat","background-position":"center center","background-size":"auto","background-attachment":"scroll","background-type":"","background-media":"","overlay-type":"","overlay-color":"","overlay-opacity":"","overlay-gradient":""}},"ast-content-background-meta":{"desktop":{"background-color":"var(--ast-global-color-5)","background-image":"","background-repeat":"repeat","background-position":"center center","background-size":"auto","background-attachment":"scroll","background-type":"","background-media":"","overlay-type":"","overlay-color":"","overlay-opacity":"","overlay-gradient":""},"tablet":{"background-color":"var(--ast-global-color-5)","background-image":"","background-repeat":"repeat","background-position":"center center","background-size":"auto","background-attachment":"scroll","background-type":"","background-media":"","overlay-type":"","overlay-color":"","overlay-opacity":"","overlay-gradient":""},"mobile":{"background-color":"var(--ast-global-color-5)","background-image":"","background-repeat":"repeat","background-position":"center center","background-size":"auto","background-attachment":"scroll","background-type":"","background-media":"","overlay-type":"","overlay-color":"","overlay-opacity":"","overlay-gradient":""}}},"product_brand":[],"product_cat":[375,670,328,377,378,364],"product_tag":[],"berocket_brand":[579],"class_list":{"0":"post-25700","1":"product","2":"type-product","3":"status-publish","4":"has-post-thumbnail","6":"product_cat-jutigai-adai-toneri","7":"product_cat-pilinga-diski","8":"product_cat-pilingi-un-skrubji","9":"product_cat-problematiskai-adai-toneri","10":"product_cat-sausai-adai-toneri","11":"product_cat-toneri","12":"berocket_brand-medicube","13":"desktop-align-left","14":"tablet-align-left","15":"mobile-align-left","17":"first","18":"outofstock","19":"sale","20":"taxable","21":"shipping-taxable","22":"purchasable","23":"product-type-simple","24":"add-to-wishlist-before_image"},"yoast_head":"<!-- This site is optimized with the Yoast SEO plugin v27.4 - https:\/\/yoast.com\/product\/yoast-seo-wordpress\/ -->\n<title>Pretiekaisuma toner diski ar centellu Medicube Exosome Pads Calming 100pcs - FACECORNER<\/title>\n<meta name=\"description\" content=\"Pretiekaisuma toner diski ar centellu Medicube Exosome Pads Calming\u00a0 kas pies\u0101tin\u0101tas ar esenci ar eksosom\u0101m un CICA kompleksu, nodro\u0161ina intens\u012bvu nomierino\u0161u un atjaunojo\u0161u iedarb\u012bbu.\" \/>\n<meta name=\"robots\" content=\"index, follow, max-snippet:-1, max-image-preview:large, max-video-preview:-1\" \/>\n<link rel=\"canonical\" href=\"https:\/\/www.facecorner.lv\/lv\/shop\/pretiekaisuma-toner-diski-ar-centellu-medicube-exosome-pads-calming-100pcs\/\" \/>\n<meta property=\"og:locale\" content=\"lv_LV\" \/>\n<meta property=\"og:type\" content=\"article\" \/>\n<meta property=\"og:title\" content=\"Pretiekaisuma toner diski ar centellu Medicube Exosome Pads Calming 100pcs - FACECORNER\" \/>\n<meta property=\"og:description\" content=\"Pretiekaisuma toner diski ar centellu Medicube Exosome Pads Calming\u00a0 kas pies\u0101tin\u0101tas ar esenci ar eksosom\u0101m un CICA kompleksu, nodro\u0161ina intens\u012bvu nomierino\u0161u un atjaunojo\u0161u iedarb\u012bbu.\" \/>\n<meta property=\"og:url\" content=\"https:\/\/www.facecorner.lv\/lv\/shop\/pretiekaisuma-toner-diski-ar-centellu-medicube-exosome-pads-calming-100pcs\/\" \/>\n<meta property=\"og:site_name\" content=\"FACECORNER\" \/>\n<meta property=\"article:publisher\" content=\"https:\/\/www.facebook.com\/profile.php?id=100063824551839\" \/>\n<meta property=\"article:modified_time\" content=\"2026-01-13T11:28:14+00:00\" \/>\n<meta property=\"og:image\" content=\"https:\/\/www.facecorner.lv\/wp-content\/uploads\/2025\/10\/exosome-cica-calming-pad_1-1000x1000-1.webp\" \/>\n\t<meta property=\"og:image:width\" content=\"1000\" \/>\n\t<meta property=\"og:image:height\" content=\"1000\" \/>\n\t<meta property=\"og:image:type\" content=\"image\/webp\" \/>\n<meta name=\"twitter:card\" content=\"summary_large_image\" \/>\n<meta name=\"twitter:label1\" content=\"Price\" \/>\n\t<meta name=\"twitter:data1\" content=\"&euro;23.90\" \/>\n\t<meta name=\"twitter:label2\" content=\"Availability\" \/>\n\t<meta name=\"twitter:data2\" content=\"Out of stock\" \/>\n<script type=\"application\/ld+json\" class=\"yoast-schema-graph\">{\"@context\":\"https:\\\/\\\/schema.org\",\"@graph\":[{\"@type\":\"WebPage\",\"@id\":\"https:\\\/\\\/www.facecorner.lv\\\/shop\\\/pretiekaisuma-toner-diski-ar-centellu-medicube-exosome-pads-calming-100pcs\\\/\",\"url\":\"https:\\\/\\\/www.facecorner.lv\\\/shop\\\/pretiekaisuma-toner-diski-ar-centellu-medicube-exosome-pads-calming-100pcs\\\/\",\"name\":\"Pretiekaisuma toner diski ar centellu Medicube Exosome Pads Calming 100pcs - FACECORNER\",\"isPartOf\":{\"@id\":\"https:\\\/\\\/www.facecorner.lv\\\/#website\"},\"primaryImageOfPage\":{\"@id\":\"https:\\\/\\\/www.facecorner.lv\\\/shop\\\/pretiekaisuma-toner-diski-ar-centellu-medicube-exosome-pads-calming-100pcs\\\/#primaryimage\"},\"image\":{\"@id\":\"https:\\\/\\\/www.facecorner.lv\\\/shop\\\/pretiekaisuma-toner-diski-ar-centellu-medicube-exosome-pads-calming-100pcs\\\/#primaryimage\"},\"thumbnailUrl\":\"https:\\\/\\\/www.facecorner.lv\\\/wp-content\\\/uploads\\\/2025\\\/10\\\/exosome-cica-calming-pad_1-1000x1000-1.webp\",\"datePublished\":\"2025-10-23T11:29:27+00:00\",\"dateModified\":\"2026-01-13T11:28:14+00:00\",\"description\":\"Pretiekaisuma toner diski ar centellu Medicube Exosome Pads Calming\u00a0 kas pies\u0101tin\u0101tas ar esenci ar eksosom\u0101m un CICA kompleksu, nodro\u0161ina intens\u012bvu nomierino\u0161u un atjaunojo\u0161u iedarb\u012bbu.\",\"breadcrumb\":{\"@id\":\"https:\\\/\\\/www.facecorner.lv\\\/shop\\\/pretiekaisuma-toner-diski-ar-centellu-medicube-exosome-pads-calming-100pcs\\\/#breadcrumb\"},\"inLanguage\":\"lv-LV\",\"potentialAction\":[{\"@type\":\"ReadAction\",\"target\":[\"https:\\\/\\\/www.facecorner.lv\\\/shop\\\/pretiekaisuma-toner-diski-ar-centellu-medicube-exosome-pads-calming-100pcs\\\/\"]}]},{\"@type\":\"ImageObject\",\"inLanguage\":\"lv-LV\",\"@id\":\"https:\\\/\\\/www.facecorner.lv\\\/shop\\\/pretiekaisuma-toner-diski-ar-centellu-medicube-exosome-pads-calming-100pcs\\\/#primaryimage\",\"url\":\"https:\\\/\\\/www.facecorner.lv\\\/wp-content\\\/uploads\\\/2025\\\/10\\\/exosome-cica-calming-pad_1-1000x1000-1.webp\",\"contentUrl\":\"https:\\\/\\\/www.facecorner.lv\\\/wp-content\\\/uploads\\\/2025\\\/10\\\/exosome-cica-calming-pad_1-1000x1000-1.webp\",\"width\":1000,\"height\":1000,\"caption\":\"Medicube Exosome Pads Calming\"},{\"@type\":\"BreadcrumbList\",\"@id\":\"https:\\\/\\\/www.facecorner.lv\\\/shop\\\/pretiekaisuma-toner-diski-ar-centellu-medicube-exosome-pads-calming-100pcs\\\/#breadcrumb\",\"itemListElement\":[{\"@type\":\"ListItem\",\"position\":1,\"name\":\"Home\",\"item\":\"https:\\\/\\\/www.facecorner.lv\\\/\"},{\"@type\":\"ListItem\",\"position\":2,\"name\":\"Veikals\",\"item\":\"https:\\\/\\\/www.facecorner.lv\\\/shop\\\/\"},{\"@type\":\"ListItem\",\"position\":3,\"name\":\"Pretiekaisuma toner diski ar centellu Medicube Exosome Pads Calming 100pcs\"}]},{\"@type\":\"WebSite\",\"@id\":\"https:\\\/\\\/www.facecorner.lv\\\/#website\",\"url\":\"https:\\\/\\\/www.facecorner.lv\\\/\",\"name\":\"Facecorner\",\"description\":\"\",\"publisher\":{\"@id\":\"https:\\\/\\\/www.facecorner.lv\\\/#organization\"},\"potentialAction\":[{\"@type\":\"SearchAction\",\"target\":{\"@type\":\"EntryPoint\",\"urlTemplate\":\"https:\\\/\\\/www.facecorner.lv\\\/?s={search_term_string}\"},\"query-input\":{\"@type\":\"PropertyValueSpecification\",\"valueRequired\":true,\"valueName\":\"search_term_string\"}}],\"inLanguage\":\"lv-LV\"},{\"@type\":\"Organization\",\"@id\":\"https:\\\/\\\/www.facecorner.lv\\\/#organization\",\"name\":\"Facecorner\",\"url\":\"https:\\\/\\\/www.facecorner.lv\\\/\",\"logo\":{\"@type\":\"ImageObject\",\"inLanguage\":\"lv-LV\",\"@id\":\"https:\\\/\\\/www.facecorner.lv\\\/#\\\/schema\\\/logo\\\/image\\\/\",\"url\":\"https:\\\/\\\/www.facecorner.lv\\\/wp-content\\\/uploads\\\/2024\\\/04\\\/fc-logo.jpg\",\"contentUrl\":\"https:\\\/\\\/www.facecorner.lv\\\/wp-content\\\/uploads\\\/2024\\\/04\\\/fc-logo.jpg\",\"width\":174,\"height\":28,\"caption\":\"Facecorner\"},\"image\":{\"@id\":\"https:\\\/\\\/www.facecorner.lv\\\/#\\\/schema\\\/logo\\\/image\\\/\"},\"sameAs\":[\"https:\\\/\\\/www.facebook.com\\\/profile.php?id=100063824551839\",\"https:\\\/\\\/www.instagram.com\\\/facecorner_shop\\\/\"]}]}<\/script>\n<meta property=\"product:price:amount\" content=\"23.90\" \/>\n<meta property=\"product:price:currency\" content=\"EUR\" \/>\n<meta property=\"og:availability\" content=\"out of stock\" \/>\n<meta property=\"product:availability\" content=\"out of stock\" \/>\n<meta property=\"product:condition\" content=\"new\" \/>\n<!-- \/ Yoast SEO plugin. -->","yoast_head_json":{"title":"Pretiekaisuma toner diski ar centellu Medicube Exosome Pads Calming 100pcs - FACECORNER","description":"Pretiekaisuma toner diski ar centellu Medicube Exosome Pads Calming\u00a0 kas pies\u0101tin\u0101tas ar esenci ar eksosom\u0101m un CICA kompleksu, nodro\u0161ina intens\u012bvu nomierino\u0161u un atjaunojo\u0161u iedarb\u012bbu.","robots":{"index":"index","follow":"follow","max-snippet":"max-snippet:-1","max-image-preview":"max-image-preview:large","max-video-preview":"max-video-preview:-1"},"canonical":"https:\/\/www.facecorner.lv\/lv\/shop\/pretiekaisuma-toner-diski-ar-centellu-medicube-exosome-pads-calming-100pcs\/","og_locale":"lv_LV","og_type":"article","og_title":"Pretiekaisuma toner diski ar centellu Medicube Exosome Pads Calming 100pcs - FACECORNER","og_description":"Pretiekaisuma toner diski ar centellu Medicube Exosome Pads Calming\u00a0 kas pies\u0101tin\u0101tas ar esenci ar eksosom\u0101m un CICA kompleksu, nodro\u0161ina intens\u012bvu nomierino\u0161u un atjaunojo\u0161u iedarb\u012bbu.","og_url":"https:\/\/www.facecorner.lv\/lv\/shop\/pretiekaisuma-toner-diski-ar-centellu-medicube-exosome-pads-calming-100pcs\/","og_site_name":"FACECORNER","article_publisher":"https:\/\/www.facebook.com\/profile.php?id=100063824551839","article_modified_time":"2026-01-13T11:28:14+00:00","og_image":[{"width":1000,"height":1000,"url":"https:\/\/www.facecorner.lv\/wp-content\/uploads\/2025\/10\/exosome-cica-calming-pad_1-1000x1000-1.webp","type":"image\/webp"}],"twitter_card":"summary_large_image","twitter_misc":{"Price":"&euro;23.90","Availability":"Out of stock"},"schema":{"@context":"https:\/\/schema.org","@graph":[{"@type":"WebPage","@id":"https:\/\/www.facecorner.lv\/shop\/pretiekaisuma-toner-diski-ar-centellu-medicube-exosome-pads-calming-100pcs\/","url":"https:\/\/www.facecorner.lv\/shop\/pretiekaisuma-toner-diski-ar-centellu-medicube-exosome-pads-calming-100pcs\/","name":"Pretiekaisuma toner diski ar centellu Medicube Exosome Pads Calming 100pcs - FACECORNER","isPartOf":{"@id":"https:\/\/www.facecorner.lv\/#website"},"primaryImageOfPage":{"@id":"https:\/\/www.facecorner.lv\/shop\/pretiekaisuma-toner-diski-ar-centellu-medicube-exosome-pads-calming-100pcs\/#primaryimage"},"image":{"@id":"https:\/\/www.facecorner.lv\/shop\/pretiekaisuma-toner-diski-ar-centellu-medicube-exosome-pads-calming-100pcs\/#primaryimage"},"thumbnailUrl":"https:\/\/www.facecorner.lv\/wp-content\/uploads\/2025\/10\/exosome-cica-calming-pad_1-1000x1000-1.webp","datePublished":"2025-10-23T11:29:27+00:00","dateModified":"2026-01-13T11:28:14+00:00","description":"Pretiekaisuma toner diski ar centellu Medicube Exosome Pads Calming\u00a0 kas pies\u0101tin\u0101tas ar esenci ar eksosom\u0101m un CICA kompleksu, nodro\u0161ina intens\u012bvu nomierino\u0161u un atjaunojo\u0161u iedarb\u012bbu.","breadcrumb":{"@id":"https:\/\/www.facecorner.lv\/shop\/pretiekaisuma-toner-diski-ar-centellu-medicube-exosome-pads-calming-100pcs\/#breadcrumb"},"inLanguage":"lv-LV","potentialAction":[{"@type":"ReadAction","target":["https:\/\/www.facecorner.lv\/shop\/pretiekaisuma-toner-diski-ar-centellu-medicube-exosome-pads-calming-100pcs\/"]}]},{"@type":"ImageObject","inLanguage":"lv-LV","@id":"https:\/\/www.facecorner.lv\/shop\/pretiekaisuma-toner-diski-ar-centellu-medicube-exosome-pads-calming-100pcs\/#primaryimage","url":"https:\/\/www.facecorner.lv\/wp-content\/uploads\/2025\/10\/exosome-cica-calming-pad_1-1000x1000-1.webp","contentUrl":"https:\/\/www.facecorner.lv\/wp-content\/uploads\/2025\/10\/exosome-cica-calming-pad_1-1000x1000-1.webp","width":1000,"height":1000,"caption":"Medicube Exosome Pads Calming"},{"@type":"BreadcrumbList","@id":"https:\/\/www.facecorner.lv\/shop\/pretiekaisuma-toner-diski-ar-centellu-medicube-exosome-pads-calming-100pcs\/#breadcrumb","itemListElement":[{"@type":"ListItem","position":1,"name":"Home","item":"https:\/\/www.facecorner.lv\/"},{"@type":"ListItem","position":2,"name":"Veikals","item":"https:\/\/www.facecorner.lv\/shop\/"},{"@type":"ListItem","position":3,"name":"Pretiekaisuma toner diski ar centellu Medicube Exosome Pads Calming 100pcs"}]},{"@type":"WebSite","@id":"https:\/\/www.facecorner.lv\/#website","url":"https:\/\/www.facecorner.lv\/","name":"Facecorner","description":"","publisher":{"@id":"https:\/\/www.facecorner.lv\/#organization"},"potentialAction":[{"@type":"SearchAction","target":{"@type":"EntryPoint","urlTemplate":"https:\/\/www.facecorner.lv\/?s={search_term_string}"},"query-input":{"@type":"PropertyValueSpecification","valueRequired":true,"valueName":"search_term_string"}}],"inLanguage":"lv-LV"},{"@type":"Organization","@id":"https:\/\/www.facecorner.lv\/#organization","name":"Facecorner","url":"https:\/\/www.facecorner.lv\/","logo":{"@type":"ImageObject","inLanguage":"lv-LV","@id":"https:\/\/www.facecorner.lv\/#\/schema\/logo\/image\/","url":"https:\/\/www.facecorner.lv\/wp-content\/uploads\/2024\/04\/fc-logo.jpg","contentUrl":"https:\/\/www.facecorner.lv\/wp-content\/uploads\/2024\/04\/fc-logo.jpg","width":174,"height":28,"caption":"Facecorner"},"image":{"@id":"https:\/\/www.facecorner.lv\/#\/schema\/logo\/image\/"},"sameAs":["https:\/\/www.facebook.com\/profile.php?id=100063824551839","https:\/\/www.instagram.com\/facecorner_shop\/"]}]},"product_price_amount":"23.90","product_price_currency":"EUR","og_availability":"out of stock","product_availability":"out of stock","product_condition":"new"},"_links":{"self":[{"href":"https:\/\/www.facecorner.lv\/lv\/wp-json\/wp\/v2\/product\/25700","targetHints":{"allow":["GET"]}}],"collection":[{"href":"https:\/\/www.facecorner.lv\/lv\/wp-json\/wp\/v2\/product"}],"about":[{"href":"https:\/\/www.facecorner.lv\/lv\/wp-json\/wp\/v2\/types\/product"}],"replies":[{"embeddable":true,"href":"https:\/\/www.facecorner.lv\/lv\/wp-json\/wp\/v2\/comments?post=25700"}],"wp:featuredmedia":[{"embeddable":true,"href":"https:\/\/www.facecorner.lv\/lv\/wp-json\/wp\/v2\/media\/25701"}],"wp:attachment":[{"href":"https:\/\/www.facecorner.lv\/lv\/wp-json\/wp\/v2\/media?parent=25700"}],"wp:term":[{"taxonomy":"product_brand","embeddable":true,"href":"https:\/\/www.facecorner.lv\/lv\/wp-json\/wp\/v2\/product_brand?post=25700"},{"taxonomy":"product_cat","embeddable":true,"href":"https:\/\/www.facecorner.lv\/lv\/wp-json\/wp\/v2\/product_cat?post=25700"},{"taxonomy":"product_tag","embeddable":true,"href":"https:\/\/www.facecorner.lv\/lv\/wp-json\/wp\/v2\/product_tag?post=25700"},{"taxonomy":"berocket_brand","embeddable":true,"href":"https:\/\/www.facecorner.lv\/lv\/wp-json\/wp\/v2\/berocket_brand?post=25700"}],"curies":[{"name":"wp","href":"https:\/\/api.w.org\/{rel}","templated":true}]}}