{"id":25657,"date":"2025-10-20T14:20:38","date_gmt":"2025-10-20T11:20:38","guid":{"rendered":"https:\/\/www.facecorner.lv\/?post_type=product&#038;p=25657"},"modified":"2026-03-06T21:34:02","modified_gmt":"2026-03-06T18:34:02","slug":"antioksidantu-serums-pret-pigmentaciju-rovectin-vita-dark-spot-serum-30ml","status":"publish","type":"product","link":"https:\/\/www.facecorner.lv\/lv\/shop\/antioksidantu-serums-pret-pigmentaciju-rovectin-vita-dark-spot-serum-30ml\/","title":{"rendered":"Antioksidantu serums pret pigment\u0101ciju Rovectin Vita Dark Spot Serum 30ml"},"content":{"rendered":"<p>Antioksidantu serums pret pigment\u0101ciju Rovectin Vita Dark Spot Serum samazina oksid\u0101cijas procesus un pal\u0113nina \u0101das noveco\u0161anos. Aizsarg\u0101 kolag\u0113na un elast\u012bna \u0161\u0137iedras no boj\u0101jumiem, nostiprina \u0101das turgoru. Izl\u012bdzina \u0101das kop\u0113jo toni, uzlabo sejas kr\u0101su un toniz\u0113.<\/p>\n<ul>\n<li>Produkts pal\u012bdz izgaismot pigmentu plankumus un p\u0113capnikas, veicina stagn\u0113jo\u0161o plankumu izklied\u0113\u0161anu.<\/li>\n<li>Blo\u0137\u0113 melanoc\u012btu \u0161\u016bnu sint\u0113zi un aizsarg\u0101 pret hiperpigment\u0101cijas par\u0101d\u012b\u0161anos.<\/li>\n<li>Nov\u0113r\u0161 nelielus nepiln\u012bbas, uzlabo \u0101das tonusu un stimul\u0113 re\u0123ener\u0101cijas procesus.<\/li>\n<li>Atjauno sejas vesel\u012bgu izskatu un dabisko mirdzumu.<\/li>\n<\/ul>\n<p><strong>Galven\u0101s akt\u012bv\u0101s sast\u0101vda\u013cas:<\/strong><\/p>\n<ul>\n<li>70,2% smilts\u0113rk\u0161\u0137u \u016bdens efekt\u012bvi nomierina kairin\u0101jumu, mazina iekaisumu, pal\u012bdz c\u012bn\u012bties ar sausumu un lob\u012b\u0161anos. Nostiprina epidermas lip\u012bdu barjeru un aizsarg\u0101 no negat\u012bvas vides ietekmes.<\/li>\n<li>Niac\u012bnam\u012bds veicina kolag\u0113na sint\u0113zes stimul\u0101ciju un \u0101das aizsargfunkciju uzlabo\u0161anu, pal\u012bdz samazin\u0101t transderm\u0101lo mitruma zudumu un nov\u0113rst pigment\u0101ciju, mitrina, sa\u0161aurina poras, nomierina, izgaismo.<\/li>\n<li>Arbut\u012bns \u2014 antioksidants, kas samazina melan\u012bna pigmenta ra\u017eo\u0161anu, nomierina, darbojas antiseptiski, nov\u0113r\u0161 piet\u016bkumu un izl\u012bdzina bl\u0101vo \u0101das toni.<\/li>\n<li>3-O-etil askorb\u012bnsk\u0101be (1000 ppm) \u2014 askorb\u012bnsk\u0101bes atvasin\u0101jums, stabila C vitam\u012bna forma. Izgaismo pigmentu plankumus, stimul\u0113 kolag\u0113na sint\u0113zi un darbojas k\u0101 antioksidants, t\u0101d\u0113j\u0101di palielinot \u0101das elast\u012bbu un bl\u012bvumu, pagarinot \u0101das jaun\u012bbu.<\/li>\n<li>Kurkumas ekstrakts ir sp\u0113c\u012bgs antioksidants, labi re\u0123ener\u0113, att\u012bra un veicina izl\u012bdzin\u0101\u0161anu un atjauno\u0161anu, l\u012bdzsvaro tauku dziedzeru darb\u012bbu, baro un m\u012bkstina.<\/li>\n<\/ul>\n<p><strong>Lieto\u0161anas veids<\/strong>: uzkl\u0101jiet nepiecie\u0161amo seruma daudzumu uz toniz\u0113tas \u0101das. Lietojot dienas laik\u0101, nepiecie\u0161ams uzkl\u0101t saules aizsargkr\u0113mu.<\/p>\n<p><strong>Sast\u0101vs:<\/strong> Hippophae Rhamnoides Water(702,839.93ppm), Butylene Glycol, Niacinamide, Water, Propanediol, Glycerin, 1,2-Hexanediol, Dipropylene Glycol, Ethoxydiglycol, Methylpropanediol, Hippophae Rhamnoides Fruit Extract, 3-O-Ethyl Ascorbic Acid(1,000ppm), Arbutin, Melia Azadirachta Flower Extract, Ocimum Sanctum Leaf Extract, Melia Azadirachta Leaf Extract, Sodium Hyaluronate, Curcuma Longa (Turmeric) Root Extract, Corallina Officinalis Extract, Tocopherol, Ascorbic Acid, Biotin, Cyanocobalamin, Folic Acid, Pantothenic Acid, Pyridoxine, Thiamine HCl, Panthenol, Ferulic Acid, Adenosine, Camellia Sinensis Leaf Extract, Mentha Rotundifolia Leaf Extract, Thymus Vulgaris (Thyme) Leaf Extract, Sodium Polyacryloyldimethyl Taurate, Pentylene Glycol, Erythritol, 4-Butylresorcinol, Ethylhexylglycerin, Glyceryl Acrylate\/Acrylic Acid Copolymer, Citric Acid, Dipotassium Glycyrrhizate, Sodium Phytate, Beta-Glucan, Arginine, Dextrin, Lecithin, Tromethamine, Linolenic Acid, Borago Officinalis Seed Oil, Carbomer<\/p>\n","protected":false},"excerpt":{"rendered":"<p>Antioksidantu serums pret pigment\u0101ciju Rovectin Vita Dark Spot Serum samazina oksid\u0101cijas procesus un pal\u0113nina \u0101das noveco\u0161anos.<\/p>\n","protected":false},"featured_media":25658,"comment_status":"open","ping_status":"closed","template":"","meta":{"site-sidebar-layout":"default","site-content-layout":"","ast-site-content-layout":"default","site-content-style":"default","site-sidebar-style":"default","ast-global-header-display":"","ast-banner-title-visibility":"","ast-main-header-display":"","ast-hfb-above-header-display":"","ast-hfb-below-header-display":"","ast-hfb-mobile-header-display":"","site-post-title":"","ast-breadcrumbs-content":"","ast-featured-img":"","footer-sml-layout":"","theme-transparent-header-meta":"default","adv-header-id-meta":"","stick-header-meta":"","header-above-stick-meta":"","header-main-stick-meta":"","header-below-stick-meta":"","astra-migrate-meta-layouts":"set","ast-page-background-enabled":"default","ast-page-background-meta":{"desktop":{"background-color":"var(--ast-global-color-4)","background-image":"","background-repeat":"repeat","background-position":"center center","background-size":"auto","background-attachment":"scroll","background-type":"","background-media":"","overlay-type":"","overlay-color":"","overlay-opacity":"","overlay-gradient":""},"tablet":{"background-color":"","background-image":"","background-repeat":"repeat","background-position":"center center","background-size":"auto","background-attachment":"scroll","background-type":"","background-media":"","overlay-type":"","overlay-color":"","overlay-opacity":"","overlay-gradient":""},"mobile":{"background-color":"","background-image":"","background-repeat":"repeat","background-position":"center center","background-size":"auto","background-attachment":"scroll","background-type":"","background-media":"","overlay-type":"","overlay-color":"","overlay-opacity":"","overlay-gradient":""}},"ast-content-background-meta":{"desktop":{"background-color":"var(--ast-global-color-5)","background-image":"","background-repeat":"repeat","background-position":"center center","background-size":"auto","background-attachment":"scroll","background-type":"","background-media":"","overlay-type":"","overlay-color":"","overlay-opacity":"","overlay-gradient":""},"tablet":{"background-color":"var(--ast-global-color-5)","background-image":"","background-repeat":"repeat","background-position":"center center","background-size":"auto","background-attachment":"scroll","background-type":"","background-media":"","overlay-type":"","overlay-color":"","overlay-opacity":"","overlay-gradient":""},"mobile":{"background-color":"var(--ast-global-color-5)","background-image":"","background-repeat":"repeat","background-position":"center center","background-size":"auto","background-attachment":"scroll","background-type":"","background-media":"","overlay-type":"","overlay-color":"","overlay-opacity":"","overlay-gradient":""}}},"product_brand":[],"product_cat":[370,511,363],"product_tag":[],"berocket_brand":[663],"class_list":{"0":"post-25657","1":"product","2":"type-product","3":"status-publish","4":"has-post-thumbnail","6":"product_cat-adas-mirdzumam","7":"product_cat-atlaides","8":"product_cat-serumi","9":"berocket_brand-rovectin","10":"desktop-align-left","11":"tablet-align-left","12":"mobile-align-left","14":"first","15":"instock","16":"sale","17":"taxable","18":"shipping-taxable","19":"purchasable","20":"product-type-simple","21":"add-to-wishlist-before_image"},"yoast_head":"<!-- This site is optimized with the Yoast SEO plugin v27.4 - https:\/\/yoast.com\/product\/yoast-seo-wordpress\/ -->\n<title>Antioksidantu serums pret pigment\u0101ciju Rovectin Vita Dark Spot Serum 30ml - FACECORNER<\/title>\n<meta name=\"description\" content=\"Antioksidantu serums pret pigment\u0101ciju Rovectin Vita Dark Spot Serum samazina oksid\u0101cijas procesus un pal\u0113nina \u0101das noveco\u0161anos.\" \/>\n<meta name=\"robots\" content=\"index, follow, max-snippet:-1, max-image-preview:large, max-video-preview:-1\" \/>\n<link rel=\"canonical\" href=\"https:\/\/www.facecorner.lv\/lv\/shop\/antioksidantu-serums-pret-pigmentaciju-rovectin-vita-dark-spot-serum-30ml\/\" \/>\n<meta property=\"og:locale\" content=\"lv_LV\" \/>\n<meta property=\"og:type\" content=\"article\" \/>\n<meta property=\"og:title\" content=\"Antioksidantu serums pret pigment\u0101ciju Rovectin Vita Dark Spot Serum 30ml - FACECORNER\" \/>\n<meta property=\"og:description\" content=\"Antioksidantu serums pret pigment\u0101ciju Rovectin Vita Dark Spot Serum samazina oksid\u0101cijas procesus un pal\u0113nina \u0101das noveco\u0161anos.\" \/>\n<meta property=\"og:url\" content=\"https:\/\/www.facecorner.lv\/lv\/shop\/antioksidantu-serums-pret-pigmentaciju-rovectin-vita-dark-spot-serum-30ml\/\" \/>\n<meta property=\"og:site_name\" content=\"FACECORNER\" \/>\n<meta property=\"article:publisher\" content=\"https:\/\/www.facebook.com\/profile.php?id=100063824551839\" \/>\n<meta property=\"article:modified_time\" content=\"2026-03-06T18:34:02+00:00\" \/>\n<meta property=\"og:image\" content=\"https:\/\/www.facecorner.lv\/wp-content\/uploads\/2025\/10\/Rovectin-Vita-Dark-Spot-Serum-Nudie-Glow-Australia_800x.webp\" \/>\n\t<meta property=\"og:image:width\" content=\"800\" \/>\n\t<meta property=\"og:image:height\" content=\"800\" \/>\n\t<meta property=\"og:image:type\" content=\"image\/webp\" \/>\n<meta name=\"twitter:card\" content=\"summary_large_image\" \/>\n<meta name=\"twitter:label1\" content=\"Price\" \/>\n\t<meta name=\"twitter:data1\" content=\"&euro;27.90\" \/>\n\t<meta name=\"twitter:label2\" content=\"Availability\" \/>\n\t<meta name=\"twitter:data2\" content=\"In stock\" \/>\n<script type=\"application\/ld+json\" class=\"yoast-schema-graph\">{\"@context\":\"https:\\\/\\\/schema.org\",\"@graph\":[{\"@type\":\"WebPage\",\"@id\":\"https:\\\/\\\/www.facecorner.lv\\\/shop\\\/antioksidantu-serums-pret-pigmentaciju-rovectin-vita-dark-spot-serum-30ml\\\/\",\"url\":\"https:\\\/\\\/www.facecorner.lv\\\/shop\\\/antioksidantu-serums-pret-pigmentaciju-rovectin-vita-dark-spot-serum-30ml\\\/\",\"name\":\"Antioksidantu serums pret pigment\u0101ciju Rovectin Vita Dark Spot Serum 30ml - FACECORNER\",\"isPartOf\":{\"@id\":\"https:\\\/\\\/www.facecorner.lv\\\/#website\"},\"primaryImageOfPage\":{\"@id\":\"https:\\\/\\\/www.facecorner.lv\\\/shop\\\/antioksidantu-serums-pret-pigmentaciju-rovectin-vita-dark-spot-serum-30ml\\\/#primaryimage\"},\"image\":{\"@id\":\"https:\\\/\\\/www.facecorner.lv\\\/shop\\\/antioksidantu-serums-pret-pigmentaciju-rovectin-vita-dark-spot-serum-30ml\\\/#primaryimage\"},\"thumbnailUrl\":\"https:\\\/\\\/www.facecorner.lv\\\/wp-content\\\/uploads\\\/2025\\\/10\\\/Rovectin-Vita-Dark-Spot-Serum-Nudie-Glow-Australia_800x.webp\",\"datePublished\":\"2025-10-20T11:20:38+00:00\",\"dateModified\":\"2026-03-06T18:34:02+00:00\",\"description\":\"Antioksidantu serums pret pigment\u0101ciju Rovectin Vita Dark Spot Serum samazina oksid\u0101cijas procesus un pal\u0113nina \u0101das noveco\u0161anos.\",\"breadcrumb\":{\"@id\":\"https:\\\/\\\/www.facecorner.lv\\\/shop\\\/antioksidantu-serums-pret-pigmentaciju-rovectin-vita-dark-spot-serum-30ml\\\/#breadcrumb\"},\"inLanguage\":\"lv-LV\",\"potentialAction\":[{\"@type\":\"ReadAction\",\"target\":[\"https:\\\/\\\/www.facecorner.lv\\\/shop\\\/antioksidantu-serums-pret-pigmentaciju-rovectin-vita-dark-spot-serum-30ml\\\/\"]}]},{\"@type\":\"ImageObject\",\"inLanguage\":\"lv-LV\",\"@id\":\"https:\\\/\\\/www.facecorner.lv\\\/shop\\\/antioksidantu-serums-pret-pigmentaciju-rovectin-vita-dark-spot-serum-30ml\\\/#primaryimage\",\"url\":\"https:\\\/\\\/www.facecorner.lv\\\/wp-content\\\/uploads\\\/2025\\\/10\\\/Rovectin-Vita-Dark-Spot-Serum-Nudie-Glow-Australia_800x.webp\",\"contentUrl\":\"https:\\\/\\\/www.facecorner.lv\\\/wp-content\\\/uploads\\\/2025\\\/10\\\/Rovectin-Vita-Dark-Spot-Serum-Nudie-Glow-Australia_800x.webp\",\"width\":800,\"height\":800,\"caption\":\"Rovectin Vita Dark Spot Serum\"},{\"@type\":\"BreadcrumbList\",\"@id\":\"https:\\\/\\\/www.facecorner.lv\\\/shop\\\/antioksidantu-serums-pret-pigmentaciju-rovectin-vita-dark-spot-serum-30ml\\\/#breadcrumb\",\"itemListElement\":[{\"@type\":\"ListItem\",\"position\":1,\"name\":\"Home\",\"item\":\"https:\\\/\\\/www.facecorner.lv\\\/\"},{\"@type\":\"ListItem\",\"position\":2,\"name\":\"Veikals\",\"item\":\"https:\\\/\\\/www.facecorner.lv\\\/shop\\\/\"},{\"@type\":\"ListItem\",\"position\":3,\"name\":\"Antioksidantu serums pret pigment\u0101ciju Rovectin Vita Dark Spot Serum 30ml\"}]},{\"@type\":\"WebSite\",\"@id\":\"https:\\\/\\\/www.facecorner.lv\\\/#website\",\"url\":\"https:\\\/\\\/www.facecorner.lv\\\/\",\"name\":\"Facecorner\",\"description\":\"\",\"publisher\":{\"@id\":\"https:\\\/\\\/www.facecorner.lv\\\/#organization\"},\"potentialAction\":[{\"@type\":\"SearchAction\",\"target\":{\"@type\":\"EntryPoint\",\"urlTemplate\":\"https:\\\/\\\/www.facecorner.lv\\\/?s={search_term_string}\"},\"query-input\":{\"@type\":\"PropertyValueSpecification\",\"valueRequired\":true,\"valueName\":\"search_term_string\"}}],\"inLanguage\":\"lv-LV\"},{\"@type\":\"Organization\",\"@id\":\"https:\\\/\\\/www.facecorner.lv\\\/#organization\",\"name\":\"Facecorner\",\"url\":\"https:\\\/\\\/www.facecorner.lv\\\/\",\"logo\":{\"@type\":\"ImageObject\",\"inLanguage\":\"lv-LV\",\"@id\":\"https:\\\/\\\/www.facecorner.lv\\\/#\\\/schema\\\/logo\\\/image\\\/\",\"url\":\"https:\\\/\\\/www.facecorner.lv\\\/wp-content\\\/uploads\\\/2024\\\/04\\\/fc-logo.jpg\",\"contentUrl\":\"https:\\\/\\\/www.facecorner.lv\\\/wp-content\\\/uploads\\\/2024\\\/04\\\/fc-logo.jpg\",\"width\":174,\"height\":28,\"caption\":\"Facecorner\"},\"image\":{\"@id\":\"https:\\\/\\\/www.facecorner.lv\\\/#\\\/schema\\\/logo\\\/image\\\/\"},\"sameAs\":[\"https:\\\/\\\/www.facebook.com\\\/profile.php?id=100063824551839\",\"https:\\\/\\\/www.instagram.com\\\/facecorner_shop\\\/\"]}]}<\/script>\n<meta property=\"product:price:amount\" content=\"27.90\" \/>\n<meta property=\"product:price:currency\" content=\"EUR\" \/>\n<meta property=\"og:availability\" content=\"instock\" \/>\n<meta property=\"product:availability\" content=\"instock\" \/>\n<meta property=\"product:condition\" content=\"new\" \/>\n<!-- \/ Yoast SEO plugin. -->","yoast_head_json":{"title":"Antioksidantu serums pret pigment\u0101ciju Rovectin Vita Dark Spot Serum 30ml - FACECORNER","description":"Antioksidantu serums pret pigment\u0101ciju Rovectin Vita Dark Spot Serum samazina oksid\u0101cijas procesus un pal\u0113nina \u0101das noveco\u0161anos.","robots":{"index":"index","follow":"follow","max-snippet":"max-snippet:-1","max-image-preview":"max-image-preview:large","max-video-preview":"max-video-preview:-1"},"canonical":"https:\/\/www.facecorner.lv\/lv\/shop\/antioksidantu-serums-pret-pigmentaciju-rovectin-vita-dark-spot-serum-30ml\/","og_locale":"lv_LV","og_type":"article","og_title":"Antioksidantu serums pret pigment\u0101ciju Rovectin Vita Dark Spot Serum 30ml - FACECORNER","og_description":"Antioksidantu serums pret pigment\u0101ciju Rovectin Vita Dark Spot Serum samazina oksid\u0101cijas procesus un pal\u0113nina \u0101das noveco\u0161anos.","og_url":"https:\/\/www.facecorner.lv\/lv\/shop\/antioksidantu-serums-pret-pigmentaciju-rovectin-vita-dark-spot-serum-30ml\/","og_site_name":"FACECORNER","article_publisher":"https:\/\/www.facebook.com\/profile.php?id=100063824551839","article_modified_time":"2026-03-06T18:34:02+00:00","og_image":[{"width":800,"height":800,"url":"https:\/\/www.facecorner.lv\/wp-content\/uploads\/2025\/10\/Rovectin-Vita-Dark-Spot-Serum-Nudie-Glow-Australia_800x.webp","type":"image\/webp"}],"twitter_card":"summary_large_image","twitter_misc":{"Price":"&euro;27.90","Availability":"In stock"},"schema":{"@context":"https:\/\/schema.org","@graph":[{"@type":"WebPage","@id":"https:\/\/www.facecorner.lv\/shop\/antioksidantu-serums-pret-pigmentaciju-rovectin-vita-dark-spot-serum-30ml\/","url":"https:\/\/www.facecorner.lv\/shop\/antioksidantu-serums-pret-pigmentaciju-rovectin-vita-dark-spot-serum-30ml\/","name":"Antioksidantu serums pret pigment\u0101ciju Rovectin Vita Dark Spot Serum 30ml - FACECORNER","isPartOf":{"@id":"https:\/\/www.facecorner.lv\/#website"},"primaryImageOfPage":{"@id":"https:\/\/www.facecorner.lv\/shop\/antioksidantu-serums-pret-pigmentaciju-rovectin-vita-dark-spot-serum-30ml\/#primaryimage"},"image":{"@id":"https:\/\/www.facecorner.lv\/shop\/antioksidantu-serums-pret-pigmentaciju-rovectin-vita-dark-spot-serum-30ml\/#primaryimage"},"thumbnailUrl":"https:\/\/www.facecorner.lv\/wp-content\/uploads\/2025\/10\/Rovectin-Vita-Dark-Spot-Serum-Nudie-Glow-Australia_800x.webp","datePublished":"2025-10-20T11:20:38+00:00","dateModified":"2026-03-06T18:34:02+00:00","description":"Antioksidantu serums pret pigment\u0101ciju Rovectin Vita Dark Spot Serum samazina oksid\u0101cijas procesus un pal\u0113nina \u0101das noveco\u0161anos.","breadcrumb":{"@id":"https:\/\/www.facecorner.lv\/shop\/antioksidantu-serums-pret-pigmentaciju-rovectin-vita-dark-spot-serum-30ml\/#breadcrumb"},"inLanguage":"lv-LV","potentialAction":[{"@type":"ReadAction","target":["https:\/\/www.facecorner.lv\/shop\/antioksidantu-serums-pret-pigmentaciju-rovectin-vita-dark-spot-serum-30ml\/"]}]},{"@type":"ImageObject","inLanguage":"lv-LV","@id":"https:\/\/www.facecorner.lv\/shop\/antioksidantu-serums-pret-pigmentaciju-rovectin-vita-dark-spot-serum-30ml\/#primaryimage","url":"https:\/\/www.facecorner.lv\/wp-content\/uploads\/2025\/10\/Rovectin-Vita-Dark-Spot-Serum-Nudie-Glow-Australia_800x.webp","contentUrl":"https:\/\/www.facecorner.lv\/wp-content\/uploads\/2025\/10\/Rovectin-Vita-Dark-Spot-Serum-Nudie-Glow-Australia_800x.webp","width":800,"height":800,"caption":"Rovectin Vita Dark Spot Serum"},{"@type":"BreadcrumbList","@id":"https:\/\/www.facecorner.lv\/shop\/antioksidantu-serums-pret-pigmentaciju-rovectin-vita-dark-spot-serum-30ml\/#breadcrumb","itemListElement":[{"@type":"ListItem","position":1,"name":"Home","item":"https:\/\/www.facecorner.lv\/"},{"@type":"ListItem","position":2,"name":"Veikals","item":"https:\/\/www.facecorner.lv\/shop\/"},{"@type":"ListItem","position":3,"name":"Antioksidantu serums pret pigment\u0101ciju Rovectin Vita Dark Spot Serum 30ml"}]},{"@type":"WebSite","@id":"https:\/\/www.facecorner.lv\/#website","url":"https:\/\/www.facecorner.lv\/","name":"Facecorner","description":"","publisher":{"@id":"https:\/\/www.facecorner.lv\/#organization"},"potentialAction":[{"@type":"SearchAction","target":{"@type":"EntryPoint","urlTemplate":"https:\/\/www.facecorner.lv\/?s={search_term_string}"},"query-input":{"@type":"PropertyValueSpecification","valueRequired":true,"valueName":"search_term_string"}}],"inLanguage":"lv-LV"},{"@type":"Organization","@id":"https:\/\/www.facecorner.lv\/#organization","name":"Facecorner","url":"https:\/\/www.facecorner.lv\/","logo":{"@type":"ImageObject","inLanguage":"lv-LV","@id":"https:\/\/www.facecorner.lv\/#\/schema\/logo\/image\/","url":"https:\/\/www.facecorner.lv\/wp-content\/uploads\/2024\/04\/fc-logo.jpg","contentUrl":"https:\/\/www.facecorner.lv\/wp-content\/uploads\/2024\/04\/fc-logo.jpg","width":174,"height":28,"caption":"Facecorner"},"image":{"@id":"https:\/\/www.facecorner.lv\/#\/schema\/logo\/image\/"},"sameAs":["https:\/\/www.facebook.com\/profile.php?id=100063824551839","https:\/\/www.instagram.com\/facecorner_shop\/"]}]},"product_price_amount":"27.90","product_price_currency":"EUR","og_availability":"instock","product_availability":"instock","product_condition":"new"},"_links":{"self":[{"href":"https:\/\/www.facecorner.lv\/lv\/wp-json\/wp\/v2\/product\/25657","targetHints":{"allow":["GET"]}}],"collection":[{"href":"https:\/\/www.facecorner.lv\/lv\/wp-json\/wp\/v2\/product"}],"about":[{"href":"https:\/\/www.facecorner.lv\/lv\/wp-json\/wp\/v2\/types\/product"}],"replies":[{"embeddable":true,"href":"https:\/\/www.facecorner.lv\/lv\/wp-json\/wp\/v2\/comments?post=25657"}],"wp:featuredmedia":[{"embeddable":true,"href":"https:\/\/www.facecorner.lv\/lv\/wp-json\/wp\/v2\/media\/25658"}],"wp:attachment":[{"href":"https:\/\/www.facecorner.lv\/lv\/wp-json\/wp\/v2\/media?parent=25657"}],"wp:term":[{"taxonomy":"product_brand","embeddable":true,"href":"https:\/\/www.facecorner.lv\/lv\/wp-json\/wp\/v2\/product_brand?post=25657"},{"taxonomy":"product_cat","embeddable":true,"href":"https:\/\/www.facecorner.lv\/lv\/wp-json\/wp\/v2\/product_cat?post=25657"},{"taxonomy":"product_tag","embeddable":true,"href":"https:\/\/www.facecorner.lv\/lv\/wp-json\/wp\/v2\/product_tag?post=25657"},{"taxonomy":"berocket_brand","embeddable":true,"href":"https:\/\/www.facecorner.lv\/lv\/wp-json\/wp\/v2\/berocket_brand?post=25657"}],"curies":[{"name":"wp","href":"https:\/\/api.w.org\/{rel}","templated":true}]}}