{"id":25610,"date":"2025-10-16T11:32:06","date_gmt":"2025-10-16T08:32:06","guid":{"rendered":"https:\/\/www.facecorner.lv\/?post_type=product&#038;p=25610"},"modified":"2026-04-12T22:38:40","modified_gmt":"2026-04-12T19:38:40","slug":"maiga-attirosa-enzimu-pudera-biodance-hydro-ceramide-cleansing-powder-30ea","status":"publish","type":"product","link":"https:\/\/www.facecorner.lv\/lv\/shop\/maiga-attirosa-enzimu-pudera-biodance-hydro-ceramide-cleansing-powder-30ea\/","title":{"rendered":"Maiga att\u012bro\u0161a enz\u012bmu p\u016bdera Biodance Hydro Ceramide Cleansing Powder 30ea"},"content":{"rendered":"<p>Biodance Hydro Ceramide Cleansing Powder maiga att\u012bro\u0161a enz\u012bmu p\u016bdera ar probiotiku un keram\u012bdu kompleksu nodro\u0161ina maigu p\u012blingu un \u0101das maigumu.<\/p>\n<ul>\n<li>Nodro\u0161ina maigu eksfoli\u0113jo\u0161u iedarb\u012bbu, att\u012bra \u0101du no atmiru\u0161aj\u0101m \u0161\u016bn\u0101m un veicina atjauno\u0161an\u0101s procesus.<\/li>\n<li>Pal\u012bdz nomierin\u0101t un nov\u0113rst kairin\u0101jumu, aps\u0101rtumu, k\u0101 ar\u012b iekaisuma procesus.<\/li>\n<li>Maigi regul\u0113 tauku dziedzeru darb\u012bbu, att\u012bra poras no liek\u0101 sebuma un kav\u0113 to papla\u0161in\u0101\u0161anos.<\/li>\n<li>Maigi pul\u0113 \u0101das virsmu, pal\u012bdzot saglab\u0101t gludu reljefu un vienm\u0113r\u012bgu toni.<\/li>\n<\/ul>\n<p><strong>Galven\u0101s sast\u0101vda\u013cas:<\/strong><\/p>\n<ul>\n<li>Enz\u012bms papa\u012bns no\u0146em atmiru\u0161\u0101s \u0101das \u0161\u016bnas, izl\u012bdzina \u0101das reljefu, att\u012bra un stimul\u0113 re\u0123ener\u0101ciju.<\/li>\n<li>Niac\u012bnam\u012bds darbojas nomierino\u0161i un pretiekaisuma, nov\u0113r\u0161 izsitumus un aps\u0101rtumu.<\/li>\n<li>Bifido- un laktobakt\u0113riju liz\u0101ti akt\u012bvi baro \u0101du, veicina t\u0101s tonusa izl\u012bdzin\u0101\u0161anu, gluduma saglab\u0101\u0161anu un nov\u0113r\u0161 dehidrat\u0101ciju, k\u0101 ar\u012b uztur vesel\u012bgu \u0101das mikrobiomu, kav\u0113jot patog\u0113no bakt\u0113riju vides att\u012bst\u012bbu.<\/li>\n<li>Hialuronsk\u0101be dzi\u013ci mitrina \u0101du, saglab\u0101jot mitrumu iek\u0161\u0101, nov\u0113r\u0161 dehidrat\u0101ciju un sausumu, k\u0101 ar\u012b veicina \u0101das gluduma un elast\u012bbas saglab\u0101\u0161anu.<\/li>\n<li>Keram\u012bdi akt\u012bvi atjauno un stiprina aizsargbarjeru, aizsarg\u0101 no negat\u012bvas vides ietekmes, nov\u0113r\u0161 transderm\u0101lu mitruma zudumu.<\/li>\n<\/ul>\n<p><strong>Lieto\u0161ana:<\/strong> Ielieciet porciju p\u016bdera plaukst\u0101 un ar mitr\u0101m rok\u0101m berz\u0113jiet, l\u012bdz izveidojas putas. Uzkl\u0101jiet putas uz sejas un viegli iemas\u0113jiet, p\u0113c tam noskalojiet ar siltu \u016bdeni.<\/p>\n<p><strong>Sast\u0101vs:<\/strong> Corn starch, sodium cocoyl isethionate, sodium lauroyl glutamate, diglycerin, niacinamide, betaine, cellulose gum, allantoin, maltodextrin, papain, bifida fermentation filtrate, bifida fermentation lysate, Lactococcus val. Lysate, Lactobacillus fermentation lysate, Lactobacillus fermentation, Sodium Acetylated Hyaluronate, Hydrolyzed Hyaluronic Acid, Hyaluronic Acid, Sodium Hyaluronate Crosspolymer, Hydrolyze DeSodium Hyaluronate, Potassium Hyaluronate, Sodium Hyaluronate, Hydroxypropyl Trimonium Hyaluronate, Stearic Acid, Ceramide NP (5.5 ppb), Ceramide NS (1.5 ppb), Ceramide AP (0.5ppb), Ceramide AS (0.5ppb), Ceramide EOP (0.001ppb), phytosphingosine, cholesterol, hydrogenated lecithin, cetearyl alcohol, purified water, butylene glycol, glycerin, 1,2-hexane diol<\/p>\n","protected":false},"excerpt":{"rendered":"<p>Biodance Hydro Ceramide Cleansing Powder maiga att\u012bro\u0161a enz\u012bmu p\u016bdera ar probiotiku un keram\u012bdu kompleksu nodro\u0161ina maigu p\u012blingu un \u0101das maigumu.<\/p>\n","protected":false},"featured_media":25611,"comment_status":"open","ping_status":"closed","template":"","meta":{"site-sidebar-layout":"default","site-content-layout":"","ast-site-content-layout":"default","site-content-style":"default","site-sidebar-style":"default","ast-global-header-display":"","ast-banner-title-visibility":"","ast-main-header-display":"","ast-hfb-above-header-display":"","ast-hfb-below-header-display":"","ast-hfb-mobile-header-display":"","site-post-title":"","ast-breadcrumbs-content":"","ast-featured-img":"","footer-sml-layout":"","theme-transparent-header-meta":"default","adv-header-id-meta":"","stick-header-meta":"","header-above-stick-meta":"","header-main-stick-meta":"","header-below-stick-meta":"","astra-migrate-meta-layouts":"set","ast-page-background-enabled":"default","ast-page-background-meta":{"desktop":{"background-color":"var(--ast-global-color-4)","background-image":"","background-repeat":"repeat","background-position":"center center","background-size":"auto","background-attachment":"scroll","background-type":"","background-media":"","overlay-type":"","overlay-color":"","overlay-opacity":"","overlay-gradient":""},"tablet":{"background-color":"","background-image":"","background-repeat":"repeat","background-position":"center center","background-size":"auto","background-attachment":"scroll","background-type":"","background-media":"","overlay-type":"","overlay-color":"","overlay-opacity":"","overlay-gradient":""},"mobile":{"background-color":"","background-image":"","background-repeat":"repeat","background-position":"center center","background-size":"auto","background-attachment":"scroll","background-type":"","background-media":"","overlay-type":"","overlay-color":"","overlay-opacity":"","overlay-gradient":""}},"ast-content-background-meta":{"desktop":{"background-color":"var(--ast-global-color-5)","background-image":"","background-repeat":"repeat","background-position":"center center","background-size":"auto","background-attachment":"scroll","background-type":"","background-media":"","overlay-type":"","overlay-color":"","overlay-opacity":"","overlay-gradient":""},"tablet":{"background-color":"var(--ast-global-color-5)","background-image":"","background-repeat":"repeat","background-position":"center center","background-size":"auto","background-attachment":"scroll","background-type":"","background-media":"","overlay-type":"","overlay-color":"","overlay-opacity":"","overlay-gradient":""},"mobile":{"background-color":"var(--ast-global-color-5)","background-image":"","background-repeat":"repeat","background-position":"center center","background-size":"auto","background-attachment":"scroll","background-type":"","background-media":"","overlay-type":"","overlay-color":"","overlay-opacity":"","overlay-gradient":""}}},"product_brand":[],"product_cat":[640],"product_tag":[],"berocket_brand":[578],"class_list":{"0":"post-25610","1":"product","2":"type-product","3":"status-publish","4":"has-post-thumbnail","6":"product_cat-enzima-puderis","7":"berocket_brand-biodance","8":"desktop-align-left","9":"tablet-align-left","10":"mobile-align-left","12":"first","13":"outofstock","14":"taxable","15":"shipping-taxable","16":"purchasable","17":"product-type-simple","18":"add-to-wishlist-before_image"},"yoast_head":"<!-- This site is optimized with the Yoast SEO plugin v27.4 - https:\/\/yoast.com\/product\/yoast-seo-wordpress\/ -->\n<title>Maiga att\u012bro\u0161a enz\u012bmu p\u016bdera Biodance Hydro Ceramide Cleansing Powder 30ea - FACECORNER<\/title>\n<meta name=\"description\" content=\"Biodance Hydro Ceramide Cleansing Powder maiga att\u012bro\u0161a enz\u012bmu p\u016bdera ar probiotiku un keram\u012bdu kompleksu nodro\u0161ina maigu p\u012blingu un \u0101das maigumu.\" \/>\n<meta name=\"robots\" content=\"index, follow, max-snippet:-1, max-image-preview:large, max-video-preview:-1\" \/>\n<link rel=\"canonical\" href=\"https:\/\/www.facecorner.lv\/lv\/shop\/maiga-attirosa-enzimu-pudera-biodance-hydro-ceramide-cleansing-powder-30ea\/\" \/>\n<meta property=\"og:locale\" content=\"lv_LV\" \/>\n<meta property=\"og:type\" content=\"article\" \/>\n<meta property=\"og:title\" content=\"Maiga att\u012bro\u0161a enz\u012bmu p\u016bdera Biodance Hydro Ceramide Cleansing Powder 30ea - FACECORNER\" \/>\n<meta property=\"og:description\" content=\"Biodance Hydro Ceramide Cleansing Powder maiga att\u012bro\u0161a enz\u012bmu p\u016bdera ar probiotiku un keram\u012bdu kompleksu nodro\u0161ina maigu p\u012blingu un \u0101das maigumu.\" \/>\n<meta property=\"og:url\" content=\"https:\/\/www.facecorner.lv\/lv\/shop\/maiga-attirosa-enzimu-pudera-biodance-hydro-ceramide-cleansing-powder-30ea\/\" \/>\n<meta property=\"og:site_name\" content=\"FACECORNER\" \/>\n<meta property=\"article:publisher\" content=\"https:\/\/www.facebook.com\/profile.php?id=100063824551839\" \/>\n<meta property=\"article:modified_time\" content=\"2026-04-12T19:38:40+00:00\" \/>\n<meta property=\"og:image\" content=\"https:\/\/www.facecorner.lv\/wp-content\/uploads\/2025\/10\/BiodanceHydroCeramideCleansingPowder.webp\" \/>\n\t<meta property=\"og:image:width\" content=\"950\" \/>\n\t<meta property=\"og:image:height\" content=\"950\" \/>\n\t<meta property=\"og:image:type\" content=\"image\/webp\" \/>\n<meta name=\"twitter:card\" content=\"summary_large_image\" \/>\n<meta name=\"twitter:label1\" content=\"Price\" \/>\n\t<meta name=\"twitter:data1\" content=\"&euro;29.90\" \/>\n\t<meta name=\"twitter:label2\" content=\"Availability\" \/>\n\t<meta name=\"twitter:data2\" content=\"Out of stock\" \/>\n<script type=\"application\/ld+json\" class=\"yoast-schema-graph\">{\"@context\":\"https:\\\/\\\/schema.org\",\"@graph\":[{\"@type\":\"WebPage\",\"@id\":\"https:\\\/\\\/www.facecorner.lv\\\/shop\\\/maiga-attirosa-enzimu-pudera-biodance-hydro-ceramide-cleansing-powder-30ea\\\/\",\"url\":\"https:\\\/\\\/www.facecorner.lv\\\/shop\\\/maiga-attirosa-enzimu-pudera-biodance-hydro-ceramide-cleansing-powder-30ea\\\/\",\"name\":\"Maiga att\u012bro\u0161a enz\u012bmu p\u016bdera Biodance Hydro Ceramide Cleansing Powder 30ea - FACECORNER\",\"isPartOf\":{\"@id\":\"https:\\\/\\\/www.facecorner.lv\\\/#website\"},\"primaryImageOfPage\":{\"@id\":\"https:\\\/\\\/www.facecorner.lv\\\/shop\\\/maiga-attirosa-enzimu-pudera-biodance-hydro-ceramide-cleansing-powder-30ea\\\/#primaryimage\"},\"image\":{\"@id\":\"https:\\\/\\\/www.facecorner.lv\\\/shop\\\/maiga-attirosa-enzimu-pudera-biodance-hydro-ceramide-cleansing-powder-30ea\\\/#primaryimage\"},\"thumbnailUrl\":\"https:\\\/\\\/www.facecorner.lv\\\/wp-content\\\/uploads\\\/2025\\\/10\\\/BiodanceHydroCeramideCleansingPowder.webp\",\"datePublished\":\"2025-10-16T08:32:06+00:00\",\"dateModified\":\"2026-04-12T19:38:40+00:00\",\"description\":\"Biodance Hydro Ceramide Cleansing Powder maiga att\u012bro\u0161a enz\u012bmu p\u016bdera ar probiotiku un keram\u012bdu kompleksu nodro\u0161ina maigu p\u012blingu un \u0101das maigumu.\",\"breadcrumb\":{\"@id\":\"https:\\\/\\\/www.facecorner.lv\\\/shop\\\/maiga-attirosa-enzimu-pudera-biodance-hydro-ceramide-cleansing-powder-30ea\\\/#breadcrumb\"},\"inLanguage\":\"lv-LV\",\"potentialAction\":[{\"@type\":\"ReadAction\",\"target\":[\"https:\\\/\\\/www.facecorner.lv\\\/shop\\\/maiga-attirosa-enzimu-pudera-biodance-hydro-ceramide-cleansing-powder-30ea\\\/\"]}]},{\"@type\":\"ImageObject\",\"inLanguage\":\"lv-LV\",\"@id\":\"https:\\\/\\\/www.facecorner.lv\\\/shop\\\/maiga-attirosa-enzimu-pudera-biodance-hydro-ceramide-cleansing-powder-30ea\\\/#primaryimage\",\"url\":\"https:\\\/\\\/www.facecorner.lv\\\/wp-content\\\/uploads\\\/2025\\\/10\\\/BiodanceHydroCeramideCleansingPowder.webp\",\"contentUrl\":\"https:\\\/\\\/www.facecorner.lv\\\/wp-content\\\/uploads\\\/2025\\\/10\\\/BiodanceHydroCeramideCleansingPowder.webp\",\"width\":950,\"height\":950,\"caption\":\"Biodance Hydro Ceramide Cleansing Powder\"},{\"@type\":\"BreadcrumbList\",\"@id\":\"https:\\\/\\\/www.facecorner.lv\\\/shop\\\/maiga-attirosa-enzimu-pudera-biodance-hydro-ceramide-cleansing-powder-30ea\\\/#breadcrumb\",\"itemListElement\":[{\"@type\":\"ListItem\",\"position\":1,\"name\":\"Home\",\"item\":\"https:\\\/\\\/www.facecorner.lv\\\/\"},{\"@type\":\"ListItem\",\"position\":2,\"name\":\"Veikals\",\"item\":\"https:\\\/\\\/www.facecorner.lv\\\/shop\\\/\"},{\"@type\":\"ListItem\",\"position\":3,\"name\":\"Maiga att\u012bro\u0161a enz\u012bmu p\u016bdera Biodance Hydro Ceramide Cleansing Powder 30ea\"}]},{\"@type\":\"WebSite\",\"@id\":\"https:\\\/\\\/www.facecorner.lv\\\/#website\",\"url\":\"https:\\\/\\\/www.facecorner.lv\\\/\",\"name\":\"Facecorner\",\"description\":\"\",\"publisher\":{\"@id\":\"https:\\\/\\\/www.facecorner.lv\\\/#organization\"},\"potentialAction\":[{\"@type\":\"SearchAction\",\"target\":{\"@type\":\"EntryPoint\",\"urlTemplate\":\"https:\\\/\\\/www.facecorner.lv\\\/?s={search_term_string}\"},\"query-input\":{\"@type\":\"PropertyValueSpecification\",\"valueRequired\":true,\"valueName\":\"search_term_string\"}}],\"inLanguage\":\"lv-LV\"},{\"@type\":\"Organization\",\"@id\":\"https:\\\/\\\/www.facecorner.lv\\\/#organization\",\"name\":\"Facecorner\",\"url\":\"https:\\\/\\\/www.facecorner.lv\\\/\",\"logo\":{\"@type\":\"ImageObject\",\"inLanguage\":\"lv-LV\",\"@id\":\"https:\\\/\\\/www.facecorner.lv\\\/#\\\/schema\\\/logo\\\/image\\\/\",\"url\":\"https:\\\/\\\/www.facecorner.lv\\\/wp-content\\\/uploads\\\/2024\\\/04\\\/fc-logo.jpg\",\"contentUrl\":\"https:\\\/\\\/www.facecorner.lv\\\/wp-content\\\/uploads\\\/2024\\\/04\\\/fc-logo.jpg\",\"width\":174,\"height\":28,\"caption\":\"Facecorner\"},\"image\":{\"@id\":\"https:\\\/\\\/www.facecorner.lv\\\/#\\\/schema\\\/logo\\\/image\\\/\"},\"sameAs\":[\"https:\\\/\\\/www.facebook.com\\\/profile.php?id=100063824551839\",\"https:\\\/\\\/www.instagram.com\\\/facecorner_shop\\\/\"]}]}<\/script>\n<meta property=\"product:price:amount\" content=\"29.90\" \/>\n<meta property=\"product:price:currency\" content=\"EUR\" \/>\n<meta property=\"og:availability\" content=\"out of stock\" \/>\n<meta property=\"product:availability\" content=\"out of stock\" \/>\n<meta property=\"product:condition\" content=\"new\" \/>\n<!-- \/ Yoast SEO plugin. -->","yoast_head_json":{"title":"Maiga att\u012bro\u0161a enz\u012bmu p\u016bdera Biodance Hydro Ceramide Cleansing Powder 30ea - FACECORNER","description":"Biodance Hydro Ceramide Cleansing Powder maiga att\u012bro\u0161a enz\u012bmu p\u016bdera ar probiotiku un keram\u012bdu kompleksu nodro\u0161ina maigu p\u012blingu un \u0101das maigumu.","robots":{"index":"index","follow":"follow","max-snippet":"max-snippet:-1","max-image-preview":"max-image-preview:large","max-video-preview":"max-video-preview:-1"},"canonical":"https:\/\/www.facecorner.lv\/lv\/shop\/maiga-attirosa-enzimu-pudera-biodance-hydro-ceramide-cleansing-powder-30ea\/","og_locale":"lv_LV","og_type":"article","og_title":"Maiga att\u012bro\u0161a enz\u012bmu p\u016bdera Biodance Hydro Ceramide Cleansing Powder 30ea - FACECORNER","og_description":"Biodance Hydro Ceramide Cleansing Powder maiga att\u012bro\u0161a enz\u012bmu p\u016bdera ar probiotiku un keram\u012bdu kompleksu nodro\u0161ina maigu p\u012blingu un \u0101das maigumu.","og_url":"https:\/\/www.facecorner.lv\/lv\/shop\/maiga-attirosa-enzimu-pudera-biodance-hydro-ceramide-cleansing-powder-30ea\/","og_site_name":"FACECORNER","article_publisher":"https:\/\/www.facebook.com\/profile.php?id=100063824551839","article_modified_time":"2026-04-12T19:38:40+00:00","og_image":[{"width":950,"height":950,"url":"https:\/\/www.facecorner.lv\/wp-content\/uploads\/2025\/10\/BiodanceHydroCeramideCleansingPowder.webp","type":"image\/webp"}],"twitter_card":"summary_large_image","twitter_misc":{"Price":"&euro;29.90","Availability":"Out of stock"},"schema":{"@context":"https:\/\/schema.org","@graph":[{"@type":"WebPage","@id":"https:\/\/www.facecorner.lv\/shop\/maiga-attirosa-enzimu-pudera-biodance-hydro-ceramide-cleansing-powder-30ea\/","url":"https:\/\/www.facecorner.lv\/shop\/maiga-attirosa-enzimu-pudera-biodance-hydro-ceramide-cleansing-powder-30ea\/","name":"Maiga att\u012bro\u0161a enz\u012bmu p\u016bdera Biodance Hydro Ceramide Cleansing Powder 30ea - FACECORNER","isPartOf":{"@id":"https:\/\/www.facecorner.lv\/#website"},"primaryImageOfPage":{"@id":"https:\/\/www.facecorner.lv\/shop\/maiga-attirosa-enzimu-pudera-biodance-hydro-ceramide-cleansing-powder-30ea\/#primaryimage"},"image":{"@id":"https:\/\/www.facecorner.lv\/shop\/maiga-attirosa-enzimu-pudera-biodance-hydro-ceramide-cleansing-powder-30ea\/#primaryimage"},"thumbnailUrl":"https:\/\/www.facecorner.lv\/wp-content\/uploads\/2025\/10\/BiodanceHydroCeramideCleansingPowder.webp","datePublished":"2025-10-16T08:32:06+00:00","dateModified":"2026-04-12T19:38:40+00:00","description":"Biodance Hydro Ceramide Cleansing Powder maiga att\u012bro\u0161a enz\u012bmu p\u016bdera ar probiotiku un keram\u012bdu kompleksu nodro\u0161ina maigu p\u012blingu un \u0101das maigumu.","breadcrumb":{"@id":"https:\/\/www.facecorner.lv\/shop\/maiga-attirosa-enzimu-pudera-biodance-hydro-ceramide-cleansing-powder-30ea\/#breadcrumb"},"inLanguage":"lv-LV","potentialAction":[{"@type":"ReadAction","target":["https:\/\/www.facecorner.lv\/shop\/maiga-attirosa-enzimu-pudera-biodance-hydro-ceramide-cleansing-powder-30ea\/"]}]},{"@type":"ImageObject","inLanguage":"lv-LV","@id":"https:\/\/www.facecorner.lv\/shop\/maiga-attirosa-enzimu-pudera-biodance-hydro-ceramide-cleansing-powder-30ea\/#primaryimage","url":"https:\/\/www.facecorner.lv\/wp-content\/uploads\/2025\/10\/BiodanceHydroCeramideCleansingPowder.webp","contentUrl":"https:\/\/www.facecorner.lv\/wp-content\/uploads\/2025\/10\/BiodanceHydroCeramideCleansingPowder.webp","width":950,"height":950,"caption":"Biodance Hydro Ceramide Cleansing Powder"},{"@type":"BreadcrumbList","@id":"https:\/\/www.facecorner.lv\/shop\/maiga-attirosa-enzimu-pudera-biodance-hydro-ceramide-cleansing-powder-30ea\/#breadcrumb","itemListElement":[{"@type":"ListItem","position":1,"name":"Home","item":"https:\/\/www.facecorner.lv\/"},{"@type":"ListItem","position":2,"name":"Veikals","item":"https:\/\/www.facecorner.lv\/shop\/"},{"@type":"ListItem","position":3,"name":"Maiga att\u012bro\u0161a enz\u012bmu p\u016bdera Biodance Hydro Ceramide Cleansing Powder 30ea"}]},{"@type":"WebSite","@id":"https:\/\/www.facecorner.lv\/#website","url":"https:\/\/www.facecorner.lv\/","name":"Facecorner","description":"","publisher":{"@id":"https:\/\/www.facecorner.lv\/#organization"},"potentialAction":[{"@type":"SearchAction","target":{"@type":"EntryPoint","urlTemplate":"https:\/\/www.facecorner.lv\/?s={search_term_string}"},"query-input":{"@type":"PropertyValueSpecification","valueRequired":true,"valueName":"search_term_string"}}],"inLanguage":"lv-LV"},{"@type":"Organization","@id":"https:\/\/www.facecorner.lv\/#organization","name":"Facecorner","url":"https:\/\/www.facecorner.lv\/","logo":{"@type":"ImageObject","inLanguage":"lv-LV","@id":"https:\/\/www.facecorner.lv\/#\/schema\/logo\/image\/","url":"https:\/\/www.facecorner.lv\/wp-content\/uploads\/2024\/04\/fc-logo.jpg","contentUrl":"https:\/\/www.facecorner.lv\/wp-content\/uploads\/2024\/04\/fc-logo.jpg","width":174,"height":28,"caption":"Facecorner"},"image":{"@id":"https:\/\/www.facecorner.lv\/#\/schema\/logo\/image\/"},"sameAs":["https:\/\/www.facebook.com\/profile.php?id=100063824551839","https:\/\/www.instagram.com\/facecorner_shop\/"]}]},"product_price_amount":"29.90","product_price_currency":"EUR","og_availability":"out of stock","product_availability":"out of stock","product_condition":"new"},"_links":{"self":[{"href":"https:\/\/www.facecorner.lv\/lv\/wp-json\/wp\/v2\/product\/25610","targetHints":{"allow":["GET"]}}],"collection":[{"href":"https:\/\/www.facecorner.lv\/lv\/wp-json\/wp\/v2\/product"}],"about":[{"href":"https:\/\/www.facecorner.lv\/lv\/wp-json\/wp\/v2\/types\/product"}],"replies":[{"embeddable":true,"href":"https:\/\/www.facecorner.lv\/lv\/wp-json\/wp\/v2\/comments?post=25610"}],"wp:featuredmedia":[{"embeddable":true,"href":"https:\/\/www.facecorner.lv\/lv\/wp-json\/wp\/v2\/media\/25611"}],"wp:attachment":[{"href":"https:\/\/www.facecorner.lv\/lv\/wp-json\/wp\/v2\/media?parent=25610"}],"wp:term":[{"taxonomy":"product_brand","embeddable":true,"href":"https:\/\/www.facecorner.lv\/lv\/wp-json\/wp\/v2\/product_brand?post=25610"},{"taxonomy":"product_cat","embeddable":true,"href":"https:\/\/www.facecorner.lv\/lv\/wp-json\/wp\/v2\/product_cat?post=25610"},{"taxonomy":"product_tag","embeddable":true,"href":"https:\/\/www.facecorner.lv\/lv\/wp-json\/wp\/v2\/product_tag?post=25610"},{"taxonomy":"berocket_brand","embeddable":true,"href":"https:\/\/www.facecorner.lv\/lv\/wp-json\/wp\/v2\/berocket_brand?post=25610"}],"curies":[{"name":"wp","href":"https:\/\/api.w.org\/{rel}","templated":true}]}}