{"id":25595,"date":"2025-10-15T16:13:40","date_gmt":"2025-10-15T13:13:40","guid":{"rendered":"https:\/\/www.facecorner.lv\/?post_type=product&#038;p=25595"},"modified":"2026-01-24T14:37:10","modified_gmt":"2026-01-24T11:37:10","slug":"rovectin-vita-double-toning-cream-50ml","status":"publish","type":"product","link":"https:\/\/www.facecorner.lv\/lv\/shop\/rovectin-vita-double-toning-cream-50ml\/","title":{"rendered":"ROVECTIN Vita Double Toning Cream 50ml"},"content":{"rendered":"<p>ROVECTIN Vita Double Toning Cream tas ir viegls kopjo\u0161s kr\u0113ms-toniks-serums vien\u0101, ar dubultu toniz\u0113jo\u0161u efektu: uzkl\u0101jot to uz \u0101das, tas uzreiz pie\u0161\u0137ir tai svaigumu un mirdzumu, bet, lietojot regul\u0101ri, pal\u012bdz izl\u012bdzin\u0101t \u0101das toni, samazin\u0101t pigment\u0101ciju un tum\u0161os plankumus.<\/p>\n<p>Kr\u0113ms satur kapsulas ar vitam\u012bniem, kas izk\u016bst uz \u0101das, nodro\u0161inot baro\u0161anu, aizsardz\u012bbu un \u201cveselas \u0101das\u201d efektu.<\/p>\n<p><strong>Galven\u0101s priek\u0161roc\u012bbas:<\/strong><\/p>\n<ul>\n<li>Augsta niac\u012bnam\u012bda un glutationa koncentr\u0101cija \u0101das spo\u017eumam un tum\u0161o zonu izgaismo\u0161anai.<\/li>\n<li>Stabilas C vitam\u012bna formas, arb\u016bt\u012bns, k\u0101 ar\u012b augu izcelsmes PDRN, kas pal\u012bdz samazin\u0101t UV starojuma izrais\u012bto kairin\u0101jumu un padara \u0101du mirdzo\u0161u.<\/li>\n<li>Dzi\u013ci mitrina: hialuronsk\u0101be un citi mitrino\u0161ie l\u012bdzek\u013ci, kas saglab\u0101 mitrumu \u0101d\u0101, padara to maigu un gludu.<\/li>\n<li>Piem\u0113rots jut\u012bgai \u0101dai: formula ir izstr\u0101d\u0101ta t\u0101, lai mazin\u0101tu kairin\u0101jumu, liel\u0101k\u0101 da\u013ca atsauksmju nor\u0101da, ka kr\u0113ms \u201enel\u012bpst\u201d, \u201enekas\u012b\u201d, labi uzkl\u0101jas zem grima.<\/li>\n<\/ul>\n<p><strong>Lieto\u0161ana:<\/strong> Uzkl\u0101jiet kr\u0113mu uz t\u012bras \u0101das p\u0113c toniku un serumu lieto\u0161anas.<\/p>\n<p><strong>Sast\u0101vs:<\/strong> Hippophae Rhamnoides Water; Niacinamide; Butylene Glycol; Glycerin; 1,2\u2011Hexanediol; Hydrogenated Didecene; Water (Aqua); Hydrogenated Polydecene; Jojoba Esters; Isononyl Isononanoate; Polyglyceryl\u20113 Distearate; Ammonium Acryloyldimethyltaurate\/VP Copolymer; Polyglyceryl\u20113 Methylglucose Distearate; 3\u2011O\u2011Ethyl Ascorbic Acid; Ascorbyl Tetraisopalmitate; Glyceryl Stearate; Acrylates\/C10\u201130 Alkyl Acrylate Crosspolymer; Hydroxyacetophenone; Ethylhexylglycerin; Coptis Japonica Root Extract; Pyrus Communis (Pear) Fruit Extract; Adenosine; Glyceryl Stearate Citrate; Sodium Hyaluronate; Rosa Damascena Flower Water; Disodium EDTA; Hydroxydecyl Ubiquinone; Cyamopsis Tetragonoloba (Guar) Gum; Agar; Iris Florentina Root Extract; Cucumis Melo (Melon) Seed Extract; Glutathione; Arbutin; Hedera Helix (Ivy) Leaf\/Stem Extract; Beta\u2011Glucan; Ulmus Davidiana Root Extract; Amaranthus Caudatus Seed Extract; Tocopherol; Xanthan Gum; Centella Asiatica Extract; Sodium DNA; Ferulic Acid.<\/p>\n","protected":false},"excerpt":{"rendered":"<p>ROVECTIN Vita Double Toning Cream tas ir viegls kopjo\u0161s kr\u0113ms-toniks-serums vien\u0101, ar dubultu toniz\u0113jo\u0161u efektu: uzkl\u0101jot to uz \u0101das, tas uzreiz pie\u0161\u0137ir tai svaigumu un mirdzumu, bet, lietojot regul\u0101ri, pal\u012bdz izl\u012bdzin\u0101t \u0101das toni, samazin\u0101t pigment\u0101ciju un tum\u0161os plankumus.<\/p>\n","protected":false},"featured_media":25596,"comment_status":"open","ping_status":"closed","template":"","meta":{"site-sidebar-layout":"default","site-content-layout":"","ast-site-content-layout":"default","site-content-style":"default","site-sidebar-style":"default","ast-global-header-display":"","ast-banner-title-visibility":"","ast-main-header-display":"","ast-hfb-above-header-display":"","ast-hfb-below-header-display":"","ast-hfb-mobile-header-display":"","site-post-title":"","ast-breadcrumbs-content":"","ast-featured-img":"","footer-sml-layout":"","theme-transparent-header-meta":"default","adv-header-id-meta":"","stick-header-meta":"","header-above-stick-meta":"","header-main-stick-meta":"","header-below-stick-meta":"","astra-migrate-meta-layouts":"set","ast-page-background-enabled":"default","ast-page-background-meta":{"desktop":{"background-color":"var(--ast-global-color-4)","background-image":"","background-repeat":"repeat","background-position":"center center","background-size":"auto","background-attachment":"scroll","background-type":"","background-media":"","overlay-type":"","overlay-color":"","overlay-opacity":"","overlay-gradient":""},"tablet":{"background-color":"","background-image":"","background-repeat":"repeat","background-position":"center center","background-size":"auto","background-attachment":"scroll","background-type":"","background-media":"","overlay-type":"","overlay-color":"","overlay-opacity":"","overlay-gradient":""},"mobile":{"background-color":"","background-image":"","background-repeat":"repeat","background-position":"center center","background-size":"auto","background-attachment":"scroll","background-type":"","background-media":"","overlay-type":"","overlay-color":"","overlay-opacity":"","overlay-gradient":""}},"ast-content-background-meta":{"desktop":{"background-color":"var(--ast-global-color-5)","background-image":"","background-repeat":"repeat","background-position":"center center","background-size":"auto","background-attachment":"scroll","background-type":"","background-media":"","overlay-type":"","overlay-color":"","overlay-opacity":"","overlay-gradient":""},"tablet":{"background-color":"var(--ast-global-color-5)","background-image":"","background-repeat":"repeat","background-position":"center center","background-size":"auto","background-attachment":"scroll","background-type":"","background-media":"","overlay-type":"","overlay-color":"","overlay-opacity":"","overlay-gradient":""},"mobile":{"background-color":"var(--ast-global-color-5)","background-image":"","background-repeat":"repeat","background-position":"center center","background-size":"auto","background-attachment":"scroll","background-type":"","background-media":"","overlay-type":"","overlay-color":"","overlay-opacity":"","overlay-gradient":""}}},"product_brand":[],"product_cat":[366,369,362],"product_tag":[],"berocket_brand":[663],"class_list":{"0":"post-25595","1":"product","2":"type-product","3":"status-publish","4":"has-post-thumbnail","6":"product_cat-mitrinoss","7":"product_cat-problematiskai-adai-sejas-krems","8":"product_cat-sejas-krems","9":"berocket_brand-rovectin","10":"desktop-align-left","11":"tablet-align-left","12":"mobile-align-left","14":"first","15":"outofstock","16":"taxable","17":"shipping-taxable","18":"purchasable","19":"product-type-simple","20":"add-to-wishlist-before_image"},"yoast_head":"<!-- This site is optimized with the Yoast SEO plugin v27.4 - https:\/\/yoast.com\/product\/yoast-seo-wordpress\/ -->\n<title>ROVECTIN Vita Double Toning Cream 50ml - FACECORNER<\/title>\n<meta name=\"description\" content=\"ROVECTIN Vita Double Toning Cream tas ir viegls kopjo\u0161s kr\u0113ms-toniks-serums vien\u0101, ar dubultu toniz\u0113jo\u0161u efektu: uzkl\u0101jot to uz \u0101das, tas uzreiz pie\u0161\u0137ir tai svaigumu un mirdzumu, bet, lietojot regul\u0101ri, pal\u012bdz izl\u012bdzin\u0101t \u0101das toni, samazin\u0101t pigment\u0101ciju un tum\u0161os plankumus.\" \/>\n<meta name=\"robots\" content=\"index, follow, max-snippet:-1, max-image-preview:large, max-video-preview:-1\" \/>\n<link rel=\"canonical\" href=\"https:\/\/www.facecorner.lv\/lv\/shop\/rovectin-vita-double-toning-cream-50ml\/\" \/>\n<meta property=\"og:locale\" content=\"lv_LV\" \/>\n<meta property=\"og:type\" content=\"article\" \/>\n<meta property=\"og:title\" content=\"ROVECTIN Vita Double Toning Cream 50ml - FACECORNER\" \/>\n<meta property=\"og:description\" content=\"ROVECTIN Vita Double Toning Cream tas ir viegls kopjo\u0161s kr\u0113ms-toniks-serums vien\u0101, ar dubultu toniz\u0113jo\u0161u efektu: uzkl\u0101jot to uz \u0101das, tas uzreiz pie\u0161\u0137ir tai svaigumu un mirdzumu, bet, lietojot regul\u0101ri, pal\u012bdz izl\u012bdzin\u0101t \u0101das toni, samazin\u0101t pigment\u0101ciju un tum\u0161os plankumus.\" \/>\n<meta property=\"og:url\" content=\"https:\/\/www.facecorner.lv\/lv\/shop\/rovectin-vita-double-toning-cream-50ml\/\" \/>\n<meta property=\"og:site_name\" content=\"FACECORNER\" \/>\n<meta property=\"article:publisher\" content=\"https:\/\/www.facebook.com\/profile.php?id=100063824551839\" \/>\n<meta property=\"article:modified_time\" content=\"2026-01-24T11:37:10+00:00\" \/>\n<meta property=\"og:image\" content=\"https:\/\/www.facecorner.lv\/wp-content\/uploads\/2025\/10\/xe4bhrogqfyfwup4nk7tit5l89aok4lb.png\" \/>\n\t<meta property=\"og:image:width\" content=\"1000\" \/>\n\t<meta property=\"og:image:height\" content=\"1000\" \/>\n\t<meta property=\"og:image:type\" content=\"image\/png\" \/>\n<meta name=\"twitter:card\" content=\"summary_large_image\" \/>\n<meta name=\"twitter:label1\" content=\"Price\" \/>\n\t<meta name=\"twitter:data1\" content=\"&euro;26.90\" \/>\n\t<meta name=\"twitter:label2\" content=\"Availability\" \/>\n\t<meta name=\"twitter:data2\" content=\"Out of stock\" \/>\n<script type=\"application\/ld+json\" class=\"yoast-schema-graph\">{\"@context\":\"https:\\\/\\\/schema.org\",\"@graph\":[{\"@type\":\"WebPage\",\"@id\":\"https:\\\/\\\/www.facecorner.lv\\\/shop\\\/rovectin-vita-double-toning-cream-50ml\\\/\",\"url\":\"https:\\\/\\\/www.facecorner.lv\\\/shop\\\/rovectin-vita-double-toning-cream-50ml\\\/\",\"name\":\"ROVECTIN Vita Double Toning Cream 50ml - FACECORNER\",\"isPartOf\":{\"@id\":\"https:\\\/\\\/www.facecorner.lv\\\/#website\"},\"primaryImageOfPage\":{\"@id\":\"https:\\\/\\\/www.facecorner.lv\\\/shop\\\/rovectin-vita-double-toning-cream-50ml\\\/#primaryimage\"},\"image\":{\"@id\":\"https:\\\/\\\/www.facecorner.lv\\\/shop\\\/rovectin-vita-double-toning-cream-50ml\\\/#primaryimage\"},\"thumbnailUrl\":\"https:\\\/\\\/www.facecorner.lv\\\/wp-content\\\/uploads\\\/2025\\\/10\\\/xe4bhrogqfyfwup4nk7tit5l89aok4lb.png\",\"datePublished\":\"2025-10-15T13:13:40+00:00\",\"dateModified\":\"2026-01-24T11:37:10+00:00\",\"description\":\"ROVECTIN Vita Double Toning Cream tas ir viegls kopjo\u0161s kr\u0113ms-toniks-serums vien\u0101, ar dubultu toniz\u0113jo\u0161u efektu: uzkl\u0101jot to uz \u0101das, tas uzreiz pie\u0161\u0137ir tai svaigumu un mirdzumu, bet, lietojot regul\u0101ri, pal\u012bdz izl\u012bdzin\u0101t \u0101das toni, samazin\u0101t pigment\u0101ciju un tum\u0161os plankumus.\",\"breadcrumb\":{\"@id\":\"https:\\\/\\\/www.facecorner.lv\\\/shop\\\/rovectin-vita-double-toning-cream-50ml\\\/#breadcrumb\"},\"inLanguage\":\"lv-LV\",\"potentialAction\":[{\"@type\":\"ReadAction\",\"target\":[\"https:\\\/\\\/www.facecorner.lv\\\/shop\\\/rovectin-vita-double-toning-cream-50ml\\\/\"]}]},{\"@type\":\"ImageObject\",\"inLanguage\":\"lv-LV\",\"@id\":\"https:\\\/\\\/www.facecorner.lv\\\/shop\\\/rovectin-vita-double-toning-cream-50ml\\\/#primaryimage\",\"url\":\"https:\\\/\\\/www.facecorner.lv\\\/wp-content\\\/uploads\\\/2025\\\/10\\\/xe4bhrogqfyfwup4nk7tit5l89aok4lb.png\",\"contentUrl\":\"https:\\\/\\\/www.facecorner.lv\\\/wp-content\\\/uploads\\\/2025\\\/10\\\/xe4bhrogqfyfwup4nk7tit5l89aok4lb.png\",\"width\":1000,\"height\":1000,\"caption\":\"ROVECTIN Vita Double Toning Cream 50ml\"},{\"@type\":\"BreadcrumbList\",\"@id\":\"https:\\\/\\\/www.facecorner.lv\\\/shop\\\/rovectin-vita-double-toning-cream-50ml\\\/#breadcrumb\",\"itemListElement\":[{\"@type\":\"ListItem\",\"position\":1,\"name\":\"Home\",\"item\":\"https:\\\/\\\/www.facecorner.lv\\\/\"},{\"@type\":\"ListItem\",\"position\":2,\"name\":\"Veikals\",\"item\":\"https:\\\/\\\/www.facecorner.lv\\\/shop\\\/\"},{\"@type\":\"ListItem\",\"position\":3,\"name\":\"ROVECTIN Vita Double Toning Cream 50ml\"}]},{\"@type\":\"WebSite\",\"@id\":\"https:\\\/\\\/www.facecorner.lv\\\/#website\",\"url\":\"https:\\\/\\\/www.facecorner.lv\\\/\",\"name\":\"Facecorner\",\"description\":\"\",\"publisher\":{\"@id\":\"https:\\\/\\\/www.facecorner.lv\\\/#organization\"},\"potentialAction\":[{\"@type\":\"SearchAction\",\"target\":{\"@type\":\"EntryPoint\",\"urlTemplate\":\"https:\\\/\\\/www.facecorner.lv\\\/?s={search_term_string}\"},\"query-input\":{\"@type\":\"PropertyValueSpecification\",\"valueRequired\":true,\"valueName\":\"search_term_string\"}}],\"inLanguage\":\"lv-LV\"},{\"@type\":\"Organization\",\"@id\":\"https:\\\/\\\/www.facecorner.lv\\\/#organization\",\"name\":\"Facecorner\",\"url\":\"https:\\\/\\\/www.facecorner.lv\\\/\",\"logo\":{\"@type\":\"ImageObject\",\"inLanguage\":\"lv-LV\",\"@id\":\"https:\\\/\\\/www.facecorner.lv\\\/#\\\/schema\\\/logo\\\/image\\\/\",\"url\":\"https:\\\/\\\/www.facecorner.lv\\\/wp-content\\\/uploads\\\/2024\\\/04\\\/fc-logo.jpg\",\"contentUrl\":\"https:\\\/\\\/www.facecorner.lv\\\/wp-content\\\/uploads\\\/2024\\\/04\\\/fc-logo.jpg\",\"width\":174,\"height\":28,\"caption\":\"Facecorner\"},\"image\":{\"@id\":\"https:\\\/\\\/www.facecorner.lv\\\/#\\\/schema\\\/logo\\\/image\\\/\"},\"sameAs\":[\"https:\\\/\\\/www.facebook.com\\\/profile.php?id=100063824551839\",\"https:\\\/\\\/www.instagram.com\\\/facecorner_shop\\\/\"]}]}<\/script>\n<meta property=\"product:price:amount\" content=\"26.90\" \/>\n<meta property=\"product:price:currency\" content=\"EUR\" \/>\n<meta property=\"og:availability\" content=\"out of stock\" \/>\n<meta property=\"product:availability\" content=\"out of stock\" \/>\n<meta property=\"product:condition\" content=\"new\" \/>\n<!-- \/ Yoast SEO plugin. -->","yoast_head_json":{"title":"ROVECTIN Vita Double Toning Cream 50ml - FACECORNER","description":"ROVECTIN Vita Double Toning Cream tas ir viegls kopjo\u0161s kr\u0113ms-toniks-serums vien\u0101, ar dubultu toniz\u0113jo\u0161u efektu: uzkl\u0101jot to uz \u0101das, tas uzreiz pie\u0161\u0137ir tai svaigumu un mirdzumu, bet, lietojot regul\u0101ri, pal\u012bdz izl\u012bdzin\u0101t \u0101das toni, samazin\u0101t pigment\u0101ciju un tum\u0161os plankumus.","robots":{"index":"index","follow":"follow","max-snippet":"max-snippet:-1","max-image-preview":"max-image-preview:large","max-video-preview":"max-video-preview:-1"},"canonical":"https:\/\/www.facecorner.lv\/lv\/shop\/rovectin-vita-double-toning-cream-50ml\/","og_locale":"lv_LV","og_type":"article","og_title":"ROVECTIN Vita Double Toning Cream 50ml - FACECORNER","og_description":"ROVECTIN Vita Double Toning Cream tas ir viegls kopjo\u0161s kr\u0113ms-toniks-serums vien\u0101, ar dubultu toniz\u0113jo\u0161u efektu: uzkl\u0101jot to uz \u0101das, tas uzreiz pie\u0161\u0137ir tai svaigumu un mirdzumu, bet, lietojot regul\u0101ri, pal\u012bdz izl\u012bdzin\u0101t \u0101das toni, samazin\u0101t pigment\u0101ciju un tum\u0161os plankumus.","og_url":"https:\/\/www.facecorner.lv\/lv\/shop\/rovectin-vita-double-toning-cream-50ml\/","og_site_name":"FACECORNER","article_publisher":"https:\/\/www.facebook.com\/profile.php?id=100063824551839","article_modified_time":"2026-01-24T11:37:10+00:00","og_image":[{"width":1000,"height":1000,"url":"https:\/\/www.facecorner.lv\/wp-content\/uploads\/2025\/10\/xe4bhrogqfyfwup4nk7tit5l89aok4lb.png","type":"image\/png"}],"twitter_card":"summary_large_image","twitter_misc":{"Price":"&euro;26.90","Availability":"Out of stock"},"schema":{"@context":"https:\/\/schema.org","@graph":[{"@type":"WebPage","@id":"https:\/\/www.facecorner.lv\/shop\/rovectin-vita-double-toning-cream-50ml\/","url":"https:\/\/www.facecorner.lv\/shop\/rovectin-vita-double-toning-cream-50ml\/","name":"ROVECTIN Vita Double Toning Cream 50ml - FACECORNER","isPartOf":{"@id":"https:\/\/www.facecorner.lv\/#website"},"primaryImageOfPage":{"@id":"https:\/\/www.facecorner.lv\/shop\/rovectin-vita-double-toning-cream-50ml\/#primaryimage"},"image":{"@id":"https:\/\/www.facecorner.lv\/shop\/rovectin-vita-double-toning-cream-50ml\/#primaryimage"},"thumbnailUrl":"https:\/\/www.facecorner.lv\/wp-content\/uploads\/2025\/10\/xe4bhrogqfyfwup4nk7tit5l89aok4lb.png","datePublished":"2025-10-15T13:13:40+00:00","dateModified":"2026-01-24T11:37:10+00:00","description":"ROVECTIN Vita Double Toning Cream tas ir viegls kopjo\u0161s kr\u0113ms-toniks-serums vien\u0101, ar dubultu toniz\u0113jo\u0161u efektu: uzkl\u0101jot to uz \u0101das, tas uzreiz pie\u0161\u0137ir tai svaigumu un mirdzumu, bet, lietojot regul\u0101ri, pal\u012bdz izl\u012bdzin\u0101t \u0101das toni, samazin\u0101t pigment\u0101ciju un tum\u0161os plankumus.","breadcrumb":{"@id":"https:\/\/www.facecorner.lv\/shop\/rovectin-vita-double-toning-cream-50ml\/#breadcrumb"},"inLanguage":"lv-LV","potentialAction":[{"@type":"ReadAction","target":["https:\/\/www.facecorner.lv\/shop\/rovectin-vita-double-toning-cream-50ml\/"]}]},{"@type":"ImageObject","inLanguage":"lv-LV","@id":"https:\/\/www.facecorner.lv\/shop\/rovectin-vita-double-toning-cream-50ml\/#primaryimage","url":"https:\/\/www.facecorner.lv\/wp-content\/uploads\/2025\/10\/xe4bhrogqfyfwup4nk7tit5l89aok4lb.png","contentUrl":"https:\/\/www.facecorner.lv\/wp-content\/uploads\/2025\/10\/xe4bhrogqfyfwup4nk7tit5l89aok4lb.png","width":1000,"height":1000,"caption":"ROVECTIN Vita Double Toning Cream 50ml"},{"@type":"BreadcrumbList","@id":"https:\/\/www.facecorner.lv\/shop\/rovectin-vita-double-toning-cream-50ml\/#breadcrumb","itemListElement":[{"@type":"ListItem","position":1,"name":"Home","item":"https:\/\/www.facecorner.lv\/"},{"@type":"ListItem","position":2,"name":"Veikals","item":"https:\/\/www.facecorner.lv\/shop\/"},{"@type":"ListItem","position":3,"name":"ROVECTIN Vita Double Toning Cream 50ml"}]},{"@type":"WebSite","@id":"https:\/\/www.facecorner.lv\/#website","url":"https:\/\/www.facecorner.lv\/","name":"Facecorner","description":"","publisher":{"@id":"https:\/\/www.facecorner.lv\/#organization"},"potentialAction":[{"@type":"SearchAction","target":{"@type":"EntryPoint","urlTemplate":"https:\/\/www.facecorner.lv\/?s={search_term_string}"},"query-input":{"@type":"PropertyValueSpecification","valueRequired":true,"valueName":"search_term_string"}}],"inLanguage":"lv-LV"},{"@type":"Organization","@id":"https:\/\/www.facecorner.lv\/#organization","name":"Facecorner","url":"https:\/\/www.facecorner.lv\/","logo":{"@type":"ImageObject","inLanguage":"lv-LV","@id":"https:\/\/www.facecorner.lv\/#\/schema\/logo\/image\/","url":"https:\/\/www.facecorner.lv\/wp-content\/uploads\/2024\/04\/fc-logo.jpg","contentUrl":"https:\/\/www.facecorner.lv\/wp-content\/uploads\/2024\/04\/fc-logo.jpg","width":174,"height":28,"caption":"Facecorner"},"image":{"@id":"https:\/\/www.facecorner.lv\/#\/schema\/logo\/image\/"},"sameAs":["https:\/\/www.facebook.com\/profile.php?id=100063824551839","https:\/\/www.instagram.com\/facecorner_shop\/"]}]},"product_price_amount":"26.90","product_price_currency":"EUR","og_availability":"out of stock","product_availability":"out of stock","product_condition":"new"},"_links":{"self":[{"href":"https:\/\/www.facecorner.lv\/lv\/wp-json\/wp\/v2\/product\/25595","targetHints":{"allow":["GET"]}}],"collection":[{"href":"https:\/\/www.facecorner.lv\/lv\/wp-json\/wp\/v2\/product"}],"about":[{"href":"https:\/\/www.facecorner.lv\/lv\/wp-json\/wp\/v2\/types\/product"}],"replies":[{"embeddable":true,"href":"https:\/\/www.facecorner.lv\/lv\/wp-json\/wp\/v2\/comments?post=25595"}],"wp:featuredmedia":[{"embeddable":true,"href":"https:\/\/www.facecorner.lv\/lv\/wp-json\/wp\/v2\/media\/25596"}],"wp:attachment":[{"href":"https:\/\/www.facecorner.lv\/lv\/wp-json\/wp\/v2\/media?parent=25595"}],"wp:term":[{"taxonomy":"product_brand","embeddable":true,"href":"https:\/\/www.facecorner.lv\/lv\/wp-json\/wp\/v2\/product_brand?post=25595"},{"taxonomy":"product_cat","embeddable":true,"href":"https:\/\/www.facecorner.lv\/lv\/wp-json\/wp\/v2\/product_cat?post=25595"},{"taxonomy":"product_tag","embeddable":true,"href":"https:\/\/www.facecorner.lv\/lv\/wp-json\/wp\/v2\/product_tag?post=25595"},{"taxonomy":"berocket_brand","embeddable":true,"href":"https:\/\/www.facecorner.lv\/lv\/wp-json\/wp\/v2\/berocket_brand?post=25595"}],"curies":[{"name":"wp","href":"https:\/\/api.w.org\/{rel}","templated":true}]}}