{"id":25590,"date":"2025-10-15T15:46:14","date_gmt":"2025-10-15T12:46:14","guid":{"rendered":"https:\/\/www.facecorner.lv\/?post_type=product&#038;p=25590"},"modified":"2025-11-30T17:05:01","modified_gmt":"2025-11-30T14:05:01","slug":"vt-pdrn-reedle-shot-hair-ampoule-300dl-15ml","status":"publish","type":"product","link":"https:\/\/www.facecorner.lv\/lv\/shop\/vt-pdrn-reedle-shot-hair-ampoule-300dl-15ml\/","title":{"rendered":"VT PDRN Reedle Shot Hair Ampoule 300dL 15ml"},"content":{"rendered":"<p>VT PDRN Reedle Shot Hair Ampoule 300dL t\u0101 ir ampula\/serums (hair ampoule \/ scalp treatment) no Korejas z\u012bmola VT Cosmetics, kas paredz\u0113ta galvas \u0101das kop\u0161anai un matu aug\u0161anai.<\/p>\n<p>Versija ar mar\u0137\u0113jumu 300dL ir vid\u0113ji intens\u012bva koncentr\u0101cija, kas nodro\u0161ina intens\u012bv\u0101ku kop\u0161anu nek\u0101 maig\u0101 versija, bet nav tik agres\u012bva k\u0101 visstipr\u0101k\u0101 (700dL).<\/p>\n<p><strong>Izmanto:<\/strong><\/p>\n<ul>\n<li>matu folikulu stiprin\u0101\u0161ana<\/li>\n<li>matu izkri\u0161anas samazin\u0101\u0161ana<\/li>\n<li>galvas \u0101das nomierin\u0101\u0161ana (\u012bpa\u0161i, ja ir kairin\u0101jums, nieze, diskomforts)<\/li>\n<li>uzlabo galvas \u0101das mikrocirkul\u0101ciju<\/li>\n<li>galvas \u0101das atdz\u012bvin\u0101\u0161ana un baro\u0161ana<\/li>\n<\/ul>\n<p><strong>K\u0101 lietot:<\/strong><\/p>\n<ul>\n<li>Parasti lieto 2\u20133 reizes ned\u0113\u013c\u0101 vai saska\u0146\u0101 ar instrukcij\u0101m ar p\u0101rtraukumiem, jo koncentr\u0101cija ir augst\u0101ka nek\u0101 maig\u0101kaj\u0101s versij\u0101s.<\/li>\n<li>Uzkl\u0101j uz iepriek\u0161 mazg\u0101tas un nosusin\u0101tas galvas \u0101das, izmantojot aplikatoru, uz viet\u0101m, kur ir matu izkri\u0161ana vai retin\u0101\u0161an\u0101s.<\/li>\n<li>P\u0113c uzkl\u0101\u0161anas mas\u0101\u017ea ir viegla, produkts netiek nomazg\u0101ts uzreiz.<\/li>\n<li>Izvairieties no lieto\u0161anas uzreiz p\u0113c proced\u016br\u0101m, ja galvas \u0101da ir \u013coti kairin\u0101ta vai ir atv\u0113rtas br\u016bces.<\/li>\n<\/ul>\n<p><strong>Sast\u0101vs<\/strong>: Water, Alcohol Denat., Silica, C12\u201113 Alketh\u20119, Caffeine, Glycerin, PPG\u20112\u2011Deceth\u201112, Carbomer, Caprylyl Glycol, Methyl Diisopropyl Propionamide, Tromethamine, Centella Asiatica Extract, 1,2\u2011Hexanediol, Disodium EDTA, Niacinamide, Butylene Glycol, Allantoin, Panthenol, Citric Acid, Glycine Soja (Soybean) Seed Extract, Panax Ginseng Root Extract, Rosmarinus Officinalis (Rosemary) Extract, Sodium Hyaluronate, Saccharomyces Cerevisiae Extract, Glycine, Serine, Glutamic Acid, Propolis Extract, Hydroxypropyl Cyclodextrin, Lecithin, Aspartic Acid, Sodium DNA, Leucine, Asiaticoside, Biotin, Acetyl Hexapeptide\u20118, Alanine, Lysine, Arginine, Tyrosine, Phenylalanine, Asiatic Acid, Madecassic Acid, Madecassoside, Proline, Threonine, Valine, Isoleucine, Ethylhexylglycerin, Angelica Gigas Root Extract, Camellia Sinensis Leaf Extract, Curcuma Longa (Turmeric) Root Extract, Eclipta Prostrata Extract, Histidine, Polygonum Multiflorum Root Extract, Scutellaria Baicalensis Root Extract, Swertia Japonica Extract, Thuja Orientalis Leaf Extract, Cysteine, Methionine, Ascorbic Acid Polypeptide, Carthamus Tinctorius (Safflower) Flower Extract, Forsythia Suspensa Fruit Extract, Ginkgo Biloba Leaf Extract, Glycyrrhiza Uralensis (Licorice) Root Extract, Schisandra Chinensis Fruit Extract, Zingiber Officinale (Ginger) Root Extract, Artemisia Princeps Leaf Extract, Acorus Gramineus Extract, Cornus Officinalis Fruit Extract, Chrysanthemum Zawadskii Extract, Dipotassium Glycyrrhizate, Ficus Carica (Fig) Fruit Extract, Ganoderma Lucidum (Mushroom) Extract, Houttuynia Cordata Extract, Sophora Flavescens Root Extract, Aspergillus Ferment, Ceramide NP, Acetyl Tetrapeptide\u20115, Acetyl Tetrapeptide\u20119, Acetyl Tetrapeptide\u20113, Acetyl Tetrapeptide\u20112, Acetyl Octapeptide\u20113, Copper Tripeptide\u20111, Carnosine, Nonapeptide\u20111, Palmitoyl Pentapeptide\u20114, Palmitoyl Tripeptide\u20111, Palmitoyl Tripeptide\u20115, sh\u2011Polypeptide\u201122, sh\u2011Oligopeptide\u20111, sh\u2011Polypeptide\u20111, sh\u2011Polypeptide\u20119, sh\u2011Oligopeptide\u20112, sh\u2011Polypeptide\u201111, sh\u2011Polypeptide\u20113, sh\u2011Polypeptide\u201116, sh\u2011Polypeptide\u201162.<\/p>\n","protected":false},"excerpt":{"rendered":"<p>VT PDRN Reedle Shot Hair Ampoule 300dL t\u0101 ir ampula\/serums (hair ampoule \/ scalp treatment) no Korejas z\u012bmola VT Cosmetics, kas paredz\u0113ta galvas \u0101das kop\u0161anai un matu aug\u0161anai.<\/p>\n","protected":false},"featured_media":25591,"comment_status":"open","ping_status":"closed","template":"","meta":{"site-sidebar-layout":"default","site-content-layout":"","ast-site-content-layout":"default","site-content-style":"default","site-sidebar-style":"default","ast-global-header-display":"","ast-banner-title-visibility":"","ast-main-header-display":"","ast-hfb-above-header-display":"","ast-hfb-below-header-display":"","ast-hfb-mobile-header-display":"","site-post-title":"","ast-breadcrumbs-content":"","ast-featured-img":"","footer-sml-layout":"","theme-transparent-header-meta":"default","adv-header-id-meta":"","stick-header-meta":"","header-above-stick-meta":"","header-main-stick-meta":"","header-below-stick-meta":"","astra-migrate-meta-layouts":"set","ast-page-background-enabled":"default","ast-page-background-meta":{"desktop":{"background-color":"var(--ast-global-color-4)","background-image":"","background-repeat":"repeat","background-position":"center center","background-size":"auto","background-attachment":"scroll","background-type":"","background-media":"","overlay-type":"","overlay-color":"","overlay-opacity":"","overlay-gradient":""},"tablet":{"background-color":"","background-image":"","background-repeat":"repeat","background-position":"center center","background-size":"auto","background-attachment":"scroll","background-type":"","background-media":"","overlay-type":"","overlay-color":"","overlay-opacity":"","overlay-gradient":""},"mobile":{"background-color":"","background-image":"","background-repeat":"repeat","background-position":"center center","background-size":"auto","background-attachment":"scroll","background-type":"","background-media":"","overlay-type":"","overlay-color":"","overlay-opacity":"","overlay-gradient":""}},"ast-content-background-meta":{"desktop":{"background-color":"var(--ast-global-color-5)","background-image":"","background-repeat":"repeat","background-position":"center center","background-size":"auto","background-attachment":"scroll","background-type":"","background-media":"","overlay-type":"","overlay-color":"","overlay-opacity":"","overlay-gradient":""},"tablet":{"background-color":"var(--ast-global-color-5)","background-image":"","background-repeat":"repeat","background-position":"center center","background-size":"auto","background-attachment":"scroll","background-type":"","background-media":"","overlay-type":"","overlay-color":"","overlay-opacity":"","overlay-gradient":""},"mobile":{"background-color":"var(--ast-global-color-5)","background-image":"","background-repeat":"repeat","background-position":"center center","background-size":"auto","background-attachment":"scroll","background-type":"","background-media":"","overlay-type":"","overlay-color":"","overlay-opacity":"","overlay-gradient":""}}},"product_brand":[],"product_cat":[511,354,330,351,652],"product_tag":[],"berocket_brand":[582],"class_list":{"0":"post-25590","1":"product","2":"type-product","3":"status-publish","4":"has-post-thumbnail","6":"product_cat-atlaides","7":"product_cat-filleri-un-serumi","8":"product_cat-matiem","9":"product_cat-matu-maskas","10":"product_cat-pdrn","11":"berocket_brand-vt","12":"desktop-align-left","13":"tablet-align-left","14":"mobile-align-left","16":"first","17":"outofstock","18":"sale","19":"taxable","20":"shipping-taxable","21":"purchasable","22":"product-type-simple","23":"add-to-wishlist-before_image"},"yoast_head":"<!-- This site is optimized with the Yoast SEO plugin v27.4 - https:\/\/yoast.com\/product\/yoast-seo-wordpress\/ -->\n<title>VT PDRN Reedle Shot Hair Ampoule 300dL 15ml - FACECORNER<\/title>\n<meta name=\"description\" content=\"VT PDRN Reedle Shot Hair Ampoule 300dL t\u0101 ir ampula\/serums (hair ampoule \/ scalp treatment) no Korejas z\u012bmola VT Cosmetics, kas paredz\u0113ta galvas \u0101das kop\u0161anai un matu aug\u0161anai.\" \/>\n<meta name=\"robots\" content=\"index, follow, max-snippet:-1, max-image-preview:large, max-video-preview:-1\" \/>\n<link rel=\"canonical\" href=\"https:\/\/www.facecorner.lv\/lv\/shop\/vt-pdrn-reedle-shot-hair-ampoule-300dl-15ml\/\" \/>\n<meta property=\"og:locale\" content=\"lv_LV\" \/>\n<meta property=\"og:type\" content=\"article\" \/>\n<meta property=\"og:title\" content=\"VT PDRN Reedle Shot Hair Ampoule 300dL 15ml - FACECORNER\" \/>\n<meta property=\"og:description\" content=\"VT PDRN Reedle Shot Hair Ampoule 300dL t\u0101 ir ampula\/serums (hair ampoule \/ scalp treatment) no Korejas z\u012bmola VT Cosmetics, kas paredz\u0113ta galvas \u0101das kop\u0161anai un matu aug\u0161anai.\" \/>\n<meta property=\"og:url\" content=\"https:\/\/www.facecorner.lv\/lv\/shop\/vt-pdrn-reedle-shot-hair-ampoule-300dl-15ml\/\" \/>\n<meta property=\"og:site_name\" content=\"FACECORNER\" \/>\n<meta property=\"article:publisher\" content=\"https:\/\/www.facebook.com\/profile.php?id=100063824551839\" \/>\n<meta property=\"article:modified_time\" content=\"2025-11-30T14:05:01+00:00\" \/>\n<meta property=\"og:image\" content=\"https:\/\/www.facecorner.lv\/wp-content\/uploads\/2025\/10\/1_b07c7939-bc61-4548-bdf9-ec7cbb633e08.webp\" \/>\n\t<meta property=\"og:image:width\" content=\"1445\" \/>\n\t<meta property=\"og:image:height\" content=\"1445\" \/>\n\t<meta property=\"og:image:type\" content=\"image\/webp\" \/>\n<meta name=\"twitter:card\" content=\"summary_large_image\" \/>\n<meta name=\"twitter:label1\" content=\"Price\" \/>\n\t<meta name=\"twitter:data1\" content=\"&euro;34.90\" \/>\n\t<meta name=\"twitter:label2\" content=\"Availability\" \/>\n\t<meta name=\"twitter:data2\" content=\"Out of stock\" \/>\n<script type=\"application\/ld+json\" class=\"yoast-schema-graph\">{\"@context\":\"https:\\\/\\\/schema.org\",\"@graph\":[{\"@type\":\"WebPage\",\"@id\":\"https:\\\/\\\/www.facecorner.lv\\\/shop\\\/vt-pdrn-reedle-shot-hair-ampoule-300dl-15ml\\\/\",\"url\":\"https:\\\/\\\/www.facecorner.lv\\\/shop\\\/vt-pdrn-reedle-shot-hair-ampoule-300dl-15ml\\\/\",\"name\":\"VT PDRN Reedle Shot Hair Ampoule 300dL 15ml - FACECORNER\",\"isPartOf\":{\"@id\":\"https:\\\/\\\/www.facecorner.lv\\\/#website\"},\"primaryImageOfPage\":{\"@id\":\"https:\\\/\\\/www.facecorner.lv\\\/shop\\\/vt-pdrn-reedle-shot-hair-ampoule-300dl-15ml\\\/#primaryimage\"},\"image\":{\"@id\":\"https:\\\/\\\/www.facecorner.lv\\\/shop\\\/vt-pdrn-reedle-shot-hair-ampoule-300dl-15ml\\\/#primaryimage\"},\"thumbnailUrl\":\"https:\\\/\\\/www.facecorner.lv\\\/wp-content\\\/uploads\\\/2025\\\/10\\\/1_b07c7939-bc61-4548-bdf9-ec7cbb633e08.webp\",\"datePublished\":\"2025-10-15T12:46:14+00:00\",\"dateModified\":\"2025-11-30T14:05:01+00:00\",\"description\":\"VT PDRN Reedle Shot Hair Ampoule 300dL t\u0101 ir ampula\\\/serums (hair ampoule \\\/ scalp treatment) no Korejas z\u012bmola VT Cosmetics, kas paredz\u0113ta galvas \u0101das kop\u0161anai un matu aug\u0161anai.\",\"breadcrumb\":{\"@id\":\"https:\\\/\\\/www.facecorner.lv\\\/shop\\\/vt-pdrn-reedle-shot-hair-ampoule-300dl-15ml\\\/#breadcrumb\"},\"inLanguage\":\"lv-LV\",\"potentialAction\":[{\"@type\":\"ReadAction\",\"target\":[\"https:\\\/\\\/www.facecorner.lv\\\/shop\\\/vt-pdrn-reedle-shot-hair-ampoule-300dl-15ml\\\/\"]}]},{\"@type\":\"ImageObject\",\"inLanguage\":\"lv-LV\",\"@id\":\"https:\\\/\\\/www.facecorner.lv\\\/shop\\\/vt-pdrn-reedle-shot-hair-ampoule-300dl-15ml\\\/#primaryimage\",\"url\":\"https:\\\/\\\/www.facecorner.lv\\\/wp-content\\\/uploads\\\/2025\\\/10\\\/1_b07c7939-bc61-4548-bdf9-ec7cbb633e08.webp\",\"contentUrl\":\"https:\\\/\\\/www.facecorner.lv\\\/wp-content\\\/uploads\\\/2025\\\/10\\\/1_b07c7939-bc61-4548-bdf9-ec7cbb633e08.webp\",\"width\":1445,\"height\":1445,\"caption\":\"VT PDRN Reedle Shot Hair Ampoule 300dL 15ml\"},{\"@type\":\"BreadcrumbList\",\"@id\":\"https:\\\/\\\/www.facecorner.lv\\\/shop\\\/vt-pdrn-reedle-shot-hair-ampoule-300dl-15ml\\\/#breadcrumb\",\"itemListElement\":[{\"@type\":\"ListItem\",\"position\":1,\"name\":\"Home\",\"item\":\"https:\\\/\\\/www.facecorner.lv\\\/\"},{\"@type\":\"ListItem\",\"position\":2,\"name\":\"Veikals\",\"item\":\"https:\\\/\\\/www.facecorner.lv\\\/shop\\\/\"},{\"@type\":\"ListItem\",\"position\":3,\"name\":\"VT PDRN Reedle Shot Hair Ampoule 300dL 15ml\"}]},{\"@type\":\"WebSite\",\"@id\":\"https:\\\/\\\/www.facecorner.lv\\\/#website\",\"url\":\"https:\\\/\\\/www.facecorner.lv\\\/\",\"name\":\"Facecorner\",\"description\":\"\",\"publisher\":{\"@id\":\"https:\\\/\\\/www.facecorner.lv\\\/#organization\"},\"potentialAction\":[{\"@type\":\"SearchAction\",\"target\":{\"@type\":\"EntryPoint\",\"urlTemplate\":\"https:\\\/\\\/www.facecorner.lv\\\/?s={search_term_string}\"},\"query-input\":{\"@type\":\"PropertyValueSpecification\",\"valueRequired\":true,\"valueName\":\"search_term_string\"}}],\"inLanguage\":\"lv-LV\"},{\"@type\":\"Organization\",\"@id\":\"https:\\\/\\\/www.facecorner.lv\\\/#organization\",\"name\":\"Facecorner\",\"url\":\"https:\\\/\\\/www.facecorner.lv\\\/\",\"logo\":{\"@type\":\"ImageObject\",\"inLanguage\":\"lv-LV\",\"@id\":\"https:\\\/\\\/www.facecorner.lv\\\/#\\\/schema\\\/logo\\\/image\\\/\",\"url\":\"https:\\\/\\\/www.facecorner.lv\\\/wp-content\\\/uploads\\\/2024\\\/04\\\/fc-logo.jpg\",\"contentUrl\":\"https:\\\/\\\/www.facecorner.lv\\\/wp-content\\\/uploads\\\/2024\\\/04\\\/fc-logo.jpg\",\"width\":174,\"height\":28,\"caption\":\"Facecorner\"},\"image\":{\"@id\":\"https:\\\/\\\/www.facecorner.lv\\\/#\\\/schema\\\/logo\\\/image\\\/\"},\"sameAs\":[\"https:\\\/\\\/www.facebook.com\\\/profile.php?id=100063824551839\",\"https:\\\/\\\/www.instagram.com\\\/facecorner_shop\\\/\"]}]}<\/script>\n<meta property=\"product:price:amount\" content=\"34.90\" \/>\n<meta property=\"product:price:currency\" content=\"EUR\" \/>\n<meta property=\"og:availability\" content=\"out of stock\" \/>\n<meta property=\"product:availability\" content=\"out of stock\" \/>\n<meta property=\"product:condition\" content=\"new\" \/>\n<!-- \/ Yoast SEO plugin. -->","yoast_head_json":{"title":"VT PDRN Reedle Shot Hair Ampoule 300dL 15ml - FACECORNER","description":"VT PDRN Reedle Shot Hair Ampoule 300dL t\u0101 ir ampula\/serums (hair ampoule \/ scalp treatment) no Korejas z\u012bmola VT Cosmetics, kas paredz\u0113ta galvas \u0101das kop\u0161anai un matu aug\u0161anai.","robots":{"index":"index","follow":"follow","max-snippet":"max-snippet:-1","max-image-preview":"max-image-preview:large","max-video-preview":"max-video-preview:-1"},"canonical":"https:\/\/www.facecorner.lv\/lv\/shop\/vt-pdrn-reedle-shot-hair-ampoule-300dl-15ml\/","og_locale":"lv_LV","og_type":"article","og_title":"VT PDRN Reedle Shot Hair Ampoule 300dL 15ml - FACECORNER","og_description":"VT PDRN Reedle Shot Hair Ampoule 300dL t\u0101 ir ampula\/serums (hair ampoule \/ scalp treatment) no Korejas z\u012bmola VT Cosmetics, kas paredz\u0113ta galvas \u0101das kop\u0161anai un matu aug\u0161anai.","og_url":"https:\/\/www.facecorner.lv\/lv\/shop\/vt-pdrn-reedle-shot-hair-ampoule-300dl-15ml\/","og_site_name":"FACECORNER","article_publisher":"https:\/\/www.facebook.com\/profile.php?id=100063824551839","article_modified_time":"2025-11-30T14:05:01+00:00","og_image":[{"width":1445,"height":1445,"url":"https:\/\/www.facecorner.lv\/wp-content\/uploads\/2025\/10\/1_b07c7939-bc61-4548-bdf9-ec7cbb633e08.webp","type":"image\/webp"}],"twitter_card":"summary_large_image","twitter_misc":{"Price":"&euro;34.90","Availability":"Out of stock"},"schema":{"@context":"https:\/\/schema.org","@graph":[{"@type":"WebPage","@id":"https:\/\/www.facecorner.lv\/shop\/vt-pdrn-reedle-shot-hair-ampoule-300dl-15ml\/","url":"https:\/\/www.facecorner.lv\/shop\/vt-pdrn-reedle-shot-hair-ampoule-300dl-15ml\/","name":"VT PDRN Reedle Shot Hair Ampoule 300dL 15ml - FACECORNER","isPartOf":{"@id":"https:\/\/www.facecorner.lv\/#website"},"primaryImageOfPage":{"@id":"https:\/\/www.facecorner.lv\/shop\/vt-pdrn-reedle-shot-hair-ampoule-300dl-15ml\/#primaryimage"},"image":{"@id":"https:\/\/www.facecorner.lv\/shop\/vt-pdrn-reedle-shot-hair-ampoule-300dl-15ml\/#primaryimage"},"thumbnailUrl":"https:\/\/www.facecorner.lv\/wp-content\/uploads\/2025\/10\/1_b07c7939-bc61-4548-bdf9-ec7cbb633e08.webp","datePublished":"2025-10-15T12:46:14+00:00","dateModified":"2025-11-30T14:05:01+00:00","description":"VT PDRN Reedle Shot Hair Ampoule 300dL t\u0101 ir ampula\/serums (hair ampoule \/ scalp treatment) no Korejas z\u012bmola VT Cosmetics, kas paredz\u0113ta galvas \u0101das kop\u0161anai un matu aug\u0161anai.","breadcrumb":{"@id":"https:\/\/www.facecorner.lv\/shop\/vt-pdrn-reedle-shot-hair-ampoule-300dl-15ml\/#breadcrumb"},"inLanguage":"lv-LV","potentialAction":[{"@type":"ReadAction","target":["https:\/\/www.facecorner.lv\/shop\/vt-pdrn-reedle-shot-hair-ampoule-300dl-15ml\/"]}]},{"@type":"ImageObject","inLanguage":"lv-LV","@id":"https:\/\/www.facecorner.lv\/shop\/vt-pdrn-reedle-shot-hair-ampoule-300dl-15ml\/#primaryimage","url":"https:\/\/www.facecorner.lv\/wp-content\/uploads\/2025\/10\/1_b07c7939-bc61-4548-bdf9-ec7cbb633e08.webp","contentUrl":"https:\/\/www.facecorner.lv\/wp-content\/uploads\/2025\/10\/1_b07c7939-bc61-4548-bdf9-ec7cbb633e08.webp","width":1445,"height":1445,"caption":"VT PDRN Reedle Shot Hair Ampoule 300dL 15ml"},{"@type":"BreadcrumbList","@id":"https:\/\/www.facecorner.lv\/shop\/vt-pdrn-reedle-shot-hair-ampoule-300dl-15ml\/#breadcrumb","itemListElement":[{"@type":"ListItem","position":1,"name":"Home","item":"https:\/\/www.facecorner.lv\/"},{"@type":"ListItem","position":2,"name":"Veikals","item":"https:\/\/www.facecorner.lv\/shop\/"},{"@type":"ListItem","position":3,"name":"VT PDRN Reedle Shot Hair Ampoule 300dL 15ml"}]},{"@type":"WebSite","@id":"https:\/\/www.facecorner.lv\/#website","url":"https:\/\/www.facecorner.lv\/","name":"Facecorner","description":"","publisher":{"@id":"https:\/\/www.facecorner.lv\/#organization"},"potentialAction":[{"@type":"SearchAction","target":{"@type":"EntryPoint","urlTemplate":"https:\/\/www.facecorner.lv\/?s={search_term_string}"},"query-input":{"@type":"PropertyValueSpecification","valueRequired":true,"valueName":"search_term_string"}}],"inLanguage":"lv-LV"},{"@type":"Organization","@id":"https:\/\/www.facecorner.lv\/#organization","name":"Facecorner","url":"https:\/\/www.facecorner.lv\/","logo":{"@type":"ImageObject","inLanguage":"lv-LV","@id":"https:\/\/www.facecorner.lv\/#\/schema\/logo\/image\/","url":"https:\/\/www.facecorner.lv\/wp-content\/uploads\/2024\/04\/fc-logo.jpg","contentUrl":"https:\/\/www.facecorner.lv\/wp-content\/uploads\/2024\/04\/fc-logo.jpg","width":174,"height":28,"caption":"Facecorner"},"image":{"@id":"https:\/\/www.facecorner.lv\/#\/schema\/logo\/image\/"},"sameAs":["https:\/\/www.facebook.com\/profile.php?id=100063824551839","https:\/\/www.instagram.com\/facecorner_shop\/"]}]},"product_price_amount":"34.90","product_price_currency":"EUR","og_availability":"out of stock","product_availability":"out of stock","product_condition":"new"},"_links":{"self":[{"href":"https:\/\/www.facecorner.lv\/lv\/wp-json\/wp\/v2\/product\/25590","targetHints":{"allow":["GET"]}}],"collection":[{"href":"https:\/\/www.facecorner.lv\/lv\/wp-json\/wp\/v2\/product"}],"about":[{"href":"https:\/\/www.facecorner.lv\/lv\/wp-json\/wp\/v2\/types\/product"}],"replies":[{"embeddable":true,"href":"https:\/\/www.facecorner.lv\/lv\/wp-json\/wp\/v2\/comments?post=25590"}],"wp:featuredmedia":[{"embeddable":true,"href":"https:\/\/www.facecorner.lv\/lv\/wp-json\/wp\/v2\/media\/25591"}],"wp:attachment":[{"href":"https:\/\/www.facecorner.lv\/lv\/wp-json\/wp\/v2\/media?parent=25590"}],"wp:term":[{"taxonomy":"product_brand","embeddable":true,"href":"https:\/\/www.facecorner.lv\/lv\/wp-json\/wp\/v2\/product_brand?post=25590"},{"taxonomy":"product_cat","embeddable":true,"href":"https:\/\/www.facecorner.lv\/lv\/wp-json\/wp\/v2\/product_cat?post=25590"},{"taxonomy":"product_tag","embeddable":true,"href":"https:\/\/www.facecorner.lv\/lv\/wp-json\/wp\/v2\/product_tag?post=25590"},{"taxonomy":"berocket_brand","embeddable":true,"href":"https:\/\/www.facecorner.lv\/lv\/wp-json\/wp\/v2\/berocket_brand?post=25590"}],"curies":[{"name":"wp","href":"https:\/\/api.w.org\/{rel}","templated":true}]}}