{"id":25587,"date":"2025-10-15T15:16:43","date_gmt":"2025-10-15T12:16:43","guid":{"rendered":"https:\/\/www.facecorner.lv\/?post_type=product&#038;p=25587"},"modified":"2026-02-16T16:51:01","modified_gmt":"2026-02-16T13:51:01","slug":"intensivi-atjaunojoss-barjeras-krems-dr-althea-147-barrier-cream-50ml","status":"publish","type":"product","link":"https:\/\/www.facecorner.lv\/lv\/shop\/intensivi-atjaunojoss-barjeras-krems-dr-althea-147-barrier-cream-50ml\/","title":{"rendered":"Intens\u012bvi atjaunojo\u0161s barjeras kr\u0113ms Dr. Althea 147 Barrier Cream 50ml"},"content":{"rendered":"<p>Dr. Althea 147 Barrier Cream ir bag\u0101t\u012bgs aizsargkr\u0113ms, kas rad\u012bts \u012bpa\u0161i sausas, dehidr\u0113tas un jut\u012bgas \u0101das kop\u0161anai.<\/p>\n<p>Formula veicina \u0101das lip\u012bdu (tauku) barjeras atjauno\u0161anos, dzi\u013ci mitrina, nomierina kairin\u0101jumu un aps\u0101rtumu. Kr\u0113ms ir piem\u0113rots lieto\u0161anai p\u0113c proced\u016br\u0101m (pilingi, l\u0101zers, mikrodermabr\u0101zija), k\u0101 ar\u012b sezon\u0101s, kad \u0101da ir \u012bpa\u0161i sausa vai aukst\u0101 laik\u0101.<\/p>\n<p><strong>Galven\u0101s akt\u012bv\u0101s sast\u0101vda\u013cas:<\/strong><\/p>\n<ul>\n<li>Gviazul\u0113ns \u2014 sint\u0113tisks azul\u0113na analogons, galven\u0101 akt\u012bv\u0101 viela aptiekas kumel\u012bt\u0113. Tam ir pretiekaisuma un nomierino\u0161a iedarb\u012bba. C\u012bn\u0101s ar aps\u0101rtumu, kairin\u0101jumu un niezi, samazina jut\u012bgumu un dzied\u0113 mikrotraumas.<\/li>\n<li>Ceram\u012bdu komplekss atjauno raga sl\u0101\u0146a integrit\u0101ti, nostiprina dabisko barjeru, samazina jut\u012bbu pret \u0101r\u0113jiem kairin\u0101t\u0101jiem, nov\u0113r\u0161 lob\u012b\u0161anos un sausumu.<\/li>\n<li>Peonijas ekstrakts ir toniz\u0113jo\u0161a un atjaunojo\u0161a iedarb\u012bba. C\u012bn\u0101s ar bl\u0101vumu un izl\u012bdzina toni, bag\u0101tina \u0161\u016bnas ar miner\u0101lviel\u0101m un polisahar\u012bdiem.<\/li>\n<li>Avokado ekstrakts ir A, C un E vitam\u012bnu avots, stiprina lok\u0101lo imunit\u0101ti, samazina \u0101das taukain\u012bbu, samazina iekaisuma risku.<\/li>\n<li>V\u0113rme\u013cu ekstrakts ir nomierino\u0161s, pretiekaisuma un antioksidants. Samazina aps\u0101rtumu, regul\u0113 sebuma izdal\u012b\u0161anos.<\/li>\n<li>10 veidu hialuronsk\u0101bes ar at\u0161\u0137ir\u012bgu molekulmasu: molekulas ar augstu masu atjauno aizsargbarjeru uz \u0101das virsmas, pa\u0101trina sadz\u012b\u0161anu un samazina lob\u012b\u0161anos. Molekulas ar zemu masu piem\u012bt augsta penetr\u0113jo\u0161a sp\u0113ja, t\u0101s nov\u0113r\u0161 mitruma zudumu \u0161\u016bnu l\u012bmen\u012b.<\/li>\n<\/ul>\n<p><strong>Lieto\u0161anas veids<\/strong>: p\u0113c sejas mazg\u0101\u0161anas, toniz\u0113\u0161anas un seruma uzkl\u0101\u0161anas uzkl\u0101jiet kr\u0113mu uz sejas, izl\u012bdziniet pa \u0101du.<\/p>\n<p><strong>Sast\u0101vs:<\/strong> Water, Glycerin, Dipropylene Glycol, Cetearyl Alcohol, Caprylic\/Capric Triglyceride, Methyl Trimethicone, Hydrogenated Polydecene, 1,2-Hexanediol, Phenyl Trimethicone, Vegetable Oil, Dimethicone\/Vinyl Dimethicone Crosspolymer, Glyceryl Strarate SE, Coptis Japonica Root Extract, Artemisia Princeps Leaf Extract, Persea Gratissima (Avocado) Fruit Extract, Brassica Oleracea Acephala Leaf Extract, Hydrolyzed Gardenia Florida Extract, Paeonia Albiflora Flower Extract, Hydrogenated Lecthin, Sodium Hyaluronate, Cetearyl Olivate, Palmitic Acid, Sorbitan Olivate, C12-16 Alcohols, Behenyl Alcohol, Stearic Arid, Microcrystalline Cellulose, Cetearyl Glucoside, Butylene Glycol, Ethylhexylglycerin, Ammonium Acryloyldimethyltaurate\/VP Copolymer, Polyglyceryl-10 Myristate, Glyceryl Polymethacrylate, Cellulose Gum, Cholesterol, Ceramide NP, Disodium EDTA, Glyceryl\u00a0Stearate, Methylpropanediol, Maltodextrin, Guaiazulene, Ceramide AS, Ceramide AP, Arginine, Carbomer, Ceramide NS, Ceramide NG, Tocopherol, Dimethylsilanol Hyaluronate, Hydrolyzed Sodium Hyaluronate, Hydrolyzed Hyaluronic Acid, Potassium Hyaluronate, Hyaluronic\u00a0Acid, Sodium Hyaluronate Crosspolymer, Hydroxypropyitrimonium Hyaluronate, Sodium Hyaluronate Dimetbyslarol, Sodium Acetylated Hyaluronate, Ceramide EOP<\/p>\n<p>&nbsp;<\/p>\n","protected":false},"excerpt":{"rendered":"<p>Dr. Althea 147 Barrier Cream ir bag\u0101t\u012bgs aizsargkr\u0113ms, kas rad\u012bts \u012bpa\u0161i sausas, dehidr\u0113tas un jut\u012bgas \u0101das kop\u0161anai.<\/p>\n","protected":false},"featured_media":25588,"comment_status":"open","ping_status":"closed","template":"","meta":{"site-sidebar-layout":"default","site-content-layout":"","ast-site-content-layout":"default","site-content-style":"default","site-sidebar-style":"default","ast-global-header-display":"","ast-banner-title-visibility":"","ast-main-header-display":"","ast-hfb-above-header-display":"","ast-hfb-below-header-display":"","ast-hfb-mobile-header-display":"","site-post-title":"","ast-breadcrumbs-content":"","ast-featured-img":"","footer-sml-layout":"","theme-transparent-header-meta":"default","adv-header-id-meta":"","stick-header-meta":"","header-above-stick-meta":"","header-main-stick-meta":"","header-below-stick-meta":"","astra-migrate-meta-layouts":"set","ast-page-background-enabled":"default","ast-page-background-meta":{"desktop":{"background-color":"var(--ast-global-color-4)","background-image":"","background-repeat":"repeat","background-position":"center center","background-size":"auto","background-attachment":"scroll","background-type":"","background-media":"","overlay-type":"","overlay-color":"","overlay-opacity":"","overlay-gradient":""},"tablet":{"background-color":"","background-image":"","background-repeat":"repeat","background-position":"center center","background-size":"auto","background-attachment":"scroll","background-type":"","background-media":"","overlay-type":"","overlay-color":"","overlay-opacity":"","overlay-gradient":""},"mobile":{"background-color":"","background-image":"","background-repeat":"repeat","background-position":"center center","background-size":"auto","background-attachment":"scroll","background-type":"","background-media":"","overlay-type":"","overlay-color":"","overlay-opacity":"","overlay-gradient":""}},"ast-content-background-meta":{"desktop":{"background-color":"var(--ast-global-color-5)","background-image":"","background-repeat":"repeat","background-position":"center center","background-size":"auto","background-attachment":"scroll","background-type":"","background-media":"","overlay-type":"","overlay-color":"","overlay-opacity":"","overlay-gradient":""},"tablet":{"background-color":"var(--ast-global-color-5)","background-image":"","background-repeat":"repeat","background-position":"center center","background-size":"auto","background-attachment":"scroll","background-type":"","background-media":"","overlay-type":"","overlay-color":"","overlay-opacity":"","overlay-gradient":""},"mobile":{"background-color":"var(--ast-global-color-5)","background-image":"","background-repeat":"repeat","background-position":"center center","background-size":"auto","background-attachment":"scroll","background-type":"","background-media":"","overlay-type":"","overlay-color":"","overlay-opacity":"","overlay-gradient":""}}},"product_brand":[],"product_cat":[511,366,367,369,362],"product_tag":[],"berocket_brand":[597],"class_list":{"0":"post-25587","1":"product","2":"type-product","3":"status-publish","4":"has-post-thumbnail","6":"product_cat-atlaides","7":"product_cat-mitrinoss","8":"product_cat-nomierinoss","9":"product_cat-problematiskai-adai-sejas-krems","10":"product_cat-sejas-krems","11":"berocket_brand-dr-althea","12":"desktop-align-left","13":"tablet-align-left","14":"mobile-align-left","16":"first","17":"outofstock","18":"sale","19":"taxable","20":"shipping-taxable","21":"purchasable","22":"product-type-simple","23":"add-to-wishlist-before_image"},"yoast_head":"<!-- This site is optimized with the Yoast SEO plugin v27.4 - https:\/\/yoast.com\/product\/yoast-seo-wordpress\/ -->\n<title>Intens\u012bvi atjaunojo\u0161s barjeras kr\u0113ms Dr. Althea 147 Barrier Cream 50ml - FACECORNER<\/title>\n<meta name=\"description\" content=\"Dr. Althea 147 Barrier Cream ir bag\u0101t\u012bgs aizsargkr\u0113ms, kas rad\u012bts \u012bpa\u0161i sausas, dehidr\u0113tas un jut\u012bgas \u0101das kop\u0161anai.\" \/>\n<meta name=\"robots\" content=\"index, follow, max-snippet:-1, max-image-preview:large, max-video-preview:-1\" \/>\n<link rel=\"canonical\" href=\"https:\/\/www.facecorner.lv\/lv\/shop\/intensivi-atjaunojoss-barjeras-krems-dr-althea-147-barrier-cream-50ml\/\" \/>\n<meta property=\"og:locale\" content=\"lv_LV\" \/>\n<meta property=\"og:type\" content=\"article\" \/>\n<meta property=\"og:title\" content=\"Intens\u012bvi atjaunojo\u0161s barjeras kr\u0113ms Dr. Althea 147 Barrier Cream 50ml - FACECORNER\" \/>\n<meta property=\"og:description\" content=\"Dr. Althea 147 Barrier Cream ir bag\u0101t\u012bgs aizsargkr\u0113ms, kas rad\u012bts \u012bpa\u0161i sausas, dehidr\u0113tas un jut\u012bgas \u0101das kop\u0161anai.\" \/>\n<meta property=\"og:url\" content=\"https:\/\/www.facecorner.lv\/lv\/shop\/intensivi-atjaunojoss-barjeras-krems-dr-althea-147-barrier-cream-50ml\/\" \/>\n<meta property=\"og:site_name\" content=\"FACECORNER\" \/>\n<meta property=\"article:publisher\" content=\"https:\/\/www.facebook.com\/profile.php?id=100063824551839\" \/>\n<meta property=\"article:modified_time\" content=\"2026-02-16T13:51:01+00:00\" \/>\n<meta property=\"og:image\" content=\"https:\/\/www.facecorner.lv\/wp-content\/uploads\/2025\/10\/61g5lBh5PL._UF10001000_QL80_.jpg\" \/>\n\t<meta property=\"og:image:width\" content=\"1000\" \/>\n\t<meta property=\"og:image:height\" content=\"1000\" \/>\n\t<meta property=\"og:image:type\" content=\"image\/jpeg\" \/>\n<meta name=\"twitter:card\" content=\"summary_large_image\" \/>\n<meta name=\"twitter:label1\" content=\"Price\" \/>\n\t<meta name=\"twitter:data1\" content=\"&euro;19.05\" \/>\n\t<meta name=\"twitter:label2\" content=\"Availability\" \/>\n\t<meta name=\"twitter:data2\" content=\"Out of stock\" \/>\n<script type=\"application\/ld+json\" class=\"yoast-schema-graph\">{\"@context\":\"https:\\\/\\\/schema.org\",\"@graph\":[{\"@type\":\"WebPage\",\"@id\":\"https:\\\/\\\/www.facecorner.lv\\\/shop\\\/intensivi-atjaunojoss-barjeras-krems-dr-althea-147-barrier-cream-50ml\\\/\",\"url\":\"https:\\\/\\\/www.facecorner.lv\\\/shop\\\/intensivi-atjaunojoss-barjeras-krems-dr-althea-147-barrier-cream-50ml\\\/\",\"name\":\"Intens\u012bvi atjaunojo\u0161s barjeras kr\u0113ms Dr. Althea 147 Barrier Cream 50ml - FACECORNER\",\"isPartOf\":{\"@id\":\"https:\\\/\\\/www.facecorner.lv\\\/#website\"},\"primaryImageOfPage\":{\"@id\":\"https:\\\/\\\/www.facecorner.lv\\\/shop\\\/intensivi-atjaunojoss-barjeras-krems-dr-althea-147-barrier-cream-50ml\\\/#primaryimage\"},\"image\":{\"@id\":\"https:\\\/\\\/www.facecorner.lv\\\/shop\\\/intensivi-atjaunojoss-barjeras-krems-dr-althea-147-barrier-cream-50ml\\\/#primaryimage\"},\"thumbnailUrl\":\"https:\\\/\\\/www.facecorner.lv\\\/wp-content\\\/uploads\\\/2025\\\/10\\\/61g5lBh5PL._UF10001000_QL80_.jpg\",\"datePublished\":\"2025-10-15T12:16:43+00:00\",\"dateModified\":\"2026-02-16T13:51:01+00:00\",\"description\":\"Dr. Althea 147 Barrier Cream ir bag\u0101t\u012bgs aizsargkr\u0113ms, kas rad\u012bts \u012bpa\u0161i sausas, dehidr\u0113tas un jut\u012bgas \u0101das kop\u0161anai.\",\"breadcrumb\":{\"@id\":\"https:\\\/\\\/www.facecorner.lv\\\/shop\\\/intensivi-atjaunojoss-barjeras-krems-dr-althea-147-barrier-cream-50ml\\\/#breadcrumb\"},\"inLanguage\":\"lv-LV\",\"potentialAction\":[{\"@type\":\"ReadAction\",\"target\":[\"https:\\\/\\\/www.facecorner.lv\\\/shop\\\/intensivi-atjaunojoss-barjeras-krems-dr-althea-147-barrier-cream-50ml\\\/\"]}]},{\"@type\":\"ImageObject\",\"inLanguage\":\"lv-LV\",\"@id\":\"https:\\\/\\\/www.facecorner.lv\\\/shop\\\/intensivi-atjaunojoss-barjeras-krems-dr-althea-147-barrier-cream-50ml\\\/#primaryimage\",\"url\":\"https:\\\/\\\/www.facecorner.lv\\\/wp-content\\\/uploads\\\/2025\\\/10\\\/61g5lBh5PL._UF10001000_QL80_.jpg\",\"contentUrl\":\"https:\\\/\\\/www.facecorner.lv\\\/wp-content\\\/uploads\\\/2025\\\/10\\\/61g5lBh5PL._UF10001000_QL80_.jpg\",\"width\":1000,\"height\":1000,\"caption\":\"Dr. Althea 147 Barrier Cream\"},{\"@type\":\"BreadcrumbList\",\"@id\":\"https:\\\/\\\/www.facecorner.lv\\\/shop\\\/intensivi-atjaunojoss-barjeras-krems-dr-althea-147-barrier-cream-50ml\\\/#breadcrumb\",\"itemListElement\":[{\"@type\":\"ListItem\",\"position\":1,\"name\":\"Home\",\"item\":\"https:\\\/\\\/www.facecorner.lv\\\/\"},{\"@type\":\"ListItem\",\"position\":2,\"name\":\"Veikals\",\"item\":\"https:\\\/\\\/www.facecorner.lv\\\/shop\\\/\"},{\"@type\":\"ListItem\",\"position\":3,\"name\":\"Intens\u012bvi atjaunojo\u0161s barjeras kr\u0113ms Dr. Althea 147 Barrier Cream 50ml\"}]},{\"@type\":\"WebSite\",\"@id\":\"https:\\\/\\\/www.facecorner.lv\\\/#website\",\"url\":\"https:\\\/\\\/www.facecorner.lv\\\/\",\"name\":\"Facecorner\",\"description\":\"\",\"publisher\":{\"@id\":\"https:\\\/\\\/www.facecorner.lv\\\/#organization\"},\"potentialAction\":[{\"@type\":\"SearchAction\",\"target\":{\"@type\":\"EntryPoint\",\"urlTemplate\":\"https:\\\/\\\/www.facecorner.lv\\\/?s={search_term_string}\"},\"query-input\":{\"@type\":\"PropertyValueSpecification\",\"valueRequired\":true,\"valueName\":\"search_term_string\"}}],\"inLanguage\":\"lv-LV\"},{\"@type\":\"Organization\",\"@id\":\"https:\\\/\\\/www.facecorner.lv\\\/#organization\",\"name\":\"Facecorner\",\"url\":\"https:\\\/\\\/www.facecorner.lv\\\/\",\"logo\":{\"@type\":\"ImageObject\",\"inLanguage\":\"lv-LV\",\"@id\":\"https:\\\/\\\/www.facecorner.lv\\\/#\\\/schema\\\/logo\\\/image\\\/\",\"url\":\"https:\\\/\\\/www.facecorner.lv\\\/wp-content\\\/uploads\\\/2024\\\/04\\\/fc-logo.jpg\",\"contentUrl\":\"https:\\\/\\\/www.facecorner.lv\\\/wp-content\\\/uploads\\\/2024\\\/04\\\/fc-logo.jpg\",\"width\":174,\"height\":28,\"caption\":\"Facecorner\"},\"image\":{\"@id\":\"https:\\\/\\\/www.facecorner.lv\\\/#\\\/schema\\\/logo\\\/image\\\/\"},\"sameAs\":[\"https:\\\/\\\/www.facebook.com\\\/profile.php?id=100063824551839\",\"https:\\\/\\\/www.instagram.com\\\/facecorner_shop\\\/\"]}]}<\/script>\n<meta property=\"product:price:amount\" content=\"19.05\" \/>\n<meta property=\"product:price:currency\" content=\"EUR\" \/>\n<meta property=\"og:availability\" content=\"out of stock\" \/>\n<meta property=\"product:availability\" content=\"out of stock\" \/>\n<meta property=\"product:condition\" content=\"new\" \/>\n<!-- \/ Yoast SEO plugin. -->","yoast_head_json":{"title":"Intens\u012bvi atjaunojo\u0161s barjeras kr\u0113ms Dr. Althea 147 Barrier Cream 50ml - FACECORNER","description":"Dr. Althea 147 Barrier Cream ir bag\u0101t\u012bgs aizsargkr\u0113ms, kas rad\u012bts \u012bpa\u0161i sausas, dehidr\u0113tas un jut\u012bgas \u0101das kop\u0161anai.","robots":{"index":"index","follow":"follow","max-snippet":"max-snippet:-1","max-image-preview":"max-image-preview:large","max-video-preview":"max-video-preview:-1"},"canonical":"https:\/\/www.facecorner.lv\/lv\/shop\/intensivi-atjaunojoss-barjeras-krems-dr-althea-147-barrier-cream-50ml\/","og_locale":"lv_LV","og_type":"article","og_title":"Intens\u012bvi atjaunojo\u0161s barjeras kr\u0113ms Dr. Althea 147 Barrier Cream 50ml - FACECORNER","og_description":"Dr. Althea 147 Barrier Cream ir bag\u0101t\u012bgs aizsargkr\u0113ms, kas rad\u012bts \u012bpa\u0161i sausas, dehidr\u0113tas un jut\u012bgas \u0101das kop\u0161anai.","og_url":"https:\/\/www.facecorner.lv\/lv\/shop\/intensivi-atjaunojoss-barjeras-krems-dr-althea-147-barrier-cream-50ml\/","og_site_name":"FACECORNER","article_publisher":"https:\/\/www.facebook.com\/profile.php?id=100063824551839","article_modified_time":"2026-02-16T13:51:01+00:00","og_image":[{"width":1000,"height":1000,"url":"https:\/\/www.facecorner.lv\/wp-content\/uploads\/2025\/10\/61g5lBh5PL._UF10001000_QL80_.jpg","type":"image\/jpeg"}],"twitter_card":"summary_large_image","twitter_misc":{"Price":"&euro;19.05","Availability":"Out of stock"},"schema":{"@context":"https:\/\/schema.org","@graph":[{"@type":"WebPage","@id":"https:\/\/www.facecorner.lv\/shop\/intensivi-atjaunojoss-barjeras-krems-dr-althea-147-barrier-cream-50ml\/","url":"https:\/\/www.facecorner.lv\/shop\/intensivi-atjaunojoss-barjeras-krems-dr-althea-147-barrier-cream-50ml\/","name":"Intens\u012bvi atjaunojo\u0161s barjeras kr\u0113ms Dr. Althea 147 Barrier Cream 50ml - FACECORNER","isPartOf":{"@id":"https:\/\/www.facecorner.lv\/#website"},"primaryImageOfPage":{"@id":"https:\/\/www.facecorner.lv\/shop\/intensivi-atjaunojoss-barjeras-krems-dr-althea-147-barrier-cream-50ml\/#primaryimage"},"image":{"@id":"https:\/\/www.facecorner.lv\/shop\/intensivi-atjaunojoss-barjeras-krems-dr-althea-147-barrier-cream-50ml\/#primaryimage"},"thumbnailUrl":"https:\/\/www.facecorner.lv\/wp-content\/uploads\/2025\/10\/61g5lBh5PL._UF10001000_QL80_.jpg","datePublished":"2025-10-15T12:16:43+00:00","dateModified":"2026-02-16T13:51:01+00:00","description":"Dr. Althea 147 Barrier Cream ir bag\u0101t\u012bgs aizsargkr\u0113ms, kas rad\u012bts \u012bpa\u0161i sausas, dehidr\u0113tas un jut\u012bgas \u0101das kop\u0161anai.","breadcrumb":{"@id":"https:\/\/www.facecorner.lv\/shop\/intensivi-atjaunojoss-barjeras-krems-dr-althea-147-barrier-cream-50ml\/#breadcrumb"},"inLanguage":"lv-LV","potentialAction":[{"@type":"ReadAction","target":["https:\/\/www.facecorner.lv\/shop\/intensivi-atjaunojoss-barjeras-krems-dr-althea-147-barrier-cream-50ml\/"]}]},{"@type":"ImageObject","inLanguage":"lv-LV","@id":"https:\/\/www.facecorner.lv\/shop\/intensivi-atjaunojoss-barjeras-krems-dr-althea-147-barrier-cream-50ml\/#primaryimage","url":"https:\/\/www.facecorner.lv\/wp-content\/uploads\/2025\/10\/61g5lBh5PL._UF10001000_QL80_.jpg","contentUrl":"https:\/\/www.facecorner.lv\/wp-content\/uploads\/2025\/10\/61g5lBh5PL._UF10001000_QL80_.jpg","width":1000,"height":1000,"caption":"Dr. Althea 147 Barrier Cream"},{"@type":"BreadcrumbList","@id":"https:\/\/www.facecorner.lv\/shop\/intensivi-atjaunojoss-barjeras-krems-dr-althea-147-barrier-cream-50ml\/#breadcrumb","itemListElement":[{"@type":"ListItem","position":1,"name":"Home","item":"https:\/\/www.facecorner.lv\/"},{"@type":"ListItem","position":2,"name":"Veikals","item":"https:\/\/www.facecorner.lv\/shop\/"},{"@type":"ListItem","position":3,"name":"Intens\u012bvi atjaunojo\u0161s barjeras kr\u0113ms Dr. Althea 147 Barrier Cream 50ml"}]},{"@type":"WebSite","@id":"https:\/\/www.facecorner.lv\/#website","url":"https:\/\/www.facecorner.lv\/","name":"Facecorner","description":"","publisher":{"@id":"https:\/\/www.facecorner.lv\/#organization"},"potentialAction":[{"@type":"SearchAction","target":{"@type":"EntryPoint","urlTemplate":"https:\/\/www.facecorner.lv\/?s={search_term_string}"},"query-input":{"@type":"PropertyValueSpecification","valueRequired":true,"valueName":"search_term_string"}}],"inLanguage":"lv-LV"},{"@type":"Organization","@id":"https:\/\/www.facecorner.lv\/#organization","name":"Facecorner","url":"https:\/\/www.facecorner.lv\/","logo":{"@type":"ImageObject","inLanguage":"lv-LV","@id":"https:\/\/www.facecorner.lv\/#\/schema\/logo\/image\/","url":"https:\/\/www.facecorner.lv\/wp-content\/uploads\/2024\/04\/fc-logo.jpg","contentUrl":"https:\/\/www.facecorner.lv\/wp-content\/uploads\/2024\/04\/fc-logo.jpg","width":174,"height":28,"caption":"Facecorner"},"image":{"@id":"https:\/\/www.facecorner.lv\/#\/schema\/logo\/image\/"},"sameAs":["https:\/\/www.facebook.com\/profile.php?id=100063824551839","https:\/\/www.instagram.com\/facecorner_shop\/"]}]},"product_price_amount":"19.05","product_price_currency":"EUR","og_availability":"out of stock","product_availability":"out of stock","product_condition":"new"},"_links":{"self":[{"href":"https:\/\/www.facecorner.lv\/lv\/wp-json\/wp\/v2\/product\/25587","targetHints":{"allow":["GET"]}}],"collection":[{"href":"https:\/\/www.facecorner.lv\/lv\/wp-json\/wp\/v2\/product"}],"about":[{"href":"https:\/\/www.facecorner.lv\/lv\/wp-json\/wp\/v2\/types\/product"}],"replies":[{"embeddable":true,"href":"https:\/\/www.facecorner.lv\/lv\/wp-json\/wp\/v2\/comments?post=25587"}],"wp:featuredmedia":[{"embeddable":true,"href":"https:\/\/www.facecorner.lv\/lv\/wp-json\/wp\/v2\/media\/25588"}],"wp:attachment":[{"href":"https:\/\/www.facecorner.lv\/lv\/wp-json\/wp\/v2\/media?parent=25587"}],"wp:term":[{"taxonomy":"product_brand","embeddable":true,"href":"https:\/\/www.facecorner.lv\/lv\/wp-json\/wp\/v2\/product_brand?post=25587"},{"taxonomy":"product_cat","embeddable":true,"href":"https:\/\/www.facecorner.lv\/lv\/wp-json\/wp\/v2\/product_cat?post=25587"},{"taxonomy":"product_tag","embeddable":true,"href":"https:\/\/www.facecorner.lv\/lv\/wp-json\/wp\/v2\/product_tag?post=25587"},{"taxonomy":"berocket_brand","embeddable":true,"href":"https:\/\/www.facecorner.lv\/lv\/wp-json\/wp\/v2\/berocket_brand?post=25587"}],"curies":[{"name":"wp","href":"https:\/\/api.w.org\/{rel}","templated":true}]}}