{"id":25495,"date":"2025-10-06T14:07:40","date_gmt":"2025-10-06T11:07:40","guid":{"rendered":"https:\/\/www.facecorner.lv\/?post_type=product&#038;p=25495"},"modified":"2026-01-08T21:40:16","modified_gmt":"2026-01-08T18:40:16","slug":"toniks-adas-lidzsvara-atjaunosanai-rejuran-derma-healer-moisture-treatment-toner-150ml","status":"publish","type":"product","link":"https:\/\/www.facecorner.lv\/lv\/shop\/toniks-adas-lidzsvara-atjaunosanai-rejuran-derma-healer-moisture-treatment-toner-150ml\/","title":{"rendered":"Toniks \u0101das l\u012bdzsvara atjauno\u0161anai REJURAN Derma Healer Moisture Treatment Toner 150m"},"content":{"rendered":"<p>Atkl\u0101jiet intens\u012bvas mitrin\u0101\u0161anas un atjauno\u0161anas sp\u0113ku ar toniku REJURAN Derma Healer Moisture Treatment Toner. Speci\u0101li izstr\u0101d\u0101t\u0101 formula ar patent\u0113tu c-PDRN\u2122 kompleksu stimul\u0113 \u0101das re\u0123ener\u0101ciju \u0161\u016bnu l\u012bmen\u012b, uzlabo tekst\u016bru un atjauno dabisko mirdzumu.<\/p>\n<p><strong>Galven\u0101s \u012bpa\u0161\u012bbas:<\/strong><\/p>\n<ul>\n<li>\u00a0Dzi\u013ci mitrina: pies\u0101tina \u0101du ar mitrumu, nov\u0113r\u0161 saspringuma un sausuma saj\u016btu;<\/li>\n<li>Atjauno un stiprina: c-PDRN\u2122 (polideoksiribonukleot\u012bds) veicina \u0161\u016bnu re\u0123ener\u0101ciju, palielina \u0101das elast\u012bbu un stingr\u012bbu;<\/li>\n<li>Nomierino\u0161a iedarb\u012bba: Centella asiatica un za\u013c\u0101s t\u0113jas ekstrakti mazina kairin\u0101jumu un aps\u0101rtumu;<\/li>\n<li>pH l\u012bdzsvars: atjauno \u0101das sk\u0101buma un s\u0101rmain\u012bbas l\u012bdzsvaru p\u0113c att\u012br\u012b\u0161anas, sagatavojot to turpm\u0101kai kop\u0161anai.<\/li>\n<\/ul>\n<p><strong>Lieto\u0161ana:<\/strong> Uzkl\u0101jiet nepiecie\u0161amo daudzumu tonika uz vates diska vai plaukstas un ar maig\u0101m kust\u012bb\u0101m izl\u012bdziniet uz att\u012br\u012btas sejas \u0101das. Lietojiet no r\u012bta un vakar\u0101.<\/p>\n<p><strong>Sast\u0101vs:<\/strong> Water, 1,2\u2011Hexanediol, Aloe Barbadensis Leaf Juice, Cucumis Sativus (Cucumber) Fruit Extract, Glycerin, Avena Sativa (Oat) Kernel Extract, Calendula Officinalis Extract, Butylene Glycol, Punica Granatum Fruit Extract, Chamomilla Recutita (Matricaria) Flower Extract, Citrus Paradisi (Grapefruit) Peel Oil, Panthenol, Hyaluronic Acid, Allantoin, Ethylhexylglycerin, Laminaria Ochroleuca Extract, Hydrolyzed DNA, Caprylic\/Capric Triglyceride, Polysorbate 20, Citric Acid, Betaine, Squalane, Trehalose, Urea, Hydrogenated Lecithin, Pentylene Glycol, Serine, Ceramide NP, Glyceryl Polyacrylate, Algin, Caprylyl Glycol, Disodium Phosphate, Pullulan, Sodium Hyaluronate, Oleic Acid, Inulin Lauryl Carbamate, Cholesterol, Potassium Phosphate<\/p>\n<p>&nbsp;<\/p>\n","protected":false},"excerpt":{"rendered":"<p>Speci\u0101li izstr\u0101d\u0101t\u0101 formula ar patent\u0113tu c-PDRN\u2122 kompleksu stimul\u0113 \u0101das re\u0123ener\u0101ciju \u0161\u016bnu l\u012bmen\u012b, uzlabo tekst\u016bru un atjauno dabisko mirdzumu.<\/p>\n","protected":false},"featured_media":25496,"comment_status":"open","ping_status":"closed","template":"","meta":{"site-sidebar-layout":"default","site-content-layout":"","ast-site-content-layout":"default","site-content-style":"default","site-sidebar-style":"default","ast-global-header-display":"","ast-banner-title-visibility":"","ast-main-header-display":"","ast-hfb-above-header-display":"","ast-hfb-below-header-display":"","ast-hfb-mobile-header-display":"","site-post-title":"","ast-breadcrumbs-content":"","ast-featured-img":"","footer-sml-layout":"","theme-transparent-header-meta":"default","adv-header-id-meta":"","stick-header-meta":"","header-above-stick-meta":"","header-main-stick-meta":"","header-below-stick-meta":"","astra-migrate-meta-layouts":"set","ast-page-background-enabled":"default","ast-page-background-meta":{"desktop":{"background-color":"var(--ast-global-color-4)","background-image":"","background-repeat":"repeat","background-position":"center center","background-size":"auto","background-attachment":"scroll","background-type":"","background-media":"","overlay-type":"","overlay-color":"","overlay-opacity":"","overlay-gradient":""},"tablet":{"background-color":"","background-image":"","background-repeat":"repeat","background-position":"center center","background-size":"auto","background-attachment":"scroll","background-type":"","background-media":"","overlay-type":"","overlay-color":"","overlay-opacity":"","overlay-gradient":""},"mobile":{"background-color":"","background-image":"","background-repeat":"repeat","background-position":"center center","background-size":"auto","background-attachment":"scroll","background-type":"","background-media":"","overlay-type":"","overlay-color":"","overlay-opacity":"","overlay-gradient":""}},"ast-content-background-meta":{"desktop":{"background-color":"var(--ast-global-color-5)","background-image":"","background-repeat":"repeat","background-position":"center center","background-size":"auto","background-attachment":"scroll","background-type":"","background-media":"","overlay-type":"","overlay-color":"","overlay-opacity":"","overlay-gradient":""},"tablet":{"background-color":"var(--ast-global-color-5)","background-image":"","background-repeat":"repeat","background-position":"center center","background-size":"auto","background-attachment":"scroll","background-type":"","background-media":"","overlay-type":"","overlay-color":"","overlay-opacity":"","overlay-gradient":""},"mobile":{"background-color":"var(--ast-global-color-5)","background-image":"","background-repeat":"repeat","background-position":"center center","background-size":"auto","background-attachment":"scroll","background-type":"","background-media":"","overlay-type":"","overlay-color":"","overlay-opacity":"","overlay-gradient":""}}},"product_brand":[],"product_cat":[375,378,364,376],"product_tag":[],"berocket_brand":[639],"class_list":{"0":"post-25495","1":"product","2":"type-product","3":"status-publish","4":"has-post-thumbnail","6":"product_cat-jutigai-adai-toneri","7":"product_cat-sausai-adai-toneri","8":"product_cat-toneri","9":"product_cat-kombinetai-adai-toneri","10":"berocket_brand-rejuran","11":"desktop-align-left","12":"tablet-align-left","13":"mobile-align-left","15":"first","16":"outofstock","17":"taxable","18":"shipping-taxable","19":"purchasable","20":"product-type-simple","21":"add-to-wishlist-before_image"},"yoast_head":"<!-- This site is optimized with the Yoast SEO plugin v27.4 - https:\/\/yoast.com\/product\/yoast-seo-wordpress\/ -->\n<title>Toniks \u0101das l\u012bdzsvara atjauno\u0161anai REJURAN Derma Healer Moisture Treatment Toner 150m - FACECORNER<\/title>\n<meta name=\"description\" content=\"Speci\u0101li izstr\u0101d\u0101t\u0101 formula ar patent\u0113tu c-PDRN\u2122 kompleksu stimul\u0113 \u0101das re\u0123ener\u0101ciju \u0161\u016bnu l\u012bmen\u012b, uzlabo tekst\u016bru un atjauno dabisko mirdzumu.\" \/>\n<meta name=\"robots\" content=\"index, follow, max-snippet:-1, max-image-preview:large, max-video-preview:-1\" \/>\n<link rel=\"canonical\" href=\"https:\/\/www.facecorner.lv\/lv\/shop\/toniks-adas-lidzsvara-atjaunosanai-rejuran-derma-healer-moisture-treatment-toner-150ml\/\" \/>\n<meta property=\"og:locale\" content=\"lv_LV\" \/>\n<meta property=\"og:type\" content=\"article\" \/>\n<meta property=\"og:title\" content=\"Toniks \u0101das l\u012bdzsvara atjauno\u0161anai REJURAN Derma Healer Moisture Treatment Toner 150m - FACECORNER\" \/>\n<meta property=\"og:description\" content=\"Speci\u0101li izstr\u0101d\u0101t\u0101 formula ar patent\u0113tu c-PDRN\u2122 kompleksu stimul\u0113 \u0101das re\u0123ener\u0101ciju \u0161\u016bnu l\u012bmen\u012b, uzlabo tekst\u016bru un atjauno dabisko mirdzumu.\" \/>\n<meta property=\"og:url\" content=\"https:\/\/www.facecorner.lv\/lv\/shop\/toniks-adas-lidzsvara-atjaunosanai-rejuran-derma-healer-moisture-treatment-toner-150ml\/\" \/>\n<meta property=\"og:site_name\" content=\"FACECORNER\" \/>\n<meta property=\"article:publisher\" content=\"https:\/\/www.facebook.com\/profile.php?id=100063824551839\" \/>\n<meta property=\"article:modified_time\" content=\"2026-01-08T18:40:16+00:00\" \/>\n<meta property=\"og:image\" content=\"https:\/\/www.facecorner.lv\/wp-content\/uploads\/2025\/10\/rejuran_500042-650x650-1.jpg\" \/>\n\t<meta property=\"og:image:width\" content=\"650\" \/>\n\t<meta property=\"og:image:height\" content=\"650\" \/>\n\t<meta property=\"og:image:type\" content=\"image\/jpeg\" \/>\n<meta name=\"twitter:card\" content=\"summary_large_image\" \/>\n<meta name=\"twitter:label1\" content=\"Price\" \/>\n\t<meta name=\"twitter:data1\" content=\"&euro;39.00\" \/>\n\t<meta name=\"twitter:label2\" content=\"Availability\" \/>\n\t<meta name=\"twitter:data2\" content=\"Out of stock\" \/>\n<script type=\"application\/ld+json\" class=\"yoast-schema-graph\">{\"@context\":\"https:\\\/\\\/schema.org\",\"@graph\":[{\"@type\":\"WebPage\",\"@id\":\"https:\\\/\\\/www.facecorner.lv\\\/shop\\\/toniks-adas-lidzsvara-atjaunosanai-rejuran-derma-healer-moisture-treatment-toner-150ml\\\/\",\"url\":\"https:\\\/\\\/www.facecorner.lv\\\/shop\\\/toniks-adas-lidzsvara-atjaunosanai-rejuran-derma-healer-moisture-treatment-toner-150ml\\\/\",\"name\":\"Toniks \u0101das l\u012bdzsvara atjauno\u0161anai REJURAN Derma Healer Moisture Treatment Toner 150m - FACECORNER\",\"isPartOf\":{\"@id\":\"https:\\\/\\\/www.facecorner.lv\\\/#website\"},\"primaryImageOfPage\":{\"@id\":\"https:\\\/\\\/www.facecorner.lv\\\/shop\\\/toniks-adas-lidzsvara-atjaunosanai-rejuran-derma-healer-moisture-treatment-toner-150ml\\\/#primaryimage\"},\"image\":{\"@id\":\"https:\\\/\\\/www.facecorner.lv\\\/shop\\\/toniks-adas-lidzsvara-atjaunosanai-rejuran-derma-healer-moisture-treatment-toner-150ml\\\/#primaryimage\"},\"thumbnailUrl\":\"https:\\\/\\\/www.facecorner.lv\\\/wp-content\\\/uploads\\\/2025\\\/10\\\/rejuran_500042-650x650-1.jpg\",\"datePublished\":\"2025-10-06T11:07:40+00:00\",\"dateModified\":\"2026-01-08T18:40:16+00:00\",\"description\":\"Speci\u0101li izstr\u0101d\u0101t\u0101 formula ar patent\u0113tu c-PDRN\u2122 kompleksu stimul\u0113 \u0101das re\u0123ener\u0101ciju \u0161\u016bnu l\u012bmen\u012b, uzlabo tekst\u016bru un atjauno dabisko mirdzumu.\",\"breadcrumb\":{\"@id\":\"https:\\\/\\\/www.facecorner.lv\\\/shop\\\/toniks-adas-lidzsvara-atjaunosanai-rejuran-derma-healer-moisture-treatment-toner-150ml\\\/#breadcrumb\"},\"inLanguage\":\"lv-LV\",\"potentialAction\":[{\"@type\":\"ReadAction\",\"target\":[\"https:\\\/\\\/www.facecorner.lv\\\/shop\\\/toniks-adas-lidzsvara-atjaunosanai-rejuran-derma-healer-moisture-treatment-toner-150ml\\\/\"]}]},{\"@type\":\"ImageObject\",\"inLanguage\":\"lv-LV\",\"@id\":\"https:\\\/\\\/www.facecorner.lv\\\/shop\\\/toniks-adas-lidzsvara-atjaunosanai-rejuran-derma-healer-moisture-treatment-toner-150ml\\\/#primaryimage\",\"url\":\"https:\\\/\\\/www.facecorner.lv\\\/wp-content\\\/uploads\\\/2025\\\/10\\\/rejuran_500042-650x650-1.jpg\",\"contentUrl\":\"https:\\\/\\\/www.facecorner.lv\\\/wp-content\\\/uploads\\\/2025\\\/10\\\/rejuran_500042-650x650-1.jpg\",\"width\":650,\"height\":650,\"caption\":\"REJURAN Derma Healer Moisture Treatment Toner 150ml\"},{\"@type\":\"BreadcrumbList\",\"@id\":\"https:\\\/\\\/www.facecorner.lv\\\/shop\\\/toniks-adas-lidzsvara-atjaunosanai-rejuran-derma-healer-moisture-treatment-toner-150ml\\\/#breadcrumb\",\"itemListElement\":[{\"@type\":\"ListItem\",\"position\":1,\"name\":\"Home\",\"item\":\"https:\\\/\\\/www.facecorner.lv\\\/\"},{\"@type\":\"ListItem\",\"position\":2,\"name\":\"Veikals\",\"item\":\"https:\\\/\\\/www.facecorner.lv\\\/shop\\\/\"},{\"@type\":\"ListItem\",\"position\":3,\"name\":\"Toniks \u0101das l\u012bdzsvara atjauno\u0161anai REJURAN Derma Healer Moisture Treatment Toner 150m\"}]},{\"@type\":\"WebSite\",\"@id\":\"https:\\\/\\\/www.facecorner.lv\\\/#website\",\"url\":\"https:\\\/\\\/www.facecorner.lv\\\/\",\"name\":\"Facecorner\",\"description\":\"\",\"publisher\":{\"@id\":\"https:\\\/\\\/www.facecorner.lv\\\/#organization\"},\"potentialAction\":[{\"@type\":\"SearchAction\",\"target\":{\"@type\":\"EntryPoint\",\"urlTemplate\":\"https:\\\/\\\/www.facecorner.lv\\\/?s={search_term_string}\"},\"query-input\":{\"@type\":\"PropertyValueSpecification\",\"valueRequired\":true,\"valueName\":\"search_term_string\"}}],\"inLanguage\":\"lv-LV\"},{\"@type\":\"Organization\",\"@id\":\"https:\\\/\\\/www.facecorner.lv\\\/#organization\",\"name\":\"Facecorner\",\"url\":\"https:\\\/\\\/www.facecorner.lv\\\/\",\"logo\":{\"@type\":\"ImageObject\",\"inLanguage\":\"lv-LV\",\"@id\":\"https:\\\/\\\/www.facecorner.lv\\\/#\\\/schema\\\/logo\\\/image\\\/\",\"url\":\"https:\\\/\\\/www.facecorner.lv\\\/wp-content\\\/uploads\\\/2024\\\/04\\\/fc-logo.jpg\",\"contentUrl\":\"https:\\\/\\\/www.facecorner.lv\\\/wp-content\\\/uploads\\\/2024\\\/04\\\/fc-logo.jpg\",\"width\":174,\"height\":28,\"caption\":\"Facecorner\"},\"image\":{\"@id\":\"https:\\\/\\\/www.facecorner.lv\\\/#\\\/schema\\\/logo\\\/image\\\/\"},\"sameAs\":[\"https:\\\/\\\/www.facebook.com\\\/profile.php?id=100063824551839\",\"https:\\\/\\\/www.instagram.com\\\/facecorner_shop\\\/\"]}]}<\/script>\n<meta property=\"product:price:amount\" content=\"39.00\" \/>\n<meta property=\"product:price:currency\" content=\"EUR\" \/>\n<meta property=\"og:availability\" content=\"out of stock\" \/>\n<meta property=\"product:availability\" content=\"out of stock\" \/>\n<meta property=\"product:condition\" content=\"new\" \/>\n<!-- \/ Yoast SEO plugin. -->","yoast_head_json":{"title":"Toniks \u0101das l\u012bdzsvara atjauno\u0161anai REJURAN Derma Healer Moisture Treatment Toner 150m - FACECORNER","description":"Speci\u0101li izstr\u0101d\u0101t\u0101 formula ar patent\u0113tu c-PDRN\u2122 kompleksu stimul\u0113 \u0101das re\u0123ener\u0101ciju \u0161\u016bnu l\u012bmen\u012b, uzlabo tekst\u016bru un atjauno dabisko mirdzumu.","robots":{"index":"index","follow":"follow","max-snippet":"max-snippet:-1","max-image-preview":"max-image-preview:large","max-video-preview":"max-video-preview:-1"},"canonical":"https:\/\/www.facecorner.lv\/lv\/shop\/toniks-adas-lidzsvara-atjaunosanai-rejuran-derma-healer-moisture-treatment-toner-150ml\/","og_locale":"lv_LV","og_type":"article","og_title":"Toniks \u0101das l\u012bdzsvara atjauno\u0161anai REJURAN Derma Healer Moisture Treatment Toner 150m - FACECORNER","og_description":"Speci\u0101li izstr\u0101d\u0101t\u0101 formula ar patent\u0113tu c-PDRN\u2122 kompleksu stimul\u0113 \u0101das re\u0123ener\u0101ciju \u0161\u016bnu l\u012bmen\u012b, uzlabo tekst\u016bru un atjauno dabisko mirdzumu.","og_url":"https:\/\/www.facecorner.lv\/lv\/shop\/toniks-adas-lidzsvara-atjaunosanai-rejuran-derma-healer-moisture-treatment-toner-150ml\/","og_site_name":"FACECORNER","article_publisher":"https:\/\/www.facebook.com\/profile.php?id=100063824551839","article_modified_time":"2026-01-08T18:40:16+00:00","og_image":[{"width":650,"height":650,"url":"https:\/\/www.facecorner.lv\/wp-content\/uploads\/2025\/10\/rejuran_500042-650x650-1.jpg","type":"image\/jpeg"}],"twitter_card":"summary_large_image","twitter_misc":{"Price":"&euro;39.00","Availability":"Out of stock"},"schema":{"@context":"https:\/\/schema.org","@graph":[{"@type":"WebPage","@id":"https:\/\/www.facecorner.lv\/shop\/toniks-adas-lidzsvara-atjaunosanai-rejuran-derma-healer-moisture-treatment-toner-150ml\/","url":"https:\/\/www.facecorner.lv\/shop\/toniks-adas-lidzsvara-atjaunosanai-rejuran-derma-healer-moisture-treatment-toner-150ml\/","name":"Toniks \u0101das l\u012bdzsvara atjauno\u0161anai REJURAN Derma Healer Moisture Treatment Toner 150m - FACECORNER","isPartOf":{"@id":"https:\/\/www.facecorner.lv\/#website"},"primaryImageOfPage":{"@id":"https:\/\/www.facecorner.lv\/shop\/toniks-adas-lidzsvara-atjaunosanai-rejuran-derma-healer-moisture-treatment-toner-150ml\/#primaryimage"},"image":{"@id":"https:\/\/www.facecorner.lv\/shop\/toniks-adas-lidzsvara-atjaunosanai-rejuran-derma-healer-moisture-treatment-toner-150ml\/#primaryimage"},"thumbnailUrl":"https:\/\/www.facecorner.lv\/wp-content\/uploads\/2025\/10\/rejuran_500042-650x650-1.jpg","datePublished":"2025-10-06T11:07:40+00:00","dateModified":"2026-01-08T18:40:16+00:00","description":"Speci\u0101li izstr\u0101d\u0101t\u0101 formula ar patent\u0113tu c-PDRN\u2122 kompleksu stimul\u0113 \u0101das re\u0123ener\u0101ciju \u0161\u016bnu l\u012bmen\u012b, uzlabo tekst\u016bru un atjauno dabisko mirdzumu.","breadcrumb":{"@id":"https:\/\/www.facecorner.lv\/shop\/toniks-adas-lidzsvara-atjaunosanai-rejuran-derma-healer-moisture-treatment-toner-150ml\/#breadcrumb"},"inLanguage":"lv-LV","potentialAction":[{"@type":"ReadAction","target":["https:\/\/www.facecorner.lv\/shop\/toniks-adas-lidzsvara-atjaunosanai-rejuran-derma-healer-moisture-treatment-toner-150ml\/"]}]},{"@type":"ImageObject","inLanguage":"lv-LV","@id":"https:\/\/www.facecorner.lv\/shop\/toniks-adas-lidzsvara-atjaunosanai-rejuran-derma-healer-moisture-treatment-toner-150ml\/#primaryimage","url":"https:\/\/www.facecorner.lv\/wp-content\/uploads\/2025\/10\/rejuran_500042-650x650-1.jpg","contentUrl":"https:\/\/www.facecorner.lv\/wp-content\/uploads\/2025\/10\/rejuran_500042-650x650-1.jpg","width":650,"height":650,"caption":"REJURAN Derma Healer Moisture Treatment Toner 150ml"},{"@type":"BreadcrumbList","@id":"https:\/\/www.facecorner.lv\/shop\/toniks-adas-lidzsvara-atjaunosanai-rejuran-derma-healer-moisture-treatment-toner-150ml\/#breadcrumb","itemListElement":[{"@type":"ListItem","position":1,"name":"Home","item":"https:\/\/www.facecorner.lv\/"},{"@type":"ListItem","position":2,"name":"Veikals","item":"https:\/\/www.facecorner.lv\/shop\/"},{"@type":"ListItem","position":3,"name":"Toniks \u0101das l\u012bdzsvara atjauno\u0161anai REJURAN Derma Healer Moisture Treatment Toner 150m"}]},{"@type":"WebSite","@id":"https:\/\/www.facecorner.lv\/#website","url":"https:\/\/www.facecorner.lv\/","name":"Facecorner","description":"","publisher":{"@id":"https:\/\/www.facecorner.lv\/#organization"},"potentialAction":[{"@type":"SearchAction","target":{"@type":"EntryPoint","urlTemplate":"https:\/\/www.facecorner.lv\/?s={search_term_string}"},"query-input":{"@type":"PropertyValueSpecification","valueRequired":true,"valueName":"search_term_string"}}],"inLanguage":"lv-LV"},{"@type":"Organization","@id":"https:\/\/www.facecorner.lv\/#organization","name":"Facecorner","url":"https:\/\/www.facecorner.lv\/","logo":{"@type":"ImageObject","inLanguage":"lv-LV","@id":"https:\/\/www.facecorner.lv\/#\/schema\/logo\/image\/","url":"https:\/\/www.facecorner.lv\/wp-content\/uploads\/2024\/04\/fc-logo.jpg","contentUrl":"https:\/\/www.facecorner.lv\/wp-content\/uploads\/2024\/04\/fc-logo.jpg","width":174,"height":28,"caption":"Facecorner"},"image":{"@id":"https:\/\/www.facecorner.lv\/#\/schema\/logo\/image\/"},"sameAs":["https:\/\/www.facebook.com\/profile.php?id=100063824551839","https:\/\/www.instagram.com\/facecorner_shop\/"]}]},"product_price_amount":"39.00","product_price_currency":"EUR","og_availability":"out of stock","product_availability":"out of stock","product_condition":"new"},"_links":{"self":[{"href":"https:\/\/www.facecorner.lv\/lv\/wp-json\/wp\/v2\/product\/25495","targetHints":{"allow":["GET"]}}],"collection":[{"href":"https:\/\/www.facecorner.lv\/lv\/wp-json\/wp\/v2\/product"}],"about":[{"href":"https:\/\/www.facecorner.lv\/lv\/wp-json\/wp\/v2\/types\/product"}],"replies":[{"embeddable":true,"href":"https:\/\/www.facecorner.lv\/lv\/wp-json\/wp\/v2\/comments?post=25495"}],"wp:featuredmedia":[{"embeddable":true,"href":"https:\/\/www.facecorner.lv\/lv\/wp-json\/wp\/v2\/media\/25496"}],"wp:attachment":[{"href":"https:\/\/www.facecorner.lv\/lv\/wp-json\/wp\/v2\/media?parent=25495"}],"wp:term":[{"taxonomy":"product_brand","embeddable":true,"href":"https:\/\/www.facecorner.lv\/lv\/wp-json\/wp\/v2\/product_brand?post=25495"},{"taxonomy":"product_cat","embeddable":true,"href":"https:\/\/www.facecorner.lv\/lv\/wp-json\/wp\/v2\/product_cat?post=25495"},{"taxonomy":"product_tag","embeddable":true,"href":"https:\/\/www.facecorner.lv\/lv\/wp-json\/wp\/v2\/product_tag?post=25495"},{"taxonomy":"berocket_brand","embeddable":true,"href":"https:\/\/www.facecorner.lv\/lv\/wp-json\/wp\/v2\/berocket_brand?post=25495"}],"curies":[{"name":"wp","href":"https:\/\/api.w.org\/{rel}","templated":true}]}}