{"id":25404,"date":"2025-09-24T14:33:43","date_gmt":"2025-09-24T11:33:43","guid":{"rendered":"https:\/\/www.facecorner.lv\/?post_type=product&#038;p=25404"},"modified":"2025-10-15T15:30:34","modified_gmt":"2025-10-15T12:30:34","slug":"atjaunojosa-hidrogelmaska-ar-mikroadatinam-un-pdrn-vt-pdrn-reedle-shot-100-2step-hydrogel-mask","status":"publish","type":"product","link":"https:\/\/www.facecorner.lv\/lv\/shop\/atjaunojosa-hidrogelmaska-ar-mikroadatinam-un-pdrn-vt-pdrn-reedle-shot-100-2step-hydrogel-mask\/","title":{"rendered":"Atjaunojo\u0161a hidro\u0123elmaska ar mikroadati\u0146\u0101m un PDRN VT PDRN Reedle Shot 100 2Step Hydrogel Mask"},"content":{"rendered":"<p>VT PDRN Reedle Shot 100 2Step Hydrogel Mask ir inovat\u012bva jaun\u0101s paaudzes maska, kas paredz\u0113ta \u0101das dzi\u013cai atjauno\u0161anai, t\u0101s elast\u012bbas un tekst\u016bras uzlabo\u0161anai.<\/p>\n<p>Taj\u0101 apvienotas divas profesion\u0101las proced\u016bras vien\u0101 komplekt\u0101: serums ar mikroadati\u0146\u0101m Reedle Shot 100 un ar akt\u012bvaj\u0101m sast\u0101vda\u013c\u0101m bag\u0101tin\u0101ta hidro\u0123ela maska.<\/p>\n<p>Mikroadatu tehnolo\u0123ija veicina akt\u012bvo vielu lab\u0101ku uzs\u016bk\u0161anos, aktiviz\u0113jot dabiskos \u0101das atjauno\u0161an\u0101s procesus.<\/p>\n<p><strong>1. posms \u2014 Reedle Shot 100 (ampula):<\/strong><\/p>\n<p>Satur dabisk\u0101 sil\u012bcija (Reedle\u2122) mikroadatas, kas maigi stimul\u0113 \u0101du.<\/p>\n<p>Aktiviz\u0113 mikrocirkul\u0101ciju un palielina esences uzs\u016bk\u0161an\u0101s efektivit\u0101ti.<\/p>\n<p>Sagatavo \u0101du n\u0101kamajam kop\u0161anas posmam.<\/p>\n<p><strong>2. posms \u2014 Hydrogel Mask:<\/strong><\/p>\n<p>PDRN (polideoksiribonukleot\u012bds) \u2014 biolo\u0123iskais komponents, kas stimul\u0113 \u0161\u016bnu re\u0123ener\u0101ciju, nostiprina barjeru un uzlabo \u0101das elast\u012bbu.<\/p>\n<p>Hialuronsk\u0101be \u2014 dzi\u013ci mitrina un saglab\u0101 mitrumu.<\/p>\n<p>\u0100zijas centella, alanto\u012bns, alvejas ekstrakts \u2014 nomierina un mazina kairin\u0101jumu.<\/p>\n<p>Hidro\u0123ela tekst\u016bra nodro\u0161ina cie\u0161u piek\u013c\u0101vumu, atv\u0113sin\u0101\u0161anu un pastiprin\u0101tu akt\u012bvo vielu pieg\u0101di dzi\u013cajiem \u0101das sl\u0101\u0146iem.<\/p>\n<p><strong>Lieto\u0161anas rezult\u0101ti:<\/strong><\/p>\n<ul>\n<li>\u0100das elast\u012bbas un gluduma uzlabo\u0161ana<\/li>\n<li>Tona izgaismo\u0161ana un izl\u012bdzin\u0101\u0161ana<\/li>\n<li>Noguruma un vecuma izmai\u0146u paz\u012bmju mazin\u0101\u0161ana<\/li>\n<li>\u0100das tekst\u016bras un mirdzuma uzlabo\u0161ana<\/li>\n<li>\u0100tra atjauno\u0161an\u0101s p\u0113c stresa vai agres\u012bv\u0101m proced\u016br\u0101m<\/li>\n<\/ul>\n<p><strong>Lieto\u0161anas veids:<\/strong><\/p>\n<p>P\u0113c att\u012br\u012b\u0161anas uzkl\u0101jiet Step 1 (Reedle Shot ampulu) uz sejas, maigi izl\u012bdziniet pa \u0101du.<\/p>\n<p>Tad uzkl\u0101jiet Step 2 (hidrog\u0113la masku) un atst\u0101jiet uz 15\u201320 min\u016bt\u0113m.<\/p>\n<p>No\u0146emiet masku un maigi iemas\u0113jiet atliku\u0161o esenci.<br \/>\nIeteicams lietot 1\u20132 reizes ned\u0113\u013c\u0101.<\/p>\n<p><strong>Sast\u0101vs:<\/strong> Water, Dipropylene Glycol, Cetyl Ethylhexanoate, Niacinamide, Ceratonia Siliqua (Carob) Gum, Glycerin, Chondrus Crispus Powder, Chondrus Crispus Extract, Glyceryl Stearate, Peg-100 Stearate, Butylene Glycol, Panthenol, Centella Asiatica Extract, Cellulose Gum, Butyrospermum Parkii (Shea) Butter, Paeonia Suffruticosa Root Extract, 1,2-Hexanediol, Sodium Polyacrylate, Potassium Chloride, Betaine, Polysorbate 60, Chamomilla Recutita (Matricaria) Flower Extract, Ethylhexylglycerin, Glyceryl Caprylate, Hydrogenated Polydecene, Disodium Edta, Vitis Vinifera (Grape) Seed Oil, Adenosine, Chromium Oxide Greens(Ci 77288), Ultramarines(Ci 77007), Dextrin, Trideceth-6, Collagen Water, Galactomyces Ferment Filtrate, Sucrose, Portulaca Oleracea Extract, Pantolactone, Triethoxycaprylylsilane, Hydrogenated Lecithin, Tocopheryl Acetate, Propanediol, Vitis Vinifera (Grape) Seed Extract, Polyglyceryl-4 Caprate, Passiflora Incarnata Flower Extract, Silica, Saururus Chinensis Extract, Stearic Acid, Sodium Chloride, Rice Ferment Filtrate (Sake), Madecassoside, Asiaticoside, Ficus Carica (Fig) Fruit Extract, Sodium Hyaluronate, Oryza Sativa (Rice) Extract, Glutathione, Caprylyl Glycol, Ceramide NP, Hydrolyzed Hyaluronic Acid, Hyaluronic Acid, Hydrolyzed Sodium Hyaluronate, Hydroxypropyltrimonium Hyaluronate, Potassium Hyaluronate, Pentylene Glycol, Sodium Hyaluronate Crosspolymer, Sodium Acetylated Hyaluronate, Panax Ginseng Root Extract, Copper Tripeptide-1, Acetyl Hexapeptide-8, Palmitoyl Tripeptide-5, Palmitoyl Pentapeptide-4, Palmitoyl Tripeptide-1, Acetyl Octapeptide-3, Sodium Dna, Propolis Extract, Madecassic Acid, Asiatic Acid<\/p>\n","protected":false},"excerpt":{"rendered":"<p>VT PDRN Reedle Shot 100 2Step Hydrogel Mask ir inovat\u012bva jaun\u0101s paaudzes maska, kas paredz\u0113ta \u0101das dzi\u013cai atjauno\u0161anai, t\u0101s elast\u012bbas un tekst\u016bras uzlabo\u0161anai. Taj\u0101 apvienotas divas profesion\u0101las proced\u016bras vien\u0101 komplekt\u0101: serums ar mikroadati\u0146\u0101m Reedle Shot 100 un ar akt\u012bvaj\u0101m sast\u0101vda\u013c\u0101m bag\u0101tin\u0101ta hidro\u0123ela maska. Mikroadatu tehnolo\u0123ija veicina akt\u012bvo vielu lab\u0101ku uzs\u016bk\u0161anos, aktiviz\u0113jot dabiskos \u0101das atjauno\u0161an\u0101s procesus. [&hellip;]<\/p>\n","protected":false},"featured_media":25405,"comment_status":"open","ping_status":"closed","template":"","meta":{"site-sidebar-layout":"default","site-content-layout":"","ast-site-content-layout":"default","site-content-style":"default","site-sidebar-style":"default","ast-global-header-display":"","ast-banner-title-visibility":"","ast-main-header-display":"","ast-hfb-above-header-display":"","ast-hfb-below-header-display":"","ast-hfb-mobile-header-display":"","site-post-title":"","ast-breadcrumbs-content":"","ast-featured-img":"","footer-sml-layout":"","theme-transparent-header-meta":"default","adv-header-id-meta":"","stick-header-meta":"","header-above-stick-meta":"","header-main-stick-meta":"","header-below-stick-meta":"","astra-migrate-meta-layouts":"set","ast-page-background-enabled":"default","ast-page-background-meta":{"desktop":{"background-color":"var(--ast-global-color-4)","background-image":"","background-repeat":"repeat","background-position":"center center","background-size":"auto","background-attachment":"scroll","background-type":"","background-media":"","overlay-type":"","overlay-color":"","overlay-opacity":"","overlay-gradient":""},"tablet":{"background-color":"","background-image":"","background-repeat":"repeat","background-position":"center center","background-size":"auto","background-attachment":"scroll","background-type":"","background-media":"","overlay-type":"","overlay-color":"","overlay-opacity":"","overlay-gradient":""},"mobile":{"background-color":"","background-image":"","background-repeat":"repeat","background-position":"center center","background-size":"auto","background-attachment":"scroll","background-type":"","background-media":"","overlay-type":"","overlay-color":"","overlay-opacity":"","overlay-gradient":""}},"ast-content-background-meta":{"desktop":{"background-color":"var(--ast-global-color-5)","background-image":"","background-repeat":"repeat","background-position":"center center","background-size":"auto","background-attachment":"scroll","background-type":"","background-media":"","overlay-type":"","overlay-color":"","overlay-opacity":"","overlay-gradient":""},"tablet":{"background-color":"var(--ast-global-color-5)","background-image":"","background-repeat":"repeat","background-position":"center center","background-size":"auto","background-attachment":"scroll","background-type":"","background-media":"","overlay-type":"","overlay-color":"","overlay-opacity":"","overlay-gradient":""},"mobile":{"background-color":"var(--ast-global-color-5)","background-image":"","background-repeat":"repeat","background-position":"center center","background-size":"auto","background-attachment":"scroll","background-type":"","background-media":"","overlay-type":"","overlay-color":"","overlay-opacity":"","overlay-gradient":""}}},"product_brand":[],"product_cat":[325,315,652],"product_tag":[],"berocket_brand":[582],"class_list":{"0":"post-25404","1":"product","2":"type-product","3":"status-publish","4":"has-post-thumbnail","6":"product_cat-hidrogela","7":"product_cat-maskas","8":"product_cat-pdrn","9":"berocket_brand-vt","10":"desktop-align-left","11":"tablet-align-left","12":"mobile-align-left","14":"first","15":"outofstock","16":"taxable","17":"shipping-taxable","18":"purchasable","19":"product-type-simple","20":"add-to-wishlist-before_image"},"yoast_head":"<!-- This site is optimized with the Yoast SEO plugin v27.3 - https:\/\/yoast.com\/product\/yoast-seo-wordpress\/ -->\n<title>Atjaunojo\u0161a hidro\u0123elmaska ar mikroadati\u0146\u0101m un PDRN VT PDRN Reedle Shot 100 2Step Hydrogel Mask - FACECORNER<\/title>\n<meta name=\"description\" content=\"VT PDRN Reedle Shot 100 2Step Hydrogel Mask ir inovat\u012bva jaun\u0101s paaudzes maska, kas paredz\u0113ta \u0101das dzi\u013cai atjauno\u0161anai, t\u0101s elast\u012bbas un tekst\u016bras uzlabo\u0161anai.\" \/>\n<meta name=\"robots\" content=\"index, follow, max-snippet:-1, max-image-preview:large, max-video-preview:-1\" \/>\n<link rel=\"canonical\" href=\"https:\/\/www.facecorner.lv\/lv\/shop\/atjaunojosa-hidrogelmaska-ar-mikroadatinam-un-pdrn-vt-pdrn-reedle-shot-100-2step-hydrogel-mask\/\" \/>\n<meta property=\"og:locale\" content=\"lv_LV\" \/>\n<meta property=\"og:type\" content=\"article\" \/>\n<meta property=\"og:title\" content=\"Atjaunojo\u0161a hidro\u0123elmaska ar mikroadati\u0146\u0101m un PDRN VT PDRN Reedle Shot 100 2Step Hydrogel Mask - FACECORNER\" \/>\n<meta property=\"og:description\" content=\"VT PDRN Reedle Shot 100 2Step Hydrogel Mask ir inovat\u012bva jaun\u0101s paaudzes maska, kas paredz\u0113ta \u0101das dzi\u013cai atjauno\u0161anai, t\u0101s elast\u012bbas un tekst\u016bras uzlabo\u0161anai.\" \/>\n<meta property=\"og:url\" content=\"https:\/\/www.facecorner.lv\/lv\/shop\/atjaunojosa-hidrogelmaska-ar-mikroadatinam-un-pdrn-vt-pdrn-reedle-shot-100-2step-hydrogel-mask\/\" \/>\n<meta property=\"og:site_name\" content=\"FACECORNER\" \/>\n<meta property=\"article:publisher\" content=\"https:\/\/www.facebook.com\/profile.php?id=100063824551839\" \/>\n<meta property=\"article:modified_time\" content=\"2025-10-15T12:30:34+00:00\" \/>\n<meta property=\"og:image\" content=\"https:\/\/www.facecorner.lv\/wp-content\/uploads\/2025\/09\/XXL_p0219528055.webp\" \/>\n\t<meta property=\"og:image:width\" content=\"640\" \/>\n\t<meta property=\"og:image:height\" content=\"640\" \/>\n\t<meta property=\"og:image:type\" content=\"image\/webp\" \/>\n<meta name=\"twitter:card\" content=\"summary_large_image\" \/>\n<meta name=\"twitter:label1\" content=\"Price\" \/>\n\t<meta name=\"twitter:data1\" content=\"&euro;7.50\" \/>\n\t<meta name=\"twitter:label2\" content=\"Availability\" \/>\n\t<meta name=\"twitter:data2\" content=\"Out of stock\" \/>\n<script type=\"application\/ld+json\" class=\"yoast-schema-graph\">{\"@context\":\"https:\\\/\\\/schema.org\",\"@graph\":[{\"@type\":\"WebPage\",\"@id\":\"https:\\\/\\\/www.facecorner.lv\\\/shop\\\/atjaunojosa-hidrogelmaska-ar-mikroadatinam-un-pdrn-vt-pdrn-reedle-shot-100-2step-hydrogel-mask\\\/\",\"url\":\"https:\\\/\\\/www.facecorner.lv\\\/shop\\\/atjaunojosa-hidrogelmaska-ar-mikroadatinam-un-pdrn-vt-pdrn-reedle-shot-100-2step-hydrogel-mask\\\/\",\"name\":\"Atjaunojo\u0161a hidro\u0123elmaska ar mikroadati\u0146\u0101m un PDRN VT PDRN Reedle Shot 100 2Step Hydrogel Mask - FACECORNER\",\"isPartOf\":{\"@id\":\"https:\\\/\\\/www.facecorner.lv\\\/#website\"},\"primaryImageOfPage\":{\"@id\":\"https:\\\/\\\/www.facecorner.lv\\\/shop\\\/atjaunojosa-hidrogelmaska-ar-mikroadatinam-un-pdrn-vt-pdrn-reedle-shot-100-2step-hydrogel-mask\\\/#primaryimage\"},\"image\":{\"@id\":\"https:\\\/\\\/www.facecorner.lv\\\/shop\\\/atjaunojosa-hidrogelmaska-ar-mikroadatinam-un-pdrn-vt-pdrn-reedle-shot-100-2step-hydrogel-mask\\\/#primaryimage\"},\"thumbnailUrl\":\"https:\\\/\\\/www.facecorner.lv\\\/wp-content\\\/uploads\\\/2025\\\/09\\\/XXL_p0219528055.webp\",\"datePublished\":\"2025-09-24T11:33:43+00:00\",\"dateModified\":\"2025-10-15T12:30:34+00:00\",\"description\":\"VT PDRN Reedle Shot 100 2Step Hydrogel Mask ir inovat\u012bva jaun\u0101s paaudzes maska, kas paredz\u0113ta \u0101das dzi\u013cai atjauno\u0161anai, t\u0101s elast\u012bbas un tekst\u016bras uzlabo\u0161anai.\",\"breadcrumb\":{\"@id\":\"https:\\\/\\\/www.facecorner.lv\\\/shop\\\/atjaunojosa-hidrogelmaska-ar-mikroadatinam-un-pdrn-vt-pdrn-reedle-shot-100-2step-hydrogel-mask\\\/#breadcrumb\"},\"inLanguage\":\"lv-LV\",\"potentialAction\":[{\"@type\":\"ReadAction\",\"target\":[\"https:\\\/\\\/www.facecorner.lv\\\/shop\\\/atjaunojosa-hidrogelmaska-ar-mikroadatinam-un-pdrn-vt-pdrn-reedle-shot-100-2step-hydrogel-mask\\\/\"]}]},{\"@type\":\"ImageObject\",\"inLanguage\":\"lv-LV\",\"@id\":\"https:\\\/\\\/www.facecorner.lv\\\/shop\\\/atjaunojosa-hidrogelmaska-ar-mikroadatinam-un-pdrn-vt-pdrn-reedle-shot-100-2step-hydrogel-mask\\\/#primaryimage\",\"url\":\"https:\\\/\\\/www.facecorner.lv\\\/wp-content\\\/uploads\\\/2025\\\/09\\\/XXL_p0219528055.webp\",\"contentUrl\":\"https:\\\/\\\/www.facecorner.lv\\\/wp-content\\\/uploads\\\/2025\\\/09\\\/XXL_p0219528055.webp\",\"width\":640,\"height\":640,\"caption\":\"VT - PDRN Reedle Shot 100 2Step Hydrogel Mask\"},{\"@type\":\"BreadcrumbList\",\"@id\":\"https:\\\/\\\/www.facecorner.lv\\\/shop\\\/atjaunojosa-hidrogelmaska-ar-mikroadatinam-un-pdrn-vt-pdrn-reedle-shot-100-2step-hydrogel-mask\\\/#breadcrumb\",\"itemListElement\":[{\"@type\":\"ListItem\",\"position\":1,\"name\":\"Home\",\"item\":\"https:\\\/\\\/www.facecorner.lv\\\/\"},{\"@type\":\"ListItem\",\"position\":2,\"name\":\"Veikals\",\"item\":\"https:\\\/\\\/www.facecorner.lv\\\/shop\\\/\"},{\"@type\":\"ListItem\",\"position\":3,\"name\":\"Atjaunojo\u0161a hidro\u0123elmaska ar mikroadati\u0146\u0101m un PDRN VT PDRN Reedle Shot 100 2Step Hydrogel Mask\"}]},{\"@type\":\"WebSite\",\"@id\":\"https:\\\/\\\/www.facecorner.lv\\\/#website\",\"url\":\"https:\\\/\\\/www.facecorner.lv\\\/\",\"name\":\"Facecorner\",\"description\":\"\",\"publisher\":{\"@id\":\"https:\\\/\\\/www.facecorner.lv\\\/#organization\"},\"potentialAction\":[{\"@type\":\"SearchAction\",\"target\":{\"@type\":\"EntryPoint\",\"urlTemplate\":\"https:\\\/\\\/www.facecorner.lv\\\/?s={search_term_string}\"},\"query-input\":{\"@type\":\"PropertyValueSpecification\",\"valueRequired\":true,\"valueName\":\"search_term_string\"}}],\"inLanguage\":\"lv-LV\"},{\"@type\":\"Organization\",\"@id\":\"https:\\\/\\\/www.facecorner.lv\\\/#organization\",\"name\":\"Facecorner\",\"url\":\"https:\\\/\\\/www.facecorner.lv\\\/\",\"logo\":{\"@type\":\"ImageObject\",\"inLanguage\":\"lv-LV\",\"@id\":\"https:\\\/\\\/www.facecorner.lv\\\/#\\\/schema\\\/logo\\\/image\\\/\",\"url\":\"https:\\\/\\\/www.facecorner.lv\\\/wp-content\\\/uploads\\\/2024\\\/04\\\/fc-logo.jpg\",\"contentUrl\":\"https:\\\/\\\/www.facecorner.lv\\\/wp-content\\\/uploads\\\/2024\\\/04\\\/fc-logo.jpg\",\"width\":174,\"height\":28,\"caption\":\"Facecorner\"},\"image\":{\"@id\":\"https:\\\/\\\/www.facecorner.lv\\\/#\\\/schema\\\/logo\\\/image\\\/\"},\"sameAs\":[\"https:\\\/\\\/www.facebook.com\\\/profile.php?id=100063824551839\",\"https:\\\/\\\/www.instagram.com\\\/facecorner_shop\\\/\"]}]}<\/script>\n<meta property=\"product:price:amount\" content=\"7.50\" \/>\n<meta property=\"product:price:currency\" content=\"EUR\" \/>\n<meta property=\"og:availability\" content=\"out of stock\" \/>\n<meta property=\"product:availability\" content=\"out of stock\" \/>\n<meta property=\"product:condition\" content=\"new\" \/>\n<!-- \/ Yoast SEO plugin. -->","yoast_head_json":{"title":"Atjaunojo\u0161a hidro\u0123elmaska ar mikroadati\u0146\u0101m un PDRN VT PDRN Reedle Shot 100 2Step Hydrogel Mask - FACECORNER","description":"VT PDRN Reedle Shot 100 2Step Hydrogel Mask ir inovat\u012bva jaun\u0101s paaudzes maska, kas paredz\u0113ta \u0101das dzi\u013cai atjauno\u0161anai, t\u0101s elast\u012bbas un tekst\u016bras uzlabo\u0161anai.","robots":{"index":"index","follow":"follow","max-snippet":"max-snippet:-1","max-image-preview":"max-image-preview:large","max-video-preview":"max-video-preview:-1"},"canonical":"https:\/\/www.facecorner.lv\/lv\/shop\/atjaunojosa-hidrogelmaska-ar-mikroadatinam-un-pdrn-vt-pdrn-reedle-shot-100-2step-hydrogel-mask\/","og_locale":"lv_LV","og_type":"article","og_title":"Atjaunojo\u0161a hidro\u0123elmaska ar mikroadati\u0146\u0101m un PDRN VT PDRN Reedle Shot 100 2Step Hydrogel Mask - FACECORNER","og_description":"VT PDRN Reedle Shot 100 2Step Hydrogel Mask ir inovat\u012bva jaun\u0101s paaudzes maska, kas paredz\u0113ta \u0101das dzi\u013cai atjauno\u0161anai, t\u0101s elast\u012bbas un tekst\u016bras uzlabo\u0161anai.","og_url":"https:\/\/www.facecorner.lv\/lv\/shop\/atjaunojosa-hidrogelmaska-ar-mikroadatinam-un-pdrn-vt-pdrn-reedle-shot-100-2step-hydrogel-mask\/","og_site_name":"FACECORNER","article_publisher":"https:\/\/www.facebook.com\/profile.php?id=100063824551839","article_modified_time":"2025-10-15T12:30:34+00:00","og_image":[{"width":640,"height":640,"url":"https:\/\/www.facecorner.lv\/wp-content\/uploads\/2025\/09\/XXL_p0219528055.webp","type":"image\/webp"}],"twitter_card":"summary_large_image","twitter_misc":{"Price":"&euro;7.50","Availability":"Out of stock"},"schema":{"@context":"https:\/\/schema.org","@graph":[{"@type":"WebPage","@id":"https:\/\/www.facecorner.lv\/shop\/atjaunojosa-hidrogelmaska-ar-mikroadatinam-un-pdrn-vt-pdrn-reedle-shot-100-2step-hydrogel-mask\/","url":"https:\/\/www.facecorner.lv\/shop\/atjaunojosa-hidrogelmaska-ar-mikroadatinam-un-pdrn-vt-pdrn-reedle-shot-100-2step-hydrogel-mask\/","name":"Atjaunojo\u0161a hidro\u0123elmaska ar mikroadati\u0146\u0101m un PDRN VT PDRN Reedle Shot 100 2Step Hydrogel Mask - FACECORNER","isPartOf":{"@id":"https:\/\/www.facecorner.lv\/#website"},"primaryImageOfPage":{"@id":"https:\/\/www.facecorner.lv\/shop\/atjaunojosa-hidrogelmaska-ar-mikroadatinam-un-pdrn-vt-pdrn-reedle-shot-100-2step-hydrogel-mask\/#primaryimage"},"image":{"@id":"https:\/\/www.facecorner.lv\/shop\/atjaunojosa-hidrogelmaska-ar-mikroadatinam-un-pdrn-vt-pdrn-reedle-shot-100-2step-hydrogel-mask\/#primaryimage"},"thumbnailUrl":"https:\/\/www.facecorner.lv\/wp-content\/uploads\/2025\/09\/XXL_p0219528055.webp","datePublished":"2025-09-24T11:33:43+00:00","dateModified":"2025-10-15T12:30:34+00:00","description":"VT PDRN Reedle Shot 100 2Step Hydrogel Mask ir inovat\u012bva jaun\u0101s paaudzes maska, kas paredz\u0113ta \u0101das dzi\u013cai atjauno\u0161anai, t\u0101s elast\u012bbas un tekst\u016bras uzlabo\u0161anai.","breadcrumb":{"@id":"https:\/\/www.facecorner.lv\/shop\/atjaunojosa-hidrogelmaska-ar-mikroadatinam-un-pdrn-vt-pdrn-reedle-shot-100-2step-hydrogel-mask\/#breadcrumb"},"inLanguage":"lv-LV","potentialAction":[{"@type":"ReadAction","target":["https:\/\/www.facecorner.lv\/shop\/atjaunojosa-hidrogelmaska-ar-mikroadatinam-un-pdrn-vt-pdrn-reedle-shot-100-2step-hydrogel-mask\/"]}]},{"@type":"ImageObject","inLanguage":"lv-LV","@id":"https:\/\/www.facecorner.lv\/shop\/atjaunojosa-hidrogelmaska-ar-mikroadatinam-un-pdrn-vt-pdrn-reedle-shot-100-2step-hydrogel-mask\/#primaryimage","url":"https:\/\/www.facecorner.lv\/wp-content\/uploads\/2025\/09\/XXL_p0219528055.webp","contentUrl":"https:\/\/www.facecorner.lv\/wp-content\/uploads\/2025\/09\/XXL_p0219528055.webp","width":640,"height":640,"caption":"VT - PDRN Reedle Shot 100 2Step Hydrogel Mask"},{"@type":"BreadcrumbList","@id":"https:\/\/www.facecorner.lv\/shop\/atjaunojosa-hidrogelmaska-ar-mikroadatinam-un-pdrn-vt-pdrn-reedle-shot-100-2step-hydrogel-mask\/#breadcrumb","itemListElement":[{"@type":"ListItem","position":1,"name":"Home","item":"https:\/\/www.facecorner.lv\/"},{"@type":"ListItem","position":2,"name":"Veikals","item":"https:\/\/www.facecorner.lv\/shop\/"},{"@type":"ListItem","position":3,"name":"Atjaunojo\u0161a hidro\u0123elmaska ar mikroadati\u0146\u0101m un PDRN VT PDRN Reedle Shot 100 2Step Hydrogel Mask"}]},{"@type":"WebSite","@id":"https:\/\/www.facecorner.lv\/#website","url":"https:\/\/www.facecorner.lv\/","name":"Facecorner","description":"","publisher":{"@id":"https:\/\/www.facecorner.lv\/#organization"},"potentialAction":[{"@type":"SearchAction","target":{"@type":"EntryPoint","urlTemplate":"https:\/\/www.facecorner.lv\/?s={search_term_string}"},"query-input":{"@type":"PropertyValueSpecification","valueRequired":true,"valueName":"search_term_string"}}],"inLanguage":"lv-LV"},{"@type":"Organization","@id":"https:\/\/www.facecorner.lv\/#organization","name":"Facecorner","url":"https:\/\/www.facecorner.lv\/","logo":{"@type":"ImageObject","inLanguage":"lv-LV","@id":"https:\/\/www.facecorner.lv\/#\/schema\/logo\/image\/","url":"https:\/\/www.facecorner.lv\/wp-content\/uploads\/2024\/04\/fc-logo.jpg","contentUrl":"https:\/\/www.facecorner.lv\/wp-content\/uploads\/2024\/04\/fc-logo.jpg","width":174,"height":28,"caption":"Facecorner"},"image":{"@id":"https:\/\/www.facecorner.lv\/#\/schema\/logo\/image\/"},"sameAs":["https:\/\/www.facebook.com\/profile.php?id=100063824551839","https:\/\/www.instagram.com\/facecorner_shop\/"]}]},"product_price_amount":"7.50","product_price_currency":"EUR","og_availability":"out of stock","product_availability":"out of stock","product_condition":"new"},"_links":{"self":[{"href":"https:\/\/www.facecorner.lv\/lv\/wp-json\/wp\/v2\/product\/25404","targetHints":{"allow":["GET"]}}],"collection":[{"href":"https:\/\/www.facecorner.lv\/lv\/wp-json\/wp\/v2\/product"}],"about":[{"href":"https:\/\/www.facecorner.lv\/lv\/wp-json\/wp\/v2\/types\/product"}],"replies":[{"embeddable":true,"href":"https:\/\/www.facecorner.lv\/lv\/wp-json\/wp\/v2\/comments?post=25404"}],"wp:featuredmedia":[{"embeddable":true,"href":"https:\/\/www.facecorner.lv\/lv\/wp-json\/wp\/v2\/media\/25405"}],"wp:attachment":[{"href":"https:\/\/www.facecorner.lv\/lv\/wp-json\/wp\/v2\/media?parent=25404"}],"wp:term":[{"taxonomy":"product_brand","embeddable":true,"href":"https:\/\/www.facecorner.lv\/lv\/wp-json\/wp\/v2\/product_brand?post=25404"},{"taxonomy":"product_cat","embeddable":true,"href":"https:\/\/www.facecorner.lv\/lv\/wp-json\/wp\/v2\/product_cat?post=25404"},{"taxonomy":"product_tag","embeddable":true,"href":"https:\/\/www.facecorner.lv\/lv\/wp-json\/wp\/v2\/product_tag?post=25404"},{"taxonomy":"berocket_brand","embeddable":true,"href":"https:\/\/www.facecorner.lv\/lv\/wp-json\/wp\/v2\/berocket_brand?post=25404"}],"curies":[{"name":"wp","href":"https:\/\/api.w.org\/{rel}","templated":true}]}}