{"id":25400,"date":"2025-09-24T14:17:36","date_gmt":"2025-09-24T11:17:36","guid":{"rendered":"https:\/\/www.facecorner.lv\/?post_type=product&#038;p=25400"},"modified":"2025-10-20T14:08:30","modified_gmt":"2025-10-20T11:08:30","slug":"isoi-bulgarian-rose-blemish-care-eye-patch-90-patches","status":"publish","type":"product","link":"https:\/\/www.facecorner.lv\/lv\/shop\/isoi-bulgarian-rose-blemish-care-eye-patch-90-patches\/","title":{"rendered":"isoi Bulgarian Rose Blemish Care Eye Patch 90 patches"},"content":{"rendered":"<p>isoi Bulgarian Rose Blemish Care Eye Patch ir hidrog\u0113la pl\u0101ksteri, kas \u012bpa\u0161i izstr\u0101d\u0101ti jut\u012bgajai zonai ap ac\u012bm.<\/p>\n<p>Pateicoties augstas kvalit\u0101tes bulg\u0101ru ro\u017eu e\u013c\u013cai un izgaismojo\u0161aj\u0101m sast\u0101vda\u013c\u0101m, pl\u0101ksteri efekt\u012bvi c\u012bn\u0101s ar tum\u0161ajiem lokiem, piet\u016bkumu un pirmajiem noveco\u0161an\u0101s paz\u012bm\u0113m, padarot skatienu svaigu un atp\u016btu\u0161os.<\/p>\n<ul>\n<li>Bulg\u0101ru ro\u017eu \u0113terisk\u0101 e\u013c\u013ca \u2014 dzi\u013ci baro, uzlabo mikrocirkul\u0101ciju un pie\u0161\u0137ir \u0101dai mirdzumu.<\/li>\n<li>Niac\u012bnam\u012bds \u2014 izgaismo tum\u0161os lokus un izl\u012bdzina \u0101das toni.<\/li>\n<li>Arbut\u012bns \u2014 maigi izgaismo pigment\u0101ciju acu zon\u0101.<\/li>\n<li>Adenoz\u012bns \u2014 izl\u012bdzina s\u012bk\u0101s grumbi\u0146as un palielina \u0101das elast\u012bbu.<\/li>\n<\/ul>\n<p><strong style=\"font-size: 16px;\">Priek\u0161roc\u012bbas:<\/strong><\/p>\n<ul>\n<li>Atvieglo tum\u0161os lokus un samazina piet\u016bkumu<\/li>\n<li>Palielina \u0101das elast\u012bbu un tonusu ap ac\u012bm<\/li>\n<li>Izgludina \u201czoss k\u0101ji\u0146as\u201d un s\u012bk\u0101s grumbi\u0146as.<\/li>\n<li>Nodro\u0161ina atv\u0113sino\u0161u un nomierino\u0161u efektu.<\/li>\n<\/ul>\n<p>Ide\u0101li piem\u0113roti r\u012bta un vakara kop\u0161anai, k\u0101 ar\u012b pirms grima uzkl\u0101\u0161anas.<\/p>\n<p><strong>Lieto\u0161anas veids:<\/strong> P\u0113c sejas att\u012br\u012b\u0161anas un toniz\u0113\u0161anas uzman\u012bgi uzlieciet pl\u0101ksterus zem ac\u012bm.Atst\u0101jiet uz 15\u201320 min\u016bt\u0113m.No\u0146emiet un ar pirkstu galiem viegli iemas\u0113jiet atliku\u0161o esenci.<\/p>\n<p><strong>Sast\u0101vs:<\/strong> Water, Dipropylene Glycol, Glycerin, 1,2-Hexanediol, Niacinamide, Chondrus Crispus Extract, Rosa Damascena Flower Water, Ceratonia Siliqua (Carob) Gum, Rosa Damascena Flower Oil, Rosa Hybrid Flower, Sodium Hyaluronate, Sodium Acetylated Hyaluronate, Hydrolyzed Hyaluronic Acid, Hydrolyzed Sodium Hyaluronate, Hyaluronic Acid, Hydroxypropyltrimonium Hyaluronate, Potassium Hyaluronate, Sodium Hyaluronate Crosspolymer, Hippophae Rhamnoides Fruit Extract, Rubus Idaeus (Raspberry) Fruit Extract, Rubus Fruticosus (Blackberry) Fruit Extract, Euterpe Oleracea Fruit Extract, Vaccinium Myrtillus Fruit Extract, Vaccinium Macrocarpon (Cranberry) Fruit Extract, Ribes Nigrum (Black Currant) Fruit Extract, Vaccinium Angustifolium (Blueberry) Fruit Extract, Houttuynia Cordata Extract, Centella Asiatica Extract, Calendula Officinalis Flower Extract, Scutellaria Baicalensis Root Extract, Glycyrrhiza Glabra (Licorice) Root Extract, Glutathione, Allantoin, Betaine, Trehalose, Panthenol, Dipotassium Glycyrrhizate, Adenosine, Potassium Chloride, Sucrose, Xanthan Gum, Cellulose Gum, Butylene Glycol, Pentylene Glycol, Polyglyceryl-10 Oleate, Tocopherol, Glyceryl Caprylate, Pelargonium Graveolens Flower Oil, Citrus Aurantium Dulcis (Orange) Peel Oil, Citronellol, Geraniol, Linalool, Iron Oxide Red<\/p>\n<p>&nbsp;<\/p>\n<p>&nbsp;<\/p>\n<p>&nbsp;<\/p>\n","protected":false},"excerpt":{"rendered":"<p>isoi Bulgarian Rose Blemish Care Eye Patch ir hidrog\u0113la pl\u0101ksteri, kas \u012bpa\u0161i izstr\u0101d\u0101ti jut\u012bgajai zonai ap ac\u012bm.<\/p>\n","protected":false},"featured_media":25401,"comment_status":"open","ping_status":"closed","template":"","meta":{"site-sidebar-layout":"default","site-content-layout":"","ast-site-content-layout":"default","site-content-style":"default","site-sidebar-style":"default","ast-global-header-display":"","ast-banner-title-visibility":"","ast-main-header-display":"","ast-hfb-above-header-display":"","ast-hfb-below-header-display":"","ast-hfb-mobile-header-display":"","site-post-title":"","ast-breadcrumbs-content":"","ast-featured-img":"","footer-sml-layout":"","theme-transparent-header-meta":"default","adv-header-id-meta":"","stick-header-meta":"","header-above-stick-meta":"","header-main-stick-meta":"","header-below-stick-meta":"","astra-migrate-meta-layouts":"set","ast-page-background-enabled":"default","ast-page-background-meta":{"desktop":{"background-color":"var(--ast-global-color-4)","background-image":"","background-repeat":"repeat","background-position":"center center","background-size":"auto","background-attachment":"scroll","background-type":"","background-media":"","overlay-type":"","overlay-color":"","overlay-opacity":"","overlay-gradient":""},"tablet":{"background-color":"","background-image":"","background-repeat":"repeat","background-position":"center center","background-size":"auto","background-attachment":"scroll","background-type":"","background-media":"","overlay-type":"","overlay-color":"","overlay-opacity":"","overlay-gradient":""},"mobile":{"background-color":"","background-image":"","background-repeat":"repeat","background-position":"center center","background-size":"auto","background-attachment":"scroll","background-type":"","background-media":"","overlay-type":"","overlay-color":"","overlay-opacity":"","overlay-gradient":""}},"ast-content-background-meta":{"desktop":{"background-color":"var(--ast-global-color-5)","background-image":"","background-repeat":"repeat","background-position":"center center","background-size":"auto","background-attachment":"scroll","background-type":"","background-media":"","overlay-type":"","overlay-color":"","overlay-opacity":"","overlay-gradient":""},"tablet":{"background-color":"var(--ast-global-color-5)","background-image":"","background-repeat":"repeat","background-position":"center center","background-size":"auto","background-attachment":"scroll","background-type":"","background-media":"","overlay-type":"","overlay-color":"","overlay-opacity":"","overlay-gradient":""},"mobile":{"background-color":"var(--ast-global-color-5)","background-image":"","background-repeat":"repeat","background-position":"center center","background-size":"auto","background-attachment":"scroll","background-type":"","background-media":"","overlay-type":"","overlay-color":"","overlay-opacity":"","overlay-gradient":""}}},"product_brand":[],"product_cat":[327],"product_tag":[],"berocket_brand":[662],"class_list":{"0":"post-25400","1":"product","2":"type-product","3":"status-publish","4":"has-post-thumbnail","6":"product_cat-patci","7":"berocket_brand-isoi","8":"desktop-align-left","9":"tablet-align-left","10":"mobile-align-left","12":"first","13":"instock","14":"taxable","15":"shipping-taxable","16":"purchasable","17":"product-type-simple","18":"add-to-wishlist-before_image"},"yoast_head":"<!-- This site is optimized with the Yoast SEO plugin v27.4 - https:\/\/yoast.com\/product\/yoast-seo-wordpress\/ -->\n<title>isoi Bulgarian Rose Blemish Care Eye Patch 90 patches - FACECORNER<\/title>\n<meta name=\"description\" content=\"isoi Bulgarian Rose Blemish Care Eye Patch ir hidrog\u0113la pl\u0101ksteri, kas \u012bpa\u0161i izstr\u0101d\u0101ti jut\u012bgajai zonai ap ac\u012bm.\" \/>\n<meta name=\"robots\" content=\"index, follow, max-snippet:-1, max-image-preview:large, max-video-preview:-1\" \/>\n<link rel=\"canonical\" href=\"https:\/\/www.facecorner.lv\/lv\/shop\/isoi-bulgarian-rose-blemish-care-eye-patch-90-patches\/\" \/>\n<meta property=\"og:locale\" content=\"lv_LV\" \/>\n<meta property=\"og:type\" content=\"article\" \/>\n<meta property=\"og:title\" content=\"isoi Bulgarian Rose Blemish Care Eye Patch 90 patches - FACECORNER\" \/>\n<meta property=\"og:description\" content=\"isoi Bulgarian Rose Blemish Care Eye Patch ir hidrog\u0113la pl\u0101ksteri, kas \u012bpa\u0161i izstr\u0101d\u0101ti jut\u012bgajai zonai ap ac\u012bm.\" \/>\n<meta property=\"og:url\" content=\"https:\/\/www.facecorner.lv\/lv\/shop\/isoi-bulgarian-rose-blemish-care-eye-patch-90-patches\/\" \/>\n<meta property=\"og:site_name\" content=\"FACECORNER\" \/>\n<meta property=\"article:publisher\" content=\"https:\/\/www.facebook.com\/profile.php?id=100063824551839\" \/>\n<meta property=\"article:modified_time\" content=\"2025-10-20T11:08:30+00:00\" \/>\n<meta property=\"og:image\" content=\"https:\/\/www.facecorner.lv\/wp-content\/uploads\/2025\/09\/71IBdBzUBWL._UF10001000_QL80_.jpg\" \/>\n\t<meta property=\"og:image:width\" content=\"800\" \/>\n\t<meta property=\"og:image:height\" content=\"1000\" \/>\n\t<meta property=\"og:image:type\" content=\"image\/jpeg\" \/>\n<meta name=\"twitter:card\" content=\"summary_large_image\" \/>\n<meta name=\"twitter:label1\" content=\"Price\" \/>\n\t<meta name=\"twitter:data1\" content=\"&euro;29.90\" \/>\n\t<meta name=\"twitter:label2\" content=\"Availability\" \/>\n\t<meta name=\"twitter:data2\" content=\"In stock\" \/>\n<script type=\"application\/ld+json\" class=\"yoast-schema-graph\">{\"@context\":\"https:\\\/\\\/schema.org\",\"@graph\":[{\"@type\":\"WebPage\",\"@id\":\"https:\\\/\\\/www.facecorner.lv\\\/shop\\\/isoi-bulgarian-rose-blemish-care-eye-patch-90-patches\\\/\",\"url\":\"https:\\\/\\\/www.facecorner.lv\\\/shop\\\/isoi-bulgarian-rose-blemish-care-eye-patch-90-patches\\\/\",\"name\":\"isoi Bulgarian Rose Blemish Care Eye Patch 90 patches - FACECORNER\",\"isPartOf\":{\"@id\":\"https:\\\/\\\/www.facecorner.lv\\\/#website\"},\"primaryImageOfPage\":{\"@id\":\"https:\\\/\\\/www.facecorner.lv\\\/shop\\\/isoi-bulgarian-rose-blemish-care-eye-patch-90-patches\\\/#primaryimage\"},\"image\":{\"@id\":\"https:\\\/\\\/www.facecorner.lv\\\/shop\\\/isoi-bulgarian-rose-blemish-care-eye-patch-90-patches\\\/#primaryimage\"},\"thumbnailUrl\":\"https:\\\/\\\/www.facecorner.lv\\\/wp-content\\\/uploads\\\/2025\\\/09\\\/71IBdBzUBWL._UF10001000_QL80_.jpg\",\"datePublished\":\"2025-09-24T11:17:36+00:00\",\"dateModified\":\"2025-10-20T11:08:30+00:00\",\"description\":\"isoi Bulgarian Rose Blemish Care Eye Patch ir hidrog\u0113la pl\u0101ksteri, kas \u012bpa\u0161i izstr\u0101d\u0101ti jut\u012bgajai zonai ap ac\u012bm.\",\"breadcrumb\":{\"@id\":\"https:\\\/\\\/www.facecorner.lv\\\/shop\\\/isoi-bulgarian-rose-blemish-care-eye-patch-90-patches\\\/#breadcrumb\"},\"inLanguage\":\"lv-LV\",\"potentialAction\":[{\"@type\":\"ReadAction\",\"target\":[\"https:\\\/\\\/www.facecorner.lv\\\/shop\\\/isoi-bulgarian-rose-blemish-care-eye-patch-90-patches\\\/\"]}]},{\"@type\":\"ImageObject\",\"inLanguage\":\"lv-LV\",\"@id\":\"https:\\\/\\\/www.facecorner.lv\\\/shop\\\/isoi-bulgarian-rose-blemish-care-eye-patch-90-patches\\\/#primaryimage\",\"url\":\"https:\\\/\\\/www.facecorner.lv\\\/wp-content\\\/uploads\\\/2025\\\/09\\\/71IBdBzUBWL._UF10001000_QL80_.jpg\",\"contentUrl\":\"https:\\\/\\\/www.facecorner.lv\\\/wp-content\\\/uploads\\\/2025\\\/09\\\/71IBdBzUBWL._UF10001000_QL80_.jpg\",\"width\":800,\"height\":1000,\"caption\":\"isoi Bulgarian Rose Blemish Care Eye Patch\"},{\"@type\":\"BreadcrumbList\",\"@id\":\"https:\\\/\\\/www.facecorner.lv\\\/shop\\\/isoi-bulgarian-rose-blemish-care-eye-patch-90-patches\\\/#breadcrumb\",\"itemListElement\":[{\"@type\":\"ListItem\",\"position\":1,\"name\":\"Home\",\"item\":\"https:\\\/\\\/www.facecorner.lv\\\/\"},{\"@type\":\"ListItem\",\"position\":2,\"name\":\"Veikals\",\"item\":\"https:\\\/\\\/www.facecorner.lv\\\/shop\\\/\"},{\"@type\":\"ListItem\",\"position\":3,\"name\":\"isoi Bulgarian Rose Blemish Care Eye Patch 90 patches\"}]},{\"@type\":\"WebSite\",\"@id\":\"https:\\\/\\\/www.facecorner.lv\\\/#website\",\"url\":\"https:\\\/\\\/www.facecorner.lv\\\/\",\"name\":\"Facecorner\",\"description\":\"\",\"publisher\":{\"@id\":\"https:\\\/\\\/www.facecorner.lv\\\/#organization\"},\"potentialAction\":[{\"@type\":\"SearchAction\",\"target\":{\"@type\":\"EntryPoint\",\"urlTemplate\":\"https:\\\/\\\/www.facecorner.lv\\\/?s={search_term_string}\"},\"query-input\":{\"@type\":\"PropertyValueSpecification\",\"valueRequired\":true,\"valueName\":\"search_term_string\"}}],\"inLanguage\":\"lv-LV\"},{\"@type\":\"Organization\",\"@id\":\"https:\\\/\\\/www.facecorner.lv\\\/#organization\",\"name\":\"Facecorner\",\"url\":\"https:\\\/\\\/www.facecorner.lv\\\/\",\"logo\":{\"@type\":\"ImageObject\",\"inLanguage\":\"lv-LV\",\"@id\":\"https:\\\/\\\/www.facecorner.lv\\\/#\\\/schema\\\/logo\\\/image\\\/\",\"url\":\"https:\\\/\\\/www.facecorner.lv\\\/wp-content\\\/uploads\\\/2024\\\/04\\\/fc-logo.jpg\",\"contentUrl\":\"https:\\\/\\\/www.facecorner.lv\\\/wp-content\\\/uploads\\\/2024\\\/04\\\/fc-logo.jpg\",\"width\":174,\"height\":28,\"caption\":\"Facecorner\"},\"image\":{\"@id\":\"https:\\\/\\\/www.facecorner.lv\\\/#\\\/schema\\\/logo\\\/image\\\/\"},\"sameAs\":[\"https:\\\/\\\/www.facebook.com\\\/profile.php?id=100063824551839\",\"https:\\\/\\\/www.instagram.com\\\/facecorner_shop\\\/\"]}]}<\/script>\n<meta property=\"product:price:amount\" content=\"29.90\" \/>\n<meta property=\"product:price:currency\" content=\"EUR\" \/>\n<meta property=\"og:availability\" content=\"instock\" \/>\n<meta property=\"product:availability\" content=\"instock\" \/>\n<meta property=\"product:condition\" content=\"new\" \/>\n<!-- \/ Yoast SEO plugin. -->","yoast_head_json":{"title":"isoi Bulgarian Rose Blemish Care Eye Patch 90 patches - FACECORNER","description":"isoi Bulgarian Rose Blemish Care Eye Patch ir hidrog\u0113la pl\u0101ksteri, kas \u012bpa\u0161i izstr\u0101d\u0101ti jut\u012bgajai zonai ap ac\u012bm.","robots":{"index":"index","follow":"follow","max-snippet":"max-snippet:-1","max-image-preview":"max-image-preview:large","max-video-preview":"max-video-preview:-1"},"canonical":"https:\/\/www.facecorner.lv\/lv\/shop\/isoi-bulgarian-rose-blemish-care-eye-patch-90-patches\/","og_locale":"lv_LV","og_type":"article","og_title":"isoi Bulgarian Rose Blemish Care Eye Patch 90 patches - FACECORNER","og_description":"isoi Bulgarian Rose Blemish Care Eye Patch ir hidrog\u0113la pl\u0101ksteri, kas \u012bpa\u0161i izstr\u0101d\u0101ti jut\u012bgajai zonai ap ac\u012bm.","og_url":"https:\/\/www.facecorner.lv\/lv\/shop\/isoi-bulgarian-rose-blemish-care-eye-patch-90-patches\/","og_site_name":"FACECORNER","article_publisher":"https:\/\/www.facebook.com\/profile.php?id=100063824551839","article_modified_time":"2025-10-20T11:08:30+00:00","og_image":[{"width":800,"height":1000,"url":"https:\/\/www.facecorner.lv\/wp-content\/uploads\/2025\/09\/71IBdBzUBWL._UF10001000_QL80_.jpg","type":"image\/jpeg"}],"twitter_card":"summary_large_image","twitter_misc":{"Price":"&euro;29.90","Availability":"In stock"},"schema":{"@context":"https:\/\/schema.org","@graph":[{"@type":"WebPage","@id":"https:\/\/www.facecorner.lv\/shop\/isoi-bulgarian-rose-blemish-care-eye-patch-90-patches\/","url":"https:\/\/www.facecorner.lv\/shop\/isoi-bulgarian-rose-blemish-care-eye-patch-90-patches\/","name":"isoi Bulgarian Rose Blemish Care Eye Patch 90 patches - FACECORNER","isPartOf":{"@id":"https:\/\/www.facecorner.lv\/#website"},"primaryImageOfPage":{"@id":"https:\/\/www.facecorner.lv\/shop\/isoi-bulgarian-rose-blemish-care-eye-patch-90-patches\/#primaryimage"},"image":{"@id":"https:\/\/www.facecorner.lv\/shop\/isoi-bulgarian-rose-blemish-care-eye-patch-90-patches\/#primaryimage"},"thumbnailUrl":"https:\/\/www.facecorner.lv\/wp-content\/uploads\/2025\/09\/71IBdBzUBWL._UF10001000_QL80_.jpg","datePublished":"2025-09-24T11:17:36+00:00","dateModified":"2025-10-20T11:08:30+00:00","description":"isoi Bulgarian Rose Blemish Care Eye Patch ir hidrog\u0113la pl\u0101ksteri, kas \u012bpa\u0161i izstr\u0101d\u0101ti jut\u012bgajai zonai ap ac\u012bm.","breadcrumb":{"@id":"https:\/\/www.facecorner.lv\/shop\/isoi-bulgarian-rose-blemish-care-eye-patch-90-patches\/#breadcrumb"},"inLanguage":"lv-LV","potentialAction":[{"@type":"ReadAction","target":["https:\/\/www.facecorner.lv\/shop\/isoi-bulgarian-rose-blemish-care-eye-patch-90-patches\/"]}]},{"@type":"ImageObject","inLanguage":"lv-LV","@id":"https:\/\/www.facecorner.lv\/shop\/isoi-bulgarian-rose-blemish-care-eye-patch-90-patches\/#primaryimage","url":"https:\/\/www.facecorner.lv\/wp-content\/uploads\/2025\/09\/71IBdBzUBWL._UF10001000_QL80_.jpg","contentUrl":"https:\/\/www.facecorner.lv\/wp-content\/uploads\/2025\/09\/71IBdBzUBWL._UF10001000_QL80_.jpg","width":800,"height":1000,"caption":"isoi Bulgarian Rose Blemish Care Eye Patch"},{"@type":"BreadcrumbList","@id":"https:\/\/www.facecorner.lv\/shop\/isoi-bulgarian-rose-blemish-care-eye-patch-90-patches\/#breadcrumb","itemListElement":[{"@type":"ListItem","position":1,"name":"Home","item":"https:\/\/www.facecorner.lv\/"},{"@type":"ListItem","position":2,"name":"Veikals","item":"https:\/\/www.facecorner.lv\/shop\/"},{"@type":"ListItem","position":3,"name":"isoi Bulgarian Rose Blemish Care Eye Patch 90 patches"}]},{"@type":"WebSite","@id":"https:\/\/www.facecorner.lv\/#website","url":"https:\/\/www.facecorner.lv\/","name":"Facecorner","description":"","publisher":{"@id":"https:\/\/www.facecorner.lv\/#organization"},"potentialAction":[{"@type":"SearchAction","target":{"@type":"EntryPoint","urlTemplate":"https:\/\/www.facecorner.lv\/?s={search_term_string}"},"query-input":{"@type":"PropertyValueSpecification","valueRequired":true,"valueName":"search_term_string"}}],"inLanguage":"lv-LV"},{"@type":"Organization","@id":"https:\/\/www.facecorner.lv\/#organization","name":"Facecorner","url":"https:\/\/www.facecorner.lv\/","logo":{"@type":"ImageObject","inLanguage":"lv-LV","@id":"https:\/\/www.facecorner.lv\/#\/schema\/logo\/image\/","url":"https:\/\/www.facecorner.lv\/wp-content\/uploads\/2024\/04\/fc-logo.jpg","contentUrl":"https:\/\/www.facecorner.lv\/wp-content\/uploads\/2024\/04\/fc-logo.jpg","width":174,"height":28,"caption":"Facecorner"},"image":{"@id":"https:\/\/www.facecorner.lv\/#\/schema\/logo\/image\/"},"sameAs":["https:\/\/www.facebook.com\/profile.php?id=100063824551839","https:\/\/www.instagram.com\/facecorner_shop\/"]}]},"product_price_amount":"29.90","product_price_currency":"EUR","og_availability":"instock","product_availability":"instock","product_condition":"new"},"_links":{"self":[{"href":"https:\/\/www.facecorner.lv\/lv\/wp-json\/wp\/v2\/product\/25400","targetHints":{"allow":["GET"]}}],"collection":[{"href":"https:\/\/www.facecorner.lv\/lv\/wp-json\/wp\/v2\/product"}],"about":[{"href":"https:\/\/www.facecorner.lv\/lv\/wp-json\/wp\/v2\/types\/product"}],"replies":[{"embeddable":true,"href":"https:\/\/www.facecorner.lv\/lv\/wp-json\/wp\/v2\/comments?post=25400"}],"wp:featuredmedia":[{"embeddable":true,"href":"https:\/\/www.facecorner.lv\/lv\/wp-json\/wp\/v2\/media\/25401"}],"wp:attachment":[{"href":"https:\/\/www.facecorner.lv\/lv\/wp-json\/wp\/v2\/media?parent=25400"}],"wp:term":[{"taxonomy":"product_brand","embeddable":true,"href":"https:\/\/www.facecorner.lv\/lv\/wp-json\/wp\/v2\/product_brand?post=25400"},{"taxonomy":"product_cat","embeddable":true,"href":"https:\/\/www.facecorner.lv\/lv\/wp-json\/wp\/v2\/product_cat?post=25400"},{"taxonomy":"product_tag","embeddable":true,"href":"https:\/\/www.facecorner.lv\/lv\/wp-json\/wp\/v2\/product_tag?post=25400"},{"taxonomy":"berocket_brand","embeddable":true,"href":"https:\/\/www.facecorner.lv\/lv\/wp-json\/wp\/v2\/berocket_brand?post=25400"}],"curies":[{"name":"wp","href":"https:\/\/api.w.org\/{rel}","templated":true}]}}