{"id":25357,"date":"2025-09-23T15:26:51","date_gmt":"2025-09-23T12:26:51","guid":{"rendered":"https:\/\/www.facecorner.lv\/?post_type=product&#038;p=25357"},"modified":"2025-09-23T16:10:36","modified_gmt":"2025-09-23T13:10:36","slug":"serums-pret-pigmentaciju-un-nepilnibam-ar-bulgaru-rozi-isoi-bulgarian-rose-blemish-care-serum-35ml","status":"publish","type":"product","link":"https:\/\/www.facecorner.lv\/lv\/shop\/serums-pret-pigmentaciju-un-nepilnibam-ar-bulgaru-rozi-isoi-bulgarian-rose-blemish-care-serum-35ml\/","title":{"rendered":"Serums pret pigment\u0101ciju un nepiln\u012bb\u0101m ar bulg\u0101ru rozi isoi Bulgarian Rose Blemish Care Serum 35ml"},"content":{"rendered":"<p>isoi Bulgarian Rose Blemish Care Serum ir z\u012bmola bestsellers un \u013coti efekt\u012bva izgaismojo\u0161a seruma, kas izstr\u0101d\u0101ts \u012bpa\u0161i, lai c\u012bn\u012btos ar pinnes p\u0113das, pigmentu plankumiem un bl\u0101vu \u0101das toni.<\/p>\n<p>Formulas pamat\u0101 ir augstas kvalit\u0101tes bulg\u0101ru ro\u017eu \u0113terisk\u0101 e\u013c\u013ca, kas paz\u012bstama ar sav\u0101m sp\u0113c\u012bgaj\u0101m re\u0123ener\u0113jo\u0161aj\u0101m un nomierino\u0161aj\u0101m \u012bpa\u0161\u012bb\u0101m.<\/p>\n<p><strong>Galven\u0101s sast\u0101vda\u013cas:<\/strong><\/p>\n<ul>\n<li>Bulg\u0101ru ro\u017eu \u0113terisk\u0101 e\u013c\u013ca \u2014 bag\u0101ta ar A un C vitam\u012bniem, uzlabo \u0101das toni, pa\u0101trina sadz\u012b\u0161anu un pie\u0161\u0137ir \u0101dai vesel\u012bgu mirdzumu.<\/li>\n<li>Niac\u012bnam\u012bds (B3 vitam\u012bns) \u2014 izgaismo pigment\u0101ciju, izl\u012bdzina toni un c\u012bn\u0101s ar iekaisumiem.<\/li>\n<li>Arbut\u012bns un lakricas ekstrakts \u2014 maigi izgaismo pigmentu plankumus un nov\u0113r\u0161 to par\u0101d\u012b\u0161anos.<\/li>\n<li>\u0100zijas centella \u2014 nomierina kairin\u0101jumu un atbalsta \u0101das atjauno\u0161anos.<\/li>\n<\/ul>\n<p><strong>Priek\u0161roc\u012bbas:<\/strong><\/p>\n<ul>\n<li>Atvieglo p\u0113capnikas un pigmentu plankumus.<\/li>\n<li>Izl\u012bdzina \u0101das toni un pie\u0161\u0137ir tai mirdzumu.<\/li>\n<li>Nomierina jut\u012bgu un kairin\u0101tu \u0101du.<\/li>\n<li>Palielina elast\u012bbu un mitrumu.<\/li>\n<li>Viegla tekst\u016bra, \u0101tri uzs\u016bcas un neaizsprosto poras.<\/li>\n<\/ul>\n<p><strong>Lieto\u0161anas veids:<\/strong> Uzkl\u0101jiet 1\u20132 s\u0113rijas seruma uz att\u012br\u012btas sejas \u0101das p\u0113c tonika lieto\u0161anas no r\u012bta un vakar\u0101. Viegli izl\u012bdziniet pa \u0101du, l\u012bdz serums piln\u012bb\u0101 ies\u016bcies, p\u0113c tam turpiniet pamata kop\u0161anu.<\/p>\n<p><strong>Sast\u0101vs:<\/strong> Water, Rosa Damascena Flower Water, Glycerin, Alcohol*, Betaine, Arubtin, Trehalose, Rosa Damascena Flower Oil, Arctostaphylos Uva-Ursi Leaf Extract, Rhodiola Rosea Root Extract, Hippophae Rhamnoides Fruit Extract, Euterpe Oleracea Fruit Extract, Vaccinium Angustifolium (Blueberry) Fruit Extract, Phyllanthus Emblica Fruit Extract, Vaccinium Macrocarpon (Cranberry) Fruit Extract, Sophora Flavescens Root Extract, Houttuynia Cordata Extract, Xanthan Gum, Allantoin, Panthenol, Adansonia Digitata Leaf Extract, Castanea Crenata (Chestnut) Shell Extract, Salix Alba (Willow) Bark Extract, Centella Asiatica Extract, Butylene Glycol, 1,2-Hexanediol, Calendula Officinalis Flower Extract, Scutellaria Baicalensis Root Extract, Paeonia Suffruticosa Root Extract, Glycyrrhiza Glabra (Licorice) Root Extract, Citronellol, Geraniol<\/p>\n<p>&nbsp;<\/p>\n","protected":false},"excerpt":{"rendered":"<p>isoi Bulgarian Rose Blemish Care Serum ir z\u012bmola bestsellers un \u013coti efekt\u012bva izgaismojo\u0161a seruma, kas izstr\u0101d\u0101ts \u012bpa\u0161i, lai c\u012bn\u012btos ar pinnes p\u0113das, pigmentu plankumiem un bl\u0101vu \u0101das toni.<\/p>\n","protected":false},"featured_media":25358,"comment_status":"open","ping_status":"closed","template":"","meta":{"site-sidebar-layout":"default","site-content-layout":"","ast-site-content-layout":"default","site-content-style":"default","site-sidebar-style":"default","ast-global-header-display":"","ast-banner-title-visibility":"","ast-main-header-display":"","ast-hfb-above-header-display":"","ast-hfb-below-header-display":"","ast-hfb-mobile-header-display":"","site-post-title":"","ast-breadcrumbs-content":"","ast-featured-img":"","footer-sml-layout":"","theme-transparent-header-meta":"default","adv-header-id-meta":"","stick-header-meta":"","header-above-stick-meta":"","header-main-stick-meta":"","header-below-stick-meta":"","astra-migrate-meta-layouts":"set","ast-page-background-enabled":"default","ast-page-background-meta":{"desktop":{"background-color":"var(--ast-global-color-4)","background-image":"","background-repeat":"repeat","background-position":"center center","background-size":"auto","background-attachment":"scroll","background-type":"","background-media":"","overlay-type":"","overlay-color":"","overlay-opacity":"","overlay-gradient":""},"tablet":{"background-color":"","background-image":"","background-repeat":"repeat","background-position":"center center","background-size":"auto","background-attachment":"scroll","background-type":"","background-media":"","overlay-type":"","overlay-color":"","overlay-opacity":"","overlay-gradient":""},"mobile":{"background-color":"","background-image":"","background-repeat":"repeat","background-position":"center center","background-size":"auto","background-attachment":"scroll","background-type":"","background-media":"","overlay-type":"","overlay-color":"","overlay-opacity":"","overlay-gradient":""}},"ast-content-background-meta":{"desktop":{"background-color":"var(--ast-global-color-5)","background-image":"","background-repeat":"repeat","background-position":"center center","background-size":"auto","background-attachment":"scroll","background-type":"","background-media":"","overlay-type":"","overlay-color":"","overlay-opacity":"","overlay-gradient":""},"tablet":{"background-color":"var(--ast-global-color-5)","background-image":"","background-repeat":"repeat","background-position":"center center","background-size":"auto","background-attachment":"scroll","background-type":"","background-media":"","overlay-type":"","overlay-color":"","overlay-opacity":"","overlay-gradient":""},"mobile":{"background-color":"var(--ast-global-color-5)","background-image":"","background-repeat":"repeat","background-position":"center center","background-size":"auto","background-attachment":"scroll","background-type":"","background-media":"","overlay-type":"","overlay-color":"","overlay-opacity":"","overlay-gradient":""}}},"product_brand":[],"product_cat":[373,374,363],"product_tag":[],"berocket_brand":[662],"class_list":{"0":"post-25357","1":"product","2":"type-product","3":"status-publish","4":"has-post-thumbnail","6":"product_cat-poras-sasaurinoss","7":"product_cat-pret-pinnem","8":"product_cat-serumi","9":"berocket_brand-isoi","10":"desktop-align-left","11":"tablet-align-left","12":"mobile-align-left","14":"first","15":"instock","16":"taxable","17":"shipping-taxable","18":"purchasable","19":"product-type-simple","20":"add-to-wishlist-before_image"},"yoast_head":"<!-- This site is optimized with the Yoast SEO plugin v27.3 - https:\/\/yoast.com\/product\/yoast-seo-wordpress\/ -->\n<title>Serums pret pigment\u0101ciju un nepiln\u012bb\u0101m ar bulg\u0101ru rozi isoi Bulgarian Rose Blemish Care Serum 35ml - FACECORNER<\/title>\n<meta name=\"description\" content=\"isoi Bulgarian Rose Blemish Care Serum ir z\u012bmola bestsellers un \u013coti efekt\u012bva izgaismojo\u0161a seruma, kas izstr\u0101d\u0101ts \u012bpa\u0161i, lai c\u012bn\u012btos ar pinnes p\u0113das\" \/>\n<meta name=\"robots\" content=\"index, follow, max-snippet:-1, max-image-preview:large, max-video-preview:-1\" \/>\n<link rel=\"canonical\" href=\"https:\/\/www.facecorner.lv\/lv\/shop\/serums-pret-pigmentaciju-un-nepilnibam-ar-bulgaru-rozi-isoi-bulgarian-rose-blemish-care-serum-35ml\/\" \/>\n<meta property=\"og:locale\" content=\"lv_LV\" \/>\n<meta property=\"og:type\" content=\"article\" \/>\n<meta property=\"og:title\" content=\"Serums pret pigment\u0101ciju un nepiln\u012bb\u0101m ar bulg\u0101ru rozi isoi Bulgarian Rose Blemish Care Serum 35ml - FACECORNER\" \/>\n<meta property=\"og:description\" content=\"isoi Bulgarian Rose Blemish Care Serum ir z\u012bmola bestsellers un \u013coti efekt\u012bva izgaismojo\u0161a seruma, kas izstr\u0101d\u0101ts \u012bpa\u0161i, lai c\u012bn\u012btos ar pinnes p\u0113das\" \/>\n<meta property=\"og:url\" content=\"https:\/\/www.facecorner.lv\/lv\/shop\/serums-pret-pigmentaciju-un-nepilnibam-ar-bulgaru-rozi-isoi-bulgarian-rose-blemish-care-serum-35ml\/\" \/>\n<meta property=\"og:site_name\" content=\"FACECORNER\" \/>\n<meta property=\"article:publisher\" content=\"https:\/\/www.facebook.com\/profile.php?id=100063824551839\" \/>\n<meta property=\"article:modified_time\" content=\"2025-09-23T13:10:36+00:00\" \/>\n<meta property=\"og:image\" content=\"https:\/\/www.facecorner.lv\/wp-content\/uploads\/2025\/09\/51yZnkdRkL._UF10001000_QL80_.jpg\" \/>\n\t<meta property=\"og:image:width\" content=\"1000\" \/>\n\t<meta property=\"og:image:height\" content=\"1000\" \/>\n\t<meta property=\"og:image:type\" content=\"image\/jpeg\" \/>\n<meta name=\"twitter:card\" content=\"summary_large_image\" \/>\n<meta name=\"twitter:label1\" content=\"Price\" \/>\n\t<meta name=\"twitter:data1\" content=\"&euro;39.90\" \/>\n\t<meta name=\"twitter:label2\" content=\"Availability\" \/>\n\t<meta name=\"twitter:data2\" content=\"In stock\" \/>\n<script type=\"application\/ld+json\" class=\"yoast-schema-graph\">{\"@context\":\"https:\\\/\\\/schema.org\",\"@graph\":[{\"@type\":\"WebPage\",\"@id\":\"https:\\\/\\\/www.facecorner.lv\\\/shop\\\/serums-pret-pigmentaciju-un-nepilnibam-ar-bulgaru-rozi-isoi-bulgarian-rose-blemish-care-serum-35ml\\\/\",\"url\":\"https:\\\/\\\/www.facecorner.lv\\\/shop\\\/serums-pret-pigmentaciju-un-nepilnibam-ar-bulgaru-rozi-isoi-bulgarian-rose-blemish-care-serum-35ml\\\/\",\"name\":\"Serums pret pigment\u0101ciju un nepiln\u012bb\u0101m ar bulg\u0101ru rozi isoi Bulgarian Rose Blemish Care Serum 35ml - FACECORNER\",\"isPartOf\":{\"@id\":\"https:\\\/\\\/www.facecorner.lv\\\/#website\"},\"primaryImageOfPage\":{\"@id\":\"https:\\\/\\\/www.facecorner.lv\\\/shop\\\/serums-pret-pigmentaciju-un-nepilnibam-ar-bulgaru-rozi-isoi-bulgarian-rose-blemish-care-serum-35ml\\\/#primaryimage\"},\"image\":{\"@id\":\"https:\\\/\\\/www.facecorner.lv\\\/shop\\\/serums-pret-pigmentaciju-un-nepilnibam-ar-bulgaru-rozi-isoi-bulgarian-rose-blemish-care-serum-35ml\\\/#primaryimage\"},\"thumbnailUrl\":\"https:\\\/\\\/www.facecorner.lv\\\/wp-content\\\/uploads\\\/2025\\\/09\\\/51yZnkdRkL._UF10001000_QL80_.jpg\",\"datePublished\":\"2025-09-23T12:26:51+00:00\",\"dateModified\":\"2025-09-23T13:10:36+00:00\",\"description\":\"isoi Bulgarian Rose Blemish Care Serum ir z\u012bmola bestsellers un \u013coti efekt\u012bva izgaismojo\u0161a seruma, kas izstr\u0101d\u0101ts \u012bpa\u0161i, lai c\u012bn\u012btos ar pinnes p\u0113das\",\"breadcrumb\":{\"@id\":\"https:\\\/\\\/www.facecorner.lv\\\/shop\\\/serums-pret-pigmentaciju-un-nepilnibam-ar-bulgaru-rozi-isoi-bulgarian-rose-blemish-care-serum-35ml\\\/#breadcrumb\"},\"inLanguage\":\"lv-LV\",\"potentialAction\":[{\"@type\":\"ReadAction\",\"target\":[\"https:\\\/\\\/www.facecorner.lv\\\/shop\\\/serums-pret-pigmentaciju-un-nepilnibam-ar-bulgaru-rozi-isoi-bulgarian-rose-blemish-care-serum-35ml\\\/\"]}]},{\"@type\":\"ImageObject\",\"inLanguage\":\"lv-LV\",\"@id\":\"https:\\\/\\\/www.facecorner.lv\\\/shop\\\/serums-pret-pigmentaciju-un-nepilnibam-ar-bulgaru-rozi-isoi-bulgarian-rose-blemish-care-serum-35ml\\\/#primaryimage\",\"url\":\"https:\\\/\\\/www.facecorner.lv\\\/wp-content\\\/uploads\\\/2025\\\/09\\\/51yZnkdRkL._UF10001000_QL80_.jpg\",\"contentUrl\":\"https:\\\/\\\/www.facecorner.lv\\\/wp-content\\\/uploads\\\/2025\\\/09\\\/51yZnkdRkL._UF10001000_QL80_.jpg\",\"width\":1000,\"height\":1000,\"caption\":\"isoi Bulgarian Rose Blemish Care Serum\"},{\"@type\":\"BreadcrumbList\",\"@id\":\"https:\\\/\\\/www.facecorner.lv\\\/shop\\\/serums-pret-pigmentaciju-un-nepilnibam-ar-bulgaru-rozi-isoi-bulgarian-rose-blemish-care-serum-35ml\\\/#breadcrumb\",\"itemListElement\":[{\"@type\":\"ListItem\",\"position\":1,\"name\":\"Home\",\"item\":\"https:\\\/\\\/www.facecorner.lv\\\/\"},{\"@type\":\"ListItem\",\"position\":2,\"name\":\"Veikals\",\"item\":\"https:\\\/\\\/www.facecorner.lv\\\/shop\\\/\"},{\"@type\":\"ListItem\",\"position\":3,\"name\":\"Serums pret pigment\u0101ciju un nepiln\u012bb\u0101m ar bulg\u0101ru rozi isoi Bulgarian Rose Blemish Care Serum 35ml\"}]},{\"@type\":\"WebSite\",\"@id\":\"https:\\\/\\\/www.facecorner.lv\\\/#website\",\"url\":\"https:\\\/\\\/www.facecorner.lv\\\/\",\"name\":\"Facecorner\",\"description\":\"\",\"publisher\":{\"@id\":\"https:\\\/\\\/www.facecorner.lv\\\/#organization\"},\"potentialAction\":[{\"@type\":\"SearchAction\",\"target\":{\"@type\":\"EntryPoint\",\"urlTemplate\":\"https:\\\/\\\/www.facecorner.lv\\\/?s={search_term_string}\"},\"query-input\":{\"@type\":\"PropertyValueSpecification\",\"valueRequired\":true,\"valueName\":\"search_term_string\"}}],\"inLanguage\":\"lv-LV\"},{\"@type\":\"Organization\",\"@id\":\"https:\\\/\\\/www.facecorner.lv\\\/#organization\",\"name\":\"Facecorner\",\"url\":\"https:\\\/\\\/www.facecorner.lv\\\/\",\"logo\":{\"@type\":\"ImageObject\",\"inLanguage\":\"lv-LV\",\"@id\":\"https:\\\/\\\/www.facecorner.lv\\\/#\\\/schema\\\/logo\\\/image\\\/\",\"url\":\"https:\\\/\\\/www.facecorner.lv\\\/wp-content\\\/uploads\\\/2024\\\/04\\\/fc-logo.jpg\",\"contentUrl\":\"https:\\\/\\\/www.facecorner.lv\\\/wp-content\\\/uploads\\\/2024\\\/04\\\/fc-logo.jpg\",\"width\":174,\"height\":28,\"caption\":\"Facecorner\"},\"image\":{\"@id\":\"https:\\\/\\\/www.facecorner.lv\\\/#\\\/schema\\\/logo\\\/image\\\/\"},\"sameAs\":[\"https:\\\/\\\/www.facebook.com\\\/profile.php?id=100063824551839\",\"https:\\\/\\\/www.instagram.com\\\/facecorner_shop\\\/\"]}]}<\/script>\n<meta property=\"product:price:amount\" content=\"39.90\" \/>\n<meta property=\"product:price:currency\" content=\"EUR\" \/>\n<meta property=\"og:availability\" content=\"instock\" \/>\n<meta property=\"product:availability\" content=\"instock\" \/>\n<meta property=\"product:condition\" content=\"new\" \/>\n<!-- \/ Yoast SEO plugin. -->","yoast_head_json":{"title":"Serums pret pigment\u0101ciju un nepiln\u012bb\u0101m ar bulg\u0101ru rozi isoi Bulgarian Rose Blemish Care Serum 35ml - FACECORNER","description":"isoi Bulgarian Rose Blemish Care Serum ir z\u012bmola bestsellers un \u013coti efekt\u012bva izgaismojo\u0161a seruma, kas izstr\u0101d\u0101ts \u012bpa\u0161i, lai c\u012bn\u012btos ar pinnes p\u0113das","robots":{"index":"index","follow":"follow","max-snippet":"max-snippet:-1","max-image-preview":"max-image-preview:large","max-video-preview":"max-video-preview:-1"},"canonical":"https:\/\/www.facecorner.lv\/lv\/shop\/serums-pret-pigmentaciju-un-nepilnibam-ar-bulgaru-rozi-isoi-bulgarian-rose-blemish-care-serum-35ml\/","og_locale":"lv_LV","og_type":"article","og_title":"Serums pret pigment\u0101ciju un nepiln\u012bb\u0101m ar bulg\u0101ru rozi isoi Bulgarian Rose Blemish Care Serum 35ml - FACECORNER","og_description":"isoi Bulgarian Rose Blemish Care Serum ir z\u012bmola bestsellers un \u013coti efekt\u012bva izgaismojo\u0161a seruma, kas izstr\u0101d\u0101ts \u012bpa\u0161i, lai c\u012bn\u012btos ar pinnes p\u0113das","og_url":"https:\/\/www.facecorner.lv\/lv\/shop\/serums-pret-pigmentaciju-un-nepilnibam-ar-bulgaru-rozi-isoi-bulgarian-rose-blemish-care-serum-35ml\/","og_site_name":"FACECORNER","article_publisher":"https:\/\/www.facebook.com\/profile.php?id=100063824551839","article_modified_time":"2025-09-23T13:10:36+00:00","og_image":[{"width":1000,"height":1000,"url":"https:\/\/www.facecorner.lv\/wp-content\/uploads\/2025\/09\/51yZnkdRkL._UF10001000_QL80_.jpg","type":"image\/jpeg"}],"twitter_card":"summary_large_image","twitter_misc":{"Price":"&euro;39.90","Availability":"In stock"},"schema":{"@context":"https:\/\/schema.org","@graph":[{"@type":"WebPage","@id":"https:\/\/www.facecorner.lv\/shop\/serums-pret-pigmentaciju-un-nepilnibam-ar-bulgaru-rozi-isoi-bulgarian-rose-blemish-care-serum-35ml\/","url":"https:\/\/www.facecorner.lv\/shop\/serums-pret-pigmentaciju-un-nepilnibam-ar-bulgaru-rozi-isoi-bulgarian-rose-blemish-care-serum-35ml\/","name":"Serums pret pigment\u0101ciju un nepiln\u012bb\u0101m ar bulg\u0101ru rozi isoi Bulgarian Rose Blemish Care Serum 35ml - FACECORNER","isPartOf":{"@id":"https:\/\/www.facecorner.lv\/#website"},"primaryImageOfPage":{"@id":"https:\/\/www.facecorner.lv\/shop\/serums-pret-pigmentaciju-un-nepilnibam-ar-bulgaru-rozi-isoi-bulgarian-rose-blemish-care-serum-35ml\/#primaryimage"},"image":{"@id":"https:\/\/www.facecorner.lv\/shop\/serums-pret-pigmentaciju-un-nepilnibam-ar-bulgaru-rozi-isoi-bulgarian-rose-blemish-care-serum-35ml\/#primaryimage"},"thumbnailUrl":"https:\/\/www.facecorner.lv\/wp-content\/uploads\/2025\/09\/51yZnkdRkL._UF10001000_QL80_.jpg","datePublished":"2025-09-23T12:26:51+00:00","dateModified":"2025-09-23T13:10:36+00:00","description":"isoi Bulgarian Rose Blemish Care Serum ir z\u012bmola bestsellers un \u013coti efekt\u012bva izgaismojo\u0161a seruma, kas izstr\u0101d\u0101ts \u012bpa\u0161i, lai c\u012bn\u012btos ar pinnes p\u0113das","breadcrumb":{"@id":"https:\/\/www.facecorner.lv\/shop\/serums-pret-pigmentaciju-un-nepilnibam-ar-bulgaru-rozi-isoi-bulgarian-rose-blemish-care-serum-35ml\/#breadcrumb"},"inLanguage":"lv-LV","potentialAction":[{"@type":"ReadAction","target":["https:\/\/www.facecorner.lv\/shop\/serums-pret-pigmentaciju-un-nepilnibam-ar-bulgaru-rozi-isoi-bulgarian-rose-blemish-care-serum-35ml\/"]}]},{"@type":"ImageObject","inLanguage":"lv-LV","@id":"https:\/\/www.facecorner.lv\/shop\/serums-pret-pigmentaciju-un-nepilnibam-ar-bulgaru-rozi-isoi-bulgarian-rose-blemish-care-serum-35ml\/#primaryimage","url":"https:\/\/www.facecorner.lv\/wp-content\/uploads\/2025\/09\/51yZnkdRkL._UF10001000_QL80_.jpg","contentUrl":"https:\/\/www.facecorner.lv\/wp-content\/uploads\/2025\/09\/51yZnkdRkL._UF10001000_QL80_.jpg","width":1000,"height":1000,"caption":"isoi Bulgarian Rose Blemish Care Serum"},{"@type":"BreadcrumbList","@id":"https:\/\/www.facecorner.lv\/shop\/serums-pret-pigmentaciju-un-nepilnibam-ar-bulgaru-rozi-isoi-bulgarian-rose-blemish-care-serum-35ml\/#breadcrumb","itemListElement":[{"@type":"ListItem","position":1,"name":"Home","item":"https:\/\/www.facecorner.lv\/"},{"@type":"ListItem","position":2,"name":"Veikals","item":"https:\/\/www.facecorner.lv\/shop\/"},{"@type":"ListItem","position":3,"name":"Serums pret pigment\u0101ciju un nepiln\u012bb\u0101m ar bulg\u0101ru rozi isoi Bulgarian Rose Blemish Care Serum 35ml"}]},{"@type":"WebSite","@id":"https:\/\/www.facecorner.lv\/#website","url":"https:\/\/www.facecorner.lv\/","name":"Facecorner","description":"","publisher":{"@id":"https:\/\/www.facecorner.lv\/#organization"},"potentialAction":[{"@type":"SearchAction","target":{"@type":"EntryPoint","urlTemplate":"https:\/\/www.facecorner.lv\/?s={search_term_string}"},"query-input":{"@type":"PropertyValueSpecification","valueRequired":true,"valueName":"search_term_string"}}],"inLanguage":"lv-LV"},{"@type":"Organization","@id":"https:\/\/www.facecorner.lv\/#organization","name":"Facecorner","url":"https:\/\/www.facecorner.lv\/","logo":{"@type":"ImageObject","inLanguage":"lv-LV","@id":"https:\/\/www.facecorner.lv\/#\/schema\/logo\/image\/","url":"https:\/\/www.facecorner.lv\/wp-content\/uploads\/2024\/04\/fc-logo.jpg","contentUrl":"https:\/\/www.facecorner.lv\/wp-content\/uploads\/2024\/04\/fc-logo.jpg","width":174,"height":28,"caption":"Facecorner"},"image":{"@id":"https:\/\/www.facecorner.lv\/#\/schema\/logo\/image\/"},"sameAs":["https:\/\/www.facebook.com\/profile.php?id=100063824551839","https:\/\/www.instagram.com\/facecorner_shop\/"]}]},"product_price_amount":"39.90","product_price_currency":"EUR","og_availability":"instock","product_availability":"instock","product_condition":"new"},"_links":{"self":[{"href":"https:\/\/www.facecorner.lv\/lv\/wp-json\/wp\/v2\/product\/25357","targetHints":{"allow":["GET"]}}],"collection":[{"href":"https:\/\/www.facecorner.lv\/lv\/wp-json\/wp\/v2\/product"}],"about":[{"href":"https:\/\/www.facecorner.lv\/lv\/wp-json\/wp\/v2\/types\/product"}],"replies":[{"embeddable":true,"href":"https:\/\/www.facecorner.lv\/lv\/wp-json\/wp\/v2\/comments?post=25357"}],"wp:featuredmedia":[{"embeddable":true,"href":"https:\/\/www.facecorner.lv\/lv\/wp-json\/wp\/v2\/media\/25358"}],"wp:attachment":[{"href":"https:\/\/www.facecorner.lv\/lv\/wp-json\/wp\/v2\/media?parent=25357"}],"wp:term":[{"taxonomy":"product_brand","embeddable":true,"href":"https:\/\/www.facecorner.lv\/lv\/wp-json\/wp\/v2\/product_brand?post=25357"},{"taxonomy":"product_cat","embeddable":true,"href":"https:\/\/www.facecorner.lv\/lv\/wp-json\/wp\/v2\/product_cat?post=25357"},{"taxonomy":"product_tag","embeddable":true,"href":"https:\/\/www.facecorner.lv\/lv\/wp-json\/wp\/v2\/product_tag?post=25357"},{"taxonomy":"berocket_brand","embeddable":true,"href":"https:\/\/www.facecorner.lv\/lv\/wp-json\/wp\/v2\/berocket_brand?post=25357"}],"curies":[{"name":"wp","href":"https:\/\/api.w.org\/{rel}","templated":true}]}}