{"id":25340,"date":"2025-09-23T14:28:19","date_gmt":"2025-09-23T11:28:19","guid":{"rendered":"https:\/\/www.facecorner.lv\/?post_type=product&#038;p=25340"},"modified":"2025-10-01T12:14:44","modified_gmt":"2025-10-01T09:14:44","slug":"isntree-onion-newpair-booster-shot-2000-50ml","status":"publish","type":"product","link":"https:\/\/www.facecorner.lv\/lv\/shop\/isntree-onion-newpair-booster-shot-2000-50ml\/","title":{"rendered":"Booster serums ar sarkano s\u012bpolu un mikroadati\u0146\u0101m IsNtree Onion Newpair Booster Shot 2000 50ml"},"content":{"rendered":"<p>Isntree Onion Newpair Booster Shot 2000 ir augsti efekt\u012bva ampula, kas rad\u012bta jut\u012bgas, problem\u0101tiskas un boj\u0101tas \u0101das kop\u0161anai.<\/p>\n<p>Formula, kuras pamat\u0101 ir ferment\u0113ts sarkano s\u012bpolu ekstrakts no Mujanas re\u0123iona, pal\u012bdz \u0101tri nomierin\u0101t iekaisumus, izl\u012bdzin\u0101t \u0101das toni un pa\u0101trin\u0101t pinnes p\u0113cp\u0101rbaudes sadz\u012b\u0161anu.<\/p>\n<p><strong>Galven\u0101s sast\u0101vda\u013cas:<\/strong><\/p>\n<ul>\n<li>Sarkano s\u012bpolu ekstrakts 2000 ppm \u2014 bag\u0101ts ar antioksidantiem un s\u0113ru, mazina iekaisumu, izgaismo p\u0113capnikas un veicina \u0101das re\u0123ener\u0101ciju.<\/li>\n<li>Pantenols (provitam\u012bns B5) \u2014 dzi\u013ci mitrina un stiprina \u0101das barjeru.<\/li>\n<li>Alfa-bisabolols un alanto\u012bns \u2014 mazina aps\u0101rtumu un kairin\u0101jumu, nomierinot jut\u012bgu \u0101du.<\/li>\n<li>Cica komplekss (centella asiatica un t\u0101s atvasin\u0101jumi) \u2014 veicina \u0101das atjauno\u0161anos un sadz\u012b\u0161anu.<\/li>\n<\/ul>\n<p><strong>Priek\u0161roc\u012bbas:<\/strong><\/p>\n<ul>\n<li>Atvieglo pigment\u0101ciju un pinnes p\u0113das.<\/li>\n<li>Samazina jut\u012bgumu un iekaisumu.<\/li>\n<li>Palielina elast\u012bbu un uzlabo \u0101das tekst\u016bru.<\/li>\n<li>Nostiprina aizsargbarjeru.<\/li>\n<li>Viegla, \u0101tri uzs\u016bco\u0161a tekst\u016bra bez lip\u012bguma.<\/li>\n<\/ul>\n<p><strong>Lieto\u0161anas veids: <\/strong>P\u0113c sejas att\u012br\u012b\u0161anas un toniz\u0113\u0161anas uzkl\u0101jiet 1\u20132 ampulas satura uz sejas, maigi izl\u012bdziniet pa \u0101du un \u013caujiet ies\u016bkties. Piem\u0113rots ikdienas lieto\u0161anai no r\u012bta un vakar\u0101. Var lietot lok\u0101li uz problem\u0101tiskaj\u0101m zon\u0101m.<\/p>\n<p><strong>Sast\u0101vs:<\/strong> <span style=\"font-size: 16px;\">Water, Dipropylene Glycol, Glycerin, Glycereth-26, Niacinamide, Olea Europaea (Olive) Fruit Oil, Ethylhexyl Palmitate, Allium Cepa (Onion) Bulb Extract, 1,2-Hexanediol, Butylene Glycol, Sorbitan Sesquioleate, Propanediol, Sodium Acrylate\/Sodium Acryloyldimethyl Taurate Copolymer, Cetearyl Olivate, Hydroxyacetophenone, Vinyl Dimethicone, Polyisobutene, Acrylates\/C10-30 Alkyl Acrylate Crosspolymer, Sorbitan Olivate, Hydrolyzed Sponge, Tromethamine, Sodium Polyacrylate, Ethylhexylglycerin, Adenosine, Caprylyl\/Capryl Glucoside, Sorbitan Oleate, Zea Mays (Corn) Kernel Extract, Disodium EDTA, Sodium Hyaluronate, Hyaluronic Acid, Hydrolyzed Hyaluronic Acid, Portulaca Oleracea Extract, Fructan, Glucose, Pentylene Glycol, Hydrolyzed Collagen, Panthenol, Madecassoside, Decyl Glucoside, Polyglyceryl-10 Laurate, Caprylyl Glycol, Phosphatidylcholine, Ectoin, Ceramide NP, Resveratrol, Allantoin, Beta-Sitosterol<\/span><\/p>\n<div class=\"product__components\"><\/div>\n","protected":false},"excerpt":{"rendered":"<p>Isntree Onion Newpair Booster Shot 2000 ir augsti efekt\u012bva ampula, kas rad\u012bta jut\u012bgas, problem\u0101tiskas un boj\u0101tas \u0101das kop\u0161anai.<\/p>\n","protected":false},"featured_media":25341,"comment_status":"open","ping_status":"closed","template":"","meta":{"site-sidebar-layout":"default","site-content-layout":"","ast-site-content-layout":"default","site-content-style":"default","site-sidebar-style":"default","ast-global-header-display":"","ast-banner-title-visibility":"","ast-main-header-display":"","ast-hfb-above-header-display":"","ast-hfb-below-header-display":"","ast-hfb-mobile-header-display":"","site-post-title":"","ast-breadcrumbs-content":"","ast-featured-img":"","footer-sml-layout":"","theme-transparent-header-meta":"default","adv-header-id-meta":"","stick-header-meta":"","header-above-stick-meta":"","header-main-stick-meta":"","header-below-stick-meta":"","astra-migrate-meta-layouts":"set","ast-page-background-enabled":"default","ast-page-background-meta":{"desktop":{"background-color":"var(--ast-global-color-4)","background-image":"","background-repeat":"repeat","background-position":"center center","background-size":"auto","background-attachment":"scroll","background-type":"","background-media":"","overlay-type":"","overlay-color":"","overlay-opacity":"","overlay-gradient":""},"tablet":{"background-color":"","background-image":"","background-repeat":"repeat","background-position":"center center","background-size":"auto","background-attachment":"scroll","background-type":"","background-media":"","overlay-type":"","overlay-color":"","overlay-opacity":"","overlay-gradient":""},"mobile":{"background-color":"","background-image":"","background-repeat":"repeat","background-position":"center center","background-size":"auto","background-attachment":"scroll","background-type":"","background-media":"","overlay-type":"","overlay-color":"","overlay-opacity":"","overlay-gradient":""}},"ast-content-background-meta":{"desktop":{"background-color":"var(--ast-global-color-5)","background-image":"","background-repeat":"repeat","background-position":"center center","background-size":"auto","background-attachment":"scroll","background-type":"","background-media":"","overlay-type":"","overlay-color":"","overlay-opacity":"","overlay-gradient":""},"tablet":{"background-color":"var(--ast-global-color-5)","background-image":"","background-repeat":"repeat","background-position":"center center","background-size":"auto","background-attachment":"scroll","background-type":"","background-media":"","overlay-type":"","overlay-color":"","overlay-opacity":"","overlay-gradient":""},"mobile":{"background-color":"var(--ast-global-color-5)","background-image":"","background-repeat":"repeat","background-position":"center center","background-size":"auto","background-attachment":"scroll","background-type":"","background-media":"","overlay-type":"","overlay-color":"","overlay-opacity":"","overlay-gradient":""}}},"product_brand":[],"product_cat":[370,371,435,373,363],"product_tag":[],"berocket_brand":[585],"class_list":{"0":"post-25340","1":"product","2":"type-product","3":"status-publish","4":"has-post-thumbnail","6":"product_cat-adas-mirdzumam","7":"product_cat-anti-age","8":"product_cat-jaunumi","9":"product_cat-poras-sasaurinoss","10":"product_cat-serumi","11":"berocket_brand-isntree","12":"desktop-align-left","13":"tablet-align-left","14":"mobile-align-left","16":"first","17":"instock","18":"taxable","19":"shipping-taxable","20":"purchasable","21":"product-type-simple","22":"add-to-wishlist-before_image"},"yoast_head":"<!-- This site is optimized with the Yoast SEO plugin v27.4 - https:\/\/yoast.com\/product\/yoast-seo-wordpress\/ -->\n<title>Booster serums ar sarkano s\u012bpolu un mikroadati\u0146\u0101m IsNtree Onion Newpair Booster Shot 2000 50ml - FACECORNER<\/title>\n<meta name=\"description\" content=\"Isntree Onion Newpair Booster Shot 2000 ir augsti efekt\u012bva ampula, kas rad\u012bta jut\u012bgas, problem\u0101tiskas un boj\u0101tas \u0101das kop\u0161anai.\" \/>\n<meta name=\"robots\" content=\"index, follow, max-snippet:-1, max-image-preview:large, max-video-preview:-1\" \/>\n<link rel=\"canonical\" href=\"https:\/\/www.facecorner.lv\/lv\/shop\/isntree-onion-newpair-booster-shot-2000-50ml\/\" \/>\n<meta property=\"og:locale\" content=\"lv_LV\" \/>\n<meta property=\"og:type\" content=\"article\" \/>\n<meta property=\"og:title\" content=\"Booster serums ar sarkano s\u012bpolu un mikroadati\u0146\u0101m IsNtree Onion Newpair Booster Shot 2000 50ml - FACECORNER\" \/>\n<meta property=\"og:description\" content=\"Isntree Onion Newpair Booster Shot 2000 ir augsti efekt\u012bva ampula, kas rad\u012bta jut\u012bgas, problem\u0101tiskas un boj\u0101tas \u0101das kop\u0161anai.\" \/>\n<meta property=\"og:url\" content=\"https:\/\/www.facecorner.lv\/lv\/shop\/isntree-onion-newpair-booster-shot-2000-50ml\/\" \/>\n<meta property=\"og:site_name\" content=\"FACECORNER\" \/>\n<meta property=\"article:publisher\" content=\"https:\/\/www.facebook.com\/profile.php?id=100063824551839\" \/>\n<meta property=\"article:modified_time\" content=\"2025-10-01T09:14:44+00:00\" \/>\n<meta property=\"og:image\" content=\"https:\/\/www.facecorner.lv\/wp-content\/uploads\/2025\/09\/8-2.webp\" \/>\n\t<meta property=\"og:image:width\" content=\"900\" \/>\n\t<meta property=\"og:image:height\" content=\"900\" \/>\n\t<meta property=\"og:image:type\" content=\"image\/webp\" \/>\n<meta name=\"twitter:card\" content=\"summary_large_image\" \/>\n<meta name=\"twitter:label1\" content=\"Price\" \/>\n\t<meta name=\"twitter:data1\" content=\"&euro;29.90\" \/>\n\t<meta name=\"twitter:label2\" content=\"Availability\" \/>\n\t<meta name=\"twitter:data2\" content=\"In stock\" \/>\n<script type=\"application\/ld+json\" class=\"yoast-schema-graph\">{\"@context\":\"https:\\\/\\\/schema.org\",\"@graph\":[{\"@type\":\"WebPage\",\"@id\":\"https:\\\/\\\/www.facecorner.lv\\\/shop\\\/isntree-onion-newpair-booster-shot-2000-50ml\\\/\",\"url\":\"https:\\\/\\\/www.facecorner.lv\\\/shop\\\/isntree-onion-newpair-booster-shot-2000-50ml\\\/\",\"name\":\"Booster serums ar sarkano s\u012bpolu un mikroadati\u0146\u0101m IsNtree Onion Newpair Booster Shot 2000 50ml - FACECORNER\",\"isPartOf\":{\"@id\":\"https:\\\/\\\/www.facecorner.lv\\\/#website\"},\"primaryImageOfPage\":{\"@id\":\"https:\\\/\\\/www.facecorner.lv\\\/shop\\\/isntree-onion-newpair-booster-shot-2000-50ml\\\/#primaryimage\"},\"image\":{\"@id\":\"https:\\\/\\\/www.facecorner.lv\\\/shop\\\/isntree-onion-newpair-booster-shot-2000-50ml\\\/#primaryimage\"},\"thumbnailUrl\":\"https:\\\/\\\/www.facecorner.lv\\\/wp-content\\\/uploads\\\/2025\\\/09\\\/8-2.webp\",\"datePublished\":\"2025-09-23T11:28:19+00:00\",\"dateModified\":\"2025-10-01T09:14:44+00:00\",\"description\":\"Isntree Onion Newpair Booster Shot 2000 ir augsti efekt\u012bva ampula, kas rad\u012bta jut\u012bgas, problem\u0101tiskas un boj\u0101tas \u0101das kop\u0161anai.\",\"breadcrumb\":{\"@id\":\"https:\\\/\\\/www.facecorner.lv\\\/shop\\\/isntree-onion-newpair-booster-shot-2000-50ml\\\/#breadcrumb\"},\"inLanguage\":\"lv-LV\",\"potentialAction\":[{\"@type\":\"ReadAction\",\"target\":[\"https:\\\/\\\/www.facecorner.lv\\\/shop\\\/isntree-onion-newpair-booster-shot-2000-50ml\\\/\"]}]},{\"@type\":\"ImageObject\",\"inLanguage\":\"lv-LV\",\"@id\":\"https:\\\/\\\/www.facecorner.lv\\\/shop\\\/isntree-onion-newpair-booster-shot-2000-50ml\\\/#primaryimage\",\"url\":\"https:\\\/\\\/www.facecorner.lv\\\/wp-content\\\/uploads\\\/2025\\\/09\\\/8-2.webp\",\"contentUrl\":\"https:\\\/\\\/www.facecorner.lv\\\/wp-content\\\/uploads\\\/2025\\\/09\\\/8-2.webp\",\"width\":900,\"height\":900,\"caption\":\"Isntree Onion Newpair Booster Shot 2000\"},{\"@type\":\"BreadcrumbList\",\"@id\":\"https:\\\/\\\/www.facecorner.lv\\\/shop\\\/isntree-onion-newpair-booster-shot-2000-50ml\\\/#breadcrumb\",\"itemListElement\":[{\"@type\":\"ListItem\",\"position\":1,\"name\":\"Home\",\"item\":\"https:\\\/\\\/www.facecorner.lv\\\/\"},{\"@type\":\"ListItem\",\"position\":2,\"name\":\"Veikals\",\"item\":\"https:\\\/\\\/www.facecorner.lv\\\/shop\\\/\"},{\"@type\":\"ListItem\",\"position\":3,\"name\":\"Booster serums ar sarkano s\u012bpolu un mikroadati\u0146\u0101m IsNtree Onion Newpair Booster Shot 2000 50ml\"}]},{\"@type\":\"WebSite\",\"@id\":\"https:\\\/\\\/www.facecorner.lv\\\/#website\",\"url\":\"https:\\\/\\\/www.facecorner.lv\\\/\",\"name\":\"Facecorner\",\"description\":\"\",\"publisher\":{\"@id\":\"https:\\\/\\\/www.facecorner.lv\\\/#organization\"},\"potentialAction\":[{\"@type\":\"SearchAction\",\"target\":{\"@type\":\"EntryPoint\",\"urlTemplate\":\"https:\\\/\\\/www.facecorner.lv\\\/?s={search_term_string}\"},\"query-input\":{\"@type\":\"PropertyValueSpecification\",\"valueRequired\":true,\"valueName\":\"search_term_string\"}}],\"inLanguage\":\"lv-LV\"},{\"@type\":\"Organization\",\"@id\":\"https:\\\/\\\/www.facecorner.lv\\\/#organization\",\"name\":\"Facecorner\",\"url\":\"https:\\\/\\\/www.facecorner.lv\\\/\",\"logo\":{\"@type\":\"ImageObject\",\"inLanguage\":\"lv-LV\",\"@id\":\"https:\\\/\\\/www.facecorner.lv\\\/#\\\/schema\\\/logo\\\/image\\\/\",\"url\":\"https:\\\/\\\/www.facecorner.lv\\\/wp-content\\\/uploads\\\/2024\\\/04\\\/fc-logo.jpg\",\"contentUrl\":\"https:\\\/\\\/www.facecorner.lv\\\/wp-content\\\/uploads\\\/2024\\\/04\\\/fc-logo.jpg\",\"width\":174,\"height\":28,\"caption\":\"Facecorner\"},\"image\":{\"@id\":\"https:\\\/\\\/www.facecorner.lv\\\/#\\\/schema\\\/logo\\\/image\\\/\"},\"sameAs\":[\"https:\\\/\\\/www.facebook.com\\\/profile.php?id=100063824551839\",\"https:\\\/\\\/www.instagram.com\\\/facecorner_shop\\\/\"]}]}<\/script>\n<meta property=\"product:price:amount\" content=\"29.90\" \/>\n<meta property=\"product:price:currency\" content=\"EUR\" \/>\n<meta property=\"og:availability\" content=\"instock\" \/>\n<meta property=\"product:availability\" content=\"instock\" \/>\n<meta property=\"product:condition\" content=\"new\" \/>\n<!-- \/ Yoast SEO plugin. -->","yoast_head_json":{"title":"Booster serums ar sarkano s\u012bpolu un mikroadati\u0146\u0101m IsNtree Onion Newpair Booster Shot 2000 50ml - FACECORNER","description":"Isntree Onion Newpair Booster Shot 2000 ir augsti efekt\u012bva ampula, kas rad\u012bta jut\u012bgas, problem\u0101tiskas un boj\u0101tas \u0101das kop\u0161anai.","robots":{"index":"index","follow":"follow","max-snippet":"max-snippet:-1","max-image-preview":"max-image-preview:large","max-video-preview":"max-video-preview:-1"},"canonical":"https:\/\/www.facecorner.lv\/lv\/shop\/isntree-onion-newpair-booster-shot-2000-50ml\/","og_locale":"lv_LV","og_type":"article","og_title":"Booster serums ar sarkano s\u012bpolu un mikroadati\u0146\u0101m IsNtree Onion Newpair Booster Shot 2000 50ml - FACECORNER","og_description":"Isntree Onion Newpair Booster Shot 2000 ir augsti efekt\u012bva ampula, kas rad\u012bta jut\u012bgas, problem\u0101tiskas un boj\u0101tas \u0101das kop\u0161anai.","og_url":"https:\/\/www.facecorner.lv\/lv\/shop\/isntree-onion-newpair-booster-shot-2000-50ml\/","og_site_name":"FACECORNER","article_publisher":"https:\/\/www.facebook.com\/profile.php?id=100063824551839","article_modified_time":"2025-10-01T09:14:44+00:00","og_image":[{"width":900,"height":900,"url":"https:\/\/www.facecorner.lv\/wp-content\/uploads\/2025\/09\/8-2.webp","type":"image\/webp"}],"twitter_card":"summary_large_image","twitter_misc":{"Price":"&euro;29.90","Availability":"In stock"},"schema":{"@context":"https:\/\/schema.org","@graph":[{"@type":"WebPage","@id":"https:\/\/www.facecorner.lv\/shop\/isntree-onion-newpair-booster-shot-2000-50ml\/","url":"https:\/\/www.facecorner.lv\/shop\/isntree-onion-newpair-booster-shot-2000-50ml\/","name":"Booster serums ar sarkano s\u012bpolu un mikroadati\u0146\u0101m IsNtree Onion Newpair Booster Shot 2000 50ml - FACECORNER","isPartOf":{"@id":"https:\/\/www.facecorner.lv\/#website"},"primaryImageOfPage":{"@id":"https:\/\/www.facecorner.lv\/shop\/isntree-onion-newpair-booster-shot-2000-50ml\/#primaryimage"},"image":{"@id":"https:\/\/www.facecorner.lv\/shop\/isntree-onion-newpair-booster-shot-2000-50ml\/#primaryimage"},"thumbnailUrl":"https:\/\/www.facecorner.lv\/wp-content\/uploads\/2025\/09\/8-2.webp","datePublished":"2025-09-23T11:28:19+00:00","dateModified":"2025-10-01T09:14:44+00:00","description":"Isntree Onion Newpair Booster Shot 2000 ir augsti efekt\u012bva ampula, kas rad\u012bta jut\u012bgas, problem\u0101tiskas un boj\u0101tas \u0101das kop\u0161anai.","breadcrumb":{"@id":"https:\/\/www.facecorner.lv\/shop\/isntree-onion-newpair-booster-shot-2000-50ml\/#breadcrumb"},"inLanguage":"lv-LV","potentialAction":[{"@type":"ReadAction","target":["https:\/\/www.facecorner.lv\/shop\/isntree-onion-newpair-booster-shot-2000-50ml\/"]}]},{"@type":"ImageObject","inLanguage":"lv-LV","@id":"https:\/\/www.facecorner.lv\/shop\/isntree-onion-newpair-booster-shot-2000-50ml\/#primaryimage","url":"https:\/\/www.facecorner.lv\/wp-content\/uploads\/2025\/09\/8-2.webp","contentUrl":"https:\/\/www.facecorner.lv\/wp-content\/uploads\/2025\/09\/8-2.webp","width":900,"height":900,"caption":"Isntree Onion Newpair Booster Shot 2000"},{"@type":"BreadcrumbList","@id":"https:\/\/www.facecorner.lv\/shop\/isntree-onion-newpair-booster-shot-2000-50ml\/#breadcrumb","itemListElement":[{"@type":"ListItem","position":1,"name":"Home","item":"https:\/\/www.facecorner.lv\/"},{"@type":"ListItem","position":2,"name":"Veikals","item":"https:\/\/www.facecorner.lv\/shop\/"},{"@type":"ListItem","position":3,"name":"Booster serums ar sarkano s\u012bpolu un mikroadati\u0146\u0101m IsNtree Onion Newpair Booster Shot 2000 50ml"}]},{"@type":"WebSite","@id":"https:\/\/www.facecorner.lv\/#website","url":"https:\/\/www.facecorner.lv\/","name":"Facecorner","description":"","publisher":{"@id":"https:\/\/www.facecorner.lv\/#organization"},"potentialAction":[{"@type":"SearchAction","target":{"@type":"EntryPoint","urlTemplate":"https:\/\/www.facecorner.lv\/?s={search_term_string}"},"query-input":{"@type":"PropertyValueSpecification","valueRequired":true,"valueName":"search_term_string"}}],"inLanguage":"lv-LV"},{"@type":"Organization","@id":"https:\/\/www.facecorner.lv\/#organization","name":"Facecorner","url":"https:\/\/www.facecorner.lv\/","logo":{"@type":"ImageObject","inLanguage":"lv-LV","@id":"https:\/\/www.facecorner.lv\/#\/schema\/logo\/image\/","url":"https:\/\/www.facecorner.lv\/wp-content\/uploads\/2024\/04\/fc-logo.jpg","contentUrl":"https:\/\/www.facecorner.lv\/wp-content\/uploads\/2024\/04\/fc-logo.jpg","width":174,"height":28,"caption":"Facecorner"},"image":{"@id":"https:\/\/www.facecorner.lv\/#\/schema\/logo\/image\/"},"sameAs":["https:\/\/www.facebook.com\/profile.php?id=100063824551839","https:\/\/www.instagram.com\/facecorner_shop\/"]}]},"product_price_amount":"29.90","product_price_currency":"EUR","og_availability":"instock","product_availability":"instock","product_condition":"new"},"_links":{"self":[{"href":"https:\/\/www.facecorner.lv\/lv\/wp-json\/wp\/v2\/product\/25340","targetHints":{"allow":["GET"]}}],"collection":[{"href":"https:\/\/www.facecorner.lv\/lv\/wp-json\/wp\/v2\/product"}],"about":[{"href":"https:\/\/www.facecorner.lv\/lv\/wp-json\/wp\/v2\/types\/product"}],"replies":[{"embeddable":true,"href":"https:\/\/www.facecorner.lv\/lv\/wp-json\/wp\/v2\/comments?post=25340"}],"wp:featuredmedia":[{"embeddable":true,"href":"https:\/\/www.facecorner.lv\/lv\/wp-json\/wp\/v2\/media\/25341"}],"wp:attachment":[{"href":"https:\/\/www.facecorner.lv\/lv\/wp-json\/wp\/v2\/media?parent=25340"}],"wp:term":[{"taxonomy":"product_brand","embeddable":true,"href":"https:\/\/www.facecorner.lv\/lv\/wp-json\/wp\/v2\/product_brand?post=25340"},{"taxonomy":"product_cat","embeddable":true,"href":"https:\/\/www.facecorner.lv\/lv\/wp-json\/wp\/v2\/product_cat?post=25340"},{"taxonomy":"product_tag","embeddable":true,"href":"https:\/\/www.facecorner.lv\/lv\/wp-json\/wp\/v2\/product_tag?post=25340"},{"taxonomy":"berocket_brand","embeddable":true,"href":"https:\/\/www.facecorner.lv\/lv\/wp-json\/wp\/v2\/berocket_brand?post=25340"}],"curies":[{"name":"wp","href":"https:\/\/api.w.org\/{rel}","templated":true}]}}