{"id":25269,"date":"2025-09-16T13:04:16","date_gmt":"2025-09-16T10:04:16","guid":{"rendered":"https:\/\/www.facecorner.lv\/?post_type=product&#038;p=25269"},"modified":"2026-03-14T17:34:32","modified_gmt":"2026-03-14T14:34:32","slug":"krems-acu-zonai-ar-kalciju-dr-melaxin-cemenrete-calcium-dark-spot-eye-cream-15g","status":"publish","type":"product","link":"https:\/\/www.facecorner.lv\/lv\/shop\/krems-acu-zonai-ar-kalciju-dr-melaxin-cemenrete-calcium-dark-spot-eye-cream-15g\/","title":{"rendered":"Kr\u0113ms acu zonai ar kalciju Dr.Melaxin Cemenrete Calcium Dark Spot Eye Cream 15g"},"content":{"rendered":"<p>Dr.Melaxin Cemenrete Calcium Dark Spot Eye Cream acu zonai paredz\u0113tais kr\u0113ms ne tikai mitrina un baro maigo \u0101du, bet ar\u012b pal\u012bdz mask\u0113t tum\u0161os lokus zem ac\u012bm, izl\u012bdzina vecuma grumbi\u0146as, uzlabo elast\u012bbu, nostiprina un sabiezina audus.<\/p>\n<p>Kr\u0113mam ir viegla tekst\u016bra, tas neiepl\u016bst grumbi\u0146\u0101s, sapl\u016bst ar \u0101du un ir neman\u0101ms. Acu skatiens k\u013c\u016bst svaig\u0101ks un atp\u016bst\u0101ks. Regul\u0101ri lietojot, paz\u016bd ap\u013ci zem ac\u012bm un izl\u012bdzin\u0101s grumbi\u0146as.<\/p>\n<p>Galven\u0101 sast\u0101vda\u013ca ir patent\u0113ta sast\u0101vda\u013ca Rebornic, kas satur kalcija b\u0101zi. T\u0101 veicina lab\u0101ku kolag\u0113na uzs\u016bk\u0161anos \u0101d\u0101, nostiprina strukt\u016bru un pie\u0161\u0137ir elast\u012bbu.<\/p>\n<ul>\n<li>Sald\u0101 mande\u013cu ekstrakts baro, atjauno lip\u012bdu barjeru, toniz\u0113, kas pal\u012bdz izl\u012bdzin\u0101t mimisk\u0101s grumbi\u0146as.<\/li>\n<li>Niac\u012bnam\u012bds izl\u012bdzina \u0101das toni un tekst\u016bru, pie\u0161\u0137ir sejai vesel\u012bgu mirdzumu. Tas efekt\u012bvi nov\u0113r\u0161 tum\u0161os lokus un pigment\u0101ciju, k\u0101 ar\u012b samazina s\u012bko grumbu skaitu.<\/li>\n<li>Kolag\u0113ns pa\u0101trina vielmai\u0146as procesus, nostiepina \u0101du, padara to elast\u012bgu, nov\u0113r\u0161ot mitruma zudumu un izl\u012bdzinot reljefu.<\/li>\n<li>Adoniz\u012bns atjauno \u0101du, pal\u0113nina noveco\u0161an\u0101s procesus.<\/li>\n<li>Kr\u0113ms satur dro\u0161u pigmentu, kas atsvaidzina \u0101das toni un pie\u0161\u0137ir tai mirdzumu.<\/li>\n<\/ul>\n<p><strong>Kr\u0113ms \u0101das ap ac\u012bm, kas paredz\u0113ts:<\/strong><\/p>\n<ul>\n<li>tum\u0161o loku un pigmentu plankumu samazin\u0101\u0161anai zem ac\u012bm;<\/li>\n<li>piet\u016bkumu nov\u0113r\u0161anai;<\/li>\n<li>\u0101das elast\u012bbas un mikroreljefa uzlabo\u0161anai;<\/li>\n<li>s\u012bko grumbu izl\u012bdzin\u0101\u0161anai un \u0101das nostiep\u0161anai.<\/li>\n<\/ul>\n<p><strong>Lieto\u0161ana:<\/strong> Kremu uzkl\u0101jiet k\u0101 p\u0113d\u0113jo kop\u0161anas posmu uz att\u012br\u012btas \u0101das ap ac\u012bm ar maig\u0101m, viegli piesitot kust\u012bb\u0101m. Lai ieg\u016btu lab\u0101ku p\u0101rkl\u0101jumu, var uzkl\u0101t vair\u0101kas k\u0101rtas. Ide\u0101li piem\u0113rots dienas kop\u0161anai.<\/p>\n<p><strong>Sast\u0101vs:<\/strong> Water, Cyclopentasiloxane, Titanium Dioxide, Butylene Glycol, Glycerin, Niacinamide, Dipropylene Glycol, Cyclohexasiloxane, Sodium Acrylate\/Sodium Acryloyldimethyl Taurate Copolymer, PEG-240\/HDI Copolymer Bis- Decyltetradeceth-20 Ether, Isohexadecane, Dimethiconol, Chlorphenesin, CI 77492, Sodium Polyacrylate, Polysorbate 80, Aluminum Hydroxide, Allantoin, Triethoxycaprylylsilane, Ethylhexylglycerin, CI 77491, Adenosine, Sorbitan Oleate, Pullulan, Disodium EDTA, Tremella Fuciformis, (Mushroom) Extract, Tabebuia Impetiginosa Bark Extract, Prunus Amygdalus Dulcis (Sweet Almond) Fruit Extract, Glyceryl Acrylate\/Acrylic Acid Copolymer, 1,2-Hexanediol, Calcium Gluconate, Collagen Extract, Potassium Laurate, BHT, Chondrus Crispus Extract, Hydrolyzed Elastin.<\/p>\n<p>&nbsp;<\/p>\n","protected":false},"excerpt":{"rendered":"<p>Dr.Melaxin Cemenrete Calcium Dark Spot Eye Cream acu zonai paredz\u0113tais kr\u0113ms ne tikai mitrina un baro maigo \u0101du, bet ar\u012b pal\u012bdz mask\u0113t tum\u0161os lokus zem ac\u012bm, izl\u012bdzina vecuma grumbi\u0146as, uzlabo elast\u012bbu, nostiprina un sabiezina audus.<\/p>\n","protected":false},"featured_media":25275,"comment_status":"open","ping_status":"closed","template":"","meta":{"site-sidebar-layout":"default","site-content-layout":"","ast-site-content-layout":"default","site-content-style":"default","site-sidebar-style":"default","ast-global-header-display":"","ast-banner-title-visibility":"","ast-main-header-display":"","ast-hfb-above-header-display":"","ast-hfb-below-header-display":"","ast-hfb-mobile-header-display":"","site-post-title":"","ast-breadcrumbs-content":"","ast-featured-img":"","footer-sml-layout":"","theme-transparent-header-meta":"default","adv-header-id-meta":"","stick-header-meta":"","header-above-stick-meta":"","header-main-stick-meta":"","header-below-stick-meta":"","astra-migrate-meta-layouts":"set","ast-page-background-enabled":"default","ast-page-background-meta":{"desktop":{"background-color":"var(--ast-global-color-4)","background-image":"","background-repeat":"repeat","background-position":"center center","background-size":"auto","background-attachment":"scroll","background-type":"","background-media":"","overlay-type":"","overlay-color":"","overlay-opacity":"","overlay-gradient":""},"tablet":{"background-color":"","background-image":"","background-repeat":"repeat","background-position":"center center","background-size":"auto","background-attachment":"scroll","background-type":"","background-media":"","overlay-type":"","overlay-color":"","overlay-opacity":"","overlay-gradient":""},"mobile":{"background-color":"","background-image":"","background-repeat":"repeat","background-position":"center center","background-size":"auto","background-attachment":"scroll","background-type":"","background-media":"","overlay-type":"","overlay-color":"","overlay-opacity":"","overlay-gradient":""}},"ast-content-background-meta":{"desktop":{"background-color":"var(--ast-global-color-5)","background-image":"","background-repeat":"repeat","background-position":"center center","background-size":"auto","background-attachment":"scroll","background-type":"","background-media":"","overlay-type":"","overlay-color":"","overlay-opacity":"","overlay-gradient":""},"tablet":{"background-color":"var(--ast-global-color-5)","background-image":"","background-repeat":"repeat","background-position":"center center","background-size":"auto","background-attachment":"scroll","background-type":"","background-media":"","overlay-type":"","overlay-color":"","overlay-opacity":"","overlay-gradient":""},"mobile":{"background-color":"var(--ast-global-color-5)","background-image":"","background-repeat":"repeat","background-position":"center center","background-size":"auto","background-attachment":"scroll","background-type":"","background-media":"","overlay-type":"","overlay-color":"","overlay-opacity":"","overlay-gradient":""}}},"product_brand":[],"product_cat":[308],"product_tag":[],"berocket_brand":[653],"class_list":{"0":"post-25269","1":"product","2":"type-product","3":"status-publish","4":"has-post-thumbnail","6":"product_cat-acu-krems","7":"berocket_brand-dr-melaxin","8":"desktop-align-left","9":"tablet-align-left","10":"mobile-align-left","12":"first","13":"instock","14":"taxable","15":"shipping-taxable","16":"purchasable","17":"product-type-simple","18":"add-to-wishlist-before_image"},"yoast_head":"<!-- This site is optimized with the Yoast SEO plugin v27.4 - https:\/\/yoast.com\/product\/yoast-seo-wordpress\/ -->\n<title>Kr\u0113ms acu zonai ar kalciju Dr.Melaxin Cemenrete Calcium Dark Spot Eye Cream 15g - FACECORNER<\/title>\n<meta name=\"description\" content=\"Dr.Melaxin Cemenrete Calcium Dark Spot Eye Cream acu zonai paredz\u0113tais kr\u0113ms ne tikai mitrina un baro maigo \u0101du, bet ar\u012b pal\u012bdz mask\u0113t tum\u0161os lokus zem ac\u012bm\" \/>\n<meta name=\"robots\" content=\"index, follow, max-snippet:-1, max-image-preview:large, max-video-preview:-1\" \/>\n<link rel=\"canonical\" href=\"https:\/\/www.facecorner.lv\/lv\/shop\/krems-acu-zonai-ar-kalciju-dr-melaxin-cemenrete-calcium-dark-spot-eye-cream-15g\/\" \/>\n<meta property=\"og:locale\" content=\"lv_LV\" \/>\n<meta property=\"og:type\" content=\"article\" \/>\n<meta property=\"og:title\" content=\"Kr\u0113ms acu zonai ar kalciju Dr.Melaxin Cemenrete Calcium Dark Spot Eye Cream 15g - FACECORNER\" \/>\n<meta property=\"og:description\" content=\"Dr.Melaxin Cemenrete Calcium Dark Spot Eye Cream acu zonai paredz\u0113tais kr\u0113ms ne tikai mitrina un baro maigo \u0101du, bet ar\u012b pal\u012bdz mask\u0113t tum\u0161os lokus zem ac\u012bm\" \/>\n<meta property=\"og:url\" content=\"https:\/\/www.facecorner.lv\/lv\/shop\/krems-acu-zonai-ar-kalciju-dr-melaxin-cemenrete-calcium-dark-spot-eye-cream-15g\/\" \/>\n<meta property=\"og:site_name\" content=\"FACECORNER\" \/>\n<meta property=\"article:publisher\" content=\"https:\/\/www.facebook.com\/profile.php?id=100063824551839\" \/>\n<meta property=\"article:modified_time\" content=\"2026-03-14T14:34:32+00:00\" \/>\n<meta property=\"og:image\" content=\"https:\/\/www.facecorner.lv\/wp-content\/uploads\/2025\/09\/71X-r_B1UwL._SL1500.webp\" \/>\n\t<meta property=\"og:image:width\" content=\"1445\" \/>\n\t<meta property=\"og:image:height\" content=\"1445\" \/>\n\t<meta property=\"og:image:type\" content=\"image\/webp\" \/>\n<meta name=\"twitter:card\" content=\"summary_large_image\" \/>\n<meta name=\"twitter:label1\" content=\"Price\" \/>\n\t<meta name=\"twitter:data1\" content=\"&euro;22.47\" \/>\n\t<meta name=\"twitter:label2\" content=\"Availability\" \/>\n\t<meta name=\"twitter:data2\" content=\"In stock\" \/>\n<script type=\"application\/ld+json\" class=\"yoast-schema-graph\">{\"@context\":\"https:\\\/\\\/schema.org\",\"@graph\":[{\"@type\":\"WebPage\",\"@id\":\"https:\\\/\\\/www.facecorner.lv\\\/shop\\\/krems-acu-zonai-ar-kalciju-dr-melaxin-cemenrete-calcium-dark-spot-eye-cream-15g\\\/\",\"url\":\"https:\\\/\\\/www.facecorner.lv\\\/shop\\\/krems-acu-zonai-ar-kalciju-dr-melaxin-cemenrete-calcium-dark-spot-eye-cream-15g\\\/\",\"name\":\"Kr\u0113ms acu zonai ar kalciju Dr.Melaxin Cemenrete Calcium Dark Spot Eye Cream 15g - FACECORNER\",\"isPartOf\":{\"@id\":\"https:\\\/\\\/www.facecorner.lv\\\/#website\"},\"primaryImageOfPage\":{\"@id\":\"https:\\\/\\\/www.facecorner.lv\\\/shop\\\/krems-acu-zonai-ar-kalciju-dr-melaxin-cemenrete-calcium-dark-spot-eye-cream-15g\\\/#primaryimage\"},\"image\":{\"@id\":\"https:\\\/\\\/www.facecorner.lv\\\/shop\\\/krems-acu-zonai-ar-kalciju-dr-melaxin-cemenrete-calcium-dark-spot-eye-cream-15g\\\/#primaryimage\"},\"thumbnailUrl\":\"https:\\\/\\\/www.facecorner.lv\\\/wp-content\\\/uploads\\\/2025\\\/09\\\/71X-r_B1UwL._SL1500.webp\",\"datePublished\":\"2025-09-16T10:04:16+00:00\",\"dateModified\":\"2026-03-14T14:34:32+00:00\",\"description\":\"Dr.Melaxin Cemenrete Calcium Dark Spot Eye Cream acu zonai paredz\u0113tais kr\u0113ms ne tikai mitrina un baro maigo \u0101du, bet ar\u012b pal\u012bdz mask\u0113t tum\u0161os lokus zem ac\u012bm\",\"breadcrumb\":{\"@id\":\"https:\\\/\\\/www.facecorner.lv\\\/shop\\\/krems-acu-zonai-ar-kalciju-dr-melaxin-cemenrete-calcium-dark-spot-eye-cream-15g\\\/#breadcrumb\"},\"inLanguage\":\"lv-LV\",\"potentialAction\":[{\"@type\":\"ReadAction\",\"target\":[\"https:\\\/\\\/www.facecorner.lv\\\/shop\\\/krems-acu-zonai-ar-kalciju-dr-melaxin-cemenrete-calcium-dark-spot-eye-cream-15g\\\/\"]}]},{\"@type\":\"ImageObject\",\"inLanguage\":\"lv-LV\",\"@id\":\"https:\\\/\\\/www.facecorner.lv\\\/shop\\\/krems-acu-zonai-ar-kalciju-dr-melaxin-cemenrete-calcium-dark-spot-eye-cream-15g\\\/#primaryimage\",\"url\":\"https:\\\/\\\/www.facecorner.lv\\\/wp-content\\\/uploads\\\/2025\\\/09\\\/71X-r_B1UwL._SL1500.webp\",\"contentUrl\":\"https:\\\/\\\/www.facecorner.lv\\\/wp-content\\\/uploads\\\/2025\\\/09\\\/71X-r_B1UwL._SL1500.webp\",\"width\":1445,\"height\":1445,\"caption\":\"Dr.Melaxin Cemenrete Calcium Dark Spot Eye Cream\"},{\"@type\":\"BreadcrumbList\",\"@id\":\"https:\\\/\\\/www.facecorner.lv\\\/shop\\\/krems-acu-zonai-ar-kalciju-dr-melaxin-cemenrete-calcium-dark-spot-eye-cream-15g\\\/#breadcrumb\",\"itemListElement\":[{\"@type\":\"ListItem\",\"position\":1,\"name\":\"Home\",\"item\":\"https:\\\/\\\/www.facecorner.lv\\\/\"},{\"@type\":\"ListItem\",\"position\":2,\"name\":\"Veikals\",\"item\":\"https:\\\/\\\/www.facecorner.lv\\\/shop\\\/\"},{\"@type\":\"ListItem\",\"position\":3,\"name\":\"Kr\u0113ms acu zonai ar kalciju Dr.Melaxin Cemenrete Calcium Dark Spot Eye Cream 15g\"}]},{\"@type\":\"WebSite\",\"@id\":\"https:\\\/\\\/www.facecorner.lv\\\/#website\",\"url\":\"https:\\\/\\\/www.facecorner.lv\\\/\",\"name\":\"Facecorner\",\"description\":\"\",\"publisher\":{\"@id\":\"https:\\\/\\\/www.facecorner.lv\\\/#organization\"},\"potentialAction\":[{\"@type\":\"SearchAction\",\"target\":{\"@type\":\"EntryPoint\",\"urlTemplate\":\"https:\\\/\\\/www.facecorner.lv\\\/?s={search_term_string}\"},\"query-input\":{\"@type\":\"PropertyValueSpecification\",\"valueRequired\":true,\"valueName\":\"search_term_string\"}}],\"inLanguage\":\"lv-LV\"},{\"@type\":\"Organization\",\"@id\":\"https:\\\/\\\/www.facecorner.lv\\\/#organization\",\"name\":\"Facecorner\",\"url\":\"https:\\\/\\\/www.facecorner.lv\\\/\",\"logo\":{\"@type\":\"ImageObject\",\"inLanguage\":\"lv-LV\",\"@id\":\"https:\\\/\\\/www.facecorner.lv\\\/#\\\/schema\\\/logo\\\/image\\\/\",\"url\":\"https:\\\/\\\/www.facecorner.lv\\\/wp-content\\\/uploads\\\/2024\\\/04\\\/fc-logo.jpg\",\"contentUrl\":\"https:\\\/\\\/www.facecorner.lv\\\/wp-content\\\/uploads\\\/2024\\\/04\\\/fc-logo.jpg\",\"width\":174,\"height\":28,\"caption\":\"Facecorner\"},\"image\":{\"@id\":\"https:\\\/\\\/www.facecorner.lv\\\/#\\\/schema\\\/logo\\\/image\\\/\"},\"sameAs\":[\"https:\\\/\\\/www.facebook.com\\\/profile.php?id=100063824551839\",\"https:\\\/\\\/www.instagram.com\\\/facecorner_shop\\\/\"]}]}<\/script>\n<meta property=\"product:price:amount\" content=\"22.47\" \/>\n<meta property=\"product:price:currency\" content=\"EUR\" \/>\n<meta property=\"og:availability\" content=\"instock\" \/>\n<meta property=\"product:availability\" content=\"instock\" \/>\n<meta property=\"product:condition\" content=\"new\" \/>\n<!-- \/ Yoast SEO plugin. -->","yoast_head_json":{"title":"Kr\u0113ms acu zonai ar kalciju Dr.Melaxin Cemenrete Calcium Dark Spot Eye Cream 15g - FACECORNER","description":"Dr.Melaxin Cemenrete Calcium Dark Spot Eye Cream acu zonai paredz\u0113tais kr\u0113ms ne tikai mitrina un baro maigo \u0101du, bet ar\u012b pal\u012bdz mask\u0113t tum\u0161os lokus zem ac\u012bm","robots":{"index":"index","follow":"follow","max-snippet":"max-snippet:-1","max-image-preview":"max-image-preview:large","max-video-preview":"max-video-preview:-1"},"canonical":"https:\/\/www.facecorner.lv\/lv\/shop\/krems-acu-zonai-ar-kalciju-dr-melaxin-cemenrete-calcium-dark-spot-eye-cream-15g\/","og_locale":"lv_LV","og_type":"article","og_title":"Kr\u0113ms acu zonai ar kalciju Dr.Melaxin Cemenrete Calcium Dark Spot Eye Cream 15g - FACECORNER","og_description":"Dr.Melaxin Cemenrete Calcium Dark Spot Eye Cream acu zonai paredz\u0113tais kr\u0113ms ne tikai mitrina un baro maigo \u0101du, bet ar\u012b pal\u012bdz mask\u0113t tum\u0161os lokus zem ac\u012bm","og_url":"https:\/\/www.facecorner.lv\/lv\/shop\/krems-acu-zonai-ar-kalciju-dr-melaxin-cemenrete-calcium-dark-spot-eye-cream-15g\/","og_site_name":"FACECORNER","article_publisher":"https:\/\/www.facebook.com\/profile.php?id=100063824551839","article_modified_time":"2026-03-14T14:34:32+00:00","og_image":[{"width":1445,"height":1445,"url":"https:\/\/www.facecorner.lv\/wp-content\/uploads\/2025\/09\/71X-r_B1UwL._SL1500.webp","type":"image\/webp"}],"twitter_card":"summary_large_image","twitter_misc":{"Price":"&euro;22.47","Availability":"In stock"},"schema":{"@context":"https:\/\/schema.org","@graph":[{"@type":"WebPage","@id":"https:\/\/www.facecorner.lv\/shop\/krems-acu-zonai-ar-kalciju-dr-melaxin-cemenrete-calcium-dark-spot-eye-cream-15g\/","url":"https:\/\/www.facecorner.lv\/shop\/krems-acu-zonai-ar-kalciju-dr-melaxin-cemenrete-calcium-dark-spot-eye-cream-15g\/","name":"Kr\u0113ms acu zonai ar kalciju Dr.Melaxin Cemenrete Calcium Dark Spot Eye Cream 15g - FACECORNER","isPartOf":{"@id":"https:\/\/www.facecorner.lv\/#website"},"primaryImageOfPage":{"@id":"https:\/\/www.facecorner.lv\/shop\/krems-acu-zonai-ar-kalciju-dr-melaxin-cemenrete-calcium-dark-spot-eye-cream-15g\/#primaryimage"},"image":{"@id":"https:\/\/www.facecorner.lv\/shop\/krems-acu-zonai-ar-kalciju-dr-melaxin-cemenrete-calcium-dark-spot-eye-cream-15g\/#primaryimage"},"thumbnailUrl":"https:\/\/www.facecorner.lv\/wp-content\/uploads\/2025\/09\/71X-r_B1UwL._SL1500.webp","datePublished":"2025-09-16T10:04:16+00:00","dateModified":"2026-03-14T14:34:32+00:00","description":"Dr.Melaxin Cemenrete Calcium Dark Spot Eye Cream acu zonai paredz\u0113tais kr\u0113ms ne tikai mitrina un baro maigo \u0101du, bet ar\u012b pal\u012bdz mask\u0113t tum\u0161os lokus zem ac\u012bm","breadcrumb":{"@id":"https:\/\/www.facecorner.lv\/shop\/krems-acu-zonai-ar-kalciju-dr-melaxin-cemenrete-calcium-dark-spot-eye-cream-15g\/#breadcrumb"},"inLanguage":"lv-LV","potentialAction":[{"@type":"ReadAction","target":["https:\/\/www.facecorner.lv\/shop\/krems-acu-zonai-ar-kalciju-dr-melaxin-cemenrete-calcium-dark-spot-eye-cream-15g\/"]}]},{"@type":"ImageObject","inLanguage":"lv-LV","@id":"https:\/\/www.facecorner.lv\/shop\/krems-acu-zonai-ar-kalciju-dr-melaxin-cemenrete-calcium-dark-spot-eye-cream-15g\/#primaryimage","url":"https:\/\/www.facecorner.lv\/wp-content\/uploads\/2025\/09\/71X-r_B1UwL._SL1500.webp","contentUrl":"https:\/\/www.facecorner.lv\/wp-content\/uploads\/2025\/09\/71X-r_B1UwL._SL1500.webp","width":1445,"height":1445,"caption":"Dr.Melaxin Cemenrete Calcium Dark Spot Eye Cream"},{"@type":"BreadcrumbList","@id":"https:\/\/www.facecorner.lv\/shop\/krems-acu-zonai-ar-kalciju-dr-melaxin-cemenrete-calcium-dark-spot-eye-cream-15g\/#breadcrumb","itemListElement":[{"@type":"ListItem","position":1,"name":"Home","item":"https:\/\/www.facecorner.lv\/"},{"@type":"ListItem","position":2,"name":"Veikals","item":"https:\/\/www.facecorner.lv\/shop\/"},{"@type":"ListItem","position":3,"name":"Kr\u0113ms acu zonai ar kalciju Dr.Melaxin Cemenrete Calcium Dark Spot Eye Cream 15g"}]},{"@type":"WebSite","@id":"https:\/\/www.facecorner.lv\/#website","url":"https:\/\/www.facecorner.lv\/","name":"Facecorner","description":"","publisher":{"@id":"https:\/\/www.facecorner.lv\/#organization"},"potentialAction":[{"@type":"SearchAction","target":{"@type":"EntryPoint","urlTemplate":"https:\/\/www.facecorner.lv\/?s={search_term_string}"},"query-input":{"@type":"PropertyValueSpecification","valueRequired":true,"valueName":"search_term_string"}}],"inLanguage":"lv-LV"},{"@type":"Organization","@id":"https:\/\/www.facecorner.lv\/#organization","name":"Facecorner","url":"https:\/\/www.facecorner.lv\/","logo":{"@type":"ImageObject","inLanguage":"lv-LV","@id":"https:\/\/www.facecorner.lv\/#\/schema\/logo\/image\/","url":"https:\/\/www.facecorner.lv\/wp-content\/uploads\/2024\/04\/fc-logo.jpg","contentUrl":"https:\/\/www.facecorner.lv\/wp-content\/uploads\/2024\/04\/fc-logo.jpg","width":174,"height":28,"caption":"Facecorner"},"image":{"@id":"https:\/\/www.facecorner.lv\/#\/schema\/logo\/image\/"},"sameAs":["https:\/\/www.facebook.com\/profile.php?id=100063824551839","https:\/\/www.instagram.com\/facecorner_shop\/"]}]},"product_price_amount":"22.47","product_price_currency":"EUR","og_availability":"instock","product_availability":"instock","product_condition":"new"},"_links":{"self":[{"href":"https:\/\/www.facecorner.lv\/lv\/wp-json\/wp\/v2\/product\/25269","targetHints":{"allow":["GET"]}}],"collection":[{"href":"https:\/\/www.facecorner.lv\/lv\/wp-json\/wp\/v2\/product"}],"about":[{"href":"https:\/\/www.facecorner.lv\/lv\/wp-json\/wp\/v2\/types\/product"}],"replies":[{"embeddable":true,"href":"https:\/\/www.facecorner.lv\/lv\/wp-json\/wp\/v2\/comments?post=25269"}],"wp:featuredmedia":[{"embeddable":true,"href":"https:\/\/www.facecorner.lv\/lv\/wp-json\/wp\/v2\/media\/25275"}],"wp:attachment":[{"href":"https:\/\/www.facecorner.lv\/lv\/wp-json\/wp\/v2\/media?parent=25269"}],"wp:term":[{"taxonomy":"product_brand","embeddable":true,"href":"https:\/\/www.facecorner.lv\/lv\/wp-json\/wp\/v2\/product_brand?post=25269"},{"taxonomy":"product_cat","embeddable":true,"href":"https:\/\/www.facecorner.lv\/lv\/wp-json\/wp\/v2\/product_cat?post=25269"},{"taxonomy":"product_tag","embeddable":true,"href":"https:\/\/www.facecorner.lv\/lv\/wp-json\/wp\/v2\/product_tag?post=25269"},{"taxonomy":"berocket_brand","embeddable":true,"href":"https:\/\/www.facecorner.lv\/lv\/wp-json\/wp\/v2\/berocket_brand?post=25269"}],"curies":[{"name":"wp","href":"https:\/\/api.w.org\/{rel}","templated":true}]}}