{"id":25238,"date":"2025-09-11T12:40:06","date_gmt":"2025-09-11T09:40:06","guid":{"rendered":"https:\/\/www.facecorner.lv\/?post_type=product&#038;p=25238"},"modified":"2026-01-16T13:55:55","modified_gmt":"2026-01-16T10:55:55","slug":"sejas-mazgasanas-putas-ar-pdrn-medicube-pdrn-pink-niacinamide-whip-cleanser-120ml","status":"publish","type":"product","link":"https:\/\/www.facecorner.lv\/lv\/shop\/sejas-mazgasanas-putas-ar-pdrn-medicube-pdrn-pink-niacinamide-whip-cleanser-120ml\/","title":{"rendered":"Sejas mazg\u0101\u0161anas putas ar PDRN medicube PDRN Pink Niacinamide Whip Cleanser 120ml"},"content":{"rendered":"<p>Medicube PDRN Pink Niacinamide Whip Cleanser\u00a0 dzi\u013ci att\u012bro\u0161s, bet maigs sejas mazg\u0101\u0161anas l\u012bdzeklis, kas apvieno efektivit\u0101ti un kop\u0161anu.<\/p>\n<p>Putas veido bl\u012bvu kr\u0113mveida tekst\u016bru, maigi no\u0146emot net\u012brumus, lieko sebumu un kosm\u0113tikas paliekas, neizjaucot \u0101das aizsargbarjeru.<\/p>\n<p><strong>Galven\u0101s sast\u0101vda\u013cas:<\/strong><\/p>\n<ul>\n<li>PDRN (99% t\u012br\u012bbas pak\u0101pe) \u2013 la\u0161u DNS ekstrakts, stimul\u0113 \u0161\u016bnu atjauno\u0161anos un dzi\u013ci atjauno \u0101du.<\/li>\n<li>Niac\u012bnam\u012bds (5%) \u2013 izgaismo, izl\u012bdzina \u0101das toni un nostiprina aizsargbarjeru.<\/li>\n<li>Ceram\u012bdi \u2013 saglab\u0101 mitrumu un nov\u0113r\u0161 saspringuma saj\u016btu.<\/li>\n<li>Hialuronsk\u0101be \u2013 intens\u012bva mitrin\u0101\u0161ana un \u0101das maigums p\u0113c mazg\u0101\u0161anas.<\/li>\n<li>Pantenols, alanto\u012bns, Centella asiatica \u2013 mazina kairin\u0101jumu, nomierina un stiprina \u0101du.<\/li>\n<li>Augu ekstrakti (persiks, bumbieris, roze, kumel\u012bte u. c.) \u2013 nodro\u0161ina papildu kop\u0161anu un pat\u012bkamu arom\u0101tu.<\/li>\n<\/ul>\n<p><strong>Priek\u0161roc\u012bbas:<\/strong><\/p>\n<ul>\n<li>Neiz\u017e\u0101v\u0113 \u0101du, piem\u0113rots pat jut\u012bgai \u0101dai.<\/li>\n<li>Regul\u0101ri lietojot uzlabo \u0101das toni un tekst\u016bru.<\/li>\n<li>Ide\u0101li sader\u012bgs ar pretnoveco\u0161an\u0101s un \u0101das izgaismojo\u0161iem l\u012bdzek\u013ciem.<\/li>\n<li>Viegla roz\u0101 tekst\u016bra un maigs arom\u0101ts p\u0101rv\u0113r\u0161 sejas mazg\u0101\u0161anu par spa ritu\u0101lu.<\/li>\n<\/ul>\n<p><strong>Lieto\u0161anas veids:<\/strong> Uzkl\u0101jiet nelielu daudzumu uz mitr\u0101m plaukst\u0101m, uzputiniet, iemas\u0113jiet sejas \u0101d\u0101 un r\u016bp\u012bgi noskalojiet ar siltu \u016bdeni. Lietojiet no r\u012bta un vakar\u0101.<\/p>\n<p><strong>Sast\u0101vs<\/strong>: Water, Glycerin, Myristic Acid, Stearic Acid, Potassium Hydroxide, Lauric Acid, Niacinamide(20,000ppm), Glyceryl Stearate SE, Glycol Distearate, Palmitic Acid, Cocamidopropyl Betaine, Potassium Cocoyl Glycinate, Sodium Polyacrylate, Sorbitan Olivate, Sorbitol, Allantoin, Potassium Cocoate, Polyquaternium-10, Sodium Chloride, Polyquaternium-7, Butylene Glycol, Caprylyl Glycol, Acrylates\/C10-30 Alkyl Acrylate Crosspolymer, Tetrasodium EDTA, Anthemis Nobilis Flower Oil, Pyrus Communis (Pear) Fruit Extract, Rosa Damascena Flower Water, Prunus Persica (Peach) Fruit Extract, Thuja Orientalis Extract, Cyanocobalamin, Jasminum Officinale (Jasmine) Flower Water, Citrus Aurantium Amara (Bitter Orange) Flower Extract, Rosmarinus Officinalis (Rosemary) Leaf Oil, Cucumis Melo (Melon) Fruit Extract, Hedera Helix (Ivy) Leaf\/Stem Extract, 1,2-Hexanediol, Panthenol, Sodium DNA (50ppm), Sodium Benzoate, Coptis Chinensis Root Extract, Ethylhexylglycerin, Gluconolactone, Glutathione, Capryloyl Salicylic Acid, Salicylic Acid, Caprylic\/Capric Triglyceride, Adansonia Digitata Seed Oil, Hydrogenated Lecithin, Pentylene Glycol, Ceramide NP, Madecassoside, Corchorus Olitorius Leaf Extract, Carum Petroselinum (Parsley) Extract, Hibiscus Esculentus Fruit Extract, Decyl Glucoside, Dimethylsilanol Hyaluronate, Hydrolyzed Hyaluronic Acid, Hydrolyzed Sodium Hyaluronate, Sodium Hyaluronate, Potassium Hyaluronate, Hyaluronic Acid, Ceramide AS, Ceramide NS, Hydroxypropyltrimonium Hyaluronate, Sodium Hyaluronate Crosspolymer, Sodium Hyaluronate Dimethylsilanol, Ceramide AP, Ceramide EOP, Sodium Acetylated Hyaluronate<\/p>\n","protected":false},"excerpt":{"rendered":"<p>Medicube PDRN Pink Niacinamide Whip Cleanser\u00a0 dzi\u013ci att\u012bro\u0161s, bet maigs sejas mazg\u0101\u0161anas l\u012bdzeklis, kas apvieno efektivit\u0101ti un kop\u0161anu.<\/p>\n","protected":false},"featured_media":25239,"comment_status":"open","ping_status":"closed","template":"","meta":{"site-sidebar-layout":"default","site-content-layout":"","ast-site-content-layout":"default","site-content-style":"default","site-sidebar-style":"default","ast-global-header-display":"","ast-banner-title-visibility":"","ast-main-header-display":"","ast-hfb-above-header-display":"","ast-hfb-below-header-display":"","ast-hfb-mobile-header-display":"","site-post-title":"","ast-breadcrumbs-content":"","ast-featured-img":"","footer-sml-layout":"","theme-transparent-header-meta":"default","adv-header-id-meta":"","stick-header-meta":"","header-above-stick-meta":"","header-main-stick-meta":"","header-below-stick-meta":"","astra-migrate-meta-layouts":"set","ast-page-background-enabled":"default","ast-page-background-meta":{"desktop":{"background-color":"var(--ast-global-color-4)","background-image":"","background-repeat":"repeat","background-position":"center center","background-size":"auto","background-attachment":"scroll","background-type":"","background-media":"","overlay-type":"","overlay-color":"","overlay-opacity":"","overlay-gradient":""},"tablet":{"background-color":"","background-image":"","background-repeat":"repeat","background-position":"center center","background-size":"auto","background-attachment":"scroll","background-type":"","background-media":"","overlay-type":"","overlay-color":"","overlay-opacity":"","overlay-gradient":""},"mobile":{"background-color":"","background-image":"","background-repeat":"repeat","background-position":"center center","background-size":"auto","background-attachment":"scroll","background-type":"","background-media":"","overlay-type":"","overlay-color":"","overlay-opacity":"","overlay-gradient":""}},"ast-content-background-meta":{"desktop":{"background-color":"var(--ast-global-color-5)","background-image":"","background-repeat":"repeat","background-position":"center center","background-size":"auto","background-attachment":"scroll","background-type":"","background-media":"","overlay-type":"","overlay-color":"","overlay-opacity":"","overlay-gradient":""},"tablet":{"background-color":"var(--ast-global-color-5)","background-image":"","background-repeat":"repeat","background-position":"center center","background-size":"auto","background-attachment":"scroll","background-type":"","background-media":"","overlay-type":"","overlay-color":"","overlay-opacity":"","overlay-gradient":""},"mobile":{"background-color":"var(--ast-global-color-5)","background-image":"","background-repeat":"repeat","background-position":"center center","background-size":"auto","background-attachment":"scroll","background-type":"","background-media":"","overlay-type":"","overlay-color":"","overlay-opacity":"","overlay-gradient":""}}},"product_brand":[],"product_cat":[310,311,312,652,317],"product_tag":[],"berocket_brand":[579],"class_list":{"0":"post-25238","1":"product","2":"type-product","3":"status-publish","4":"has-post-thumbnail","6":"product_cat-attirisana","7":"product_cat-jutigai-adai-attirisana","8":"product_cat-kombinetai-adai-attirisana","9":"product_cat-pdrn","10":"product_cat-sausai-adai-attirisana","11":"berocket_brand-medicube","12":"desktop-align-left","13":"tablet-align-left","14":"mobile-align-left","16":"first","17":"outofstock","18":"taxable","19":"shipping-taxable","20":"purchasable","21":"product-type-simple","22":"add-to-wishlist-before_image"},"yoast_head":"<!-- This site is optimized with the Yoast SEO plugin v27.4 - https:\/\/yoast.com\/product\/yoast-seo-wordpress\/ -->\n<title>Sejas mazg\u0101\u0161anas putas ar PDRN medicube PDRN Pink Niacinamide Whip Cleanser 120ml - FACECORNER<\/title>\n<meta name=\"description\" content=\"Medicube PDRN Pink Niacinamide Whip Cleanser\u00a0 dzi\u013ci att\u012bro\u0161s, bet maigs sejas mazg\u0101\u0161anas l\u012bdzeklis, kas apvieno efektivit\u0101ti un kop\u0161anu.\" \/>\n<meta name=\"robots\" content=\"index, follow, max-snippet:-1, max-image-preview:large, max-video-preview:-1\" \/>\n<link rel=\"canonical\" href=\"https:\/\/www.facecorner.lv\/lv\/shop\/sejas-mazgasanas-putas-ar-pdrn-medicube-pdrn-pink-niacinamide-whip-cleanser-120ml\/\" \/>\n<meta property=\"og:locale\" content=\"lv_LV\" \/>\n<meta property=\"og:type\" content=\"article\" \/>\n<meta property=\"og:title\" content=\"Sejas mazg\u0101\u0161anas putas ar PDRN medicube PDRN Pink Niacinamide Whip Cleanser 120ml - FACECORNER\" \/>\n<meta property=\"og:description\" content=\"Medicube PDRN Pink Niacinamide Whip Cleanser\u00a0 dzi\u013ci att\u012bro\u0161s, bet maigs sejas mazg\u0101\u0161anas l\u012bdzeklis, kas apvieno efektivit\u0101ti un kop\u0161anu.\" \/>\n<meta property=\"og:url\" content=\"https:\/\/www.facecorner.lv\/lv\/shop\/sejas-mazgasanas-putas-ar-pdrn-medicube-pdrn-pink-niacinamide-whip-cleanser-120ml\/\" \/>\n<meta property=\"og:site_name\" content=\"FACECORNER\" \/>\n<meta property=\"article:publisher\" content=\"https:\/\/www.facebook.com\/profile.php?id=100063824551839\" \/>\n<meta property=\"article:modified_time\" content=\"2026-01-16T10:55:55+00:00\" \/>\n<meta property=\"og:image\" content=\"https:\/\/www.facecorner.lv\/wp-content\/uploads\/2025\/09\/68645d32890675434502c74a-medicube-pdrn-marshmallow-whip-cleanser.jpg\" \/>\n\t<meta property=\"og:image:width\" content=\"1500\" \/>\n\t<meta property=\"og:image:height\" content=\"1500\" \/>\n\t<meta property=\"og:image:type\" content=\"image\/jpeg\" \/>\n<meta name=\"twitter:card\" content=\"summary_large_image\" \/>\n<meta name=\"twitter:label1\" content=\"Price\" \/>\n\t<meta name=\"twitter:data1\" content=\"&euro;29.90\" \/>\n\t<meta name=\"twitter:label2\" content=\"Availability\" \/>\n\t<meta name=\"twitter:data2\" content=\"Out of stock\" \/>\n<script type=\"application\/ld+json\" class=\"yoast-schema-graph\">{\"@context\":\"https:\\\/\\\/schema.org\",\"@graph\":[{\"@type\":\"WebPage\",\"@id\":\"https:\\\/\\\/www.facecorner.lv\\\/shop\\\/sejas-mazgasanas-putas-ar-pdrn-medicube-pdrn-pink-niacinamide-whip-cleanser-120ml\\\/\",\"url\":\"https:\\\/\\\/www.facecorner.lv\\\/shop\\\/sejas-mazgasanas-putas-ar-pdrn-medicube-pdrn-pink-niacinamide-whip-cleanser-120ml\\\/\",\"name\":\"Sejas mazg\u0101\u0161anas putas ar PDRN medicube PDRN Pink Niacinamide Whip Cleanser 120ml - FACECORNER\",\"isPartOf\":{\"@id\":\"https:\\\/\\\/www.facecorner.lv\\\/#website\"},\"primaryImageOfPage\":{\"@id\":\"https:\\\/\\\/www.facecorner.lv\\\/shop\\\/sejas-mazgasanas-putas-ar-pdrn-medicube-pdrn-pink-niacinamide-whip-cleanser-120ml\\\/#primaryimage\"},\"image\":{\"@id\":\"https:\\\/\\\/www.facecorner.lv\\\/shop\\\/sejas-mazgasanas-putas-ar-pdrn-medicube-pdrn-pink-niacinamide-whip-cleanser-120ml\\\/#primaryimage\"},\"thumbnailUrl\":\"https:\\\/\\\/www.facecorner.lv\\\/wp-content\\\/uploads\\\/2025\\\/09\\\/68645d32890675434502c74a-medicube-pdrn-marshmallow-whip-cleanser.jpg\",\"datePublished\":\"2025-09-11T09:40:06+00:00\",\"dateModified\":\"2026-01-16T10:55:55+00:00\",\"description\":\"Medicube PDRN Pink Niacinamide Whip Cleanser\u00a0 dzi\u013ci att\u012bro\u0161s, bet maigs sejas mazg\u0101\u0161anas l\u012bdzeklis, kas apvieno efektivit\u0101ti un kop\u0161anu.\",\"breadcrumb\":{\"@id\":\"https:\\\/\\\/www.facecorner.lv\\\/shop\\\/sejas-mazgasanas-putas-ar-pdrn-medicube-pdrn-pink-niacinamide-whip-cleanser-120ml\\\/#breadcrumb\"},\"inLanguage\":\"lv-LV\",\"potentialAction\":[{\"@type\":\"ReadAction\",\"target\":[\"https:\\\/\\\/www.facecorner.lv\\\/shop\\\/sejas-mazgasanas-putas-ar-pdrn-medicube-pdrn-pink-niacinamide-whip-cleanser-120ml\\\/\"]}]},{\"@type\":\"ImageObject\",\"inLanguage\":\"lv-LV\",\"@id\":\"https:\\\/\\\/www.facecorner.lv\\\/shop\\\/sejas-mazgasanas-putas-ar-pdrn-medicube-pdrn-pink-niacinamide-whip-cleanser-120ml\\\/#primaryimage\",\"url\":\"https:\\\/\\\/www.facecorner.lv\\\/wp-content\\\/uploads\\\/2025\\\/09\\\/68645d32890675434502c74a-medicube-pdrn-marshmallow-whip-cleanser.jpg\",\"contentUrl\":\"https:\\\/\\\/www.facecorner.lv\\\/wp-content\\\/uploads\\\/2025\\\/09\\\/68645d32890675434502c74a-medicube-pdrn-marshmallow-whip-cleanser.jpg\",\"width\":1500,\"height\":1500,\"caption\":\"Medicube PDRN Pink Niacinamide Whip Cleanse\"},{\"@type\":\"BreadcrumbList\",\"@id\":\"https:\\\/\\\/www.facecorner.lv\\\/shop\\\/sejas-mazgasanas-putas-ar-pdrn-medicube-pdrn-pink-niacinamide-whip-cleanser-120ml\\\/#breadcrumb\",\"itemListElement\":[{\"@type\":\"ListItem\",\"position\":1,\"name\":\"Home\",\"item\":\"https:\\\/\\\/www.facecorner.lv\\\/\"},{\"@type\":\"ListItem\",\"position\":2,\"name\":\"Veikals\",\"item\":\"https:\\\/\\\/www.facecorner.lv\\\/shop\\\/\"},{\"@type\":\"ListItem\",\"position\":3,\"name\":\"Sejas mazg\u0101\u0161anas putas ar PDRN medicube PDRN Pink Niacinamide Whip Cleanser 120ml\"}]},{\"@type\":\"WebSite\",\"@id\":\"https:\\\/\\\/www.facecorner.lv\\\/#website\",\"url\":\"https:\\\/\\\/www.facecorner.lv\\\/\",\"name\":\"Facecorner\",\"description\":\"\",\"publisher\":{\"@id\":\"https:\\\/\\\/www.facecorner.lv\\\/#organization\"},\"potentialAction\":[{\"@type\":\"SearchAction\",\"target\":{\"@type\":\"EntryPoint\",\"urlTemplate\":\"https:\\\/\\\/www.facecorner.lv\\\/?s={search_term_string}\"},\"query-input\":{\"@type\":\"PropertyValueSpecification\",\"valueRequired\":true,\"valueName\":\"search_term_string\"}}],\"inLanguage\":\"lv-LV\"},{\"@type\":\"Organization\",\"@id\":\"https:\\\/\\\/www.facecorner.lv\\\/#organization\",\"name\":\"Facecorner\",\"url\":\"https:\\\/\\\/www.facecorner.lv\\\/\",\"logo\":{\"@type\":\"ImageObject\",\"inLanguage\":\"lv-LV\",\"@id\":\"https:\\\/\\\/www.facecorner.lv\\\/#\\\/schema\\\/logo\\\/image\\\/\",\"url\":\"https:\\\/\\\/www.facecorner.lv\\\/wp-content\\\/uploads\\\/2024\\\/04\\\/fc-logo.jpg\",\"contentUrl\":\"https:\\\/\\\/www.facecorner.lv\\\/wp-content\\\/uploads\\\/2024\\\/04\\\/fc-logo.jpg\",\"width\":174,\"height\":28,\"caption\":\"Facecorner\"},\"image\":{\"@id\":\"https:\\\/\\\/www.facecorner.lv\\\/#\\\/schema\\\/logo\\\/image\\\/\"},\"sameAs\":[\"https:\\\/\\\/www.facebook.com\\\/profile.php?id=100063824551839\",\"https:\\\/\\\/www.instagram.com\\\/facecorner_shop\\\/\"]}]}<\/script>\n<meta property=\"product:price:amount\" content=\"29.90\" \/>\n<meta property=\"product:price:currency\" content=\"EUR\" \/>\n<meta property=\"og:availability\" content=\"out of stock\" \/>\n<meta property=\"product:availability\" content=\"out of stock\" \/>\n<meta property=\"product:condition\" content=\"new\" \/>\n<!-- \/ Yoast SEO plugin. -->","yoast_head_json":{"title":"Sejas mazg\u0101\u0161anas putas ar PDRN medicube PDRN Pink Niacinamide Whip Cleanser 120ml - FACECORNER","description":"Medicube PDRN Pink Niacinamide Whip Cleanser\u00a0 dzi\u013ci att\u012bro\u0161s, bet maigs sejas mazg\u0101\u0161anas l\u012bdzeklis, kas apvieno efektivit\u0101ti un kop\u0161anu.","robots":{"index":"index","follow":"follow","max-snippet":"max-snippet:-1","max-image-preview":"max-image-preview:large","max-video-preview":"max-video-preview:-1"},"canonical":"https:\/\/www.facecorner.lv\/lv\/shop\/sejas-mazgasanas-putas-ar-pdrn-medicube-pdrn-pink-niacinamide-whip-cleanser-120ml\/","og_locale":"lv_LV","og_type":"article","og_title":"Sejas mazg\u0101\u0161anas putas ar PDRN medicube PDRN Pink Niacinamide Whip Cleanser 120ml - FACECORNER","og_description":"Medicube PDRN Pink Niacinamide Whip Cleanser\u00a0 dzi\u013ci att\u012bro\u0161s, bet maigs sejas mazg\u0101\u0161anas l\u012bdzeklis, kas apvieno efektivit\u0101ti un kop\u0161anu.","og_url":"https:\/\/www.facecorner.lv\/lv\/shop\/sejas-mazgasanas-putas-ar-pdrn-medicube-pdrn-pink-niacinamide-whip-cleanser-120ml\/","og_site_name":"FACECORNER","article_publisher":"https:\/\/www.facebook.com\/profile.php?id=100063824551839","article_modified_time":"2026-01-16T10:55:55+00:00","og_image":[{"width":1500,"height":1500,"url":"https:\/\/www.facecorner.lv\/wp-content\/uploads\/2025\/09\/68645d32890675434502c74a-medicube-pdrn-marshmallow-whip-cleanser.jpg","type":"image\/jpeg"}],"twitter_card":"summary_large_image","twitter_misc":{"Price":"&euro;29.90","Availability":"Out of stock"},"schema":{"@context":"https:\/\/schema.org","@graph":[{"@type":"WebPage","@id":"https:\/\/www.facecorner.lv\/shop\/sejas-mazgasanas-putas-ar-pdrn-medicube-pdrn-pink-niacinamide-whip-cleanser-120ml\/","url":"https:\/\/www.facecorner.lv\/shop\/sejas-mazgasanas-putas-ar-pdrn-medicube-pdrn-pink-niacinamide-whip-cleanser-120ml\/","name":"Sejas mazg\u0101\u0161anas putas ar PDRN medicube PDRN Pink Niacinamide Whip Cleanser 120ml - FACECORNER","isPartOf":{"@id":"https:\/\/www.facecorner.lv\/#website"},"primaryImageOfPage":{"@id":"https:\/\/www.facecorner.lv\/shop\/sejas-mazgasanas-putas-ar-pdrn-medicube-pdrn-pink-niacinamide-whip-cleanser-120ml\/#primaryimage"},"image":{"@id":"https:\/\/www.facecorner.lv\/shop\/sejas-mazgasanas-putas-ar-pdrn-medicube-pdrn-pink-niacinamide-whip-cleanser-120ml\/#primaryimage"},"thumbnailUrl":"https:\/\/www.facecorner.lv\/wp-content\/uploads\/2025\/09\/68645d32890675434502c74a-medicube-pdrn-marshmallow-whip-cleanser.jpg","datePublished":"2025-09-11T09:40:06+00:00","dateModified":"2026-01-16T10:55:55+00:00","description":"Medicube PDRN Pink Niacinamide Whip Cleanser\u00a0 dzi\u013ci att\u012bro\u0161s, bet maigs sejas mazg\u0101\u0161anas l\u012bdzeklis, kas apvieno efektivit\u0101ti un kop\u0161anu.","breadcrumb":{"@id":"https:\/\/www.facecorner.lv\/shop\/sejas-mazgasanas-putas-ar-pdrn-medicube-pdrn-pink-niacinamide-whip-cleanser-120ml\/#breadcrumb"},"inLanguage":"lv-LV","potentialAction":[{"@type":"ReadAction","target":["https:\/\/www.facecorner.lv\/shop\/sejas-mazgasanas-putas-ar-pdrn-medicube-pdrn-pink-niacinamide-whip-cleanser-120ml\/"]}]},{"@type":"ImageObject","inLanguage":"lv-LV","@id":"https:\/\/www.facecorner.lv\/shop\/sejas-mazgasanas-putas-ar-pdrn-medicube-pdrn-pink-niacinamide-whip-cleanser-120ml\/#primaryimage","url":"https:\/\/www.facecorner.lv\/wp-content\/uploads\/2025\/09\/68645d32890675434502c74a-medicube-pdrn-marshmallow-whip-cleanser.jpg","contentUrl":"https:\/\/www.facecorner.lv\/wp-content\/uploads\/2025\/09\/68645d32890675434502c74a-medicube-pdrn-marshmallow-whip-cleanser.jpg","width":1500,"height":1500,"caption":"Medicube PDRN Pink Niacinamide Whip Cleanse"},{"@type":"BreadcrumbList","@id":"https:\/\/www.facecorner.lv\/shop\/sejas-mazgasanas-putas-ar-pdrn-medicube-pdrn-pink-niacinamide-whip-cleanser-120ml\/#breadcrumb","itemListElement":[{"@type":"ListItem","position":1,"name":"Home","item":"https:\/\/www.facecorner.lv\/"},{"@type":"ListItem","position":2,"name":"Veikals","item":"https:\/\/www.facecorner.lv\/shop\/"},{"@type":"ListItem","position":3,"name":"Sejas mazg\u0101\u0161anas putas ar PDRN medicube PDRN Pink Niacinamide Whip Cleanser 120ml"}]},{"@type":"WebSite","@id":"https:\/\/www.facecorner.lv\/#website","url":"https:\/\/www.facecorner.lv\/","name":"Facecorner","description":"","publisher":{"@id":"https:\/\/www.facecorner.lv\/#organization"},"potentialAction":[{"@type":"SearchAction","target":{"@type":"EntryPoint","urlTemplate":"https:\/\/www.facecorner.lv\/?s={search_term_string}"},"query-input":{"@type":"PropertyValueSpecification","valueRequired":true,"valueName":"search_term_string"}}],"inLanguage":"lv-LV"},{"@type":"Organization","@id":"https:\/\/www.facecorner.lv\/#organization","name":"Facecorner","url":"https:\/\/www.facecorner.lv\/","logo":{"@type":"ImageObject","inLanguage":"lv-LV","@id":"https:\/\/www.facecorner.lv\/#\/schema\/logo\/image\/","url":"https:\/\/www.facecorner.lv\/wp-content\/uploads\/2024\/04\/fc-logo.jpg","contentUrl":"https:\/\/www.facecorner.lv\/wp-content\/uploads\/2024\/04\/fc-logo.jpg","width":174,"height":28,"caption":"Facecorner"},"image":{"@id":"https:\/\/www.facecorner.lv\/#\/schema\/logo\/image\/"},"sameAs":["https:\/\/www.facebook.com\/profile.php?id=100063824551839","https:\/\/www.instagram.com\/facecorner_shop\/"]}]},"product_price_amount":"29.90","product_price_currency":"EUR","og_availability":"out of stock","product_availability":"out of stock","product_condition":"new"},"_links":{"self":[{"href":"https:\/\/www.facecorner.lv\/lv\/wp-json\/wp\/v2\/product\/25238","targetHints":{"allow":["GET"]}}],"collection":[{"href":"https:\/\/www.facecorner.lv\/lv\/wp-json\/wp\/v2\/product"}],"about":[{"href":"https:\/\/www.facecorner.lv\/lv\/wp-json\/wp\/v2\/types\/product"}],"replies":[{"embeddable":true,"href":"https:\/\/www.facecorner.lv\/lv\/wp-json\/wp\/v2\/comments?post=25238"}],"wp:featuredmedia":[{"embeddable":true,"href":"https:\/\/www.facecorner.lv\/lv\/wp-json\/wp\/v2\/media\/25239"}],"wp:attachment":[{"href":"https:\/\/www.facecorner.lv\/lv\/wp-json\/wp\/v2\/media?parent=25238"}],"wp:term":[{"taxonomy":"product_brand","embeddable":true,"href":"https:\/\/www.facecorner.lv\/lv\/wp-json\/wp\/v2\/product_brand?post=25238"},{"taxonomy":"product_cat","embeddable":true,"href":"https:\/\/www.facecorner.lv\/lv\/wp-json\/wp\/v2\/product_cat?post=25238"},{"taxonomy":"product_tag","embeddable":true,"href":"https:\/\/www.facecorner.lv\/lv\/wp-json\/wp\/v2\/product_tag?post=25238"},{"taxonomy":"berocket_brand","embeddable":true,"href":"https:\/\/www.facecorner.lv\/lv\/wp-json\/wp\/v2\/berocket_brand?post=25238"}],"curies":[{"name":"wp","href":"https:\/\/api.w.org\/{rel}","templated":true}]}}