{"id":25223,"date":"2025-09-10T14:48:55","date_gmt":"2025-09-10T11:48:55","guid":{"rendered":"https:\/\/www.facecorner.lv\/?post_type=product&#038;p=25223"},"modified":"2026-04-11T14:34:51","modified_gmt":"2026-04-11T11:34:51","slug":"sungboon-editor-silk-peptide-intensive-lifting-ampoule-35ml","status":"publish","type":"product","link":"https:\/\/www.facecorner.lv\/lv\/shop\/sungboon-editor-silk-peptide-intensive-lifting-ampoule-35ml\/","title":{"rendered":"SUNGBOON EDITOR Silk Peptide Intensive Lifting Ampoule 35ml"},"content":{"rendered":"<p>SUNGBOON EDITOR Silk Peptide Intensive Lifting Ampoule ar sp\u0113c\u012bgu pept\u012bdu un kolag\u0113na kompleksu elast\u012bgai, stingrai un mirdzo\u0161ai \u0101dai.<\/p>\n<p><strong>Galven\u0101s iedarb\u012bbas:<\/strong><\/p>\n<p>Tr\u012bsk\u0101r\u0161s liftinga efekts vien\u0101 flakon\u0101:<\/p>\n<ul>\n<li>Silk Peptides \u2014 \u0101tri uzs\u016bco\u0161ies pept\u012bdi no z\u012bda, nodro\u0161ina toniz\u0113jo\u0161u un elast\u012bbu palielino\u0161u efektu, bag\u0101tinot \u0101du ar barojo\u0161\u0101m aminosk\u0101b\u0113m.<\/li>\n<li>13 bioakt\u012bvo pept\u012bdu komplekss (ieskaitot acetilheksapept\u012bdu-8 un vara tripept\u012bdu-1) ir paredz\u0113ts dzi\u013cai grumbu izl\u012bdzin\u0101\u0161anai un kolag\u0113na un elast\u012bna ra\u017eo\u0161anas stimul\u0113\u0161anai.<\/li>\n<li>Dubult\u0101 kolag\u0113na (augstas un zemas molekulmasas) pilda gan virspus\u0113j\u0101s, gan dzi\u013c\u0101k\u0101s grumbi\u0146as.<\/li>\n<li>Volufiline\u2122 (augu izcelsmes) atjauno \u0101das apjomu un elast\u012bbu vaigu, deguna un l\u016bpu kr\u016b\u0161u zon\u0101 utt.<\/li>\n<\/ul>\n<p><strong>Intens\u012bva mitrin\u0101\u0161ana un m\u012bkstin\u0101\u0161ana:<\/strong><br \/>\nFormula ar 5 veidu hialuronsk\u0101bi, skval\u0101nu, niac\u012bnam\u012bdu un Centella asiatica nodro\u0161ina dzi\u013cu un ilgsto\u0161u mitrin\u0101\u0161anu (l\u012bdz 72 stund\u0101m), k\u0101 ar\u012b uztur \u0101das barjerfunkciju un pie\u0161\u0137ir tai mirdzumu.<\/p>\n<p><strong>Lieto\u0161ana<\/strong>:<\/p>\n<ol>\n<li>No\u0146emiet ampulas caursp\u012bd\u012bgo v\u0101ci\u0146u.<\/li>\n<li>Ievietojiet met\u0101la aplikatoru-\u0161\u013circi, nolieciet flakonu un uzs\u016bciet nepiecie\u0161amo daudzumu l\u012bdzek\u013ca.<\/li>\n<li>Uzkl\u0101jiet uz zon\u0101m, kur\u0101m nepiecie\u0161ams liftinga efekts (pier\u0113, acu zona, vaigi, deguna un l\u016bpu kr\u016b\u0161u zonas, zods), mas\u0113jot uz aug\u0161u un izl\u012bdzinot \u0101du.<\/li>\n<li>P\u0113c lieto\u0161anas atst\u0101jiet \u0161\u013circi piestiprin\u0101tu \u2014 tas nodro\u0161in\u0101s higi\u0113nisku uzglab\u0101\u0161anu.<\/li>\n<\/ol>\n<p><strong>Sast\u0101vs:<\/strong> Silk Extract, 1,2-Hexanediol, Ethylhexylglycerin, Water, Butylene Glycol, Glycerin, Methylpropanediol, Chondrus Crispus Powder, Agar, Acrylates\/C10-30 Alkyl Acrylate Crosspolymer, Tromethamine, Synthetic Fluorphlogopite, Titanium Dioxide(CI 77891), Iron Oxides(CI 77491), Mica, Gellan Gum, Tin Oxide, Hydrolyzed Collagen, Niacinamide, Carbomer, PPG-13-Decyltetradeceth-24, Tocopherol, sh-Decapeptide-7, sh-Octapeptide-4, sh-Oligopeptide-9, sh-Pentapeptide-19, Caffeoyl Hexapeptide-65, Hydroxyethylcellulose, Adenosine, Disodium EDTA, Betaine, Houttuynia Cordata Extract, Centella Asiatica Extract, Caprylyl Glycol, Palmitoyl Pentapeptide-4, Acetyl Hexapeptide-8, Copper Tripeptide-1, Panthenol, Propanediol, Benzyl Glycol, Hydrolyzed Glycosaminoglycans, Sodium Hyaluronate, Sodium Hyaluronate Crosspolymer, Hydrolyzed Hyaluronic Acid, Hydroxypropyltrimonium Hyaluronate, Hyaluronic Acid, Sodium Acetylated Hyaluronate, Lecithin, Acetyl Glutamine, Bacillus\/Folic Acid\/Soybean Ferment Extract, sh-Oligopeptide-1, sh-Oligopeptide-2, sh-Polypeptide-1, sh-Polypeptide-11, sh-Polypeptide-9, Collagen, Artemisia Capillaris Extract, Hydrolyzed Elastin, Phenoxyethanol, Magnesium Ascorbyl Phosphate, Gold, Hydrogenated Polyisobutene, Anemarrhena Asphodeloides Root Extract, Squalane<\/p>\n","protected":false},"excerpt":{"rendered":"<p>SUNGBOON EDITOR Silk Peptide Intensive Lifting Ampoule ar sp\u0113c\u012bgu pept\u012bdu un kolag\u0113na kompleksu elast\u012bgai, stingrai un mirdzo\u0161ai \u0101dai.<\/p>\n","protected":false},"featured_media":25224,"comment_status":"open","ping_status":"closed","template":"","meta":{"site-sidebar-layout":"default","site-content-layout":"","ast-site-content-layout":"default","site-content-style":"default","site-sidebar-style":"default","ast-global-header-display":"","ast-banner-title-visibility":"","ast-main-header-display":"","ast-hfb-above-header-display":"","ast-hfb-below-header-display":"","ast-hfb-mobile-header-display":"","site-post-title":"","ast-breadcrumbs-content":"","ast-featured-img":"","footer-sml-layout":"","theme-transparent-header-meta":"default","adv-header-id-meta":"","stick-header-meta":"","header-above-stick-meta":"","header-main-stick-meta":"","header-below-stick-meta":"","astra-migrate-meta-layouts":"set","ast-page-background-enabled":"default","ast-page-background-meta":{"desktop":{"background-color":"var(--ast-global-color-4)","background-image":"","background-repeat":"repeat","background-position":"center center","background-size":"auto","background-attachment":"scroll","background-type":"","background-media":"","overlay-type":"","overlay-color":"","overlay-opacity":"","overlay-gradient":""},"tablet":{"background-color":"","background-image":"","background-repeat":"repeat","background-position":"center center","background-size":"auto","background-attachment":"scroll","background-type":"","background-media":"","overlay-type":"","overlay-color":"","overlay-opacity":"","overlay-gradient":""},"mobile":{"background-color":"","background-image":"","background-repeat":"repeat","background-position":"center center","background-size":"auto","background-attachment":"scroll","background-type":"","background-media":"","overlay-type":"","overlay-color":"","overlay-opacity":"","overlay-gradient":""}},"ast-content-background-meta":{"desktop":{"background-color":"var(--ast-global-color-5)","background-image":"","background-repeat":"repeat","background-position":"center center","background-size":"auto","background-attachment":"scroll","background-type":"","background-media":"","overlay-type":"","overlay-color":"","overlay-opacity":"","overlay-gradient":""},"tablet":{"background-color":"var(--ast-global-color-5)","background-image":"","background-repeat":"repeat","background-position":"center center","background-size":"auto","background-attachment":"scroll","background-type":"","background-media":"","overlay-type":"","overlay-color":"","overlay-opacity":"","overlay-gradient":""},"mobile":{"background-color":"var(--ast-global-color-5)","background-image":"","background-repeat":"repeat","background-position":"center center","background-size":"auto","background-attachment":"scroll","background-type":"","background-media":"","overlay-type":"","overlay-color":"","overlay-opacity":"","overlay-gradient":""}}},"product_brand":[],"product_cat":[371,511,363],"product_tag":[],"berocket_brand":[651],"class_list":{"0":"post-25223","1":"product","2":"type-product","3":"status-publish","4":"has-post-thumbnail","6":"product_cat-anti-age","7":"product_cat-atlaides","8":"product_cat-serumi","9":"berocket_brand-sungboon-editor","10":"desktop-align-left","11":"tablet-align-left","12":"mobile-align-left","14":"first","15":"outofstock","16":"sale","17":"taxable","18":"shipping-taxable","19":"purchasable","20":"product-type-simple","21":"add-to-wishlist-before_image"},"yoast_head":"<!-- This site is optimized with the Yoast SEO plugin v27.3 - https:\/\/yoast.com\/product\/yoast-seo-wordpress\/ -->\n<title>SUNGBOON EDITOR Silk Peptide Intensive Lifting Ampoule 35ml - FACECORNER<\/title>\n<meta name=\"description\" content=\"SUNGBOON EDITOR Silk Peptide Intensive Lifting Ampoule ar sp\u0113c\u012bgu pept\u012bdu un kolag\u0113na kompleksu elast\u012bgai, stingrai un mirdzo\u0161ai \u0101dai.\" \/>\n<meta name=\"robots\" content=\"index, follow, max-snippet:-1, max-image-preview:large, max-video-preview:-1\" \/>\n<link rel=\"canonical\" href=\"https:\/\/www.facecorner.lv\/lv\/shop\/sungboon-editor-silk-peptide-intensive-lifting-ampoule-35ml\/\" \/>\n<meta property=\"og:locale\" content=\"lv_LV\" \/>\n<meta property=\"og:type\" content=\"article\" \/>\n<meta property=\"og:title\" content=\"SUNGBOON EDITOR Silk Peptide Intensive Lifting Ampoule 35ml - FACECORNER\" \/>\n<meta property=\"og:description\" content=\"SUNGBOON EDITOR Silk Peptide Intensive Lifting Ampoule ar sp\u0113c\u012bgu pept\u012bdu un kolag\u0113na kompleksu elast\u012bgai, stingrai un mirdzo\u0161ai \u0101dai.\" \/>\n<meta property=\"og:url\" content=\"https:\/\/www.facecorner.lv\/lv\/shop\/sungboon-editor-silk-peptide-intensive-lifting-ampoule-35ml\/\" \/>\n<meta property=\"og:site_name\" content=\"FACECORNER\" \/>\n<meta property=\"article:publisher\" content=\"https:\/\/www.facebook.com\/profile.php?id=100063824551839\" \/>\n<meta property=\"article:modified_time\" content=\"2026-04-11T11:34:51+00:00\" \/>\n<meta property=\"og:image\" content=\"https:\/\/www.facecorner.lv\/wp-content\/uploads\/2025\/09\/uuv.jpg\" \/>\n\t<meta property=\"og:image:width\" content=\"1000\" \/>\n\t<meta property=\"og:image:height\" content=\"1000\" \/>\n\t<meta property=\"og:image:type\" content=\"image\/jpeg\" \/>\n<meta name=\"twitter:card\" content=\"summary_large_image\" \/>\n<meta name=\"twitter:label1\" content=\"Price\" \/>\n\t<meta name=\"twitter:data1\" content=\"&euro;29.90\" \/>\n\t<meta name=\"twitter:label2\" content=\"Availability\" \/>\n\t<meta name=\"twitter:data2\" content=\"Out of stock\" \/>\n<script type=\"application\/ld+json\" class=\"yoast-schema-graph\">{\"@context\":\"https:\\\/\\\/schema.org\",\"@graph\":[{\"@type\":\"WebPage\",\"@id\":\"https:\\\/\\\/www.facecorner.lv\\\/shop\\\/sungboon-editor-silk-peptide-intensive-lifting-ampoule-35ml\\\/\",\"url\":\"https:\\\/\\\/www.facecorner.lv\\\/shop\\\/sungboon-editor-silk-peptide-intensive-lifting-ampoule-35ml\\\/\",\"name\":\"SUNGBOON EDITOR Silk Peptide Intensive Lifting Ampoule 35ml - FACECORNER\",\"isPartOf\":{\"@id\":\"https:\\\/\\\/www.facecorner.lv\\\/#website\"},\"primaryImageOfPage\":{\"@id\":\"https:\\\/\\\/www.facecorner.lv\\\/shop\\\/sungboon-editor-silk-peptide-intensive-lifting-ampoule-35ml\\\/#primaryimage\"},\"image\":{\"@id\":\"https:\\\/\\\/www.facecorner.lv\\\/shop\\\/sungboon-editor-silk-peptide-intensive-lifting-ampoule-35ml\\\/#primaryimage\"},\"thumbnailUrl\":\"https:\\\/\\\/www.facecorner.lv\\\/wp-content\\\/uploads\\\/2025\\\/09\\\/uuv.jpg\",\"datePublished\":\"2025-09-10T11:48:55+00:00\",\"dateModified\":\"2026-04-11T11:34:51+00:00\",\"description\":\"SUNGBOON EDITOR Silk Peptide Intensive Lifting Ampoule ar sp\u0113c\u012bgu pept\u012bdu un kolag\u0113na kompleksu elast\u012bgai, stingrai un mirdzo\u0161ai \u0101dai.\",\"breadcrumb\":{\"@id\":\"https:\\\/\\\/www.facecorner.lv\\\/shop\\\/sungboon-editor-silk-peptide-intensive-lifting-ampoule-35ml\\\/#breadcrumb\"},\"inLanguage\":\"lv-LV\",\"potentialAction\":[{\"@type\":\"ReadAction\",\"target\":[\"https:\\\/\\\/www.facecorner.lv\\\/shop\\\/sungboon-editor-silk-peptide-intensive-lifting-ampoule-35ml\\\/\"]}]},{\"@type\":\"ImageObject\",\"inLanguage\":\"lv-LV\",\"@id\":\"https:\\\/\\\/www.facecorner.lv\\\/shop\\\/sungboon-editor-silk-peptide-intensive-lifting-ampoule-35ml\\\/#primaryimage\",\"url\":\"https:\\\/\\\/www.facecorner.lv\\\/wp-content\\\/uploads\\\/2025\\\/09\\\/uuv.jpg\",\"contentUrl\":\"https:\\\/\\\/www.facecorner.lv\\\/wp-content\\\/uploads\\\/2025\\\/09\\\/uuv.jpg\",\"width\":1000,\"height\":1000,\"caption\":\"SUNGBOON EDITOR Silk Peptide Intensive Lifting Ampoule\"},{\"@type\":\"BreadcrumbList\",\"@id\":\"https:\\\/\\\/www.facecorner.lv\\\/shop\\\/sungboon-editor-silk-peptide-intensive-lifting-ampoule-35ml\\\/#breadcrumb\",\"itemListElement\":[{\"@type\":\"ListItem\",\"position\":1,\"name\":\"Home\",\"item\":\"https:\\\/\\\/www.facecorner.lv\\\/\"},{\"@type\":\"ListItem\",\"position\":2,\"name\":\"Veikals\",\"item\":\"https:\\\/\\\/www.facecorner.lv\\\/shop\\\/\"},{\"@type\":\"ListItem\",\"position\":3,\"name\":\"SUNGBOON EDITOR Silk Peptide Intensive Lifting Ampoule 35ml\"}]},{\"@type\":\"WebSite\",\"@id\":\"https:\\\/\\\/www.facecorner.lv\\\/#website\",\"url\":\"https:\\\/\\\/www.facecorner.lv\\\/\",\"name\":\"Facecorner\",\"description\":\"\",\"publisher\":{\"@id\":\"https:\\\/\\\/www.facecorner.lv\\\/#organization\"},\"potentialAction\":[{\"@type\":\"SearchAction\",\"target\":{\"@type\":\"EntryPoint\",\"urlTemplate\":\"https:\\\/\\\/www.facecorner.lv\\\/?s={search_term_string}\"},\"query-input\":{\"@type\":\"PropertyValueSpecification\",\"valueRequired\":true,\"valueName\":\"search_term_string\"}}],\"inLanguage\":\"lv-LV\"},{\"@type\":\"Organization\",\"@id\":\"https:\\\/\\\/www.facecorner.lv\\\/#organization\",\"name\":\"Facecorner\",\"url\":\"https:\\\/\\\/www.facecorner.lv\\\/\",\"logo\":{\"@type\":\"ImageObject\",\"inLanguage\":\"lv-LV\",\"@id\":\"https:\\\/\\\/www.facecorner.lv\\\/#\\\/schema\\\/logo\\\/image\\\/\",\"url\":\"https:\\\/\\\/www.facecorner.lv\\\/wp-content\\\/uploads\\\/2024\\\/04\\\/fc-logo.jpg\",\"contentUrl\":\"https:\\\/\\\/www.facecorner.lv\\\/wp-content\\\/uploads\\\/2024\\\/04\\\/fc-logo.jpg\",\"width\":174,\"height\":28,\"caption\":\"Facecorner\"},\"image\":{\"@id\":\"https:\\\/\\\/www.facecorner.lv\\\/#\\\/schema\\\/logo\\\/image\\\/\"},\"sameAs\":[\"https:\\\/\\\/www.facebook.com\\\/profile.php?id=100063824551839\",\"https:\\\/\\\/www.instagram.com\\\/facecorner_shop\\\/\"]}]}<\/script>\n<meta property=\"product:price:amount\" content=\"29.90\" \/>\n<meta property=\"product:price:currency\" content=\"EUR\" \/>\n<meta property=\"og:availability\" content=\"out of stock\" \/>\n<meta property=\"product:availability\" content=\"out of stock\" \/>\n<meta property=\"product:condition\" content=\"new\" \/>\n<!-- \/ Yoast SEO plugin. -->","yoast_head_json":{"title":"SUNGBOON EDITOR Silk Peptide Intensive Lifting Ampoule 35ml - FACECORNER","description":"SUNGBOON EDITOR Silk Peptide Intensive Lifting Ampoule ar sp\u0113c\u012bgu pept\u012bdu un kolag\u0113na kompleksu elast\u012bgai, stingrai un mirdzo\u0161ai \u0101dai.","robots":{"index":"index","follow":"follow","max-snippet":"max-snippet:-1","max-image-preview":"max-image-preview:large","max-video-preview":"max-video-preview:-1"},"canonical":"https:\/\/www.facecorner.lv\/lv\/shop\/sungboon-editor-silk-peptide-intensive-lifting-ampoule-35ml\/","og_locale":"lv_LV","og_type":"article","og_title":"SUNGBOON EDITOR Silk Peptide Intensive Lifting Ampoule 35ml - FACECORNER","og_description":"SUNGBOON EDITOR Silk Peptide Intensive Lifting Ampoule ar sp\u0113c\u012bgu pept\u012bdu un kolag\u0113na kompleksu elast\u012bgai, stingrai un mirdzo\u0161ai \u0101dai.","og_url":"https:\/\/www.facecorner.lv\/lv\/shop\/sungboon-editor-silk-peptide-intensive-lifting-ampoule-35ml\/","og_site_name":"FACECORNER","article_publisher":"https:\/\/www.facebook.com\/profile.php?id=100063824551839","article_modified_time":"2026-04-11T11:34:51+00:00","og_image":[{"width":1000,"height":1000,"url":"https:\/\/www.facecorner.lv\/wp-content\/uploads\/2025\/09\/uuv.jpg","type":"image\/jpeg"}],"twitter_card":"summary_large_image","twitter_misc":{"Price":"&euro;29.90","Availability":"Out of stock"},"schema":{"@context":"https:\/\/schema.org","@graph":[{"@type":"WebPage","@id":"https:\/\/www.facecorner.lv\/shop\/sungboon-editor-silk-peptide-intensive-lifting-ampoule-35ml\/","url":"https:\/\/www.facecorner.lv\/shop\/sungboon-editor-silk-peptide-intensive-lifting-ampoule-35ml\/","name":"SUNGBOON EDITOR Silk Peptide Intensive Lifting Ampoule 35ml - FACECORNER","isPartOf":{"@id":"https:\/\/www.facecorner.lv\/#website"},"primaryImageOfPage":{"@id":"https:\/\/www.facecorner.lv\/shop\/sungboon-editor-silk-peptide-intensive-lifting-ampoule-35ml\/#primaryimage"},"image":{"@id":"https:\/\/www.facecorner.lv\/shop\/sungboon-editor-silk-peptide-intensive-lifting-ampoule-35ml\/#primaryimage"},"thumbnailUrl":"https:\/\/www.facecorner.lv\/wp-content\/uploads\/2025\/09\/uuv.jpg","datePublished":"2025-09-10T11:48:55+00:00","dateModified":"2026-04-11T11:34:51+00:00","description":"SUNGBOON EDITOR Silk Peptide Intensive Lifting Ampoule ar sp\u0113c\u012bgu pept\u012bdu un kolag\u0113na kompleksu elast\u012bgai, stingrai un mirdzo\u0161ai \u0101dai.","breadcrumb":{"@id":"https:\/\/www.facecorner.lv\/shop\/sungboon-editor-silk-peptide-intensive-lifting-ampoule-35ml\/#breadcrumb"},"inLanguage":"lv-LV","potentialAction":[{"@type":"ReadAction","target":["https:\/\/www.facecorner.lv\/shop\/sungboon-editor-silk-peptide-intensive-lifting-ampoule-35ml\/"]}]},{"@type":"ImageObject","inLanguage":"lv-LV","@id":"https:\/\/www.facecorner.lv\/shop\/sungboon-editor-silk-peptide-intensive-lifting-ampoule-35ml\/#primaryimage","url":"https:\/\/www.facecorner.lv\/wp-content\/uploads\/2025\/09\/uuv.jpg","contentUrl":"https:\/\/www.facecorner.lv\/wp-content\/uploads\/2025\/09\/uuv.jpg","width":1000,"height":1000,"caption":"SUNGBOON EDITOR Silk Peptide Intensive Lifting Ampoule"},{"@type":"BreadcrumbList","@id":"https:\/\/www.facecorner.lv\/shop\/sungboon-editor-silk-peptide-intensive-lifting-ampoule-35ml\/#breadcrumb","itemListElement":[{"@type":"ListItem","position":1,"name":"Home","item":"https:\/\/www.facecorner.lv\/"},{"@type":"ListItem","position":2,"name":"Veikals","item":"https:\/\/www.facecorner.lv\/shop\/"},{"@type":"ListItem","position":3,"name":"SUNGBOON EDITOR Silk Peptide Intensive Lifting Ampoule 35ml"}]},{"@type":"WebSite","@id":"https:\/\/www.facecorner.lv\/#website","url":"https:\/\/www.facecorner.lv\/","name":"Facecorner","description":"","publisher":{"@id":"https:\/\/www.facecorner.lv\/#organization"},"potentialAction":[{"@type":"SearchAction","target":{"@type":"EntryPoint","urlTemplate":"https:\/\/www.facecorner.lv\/?s={search_term_string}"},"query-input":{"@type":"PropertyValueSpecification","valueRequired":true,"valueName":"search_term_string"}}],"inLanguage":"lv-LV"},{"@type":"Organization","@id":"https:\/\/www.facecorner.lv\/#organization","name":"Facecorner","url":"https:\/\/www.facecorner.lv\/","logo":{"@type":"ImageObject","inLanguage":"lv-LV","@id":"https:\/\/www.facecorner.lv\/#\/schema\/logo\/image\/","url":"https:\/\/www.facecorner.lv\/wp-content\/uploads\/2024\/04\/fc-logo.jpg","contentUrl":"https:\/\/www.facecorner.lv\/wp-content\/uploads\/2024\/04\/fc-logo.jpg","width":174,"height":28,"caption":"Facecorner"},"image":{"@id":"https:\/\/www.facecorner.lv\/#\/schema\/logo\/image\/"},"sameAs":["https:\/\/www.facebook.com\/profile.php?id=100063824551839","https:\/\/www.instagram.com\/facecorner_shop\/"]}]},"product_price_amount":"29.90","product_price_currency":"EUR","og_availability":"out of stock","product_availability":"out of stock","product_condition":"new"},"_links":{"self":[{"href":"https:\/\/www.facecorner.lv\/lv\/wp-json\/wp\/v2\/product\/25223","targetHints":{"allow":["GET"]}}],"collection":[{"href":"https:\/\/www.facecorner.lv\/lv\/wp-json\/wp\/v2\/product"}],"about":[{"href":"https:\/\/www.facecorner.lv\/lv\/wp-json\/wp\/v2\/types\/product"}],"replies":[{"embeddable":true,"href":"https:\/\/www.facecorner.lv\/lv\/wp-json\/wp\/v2\/comments?post=25223"}],"wp:featuredmedia":[{"embeddable":true,"href":"https:\/\/www.facecorner.lv\/lv\/wp-json\/wp\/v2\/media\/25224"}],"wp:attachment":[{"href":"https:\/\/www.facecorner.lv\/lv\/wp-json\/wp\/v2\/media?parent=25223"}],"wp:term":[{"taxonomy":"product_brand","embeddable":true,"href":"https:\/\/www.facecorner.lv\/lv\/wp-json\/wp\/v2\/product_brand?post=25223"},{"taxonomy":"product_cat","embeddable":true,"href":"https:\/\/www.facecorner.lv\/lv\/wp-json\/wp\/v2\/product_cat?post=25223"},{"taxonomy":"product_tag","embeddable":true,"href":"https:\/\/www.facecorner.lv\/lv\/wp-json\/wp\/v2\/product_tag?post=25223"},{"taxonomy":"berocket_brand","embeddable":true,"href":"https:\/\/www.facecorner.lv\/lv\/wp-json\/wp\/v2\/berocket_brand?post=25223"}],"curies":[{"name":"wp","href":"https:\/\/api.w.org\/{rel}","templated":true}]}}