{"id":25212,"date":"2025-09-10T14:10:55","date_gmt":"2025-09-10T11:10:55","guid":{"rendered":"https:\/\/www.facecorner.lv\/?post_type=product&#038;p=25212"},"modified":"2026-04-30T19:10:36","modified_gmt":"2026-04-30T16:10:36","slug":"sungboon-editor-green-tomato-pore-lifting-ampoule-30ml","status":"publish","type":"product","link":"https:\/\/www.facecorner.lv\/lv\/shop\/sungboon-editor-green-tomato-pore-lifting-ampoule-30ml\/","title":{"rendered":"SUNGBOON EDITOR Green Tomato Pore Lifting Ampoule  30ml"},"content":{"rendered":"<p>SUNGBOON EDITOR Green Tomato Pore Lifting Ampoule \u00a0serums ar za\u013cajiem tom\u0101tiem poru pacel\u0161anai un sa\u0161aurin\u0101\u0161anai.<\/p>\n<p>Intens\u012bva ampula ar za\u013co tom\u0101tu ekstraktu ir rad\u012bta tiem, kuri sap\u0146o par gludu, elast\u012bgu \u0101du un neman\u0101m\u0101m por\u0101m.<\/p>\n<p>Formula ir paredz\u0113ta \u0101das stiprin\u0101\u0161anai, sebuma ra\u017eo\u0161anas kontrolei un papla\u0161in\u0101tu poru sa\u0161aurin\u0101\u0161anai. Akt\u012bv\u0101s sast\u0101vda\u013cas stimul\u0113 kolag\u0113na ra\u017eo\u0161anu un pie\u0161\u0137ir \u0101dai liftinga efektu, padarot to elast\u012bg\u0101ku un stingr\u0101ku.<\/p>\n<p><strong>Galven\u0101s priek\u0161roc\u012bbas:<\/strong><\/p>\n<ul>\n<li>Za\u013co tom\u0101tu ekstrakts \u2013 sa\u0161aurina poras un regul\u0113 sebuma izdal\u012b\u0161anos.<\/li>\n<li>\u00a0Liftinga efekts un \u0101das elast\u012bbas uzlabo\u0161ana.<\/li>\n<li>\u00a0Mitrin\u0101\u0161ana bez smaguma saj\u016btas.<\/li>\n<li>\u00a0Gluda, vienm\u0113r\u012bga \u0101das tekst\u016bra.<\/li>\n<li><strong>\u00a0Ide\u0101li piem\u0113rots taukainai un jaukta tipa \u0101dai.<\/strong><\/li>\n<\/ul>\n<p><strong>Lieto\u0161ana: <\/strong>P\u0113c tonika uzkl\u0101jiet 2\u20133 pilienus uz t\u012bras sejas \u0101das. Ar viegliem kust\u012bb\u0101m izl\u012bdziniet pa \u0101du, l\u012bdz piln\u012bb\u0101 ies\u016bcies. Ieteicams lietot katru dienu no r\u012bta un\/vai vakar\u0101.<\/p>\n<p><strong>Sast\u0101vs<\/strong>: Water, Butylene Glycol, Glycerin, Xylitol, 1,2-Hexanediol, Dipropylene Glycol, Niacinamide, Alcohol, Trehalose, Xanthan Gum, C12-13 Pareth-9, Carbomer, Dipotassium Glycyrrhizate, Tromethamine, Allantoin, Polymethylsilsesquioxane, Sodium Citrate, Ethylhexylglycerin, Adenosine, Melia Azadirachta Leaf Extract, Melia Azadirachta Flower Extract, Styrene\/Acrylates Copolymer, Disodium EDTA, Solanum Lycopersicum (Tomato) Fruit Extract, Gluconolactone, Hydrolyzed Collagen, Panthenol, Coccinia Indica Fruit Extract, Amber Powder, Solanum Melongena (Eggplant) Fruit Extract, Curcuma Longa (Turmeric) Root Extract, Ocimum Sanctum Leaf Extract, Corallina Officinalis Extract, Moringa Oleifera Seed Oil, Sodium Hyaluronate, Hydrogenated Lecithin, Hyaluronic Acid, Hydrogenated Polyisobutene, Hydrolyzed Hyaluronic Acid, Hydroxypropyltrimonium Hyaluronate, Sodium Hyaluronate Crosspolymer, Benzyl Glycol, Ceramide NP, Tocopherol, Bellis Perennis (Daisy) Flower Extract, Oenothera Biennis (Evening Primrose) Flower Extract, Pinus Palustris Leaf Extract, Pueraria Lobata Root Extract, Ulmus Davidiana Root Extract, Phenethyl Alcohol, Raspberry Ketone, Sodium Chloride, Anemarrhena Asphodeloides Root Extract, Disodium Phosphate, Potassium Chloride, Potassium Phosphate, Methyldihydrojasmonate, Ethyl Linalool, Ethylene Brassylate, Linalyl Acetate, Eucalyptol, 2-t-Butylcyclohexyl Acetate, Methylenedioxyphenyl Methylpropanal, Hexenyl Acetate, 2,4-Dimethyl-3-Cyclohexene Carboxaldehyde, 3-Hexenol<\/p>\n","protected":false},"excerpt":{"rendered":"<p>SUNGBOON EDITOR Green Tomato Pore Lifting Ampoule \u00a0serums ar za\u013cajiem tom\u0101tiem poru pacel\u0161anai un sa\u0161aurin\u0101\u0161anai.<\/p>\n","protected":false},"featured_media":25213,"comment_status":"open","ping_status":"closed","template":"","meta":{"site-sidebar-layout":"default","site-content-layout":"","ast-site-content-layout":"default","site-content-style":"default","site-sidebar-style":"default","ast-global-header-display":"","ast-banner-title-visibility":"","ast-main-header-display":"","ast-hfb-above-header-display":"","ast-hfb-below-header-display":"","ast-hfb-mobile-header-display":"","site-post-title":"","ast-breadcrumbs-content":"","ast-featured-img":"","footer-sml-layout":"","theme-transparent-header-meta":"default","adv-header-id-meta":"","stick-header-meta":"","header-above-stick-meta":"","header-main-stick-meta":"","header-below-stick-meta":"","astra-migrate-meta-layouts":"set","ast-page-background-enabled":"default","ast-page-background-meta":{"desktop":{"background-color":"var(--ast-global-color-4)","background-image":"","background-repeat":"repeat","background-position":"center center","background-size":"auto","background-attachment":"scroll","background-type":"","background-media":"","overlay-type":"","overlay-color":"","overlay-opacity":"","overlay-gradient":""},"tablet":{"background-color":"","background-image":"","background-repeat":"repeat","background-position":"center center","background-size":"auto","background-attachment":"scroll","background-type":"","background-media":"","overlay-type":"","overlay-color":"","overlay-opacity":"","overlay-gradient":""},"mobile":{"background-color":"","background-image":"","background-repeat":"repeat","background-position":"center center","background-size":"auto","background-attachment":"scroll","background-type":"","background-media":"","overlay-type":"","overlay-color":"","overlay-opacity":"","overlay-gradient":""}},"ast-content-background-meta":{"desktop":{"background-color":"var(--ast-global-color-5)","background-image":"","background-repeat":"repeat","background-position":"center center","background-size":"auto","background-attachment":"scroll","background-type":"","background-media":"","overlay-type":"","overlay-color":"","overlay-opacity":"","overlay-gradient":""},"tablet":{"background-color":"var(--ast-global-color-5)","background-image":"","background-repeat":"repeat","background-position":"center center","background-size":"auto","background-attachment":"scroll","background-type":"","background-media":"","overlay-type":"","overlay-color":"","overlay-opacity":"","overlay-gradient":""},"mobile":{"background-color":"var(--ast-global-color-5)","background-image":"","background-repeat":"repeat","background-position":"center center","background-size":"auto","background-attachment":"scroll","background-type":"","background-media":"","overlay-type":"","overlay-color":"","overlay-opacity":"","overlay-gradient":""}}},"product_brand":[],"product_cat":[511,373,374,363],"product_tag":[],"berocket_brand":[651],"class_list":{"0":"post-25212","1":"product","2":"type-product","3":"status-publish","4":"has-post-thumbnail","6":"product_cat-atlaides","7":"product_cat-poras-sasaurinoss","8":"product_cat-pret-pinnem","9":"product_cat-serumi","10":"berocket_brand-sungboon-editor","11":"desktop-align-left","12":"tablet-align-left","13":"mobile-align-left","15":"first","16":"instock","17":"sale","18":"taxable","19":"shipping-taxable","20":"purchasable","21":"product-type-simple","22":"add-to-wishlist-before_image"},"yoast_head":"<!-- This site is optimized with the Yoast SEO plugin v27.4 - https:\/\/yoast.com\/product\/yoast-seo-wordpress\/ -->\n<title>SUNGBOON EDITOR Green Tomato Pore Lifting Ampoule 30ml - FACECORNER<\/title>\n<meta name=\"description\" content=\"SUNGBOON EDITOR Green Tomato Pore Lifting Ampoule \u00a0serums ar za\u013cajiem tom\u0101tiem poru pacel\u0161anai un sa\u0161aurin\u0101\u0161anai.Rad\u012bta tiem, kuri sap\u0146o par gludu \u0101du.\" \/>\n<meta name=\"robots\" content=\"index, follow, max-snippet:-1, max-image-preview:large, max-video-preview:-1\" \/>\n<link rel=\"canonical\" href=\"https:\/\/www.facecorner.lv\/lv\/shop\/sungboon-editor-green-tomato-pore-lifting-ampoule-30ml\/\" \/>\n<meta property=\"og:locale\" content=\"lv_LV\" \/>\n<meta property=\"og:type\" content=\"article\" \/>\n<meta property=\"og:title\" content=\"SUNGBOON EDITOR Green Tomato Pore Lifting Ampoule 30ml - FACECORNER\" \/>\n<meta property=\"og:description\" content=\"SUNGBOON EDITOR Green Tomato Pore Lifting Ampoule \u00a0serums ar za\u013cajiem tom\u0101tiem poru pacel\u0161anai un sa\u0161aurin\u0101\u0161anai.Rad\u012bta tiem, kuri sap\u0146o par gludu \u0101du.\" \/>\n<meta property=\"og:url\" content=\"https:\/\/www.facecorner.lv\/lv\/shop\/sungboon-editor-green-tomato-pore-lifting-ampoule-30ml\/\" \/>\n<meta property=\"og:site_name\" content=\"FACECORNER\" \/>\n<meta property=\"article:publisher\" content=\"https:\/\/www.facebook.com\/profile.php?id=100063824551839\" \/>\n<meta property=\"article:modified_time\" content=\"2026-04-30T16:10:36+00:00\" \/>\n<meta property=\"og:image\" content=\"https:\/\/www.facecorner.lv\/wp-content\/uploads\/2025\/09\/sungboon_500036.jpg\" \/>\n\t<meta property=\"og:image:width\" content=\"1000\" \/>\n\t<meta property=\"og:image:height\" content=\"1000\" \/>\n\t<meta property=\"og:image:type\" content=\"image\/jpeg\" \/>\n<meta name=\"twitter:card\" content=\"summary_large_image\" \/>\n<meta name=\"twitter:label1\" content=\"Price\" \/>\n\t<meta name=\"twitter:data1\" content=\"&euro;19.90\" \/>\n\t<meta name=\"twitter:label2\" content=\"Availability\" \/>\n\t<meta name=\"twitter:data2\" content=\"In stock\" \/>\n<script type=\"application\/ld+json\" class=\"yoast-schema-graph\">{\"@context\":\"https:\\\/\\\/schema.org\",\"@graph\":[{\"@type\":\"WebPage\",\"@id\":\"https:\\\/\\\/www.facecorner.lv\\\/shop\\\/sungboon-editor-green-tomato-pore-lifting-ampoule-30ml\\\/\",\"url\":\"https:\\\/\\\/www.facecorner.lv\\\/shop\\\/sungboon-editor-green-tomato-pore-lifting-ampoule-30ml\\\/\",\"name\":\"SUNGBOON EDITOR Green Tomato Pore Lifting Ampoule 30ml - FACECORNER\",\"isPartOf\":{\"@id\":\"https:\\\/\\\/www.facecorner.lv\\\/#website\"},\"primaryImageOfPage\":{\"@id\":\"https:\\\/\\\/www.facecorner.lv\\\/shop\\\/sungboon-editor-green-tomato-pore-lifting-ampoule-30ml\\\/#primaryimage\"},\"image\":{\"@id\":\"https:\\\/\\\/www.facecorner.lv\\\/shop\\\/sungboon-editor-green-tomato-pore-lifting-ampoule-30ml\\\/#primaryimage\"},\"thumbnailUrl\":\"https:\\\/\\\/www.facecorner.lv\\\/wp-content\\\/uploads\\\/2025\\\/09\\\/sungboon_500036.jpg\",\"datePublished\":\"2025-09-10T11:10:55+00:00\",\"dateModified\":\"2026-04-30T16:10:36+00:00\",\"description\":\"SUNGBOON EDITOR Green Tomato Pore Lifting Ampoule \u00a0serums ar za\u013cajiem tom\u0101tiem poru pacel\u0161anai un sa\u0161aurin\u0101\u0161anai.Rad\u012bta tiem, kuri sap\u0146o par gludu \u0101du.\",\"breadcrumb\":{\"@id\":\"https:\\\/\\\/www.facecorner.lv\\\/shop\\\/sungboon-editor-green-tomato-pore-lifting-ampoule-30ml\\\/#breadcrumb\"},\"inLanguage\":\"lv-LV\",\"potentialAction\":[{\"@type\":\"ReadAction\",\"target\":[\"https:\\\/\\\/www.facecorner.lv\\\/shop\\\/sungboon-editor-green-tomato-pore-lifting-ampoule-30ml\\\/\"]}]},{\"@type\":\"ImageObject\",\"inLanguage\":\"lv-LV\",\"@id\":\"https:\\\/\\\/www.facecorner.lv\\\/shop\\\/sungboon-editor-green-tomato-pore-lifting-ampoule-30ml\\\/#primaryimage\",\"url\":\"https:\\\/\\\/www.facecorner.lv\\\/wp-content\\\/uploads\\\/2025\\\/09\\\/sungboon_500036.jpg\",\"contentUrl\":\"https:\\\/\\\/www.facecorner.lv\\\/wp-content\\\/uploads\\\/2025\\\/09\\\/sungboon_500036.jpg\",\"width\":1000,\"height\":1000,\"caption\":\"SUNGBOON EDITOR Green Tomato Pore Lifting Ampoule\"},{\"@type\":\"BreadcrumbList\",\"@id\":\"https:\\\/\\\/www.facecorner.lv\\\/shop\\\/sungboon-editor-green-tomato-pore-lifting-ampoule-30ml\\\/#breadcrumb\",\"itemListElement\":[{\"@type\":\"ListItem\",\"position\":1,\"name\":\"Home\",\"item\":\"https:\\\/\\\/www.facecorner.lv\\\/\"},{\"@type\":\"ListItem\",\"position\":2,\"name\":\"Veikals\",\"item\":\"https:\\\/\\\/www.facecorner.lv\\\/shop\\\/\"},{\"@type\":\"ListItem\",\"position\":3,\"name\":\"SUNGBOON EDITOR Green Tomato Pore Lifting Ampoule 30ml\"}]},{\"@type\":\"WebSite\",\"@id\":\"https:\\\/\\\/www.facecorner.lv\\\/#website\",\"url\":\"https:\\\/\\\/www.facecorner.lv\\\/\",\"name\":\"Facecorner\",\"description\":\"\",\"publisher\":{\"@id\":\"https:\\\/\\\/www.facecorner.lv\\\/#organization\"},\"potentialAction\":[{\"@type\":\"SearchAction\",\"target\":{\"@type\":\"EntryPoint\",\"urlTemplate\":\"https:\\\/\\\/www.facecorner.lv\\\/?s={search_term_string}\"},\"query-input\":{\"@type\":\"PropertyValueSpecification\",\"valueRequired\":true,\"valueName\":\"search_term_string\"}}],\"inLanguage\":\"lv-LV\"},{\"@type\":\"Organization\",\"@id\":\"https:\\\/\\\/www.facecorner.lv\\\/#organization\",\"name\":\"Facecorner\",\"url\":\"https:\\\/\\\/www.facecorner.lv\\\/\",\"logo\":{\"@type\":\"ImageObject\",\"inLanguage\":\"lv-LV\",\"@id\":\"https:\\\/\\\/www.facecorner.lv\\\/#\\\/schema\\\/logo\\\/image\\\/\",\"url\":\"https:\\\/\\\/www.facecorner.lv\\\/wp-content\\\/uploads\\\/2024\\\/04\\\/fc-logo.jpg\",\"contentUrl\":\"https:\\\/\\\/www.facecorner.lv\\\/wp-content\\\/uploads\\\/2024\\\/04\\\/fc-logo.jpg\",\"width\":174,\"height\":28,\"caption\":\"Facecorner\"},\"image\":{\"@id\":\"https:\\\/\\\/www.facecorner.lv\\\/#\\\/schema\\\/logo\\\/image\\\/\"},\"sameAs\":[\"https:\\\/\\\/www.facebook.com\\\/profile.php?id=100063824551839\",\"https:\\\/\\\/www.instagram.com\\\/facecorner_shop\\\/\"]}]}<\/script>\n<meta property=\"product:price:amount\" content=\"19.90\" \/>\n<meta property=\"product:price:currency\" content=\"EUR\" \/>\n<meta property=\"og:availability\" content=\"instock\" \/>\n<meta property=\"product:availability\" content=\"instock\" \/>\n<meta property=\"product:condition\" content=\"new\" \/>\n<!-- \/ Yoast SEO plugin. -->","yoast_head_json":{"title":"SUNGBOON EDITOR Green Tomato Pore Lifting Ampoule 30ml - FACECORNER","description":"SUNGBOON EDITOR Green Tomato Pore Lifting Ampoule \u00a0serums ar za\u013cajiem tom\u0101tiem poru pacel\u0161anai un sa\u0161aurin\u0101\u0161anai.Rad\u012bta tiem, kuri sap\u0146o par gludu \u0101du.","robots":{"index":"index","follow":"follow","max-snippet":"max-snippet:-1","max-image-preview":"max-image-preview:large","max-video-preview":"max-video-preview:-1"},"canonical":"https:\/\/www.facecorner.lv\/lv\/shop\/sungboon-editor-green-tomato-pore-lifting-ampoule-30ml\/","og_locale":"lv_LV","og_type":"article","og_title":"SUNGBOON EDITOR Green Tomato Pore Lifting Ampoule 30ml - FACECORNER","og_description":"SUNGBOON EDITOR Green Tomato Pore Lifting Ampoule \u00a0serums ar za\u013cajiem tom\u0101tiem poru pacel\u0161anai un sa\u0161aurin\u0101\u0161anai.Rad\u012bta tiem, kuri sap\u0146o par gludu \u0101du.","og_url":"https:\/\/www.facecorner.lv\/lv\/shop\/sungboon-editor-green-tomato-pore-lifting-ampoule-30ml\/","og_site_name":"FACECORNER","article_publisher":"https:\/\/www.facebook.com\/profile.php?id=100063824551839","article_modified_time":"2026-04-30T16:10:36+00:00","og_image":[{"width":1000,"height":1000,"url":"https:\/\/www.facecorner.lv\/wp-content\/uploads\/2025\/09\/sungboon_500036.jpg","type":"image\/jpeg"}],"twitter_card":"summary_large_image","twitter_misc":{"Price":"&euro;19.90","Availability":"In stock"},"schema":{"@context":"https:\/\/schema.org","@graph":[{"@type":"WebPage","@id":"https:\/\/www.facecorner.lv\/shop\/sungboon-editor-green-tomato-pore-lifting-ampoule-30ml\/","url":"https:\/\/www.facecorner.lv\/shop\/sungboon-editor-green-tomato-pore-lifting-ampoule-30ml\/","name":"SUNGBOON EDITOR Green Tomato Pore Lifting Ampoule 30ml - FACECORNER","isPartOf":{"@id":"https:\/\/www.facecorner.lv\/#website"},"primaryImageOfPage":{"@id":"https:\/\/www.facecorner.lv\/shop\/sungboon-editor-green-tomato-pore-lifting-ampoule-30ml\/#primaryimage"},"image":{"@id":"https:\/\/www.facecorner.lv\/shop\/sungboon-editor-green-tomato-pore-lifting-ampoule-30ml\/#primaryimage"},"thumbnailUrl":"https:\/\/www.facecorner.lv\/wp-content\/uploads\/2025\/09\/sungboon_500036.jpg","datePublished":"2025-09-10T11:10:55+00:00","dateModified":"2026-04-30T16:10:36+00:00","description":"SUNGBOON EDITOR Green Tomato Pore Lifting Ampoule \u00a0serums ar za\u013cajiem tom\u0101tiem poru pacel\u0161anai un sa\u0161aurin\u0101\u0161anai.Rad\u012bta tiem, kuri sap\u0146o par gludu \u0101du.","breadcrumb":{"@id":"https:\/\/www.facecorner.lv\/shop\/sungboon-editor-green-tomato-pore-lifting-ampoule-30ml\/#breadcrumb"},"inLanguage":"lv-LV","potentialAction":[{"@type":"ReadAction","target":["https:\/\/www.facecorner.lv\/shop\/sungboon-editor-green-tomato-pore-lifting-ampoule-30ml\/"]}]},{"@type":"ImageObject","inLanguage":"lv-LV","@id":"https:\/\/www.facecorner.lv\/shop\/sungboon-editor-green-tomato-pore-lifting-ampoule-30ml\/#primaryimage","url":"https:\/\/www.facecorner.lv\/wp-content\/uploads\/2025\/09\/sungboon_500036.jpg","contentUrl":"https:\/\/www.facecorner.lv\/wp-content\/uploads\/2025\/09\/sungboon_500036.jpg","width":1000,"height":1000,"caption":"SUNGBOON EDITOR Green Tomato Pore Lifting Ampoule"},{"@type":"BreadcrumbList","@id":"https:\/\/www.facecorner.lv\/shop\/sungboon-editor-green-tomato-pore-lifting-ampoule-30ml\/#breadcrumb","itemListElement":[{"@type":"ListItem","position":1,"name":"Home","item":"https:\/\/www.facecorner.lv\/"},{"@type":"ListItem","position":2,"name":"Veikals","item":"https:\/\/www.facecorner.lv\/shop\/"},{"@type":"ListItem","position":3,"name":"SUNGBOON EDITOR Green Tomato Pore Lifting Ampoule 30ml"}]},{"@type":"WebSite","@id":"https:\/\/www.facecorner.lv\/#website","url":"https:\/\/www.facecorner.lv\/","name":"Facecorner","description":"","publisher":{"@id":"https:\/\/www.facecorner.lv\/#organization"},"potentialAction":[{"@type":"SearchAction","target":{"@type":"EntryPoint","urlTemplate":"https:\/\/www.facecorner.lv\/?s={search_term_string}"},"query-input":{"@type":"PropertyValueSpecification","valueRequired":true,"valueName":"search_term_string"}}],"inLanguage":"lv-LV"},{"@type":"Organization","@id":"https:\/\/www.facecorner.lv\/#organization","name":"Facecorner","url":"https:\/\/www.facecorner.lv\/","logo":{"@type":"ImageObject","inLanguage":"lv-LV","@id":"https:\/\/www.facecorner.lv\/#\/schema\/logo\/image\/","url":"https:\/\/www.facecorner.lv\/wp-content\/uploads\/2024\/04\/fc-logo.jpg","contentUrl":"https:\/\/www.facecorner.lv\/wp-content\/uploads\/2024\/04\/fc-logo.jpg","width":174,"height":28,"caption":"Facecorner"},"image":{"@id":"https:\/\/www.facecorner.lv\/#\/schema\/logo\/image\/"},"sameAs":["https:\/\/www.facebook.com\/profile.php?id=100063824551839","https:\/\/www.instagram.com\/facecorner_shop\/"]}]},"product_price_amount":"19.90","product_price_currency":"EUR","og_availability":"instock","product_availability":"instock","product_condition":"new"},"_links":{"self":[{"href":"https:\/\/www.facecorner.lv\/lv\/wp-json\/wp\/v2\/product\/25212","targetHints":{"allow":["GET"]}}],"collection":[{"href":"https:\/\/www.facecorner.lv\/lv\/wp-json\/wp\/v2\/product"}],"about":[{"href":"https:\/\/www.facecorner.lv\/lv\/wp-json\/wp\/v2\/types\/product"}],"replies":[{"embeddable":true,"href":"https:\/\/www.facecorner.lv\/lv\/wp-json\/wp\/v2\/comments?post=25212"}],"wp:featuredmedia":[{"embeddable":true,"href":"https:\/\/www.facecorner.lv\/lv\/wp-json\/wp\/v2\/media\/25213"}],"wp:attachment":[{"href":"https:\/\/www.facecorner.lv\/lv\/wp-json\/wp\/v2\/media?parent=25212"}],"wp:term":[{"taxonomy":"product_brand","embeddable":true,"href":"https:\/\/www.facecorner.lv\/lv\/wp-json\/wp\/v2\/product_brand?post=25212"},{"taxonomy":"product_cat","embeddable":true,"href":"https:\/\/www.facecorner.lv\/lv\/wp-json\/wp\/v2\/product_cat?post=25212"},{"taxonomy":"product_tag","embeddable":true,"href":"https:\/\/www.facecorner.lv\/lv\/wp-json\/wp\/v2\/product_tag?post=25212"},{"taxonomy":"berocket_brand","embeddable":true,"href":"https:\/\/www.facecorner.lv\/lv\/wp-json\/wp\/v2\/berocket_brand?post=25212"}],"curies":[{"name":"wp","href":"https:\/\/api.w.org\/{rel}","templated":true}]}}