{"id":25204,"date":"2025-09-10T12:21:30","date_gmt":"2025-09-10T09:21:30","guid":{"rendered":"https:\/\/www.facecorner.lv\/?post_type=product&#038;p=25204"},"modified":"2026-04-20T10:36:36","modified_gmt":"2026-04-20T07:36:36","slug":"heimish-dailism-smudge-stop-mascara","status":"publish","type":"product","link":"https:\/\/www.facecorner.lv\/lv\/shop\/heimish-dailism-smudge-stop-mascara\/","title":{"rendered":"Heimish Dailism Smudge Stop Mascara Curling"},"content":{"rendered":"<p>Heimish Dailism Smudge Stop Mascara\u00a0 tu\u0161a skropst\u0101m ar pagarin\u0101\u0161anas efektu.<\/p>\n<p>Tu\u0161a r\u016bp\u012bgi nokr\u0101so un pagarina katru skropstu, nel\u012bpst un neatst\u0101j piku\u010dus. P\u0113c uzkl\u0101\u0161anas skatiens k\u013c\u016bst spilgt\u0101ks un izteiksm\u012bg\u0101ks, dienas laik\u0101 tu\u0161a labi turas un nenokr\u012bt.<\/p>\n<p>P\u0113c lieto\u0161anas to viegli nomazg\u0101t ar parasto \u016bdeni, neatst\u0101jot traipus (nol\u012bst un no\u0146emama k\u0101 \u201cze\u0137\u012btes\u201d).<\/p>\n<p><strong>Sast\u0101vs:<\/strong> Acrylates\/Ethylhexyl Acrylate Copolymer, Water, CI 77499, Glyceryl Stearate SE, Glycerin, Alcohol Denat., Stearic Acid, VP\/Eicosene Copolymer, Copernicia Cerifera (Carnauba) Wax, PVP, Potassium Hydroxide, Methylglucamine, Ethylhexylglycerin, Xanthan Gum, Disodium EDTA, Phenoxyethanol, Sodium Dehydroacetate<\/p>\n","protected":false},"excerpt":{"rendered":"<p>Heimish Dailism Smudge Stop Mascara\u00a0 tu\u0161a skropst\u0101m ar pagarin\u0101\u0161anas efektu.<\/p>\n","protected":false},"featured_media":26387,"comment_status":"open","ping_status":"closed","template":"","meta":{"site-sidebar-layout":"default","site-content-layout":"","ast-site-content-layout":"default","site-content-style":"default","site-sidebar-style":"default","ast-global-header-display":"","ast-banner-title-visibility":"","ast-main-header-display":"","ast-hfb-above-header-display":"","ast-hfb-below-header-display":"","ast-hfb-mobile-header-display":"","site-post-title":"","ast-breadcrumbs-content":"","ast-featured-img":"","footer-sml-layout":"","theme-transparent-header-meta":"default","adv-header-id-meta":"","stick-header-meta":"","header-above-stick-meta":"","header-main-stick-meta":"","header-below-stick-meta":"","astra-migrate-meta-layouts":"set","ast-page-background-enabled":"default","ast-page-background-meta":{"desktop":{"background-color":"var(--ast-global-color-4)","background-image":"","background-repeat":"repeat","background-position":"center center","background-size":"auto","background-attachment":"scroll","background-type":"","background-media":"","overlay-type":"","overlay-color":"","overlay-opacity":"","overlay-gradient":""},"tablet":{"background-color":"","background-image":"","background-repeat":"repeat","background-position":"center center","background-size":"auto","background-attachment":"scroll","background-type":"","background-media":"","overlay-type":"","overlay-color":"","overlay-opacity":"","overlay-gradient":""},"mobile":{"background-color":"","background-image":"","background-repeat":"repeat","background-position":"center center","background-size":"auto","background-attachment":"scroll","background-type":"","background-media":"","overlay-type":"","overlay-color":"","overlay-opacity":"","overlay-gradient":""}},"ast-content-background-meta":{"desktop":{"background-color":"var(--ast-global-color-5)","background-image":"","background-repeat":"repeat","background-position":"center center","background-size":"auto","background-attachment":"scroll","background-type":"","background-media":"","overlay-type":"","overlay-color":"","overlay-opacity":"","overlay-gradient":""},"tablet":{"background-color":"var(--ast-global-color-5)","background-image":"","background-repeat":"repeat","background-position":"center center","background-size":"auto","background-attachment":"scroll","background-type":"","background-media":"","overlay-type":"","overlay-color":"","overlay-opacity":"","overlay-gradient":""},"mobile":{"background-color":"var(--ast-global-color-5)","background-image":"","background-repeat":"repeat","background-position":"center center","background-size":"auto","background-attachment":"scroll","background-type":"","background-media":"","overlay-type":"","overlay-color":"","overlay-opacity":"","overlay-gradient":""}}},"product_brand":[],"product_cat":[511,319],"product_tag":[],"berocket_brand":[],"class_list":{"0":"post-25204","1":"product","2":"type-product","3":"status-publish","4":"has-post-thumbnail","6":"product_cat-atlaides","7":"product_cat-dekorativa-kosmetika","8":"desktop-align-left","9":"tablet-align-left","10":"mobile-align-left","12":"first","13":"instock","14":"sale","15":"taxable","16":"shipping-taxable","17":"purchasable","18":"product-type-simple","19":"add-to-wishlist-before_image"},"yoast_head":"<!-- This site is optimized with the Yoast SEO plugin v27.4 - https:\/\/yoast.com\/product\/yoast-seo-wordpress\/ -->\n<title>Heimish Dailism Smudge Stop Mascara Curling - FACECORNER<\/title>\n<meta name=\"description\" content=\"Heimish Dailism Smudge Stop Mascara\u00a0 tu\u0161a skropst\u0101m ar pagarin\u0101\u0161anas efektu.u\u0161a r\u016bp\u012bgi nokr\u0101so un pagarina katru skropstu, nel\u012bpst un neatst\u0101j piku\u010dus.\" \/>\n<meta name=\"robots\" content=\"index, follow, max-snippet:-1, max-image-preview:large, max-video-preview:-1\" \/>\n<link rel=\"canonical\" href=\"https:\/\/www.facecorner.lv\/lv\/shop\/heimish-dailism-smudge-stop-mascara\/\" \/>\n<meta property=\"og:locale\" content=\"lv_LV\" \/>\n<meta property=\"og:type\" content=\"article\" \/>\n<meta property=\"og:title\" content=\"Heimish Dailism Smudge Stop Mascara Curling - FACECORNER\" \/>\n<meta property=\"og:description\" content=\"Heimish Dailism Smudge Stop Mascara\u00a0 tu\u0161a skropst\u0101m ar pagarin\u0101\u0161anas efektu.u\u0161a r\u016bp\u012bgi nokr\u0101so un pagarina katru skropstu, nel\u012bpst un neatst\u0101j piku\u010dus.\" \/>\n<meta property=\"og:url\" content=\"https:\/\/www.facecorner.lv\/lv\/shop\/heimish-dailism-smudge-stop-mascara\/\" \/>\n<meta property=\"og:site_name\" content=\"FACECORNER\" \/>\n<meta property=\"article:publisher\" content=\"https:\/\/www.facebook.com\/profile.php?id=100063824551839\" \/>\n<meta property=\"article:modified_time\" content=\"2026-04-20T07:36:36+00:00\" \/>\n<meta property=\"og:image\" content=\"https:\/\/www.facecorner.lv\/wp-content\/uploads\/2025\/09\/5pqcu2hzb8fh.jpg\" \/>\n\t<meta property=\"og:image:width\" content=\"600\" \/>\n\t<meta property=\"og:image:height\" content=\"600\" \/>\n\t<meta property=\"og:image:type\" content=\"image\/jpeg\" \/>\n<meta name=\"twitter:card\" content=\"summary_large_image\" \/>\n<meta name=\"twitter:label1\" content=\"Price\" \/>\n\t<meta name=\"twitter:data1\" content=\"&euro;9.70\" \/>\n\t<meta name=\"twitter:label2\" content=\"Availability\" \/>\n\t<meta name=\"twitter:data2\" content=\"In stock\" \/>\n<script type=\"application\/ld+json\" class=\"yoast-schema-graph\">{\"@context\":\"https:\\\/\\\/schema.org\",\"@graph\":[{\"@type\":\"WebPage\",\"@id\":\"https:\\\/\\\/www.facecorner.lv\\\/shop\\\/heimish-dailism-smudge-stop-mascara\\\/\",\"url\":\"https:\\\/\\\/www.facecorner.lv\\\/shop\\\/heimish-dailism-smudge-stop-mascara\\\/\",\"name\":\"Heimish Dailism Smudge Stop Mascara Curling - FACECORNER\",\"isPartOf\":{\"@id\":\"https:\\\/\\\/www.facecorner.lv\\\/#website\"},\"primaryImageOfPage\":{\"@id\":\"https:\\\/\\\/www.facecorner.lv\\\/shop\\\/heimish-dailism-smudge-stop-mascara\\\/#primaryimage\"},\"image\":{\"@id\":\"https:\\\/\\\/www.facecorner.lv\\\/shop\\\/heimish-dailism-smudge-stop-mascara\\\/#primaryimage\"},\"thumbnailUrl\":\"https:\\\/\\\/www.facecorner.lv\\\/wp-content\\\/uploads\\\/2025\\\/09\\\/5pqcu2hzb8fh.jpg\",\"datePublished\":\"2025-09-10T09:21:30+00:00\",\"dateModified\":\"2026-04-20T07:36:36+00:00\",\"description\":\"Heimish Dailism Smudge Stop Mascara\u00a0 tu\u0161a skropst\u0101m ar pagarin\u0101\u0161anas efektu.u\u0161a r\u016bp\u012bgi nokr\u0101so un pagarina katru skropstu, nel\u012bpst un neatst\u0101j piku\u010dus.\",\"breadcrumb\":{\"@id\":\"https:\\\/\\\/www.facecorner.lv\\\/shop\\\/heimish-dailism-smudge-stop-mascara\\\/#breadcrumb\"},\"inLanguage\":\"lv-LV\",\"potentialAction\":[{\"@type\":\"ReadAction\",\"target\":[\"https:\\\/\\\/www.facecorner.lv\\\/shop\\\/heimish-dailism-smudge-stop-mascara\\\/\"]}]},{\"@type\":\"ImageObject\",\"inLanguage\":\"lv-LV\",\"@id\":\"https:\\\/\\\/www.facecorner.lv\\\/shop\\\/heimish-dailism-smudge-stop-mascara\\\/#primaryimage\",\"url\":\"https:\\\/\\\/www.facecorner.lv\\\/wp-content\\\/uploads\\\/2025\\\/09\\\/5pqcu2hzb8fh.jpg\",\"contentUrl\":\"https:\\\/\\\/www.facecorner.lv\\\/wp-content\\\/uploads\\\/2025\\\/09\\\/5pqcu2hzb8fh.jpg\",\"width\":600,\"height\":600},{\"@type\":\"BreadcrumbList\",\"@id\":\"https:\\\/\\\/www.facecorner.lv\\\/shop\\\/heimish-dailism-smudge-stop-mascara\\\/#breadcrumb\",\"itemListElement\":[{\"@type\":\"ListItem\",\"position\":1,\"name\":\"Home\",\"item\":\"https:\\\/\\\/www.facecorner.lv\\\/\"},{\"@type\":\"ListItem\",\"position\":2,\"name\":\"Veikals\",\"item\":\"https:\\\/\\\/www.facecorner.lv\\\/shop\\\/\"},{\"@type\":\"ListItem\",\"position\":3,\"name\":\"Heimish Dailism Smudge Stop Mascara Curling\"}]},{\"@type\":\"WebSite\",\"@id\":\"https:\\\/\\\/www.facecorner.lv\\\/#website\",\"url\":\"https:\\\/\\\/www.facecorner.lv\\\/\",\"name\":\"Facecorner\",\"description\":\"\",\"publisher\":{\"@id\":\"https:\\\/\\\/www.facecorner.lv\\\/#organization\"},\"potentialAction\":[{\"@type\":\"SearchAction\",\"target\":{\"@type\":\"EntryPoint\",\"urlTemplate\":\"https:\\\/\\\/www.facecorner.lv\\\/?s={search_term_string}\"},\"query-input\":{\"@type\":\"PropertyValueSpecification\",\"valueRequired\":true,\"valueName\":\"search_term_string\"}}],\"inLanguage\":\"lv-LV\"},{\"@type\":\"Organization\",\"@id\":\"https:\\\/\\\/www.facecorner.lv\\\/#organization\",\"name\":\"Facecorner\",\"url\":\"https:\\\/\\\/www.facecorner.lv\\\/\",\"logo\":{\"@type\":\"ImageObject\",\"inLanguage\":\"lv-LV\",\"@id\":\"https:\\\/\\\/www.facecorner.lv\\\/#\\\/schema\\\/logo\\\/image\\\/\",\"url\":\"https:\\\/\\\/www.facecorner.lv\\\/wp-content\\\/uploads\\\/2024\\\/04\\\/fc-logo.jpg\",\"contentUrl\":\"https:\\\/\\\/www.facecorner.lv\\\/wp-content\\\/uploads\\\/2024\\\/04\\\/fc-logo.jpg\",\"width\":174,\"height\":28,\"caption\":\"Facecorner\"},\"image\":{\"@id\":\"https:\\\/\\\/www.facecorner.lv\\\/#\\\/schema\\\/logo\\\/image\\\/\"},\"sameAs\":[\"https:\\\/\\\/www.facebook.com\\\/profile.php?id=100063824551839\",\"https:\\\/\\\/www.instagram.com\\\/facecorner_shop\\\/\"]}]}<\/script>\n<meta property=\"product:price:amount\" content=\"9.70\" \/>\n<meta property=\"product:price:currency\" content=\"EUR\" \/>\n<meta property=\"og:availability\" content=\"instock\" \/>\n<meta property=\"product:availability\" content=\"instock\" \/>\n<meta property=\"product:condition\" content=\"new\" \/>\n<!-- \/ Yoast SEO plugin. -->","yoast_head_json":{"title":"Heimish Dailism Smudge Stop Mascara Curling - FACECORNER","description":"Heimish Dailism Smudge Stop Mascara\u00a0 tu\u0161a skropst\u0101m ar pagarin\u0101\u0161anas efektu.u\u0161a r\u016bp\u012bgi nokr\u0101so un pagarina katru skropstu, nel\u012bpst un neatst\u0101j piku\u010dus.","robots":{"index":"index","follow":"follow","max-snippet":"max-snippet:-1","max-image-preview":"max-image-preview:large","max-video-preview":"max-video-preview:-1"},"canonical":"https:\/\/www.facecorner.lv\/lv\/shop\/heimish-dailism-smudge-stop-mascara\/","og_locale":"lv_LV","og_type":"article","og_title":"Heimish Dailism Smudge Stop Mascara Curling - FACECORNER","og_description":"Heimish Dailism Smudge Stop Mascara\u00a0 tu\u0161a skropst\u0101m ar pagarin\u0101\u0161anas efektu.u\u0161a r\u016bp\u012bgi nokr\u0101so un pagarina katru skropstu, nel\u012bpst un neatst\u0101j piku\u010dus.","og_url":"https:\/\/www.facecorner.lv\/lv\/shop\/heimish-dailism-smudge-stop-mascara\/","og_site_name":"FACECORNER","article_publisher":"https:\/\/www.facebook.com\/profile.php?id=100063824551839","article_modified_time":"2026-04-20T07:36:36+00:00","og_image":[{"width":600,"height":600,"url":"https:\/\/www.facecorner.lv\/wp-content\/uploads\/2025\/09\/5pqcu2hzb8fh.jpg","type":"image\/jpeg"}],"twitter_card":"summary_large_image","twitter_misc":{"Price":"&euro;9.70","Availability":"In stock"},"schema":{"@context":"https:\/\/schema.org","@graph":[{"@type":"WebPage","@id":"https:\/\/www.facecorner.lv\/shop\/heimish-dailism-smudge-stop-mascara\/","url":"https:\/\/www.facecorner.lv\/shop\/heimish-dailism-smudge-stop-mascara\/","name":"Heimish Dailism Smudge Stop Mascara Curling - FACECORNER","isPartOf":{"@id":"https:\/\/www.facecorner.lv\/#website"},"primaryImageOfPage":{"@id":"https:\/\/www.facecorner.lv\/shop\/heimish-dailism-smudge-stop-mascara\/#primaryimage"},"image":{"@id":"https:\/\/www.facecorner.lv\/shop\/heimish-dailism-smudge-stop-mascara\/#primaryimage"},"thumbnailUrl":"https:\/\/www.facecorner.lv\/wp-content\/uploads\/2025\/09\/5pqcu2hzb8fh.jpg","datePublished":"2025-09-10T09:21:30+00:00","dateModified":"2026-04-20T07:36:36+00:00","description":"Heimish Dailism Smudge Stop Mascara\u00a0 tu\u0161a skropst\u0101m ar pagarin\u0101\u0161anas efektu.u\u0161a r\u016bp\u012bgi nokr\u0101so un pagarina katru skropstu, nel\u012bpst un neatst\u0101j piku\u010dus.","breadcrumb":{"@id":"https:\/\/www.facecorner.lv\/shop\/heimish-dailism-smudge-stop-mascara\/#breadcrumb"},"inLanguage":"lv-LV","potentialAction":[{"@type":"ReadAction","target":["https:\/\/www.facecorner.lv\/shop\/heimish-dailism-smudge-stop-mascara\/"]}]},{"@type":"ImageObject","inLanguage":"lv-LV","@id":"https:\/\/www.facecorner.lv\/shop\/heimish-dailism-smudge-stop-mascara\/#primaryimage","url":"https:\/\/www.facecorner.lv\/wp-content\/uploads\/2025\/09\/5pqcu2hzb8fh.jpg","contentUrl":"https:\/\/www.facecorner.lv\/wp-content\/uploads\/2025\/09\/5pqcu2hzb8fh.jpg","width":600,"height":600},{"@type":"BreadcrumbList","@id":"https:\/\/www.facecorner.lv\/shop\/heimish-dailism-smudge-stop-mascara\/#breadcrumb","itemListElement":[{"@type":"ListItem","position":1,"name":"Home","item":"https:\/\/www.facecorner.lv\/"},{"@type":"ListItem","position":2,"name":"Veikals","item":"https:\/\/www.facecorner.lv\/shop\/"},{"@type":"ListItem","position":3,"name":"Heimish Dailism Smudge Stop Mascara Curling"}]},{"@type":"WebSite","@id":"https:\/\/www.facecorner.lv\/#website","url":"https:\/\/www.facecorner.lv\/","name":"Facecorner","description":"","publisher":{"@id":"https:\/\/www.facecorner.lv\/#organization"},"potentialAction":[{"@type":"SearchAction","target":{"@type":"EntryPoint","urlTemplate":"https:\/\/www.facecorner.lv\/?s={search_term_string}"},"query-input":{"@type":"PropertyValueSpecification","valueRequired":true,"valueName":"search_term_string"}}],"inLanguage":"lv-LV"},{"@type":"Organization","@id":"https:\/\/www.facecorner.lv\/#organization","name":"Facecorner","url":"https:\/\/www.facecorner.lv\/","logo":{"@type":"ImageObject","inLanguage":"lv-LV","@id":"https:\/\/www.facecorner.lv\/#\/schema\/logo\/image\/","url":"https:\/\/www.facecorner.lv\/wp-content\/uploads\/2024\/04\/fc-logo.jpg","contentUrl":"https:\/\/www.facecorner.lv\/wp-content\/uploads\/2024\/04\/fc-logo.jpg","width":174,"height":28,"caption":"Facecorner"},"image":{"@id":"https:\/\/www.facecorner.lv\/#\/schema\/logo\/image\/"},"sameAs":["https:\/\/www.facebook.com\/profile.php?id=100063824551839","https:\/\/www.instagram.com\/facecorner_shop\/"]}]},"product_price_amount":"9.70","product_price_currency":"EUR","og_availability":"instock","product_availability":"instock","product_condition":"new"},"_links":{"self":[{"href":"https:\/\/www.facecorner.lv\/lv\/wp-json\/wp\/v2\/product\/25204","targetHints":{"allow":["GET"]}}],"collection":[{"href":"https:\/\/www.facecorner.lv\/lv\/wp-json\/wp\/v2\/product"}],"about":[{"href":"https:\/\/www.facecorner.lv\/lv\/wp-json\/wp\/v2\/types\/product"}],"replies":[{"embeddable":true,"href":"https:\/\/www.facecorner.lv\/lv\/wp-json\/wp\/v2\/comments?post=25204"}],"wp:featuredmedia":[{"embeddable":true,"href":"https:\/\/www.facecorner.lv\/lv\/wp-json\/wp\/v2\/media\/26387"}],"wp:attachment":[{"href":"https:\/\/www.facecorner.lv\/lv\/wp-json\/wp\/v2\/media?parent=25204"}],"wp:term":[{"taxonomy":"product_brand","embeddable":true,"href":"https:\/\/www.facecorner.lv\/lv\/wp-json\/wp\/v2\/product_brand?post=25204"},{"taxonomy":"product_cat","embeddable":true,"href":"https:\/\/www.facecorner.lv\/lv\/wp-json\/wp\/v2\/product_cat?post=25204"},{"taxonomy":"product_tag","embeddable":true,"href":"https:\/\/www.facecorner.lv\/lv\/wp-json\/wp\/v2\/product_tag?post=25204"},{"taxonomy":"berocket_brand","embeddable":true,"href":"https:\/\/www.facecorner.lv\/lv\/wp-json\/wp\/v2\/berocket_brand?post=25204"}],"curies":[{"name":"wp","href":"https:\/\/api.w.org\/{rel}","templated":true}]}}