{"id":25150,"date":"2025-09-02T11:51:12","date_gmt":"2025-09-02T08:51:12","guid":{"rendered":"https:\/\/www.facecorner.lv\/?post_type=product&#038;p=25150"},"modified":"2025-09-04T15:17:40","modified_gmt":"2025-09-04T12:17:40","slug":"dalba-piedmont-italian-white-truffle-mild-skin-balancing-vegan-cream-55ml","status":"publish","type":"product","link":"https:\/\/www.facecorner.lv\/lv\/shop\/dalba-piedmont-italian-white-truffle-mild-skin-balancing-vegan-cream-55ml\/","title":{"rendered":"d&#8217;Alba Piedmont Italian White Truffle Mild Skin Balancing Vegan Cream 55ml"},"content":{"rendered":"<p>d&#8217;Alba Piedmont Italian White Truffle Mild Skin Balancing Vegan Cream\u00a0 viegla, uz \u016bdens b\u0101zes izstr\u0101d\u0101ta kr\u0113ma-seruma formula ar unik\u0101lu sast\u0101vu, kas mitrina, nomierina un atjauno \u0101du.<\/p>\n<p>Izstr\u0101d\u0101ts ar maigu pH l\u012bmeni (5,1\u20136,1), kas ir maksim\u0101li tuvs \u0101das dabiskajam l\u012bmenim (5,5\u20136,5), nodro\u0161inot delik\u0101tu mitrin\u0101\u0161anu un l\u012bdzsvaru bez lip\u012bguma saj\u016btas.<\/p>\n<ul>\n<li>Trufferol\u2122 \u2013 patent\u0113ts komplekss no it\u0101\u013cu baltajiem trifel\u0113m (Tuber Magnatum) un E vitam\u012bna (tokoferola), kam piem\u012bt sp\u0113c\u012bga antioksidantu iedarb\u012bba (6 reizes efekt\u012bv\u0101ka nek\u0101 propoliss).<\/li>\n<li>Triple Hyaluronic Acid + Panthenol \u2013 mitrina un saglab\u0101 mitrumu iek\u0161\u0101, m\u012bkstina un atjauno \u0101du.<\/li>\n<li>Veg\u0101ns ceram\u012bds (Ceramide NP) \u2013 nostiprina \u0101das barjeru, nov\u0113r\u0161 mitruma zudumu<\/li>\n<li>Trupair\u2122 komplekss \u2013 balto trife\u013cu kombin\u0101cija ar trim CICA sast\u0101vda\u013c\u0101m (madekaso\u012bds, aziatiko\u012bds, aziatsk\u0101be) un Centella Asiatica ekstraktu nomierino\u0161ai iedarb\u012bbai.<\/li>\n<\/ul>\n<p><strong>Lieto\u0161ana:<\/strong> Kremu uzkl\u0101jiet k\u0101 p\u0113d\u0113jo kop\u0161anas posmu \u2014 p\u0113c att\u012br\u012b\u0161anas, tonika un seruma \u2014 uz sejas un kakla ar viegliem mas\u0113jo\u0161iem kust\u012bb\u0101m, l\u012bdz tas piln\u012bb\u0101 ies\u016bcies. Ide\u0101li piem\u0113rots r\u012bta un vakara kop\u0161anai.<\/p>\n<p><strong>Sast\u0101vs:<\/strong> Water \/ Aqua, Glycerin, Propanediol, Neopentyl Glycol Diheptanoate, Phenyl Trimethicone, 1,2-Hexanediol, Butylene Glycol, Centella Asiatica Extract, Tuber Magnatum Extract, Asiatic Acid, Asiaticoside, Madecassoside, Acrylates\/C10-30 Alkyl Acrylate Crosspolymer, Ammonium Acryloyldimethyltaurate\/VP Copolymer, Sorbitan Isostearate, Tromethamine, Microcrystalline Cellulose, Hydroxypropyl Methylcellulose Stearoxy Ether, Caramel, Ethylhexylglycerin, Melia Azadirachta Leaf Extract, Cellulose Gum, Melia Azadirachta Flower Extract, Sodium Hyaluronate, Hydrolyzed Hyaluronic Acid, Panthenol, Melaleuca Alternifolia (Tea Tree) Extract, Ceramide NP, Lavandula Angustifolia (Lavender) Oil, Linalool<\/p>\n","protected":false},"excerpt":{"rendered":"<p>d&#8217;Alba Piedmont Italian White Truffle Mild Skin Balancing Vegan Cream\u00a0 viegla, uz \u016bdens b\u0101zes izstr\u0101d\u0101ta kr\u0113ma-seruma formula ar unik\u0101lu sast\u0101vu, kas mitrina, nomierina un atjauno \u0101du.<\/p>\n","protected":false},"featured_media":25151,"comment_status":"open","ping_status":"closed","template":"","meta":{"site-sidebar-layout":"default","site-content-layout":"","ast-site-content-layout":"default","site-content-style":"default","site-sidebar-style":"default","ast-global-header-display":"","ast-banner-title-visibility":"","ast-main-header-display":"","ast-hfb-above-header-display":"","ast-hfb-below-header-display":"","ast-hfb-mobile-header-display":"","site-post-title":"","ast-breadcrumbs-content":"","ast-featured-img":"","footer-sml-layout":"","theme-transparent-header-meta":"default","adv-header-id-meta":"","stick-header-meta":"","header-above-stick-meta":"","header-main-stick-meta":"","header-below-stick-meta":"","astra-migrate-meta-layouts":"set","ast-page-background-enabled":"default","ast-page-background-meta":{"desktop":{"background-color":"var(--ast-global-color-4)","background-image":"","background-repeat":"repeat","background-position":"center center","background-size":"auto","background-attachment":"scroll","background-type":"","background-media":"","overlay-type":"","overlay-color":"","overlay-opacity":"","overlay-gradient":""},"tablet":{"background-color":"","background-image":"","background-repeat":"repeat","background-position":"center center","background-size":"auto","background-attachment":"scroll","background-type":"","background-media":"","overlay-type":"","overlay-color":"","overlay-opacity":"","overlay-gradient":""},"mobile":{"background-color":"","background-image":"","background-repeat":"repeat","background-position":"center center","background-size":"auto","background-attachment":"scroll","background-type":"","background-media":"","overlay-type":"","overlay-color":"","overlay-opacity":"","overlay-gradient":""}},"ast-content-background-meta":{"desktop":{"background-color":"var(--ast-global-color-5)","background-image":"","background-repeat":"repeat","background-position":"center center","background-size":"auto","background-attachment":"scroll","background-type":"","background-media":"","overlay-type":"","overlay-color":"","overlay-opacity":"","overlay-gradient":""},"tablet":{"background-color":"var(--ast-global-color-5)","background-image":"","background-repeat":"repeat","background-position":"center center","background-size":"auto","background-attachment":"scroll","background-type":"","background-media":"","overlay-type":"","overlay-color":"","overlay-opacity":"","overlay-gradient":""},"mobile":{"background-color":"var(--ast-global-color-5)","background-image":"","background-repeat":"repeat","background-position":"center center","background-size":"auto","background-attachment":"scroll","background-type":"","background-media":"","overlay-type":"","overlay-color":"","overlay-opacity":"","overlay-gradient":""}}},"product_brand":[],"product_cat":[511,366,367,362],"product_tag":[],"berocket_brand":[572],"class_list":{"0":"post-25150","1":"product","2":"type-product","3":"status-publish","4":"has-post-thumbnail","6":"product_cat-atlaides","7":"product_cat-mitrinoss","8":"product_cat-nomierinoss","9":"product_cat-sejas-krems","10":"berocket_brand-dalba","11":"desktop-align-left","12":"tablet-align-left","13":"mobile-align-left","15":"first","16":"outofstock","17":"sale","18":"taxable","19":"shipping-taxable","20":"purchasable","21":"product-type-simple","22":"add-to-wishlist-before_image"},"yoast_head":"<!-- This site is optimized with the Yoast SEO plugin v27.4 - https:\/\/yoast.com\/product\/yoast-seo-wordpress\/ -->\n<title>d&#039;Alba Piedmont Italian White Truffle Mild Skin Balancing Vegan Cream 55ml - FACECORNER<\/title>\n<meta name=\"description\" content=\"d&#039;Alba Piedmont Italian White Truffle Mild Skin Balancing Vegan Cream\u00a0 viegla, uz \u016bdens b\u0101zes izstr\u0101d\u0101ta kr\u0113ma-seruma formula ar unik\u0101lu sast\u0101vu\" \/>\n<meta name=\"robots\" content=\"index, follow, max-snippet:-1, max-image-preview:large, max-video-preview:-1\" \/>\n<link rel=\"canonical\" href=\"https:\/\/www.facecorner.lv\/lv\/shop\/dalba-piedmont-italian-white-truffle-mild-skin-balancing-vegan-cream-55ml\/\" \/>\n<meta property=\"og:locale\" content=\"lv_LV\" \/>\n<meta property=\"og:type\" content=\"article\" \/>\n<meta property=\"og:title\" content=\"d&#039;Alba Piedmont Italian White Truffle Mild Skin Balancing Vegan Cream 55ml - FACECORNER\" \/>\n<meta property=\"og:description\" content=\"d&#039;Alba Piedmont Italian White Truffle Mild Skin Balancing Vegan Cream\u00a0 viegla, uz \u016bdens b\u0101zes izstr\u0101d\u0101ta kr\u0113ma-seruma formula ar unik\u0101lu sast\u0101vu\" \/>\n<meta property=\"og:url\" content=\"https:\/\/www.facecorner.lv\/lv\/shop\/dalba-piedmont-italian-white-truffle-mild-skin-balancing-vegan-cream-55ml\/\" \/>\n<meta property=\"og:site_name\" content=\"FACECORNER\" \/>\n<meta property=\"article:publisher\" content=\"https:\/\/www.facebook.com\/profile.php?id=100063824551839\" \/>\n<meta property=\"article:modified_time\" content=\"2025-09-04T12:17:40+00:00\" \/>\n<meta property=\"og:image\" content=\"https:\/\/www.facecorner.lv\/wp-content\/uploads\/2025\/09\/41oEt0HdHIL._UF10001000_QL80_.jpg\" \/>\n\t<meta property=\"og:image:width\" content=\"1000\" \/>\n\t<meta property=\"og:image:height\" content=\"1000\" \/>\n\t<meta property=\"og:image:type\" content=\"image\/jpeg\" \/>\n<meta name=\"twitter:card\" content=\"summary_large_image\" \/>\n<meta name=\"twitter:label1\" content=\"Price\" \/>\n\t<meta name=\"twitter:data1\" content=\"&euro;29.90\" \/>\n\t<meta name=\"twitter:label2\" content=\"Availability\" \/>\n\t<meta name=\"twitter:data2\" content=\"Out of stock\" \/>\n<script type=\"application\/ld+json\" class=\"yoast-schema-graph\">{\"@context\":\"https:\\\/\\\/schema.org\",\"@graph\":[{\"@type\":\"WebPage\",\"@id\":\"https:\\\/\\\/www.facecorner.lv\\\/shop\\\/dalba-piedmont-italian-white-truffle-mild-skin-balancing-vegan-cream-55ml\\\/\",\"url\":\"https:\\\/\\\/www.facecorner.lv\\\/shop\\\/dalba-piedmont-italian-white-truffle-mild-skin-balancing-vegan-cream-55ml\\\/\",\"name\":\"d'Alba Piedmont Italian White Truffle Mild Skin Balancing Vegan Cream 55ml - FACECORNER\",\"isPartOf\":{\"@id\":\"https:\\\/\\\/www.facecorner.lv\\\/#website\"},\"primaryImageOfPage\":{\"@id\":\"https:\\\/\\\/www.facecorner.lv\\\/shop\\\/dalba-piedmont-italian-white-truffle-mild-skin-balancing-vegan-cream-55ml\\\/#primaryimage\"},\"image\":{\"@id\":\"https:\\\/\\\/www.facecorner.lv\\\/shop\\\/dalba-piedmont-italian-white-truffle-mild-skin-balancing-vegan-cream-55ml\\\/#primaryimage\"},\"thumbnailUrl\":\"https:\\\/\\\/www.facecorner.lv\\\/wp-content\\\/uploads\\\/2025\\\/09\\\/41oEt0HdHIL._UF10001000_QL80_.jpg\",\"datePublished\":\"2025-09-02T08:51:12+00:00\",\"dateModified\":\"2025-09-04T12:17:40+00:00\",\"description\":\"d'Alba Piedmont Italian White Truffle Mild Skin Balancing Vegan Cream\u00a0 viegla, uz \u016bdens b\u0101zes izstr\u0101d\u0101ta kr\u0113ma-seruma formula ar unik\u0101lu sast\u0101vu\",\"breadcrumb\":{\"@id\":\"https:\\\/\\\/www.facecorner.lv\\\/shop\\\/dalba-piedmont-italian-white-truffle-mild-skin-balancing-vegan-cream-55ml\\\/#breadcrumb\"},\"inLanguage\":\"lv-LV\",\"potentialAction\":[{\"@type\":\"ReadAction\",\"target\":[\"https:\\\/\\\/www.facecorner.lv\\\/shop\\\/dalba-piedmont-italian-white-truffle-mild-skin-balancing-vegan-cream-55ml\\\/\"]}]},{\"@type\":\"ImageObject\",\"inLanguage\":\"lv-LV\",\"@id\":\"https:\\\/\\\/www.facecorner.lv\\\/shop\\\/dalba-piedmont-italian-white-truffle-mild-skin-balancing-vegan-cream-55ml\\\/#primaryimage\",\"url\":\"https:\\\/\\\/www.facecorner.lv\\\/wp-content\\\/uploads\\\/2025\\\/09\\\/41oEt0HdHIL._UF10001000_QL80_.jpg\",\"contentUrl\":\"https:\\\/\\\/www.facecorner.lv\\\/wp-content\\\/uploads\\\/2025\\\/09\\\/41oEt0HdHIL._UF10001000_QL80_.jpg\",\"width\":1000,\"height\":1000,\"caption\":\"d'Alba Piedmont Italian White Truffle Mild Skin Balancing Vegan Cream\"},{\"@type\":\"BreadcrumbList\",\"@id\":\"https:\\\/\\\/www.facecorner.lv\\\/shop\\\/dalba-piedmont-italian-white-truffle-mild-skin-balancing-vegan-cream-55ml\\\/#breadcrumb\",\"itemListElement\":[{\"@type\":\"ListItem\",\"position\":1,\"name\":\"Home\",\"item\":\"https:\\\/\\\/www.facecorner.lv\\\/\"},{\"@type\":\"ListItem\",\"position\":2,\"name\":\"Veikals\",\"item\":\"https:\\\/\\\/www.facecorner.lv\\\/shop\\\/\"},{\"@type\":\"ListItem\",\"position\":3,\"name\":\"d&#8217;Alba Piedmont Italian White Truffle Mild Skin Balancing Vegan Cream 55ml\"}]},{\"@type\":\"WebSite\",\"@id\":\"https:\\\/\\\/www.facecorner.lv\\\/#website\",\"url\":\"https:\\\/\\\/www.facecorner.lv\\\/\",\"name\":\"Facecorner\",\"description\":\"\",\"publisher\":{\"@id\":\"https:\\\/\\\/www.facecorner.lv\\\/#organization\"},\"potentialAction\":[{\"@type\":\"SearchAction\",\"target\":{\"@type\":\"EntryPoint\",\"urlTemplate\":\"https:\\\/\\\/www.facecorner.lv\\\/?s={search_term_string}\"},\"query-input\":{\"@type\":\"PropertyValueSpecification\",\"valueRequired\":true,\"valueName\":\"search_term_string\"}}],\"inLanguage\":\"lv-LV\"},{\"@type\":\"Organization\",\"@id\":\"https:\\\/\\\/www.facecorner.lv\\\/#organization\",\"name\":\"Facecorner\",\"url\":\"https:\\\/\\\/www.facecorner.lv\\\/\",\"logo\":{\"@type\":\"ImageObject\",\"inLanguage\":\"lv-LV\",\"@id\":\"https:\\\/\\\/www.facecorner.lv\\\/#\\\/schema\\\/logo\\\/image\\\/\",\"url\":\"https:\\\/\\\/www.facecorner.lv\\\/wp-content\\\/uploads\\\/2024\\\/04\\\/fc-logo.jpg\",\"contentUrl\":\"https:\\\/\\\/www.facecorner.lv\\\/wp-content\\\/uploads\\\/2024\\\/04\\\/fc-logo.jpg\",\"width\":174,\"height\":28,\"caption\":\"Facecorner\"},\"image\":{\"@id\":\"https:\\\/\\\/www.facecorner.lv\\\/#\\\/schema\\\/logo\\\/image\\\/\"},\"sameAs\":[\"https:\\\/\\\/www.facebook.com\\\/profile.php?id=100063824551839\",\"https:\\\/\\\/www.instagram.com\\\/facecorner_shop\\\/\"]}]}<\/script>\n<meta property=\"product:price:amount\" content=\"29.90\" \/>\n<meta property=\"product:price:currency\" content=\"EUR\" \/>\n<meta property=\"og:availability\" content=\"out of stock\" \/>\n<meta property=\"product:availability\" content=\"out of stock\" \/>\n<meta property=\"product:condition\" content=\"new\" \/>\n<!-- \/ Yoast SEO plugin. -->","yoast_head_json":{"title":"d'Alba Piedmont Italian White Truffle Mild Skin Balancing Vegan Cream 55ml - FACECORNER","description":"d'Alba Piedmont Italian White Truffle Mild Skin Balancing Vegan Cream\u00a0 viegla, uz \u016bdens b\u0101zes izstr\u0101d\u0101ta kr\u0113ma-seruma formula ar unik\u0101lu sast\u0101vu","robots":{"index":"index","follow":"follow","max-snippet":"max-snippet:-1","max-image-preview":"max-image-preview:large","max-video-preview":"max-video-preview:-1"},"canonical":"https:\/\/www.facecorner.lv\/lv\/shop\/dalba-piedmont-italian-white-truffle-mild-skin-balancing-vegan-cream-55ml\/","og_locale":"lv_LV","og_type":"article","og_title":"d'Alba Piedmont Italian White Truffle Mild Skin Balancing Vegan Cream 55ml - FACECORNER","og_description":"d'Alba Piedmont Italian White Truffle Mild Skin Balancing Vegan Cream\u00a0 viegla, uz \u016bdens b\u0101zes izstr\u0101d\u0101ta kr\u0113ma-seruma formula ar unik\u0101lu sast\u0101vu","og_url":"https:\/\/www.facecorner.lv\/lv\/shop\/dalba-piedmont-italian-white-truffle-mild-skin-balancing-vegan-cream-55ml\/","og_site_name":"FACECORNER","article_publisher":"https:\/\/www.facebook.com\/profile.php?id=100063824551839","article_modified_time":"2025-09-04T12:17:40+00:00","og_image":[{"width":1000,"height":1000,"url":"https:\/\/www.facecorner.lv\/wp-content\/uploads\/2025\/09\/41oEt0HdHIL._UF10001000_QL80_.jpg","type":"image\/jpeg"}],"twitter_card":"summary_large_image","twitter_misc":{"Price":"&euro;29.90","Availability":"Out of stock"},"schema":{"@context":"https:\/\/schema.org","@graph":[{"@type":"WebPage","@id":"https:\/\/www.facecorner.lv\/shop\/dalba-piedmont-italian-white-truffle-mild-skin-balancing-vegan-cream-55ml\/","url":"https:\/\/www.facecorner.lv\/shop\/dalba-piedmont-italian-white-truffle-mild-skin-balancing-vegan-cream-55ml\/","name":"d'Alba Piedmont Italian White Truffle Mild Skin Balancing Vegan Cream 55ml - FACECORNER","isPartOf":{"@id":"https:\/\/www.facecorner.lv\/#website"},"primaryImageOfPage":{"@id":"https:\/\/www.facecorner.lv\/shop\/dalba-piedmont-italian-white-truffle-mild-skin-balancing-vegan-cream-55ml\/#primaryimage"},"image":{"@id":"https:\/\/www.facecorner.lv\/shop\/dalba-piedmont-italian-white-truffle-mild-skin-balancing-vegan-cream-55ml\/#primaryimage"},"thumbnailUrl":"https:\/\/www.facecorner.lv\/wp-content\/uploads\/2025\/09\/41oEt0HdHIL._UF10001000_QL80_.jpg","datePublished":"2025-09-02T08:51:12+00:00","dateModified":"2025-09-04T12:17:40+00:00","description":"d'Alba Piedmont Italian White Truffle Mild Skin Balancing Vegan Cream\u00a0 viegla, uz \u016bdens b\u0101zes izstr\u0101d\u0101ta kr\u0113ma-seruma formula ar unik\u0101lu sast\u0101vu","breadcrumb":{"@id":"https:\/\/www.facecorner.lv\/shop\/dalba-piedmont-italian-white-truffle-mild-skin-balancing-vegan-cream-55ml\/#breadcrumb"},"inLanguage":"lv-LV","potentialAction":[{"@type":"ReadAction","target":["https:\/\/www.facecorner.lv\/shop\/dalba-piedmont-italian-white-truffle-mild-skin-balancing-vegan-cream-55ml\/"]}]},{"@type":"ImageObject","inLanguage":"lv-LV","@id":"https:\/\/www.facecorner.lv\/shop\/dalba-piedmont-italian-white-truffle-mild-skin-balancing-vegan-cream-55ml\/#primaryimage","url":"https:\/\/www.facecorner.lv\/wp-content\/uploads\/2025\/09\/41oEt0HdHIL._UF10001000_QL80_.jpg","contentUrl":"https:\/\/www.facecorner.lv\/wp-content\/uploads\/2025\/09\/41oEt0HdHIL._UF10001000_QL80_.jpg","width":1000,"height":1000,"caption":"d'Alba Piedmont Italian White Truffle Mild Skin Balancing Vegan Cream"},{"@type":"BreadcrumbList","@id":"https:\/\/www.facecorner.lv\/shop\/dalba-piedmont-italian-white-truffle-mild-skin-balancing-vegan-cream-55ml\/#breadcrumb","itemListElement":[{"@type":"ListItem","position":1,"name":"Home","item":"https:\/\/www.facecorner.lv\/"},{"@type":"ListItem","position":2,"name":"Veikals","item":"https:\/\/www.facecorner.lv\/shop\/"},{"@type":"ListItem","position":3,"name":"d&#8217;Alba Piedmont Italian White Truffle Mild Skin Balancing Vegan Cream 55ml"}]},{"@type":"WebSite","@id":"https:\/\/www.facecorner.lv\/#website","url":"https:\/\/www.facecorner.lv\/","name":"Facecorner","description":"","publisher":{"@id":"https:\/\/www.facecorner.lv\/#organization"},"potentialAction":[{"@type":"SearchAction","target":{"@type":"EntryPoint","urlTemplate":"https:\/\/www.facecorner.lv\/?s={search_term_string}"},"query-input":{"@type":"PropertyValueSpecification","valueRequired":true,"valueName":"search_term_string"}}],"inLanguage":"lv-LV"},{"@type":"Organization","@id":"https:\/\/www.facecorner.lv\/#organization","name":"Facecorner","url":"https:\/\/www.facecorner.lv\/","logo":{"@type":"ImageObject","inLanguage":"lv-LV","@id":"https:\/\/www.facecorner.lv\/#\/schema\/logo\/image\/","url":"https:\/\/www.facecorner.lv\/wp-content\/uploads\/2024\/04\/fc-logo.jpg","contentUrl":"https:\/\/www.facecorner.lv\/wp-content\/uploads\/2024\/04\/fc-logo.jpg","width":174,"height":28,"caption":"Facecorner"},"image":{"@id":"https:\/\/www.facecorner.lv\/#\/schema\/logo\/image\/"},"sameAs":["https:\/\/www.facebook.com\/profile.php?id=100063824551839","https:\/\/www.instagram.com\/facecorner_shop\/"]}]},"product_price_amount":"29.90","product_price_currency":"EUR","og_availability":"out of stock","product_availability":"out of stock","product_condition":"new"},"_links":{"self":[{"href":"https:\/\/www.facecorner.lv\/lv\/wp-json\/wp\/v2\/product\/25150","targetHints":{"allow":["GET"]}}],"collection":[{"href":"https:\/\/www.facecorner.lv\/lv\/wp-json\/wp\/v2\/product"}],"about":[{"href":"https:\/\/www.facecorner.lv\/lv\/wp-json\/wp\/v2\/types\/product"}],"replies":[{"embeddable":true,"href":"https:\/\/www.facecorner.lv\/lv\/wp-json\/wp\/v2\/comments?post=25150"}],"wp:featuredmedia":[{"embeddable":true,"href":"https:\/\/www.facecorner.lv\/lv\/wp-json\/wp\/v2\/media\/25151"}],"wp:attachment":[{"href":"https:\/\/www.facecorner.lv\/lv\/wp-json\/wp\/v2\/media?parent=25150"}],"wp:term":[{"taxonomy":"product_brand","embeddable":true,"href":"https:\/\/www.facecorner.lv\/lv\/wp-json\/wp\/v2\/product_brand?post=25150"},{"taxonomy":"product_cat","embeddable":true,"href":"https:\/\/www.facecorner.lv\/lv\/wp-json\/wp\/v2\/product_cat?post=25150"},{"taxonomy":"product_tag","embeddable":true,"href":"https:\/\/www.facecorner.lv\/lv\/wp-json\/wp\/v2\/product_tag?post=25150"},{"taxonomy":"berocket_brand","embeddable":true,"href":"https:\/\/www.facecorner.lv\/lv\/wp-json\/wp\/v2\/berocket_brand?post=25150"}],"curies":[{"name":"wp","href":"https:\/\/api.w.org\/{rel}","templated":true}]}}