{"id":25141,"date":"2025-09-02T11:01:58","date_gmt":"2025-09-02T08:01:58","guid":{"rendered":"https:\/\/www.facecorner.lv\/?post_type=product&#038;p=25141"},"modified":"2026-02-17T11:19:50","modified_gmt":"2026-02-17T08:19:50","slug":"dalba-vita-toning-serum-toner-180ml","status":"publish","type":"product","link":"https:\/\/www.facecorner.lv\/lv\/shop\/dalba-vita-toning-serum-toner-180ml\/","title":{"rendered":"D&#8217;Alba Vita Toning Serum Toner 180ml"},"content":{"rendered":"<p>D&#8217;Alba Vita Toning Serum Toner\u00a0 toniz\u0113jo\u0161s serums-toniks ar pretnoveco\u0161an\u0101s un izgaismojo\u0161u efektu.<\/p>\n<p>D\u0101v\u0101jiet savai \u0101dai svaiguma un mirdzuma devu ar daudzfunkcion\u0101lo toniku-serumu D&#8217;Alba Vita Toning Serum Toner. \u0160\u012b unik\u0101l\u0101 formula apvieno toniku un serumu, nodro\u0161inot intens\u012bvu mitrin\u0101\u0161anu, toniz\u0113\u0161anu un \u0101das to\u0146a izl\u012bdzin\u0101\u0161anu jau p\u0113c pirm\u0101s lieto\u0161anas reizes.<\/p>\n<ul>\n<li>Dzi\u013ci mitrina \u2013 hialuronsk\u0101be un niac\u012bnam\u012bds pies\u0101tina \u0101du ar mitrumu un saglab\u0101 to visas dienas garum\u0101.<\/li>\n<li>Izgaismojo\u0161s efekts \u2013 C vitam\u012bns un aug\u013cu ekstrakti uzlabo sejas toni, pie\u0161\u0137irot \u0101dai vesel\u012bgu mirdzumu.<\/li>\n<li>Antioksidantu aizsardz\u012bba \u2013 sp\u0113c\u012bgi antioksidanti no v\u012bnog\u0101m un citiem superp\u0101rtikas produktiem aizsarg\u0101 no vides ietekmes.<\/li>\n<li>Nomierino\u0161s komplekss \u2013 centellas un za\u013c\u0101s t\u0113jas ekstrakti samazina kairin\u0101jumu un aps\u0101rtumu.<\/li>\n<li>Starojo\u0161a un elast\u012bga \u0101da \u2013 regul\u0101ri lietojot, \u0101da k\u013c\u016bst iev\u0113rojami glud\u0101ka, elast\u012bg\u0101ka un kopta.<\/li>\n<\/ul>\n<p><strong>Lieto\u0161anas veids:<\/strong> P\u0113c att\u012br\u012b\u0161anas uzkl\u0101jiet nelielu daudzumu l\u012bdzek\u013ca uz plaukstas vai vates diska un maigi izl\u012bdziniet pa seju. Lietojiet no r\u012bta un vakar\u0101 k\u0101 pirmo kop\u0161anas posmu p\u0113c sejas mazg\u0101\u0161anas.<\/p>\n<p><strong>Sast\u0101vs:<\/strong> Water, Hippophae Rhamnoides Water(117600ppm), Dipropylene Glycol, Glycereth-26, 1,2-Hexanediol, Niacinamide(20000ppm), Glycerin, Methyl Gluceth-20,Polyglyceryl-10 Laurate, Cetearyl Alcohol, Betaine, Tromethamine, Acrylates\/C10-30 Alkyl Acrylate Crosspolymer, Ethylhexylglycerin, Adenosine, Melia AzadirachtaFlower Extract, Ocimum Sanctum Leaf Extract, Melia Azadirachta Leaf Extract, Sodium Hyaluronate, Panthenol(100ppm), Hydrolyzed Hyaluronic Acid, CentellaAsiatica Extract, Collagen Extract, Butylene Glycol, Curcuma Longa (Turmeric) Root Extract, Corallina Officinalis Extract, Theobroma Cacao (Cocoa) Extract, Dextrin,Saccharomyces Ferment Filtrate, Polyquaternium-51, Hydrogenated Lecithin, Glutathione, Coccinia Indica Fruit Extract, Tuber Magnatum Extract, LinumUsitatissimum (Linseed) Seed Extract, Persea Gratissima (Avocado) Oil, Olea Europaea (Olive) Fruit Oil, Oenothera Biennis (Evening Primrose) Oil, Nymphaea AlbaFlower Extract, Malus Domestica Fruit Extract, Macadamia Ternifolia Seed Oil, Hippophae Rhamnoides Fruit Oil, Helianthus Annuus (Sunflower) Seed Oil, GlycineSoja (Soybean) Oil, Ceramide NP, Camellia Japonica Seed Oil, Backhousia Citriodora Leaf Oil, Ascorbic Acid(1000ppb), Hydrolyzed Soy Protein, Hydrolyzed RiceProtein, Hydrolyzed Potato Protein, Hydrolyzed Pea Protein, Hydrolyzed Lupine Protein, Hydrolyzed Oat Protein, Hydrolyzed Corn Protein, Hydrolyzed WheatProtein, Hydrolyzed Sweet Almond Protein, Hydrolyzed Barley Protein, Hydrolyzed Vegetable Protein, Hydrolyzed Jojoba Protein, Glycoproteins, Mannose,Glucuronic Acid, Glucose, Tocopherol(0.003ppm), Fragrance, Limonene, Hexyl Cinnamal, Linalool<\/p>\n","protected":false},"excerpt":{"rendered":"<p>D&#8217;Alba Vita Toning Serum Toner\u00a0 toniz\u0113jo\u0161s serums-toniks ar pretnoveco\u0161an\u0101s un izgaismojo\u0161u efektu.<\/p>\n","protected":false},"featured_media":25142,"comment_status":"open","ping_status":"closed","template":"","meta":{"site-sidebar-layout":"default","site-content-layout":"","ast-site-content-layout":"default","site-content-style":"default","site-sidebar-style":"default","ast-global-header-display":"","ast-banner-title-visibility":"","ast-main-header-display":"","ast-hfb-above-header-display":"","ast-hfb-below-header-display":"","ast-hfb-mobile-header-display":"","site-post-title":"","ast-breadcrumbs-content":"","ast-featured-img":"","footer-sml-layout":"","theme-transparent-header-meta":"default","adv-header-id-meta":"","stick-header-meta":"","header-above-stick-meta":"","header-main-stick-meta":"","header-below-stick-meta":"","astra-migrate-meta-layouts":"set","ast-page-background-enabled":"default","ast-page-background-meta":{"desktop":{"background-color":"var(--ast-global-color-4)","background-image":"","background-repeat":"repeat","background-position":"center center","background-size":"auto","background-attachment":"scroll","background-type":"","background-media":"","overlay-type":"","overlay-color":"","overlay-opacity":"","overlay-gradient":""},"tablet":{"background-color":"","background-image":"","background-repeat":"repeat","background-position":"center center","background-size":"auto","background-attachment":"scroll","background-type":"","background-media":"","overlay-type":"","overlay-color":"","overlay-opacity":"","overlay-gradient":""},"mobile":{"background-color":"","background-image":"","background-repeat":"repeat","background-position":"center center","background-size":"auto","background-attachment":"scroll","background-type":"","background-media":"","overlay-type":"","overlay-color":"","overlay-opacity":"","overlay-gradient":""}},"ast-content-background-meta":{"desktop":{"background-color":"var(--ast-global-color-5)","background-image":"","background-repeat":"repeat","background-position":"center center","background-size":"auto","background-attachment":"scroll","background-type":"","background-media":"","overlay-type":"","overlay-color":"","overlay-opacity":"","overlay-gradient":""},"tablet":{"background-color":"var(--ast-global-color-5)","background-image":"","background-repeat":"repeat","background-position":"center center","background-size":"auto","background-attachment":"scroll","background-type":"","background-media":"","overlay-type":"","overlay-color":"","overlay-opacity":"","overlay-gradient":""},"mobile":{"background-color":"var(--ast-global-color-5)","background-image":"","background-repeat":"repeat","background-position":"center center","background-size":"auto","background-attachment":"scroll","background-type":"","background-media":"","overlay-type":"","overlay-color":"","overlay-opacity":"","overlay-gradient":""}}},"product_brand":[],"product_cat":[375,378,364,376],"product_tag":[],"berocket_brand":[572],"class_list":{"0":"post-25141","1":"product","2":"type-product","3":"status-publish","4":"has-post-thumbnail","6":"product_cat-jutigai-adai-toneri","7":"product_cat-sausai-adai-toneri","8":"product_cat-toneri","9":"product_cat-kombinetai-adai-toneri","10":"berocket_brand-dalba","11":"desktop-align-left","12":"tablet-align-left","13":"mobile-align-left","15":"first","16":"outofstock","17":"taxable","18":"shipping-taxable","19":"purchasable","20":"product-type-simple","21":"add-to-wishlist-before_image"},"yoast_head":"<!-- This site is optimized with the Yoast SEO plugin v27.4 - https:\/\/yoast.com\/product\/yoast-seo-wordpress\/ -->\n<title>D&#039;Alba Vita Toning Serum Toner 180ml - FACECORNER<\/title>\n<meta name=\"description\" content=\"D&#039;Alba Vita Toning Serum Toner\u00a0 toniz\u0113jo\u0161s serums-toniks ar pretnoveco\u0161an\u0101s un izgaismojo\u0161u efektu.D\u0101v\u0101jiet savai \u0101dai svaiguma un mirdzuma devu\" \/>\n<meta name=\"robots\" content=\"index, follow, max-snippet:-1, max-image-preview:large, max-video-preview:-1\" \/>\n<link rel=\"canonical\" href=\"https:\/\/www.facecorner.lv\/lv\/shop\/dalba-vita-toning-serum-toner-180ml\/\" \/>\n<meta property=\"og:locale\" content=\"lv_LV\" \/>\n<meta property=\"og:type\" content=\"article\" \/>\n<meta property=\"og:title\" content=\"D&#039;Alba Vita Toning Serum Toner 180ml - FACECORNER\" \/>\n<meta property=\"og:description\" content=\"D&#039;Alba Vita Toning Serum Toner\u00a0 toniz\u0113jo\u0161s serums-toniks ar pretnoveco\u0161an\u0101s un izgaismojo\u0161u efektu.D\u0101v\u0101jiet savai \u0101dai svaiguma un mirdzuma devu\" \/>\n<meta property=\"og:url\" content=\"https:\/\/www.facecorner.lv\/lv\/shop\/dalba-vita-toning-serum-toner-180ml\/\" \/>\n<meta property=\"og:site_name\" content=\"FACECORNER\" \/>\n<meta property=\"article:publisher\" content=\"https:\/\/www.facebook.com\/profile.php?id=100063824551839\" \/>\n<meta property=\"article:modified_time\" content=\"2026-02-17T08:19:50+00:00\" \/>\n<meta property=\"og:image\" content=\"https:\/\/www.facecorner.lv\/wp-content\/uploads\/2025\/09\/DLB091-600x600-1.png\" \/>\n\t<meta property=\"og:image:width\" content=\"600\" \/>\n\t<meta property=\"og:image:height\" content=\"600\" \/>\n\t<meta property=\"og:image:type\" content=\"image\/png\" \/>\n<meta name=\"twitter:card\" content=\"summary_large_image\" \/>\n<meta name=\"twitter:label1\" content=\"Price\" \/>\n\t<meta name=\"twitter:data1\" content=\"&euro;45.00\" \/>\n\t<meta name=\"twitter:label2\" content=\"Availability\" \/>\n\t<meta name=\"twitter:data2\" content=\"Out of stock\" \/>\n<script type=\"application\/ld+json\" class=\"yoast-schema-graph\">{\"@context\":\"https:\\\/\\\/schema.org\",\"@graph\":[{\"@type\":\"WebPage\",\"@id\":\"https:\\\/\\\/www.facecorner.lv\\\/shop\\\/dalba-vita-toning-serum-toner-180ml\\\/\",\"url\":\"https:\\\/\\\/www.facecorner.lv\\\/shop\\\/dalba-vita-toning-serum-toner-180ml\\\/\",\"name\":\"D'Alba Vita Toning Serum Toner 180ml - FACECORNER\",\"isPartOf\":{\"@id\":\"https:\\\/\\\/www.facecorner.lv\\\/#website\"},\"primaryImageOfPage\":{\"@id\":\"https:\\\/\\\/www.facecorner.lv\\\/shop\\\/dalba-vita-toning-serum-toner-180ml\\\/#primaryimage\"},\"image\":{\"@id\":\"https:\\\/\\\/www.facecorner.lv\\\/shop\\\/dalba-vita-toning-serum-toner-180ml\\\/#primaryimage\"},\"thumbnailUrl\":\"https:\\\/\\\/www.facecorner.lv\\\/wp-content\\\/uploads\\\/2025\\\/09\\\/DLB091-600x600-1.png\",\"datePublished\":\"2025-09-02T08:01:58+00:00\",\"dateModified\":\"2026-02-17T08:19:50+00:00\",\"description\":\"D'Alba Vita Toning Serum Toner\u00a0 toniz\u0113jo\u0161s serums-toniks ar pretnoveco\u0161an\u0101s un izgaismojo\u0161u efektu.D\u0101v\u0101jiet savai \u0101dai svaiguma un mirdzuma devu\",\"breadcrumb\":{\"@id\":\"https:\\\/\\\/www.facecorner.lv\\\/shop\\\/dalba-vita-toning-serum-toner-180ml\\\/#breadcrumb\"},\"inLanguage\":\"lv-LV\",\"potentialAction\":[{\"@type\":\"ReadAction\",\"target\":[\"https:\\\/\\\/www.facecorner.lv\\\/shop\\\/dalba-vita-toning-serum-toner-180ml\\\/\"]}]},{\"@type\":\"ImageObject\",\"inLanguage\":\"lv-LV\",\"@id\":\"https:\\\/\\\/www.facecorner.lv\\\/shop\\\/dalba-vita-toning-serum-toner-180ml\\\/#primaryimage\",\"url\":\"https:\\\/\\\/www.facecorner.lv\\\/wp-content\\\/uploads\\\/2025\\\/09\\\/DLB091-600x600-1.png\",\"contentUrl\":\"https:\\\/\\\/www.facecorner.lv\\\/wp-content\\\/uploads\\\/2025\\\/09\\\/DLB091-600x600-1.png\",\"width\":600,\"height\":600,\"caption\":\"D'Alba Vita Toning Serum Toner\"},{\"@type\":\"BreadcrumbList\",\"@id\":\"https:\\\/\\\/www.facecorner.lv\\\/shop\\\/dalba-vita-toning-serum-toner-180ml\\\/#breadcrumb\",\"itemListElement\":[{\"@type\":\"ListItem\",\"position\":1,\"name\":\"Home\",\"item\":\"https:\\\/\\\/www.facecorner.lv\\\/\"},{\"@type\":\"ListItem\",\"position\":2,\"name\":\"Veikals\",\"item\":\"https:\\\/\\\/www.facecorner.lv\\\/shop\\\/\"},{\"@type\":\"ListItem\",\"position\":3,\"name\":\"D&#8217;Alba Vita Toning Serum Toner 180ml\"}]},{\"@type\":\"WebSite\",\"@id\":\"https:\\\/\\\/www.facecorner.lv\\\/#website\",\"url\":\"https:\\\/\\\/www.facecorner.lv\\\/\",\"name\":\"Facecorner\",\"description\":\"\",\"publisher\":{\"@id\":\"https:\\\/\\\/www.facecorner.lv\\\/#organization\"},\"potentialAction\":[{\"@type\":\"SearchAction\",\"target\":{\"@type\":\"EntryPoint\",\"urlTemplate\":\"https:\\\/\\\/www.facecorner.lv\\\/?s={search_term_string}\"},\"query-input\":{\"@type\":\"PropertyValueSpecification\",\"valueRequired\":true,\"valueName\":\"search_term_string\"}}],\"inLanguage\":\"lv-LV\"},{\"@type\":\"Organization\",\"@id\":\"https:\\\/\\\/www.facecorner.lv\\\/#organization\",\"name\":\"Facecorner\",\"url\":\"https:\\\/\\\/www.facecorner.lv\\\/\",\"logo\":{\"@type\":\"ImageObject\",\"inLanguage\":\"lv-LV\",\"@id\":\"https:\\\/\\\/www.facecorner.lv\\\/#\\\/schema\\\/logo\\\/image\\\/\",\"url\":\"https:\\\/\\\/www.facecorner.lv\\\/wp-content\\\/uploads\\\/2024\\\/04\\\/fc-logo.jpg\",\"contentUrl\":\"https:\\\/\\\/www.facecorner.lv\\\/wp-content\\\/uploads\\\/2024\\\/04\\\/fc-logo.jpg\",\"width\":174,\"height\":28,\"caption\":\"Facecorner\"},\"image\":{\"@id\":\"https:\\\/\\\/www.facecorner.lv\\\/#\\\/schema\\\/logo\\\/image\\\/\"},\"sameAs\":[\"https:\\\/\\\/www.facebook.com\\\/profile.php?id=100063824551839\",\"https:\\\/\\\/www.instagram.com\\\/facecorner_shop\\\/\"]}]}<\/script>\n<meta property=\"product:price:amount\" content=\"45.00\" \/>\n<meta property=\"product:price:currency\" content=\"EUR\" \/>\n<meta property=\"og:availability\" content=\"out of stock\" \/>\n<meta property=\"product:availability\" content=\"out of stock\" \/>\n<meta property=\"product:condition\" content=\"new\" \/>\n<!-- \/ Yoast SEO plugin. -->","yoast_head_json":{"title":"D'Alba Vita Toning Serum Toner 180ml - FACECORNER","description":"D'Alba Vita Toning Serum Toner\u00a0 toniz\u0113jo\u0161s serums-toniks ar pretnoveco\u0161an\u0101s un izgaismojo\u0161u efektu.D\u0101v\u0101jiet savai \u0101dai svaiguma un mirdzuma devu","robots":{"index":"index","follow":"follow","max-snippet":"max-snippet:-1","max-image-preview":"max-image-preview:large","max-video-preview":"max-video-preview:-1"},"canonical":"https:\/\/www.facecorner.lv\/lv\/shop\/dalba-vita-toning-serum-toner-180ml\/","og_locale":"lv_LV","og_type":"article","og_title":"D'Alba Vita Toning Serum Toner 180ml - FACECORNER","og_description":"D'Alba Vita Toning Serum Toner\u00a0 toniz\u0113jo\u0161s serums-toniks ar pretnoveco\u0161an\u0101s un izgaismojo\u0161u efektu.D\u0101v\u0101jiet savai \u0101dai svaiguma un mirdzuma devu","og_url":"https:\/\/www.facecorner.lv\/lv\/shop\/dalba-vita-toning-serum-toner-180ml\/","og_site_name":"FACECORNER","article_publisher":"https:\/\/www.facebook.com\/profile.php?id=100063824551839","article_modified_time":"2026-02-17T08:19:50+00:00","og_image":[{"width":600,"height":600,"url":"https:\/\/www.facecorner.lv\/wp-content\/uploads\/2025\/09\/DLB091-600x600-1.png","type":"image\/png"}],"twitter_card":"summary_large_image","twitter_misc":{"Price":"&euro;45.00","Availability":"Out of stock"},"schema":{"@context":"https:\/\/schema.org","@graph":[{"@type":"WebPage","@id":"https:\/\/www.facecorner.lv\/shop\/dalba-vita-toning-serum-toner-180ml\/","url":"https:\/\/www.facecorner.lv\/shop\/dalba-vita-toning-serum-toner-180ml\/","name":"D'Alba Vita Toning Serum Toner 180ml - FACECORNER","isPartOf":{"@id":"https:\/\/www.facecorner.lv\/#website"},"primaryImageOfPage":{"@id":"https:\/\/www.facecorner.lv\/shop\/dalba-vita-toning-serum-toner-180ml\/#primaryimage"},"image":{"@id":"https:\/\/www.facecorner.lv\/shop\/dalba-vita-toning-serum-toner-180ml\/#primaryimage"},"thumbnailUrl":"https:\/\/www.facecorner.lv\/wp-content\/uploads\/2025\/09\/DLB091-600x600-1.png","datePublished":"2025-09-02T08:01:58+00:00","dateModified":"2026-02-17T08:19:50+00:00","description":"D'Alba Vita Toning Serum Toner\u00a0 toniz\u0113jo\u0161s serums-toniks ar pretnoveco\u0161an\u0101s un izgaismojo\u0161u efektu.D\u0101v\u0101jiet savai \u0101dai svaiguma un mirdzuma devu","breadcrumb":{"@id":"https:\/\/www.facecorner.lv\/shop\/dalba-vita-toning-serum-toner-180ml\/#breadcrumb"},"inLanguage":"lv-LV","potentialAction":[{"@type":"ReadAction","target":["https:\/\/www.facecorner.lv\/shop\/dalba-vita-toning-serum-toner-180ml\/"]}]},{"@type":"ImageObject","inLanguage":"lv-LV","@id":"https:\/\/www.facecorner.lv\/shop\/dalba-vita-toning-serum-toner-180ml\/#primaryimage","url":"https:\/\/www.facecorner.lv\/wp-content\/uploads\/2025\/09\/DLB091-600x600-1.png","contentUrl":"https:\/\/www.facecorner.lv\/wp-content\/uploads\/2025\/09\/DLB091-600x600-1.png","width":600,"height":600,"caption":"D'Alba Vita Toning Serum Toner"},{"@type":"BreadcrumbList","@id":"https:\/\/www.facecorner.lv\/shop\/dalba-vita-toning-serum-toner-180ml\/#breadcrumb","itemListElement":[{"@type":"ListItem","position":1,"name":"Home","item":"https:\/\/www.facecorner.lv\/"},{"@type":"ListItem","position":2,"name":"Veikals","item":"https:\/\/www.facecorner.lv\/shop\/"},{"@type":"ListItem","position":3,"name":"D&#8217;Alba Vita Toning Serum Toner 180ml"}]},{"@type":"WebSite","@id":"https:\/\/www.facecorner.lv\/#website","url":"https:\/\/www.facecorner.lv\/","name":"Facecorner","description":"","publisher":{"@id":"https:\/\/www.facecorner.lv\/#organization"},"potentialAction":[{"@type":"SearchAction","target":{"@type":"EntryPoint","urlTemplate":"https:\/\/www.facecorner.lv\/?s={search_term_string}"},"query-input":{"@type":"PropertyValueSpecification","valueRequired":true,"valueName":"search_term_string"}}],"inLanguage":"lv-LV"},{"@type":"Organization","@id":"https:\/\/www.facecorner.lv\/#organization","name":"Facecorner","url":"https:\/\/www.facecorner.lv\/","logo":{"@type":"ImageObject","inLanguage":"lv-LV","@id":"https:\/\/www.facecorner.lv\/#\/schema\/logo\/image\/","url":"https:\/\/www.facecorner.lv\/wp-content\/uploads\/2024\/04\/fc-logo.jpg","contentUrl":"https:\/\/www.facecorner.lv\/wp-content\/uploads\/2024\/04\/fc-logo.jpg","width":174,"height":28,"caption":"Facecorner"},"image":{"@id":"https:\/\/www.facecorner.lv\/#\/schema\/logo\/image\/"},"sameAs":["https:\/\/www.facebook.com\/profile.php?id=100063824551839","https:\/\/www.instagram.com\/facecorner_shop\/"]}]},"product_price_amount":"45.00","product_price_currency":"EUR","og_availability":"out of stock","product_availability":"out of stock","product_condition":"new"},"_links":{"self":[{"href":"https:\/\/www.facecorner.lv\/lv\/wp-json\/wp\/v2\/product\/25141","targetHints":{"allow":["GET"]}}],"collection":[{"href":"https:\/\/www.facecorner.lv\/lv\/wp-json\/wp\/v2\/product"}],"about":[{"href":"https:\/\/www.facecorner.lv\/lv\/wp-json\/wp\/v2\/types\/product"}],"replies":[{"embeddable":true,"href":"https:\/\/www.facecorner.lv\/lv\/wp-json\/wp\/v2\/comments?post=25141"}],"wp:featuredmedia":[{"embeddable":true,"href":"https:\/\/www.facecorner.lv\/lv\/wp-json\/wp\/v2\/media\/25142"}],"wp:attachment":[{"href":"https:\/\/www.facecorner.lv\/lv\/wp-json\/wp\/v2\/media?parent=25141"}],"wp:term":[{"taxonomy":"product_brand","embeddable":true,"href":"https:\/\/www.facecorner.lv\/lv\/wp-json\/wp\/v2\/product_brand?post=25141"},{"taxonomy":"product_cat","embeddable":true,"href":"https:\/\/www.facecorner.lv\/lv\/wp-json\/wp\/v2\/product_cat?post=25141"},{"taxonomy":"product_tag","embeddable":true,"href":"https:\/\/www.facecorner.lv\/lv\/wp-json\/wp\/v2\/product_tag?post=25141"},{"taxonomy":"berocket_brand","embeddable":true,"href":"https:\/\/www.facecorner.lv\/lv\/wp-json\/wp\/v2\/berocket_brand?post=25141"}],"curies":[{"name":"wp","href":"https:\/\/api.w.org\/{rel}","templated":true}]}}