{"id":25101,"date":"2025-08-29T14:49:56","date_gmt":"2025-08-29T11:49:56","guid":{"rendered":"https:\/\/www.facecorner.lv\/?post_type=product&#038;p=25101"},"modified":"2025-09-29T14:52:35","modified_gmt":"2025-09-29T11:52:35","slug":"vt-pdrn-glow-sun-essence-spf-50-50ml","status":"publish","type":"product","link":"https:\/\/www.facecorner.lv\/lv\/shop\/vt-pdrn-glow-sun-essence-spf-50-50ml\/","title":{"rendered":"VT PDRN Glow Sun Essence SPF 50 50ml"},"content":{"rendered":"<p>VT PDRN Glow Sun Essence SPF 50\u00a0 ir viegla saules aizsardz\u012bbas esence, kas apvieno sp\u0113c\u012bgu aizsardz\u012bbu pret sauli (SPF50+ PA+++) ar atjaunojo\u0161\u0101m \u012bpa\u0161\u012bb\u0101m PDRN (polinukleot\u012bds), kas ieg\u016bts no \u017een\u0161e\u0146a saknes.<\/p>\n<p>L\u012bdzeklis nodro\u0161ina mitrin\u0101\u0161anu, mirdzumu un komfortu, neatst\u0101jot \u201cbalto pl\u0113vi\u201d. Ide\u0101la izv\u0113le ikdienas kop\u0161anai ar premium aizsardz\u012bbu pret ultravioleto starojumu.<\/p>\n<ul>\n<li>Augsta aizsardz\u012bba pret UVA un UVB starojumu: SPF50+ PA+++ efekt\u012bvi aizsarg\u0101 \u0101du no kait\u012bg\u0101s saules staru ietekmes.<\/li>\n<li>Atjaunojo\u0161s, mirdzo\u0161s fini\u0161s: pie\u0161\u0137ir \u0101dai dabisku mirdzumu, neizskat\u0101s taukains vai lip\u012bgs.<\/li>\n<li>Mitrin\u0101\u0161ana un atjauno\u0161ana: pateicoties PDRN, Skin Moisture C4 kompleksam un pept\u012bdiem, \u0101da sa\u0146em nepiecie\u0161amo mitrumu un re\u0123ener\u0101ciju.<\/li>\n<li>Pretnoveco\u0161an\u0101s efekts: satur 4 veidu pept\u012bdus, kas stimul\u0113 \u0101das nostiprin\u0101\u0161anu un grumbu izl\u012bdzin\u0101\u0161anu.<\/li>\n<li>Nomierino\u0161i augu ekstrakti: lavandas un agaves ekstrakti pal\u012bdz mazin\u0101t kairin\u0101jumu un uzlabot \u0101das barjeru.<\/li>\n<\/ul>\n<p><strong>Lieto\u0161ana:<\/strong> P\u0113c ikdienas \u0101das kop\u0161anas proced\u016br\u0101m uzkl\u0101jiet sejas un kakla zonai saules aizsargl\u012bdzekli. Izl\u012bdziniet ar viegliem piesk\u0101rieniem. Ilgsto\u0161ai aizsardz\u012bbai atk\u0101rtojiet ik p\u0113c 2\u20133 stund\u0101m vai p\u0113c sv\u012b\u0161anas\/nosusin\u0101\u0161anas.<\/p>\n<p><strong>Sast\u0101vs:<\/strong> Water, Ethylhexyl Palmitate, Butylene Glycol, Ethylhexyl Methoxycinnamate, Zinc Oxide, Ceresin, Octyldodecanol, Ethylhexyl Salicylate, Titanium Dioxide, Octocrylene, Bis-Ethylhexyloxyphenol Methoxyphenyl Triazine, Microcrystalline Wax, Caprylyl Glycol, Aluminum Hydroxide, Mica, Stearic Acid, Fragrance, Cetyl PEG\/PPG\u201110\/1 Dimethicone, Hydrogen Dimethicone, 1,2\u2011Hexanediol, Ethylhexylglycerin, Glycerin, Oil Soluble Licorice (Glycyrrhiza) Extract, Adenosine, Triethoxycaprylylsilane, Chromium Oxide Greens, Hydrolyzed Gardenia Florida Extract, Hydrolyzed Malt Extract, Hydrolyzed Viola Tricolor Extract, Ultramarines, Agave Tequilana Leaf Extract, Portulaca Oleracea Extract, Kaolin, Pentaerythrityl Tetra-di-t-butyl Hydroxyhydrocinnamate, Panax Ginseng Root Extract, Lavandula Angustifolia (Lavender) Flower Extract, Caprylic\/Capric Triglyceride, Hydrogenated Lecithin, Polyglyceryl\u201110 Oleate, Sodium DNA (PDRN), Melaleuca Alternifolia (Tea Tree) Flower\/Leaf\/Stem Extract, Centella Asiatica Extract, Sodium Ascorbyl Phosphate, Disodium EDTA, Copper Tripeptide\u20111, Palmitoyl Pentapeptide\u20114, Acetyl Hexapeptide\u20118, Palmitoyl Tripeptide\u20111.<\/p>\n","protected":false},"excerpt":{"rendered":"<p>VT PDRN Glow Sun Essence SPF 50\u00a0 ir viegla saules aizsardz\u012bbas esence, kas apvieno sp\u0113c\u012bgu aizsardz\u012bbu pret sauli (SPF50+ PA+++) ar atjaunojo\u0161\u0101m \u012bpa\u0161\u012bb\u0101m PDRN (polinukleot\u012bds), kas ieg\u016bts no \u017een\u0161e\u0146a saknes.<\/p>\n","protected":false},"featured_media":25104,"comment_status":"open","ping_status":"closed","template":"","meta":{"site-sidebar-layout":"default","site-content-layout":"","ast-site-content-layout":"default","site-content-style":"default","site-sidebar-style":"default","ast-global-header-display":"","ast-banner-title-visibility":"","ast-main-header-display":"","ast-hfb-above-header-display":"","ast-hfb-below-header-display":"","ast-hfb-mobile-header-display":"","site-post-title":"","ast-breadcrumbs-content":"","ast-featured-img":"","footer-sml-layout":"","theme-transparent-header-meta":"default","adv-header-id-meta":"","stick-header-meta":"","header-above-stick-meta":"","header-main-stick-meta":"","header-below-stick-meta":"","astra-migrate-meta-layouts":"set","ast-page-background-enabled":"default","ast-page-background-meta":{"desktop":{"background-color":"var(--ast-global-color-4)","background-image":"","background-repeat":"repeat","background-position":"center center","background-size":"auto","background-attachment":"scroll","background-type":"","background-media":"","overlay-type":"","overlay-color":"","overlay-opacity":"","overlay-gradient":""},"tablet":{"background-color":"","background-image":"","background-repeat":"repeat","background-position":"center center","background-size":"auto","background-attachment":"scroll","background-type":"","background-media":"","overlay-type":"","overlay-color":"","overlay-opacity":"","overlay-gradient":""},"mobile":{"background-color":"","background-image":"","background-repeat":"repeat","background-position":"center center","background-size":"auto","background-attachment":"scroll","background-type":"","background-media":"","overlay-type":"","overlay-color":"","overlay-opacity":"","overlay-gradient":""}},"ast-content-background-meta":{"desktop":{"background-color":"var(--ast-global-color-5)","background-image":"","background-repeat":"repeat","background-position":"center center","background-size":"auto","background-attachment":"scroll","background-type":"","background-media":"","overlay-type":"","overlay-color":"","overlay-opacity":"","overlay-gradient":""},"tablet":{"background-color":"var(--ast-global-color-5)","background-image":"","background-repeat":"repeat","background-position":"center center","background-size":"auto","background-attachment":"scroll","background-type":"","background-media":"","overlay-type":"","overlay-color":"","overlay-opacity":"","overlay-gradient":""},"mobile":{"background-color":"var(--ast-global-color-5)","background-image":"","background-repeat":"repeat","background-position":"center center","background-size":"auto","background-attachment":"scroll","background-type":"","background-media":"","overlay-type":"","overlay-color":"","overlay-opacity":"","overlay-gradient":""}}},"product_brand":[],"product_cat":[652,512],"product_tag":[],"berocket_brand":[582],"class_list":{"0":"post-25101","1":"product","2":"type-product","3":"status-publish","4":"has-post-thumbnail","6":"product_cat-pdrn","7":"product_cat-spf","8":"berocket_brand-vt","9":"desktop-align-left","10":"tablet-align-left","11":"mobile-align-left","13":"first","14":"outofstock","15":"taxable","16":"shipping-taxable","17":"purchasable","18":"product-type-simple","19":"add-to-wishlist-before_image"},"yoast_head":"<!-- This site is optimized with the Yoast SEO plugin v27.4 - https:\/\/yoast.com\/product\/yoast-seo-wordpress\/ -->\n<title>VT PDRN Glow Sun Essence SPF 50 50ml - FACECORNER<\/title>\n<meta name=\"description\" content=\"VT PDRN Glow Sun Essence SPF 50\u00a0 ir viegla saules aizsardz\u012bbas esence, kas apvieno sp\u0113c\u012bgu aizsardz\u012bbu pret sauli (SPF50+ PA+++) ar atjaunojo\u0161\u0101m \u012bpa\u0161\u012bb\u0101m\" \/>\n<meta name=\"robots\" content=\"index, follow, max-snippet:-1, max-image-preview:large, max-video-preview:-1\" \/>\n<link rel=\"canonical\" href=\"https:\/\/www.facecorner.lv\/lv\/shop\/vt-pdrn-glow-sun-essence-spf-50-50ml\/\" \/>\n<meta property=\"og:locale\" content=\"lv_LV\" \/>\n<meta property=\"og:type\" content=\"article\" \/>\n<meta property=\"og:title\" content=\"VT PDRN Glow Sun Essence SPF 50 50ml - FACECORNER\" \/>\n<meta property=\"og:description\" content=\"VT PDRN Glow Sun Essence SPF 50\u00a0 ir viegla saules aizsardz\u012bbas esence, kas apvieno sp\u0113c\u012bgu aizsardz\u012bbu pret sauli (SPF50+ PA+++) ar atjaunojo\u0161\u0101m \u012bpa\u0161\u012bb\u0101m\" \/>\n<meta property=\"og:url\" content=\"https:\/\/www.facecorner.lv\/lv\/shop\/vt-pdrn-glow-sun-essence-spf-50-50ml\/\" \/>\n<meta property=\"og:site_name\" content=\"FACECORNER\" \/>\n<meta property=\"article:publisher\" content=\"https:\/\/www.facebook.com\/profile.php?id=100063824551839\" \/>\n<meta property=\"article:modified_time\" content=\"2025-09-29T11:52:35+00:00\" \/>\n<meta property=\"og:image\" content=\"https:\/\/www.facecorner.lv\/wp-content\/uploads\/2025\/08\/1_fd009cc3-1287-4cda-a19e-9aa67559b5cd.webp\" \/>\n\t<meta property=\"og:image:width\" content=\"500\" \/>\n\t<meta property=\"og:image:height\" content=\"500\" \/>\n\t<meta property=\"og:image:type\" content=\"image\/webp\" \/>\n<meta name=\"twitter:card\" content=\"summary_large_image\" \/>\n<meta name=\"twitter:label1\" content=\"Price\" \/>\n\t<meta name=\"twitter:data1\" content=\"&euro;19.90\" \/>\n\t<meta name=\"twitter:label2\" content=\"Availability\" \/>\n\t<meta name=\"twitter:data2\" content=\"Out of stock\" \/>\n<script type=\"application\/ld+json\" class=\"yoast-schema-graph\">{\"@context\":\"https:\\\/\\\/schema.org\",\"@graph\":[{\"@type\":\"WebPage\",\"@id\":\"https:\\\/\\\/www.facecorner.lv\\\/shop\\\/vt-pdrn-glow-sun-essence-spf-50-50ml\\\/\",\"url\":\"https:\\\/\\\/www.facecorner.lv\\\/shop\\\/vt-pdrn-glow-sun-essence-spf-50-50ml\\\/\",\"name\":\"VT PDRN Glow Sun Essence SPF 50 50ml - FACECORNER\",\"isPartOf\":{\"@id\":\"https:\\\/\\\/www.facecorner.lv\\\/#website\"},\"primaryImageOfPage\":{\"@id\":\"https:\\\/\\\/www.facecorner.lv\\\/shop\\\/vt-pdrn-glow-sun-essence-spf-50-50ml\\\/#primaryimage\"},\"image\":{\"@id\":\"https:\\\/\\\/www.facecorner.lv\\\/shop\\\/vt-pdrn-glow-sun-essence-spf-50-50ml\\\/#primaryimage\"},\"thumbnailUrl\":\"https:\\\/\\\/www.facecorner.lv\\\/wp-content\\\/uploads\\\/2025\\\/08\\\/1_fd009cc3-1287-4cda-a19e-9aa67559b5cd.webp\",\"datePublished\":\"2025-08-29T11:49:56+00:00\",\"dateModified\":\"2025-09-29T11:52:35+00:00\",\"description\":\"VT PDRN Glow Sun Essence SPF 50\u00a0 ir viegla saules aizsardz\u012bbas esence, kas apvieno sp\u0113c\u012bgu aizsardz\u012bbu pret sauli (SPF50+ PA+++) ar atjaunojo\u0161\u0101m \u012bpa\u0161\u012bb\u0101m\",\"breadcrumb\":{\"@id\":\"https:\\\/\\\/www.facecorner.lv\\\/shop\\\/vt-pdrn-glow-sun-essence-spf-50-50ml\\\/#breadcrumb\"},\"inLanguage\":\"lv-LV\",\"potentialAction\":[{\"@type\":\"ReadAction\",\"target\":[\"https:\\\/\\\/www.facecorner.lv\\\/shop\\\/vt-pdrn-glow-sun-essence-spf-50-50ml\\\/\"]}]},{\"@type\":\"ImageObject\",\"inLanguage\":\"lv-LV\",\"@id\":\"https:\\\/\\\/www.facecorner.lv\\\/shop\\\/vt-pdrn-glow-sun-essence-spf-50-50ml\\\/#primaryimage\",\"url\":\"https:\\\/\\\/www.facecorner.lv\\\/wp-content\\\/uploads\\\/2025\\\/08\\\/1_fd009cc3-1287-4cda-a19e-9aa67559b5cd.webp\",\"contentUrl\":\"https:\\\/\\\/www.facecorner.lv\\\/wp-content\\\/uploads\\\/2025\\\/08\\\/1_fd009cc3-1287-4cda-a19e-9aa67559b5cd.webp\",\"width\":500,\"height\":500,\"caption\":\"VT PDRN Glow Sun Essence SPF 50\"},{\"@type\":\"BreadcrumbList\",\"@id\":\"https:\\\/\\\/www.facecorner.lv\\\/shop\\\/vt-pdrn-glow-sun-essence-spf-50-50ml\\\/#breadcrumb\",\"itemListElement\":[{\"@type\":\"ListItem\",\"position\":1,\"name\":\"Home\",\"item\":\"https:\\\/\\\/www.facecorner.lv\\\/\"},{\"@type\":\"ListItem\",\"position\":2,\"name\":\"Veikals\",\"item\":\"https:\\\/\\\/www.facecorner.lv\\\/shop\\\/\"},{\"@type\":\"ListItem\",\"position\":3,\"name\":\"VT PDRN Glow Sun Essence SPF 50 50ml\"}]},{\"@type\":\"WebSite\",\"@id\":\"https:\\\/\\\/www.facecorner.lv\\\/#website\",\"url\":\"https:\\\/\\\/www.facecorner.lv\\\/\",\"name\":\"Facecorner\",\"description\":\"\",\"publisher\":{\"@id\":\"https:\\\/\\\/www.facecorner.lv\\\/#organization\"},\"potentialAction\":[{\"@type\":\"SearchAction\",\"target\":{\"@type\":\"EntryPoint\",\"urlTemplate\":\"https:\\\/\\\/www.facecorner.lv\\\/?s={search_term_string}\"},\"query-input\":{\"@type\":\"PropertyValueSpecification\",\"valueRequired\":true,\"valueName\":\"search_term_string\"}}],\"inLanguage\":\"lv-LV\"},{\"@type\":\"Organization\",\"@id\":\"https:\\\/\\\/www.facecorner.lv\\\/#organization\",\"name\":\"Facecorner\",\"url\":\"https:\\\/\\\/www.facecorner.lv\\\/\",\"logo\":{\"@type\":\"ImageObject\",\"inLanguage\":\"lv-LV\",\"@id\":\"https:\\\/\\\/www.facecorner.lv\\\/#\\\/schema\\\/logo\\\/image\\\/\",\"url\":\"https:\\\/\\\/www.facecorner.lv\\\/wp-content\\\/uploads\\\/2024\\\/04\\\/fc-logo.jpg\",\"contentUrl\":\"https:\\\/\\\/www.facecorner.lv\\\/wp-content\\\/uploads\\\/2024\\\/04\\\/fc-logo.jpg\",\"width\":174,\"height\":28,\"caption\":\"Facecorner\"},\"image\":{\"@id\":\"https:\\\/\\\/www.facecorner.lv\\\/#\\\/schema\\\/logo\\\/image\\\/\"},\"sameAs\":[\"https:\\\/\\\/www.facebook.com\\\/profile.php?id=100063824551839\",\"https:\\\/\\\/www.instagram.com\\\/facecorner_shop\\\/\"]}]}<\/script>\n<meta property=\"product:price:amount\" content=\"19.90\" \/>\n<meta property=\"product:price:currency\" content=\"EUR\" \/>\n<meta property=\"og:availability\" content=\"out of stock\" \/>\n<meta property=\"product:availability\" content=\"out of stock\" \/>\n<meta property=\"product:condition\" content=\"new\" \/>\n<!-- \/ Yoast SEO plugin. -->","yoast_head_json":{"title":"VT PDRN Glow Sun Essence SPF 50 50ml - FACECORNER","description":"VT PDRN Glow Sun Essence SPF 50\u00a0 ir viegla saules aizsardz\u012bbas esence, kas apvieno sp\u0113c\u012bgu aizsardz\u012bbu pret sauli (SPF50+ PA+++) ar atjaunojo\u0161\u0101m \u012bpa\u0161\u012bb\u0101m","robots":{"index":"index","follow":"follow","max-snippet":"max-snippet:-1","max-image-preview":"max-image-preview:large","max-video-preview":"max-video-preview:-1"},"canonical":"https:\/\/www.facecorner.lv\/lv\/shop\/vt-pdrn-glow-sun-essence-spf-50-50ml\/","og_locale":"lv_LV","og_type":"article","og_title":"VT PDRN Glow Sun Essence SPF 50 50ml - FACECORNER","og_description":"VT PDRN Glow Sun Essence SPF 50\u00a0 ir viegla saules aizsardz\u012bbas esence, kas apvieno sp\u0113c\u012bgu aizsardz\u012bbu pret sauli (SPF50+ PA+++) ar atjaunojo\u0161\u0101m \u012bpa\u0161\u012bb\u0101m","og_url":"https:\/\/www.facecorner.lv\/lv\/shop\/vt-pdrn-glow-sun-essence-spf-50-50ml\/","og_site_name":"FACECORNER","article_publisher":"https:\/\/www.facebook.com\/profile.php?id=100063824551839","article_modified_time":"2025-09-29T11:52:35+00:00","og_image":[{"width":500,"height":500,"url":"https:\/\/www.facecorner.lv\/wp-content\/uploads\/2025\/08\/1_fd009cc3-1287-4cda-a19e-9aa67559b5cd.webp","type":"image\/webp"}],"twitter_card":"summary_large_image","twitter_misc":{"Price":"&euro;19.90","Availability":"Out of stock"},"schema":{"@context":"https:\/\/schema.org","@graph":[{"@type":"WebPage","@id":"https:\/\/www.facecorner.lv\/shop\/vt-pdrn-glow-sun-essence-spf-50-50ml\/","url":"https:\/\/www.facecorner.lv\/shop\/vt-pdrn-glow-sun-essence-spf-50-50ml\/","name":"VT PDRN Glow Sun Essence SPF 50 50ml - FACECORNER","isPartOf":{"@id":"https:\/\/www.facecorner.lv\/#website"},"primaryImageOfPage":{"@id":"https:\/\/www.facecorner.lv\/shop\/vt-pdrn-glow-sun-essence-spf-50-50ml\/#primaryimage"},"image":{"@id":"https:\/\/www.facecorner.lv\/shop\/vt-pdrn-glow-sun-essence-spf-50-50ml\/#primaryimage"},"thumbnailUrl":"https:\/\/www.facecorner.lv\/wp-content\/uploads\/2025\/08\/1_fd009cc3-1287-4cda-a19e-9aa67559b5cd.webp","datePublished":"2025-08-29T11:49:56+00:00","dateModified":"2025-09-29T11:52:35+00:00","description":"VT PDRN Glow Sun Essence SPF 50\u00a0 ir viegla saules aizsardz\u012bbas esence, kas apvieno sp\u0113c\u012bgu aizsardz\u012bbu pret sauli (SPF50+ PA+++) ar atjaunojo\u0161\u0101m \u012bpa\u0161\u012bb\u0101m","breadcrumb":{"@id":"https:\/\/www.facecorner.lv\/shop\/vt-pdrn-glow-sun-essence-spf-50-50ml\/#breadcrumb"},"inLanguage":"lv-LV","potentialAction":[{"@type":"ReadAction","target":["https:\/\/www.facecorner.lv\/shop\/vt-pdrn-glow-sun-essence-spf-50-50ml\/"]}]},{"@type":"ImageObject","inLanguage":"lv-LV","@id":"https:\/\/www.facecorner.lv\/shop\/vt-pdrn-glow-sun-essence-spf-50-50ml\/#primaryimage","url":"https:\/\/www.facecorner.lv\/wp-content\/uploads\/2025\/08\/1_fd009cc3-1287-4cda-a19e-9aa67559b5cd.webp","contentUrl":"https:\/\/www.facecorner.lv\/wp-content\/uploads\/2025\/08\/1_fd009cc3-1287-4cda-a19e-9aa67559b5cd.webp","width":500,"height":500,"caption":"VT PDRN Glow Sun Essence SPF 50"},{"@type":"BreadcrumbList","@id":"https:\/\/www.facecorner.lv\/shop\/vt-pdrn-glow-sun-essence-spf-50-50ml\/#breadcrumb","itemListElement":[{"@type":"ListItem","position":1,"name":"Home","item":"https:\/\/www.facecorner.lv\/"},{"@type":"ListItem","position":2,"name":"Veikals","item":"https:\/\/www.facecorner.lv\/shop\/"},{"@type":"ListItem","position":3,"name":"VT PDRN Glow Sun Essence SPF 50 50ml"}]},{"@type":"WebSite","@id":"https:\/\/www.facecorner.lv\/#website","url":"https:\/\/www.facecorner.lv\/","name":"Facecorner","description":"","publisher":{"@id":"https:\/\/www.facecorner.lv\/#organization"},"potentialAction":[{"@type":"SearchAction","target":{"@type":"EntryPoint","urlTemplate":"https:\/\/www.facecorner.lv\/?s={search_term_string}"},"query-input":{"@type":"PropertyValueSpecification","valueRequired":true,"valueName":"search_term_string"}}],"inLanguage":"lv-LV"},{"@type":"Organization","@id":"https:\/\/www.facecorner.lv\/#organization","name":"Facecorner","url":"https:\/\/www.facecorner.lv\/","logo":{"@type":"ImageObject","inLanguage":"lv-LV","@id":"https:\/\/www.facecorner.lv\/#\/schema\/logo\/image\/","url":"https:\/\/www.facecorner.lv\/wp-content\/uploads\/2024\/04\/fc-logo.jpg","contentUrl":"https:\/\/www.facecorner.lv\/wp-content\/uploads\/2024\/04\/fc-logo.jpg","width":174,"height":28,"caption":"Facecorner"},"image":{"@id":"https:\/\/www.facecorner.lv\/#\/schema\/logo\/image\/"},"sameAs":["https:\/\/www.facebook.com\/profile.php?id=100063824551839","https:\/\/www.instagram.com\/facecorner_shop\/"]}]},"product_price_amount":"19.90","product_price_currency":"EUR","og_availability":"out of stock","product_availability":"out of stock","product_condition":"new"},"_links":{"self":[{"href":"https:\/\/www.facecorner.lv\/lv\/wp-json\/wp\/v2\/product\/25101","targetHints":{"allow":["GET"]}}],"collection":[{"href":"https:\/\/www.facecorner.lv\/lv\/wp-json\/wp\/v2\/product"}],"about":[{"href":"https:\/\/www.facecorner.lv\/lv\/wp-json\/wp\/v2\/types\/product"}],"replies":[{"embeddable":true,"href":"https:\/\/www.facecorner.lv\/lv\/wp-json\/wp\/v2\/comments?post=25101"}],"wp:featuredmedia":[{"embeddable":true,"href":"https:\/\/www.facecorner.lv\/lv\/wp-json\/wp\/v2\/media\/25104"}],"wp:attachment":[{"href":"https:\/\/www.facecorner.lv\/lv\/wp-json\/wp\/v2\/media?parent=25101"}],"wp:term":[{"taxonomy":"product_brand","embeddable":true,"href":"https:\/\/www.facecorner.lv\/lv\/wp-json\/wp\/v2\/product_brand?post=25101"},{"taxonomy":"product_cat","embeddable":true,"href":"https:\/\/www.facecorner.lv\/lv\/wp-json\/wp\/v2\/product_cat?post=25101"},{"taxonomy":"product_tag","embeddable":true,"href":"https:\/\/www.facecorner.lv\/lv\/wp-json\/wp\/v2\/product_tag?post=25101"},{"taxonomy":"berocket_brand","embeddable":true,"href":"https:\/\/www.facecorner.lv\/lv\/wp-json\/wp\/v2\/berocket_brand?post=25101"}],"curies":[{"name":"wp","href":"https:\/\/api.w.org\/{rel}","templated":true}]}}