{"id":25038,"date":"2025-08-18T22:12:29","date_gmt":"2025-08-18T19:12:29","guid":{"rendered":"https:\/\/www.facecorner.lv\/?post_type=product&#038;p=25038"},"modified":"2026-04-30T13:53:23","modified_gmt":"2026-04-30T10:53:23","slug":"rejuran-perfect-healing-v-tighter","status":"publish","type":"product","link":"https:\/\/www.facecorner.lv\/lv\/shop\/rejuran-perfect-healing-v-tighter\/","title":{"rendered":"Rejuran Perfect Healing V Tighter"},"content":{"rendered":"<p>Atjaunojo\u0161\u0101 auduma maska Rejuran Perfect Healing V Tighter efekt\u012bvi uztur sejas \u0101das skaistumu un jaun\u012bbu. Masku unik\u0101l\u0101 forma \u013cauj kopj gan seju, gan kaklu.<\/p>\n<p>Mitrina un baro bl\u0101vu un dehidr\u0113tu epidermu, veicinot t\u0101s atjauno\u0161anos. Uzlabo \u0101das toni un izl\u012bdzina t\u0101s reljefu, stimul\u0113 re\u0123ener\u0101ciju.<\/p>\n<ul>\n<li>Polinukleot\u012bds c-PDRN 0,2% stimul\u0113 elast\u012bna un kolag\u0113na \u0161\u0137iedru veido\u0161anos, saglab\u0101jot \u0101das jaun\u012bbu.<\/li>\n<li>\u00a0Niac\u012bnam\u012bds veicina dehidr\u0113tas epidermas atjauno\u0161anos un atjauno\u0161anos. Tas aktiviz\u0113 dabisko keram\u012bdu ra\u017eo\u0161anu, kas saglab\u0101 \u0101das barjeru un lip\u012bdu sl\u0101ni. Rezult\u0101t\u0101 \u0101da k\u013c\u016bst vesel\u012bg\u0101ka un mitrin\u0101ta. Palielin\u0101s ar\u012b t\u0101s aizsardz\u012bba pret agres\u012bvu \u0101r\u0113jo iedarb\u012bbu.<\/li>\n<li>Hidroliz\u0113ts kolag\u0113ns veicina \u0101das mitrin\u0101\u0161anu, pie\u0161\u0137ir elast\u012bbu un stingr\u012bbu.<\/li>\n<li>Palmitoyl tripeptide-5 un poly(tripeptide-6) samazina tiroz\u012bna aktivit\u0101ti, veicinot melan\u012bna ra\u017eo\u0161anas pal\u0113nin\u0101\u0161anu.<\/li>\n<li>\u00a0Centella asiatica ekstrakts sniedz sp\u0113c\u012bgu atjaunojo\u0161u un pretiekaisuma iedarb\u012bbu.<\/li>\n<li>Peonijas saknes ekstrakts pal\u012bdz pie\u0161\u0137irt epidermai roz\u0101 nokr\u0101su, kas b\u016btiski atjauno t\u0101s izskatu. T\u0101 sast\u0101v\u0101 eso\u0161ie antioksidanti nodro\u0161ina nomierino\u0161u iedarb\u012bbu un aizsardz\u012bbu pret br\u012bvajiem radik\u0101\u013ciem.<\/li>\n<\/ul>\n<p><strong>Lieto\u0161ana<\/strong>:\u00a0 Pirms auduma maskas uzkl\u0101\u0161anas nepiecie\u0161ams sagatavot \u0101das tekst\u016bru: tam nepiecie\u0161ams att\u012br\u012bt epidermu un uzkl\u0101t toniku. P\u0113c tam uzkl\u0101jiet maskas aug\u0161\u0113jo da\u013cu uz zonas ap degunu un ac\u012bm, bet apak\u0161\u0113jo da\u013cu \u2013 uz zonas ap muti. Apak\u0161\u0113jo da\u013cu izl\u012bdziniet zem zoda un nostipriniet pa t\u0101 l\u012bniju. Masku turiet 15\u201320 min\u016btes, no\u0146emiet to un ar viegliem piesk\u0101rieniem izl\u012bdziniet atliku\u0161o l\u012bdzekli uz sejas un kakla. Masku nav nepiecie\u0161ams noskalot. Proced\u016bru var pabeigt, uzkl\u0101jot mitrino\u0161o kr\u0113mu Rejuran.<\/p>\n<p><strong>Sast\u0101vs:<\/strong> Aloe Barbadensis Leaf Water, Water, Glycerin, Dipropylene Glycol, Niacinamide, Cety, Ethylexanoate, Caprylic\/Capric Triglyceride, Dimethicone, Polyglyceryl-3 Methy, glucose Distearate, Glyceryl Stearate, PEG-100 Stearate, Butylene Glycol, Centella Asiatica Extract, Paeonia Suffruticosa Root Extract, 1,2-Hexanediol, Butyrospermum Parkii (Shea) Butter, Carbomer, Panthenol, Chamomilla Recutita (Matricaria) Flower Extract, Glyceryl Caprylate, Xanthan Gum, Adenosine, Ethylhexy, glycerin, Potassium Hydroxide, Sodium Polyacrylate, Hydrogenated Polydecene, Propanediol, Trideceth-6, Octyldodecanol, Hydrolyzed DNA, Hydrogenated Lecithin, Ceramide NP, Asparagus Officinalis Stem Extract, Gluconolactone, Calcium Gluconate, Caprylyl Glycol, Sodium Benzoate, Potassium Sorbate, Disodium EDTA, Phenoxyethanol, Fragrance, Linalool.<\/p>\n","protected":false},"excerpt":{"rendered":"<p>Atjaunojo\u0161\u0101 auduma maska Rejuran Perfect Healing V Tighter efekt\u012bvi uztur sejas \u0101das skaistumu un jaun\u012bbu.<\/p>\n","protected":false},"featured_media":25039,"comment_status":"open","ping_status":"closed","template":"","meta":{"site-sidebar-layout":"default","site-content-layout":"","ast-site-content-layout":"default","site-content-style":"default","site-sidebar-style":"default","ast-global-header-display":"","ast-banner-title-visibility":"","ast-main-header-display":"","ast-hfb-above-header-display":"","ast-hfb-below-header-display":"","ast-hfb-mobile-header-display":"","site-post-title":"","ast-breadcrumbs-content":"","ast-featured-img":"","footer-sml-layout":"","theme-transparent-header-meta":"default","adv-header-id-meta":"","stick-header-meta":"","header-above-stick-meta":"","header-main-stick-meta":"","header-below-stick-meta":"","astra-migrate-meta-layouts":"set","ast-page-background-enabled":"default","ast-page-background-meta":{"desktop":{"background-color":"var(--ast-global-color-4)","background-image":"","background-repeat":"repeat","background-position":"center center","background-size":"auto","background-attachment":"scroll","background-type":"","background-media":"","overlay-type":"","overlay-color":"","overlay-opacity":"","overlay-gradient":""},"tablet":{"background-color":"","background-image":"","background-repeat":"repeat","background-position":"center center","background-size":"auto","background-attachment":"scroll","background-type":"","background-media":"","overlay-type":"","overlay-color":"","overlay-opacity":"","overlay-gradient":""},"mobile":{"background-color":"","background-image":"","background-repeat":"repeat","background-position":"center center","background-size":"auto","background-attachment":"scroll","background-type":"","background-media":"","overlay-type":"","overlay-color":"","overlay-opacity":"","overlay-gradient":""}},"ast-content-background-meta":{"desktop":{"background-color":"var(--ast-global-color-5)","background-image":"","background-repeat":"repeat","background-position":"center center","background-size":"auto","background-attachment":"scroll","background-type":"","background-media":"","overlay-type":"","overlay-color":"","overlay-opacity":"","overlay-gradient":""},"tablet":{"background-color":"var(--ast-global-color-5)","background-image":"","background-repeat":"repeat","background-position":"center center","background-size":"auto","background-attachment":"scroll","background-type":"","background-media":"","overlay-type":"","overlay-color":"","overlay-opacity":"","overlay-gradient":""},"mobile":{"background-color":"var(--ast-global-color-5)","background-image":"","background-repeat":"repeat","background-position":"center center","background-size":"auto","background-attachment":"scroll","background-type":"","background-media":"","overlay-type":"","overlay-color":"","overlay-opacity":"","overlay-gradient":""}}},"product_brand":[],"product_cat":[324,315,326,322,652],"product_tag":[],"berocket_brand":[639],"class_list":{"0":"post-25038","1":"product","2":"type-product","3":"status-publish","4":"has-post-thumbnail","6":"product_cat-auduma","7":"product_cat-maskas","8":"product_cat-mitrinosas","9":"product_cat-nakts","10":"product_cat-pdrn","11":"berocket_brand-rejuran","12":"desktop-align-left","13":"tablet-align-left","14":"mobile-align-left","16":"first","17":"instock","18":"taxable","19":"shipping-taxable","20":"purchasable","21":"product-type-simple","22":"add-to-wishlist-before_image"},"yoast_head":"<!-- This site is optimized with the Yoast SEO plugin v27.4 - https:\/\/yoast.com\/product\/yoast-seo-wordpress\/ -->\n<title>Rejuran Perfect Healing V Tighter - FACECORNER<\/title>\n<meta name=\"description\" content=\"Atjaunojo\u0161\u0101 auduma maska Rejuran Perfect Healing V Tighter efekt\u012bvi uztur sejas \u0101das skaistumu un jaun\u012bbu.Masku unik\u0101l\u0101 forma \u013cauj kopj gan seju, gan kaklu.\" \/>\n<meta name=\"robots\" content=\"index, follow, max-snippet:-1, max-image-preview:large, max-video-preview:-1\" \/>\n<link rel=\"canonical\" href=\"https:\/\/www.facecorner.lv\/lv\/shop\/rejuran-perfect-healing-v-tighter\/\" \/>\n<meta property=\"og:locale\" content=\"lv_LV\" \/>\n<meta property=\"og:type\" content=\"article\" \/>\n<meta property=\"og:title\" content=\"Rejuran Perfect Healing V Tighter - FACECORNER\" \/>\n<meta property=\"og:description\" content=\"Atjaunojo\u0161\u0101 auduma maska Rejuran Perfect Healing V Tighter efekt\u012bvi uztur sejas \u0101das skaistumu un jaun\u012bbu.Masku unik\u0101l\u0101 forma \u013cauj kopj gan seju, gan kaklu.\" \/>\n<meta property=\"og:url\" content=\"https:\/\/www.facecorner.lv\/lv\/shop\/rejuran-perfect-healing-v-tighter\/\" \/>\n<meta property=\"og:site_name\" content=\"FACECORNER\" \/>\n<meta property=\"article:publisher\" content=\"https:\/\/www.facebook.com\/profile.php?id=100063824551839\" \/>\n<meta property=\"article:modified_time\" content=\"2026-04-30T10:53:23+00:00\" \/>\n<meta property=\"og:image\" content=\"https:\/\/www.facecorner.lv\/wp-content\/uploads\/2025\/08\/4212.970x0.jpeg\" \/>\n\t<meta property=\"og:image:width\" content=\"800\" \/>\n\t<meta property=\"og:image:height\" content=\"800\" \/>\n\t<meta property=\"og:image:type\" content=\"image\/jpeg\" \/>\n<meta name=\"twitter:card\" content=\"summary_large_image\" \/>\n<meta name=\"twitter:label1\" content=\"Price\" \/>\n\t<meta name=\"twitter:data1\" content=\"&euro;8.00\" \/>\n\t<meta name=\"twitter:label2\" content=\"Availability\" \/>\n\t<meta name=\"twitter:data2\" content=\"In stock\" \/>\n<script type=\"application\/ld+json\" class=\"yoast-schema-graph\">{\"@context\":\"https:\\\/\\\/schema.org\",\"@graph\":[{\"@type\":\"WebPage\",\"@id\":\"https:\\\/\\\/www.facecorner.lv\\\/shop\\\/rejuran-perfect-healing-v-tighter\\\/\",\"url\":\"https:\\\/\\\/www.facecorner.lv\\\/shop\\\/rejuran-perfect-healing-v-tighter\\\/\",\"name\":\"Rejuran Perfect Healing V Tighter - FACECORNER\",\"isPartOf\":{\"@id\":\"https:\\\/\\\/www.facecorner.lv\\\/#website\"},\"primaryImageOfPage\":{\"@id\":\"https:\\\/\\\/www.facecorner.lv\\\/shop\\\/rejuran-perfect-healing-v-tighter\\\/#primaryimage\"},\"image\":{\"@id\":\"https:\\\/\\\/www.facecorner.lv\\\/shop\\\/rejuran-perfect-healing-v-tighter\\\/#primaryimage\"},\"thumbnailUrl\":\"https:\\\/\\\/www.facecorner.lv\\\/wp-content\\\/uploads\\\/2025\\\/08\\\/4212.970x0.jpeg\",\"datePublished\":\"2025-08-18T19:12:29+00:00\",\"dateModified\":\"2026-04-30T10:53:23+00:00\",\"description\":\"Atjaunojo\u0161\u0101 auduma maska Rejuran Perfect Healing V Tighter efekt\u012bvi uztur sejas \u0101das skaistumu un jaun\u012bbu.Masku unik\u0101l\u0101 forma \u013cauj kopj gan seju, gan kaklu.\",\"breadcrumb\":{\"@id\":\"https:\\\/\\\/www.facecorner.lv\\\/shop\\\/rejuran-perfect-healing-v-tighter\\\/#breadcrumb\"},\"inLanguage\":\"lv-LV\",\"potentialAction\":[{\"@type\":\"ReadAction\",\"target\":[\"https:\\\/\\\/www.facecorner.lv\\\/shop\\\/rejuran-perfect-healing-v-tighter\\\/\"]}]},{\"@type\":\"ImageObject\",\"inLanguage\":\"lv-LV\",\"@id\":\"https:\\\/\\\/www.facecorner.lv\\\/shop\\\/rejuran-perfect-healing-v-tighter\\\/#primaryimage\",\"url\":\"https:\\\/\\\/www.facecorner.lv\\\/wp-content\\\/uploads\\\/2025\\\/08\\\/4212.970x0.jpeg\",\"contentUrl\":\"https:\\\/\\\/www.facecorner.lv\\\/wp-content\\\/uploads\\\/2025\\\/08\\\/4212.970x0.jpeg\",\"width\":800,\"height\":800,\"caption\":\"Rejuran Perfect Healing V Tighter\"},{\"@type\":\"BreadcrumbList\",\"@id\":\"https:\\\/\\\/www.facecorner.lv\\\/shop\\\/rejuran-perfect-healing-v-tighter\\\/#breadcrumb\",\"itemListElement\":[{\"@type\":\"ListItem\",\"position\":1,\"name\":\"Home\",\"item\":\"https:\\\/\\\/www.facecorner.lv\\\/\"},{\"@type\":\"ListItem\",\"position\":2,\"name\":\"Veikals\",\"item\":\"https:\\\/\\\/www.facecorner.lv\\\/shop\\\/\"},{\"@type\":\"ListItem\",\"position\":3,\"name\":\"Rejuran Perfect Healing V Tighter\"}]},{\"@type\":\"WebSite\",\"@id\":\"https:\\\/\\\/www.facecorner.lv\\\/#website\",\"url\":\"https:\\\/\\\/www.facecorner.lv\\\/\",\"name\":\"Facecorner\",\"description\":\"\",\"publisher\":{\"@id\":\"https:\\\/\\\/www.facecorner.lv\\\/#organization\"},\"potentialAction\":[{\"@type\":\"SearchAction\",\"target\":{\"@type\":\"EntryPoint\",\"urlTemplate\":\"https:\\\/\\\/www.facecorner.lv\\\/?s={search_term_string}\"},\"query-input\":{\"@type\":\"PropertyValueSpecification\",\"valueRequired\":true,\"valueName\":\"search_term_string\"}}],\"inLanguage\":\"lv-LV\"},{\"@type\":\"Organization\",\"@id\":\"https:\\\/\\\/www.facecorner.lv\\\/#organization\",\"name\":\"Facecorner\",\"url\":\"https:\\\/\\\/www.facecorner.lv\\\/\",\"logo\":{\"@type\":\"ImageObject\",\"inLanguage\":\"lv-LV\",\"@id\":\"https:\\\/\\\/www.facecorner.lv\\\/#\\\/schema\\\/logo\\\/image\\\/\",\"url\":\"https:\\\/\\\/www.facecorner.lv\\\/wp-content\\\/uploads\\\/2024\\\/04\\\/fc-logo.jpg\",\"contentUrl\":\"https:\\\/\\\/www.facecorner.lv\\\/wp-content\\\/uploads\\\/2024\\\/04\\\/fc-logo.jpg\",\"width\":174,\"height\":28,\"caption\":\"Facecorner\"},\"image\":{\"@id\":\"https:\\\/\\\/www.facecorner.lv\\\/#\\\/schema\\\/logo\\\/image\\\/\"},\"sameAs\":[\"https:\\\/\\\/www.facebook.com\\\/profile.php?id=100063824551839\",\"https:\\\/\\\/www.instagram.com\\\/facecorner_shop\\\/\"]}]}<\/script>\n<meta property=\"product:price:amount\" content=\"8.00\" \/>\n<meta property=\"product:price:currency\" content=\"EUR\" \/>\n<meta property=\"og:availability\" content=\"instock\" \/>\n<meta property=\"product:availability\" content=\"instock\" \/>\n<meta property=\"product:condition\" content=\"new\" \/>\n<!-- \/ Yoast SEO plugin. -->","yoast_head_json":{"title":"Rejuran Perfect Healing V Tighter - FACECORNER","description":"Atjaunojo\u0161\u0101 auduma maska Rejuran Perfect Healing V Tighter efekt\u012bvi uztur sejas \u0101das skaistumu un jaun\u012bbu.Masku unik\u0101l\u0101 forma \u013cauj kopj gan seju, gan kaklu.","robots":{"index":"index","follow":"follow","max-snippet":"max-snippet:-1","max-image-preview":"max-image-preview:large","max-video-preview":"max-video-preview:-1"},"canonical":"https:\/\/www.facecorner.lv\/lv\/shop\/rejuran-perfect-healing-v-tighter\/","og_locale":"lv_LV","og_type":"article","og_title":"Rejuran Perfect Healing V Tighter - FACECORNER","og_description":"Atjaunojo\u0161\u0101 auduma maska Rejuran Perfect Healing V Tighter efekt\u012bvi uztur sejas \u0101das skaistumu un jaun\u012bbu.Masku unik\u0101l\u0101 forma \u013cauj kopj gan seju, gan kaklu.","og_url":"https:\/\/www.facecorner.lv\/lv\/shop\/rejuran-perfect-healing-v-tighter\/","og_site_name":"FACECORNER","article_publisher":"https:\/\/www.facebook.com\/profile.php?id=100063824551839","article_modified_time":"2026-04-30T10:53:23+00:00","og_image":[{"width":800,"height":800,"url":"https:\/\/www.facecorner.lv\/wp-content\/uploads\/2025\/08\/4212.970x0.jpeg","type":"image\/jpeg"}],"twitter_card":"summary_large_image","twitter_misc":{"Price":"&euro;8.00","Availability":"In stock"},"schema":{"@context":"https:\/\/schema.org","@graph":[{"@type":"WebPage","@id":"https:\/\/www.facecorner.lv\/shop\/rejuran-perfect-healing-v-tighter\/","url":"https:\/\/www.facecorner.lv\/shop\/rejuran-perfect-healing-v-tighter\/","name":"Rejuran Perfect Healing V Tighter - FACECORNER","isPartOf":{"@id":"https:\/\/www.facecorner.lv\/#website"},"primaryImageOfPage":{"@id":"https:\/\/www.facecorner.lv\/shop\/rejuran-perfect-healing-v-tighter\/#primaryimage"},"image":{"@id":"https:\/\/www.facecorner.lv\/shop\/rejuran-perfect-healing-v-tighter\/#primaryimage"},"thumbnailUrl":"https:\/\/www.facecorner.lv\/wp-content\/uploads\/2025\/08\/4212.970x0.jpeg","datePublished":"2025-08-18T19:12:29+00:00","dateModified":"2026-04-30T10:53:23+00:00","description":"Atjaunojo\u0161\u0101 auduma maska Rejuran Perfect Healing V Tighter efekt\u012bvi uztur sejas \u0101das skaistumu un jaun\u012bbu.Masku unik\u0101l\u0101 forma \u013cauj kopj gan seju, gan kaklu.","breadcrumb":{"@id":"https:\/\/www.facecorner.lv\/shop\/rejuran-perfect-healing-v-tighter\/#breadcrumb"},"inLanguage":"lv-LV","potentialAction":[{"@type":"ReadAction","target":["https:\/\/www.facecorner.lv\/shop\/rejuran-perfect-healing-v-tighter\/"]}]},{"@type":"ImageObject","inLanguage":"lv-LV","@id":"https:\/\/www.facecorner.lv\/shop\/rejuran-perfect-healing-v-tighter\/#primaryimage","url":"https:\/\/www.facecorner.lv\/wp-content\/uploads\/2025\/08\/4212.970x0.jpeg","contentUrl":"https:\/\/www.facecorner.lv\/wp-content\/uploads\/2025\/08\/4212.970x0.jpeg","width":800,"height":800,"caption":"Rejuran Perfect Healing V Tighter"},{"@type":"BreadcrumbList","@id":"https:\/\/www.facecorner.lv\/shop\/rejuran-perfect-healing-v-tighter\/#breadcrumb","itemListElement":[{"@type":"ListItem","position":1,"name":"Home","item":"https:\/\/www.facecorner.lv\/"},{"@type":"ListItem","position":2,"name":"Veikals","item":"https:\/\/www.facecorner.lv\/shop\/"},{"@type":"ListItem","position":3,"name":"Rejuran Perfect Healing V Tighter"}]},{"@type":"WebSite","@id":"https:\/\/www.facecorner.lv\/#website","url":"https:\/\/www.facecorner.lv\/","name":"Facecorner","description":"","publisher":{"@id":"https:\/\/www.facecorner.lv\/#organization"},"potentialAction":[{"@type":"SearchAction","target":{"@type":"EntryPoint","urlTemplate":"https:\/\/www.facecorner.lv\/?s={search_term_string}"},"query-input":{"@type":"PropertyValueSpecification","valueRequired":true,"valueName":"search_term_string"}}],"inLanguage":"lv-LV"},{"@type":"Organization","@id":"https:\/\/www.facecorner.lv\/#organization","name":"Facecorner","url":"https:\/\/www.facecorner.lv\/","logo":{"@type":"ImageObject","inLanguage":"lv-LV","@id":"https:\/\/www.facecorner.lv\/#\/schema\/logo\/image\/","url":"https:\/\/www.facecorner.lv\/wp-content\/uploads\/2024\/04\/fc-logo.jpg","contentUrl":"https:\/\/www.facecorner.lv\/wp-content\/uploads\/2024\/04\/fc-logo.jpg","width":174,"height":28,"caption":"Facecorner"},"image":{"@id":"https:\/\/www.facecorner.lv\/#\/schema\/logo\/image\/"},"sameAs":["https:\/\/www.facebook.com\/profile.php?id=100063824551839","https:\/\/www.instagram.com\/facecorner_shop\/"]}]},"product_price_amount":"8.00","product_price_currency":"EUR","og_availability":"instock","product_availability":"instock","product_condition":"new"},"_links":{"self":[{"href":"https:\/\/www.facecorner.lv\/lv\/wp-json\/wp\/v2\/product\/25038","targetHints":{"allow":["GET"]}}],"collection":[{"href":"https:\/\/www.facecorner.lv\/lv\/wp-json\/wp\/v2\/product"}],"about":[{"href":"https:\/\/www.facecorner.lv\/lv\/wp-json\/wp\/v2\/types\/product"}],"replies":[{"embeddable":true,"href":"https:\/\/www.facecorner.lv\/lv\/wp-json\/wp\/v2\/comments?post=25038"}],"wp:featuredmedia":[{"embeddable":true,"href":"https:\/\/www.facecorner.lv\/lv\/wp-json\/wp\/v2\/media\/25039"}],"wp:attachment":[{"href":"https:\/\/www.facecorner.lv\/lv\/wp-json\/wp\/v2\/media?parent=25038"}],"wp:term":[{"taxonomy":"product_brand","embeddable":true,"href":"https:\/\/www.facecorner.lv\/lv\/wp-json\/wp\/v2\/product_brand?post=25038"},{"taxonomy":"product_cat","embeddable":true,"href":"https:\/\/www.facecorner.lv\/lv\/wp-json\/wp\/v2\/product_cat?post=25038"},{"taxonomy":"product_tag","embeddable":true,"href":"https:\/\/www.facecorner.lv\/lv\/wp-json\/wp\/v2\/product_tag?post=25038"},{"taxonomy":"berocket_brand","embeddable":true,"href":"https:\/\/www.facecorner.lv\/lv\/wp-json\/wp\/v2\/berocket_brand?post=25038"}],"curies":[{"name":"wp","href":"https:\/\/api.w.org\/{rel}","templated":true}]}}