{"id":25034,"date":"2025-08-18T22:00:29","date_gmt":"2025-08-18T19:00:29","guid":{"rendered":"https:\/\/www.facecorner.lv\/?post_type=product&#038;p=25034"},"modified":"2026-04-15T14:20:00","modified_gmt":"2026-04-15T11:20:00","slug":"rejuran-healer-rebalancing-toner-120ml","status":"publish","type":"product","link":"https:\/\/www.facecorner.lv\/lv\/shop\/rejuran-healer-rebalancing-toner-120ml\/","title":{"rendered":"Rejuran Healer Rebalancing Toner 120ml"},"content":{"rendered":"<p>Atjaunojo\u0161ais toniks Rejuran Healer Rebalancing Toner pal\u012bdz nomierin\u0101t \u0101du un no\u0146emt kairin\u0101jumu, nodro\u0161ina intens\u012bvu mitrin\u0101\u0161anu.<\/p>\n<p>Aktiviz\u0113 re\u0123ener\u0101ciju, samazina iekaisumu, sniedz antioksidantu iedarb\u012bbu. \u0100da atjaunojas \u0161\u016bnu l\u012bmen\u012b: p\u0113c tonera uzkl\u0101\u0161anas t\u0101 k\u013c\u016bst ide\u0101li gluda, ieg\u016bst elast\u012bbu, maigumu un vesel\u012bgu mirdzumu.<\/p>\n<p>Toniku ieteicams lietot dehidr\u0113tai, bl\u0101vai, novecojo\u0161ai \u0101dai, kas ir pak\u013cauta iekaisumiem.<\/p>\n<ul>\n<li><strong>Akt\u012bv\u0101s sast\u0101vda\u013cas:<\/strong><br \/>\nc-PDRN \u2014 unik\u0101ls polinukleot\u012bds, kas ir optimiz\u0113ts lieto\u0161anai kosm\u0113tik\u0101. T\u0101 molekulas mazais izm\u0113rs (670 reizes maz\u0101ks par poru) \u013cauj elementam viegli iek\u013c\u016bt \u0101d\u0101. Nostiprina epidermas barjeru, stimul\u0113 t\u0101s dabisko atjauno\u0161anos. Palielina \u0101das bl\u012bvumu un uztur t\u0101s jaun\u012bbu, stimul\u0113jot elast\u012bna un kolag\u0113na ra\u017eo\u0161anu. Nodro\u0161ina dzi\u013cu mitrin\u0101\u0161anu un c\u012bn\u0101s ar pigmentu plankumiem, samazinot melan\u012bna l\u012bmeni \u0161\u016bn\u0101s.<\/li>\n<li>\u00a0Calendulas, Centella asiatica un t\u0113jas koka ekstrakti ir dzied\u0113jo\u0161a, pretiekaisuma un antibakteri\u0101la iedarb\u012bba. Samazina kairin\u0101jumu un aps\u0101rtumu, nomierina \u0101du.<\/li>\n<li>\u00a0Portulakas ekstrakts aktiviz\u0113 audu re\u0123ener\u0101ciju, toniz\u0113jo\u0161a iedarb\u012bba.<\/li>\n<li>\u00a0V\u012b\u0123u ekstrakts pal\u012bdz izl\u012bdzin\u0101t epidermu, uzlabo t\u0101s kr\u0101su.<\/li>\n<li>\u00a0Glukonolaktonam piem\u012bt antioksidantu \u012bpa\u0161\u012bbas, tas nodro\u0161ina maigu dabisku eksfoliacciju.<\/li>\n<li>Keram\u012bdi nov\u0113r\u0161 dehidrat\u0101ciju, c\u012bn\u0101s ar \u0101das sausumu un lob\u012b\u0161anos.<\/li>\n<\/ul>\n<p><strong>Lieto\u0161ana:<\/strong> Uzkl\u0101jiet nedaudz toniku uz vates diska un ar maig\u0101m kust\u012bb\u0101m noslaukiet t\u012bru sejas un kakla \u0101du.<\/p>\n<p><strong>Sast\u0101vs:<\/strong> Water, Melaleuca Alternifolia (Tea Tree) Leaf Extract, Propanediol, 1,2-Hexanediol, Portulaca Oleracea Extract, Trehalose, Centella Asiatica Extract, Ficus Carica (Fig) Fruit Extract, Calendula Officinalis Flower Extract, Hydrogenated Lecithin, Betaine, 12-14 Pareth-12, Sodium Citrate, Citric Acid, Disodium EDTA, Gluconolactone, Hydrolyzed DNA, Ceramide NP, Biosaccharide Gum-4, Fragrance, Ethylhexylglycerin.<\/p>\n","protected":false},"excerpt":{"rendered":"<p>Atjaunojo\u0161ais toniks Rejuran Healer Rebalancing Toner pal\u012bdz nomierin\u0101t \u0101du un no\u0146emt kairin\u0101jumu, nodro\u0161ina intens\u012bvu mitrin\u0101\u0161anu.<\/p>\n","protected":false},"featured_media":25036,"comment_status":"open","ping_status":"closed","template":"","meta":{"site-sidebar-layout":"default","site-content-layout":"","ast-site-content-layout":"default","site-content-style":"default","site-sidebar-style":"default","ast-global-header-display":"","ast-banner-title-visibility":"","ast-main-header-display":"","ast-hfb-above-header-display":"","ast-hfb-below-header-display":"","ast-hfb-mobile-header-display":"","site-post-title":"","ast-breadcrumbs-content":"","ast-featured-img":"","footer-sml-layout":"","theme-transparent-header-meta":"default","adv-header-id-meta":"","stick-header-meta":"","header-above-stick-meta":"","header-main-stick-meta":"","header-below-stick-meta":"","astra-migrate-meta-layouts":"set","ast-page-background-enabled":"default","ast-page-background-meta":{"desktop":{"background-color":"var(--ast-global-color-4)","background-image":"","background-repeat":"repeat","background-position":"center center","background-size":"auto","background-attachment":"scroll","background-type":"","background-media":"","overlay-type":"","overlay-color":"","overlay-opacity":"","overlay-gradient":""},"tablet":{"background-color":"","background-image":"","background-repeat":"repeat","background-position":"center center","background-size":"auto","background-attachment":"scroll","background-type":"","background-media":"","overlay-type":"","overlay-color":"","overlay-opacity":"","overlay-gradient":""},"mobile":{"background-color":"","background-image":"","background-repeat":"repeat","background-position":"center center","background-size":"auto","background-attachment":"scroll","background-type":"","background-media":"","overlay-type":"","overlay-color":"","overlay-opacity":"","overlay-gradient":""}},"ast-content-background-meta":{"desktop":{"background-color":"var(--ast-global-color-5)","background-image":"","background-repeat":"repeat","background-position":"center center","background-size":"auto","background-attachment":"scroll","background-type":"","background-media":"","overlay-type":"","overlay-color":"","overlay-opacity":"","overlay-gradient":""},"tablet":{"background-color":"var(--ast-global-color-5)","background-image":"","background-repeat":"repeat","background-position":"center center","background-size":"auto","background-attachment":"scroll","background-type":"","background-media":"","overlay-type":"","overlay-color":"","overlay-opacity":"","overlay-gradient":""},"mobile":{"background-color":"var(--ast-global-color-5)","background-image":"","background-repeat":"repeat","background-position":"center center","background-size":"auto","background-attachment":"scroll","background-type":"","background-media":"","overlay-type":"","overlay-color":"","overlay-opacity":"","overlay-gradient":""}}},"product_brand":[],"product_cat":[375,652,378,364],"product_tag":[],"berocket_brand":[639],"class_list":{"0":"post-25034","1":"product","2":"type-product","3":"status-publish","4":"has-post-thumbnail","6":"product_cat-jutigai-adai-toneri","7":"product_cat-pdrn","8":"product_cat-sausai-adai-toneri","9":"product_cat-toneri","10":"berocket_brand-rejuran","11":"desktop-align-left","12":"tablet-align-left","13":"mobile-align-left","15":"first","16":"outofstock","17":"taxable","18":"shipping-taxable","19":"purchasable","20":"product-type-simple","21":"add-to-wishlist-before_image"},"yoast_head":"<!-- This site is optimized with the Yoast SEO plugin v27.4 - https:\/\/yoast.com\/product\/yoast-seo-wordpress\/ -->\n<title>Rejuran Healer Rebalancing Toner 120ml - FACECORNER<\/title>\n<meta name=\"description\" content=\"Atjaunojo\u0161ais toniks Rejuran Healer Rebalancing Toner pal\u012bdz nomierin\u0101t \u0101du un no\u0146emt kairin\u0101jumu, nodro\u0161ina intens\u012bvu mitrin\u0101\u0161anu.\" \/>\n<meta name=\"robots\" content=\"index, follow, max-snippet:-1, max-image-preview:large, max-video-preview:-1\" \/>\n<link rel=\"canonical\" href=\"https:\/\/www.facecorner.lv\/lv\/shop\/rejuran-healer-rebalancing-toner-120ml\/\" \/>\n<meta property=\"og:locale\" content=\"lv_LV\" \/>\n<meta property=\"og:type\" content=\"article\" \/>\n<meta property=\"og:title\" content=\"Rejuran Healer Rebalancing Toner 120ml - FACECORNER\" \/>\n<meta property=\"og:description\" content=\"Atjaunojo\u0161ais toniks Rejuran Healer Rebalancing Toner pal\u012bdz nomierin\u0101t \u0101du un no\u0146emt kairin\u0101jumu, nodro\u0161ina intens\u012bvu mitrin\u0101\u0161anu.\" \/>\n<meta property=\"og:url\" content=\"https:\/\/www.facecorner.lv\/lv\/shop\/rejuran-healer-rebalancing-toner-120ml\/\" \/>\n<meta property=\"og:site_name\" content=\"FACECORNER\" \/>\n<meta property=\"article:publisher\" content=\"https:\/\/www.facebook.com\/profile.php?id=100063824551839\" \/>\n<meta property=\"article:modified_time\" content=\"2026-04-15T11:20:00+00:00\" \/>\n<meta property=\"og:image\" content=\"https:\/\/www.facecorner.lv\/wp-content\/uploads\/2025\/08\/rebalancing2-800x800-1.webp\" \/>\n\t<meta property=\"og:image:width\" content=\"800\" \/>\n\t<meta property=\"og:image:height\" content=\"800\" \/>\n\t<meta property=\"og:image:type\" content=\"image\/webp\" \/>\n<meta name=\"twitter:card\" content=\"summary_large_image\" \/>\n<meta name=\"twitter:label1\" content=\"Price\" \/>\n\t<meta name=\"twitter:data1\" content=\"&euro;45.00\" \/>\n\t<meta name=\"twitter:label2\" content=\"Availability\" \/>\n\t<meta name=\"twitter:data2\" content=\"Out of stock\" \/>\n<script type=\"application\/ld+json\" class=\"yoast-schema-graph\">{\"@context\":\"https:\\\/\\\/schema.org\",\"@graph\":[{\"@type\":\"WebPage\",\"@id\":\"https:\\\/\\\/www.facecorner.lv\\\/shop\\\/rejuran-healer-rebalancing-toner-120ml\\\/\",\"url\":\"https:\\\/\\\/www.facecorner.lv\\\/shop\\\/rejuran-healer-rebalancing-toner-120ml\\\/\",\"name\":\"Rejuran Healer Rebalancing Toner 120ml - FACECORNER\",\"isPartOf\":{\"@id\":\"https:\\\/\\\/www.facecorner.lv\\\/#website\"},\"primaryImageOfPage\":{\"@id\":\"https:\\\/\\\/www.facecorner.lv\\\/shop\\\/rejuran-healer-rebalancing-toner-120ml\\\/#primaryimage\"},\"image\":{\"@id\":\"https:\\\/\\\/www.facecorner.lv\\\/shop\\\/rejuran-healer-rebalancing-toner-120ml\\\/#primaryimage\"},\"thumbnailUrl\":\"https:\\\/\\\/www.facecorner.lv\\\/wp-content\\\/uploads\\\/2025\\\/08\\\/rebalancing2-800x800-1.webp\",\"datePublished\":\"2025-08-18T19:00:29+00:00\",\"dateModified\":\"2026-04-15T11:20:00+00:00\",\"description\":\"Atjaunojo\u0161ais toniks Rejuran Healer Rebalancing Toner pal\u012bdz nomierin\u0101t \u0101du un no\u0146emt kairin\u0101jumu, nodro\u0161ina intens\u012bvu mitrin\u0101\u0161anu.\",\"breadcrumb\":{\"@id\":\"https:\\\/\\\/www.facecorner.lv\\\/shop\\\/rejuran-healer-rebalancing-toner-120ml\\\/#breadcrumb\"},\"inLanguage\":\"lv-LV\",\"potentialAction\":[{\"@type\":\"ReadAction\",\"target\":[\"https:\\\/\\\/www.facecorner.lv\\\/shop\\\/rejuran-healer-rebalancing-toner-120ml\\\/\"]}]},{\"@type\":\"ImageObject\",\"inLanguage\":\"lv-LV\",\"@id\":\"https:\\\/\\\/www.facecorner.lv\\\/shop\\\/rejuran-healer-rebalancing-toner-120ml\\\/#primaryimage\",\"url\":\"https:\\\/\\\/www.facecorner.lv\\\/wp-content\\\/uploads\\\/2025\\\/08\\\/rebalancing2-800x800-1.webp\",\"contentUrl\":\"https:\\\/\\\/www.facecorner.lv\\\/wp-content\\\/uploads\\\/2025\\\/08\\\/rebalancing2-800x800-1.webp\",\"width\":800,\"height\":800,\"caption\":\"Rejuran Healer Rebalancing Toner\"},{\"@type\":\"BreadcrumbList\",\"@id\":\"https:\\\/\\\/www.facecorner.lv\\\/shop\\\/rejuran-healer-rebalancing-toner-120ml\\\/#breadcrumb\",\"itemListElement\":[{\"@type\":\"ListItem\",\"position\":1,\"name\":\"Home\",\"item\":\"https:\\\/\\\/www.facecorner.lv\\\/\"},{\"@type\":\"ListItem\",\"position\":2,\"name\":\"Veikals\",\"item\":\"https:\\\/\\\/www.facecorner.lv\\\/shop\\\/\"},{\"@type\":\"ListItem\",\"position\":3,\"name\":\"Rejuran Healer Rebalancing Toner 120ml\"}]},{\"@type\":\"WebSite\",\"@id\":\"https:\\\/\\\/www.facecorner.lv\\\/#website\",\"url\":\"https:\\\/\\\/www.facecorner.lv\\\/\",\"name\":\"Facecorner\",\"description\":\"\",\"publisher\":{\"@id\":\"https:\\\/\\\/www.facecorner.lv\\\/#organization\"},\"potentialAction\":[{\"@type\":\"SearchAction\",\"target\":{\"@type\":\"EntryPoint\",\"urlTemplate\":\"https:\\\/\\\/www.facecorner.lv\\\/?s={search_term_string}\"},\"query-input\":{\"@type\":\"PropertyValueSpecification\",\"valueRequired\":true,\"valueName\":\"search_term_string\"}}],\"inLanguage\":\"lv-LV\"},{\"@type\":\"Organization\",\"@id\":\"https:\\\/\\\/www.facecorner.lv\\\/#organization\",\"name\":\"Facecorner\",\"url\":\"https:\\\/\\\/www.facecorner.lv\\\/\",\"logo\":{\"@type\":\"ImageObject\",\"inLanguage\":\"lv-LV\",\"@id\":\"https:\\\/\\\/www.facecorner.lv\\\/#\\\/schema\\\/logo\\\/image\\\/\",\"url\":\"https:\\\/\\\/www.facecorner.lv\\\/wp-content\\\/uploads\\\/2024\\\/04\\\/fc-logo.jpg\",\"contentUrl\":\"https:\\\/\\\/www.facecorner.lv\\\/wp-content\\\/uploads\\\/2024\\\/04\\\/fc-logo.jpg\",\"width\":174,\"height\":28,\"caption\":\"Facecorner\"},\"image\":{\"@id\":\"https:\\\/\\\/www.facecorner.lv\\\/#\\\/schema\\\/logo\\\/image\\\/\"},\"sameAs\":[\"https:\\\/\\\/www.facebook.com\\\/profile.php?id=100063824551839\",\"https:\\\/\\\/www.instagram.com\\\/facecorner_shop\\\/\"]}]}<\/script>\n<meta property=\"product:price:amount\" content=\"45.00\" \/>\n<meta property=\"product:price:currency\" content=\"EUR\" \/>\n<meta property=\"og:availability\" content=\"out of stock\" \/>\n<meta property=\"product:availability\" content=\"out of stock\" \/>\n<meta property=\"product:condition\" content=\"new\" \/>\n<!-- \/ Yoast SEO plugin. -->","yoast_head_json":{"title":"Rejuran Healer Rebalancing Toner 120ml - FACECORNER","description":"Atjaunojo\u0161ais toniks Rejuran Healer Rebalancing Toner pal\u012bdz nomierin\u0101t \u0101du un no\u0146emt kairin\u0101jumu, nodro\u0161ina intens\u012bvu mitrin\u0101\u0161anu.","robots":{"index":"index","follow":"follow","max-snippet":"max-snippet:-1","max-image-preview":"max-image-preview:large","max-video-preview":"max-video-preview:-1"},"canonical":"https:\/\/www.facecorner.lv\/lv\/shop\/rejuran-healer-rebalancing-toner-120ml\/","og_locale":"lv_LV","og_type":"article","og_title":"Rejuran Healer Rebalancing Toner 120ml - FACECORNER","og_description":"Atjaunojo\u0161ais toniks Rejuran Healer Rebalancing Toner pal\u012bdz nomierin\u0101t \u0101du un no\u0146emt kairin\u0101jumu, nodro\u0161ina intens\u012bvu mitrin\u0101\u0161anu.","og_url":"https:\/\/www.facecorner.lv\/lv\/shop\/rejuran-healer-rebalancing-toner-120ml\/","og_site_name":"FACECORNER","article_publisher":"https:\/\/www.facebook.com\/profile.php?id=100063824551839","article_modified_time":"2026-04-15T11:20:00+00:00","og_image":[{"width":800,"height":800,"url":"https:\/\/www.facecorner.lv\/wp-content\/uploads\/2025\/08\/rebalancing2-800x800-1.webp","type":"image\/webp"}],"twitter_card":"summary_large_image","twitter_misc":{"Price":"&euro;45.00","Availability":"Out of stock"},"schema":{"@context":"https:\/\/schema.org","@graph":[{"@type":"WebPage","@id":"https:\/\/www.facecorner.lv\/shop\/rejuran-healer-rebalancing-toner-120ml\/","url":"https:\/\/www.facecorner.lv\/shop\/rejuran-healer-rebalancing-toner-120ml\/","name":"Rejuran Healer Rebalancing Toner 120ml - FACECORNER","isPartOf":{"@id":"https:\/\/www.facecorner.lv\/#website"},"primaryImageOfPage":{"@id":"https:\/\/www.facecorner.lv\/shop\/rejuran-healer-rebalancing-toner-120ml\/#primaryimage"},"image":{"@id":"https:\/\/www.facecorner.lv\/shop\/rejuran-healer-rebalancing-toner-120ml\/#primaryimage"},"thumbnailUrl":"https:\/\/www.facecorner.lv\/wp-content\/uploads\/2025\/08\/rebalancing2-800x800-1.webp","datePublished":"2025-08-18T19:00:29+00:00","dateModified":"2026-04-15T11:20:00+00:00","description":"Atjaunojo\u0161ais toniks Rejuran Healer Rebalancing Toner pal\u012bdz nomierin\u0101t \u0101du un no\u0146emt kairin\u0101jumu, nodro\u0161ina intens\u012bvu mitrin\u0101\u0161anu.","breadcrumb":{"@id":"https:\/\/www.facecorner.lv\/shop\/rejuran-healer-rebalancing-toner-120ml\/#breadcrumb"},"inLanguage":"lv-LV","potentialAction":[{"@type":"ReadAction","target":["https:\/\/www.facecorner.lv\/shop\/rejuran-healer-rebalancing-toner-120ml\/"]}]},{"@type":"ImageObject","inLanguage":"lv-LV","@id":"https:\/\/www.facecorner.lv\/shop\/rejuran-healer-rebalancing-toner-120ml\/#primaryimage","url":"https:\/\/www.facecorner.lv\/wp-content\/uploads\/2025\/08\/rebalancing2-800x800-1.webp","contentUrl":"https:\/\/www.facecorner.lv\/wp-content\/uploads\/2025\/08\/rebalancing2-800x800-1.webp","width":800,"height":800,"caption":"Rejuran Healer Rebalancing Toner"},{"@type":"BreadcrumbList","@id":"https:\/\/www.facecorner.lv\/shop\/rejuran-healer-rebalancing-toner-120ml\/#breadcrumb","itemListElement":[{"@type":"ListItem","position":1,"name":"Home","item":"https:\/\/www.facecorner.lv\/"},{"@type":"ListItem","position":2,"name":"Veikals","item":"https:\/\/www.facecorner.lv\/shop\/"},{"@type":"ListItem","position":3,"name":"Rejuran Healer Rebalancing Toner 120ml"}]},{"@type":"WebSite","@id":"https:\/\/www.facecorner.lv\/#website","url":"https:\/\/www.facecorner.lv\/","name":"Facecorner","description":"","publisher":{"@id":"https:\/\/www.facecorner.lv\/#organization"},"potentialAction":[{"@type":"SearchAction","target":{"@type":"EntryPoint","urlTemplate":"https:\/\/www.facecorner.lv\/?s={search_term_string}"},"query-input":{"@type":"PropertyValueSpecification","valueRequired":true,"valueName":"search_term_string"}}],"inLanguage":"lv-LV"},{"@type":"Organization","@id":"https:\/\/www.facecorner.lv\/#organization","name":"Facecorner","url":"https:\/\/www.facecorner.lv\/","logo":{"@type":"ImageObject","inLanguage":"lv-LV","@id":"https:\/\/www.facecorner.lv\/#\/schema\/logo\/image\/","url":"https:\/\/www.facecorner.lv\/wp-content\/uploads\/2024\/04\/fc-logo.jpg","contentUrl":"https:\/\/www.facecorner.lv\/wp-content\/uploads\/2024\/04\/fc-logo.jpg","width":174,"height":28,"caption":"Facecorner"},"image":{"@id":"https:\/\/www.facecorner.lv\/#\/schema\/logo\/image\/"},"sameAs":["https:\/\/www.facebook.com\/profile.php?id=100063824551839","https:\/\/www.instagram.com\/facecorner_shop\/"]}]},"product_price_amount":"45.00","product_price_currency":"EUR","og_availability":"out of stock","product_availability":"out of stock","product_condition":"new"},"_links":{"self":[{"href":"https:\/\/www.facecorner.lv\/lv\/wp-json\/wp\/v2\/product\/25034","targetHints":{"allow":["GET"]}}],"collection":[{"href":"https:\/\/www.facecorner.lv\/lv\/wp-json\/wp\/v2\/product"}],"about":[{"href":"https:\/\/www.facecorner.lv\/lv\/wp-json\/wp\/v2\/types\/product"}],"replies":[{"embeddable":true,"href":"https:\/\/www.facecorner.lv\/lv\/wp-json\/wp\/v2\/comments?post=25034"}],"wp:featuredmedia":[{"embeddable":true,"href":"https:\/\/www.facecorner.lv\/lv\/wp-json\/wp\/v2\/media\/25036"}],"wp:attachment":[{"href":"https:\/\/www.facecorner.lv\/lv\/wp-json\/wp\/v2\/media?parent=25034"}],"wp:term":[{"taxonomy":"product_brand","embeddable":true,"href":"https:\/\/www.facecorner.lv\/lv\/wp-json\/wp\/v2\/product_brand?post=25034"},{"taxonomy":"product_cat","embeddable":true,"href":"https:\/\/www.facecorner.lv\/lv\/wp-json\/wp\/v2\/product_cat?post=25034"},{"taxonomy":"product_tag","embeddable":true,"href":"https:\/\/www.facecorner.lv\/lv\/wp-json\/wp\/v2\/product_tag?post=25034"},{"taxonomy":"berocket_brand","embeddable":true,"href":"https:\/\/www.facecorner.lv\/lv\/wp-json\/wp\/v2\/berocket_brand?post=25034"}],"curies":[{"name":"wp","href":"https:\/\/api.w.org\/{rel}","templated":true}]}}